{"id":19,"date":"2023-07-17T13:18:39","date_gmt":"2023-07-17T13:18:39","guid":{"rendered":"https:\/\/dummy.xtemos.com\/woodmart2\/games-elementor\/?page_id=19"},"modified":"2026-04-04T01:15:40","modified_gmt":"2026-04-04T01:15:40","slug":"acerca-de-nosotros","status":"publish","type":"page","link":"https:\/\/allwintheme.com\/es\/acerca-de-nosotros\/","title":{"rendered":"Qui\u00e9nes somos"},"content":{"rendered":"<div data-elementor-type=\"wp-page\" data-elementor-id=\"19\" class=\"elementor elementor-19\" data-elementor-settings=\"{&quot;element_pack_global_tooltip_width&quot;:{&quot;unit&quot;:&quot;px&quot;,&quot;size&quot;:&quot;&quot;,&quot;sizes&quot;:[]},&quot;element_pack_global_tooltip_width_tablet&quot;:{&quot;unit&quot;:&quot;px&quot;,&quot;size&quot;:&quot;&quot;,&quot;sizes&quot;:[]},&quot;element_pack_global_tooltip_width_mobile&quot;:{&quot;unit&quot;:&quot;px&quot;,&quot;size&quot;:&quot;&quot;,&quot;sizes&quot;:[]},&quot;element_pack_global_tooltip_padding&quot;:{&quot;unit&quot;:&quot;px&quot;,&quot;top&quot;:&quot;&quot;,&quot;right&quot;:&quot;&quot;,&quot;bottom&quot;:&quot;&quot;,&quot;left&quot;:&quot;&quot;,&quot;isLinked&quot;:true},&quot;element_pack_global_tooltip_padding_tablet&quot;:{&quot;unit&quot;:&quot;px&quot;,&quot;top&quot;:&quot;&quot;,&quot;right&quot;:&quot;&quot;,&quot;bottom&quot;:&quot;&quot;,&quot;left&quot;:&quot;&quot;,&quot;isLinked&quot;:true},&quot;element_pack_global_tooltip_padding_mobile&quot;:{&quot;unit&quot;:&quot;px&quot;,&quot;top&quot;:&quot;&quot;,&quot;right&quot;:&quot;&quot;,&quot;bottom&quot;:&quot;&quot;,&quot;left&quot;:&quot;&quot;,&quot;isLinked&quot;:true},&quot;element_pack_global_tooltip_border_radius&quot;:{&quot;unit&quot;:&quot;px&quot;,&quot;top&quot;:&quot;&quot;,&quot;right&quot;:&quot;&quot;,&quot;bottom&quot;:&quot;&quot;,&quot;left&quot;:&quot;&quot;,&quot;isLinked&quot;:true},&quot;element_pack_global_tooltip_border_radius_tablet&quot;:{&quot;unit&quot;:&quot;px&quot;,&quot;top&quot;:&quot;&quot;,&quot;right&quot;:&quot;&quot;,&quot;bottom&quot;:&quot;&quot;,&quot;left&quot;:&quot;&quot;,&quot;isLinked&quot;:true},&quot;element_pack_global_tooltip_border_radius_mobile&quot;:{&quot;unit&quot;:&quot;px&quot;,&quot;top&quot;:&quot;&quot;,&quot;right&quot;:&quot;&quot;,&quot;bottom&quot;:&quot;&quot;,&quot;left&quot;:&quot;&quot;,&quot;isLinked&quot;:true}}\" data-elementor-post-type=\"page\">\n\t\t\t\t<div class=\"wd-negative-gap elementor-element elementor-element-49fc206 e-flex e-con-boxed e-con e-parent\" data-id=\"49fc206\" data-element_type=\"container\" data-e-type=\"container\">\n\t\t\t\t\t<div class=\"e-con-inner\">\n\t\t\t\t<div class=\"elementor-element elementor-element-b929220 wd-width-100 elementor-widget elementor-widget-wd_title\" data-id=\"b929220\" data-element_type=\"widget\" data-e-type=\"widget\" data-widget_type=\"wd_title.default\">\n\t\t\t\t<div class=\"elementor-widget-container\">\n\t\t\t\t\t\t\t<div class=\"title-wrapper wd-set-mb reset-last-child wd-title-color-default wd-title-style-default wd-title-size-default text-center\">\n\n\t\t\t\n\t\t\t<div class=\"liner-continer\">\n\t\t\t\t<h4 class=\"woodmart-title-container title wd-fontsize-l\">Qui\u00e9nes somos<\/h4> \n\t\t\t\t\t\t\t<\/div>\n\n\t\t\t\t\t<\/div>\n\t\t\t\t\t\t<\/div>\n\t\t\t\t<\/div>\n\t\t\t\t<div class=\"elementor-element elementor-element-c733c11 elementor-widget elementor-widget-wd_text_block\" data-id=\"c733c11\" data-element_type=\"widget\" data-e-type=\"widget\" data-widget_type=\"wd_text_block.default\">\n\t\t\t\t<div class=\"elementor-widget-container\">\n\t\t\t\t\t\t\t<div class=\"wd-text-block reset-last-child text-center\">\n\t\t\t\n\t\t\t<h1 style=\"text-align: center;\">## Ayudar a m\u00e1s gente a crear mejores sitios web por menos dinero<\/h1><p style=\"text-align: left;\"><b>En **AllWinTheme**, creemos que construir un buen sitio web no deber\u00eda ser caro, complicado o fuera de nuestro alcance.<\/b><\/p><p><b>Hemos creado esta tienda para las personas que quieren herramientas digitales pr\u00e1cticas que ahorren tiempo, reduzcan costes y les ayuden a realizar un trabajo real. Tanto si est\u00e1s construyendo un sitio personal, lanzando un sitio web empresarial, gestionando una tienda WordPress o desarrollando proyectos para clientes, queremos facilitar ese proceso.<\/b><\/p><p><b>Nuestra tienda ofrece **theme plugins, kits de plantillas, scripts PHP y servicios de desarrollo de sitios web** para usuarios de WordPress de todo el mundo. Nos centramos en herramientas que sean \u00fatiles, flexibles y por las que merezca la pena pagar, no en productos que parezcan buenos en una p\u00e1gina de ventas pero que resulten frustrantes en el uso real.<\/b><\/p><p><b>Muchos de nuestros clientes son aut\u00f3nomos, propietarios de peque\u00f1as empresas, principiantes y equipos en crecimiento. Algunos est\u00e1n creando su primer sitio web. Otros gestionan proyectos de varios clientes y necesitan recursos fiables que puedan utilizar sin derrochar presupuesto. Entendemos ambas cosas.<\/b><\/p><p style=\"text-align: center;\"><b>De ah\u00ed viene tambi\u00e9n nuestra idea: **gastar menos, hacer m\u00e1s**.<br \/>No recortando gastos, sino eligiendo herramientas m\u00e1s inteligentes, soluciones m\u00e1s limpias y apoyo pr\u00e1ctico.<\/b><\/p>\n\t\t\t\t\t<\/div>\n\t\t\t\t\t\t<\/div>\n\t\t\t\t<\/div>\n\t\t\t\t\t<\/div>\n\t\t\t\t<\/div>\n\t\t<div class=\"wd-negative-gap elementor-element elementor-element-cf5a1fc e-flex e-con-boxed e-con e-parent\" data-id=\"cf5a1fc\" data-element_type=\"container\" data-e-type=\"container\">\n\t\t\t\t\t<div class=\"e-con-inner\">\n\t\t<div class=\"elementor-element elementor-element-746e92d e-con-full e-flex e-con e-child\" data-id=\"746e92d\" data-element_type=\"container\" data-e-type=\"container\">\n\t\t\t\t<div class=\"elementor-element elementor-element-74c46d9 wd-width-100 elementor-widget elementor-widget-wd_title\" data-id=\"74c46d9\" data-element_type=\"widget\" data-e-type=\"widget\" data-widget_type=\"wd_title.default\">\n\t\t\t\t<div class=\"elementor-widget-container\">\n\t\t\t\t\t\t\t<div class=\"title-wrapper wd-set-mb reset-last-child wd-title-color-default wd-title-style-default wd-title-size-large text-left\">\n\n\t\t\t\n\t\t\t<div class=\"liner-continer\">\n\t\t\t\t<h4 class=\"woodmart-title-container title wd-fontsize-xxl\">C\u00f3mo empezamos<\/h4> \n\t\t\t\t\t\t\t<\/div>\n\n\t\t\t\t\t<\/div>\n\t\t\t\t\t\t<\/div>\n\t\t\t\t<\/div>\n\t\t\t\t<div class=\"elementor-element elementor-element-531636a elementor-widget elementor-widget-wd_text_block\" data-id=\"531636a\" data-element_type=\"widget\" data-e-type=\"widget\" data-widget_type=\"wd_text_block.default\">\n\t\t\t\t<div class=\"elementor-widget-container\">\n\t\t\t\t\t\t\t<div class=\"wd-text-block reset-last-child text-left\">\n\t\t\t\n\t\t\t<p>AllWinTheme comenz\u00f3 con una simple idea: demasiados propietarios de sitios web se ven obligados a elegir entre un alto coste y una baja calidad.<\/p>\n\t\t\t\t\t<\/div>\n\t\t\t\t\t\t<\/div>\n\t\t\t\t<\/div>\n\t\t\t\t<div class=\"elementor-element elementor-element-d3e98be elementor-widget elementor-widget-wd_button\" data-id=\"d3e98be\" data-element_type=\"widget\" data-e-type=\"widget\" data-widget_type=\"wd_button.default\">\n\t\t\t\t<div class=\"elementor-widget-container\">\n\t\t\t\t\t\t\t<div class=\"wd-button-wrapper text-left\" >\n\t\t\t<a class=\"btn btn-style-default btn-shape-round btn-size-default btn-color-primary btn-icon-pos-right\"  href=\"https:\/\/allwintheme.com\/es\/contacto\/\">\n\t\t\t\t<span class=\"wd-btn-text\" data-elementor-setting-key=\"text\">\n\t\t\t\t\tP\u00f3ngase en contacto con nosotros\t\t\t\t<\/span>\n\n\t\t\t\t\t\t\t<\/a>\n\t\t<\/div>\n\t\t\t\t\t\t<\/div>\n\t\t\t\t<\/div>\n\t\t\t\t<\/div>\n\t\t<div class=\"elementor-element elementor-element-7d3b87f e-con-full e-flex e-con e-child\" data-id=\"7d3b87f\" data-element_type=\"container\" data-e-type=\"container\">\n\t\t\t\t<div class=\"elementor-element elementor-element-39668b2 elementor-widget elementor-widget-wd_accordion\" data-id=\"39668b2\" data-element_type=\"widget\" data-e-type=\"widget\" data-widget_type=\"wd_accordion.default\">\n\t\t\t\t<div class=\"elementor-widget-container\">\n\t\t\t\t\t\n\t\t<div class=\"wd-accordion wd-style-default wd-border-off wd-titles-left wd-opener-pos-right wd-opener-style-plus\" data-state=\"all_closed\">\n\t\t\t\t\t\t\t\n\t\t\t\t<div class=\"wd-accordion-item\">\n\t\t\t\t\t<div class=\"wd-accordion-title\" data-accordion-index=\"0\">\n\t\t\t\t\t\t<div class=\"wd-accordion-title-text\">\n\t\t\t\t\t\t\t\t\t\t\t\t\t\t<span>\n\t\t\t\t\t\t\t\t \u00bfPor qu\u00e9 elegir AllWinTheme?\t\t\t\t\t\t\t<\/span>\n\t\t\t\t\t\t<\/div>\n\t\t\t\t\t\t<span class=\"wd-accordion-opener\"><\/span>\n\t\t\t\t\t<\/div>\n\n\t\t\t\t\t<div class=\"wd-accordion-content wd-entry-content\" data-accordion-index=\"0\">\n\t\t\t\t\t\t\t\t\t\t\t\t\t\n\t\t\t\t\t\t\t<p>Porque muchas personas que crean sitios web intentan hacer m\u00e1s con un tiempo y un dinero limitados.<\/p><p>Puede que trabajes solo.<br \/>Puede que dirija un equipo peque\u00f1o.<br \/>Puede que tenga ideas, pero no un gran presupuesto de desarrollo.<\/p><p>Nosotros lo entendemos. Nuestro objetivo es ofrecer productos y servicios pr\u00e1cticos, accesibles y \u00fatiles en proyectos reales, no s\u00f3lo en teor\u00eda.<\/p>\n\t\t\t\t\t\t\t\t\t\t\t\t\t\t\t\t\t\t<\/div>\n\t\t\t\t<\/div>\n\t\t\t\t\t\t\t\n\t\t\t\t<div class=\"wd-accordion-item\">\n\t\t\t\t\t<div class=\"wd-accordion-title\" data-accordion-index=\"1\">\n\t\t\t\t\t\t<div class=\"wd-accordion-title-text\">\n\t\t\t\t\t\t\t\t\t\t\t\t\t\t<span>\n\t\t\t\t\t\t\t\t\u00bfPara qui\u00e9n son mejores nuestros productos?\t\t\t\t\t\t\t<\/span>\n\t\t\t\t\t\t<\/div>\n\t\t\t\t\t\t<span class=\"wd-accordion-opener\"><\/span>\n\t\t\t\t\t<\/div>\n\n\t\t\t\t\t<div class=\"wd-accordion-content wd-entry-content\" data-accordion-index=\"1\">\n\t\t\t\t\t\t\t\t\t\t\t\t\t\n\t\t\t\t\t\t\t<p>Nuestros productos est\u00e1n hechos principalmente para **usuarios globales de WordPress**, incluyendo:<\/p><p>* aut\u00f3nomos<br \/>* dise\u00f1adores<br \/>* desarrolladores<br \/>* agencias<br \/>* empresarios<br \/>* propietarios de peque\u00f1as empresas<br \/>* principiantes que construyen su primer sitio<\/p><p>Si desea lanzar m\u00e1s r\u00e1pido, simplificar su flujo de trabajo y evitar gastos innecesarios, nuestra tienda se ha creado pensando en usted.<\/p>\n\t\t\t\t\t\t\t\t\t\t\t\t\t\t\t\t\t\t<\/div>\n\t\t\t\t<\/div>\n\t\t\t\t\t\t\t\n\t\t\t\t<div class=\"wd-accordion-item\">\n\t\t\t\t\t<div class=\"wd-accordion-title\" data-accordion-index=\"2\">\n\t\t\t\t\t\t<div class=\"wd-accordion-title-text\">\n\t\t\t\t\t\t\t\t\t\t\t\t\t\t<span>\n\t\t\t\t\t\t\t\t\u00bfQu\u00e9 reciben los clientes cuando nos compran?\t\t\t\t\t\t\t<\/span>\n\t\t\t\t\t\t<\/div>\n\t\t\t\t\t\t<span class=\"wd-accordion-opener\"><\/span>\n\t\t\t\t\t<\/div>\n\n\t\t\t\t\t<div class=\"wd-accordion-content wd-entry-content\" data-accordion-index=\"2\">\n\t\t\t\t\t\t\t\t\t\t\t\t\t\n\t\t\t\t\t\t\t<p>Eso depende del producto, pero en general los clientes reciben recursos digitales dise\u00f1ados para ser de f\u00e1cil acceso y sencillos de usar.<\/p><p>Intentamos que el proceso de compra sea claro, para que sepa lo que obtiene y c\u00f3mo puede ayudarle en su proyecto. Para los trabajos basados en servicios, nos centramos en la comunicaci\u00f3n, las expectativas realistas y las soluciones que se ajusten a sus necesidades.<\/p>\n\t\t\t\t\t\t\t\t\t\t\t\t\t\t\t\t\t\t<\/div>\n\t\t\t\t<\/div>\n\t\t\t\t\t<\/div>\n\t\t\t\t\t\t<\/div>\n\t\t\t\t<\/div>\n\t\t\t\t<\/div>\n\t\t\t\t\t<\/div>\n\t\t\t\t<\/div>\n\t\t<div class=\"wd-negative-gap elementor-element elementor-element-d4fc92e wd-collapsible-content e-flex e-con-boxed e-con e-parent\" data-id=\"d4fc92e\" data-element_type=\"container\" data-e-type=\"container\">\n\t\t\t\t\t<div class=\"e-con-inner\">\n\t\t\t\t<div class=\"elementor-element elementor-element-d5c2098 elementor-widget elementor-widget-wd_text_block\" data-id=\"d5c2098\" data-element_type=\"widget\" data-e-type=\"widget\" data-widget_type=\"wd_text_block.default\">\n\t\t\t\t<div class=\"elementor-widget-container\">\n\t\t\t\t\t\t\t<div class=\"wd-text-block reset-last-child text-left\">\n\t\t\t\n\t\t\t<h4>M\u00e1s que una tienda digital<\/h4><p>Para nosotros no se trata s\u00f3lo de vender archivos o servicios.<\/p><p>Para muchos clientes, comprar un plugin, un kit de plantillas o un script forma parte de algo m\u00e1s grande: iniciar un negocio, mejorar una marca, probar una idea o intentar construir algo con recursos limitados.<\/p><p>Eso importa.<\/p><p>Por eso queremos que nuestra tienda resulte \u00fatil, no complicada. Clara, no ruidosa. Pr\u00e1ctica, no exagerada.<\/p><h4>Compras en l\u00ednea sin complicaciones<\/h4><p>La compra de productos digitales debe ser conveniente de la manera correcta.<\/p><p>Sabemos que la confianza es a\u00fan m\u00e1s importante en Internet, sobre todo cuando los clientes proceden de pa\u00edses y entornos diferentes. Por eso intentamos que las cosas sean sencillas, transparentes y respetuosas.<\/p>\n\t\t\t\t\t<\/div>\n\t\t\t\t\t\t<\/div>\n\t\t\t\t<\/div>\n\t\t\t\t<div class=\"elementor-element elementor-element-8dbb291 elementor-widget elementor-widget-wd_button\" data-id=\"8dbb291\" data-element_type=\"widget\" data-e-type=\"widget\" data-widget_type=\"wd_button.default\">\n\t\t\t\t<div class=\"elementor-widget-container\">\n\t\t\t\t\t\t\t<div class=\"wd-button-wrapper text-left wd-collapsible-button\" >\n\t\t\t<a class=\"btn btn-style-link btn-shape- btn-size-default btn-color-black btn-icon-pos-right\"  href=\"#\">\n\t\t\t\t<span class=\"wd-btn-text\" data-elementor-setting-key=\"text\">\n\t\t\t\t\tSeguir leyendo\t\t\t\t<\/span>\n\n\t\t\t\t\t\t\t<\/a>\n\t\t<\/div>\n\t\t\t\t\t\t<\/div>\n\t\t\t\t<\/div>\n\t\t\t\t\t<\/div>\n\t\t\t\t<\/div>\n\t\t\t\t<\/div>","protected":false},"excerpt":{"rendered":"<p>About Us ## Helping More People Build Better Websites for Less At **AllWinTheme**, we believe building a good website should<\/p>","protected":false},"author":4,"featured_media":10333,"parent":0,"menu_order":0,"comment_status":"closed","ping_status":"closed","template":"","meta":{"_acf_changed":false,"footnotes":""},"class_list":["post-19","page","type-page","status-publish","has-post-thumbnail","hentry"],"acf":[],"yoast_head":"<!-- This site is optimized with the Yoast SEO Premium plugin v25.6 (Yoast SEO v27.1.1) - https:\/\/yoast.com\/product\/yoast-seo-premium-wordpress\/ -->\n<title>About Us - AllWin Theme \u2013 Free WordPress Themes Download<\/title>\n<meta name=\"description\" content=\"AllWinTheme focuses on creating high-quality WordPress themes and website templates. With the vision of \u201cmaking every website better,\" \/>\n<meta name=\"robots\" content=\"index, follow, max-snippet:-1, max-image-preview:large, max-video-preview:-1\" \/>\n<link rel=\"canonical\" href=\"https:\/\/allwintheme.com\/es\/acerca-de-nosotros\/\" \/>\n<meta property=\"og:locale\" content=\"es_ES\" \/>\n<meta property=\"og:type\" content=\"article\" \/>\n<meta property=\"og:title\" content=\"About Us\" \/>\n<meta property=\"og:description\" content=\"AllWinTheme focuses on creating high-quality WordPress themes and website templates. With the vision of \u201cmaking every website better,\" \/>\n<meta property=\"og:url\" content=\"https:\/\/allwintheme.com\/es\/acerca-de-nosotros\/\" \/>\n<meta property=\"og:site_name\" content=\"AllWin Theme \u2013 Free WordPress Themes Download\" \/>\n<meta property=\"article:modified_time\" content=\"2026-04-04T01:15:40+00:00\" \/>\n<meta property=\"og:image\" content=\"https:\/\/allwintheme.com\/wp-content\/uploads\/2025\/10\/about-us.png\" \/>\n\t<meta property=\"og:image:width\" content=\"1638\" \/>\n\t<meta property=\"og:image:height\" content=\"923\" \/>\n\t<meta property=\"og:image:type\" content=\"image\/png\" \/>\n<meta name=\"twitter:card\" content=\"summary_large_image\" \/>\n<meta name=\"twitter:label1\" content=\"Tiempo estimado de lectura\" \/>\n\t<meta name=\"twitter:data1\" content=\"3 minutos\" \/>\n<script type=\"application\/ld+json\" class=\"yoast-schema-graph\">{\"@context\":\"https:\/\/schema.org\",\"@graph\":[{\"@type\":\"WebPage\",\"@id\":\"https:\/\/allwintheme.com\/about-us\/\",\"url\":\"https:\/\/allwintheme.com\/about-us\/\",\"name\":\"About Us - AllWin Theme \u2013 Free WordPress Themes Download\",\"isPartOf\":{\"@id\":\"https:\/\/allwintheme.com\/#website\"},\"primaryImageOfPage\":{\"@id\":\"https:\/\/allwintheme.com\/about-us\/#primaryimage\"},\"image\":{\"@id\":\"https:\/\/allwintheme.com\/about-us\/#primaryimage\"},\"thumbnailUrl\":\"https:\/\/allwintheme.com\/wp-content\/uploads\/2025\/10\/about-us.png\",\"datePublished\":\"2023-07-17T13:18:39+00:00\",\"dateModified\":\"2026-04-04T01:15:40+00:00\",\"description\":\"AllWinTheme focuses on creating high-quality WordPress themes and website templates. With the vision of \u201cmaking every website better,\",\"breadcrumb\":{\"@id\":\"https:\/\/allwintheme.com\/about-us\/#breadcrumb\"},\"inLanguage\":\"es-CL\",\"potentialAction\":[{\"@type\":\"ReadAction\",\"target\":[\"https:\/\/allwintheme.com\/about-us\/\"]}]},{\"@type\":\"ImageObject\",\"inLanguage\":\"es-CL\",\"@id\":\"https:\/\/allwintheme.com\/about-us\/#primaryimage\",\"url\":\"https:\/\/allwintheme.com\/wp-content\/uploads\/2025\/10\/about-us.png\",\"contentUrl\":\"https:\/\/allwintheme.com\/wp-content\/uploads\/2025\/10\/about-us.png\",\"width\":1638,\"height\":923},{\"@type\":\"BreadcrumbList\",\"@id\":\"https:\/\/allwintheme.com\/about-us\/#breadcrumb\",\"itemListElement\":[{\"@type\":\"ListItem\",\"position\":1,\"name\":\"Home\",\"item\":\"https:\/\/allwintheme.com\/\"},{\"@type\":\"ListItem\",\"position\":2,\"name\":\"About Us\"}]},{\"@type\":\"WebSite\",\"@id\":\"https:\/\/allwintheme.com\/#website\",\"url\":\"https:\/\/allwintheme.com\/\",\"name\":\"Allwintheme\",\"description\":\"Download free WordPress themes for every niche. Blogs, business, eCommerce, portfolio, restaurant and more. All themes are GPL licensed and mobile-ready.\",\"potentialAction\":[{\"@type\":\"SearchAction\",\"target\":{\"@type\":\"EntryPoint\",\"urlTemplate\":\"https:\/\/allwintheme.com\/?s={search_term_string}\"},\"query-input\":{\"@type\":\"PropertyValueSpecification\",\"valueRequired\":true,\"valueName\":\"search_term_string\"}}],\"inLanguage\":\"es-CL\"}]}<\/script>\n<!-- \/ Yoast SEO Premium plugin. -->","yoast_head_json":{"title":"Sobre Nosotros - AllWin Theme - Free WordPress Themes Download","description":"AllWinTheme se centra en la creaci\u00f3n de temas de WordPress y plantillas de sitios web de alta calidad. Con la visi\u00f3n de \"hacer cada sitio web mejor,","robots":{"index":"index","follow":"follow","max-snippet":"max-snippet:-1","max-image-preview":"max-image-preview:large","max-video-preview":"max-video-preview:-1"},"canonical":"https:\/\/allwintheme.com\/es\/acerca-de-nosotros\/","og_locale":"es_ES","og_type":"article","og_title":"About Us","og_description":"AllWinTheme focuses on creating high-quality WordPress themes and website templates. With the vision of \u201cmaking every website better,","og_url":"https:\/\/allwintheme.com\/es\/acerca-de-nosotros\/","og_site_name":"AllWin Theme \u2013 Free WordPress Themes Download","article_modified_time":"2026-04-04T01:15:40+00:00","og_image":[{"width":1638,"height":923,"url":"https:\/\/allwintheme.com\/wp-content\/uploads\/2025\/10\/about-us.png","type":"image\/png"}],"twitter_card":"summary_large_image","twitter_misc":{"Tiempo estimado de lectura":"3 minutos"},"schema":{"@context":"https:\/\/schema.org","@graph":[{"@type":"WebPage","@id":"https:\/\/allwintheme.com\/about-us\/","url":"https:\/\/allwintheme.com\/about-us\/","name":"Sobre Nosotros - AllWin Theme - Free WordPress Themes Download","isPartOf":{"@id":"https:\/\/allwintheme.com\/#website"},"primaryImageOfPage":{"@id":"https:\/\/allwintheme.com\/about-us\/#primaryimage"},"image":{"@id":"https:\/\/allwintheme.com\/about-us\/#primaryimage"},"thumbnailUrl":"https:\/\/allwintheme.com\/wp-content\/uploads\/2025\/10\/about-us.png","datePublished":"2023-07-17T13:18:39+00:00","dateModified":"2026-04-04T01:15:40+00:00","description":"AllWinTheme se centra en la creaci\u00f3n de temas de WordPress y plantillas de sitios web de alta calidad. Con la visi\u00f3n de \"hacer cada sitio web mejor,","breadcrumb":{"@id":"https:\/\/allwintheme.com\/about-us\/#breadcrumb"},"inLanguage":"es-CL","potentialAction":[{"@type":"ReadAction","target":["https:\/\/allwintheme.com\/about-us\/"]}]},{"@type":"ImageObject","inLanguage":"es-CL","@id":"https:\/\/allwintheme.com\/about-us\/#primaryimage","url":"https:\/\/allwintheme.com\/wp-content\/uploads\/2025\/10\/about-us.png","contentUrl":"https:\/\/allwintheme.com\/wp-content\/uploads\/2025\/10\/about-us.png","width":1638,"height":923},{"@type":"BreadcrumbList","@id":"https:\/\/allwintheme.com\/about-us\/#breadcrumb","itemListElement":[{"@type":"ListItem","position":1,"name":"Home","item":"https:\/\/allwintheme.com\/"},{"@type":"ListItem","position":2,"name":"About Us"}]},{"@type":"WebSite","@id":"https:\/\/allwintheme.com\/#website","url":"https:\/\/allwintheme.com\/","name":"Allwintheme","description":"Descarga gratis temas de WordPress para todos los nichos. Blogs, negocios, comercio electr\u00f3nico, portafolio, restaurante y m\u00e1s. Todos los temas tienen licencia GPL y est\u00e1n preparados para dispositivos m\u00f3viles.","potentialAction":[{"@type":"SearchAction","target":{"@type":"EntryPoint","urlTemplate":"https:\/\/allwintheme.com\/?s={search_term_string}"},"query-input":{"@type":"PropertyValueSpecification","valueRequired":true,"valueName":"search_term_string"}}],"inLanguage":"es-CL"}]}},"_links":{"self":[{"href":"https:\/\/allwintheme.com\/es\/wp-json\/wp\/v2\/pages\/19","targetHints":{"allow":["GET"]}}],"collection":[{"href":"https:\/\/allwintheme.com\/es\/wp-json\/wp\/v2\/pages"}],"about":[{"href":"https:\/\/allwintheme.com\/es\/wp-json\/wp\/v2\/types\/page"}],"author":[{"embeddable":true,"href":"https:\/\/allwintheme.com\/es\/wp-json\/wp\/v2\/users\/4"}],"replies":[{"embeddable":true,"href":"https:\/\/allwintheme.com\/es\/wp-json\/wp\/v2\/comments?post=19"}],"version-history":[{"count":13,"href":"https:\/\/allwintheme.com\/es\/wp-json\/wp\/v2\/pages\/19\/revisions"}],"predecessor-version":[{"id":16342,"href":"https:\/\/allwintheme.com\/es\/wp-json\/wp\/v2\/pages\/19\/revisions\/16342"}],"wp:featuredmedia":[{"embeddable":true,"href":"https:\/\/allwintheme.com\/es\/wp-json\/wp\/v2\/media\/10333"}],"wp:attachment":[{"href":"https:\/\/allwintheme.com\/es\/wp-json\/wp\/v2\/media?parent=19"}],"curies":[{"name":"wp","href":"https:\/\/api.w.org\/{rel}","templated":true}]}}