{"id":23,"date":"2023-07-17T13:19:35","date_gmt":"2023-07-17T13:19:35","guid":{"rendered":"https:\/\/dummy.xtemos.com\/woodmart2\/games-elementor\/?page_id=23"},"modified":"2023-07-17T13:19:35","modified_gmt":"2023-07-17T13:19:35","slug":"condiciones-del-servicio","status":"publish","type":"page","link":"https:\/\/allwintheme.com\/es\/condiciones-del-servicio\/","title":{"rendered":"Condiciones de servicio"},"content":{"rendered":"<div data-elementor-type=\"wp-page\" data-elementor-id=\"23\" class=\"elementor elementor-23\" data-elementor-settings=\"{&quot;element_pack_global_tooltip_width&quot;:{&quot;unit&quot;:&quot;px&quot;,&quot;size&quot;:&quot;&quot;,&quot;sizes&quot;:[]},&quot;element_pack_global_tooltip_width_tablet&quot;:{&quot;unit&quot;:&quot;px&quot;,&quot;size&quot;:&quot;&quot;,&quot;sizes&quot;:[]},&quot;element_pack_global_tooltip_width_mobile&quot;:{&quot;unit&quot;:&quot;px&quot;,&quot;size&quot;:&quot;&quot;,&quot;sizes&quot;:[]},&quot;element_pack_global_tooltip_padding&quot;:{&quot;unit&quot;:&quot;px&quot;,&quot;top&quot;:&quot;&quot;,&quot;right&quot;:&quot;&quot;,&quot;bottom&quot;:&quot;&quot;,&quot;left&quot;:&quot;&quot;,&quot;isLinked&quot;:true},&quot;element_pack_global_tooltip_padding_tablet&quot;:{&quot;unit&quot;:&quot;px&quot;,&quot;top&quot;:&quot;&quot;,&quot;right&quot;:&quot;&quot;,&quot;bottom&quot;:&quot;&quot;,&quot;left&quot;:&quot;&quot;,&quot;isLinked&quot;:true},&quot;element_pack_global_tooltip_padding_mobile&quot;:{&quot;unit&quot;:&quot;px&quot;,&quot;top&quot;:&quot;&quot;,&quot;right&quot;:&quot;&quot;,&quot;bottom&quot;:&quot;&quot;,&quot;left&quot;:&quot;&quot;,&quot;isLinked&quot;:true},&quot;element_pack_global_tooltip_border_radius&quot;:{&quot;unit&quot;:&quot;px&quot;,&quot;top&quot;:&quot;&quot;,&quot;right&quot;:&quot;&quot;,&quot;bottom&quot;:&quot;&quot;,&quot;left&quot;:&quot;&quot;,&quot;isLinked&quot;:true},&quot;element_pack_global_tooltip_border_radius_tablet&quot;:{&quot;unit&quot;:&quot;px&quot;,&quot;top&quot;:&quot;&quot;,&quot;right&quot;:&quot;&quot;,&quot;bottom&quot;:&quot;&quot;,&quot;left&quot;:&quot;&quot;,&quot;isLinked&quot;:true},&quot;element_pack_global_tooltip_border_radius_mobile&quot;:{&quot;unit&quot;:&quot;px&quot;,&quot;top&quot;:&quot;&quot;,&quot;right&quot;:&quot;&quot;,&quot;bottom&quot;:&quot;&quot;,&quot;left&quot;:&quot;&quot;,&quot;isLinked&quot;:true}}\" data-elementor-post-type=\"page\">\n\t\t\t\t<div class=\"wd-negative-gap elementor-element elementor-element-5f8ee5d e-flex e-con-boxed e-con e-parent\" data-id=\"5f8ee5d\" data-element_type=\"container\" data-e-type=\"container\">\n\t\t\t\t\t<div class=\"e-con-inner\">\n\t\t\t\t<div class=\"elementor-element elementor-element-c4ee629 elementor-widget elementor-widget-wd_text_block\" data-id=\"c4ee629\" data-element_type=\"widget\" data-e-type=\"widget\" data-widget_type=\"wd_text_block.default\">\n\t\t\t\t<div class=\"elementor-widget-container\">\n\t\t\t\t\t\t\t<div class=\"wd-text-block reset-last-child text-left\">\n\t\t\t\n\t\t\t<h3>Condiciones de servicio de Woodmart Games<\/h3><h3>Fecha de entrada en vigor: 5 de julio de 2023<\/h3><p>Los t\u00e9rminos de este acuerdo (\"CdS\") rigen la relaci\u00f3n entre usted y Woodmart Games y sus filiales (en adelante \"Woodmart Games\" o \"Nosotros\") en lo que respecta a su uso de los juegos, sitios web y servicios relacionados de Woodmart Games (el \"Servicio\"). En este acuerdo \"Woodmart Games\" significa Woodmart ubicado en 294 Bay Meadows Ave Bay Shore, NY 11706. \"Woodmart Games\" tambi\u00e9n incluye a las filiales, es decir, subsidiarias, empresas matrices, empresas conjuntas y otras entidades corporativas de propiedad com\u00fan. El uso del Servicio tambi\u00e9n se rige por la Pol\u00edtica de privacidad de Nitro Games. <a href=\"#\" target=\"_blank\" rel=\"noopener noreferrer\">Pol\u00edtica de privacidad<\/a>que se incorpora al presente documento por referencia.<\/p>\n\t\t\t\t\t<\/div>\n\t\t\t\t\t\t<\/div>\n\t\t\t\t<\/div>\n\t\t\t\t<div class=\"elementor-element elementor-element-8b981b3 elementor-widget elementor-widget-wd_infobox\" data-id=\"8b981b3\" data-element_type=\"widget\" data-e-type=\"widget\" data-widget_type=\"wd_infobox.default\">\n\t\t\t\t<div class=\"elementor-widget-container\">\n\t\t\t\t\t\t\t<div class=\"info-box-wrapper\">\n\t\t\t<div class=\"wd-info-box text-left box-icon-align-left box-style-base color-scheme- wd-items-middle\">\n\t\t\t\t\t\t\t\t\t<div class=\"box-icon-wrapper  box-with-icon box-icon-simple\">\n\t\t\t\t\t\t<div class=\"info-box-icon\">\n\t\t\t\t\t\t\t\t\t\t\t\t\t\t\t<div class=\"info-svg-wrapper\" style=\"width:24px; height:24px;\"><img loading=\"lazy\" decoding=\"async\"  src=\"https:\/\/allwintheme.com\/wp-content\/uploads\/2023\/07\/wd-vgs-specification-overview-w-1.svg\" title=\"wd-vgs-specification-overview-w\" width=\"24\" height=\"24\"><\/div>\t\t\t\t\t\t\t\t\t\t\t\t\t<\/div>\n\t\t\t\t\t<\/div>\n\t\t\t\t\n\t\t\t\t<div class=\"info-box-content\">\n\t\t\t\t\t\n\t\t\t\t\t\t\t\t\t\t\t<h4\t\t\t\t\t\tclass=\"info-box-title title box-title-style-default wd-fontsize-s\" data-elementor-setting-key=\"title\">\n\t\t\t\t\t\t\t\tPara los residentes en Estados Unidos, tambi\u00e9n acepta que las disputas con Woodmart Games deben resolverse de forma individual mediante arbitraje final y vinculante, tal y como se describe detalladamente en la Secci\u00f3n 8 (Resoluci\u00f3n de disputas).\t\t\t\t\t\t<\/h4>\n\t\t\t\t\t\n\t\t\t\t\t<div class=\"info-box-inner reset-last-child\"data-elementor-setting-key=\"content\"><\/div>\n\n\t\t\t\t\t\t\t\t\t<\/div>\n\n\t\t\t\t\t\t\t<\/div>\n\t\t<\/div>\n\t\t\t\t\t\t<\/div>\n\t\t\t\t<\/div>\n\t\t\t\t<div class=\"elementor-element elementor-element-7241627 elementor-widget elementor-widget-wd_text_block\" data-id=\"7241627\" data-element_type=\"widget\" data-e-type=\"widget\" data-widget_type=\"wd_text_block.default\">\n\t\t\t\t<div class=\"elementor-widget-container\">\n\t\t\t\t\t\t\t<div class=\"wd-text-block reset-last-child text-left\">\n\t\t\t\n\t\t\t<p>Es irreal, extra\u00f1o, te hace preguntarte si algo va mal, parece buscar tu atenci\u00f3n por todas las razones equivocadas. Por lo general, preferimos lo aut\u00e9ntico, el vino sin conservantes sulfurosos, la mantequilla de verdad, no la margarina, y por eso nos gustar\u00eda que nuestros dise\u00f1os estuvieran llenos de palabras reales, de pensamientos que cuenten, de informaci\u00f3n que tenga valor.<\/p><h4>1. Licencia<\/h4><p>Los ingredientes que elijas para esa porci\u00f3n de pizza de la cena de la tele cuando te olvidaste de hacer la compra, la pintura que te pongas en la cara para impresionar al nuevo jefe son cosa tuya. Pero, \u00bfy el pan de cada d\u00eda? Dise\u00f1os, maquetaciones, wireframes: \u00bfaceptar\u00e1n tus clientes que hagas las cosas a la ligera?<\/p><h4>2. Propiedad<\/h4><p>Las autoridades de nuestro sector dir\u00e1n sin ambages que el Lorem Ipsum es un enorme no al que hay que renunciar para siempre. No tan r\u00e1pido, dir\u00eda yo, hay algunos factores redentores a favor del texto en griego, ya que su uso no es m\u00e1s que el s\u00edntoma de un problema peor a tener en cuenta.<\/p><h4>3. Contenido del usuario<\/h4><p>Empiezas con un texto, esculpes informaci\u00f3n, cincelas lo que no es necesario, vas al grano, dejas las cosas claras, a\u00f1ades valor, eres una persona de contenidos, te gustan las palabras. El dise\u00f1o no es una ocurrencia tard\u00eda, ni mucho menos, pero viene en un merecido segundo lugar. De todos modos, sigues utilizando Lorem Ipsum y con raz\u00f3n, ya que siempre tendr\u00e1 un lugar en la caja de herramientas de los trabajadores de la web, ya que las cosas suceden, no siempre como a ti te gusta, no siempre en el orden preferido.<\/p><h4>4. Tarifas y condiciones de compra<\/h4><p>Incluso si est\u00e1s menos metido en el dise\u00f1o y m\u00e1s en la estrategia de contenidos, puedes encontrar alg\u00fan valor redentor en, espera, la copia ficticia, nada menos. Has hecho todas las maquetas necesarias para el dise\u00f1o encargado, has obtenido todas las aprobaciones, has construido una base de c\u00f3digo probada o has hecho que la construyan, te has decidido por un sistema de gesti\u00f3n de contenidos, has conseguido una licencia para \u00e9l o has adaptado un software de c\u00f3digo abierto a las necesidades de tu cliente. Entonces surge la pregunta: \u00bfd\u00f3nde est\u00e1 el contenido?<\/p><h4>5. Actualizaciones del Servicio<\/h4><p>Eso no es tan malo, hay copia ficticia al rescate. Pero peor, \u00bfy si el pez no cabe en la lata, el pie es demasiado grande para la bota? \u00bfO demasiado peque\u00f1o? Frases demasiado cortas, demasiados encabezados, im\u00e1genes demasiado grandes para el dise\u00f1o propuesto, o demasiado peque\u00f1as, o encajan pero el aspecto es dudoso por razones que los asistentes a la reuni\u00f3n no pueden apreciar ahora mismo, pero de alg\u00fan modo est\u00e1n descontentos. Un cliente descontento por una raz\u00f3n es un problema, pero un cliente que est\u00e1 descontento pero no sabe por qu\u00e9 es peor.<\/p><h4>6. Renuncia de garant\u00edas<\/h4><p>Lo m\u00e1s probable es que no haya habido colaboraci\u00f3n, comunicaci\u00f3n y puntos de control, que no se haya acordado un proceso ni se haya especificado con la granularidad necesaria. Se trata de una estrategia de contenidos mal planteada desde el principio. Evitar el uso de Lorem Ipsum no habr\u00eda ayudado y no ayudar\u00e1 ahora. Es como decir que eres un mal dise\u00f1ador, usa menos negrita, no uses cursiva cada dos p\u00e1rrafos. Cierto, pero eso no es todo lo que hace falta para que las cosas vuelvan a su cauce.<\/p>\n\t\t\t\t\t<\/div>\n\t\t\t\t\t\t<\/div>\n\t\t\t\t<\/div>\n\t\t\t\t\t<\/div>\n\t\t\t\t<\/div>\n\t\t\t\t<\/div>","protected":false},"excerpt":{"rendered":"<p>Condiciones de servicio de Woodmart Games Fecha de entrada en vigor: 5 de julio de 2023 Los t\u00e9rminos de este acuerdo (\"ToS\") rigen la relaci\u00f3n entre<\/p>","protected":false},"author":4,"featured_media":0,"parent":0,"menu_order":0,"comment_status":"closed","ping_status":"closed","template":"","meta":{"_acf_changed":false,"footnotes":""},"class_list":["post-23","page","type-page","status-publish","hentry"],"acf":[],"yoast_head":"<!-- This site is optimized with the Yoast SEO Premium plugin v25.6 (Yoast SEO v27.1.1) - https:\/\/yoast.com\/product\/yoast-seo-premium-wordpress\/ -->\n<title>Terms Of Service - AllWin Theme \u2013 Free WordPress Themes Download<\/title>\n<meta name=\"robots\" content=\"index, follow, max-snippet:-1, max-image-preview:large, max-video-preview:-1\" \/>\n<link rel=\"canonical\" href=\"https:\/\/allwintheme.com\/es\/condiciones-del-servicio\/\" \/>\n<meta property=\"og:locale\" content=\"es_ES\" \/>\n<meta property=\"og:type\" content=\"article\" \/>\n<meta property=\"og:title\" content=\"Terms Of Service\" \/>\n<meta property=\"og:description\" content=\"Woodmart Games Terms of Service Effective Date: July 5, 2023 The terms of this agreement (\u201cToS\u201d) govern the relationship between\" \/>\n<meta property=\"og:url\" content=\"https:\/\/allwintheme.com\/es\/condiciones-del-servicio\/\" \/>\n<meta property=\"og:site_name\" content=\"AllWin Theme \u2013 Free WordPress Themes Download\" \/>\n<meta name=\"twitter:card\" content=\"summary_large_image\" \/>\n<meta name=\"twitter:label1\" content=\"Tiempo estimado de lectura\" \/>\n\t<meta name=\"twitter:data1\" content=\"3 minutos\" \/>\n<script type=\"application\/ld+json\" class=\"yoast-schema-graph\">{\"@context\":\"https:\/\/schema.org\",\"@graph\":[{\"@type\":\"WebPage\",\"@id\":\"https:\/\/allwintheme.com\/terms-of-service\/\",\"url\":\"https:\/\/allwintheme.com\/terms-of-service\/\",\"name\":\"Terms Of Service - AllWin Theme \u2013 Free WordPress Themes Download\",\"isPartOf\":{\"@id\":\"https:\/\/allwintheme.com\/#website\"},\"datePublished\":\"2023-07-17T13:19:35+00:00\",\"breadcrumb\":{\"@id\":\"https:\/\/allwintheme.com\/terms-of-service\/#breadcrumb\"},\"inLanguage\":\"es-CL\",\"potentialAction\":[{\"@type\":\"ReadAction\",\"target\":[\"https:\/\/allwintheme.com\/terms-of-service\/\"]}]},{\"@type\":\"BreadcrumbList\",\"@id\":\"https:\/\/allwintheme.com\/terms-of-service\/#breadcrumb\",\"itemListElement\":[{\"@type\":\"ListItem\",\"position\":1,\"name\":\"Home\",\"item\":\"https:\/\/allwintheme.com\/\"},{\"@type\":\"ListItem\",\"position\":2,\"name\":\"Terms Of Service\"}]},{\"@type\":\"WebSite\",\"@id\":\"https:\/\/allwintheme.com\/#website\",\"url\":\"https:\/\/allwintheme.com\/\",\"name\":\"Allwintheme\",\"description\":\"Download free WordPress themes for every niche. Blogs, business, eCommerce, portfolio, restaurant and more. All themes are GPL licensed and mobile-ready.\",\"potentialAction\":[{\"@type\":\"SearchAction\",\"target\":{\"@type\":\"EntryPoint\",\"urlTemplate\":\"https:\/\/allwintheme.com\/?s={search_term_string}\"},\"query-input\":{\"@type\":\"PropertyValueSpecification\",\"valueRequired\":true,\"valueName\":\"search_term_string\"}}],\"inLanguage\":\"es-CL\"}]}<\/script>\n<!-- \/ Yoast SEO Premium plugin. -->","yoast_head_json":{"title":"Terms Of Service - AllWin Theme \u2013 Free WordPress Themes Download","robots":{"index":"index","follow":"follow","max-snippet":"max-snippet:-1","max-image-preview":"max-image-preview:large","max-video-preview":"max-video-preview:-1"},"canonical":"https:\/\/allwintheme.com\/es\/condiciones-del-servicio\/","og_locale":"es_ES","og_type":"article","og_title":"Terms Of Service","og_description":"Woodmart Games Terms of Service Effective Date: July 5, 2023 The terms of this agreement (\u201cToS\u201d) govern the relationship between","og_url":"https:\/\/allwintheme.com\/es\/condiciones-del-servicio\/","og_site_name":"AllWin Theme \u2013 Free WordPress Themes Download","twitter_card":"summary_large_image","twitter_misc":{"Tiempo estimado de lectura":"3 minutos"},"schema":{"@context":"https:\/\/schema.org","@graph":[{"@type":"WebPage","@id":"https:\/\/allwintheme.com\/terms-of-service\/","url":"https:\/\/allwintheme.com\/terms-of-service\/","name":"Terms Of Service - AllWin Theme \u2013 Free WordPress Themes Download","isPartOf":{"@id":"https:\/\/allwintheme.com\/#website"},"datePublished":"2023-07-17T13:19:35+00:00","breadcrumb":{"@id":"https:\/\/allwintheme.com\/terms-of-service\/#breadcrumb"},"inLanguage":"es-CL","potentialAction":[{"@type":"ReadAction","target":["https:\/\/allwintheme.com\/terms-of-service\/"]}]},{"@type":"BreadcrumbList","@id":"https:\/\/allwintheme.com\/terms-of-service\/#breadcrumb","itemListElement":[{"@type":"ListItem","position":1,"name":"Home","item":"https:\/\/allwintheme.com\/"},{"@type":"ListItem","position":2,"name":"Terms Of Service"}]},{"@type":"WebSite","@id":"https:\/\/allwintheme.com\/#website","url":"https:\/\/allwintheme.com\/","name":"Allwintheme","description":"Descarga gratis temas de WordPress para todos los nichos. Blogs, negocios, comercio electr\u00f3nico, portafolio, restaurante y m\u00e1s. Todos los temas tienen licencia GPL y est\u00e1n preparados para dispositivos m\u00f3viles.","potentialAction":[{"@type":"SearchAction","target":{"@type":"EntryPoint","urlTemplate":"https:\/\/allwintheme.com\/?s={search_term_string}"},"query-input":{"@type":"PropertyValueSpecification","valueRequired":true,"valueName":"search_term_string"}}],"inLanguage":"es-CL"}]}},"_links":{"self":[{"href":"https:\/\/allwintheme.com\/es\/wp-json\/wp\/v2\/pages\/23","targetHints":{"allow":["GET"]}}],"collection":[{"href":"https:\/\/allwintheme.com\/es\/wp-json\/wp\/v2\/pages"}],"about":[{"href":"https:\/\/allwintheme.com\/es\/wp-json\/wp\/v2\/types\/page"}],"author":[{"embeddable":true,"href":"https:\/\/allwintheme.com\/es\/wp-json\/wp\/v2\/users\/4"}],"replies":[{"embeddable":true,"href":"https:\/\/allwintheme.com\/es\/wp-json\/wp\/v2\/comments?post=23"}],"version-history":[{"count":0,"href":"https:\/\/allwintheme.com\/es\/wp-json\/wp\/v2\/pages\/23\/revisions"}],"wp:attachment":[{"href":"https:\/\/allwintheme.com\/es\/wp-json\/wp\/v2\/media?parent=23"}],"curies":[{"name":"wp","href":"https:\/\/api.w.org\/{rel}","templated":true}]}}