{"id":10092,"date":"2025-10-10T12:52:36","date_gmt":"2025-10-10T12:52:36","guid":{"rendered":"https:\/\/allwintheme.com\/?post_type=product&#038;p=10092"},"modified":"2025-10-10T12:58:59","modified_gmt":"2025-10-10T12:58:59","slug":"happythemes-forprofit-pro","status":"publish","type":"product","link":"https:\/\/allwintheme.com\/es\/producto\/happythemes-forprofit-pro\/","title":{"rendered":"HappyThemes - ForProfit PRO"},"content":{"rendered":"<div data-elementor-type=\"wp-post\" data-elementor-id=\"10092\" class=\"elementor elementor-10092\" data-elementor-settings=\"{&quot;element_pack_global_tooltip_width&quot;:{&quot;unit&quot;:&quot;px&quot;,&quot;size&quot;:&quot;&quot;,&quot;sizes&quot;:[]},&quot;element_pack_global_tooltip_width_tablet&quot;:{&quot;unit&quot;:&quot;px&quot;,&quot;size&quot;:&quot;&quot;,&quot;sizes&quot;:[]},&quot;element_pack_global_tooltip_width_mobile&quot;:{&quot;unit&quot;:&quot;px&quot;,&quot;size&quot;:&quot;&quot;,&quot;sizes&quot;:[]},&quot;element_pack_global_tooltip_padding&quot;:{&quot;unit&quot;:&quot;px&quot;,&quot;top&quot;:&quot;&quot;,&quot;right&quot;:&quot;&quot;,&quot;bottom&quot;:&quot;&quot;,&quot;left&quot;:&quot;&quot;,&quot;isLinked&quot;:true},&quot;element_pack_global_tooltip_padding_tablet&quot;:{&quot;unit&quot;:&quot;px&quot;,&quot;top&quot;:&quot;&quot;,&quot;right&quot;:&quot;&quot;,&quot;bottom&quot;:&quot;&quot;,&quot;left&quot;:&quot;&quot;,&quot;isLinked&quot;:true},&quot;element_pack_global_tooltip_padding_mobile&quot;:{&quot;unit&quot;:&quot;px&quot;,&quot;top&quot;:&quot;&quot;,&quot;right&quot;:&quot;&quot;,&quot;bottom&quot;:&quot;&quot;,&quot;left&quot;:&quot;&quot;,&quot;isLinked&quot;:true},&quot;element_pack_global_tooltip_border_radius&quot;:{&quot;unit&quot;:&quot;px&quot;,&quot;top&quot;:&quot;&quot;,&quot;right&quot;:&quot;&quot;,&quot;bottom&quot;:&quot;&quot;,&quot;left&quot;:&quot;&quot;,&quot;isLinked&quot;:true},&quot;element_pack_global_tooltip_border_radius_tablet&quot;:{&quot;unit&quot;:&quot;px&quot;,&quot;top&quot;:&quot;&quot;,&quot;right&quot;:&quot;&quot;,&quot;bottom&quot;:&quot;&quot;,&quot;left&quot;:&quot;&quot;,&quot;isLinked&quot;:true},&quot;element_pack_global_tooltip_border_radius_mobile&quot;:{&quot;unit&quot;:&quot;px&quot;,&quot;top&quot;:&quot;&quot;,&quot;right&quot;:&quot;&quot;,&quot;bottom&quot;:&quot;&quot;,&quot;left&quot;:&quot;&quot;,&quot;isLinked&quot;:true}}\" data-elementor-post-type=\"product\">\n\t\t\t\t<div class=\"elementor-element elementor-element-93aa4a8 e-con-full e-flex e-con e-parent\" data-id=\"93aa4a8\" data-element_type=\"container\" data-e-type=\"container\">\n\t\t\t\t<div class=\"elementor-element elementor-element-2c3f760 miaoshu elementor-widget elementor-widget-wd_text_block\" data-id=\"2c3f760\" data-element_type=\"widget\" data-e-type=\"widget\" data-widget_type=\"wd_text_block.default\">\n\t\t\t\t<div class=\"elementor-widget-container\">\n\t\t\t\t\t\t\t<div class=\"wd-text-block reset-last-child text-left\">\n\t\t\t\n\t\t\t<h2>HappyThemes - ForProfit PRO: Obtenga ingresos con un dise\u00f1o profesional de WordPress<\/h2>\n<p><strong>ForProfit PRO<\/strong> de HappyThemes te equipa para crear sitios web empresariales de alto rendimiento que convierten visitantes en clientes. Por ejemplo, este tema premium de WordPress ofrece dise\u00f1os elegantes y adaptativos perfectos para emprendedores, vendedores y peque\u00f1as empresas. De este modo, creas una presencia online profesional que mejora la credibilidad de la marca y aumenta los flujos de ingresos.<\/p>\n\n<h3>Potencie su empresa con una personalizaci\u00f3n flexible<\/h3>\n<p>Con ForProfit PRO, puede personalizar todos los aspectos de su sitio a trav\u00e9s de un panel de control intuitivo. Adem\u00e1s, puedes ajustar colores, fuentes y dise\u00f1os en vistas previas en tiempo real, lo que garantiza que tu visi\u00f3n cobre vida sin complicaciones de codificaci\u00f3n. Como resultado, su sitio web se adapta perfectamente a ordenadores de sobremesa, tabletas y m\u00f3viles para un compromiso \u00f3ptimo del usuario.<\/p>\n\n<h3>Principales caracter\u00edsticas y ventajas<\/h3>\n<ul>\n    <li><strong>Estructura optimizada para SEO:<\/strong> Las herramientas integradas ayudan a los motores de b\u00fasqueda a clasificar mejor sus contenidos, lo que genera tr\u00e1fico org\u00e1nico y ventas.<\/li>\n    <li><strong>Responsive y Mobile-Ready:<\/strong> Garantiza un rendimiento impecable en todos los dispositivos, manteniendo a los visitantes enganchados durante m\u00e1s tiempo.<\/li>\n    <li><strong>Soporte de traducci\u00f3n sencillo:<\/strong> Localice su sitio sin esfuerzo para llegar a audiencias globales y ampliar mercados.<\/li>\n    <li><strong>Personalizaci\u00f3n avanzada:<\/strong> Adapte las cabeceras, pies de p\u00e1gina y barras laterales a su marca, creando experiencias de usuario \u00fanicas.<\/li>\n    <li><strong>Configuraci\u00f3n y rendimiento r\u00e1pidos:<\/strong> La instalaci\u00f3n r\u00e1pida y el c\u00f3digo ligero hacen que su sitio se cargue r\u00e1pidamente, mejorando las conversiones.<\/li>\n<\/ul>\n\n<h3>Agilice su \u00e9xito en l\u00ednea<\/h3>\n<p>ForProfit PRO simplifica la gesti\u00f3n de sitios web para profesionales ocupados. Por ejemplo, si tienes una tienda de comercio electr\u00f3nico o una consultor\u00eda, la compatibilidad integrada con WooCommerce te permite vender productos directamente. Por lo tanto, usted se centra en el crecimiento mientras que el tema se encarga de los detalles t\u00e9cnicos, aumentando en \u00faltima instancia su rentabilidad.<\/p>\n\n<h3>Lance hoy mismo su sitio ForProfit PRO<\/h3>\n<p>Mejore su negocio en Internet con <strong>HappyThemes - ForProfit PRO<\/strong>. Combinando efectos visuales impresionantes con una potente funcionalidad, podr\u00e1 crear sitios que generen resultados reales. Inst\u00e1lelo ahora y empiece a convertir su presencia digital en una fuente de ingresos.<\/p>\n\t\t\t\t\t<\/div>\n\t\t\t\t\t\t<\/div>\n\t\t\t\t<\/div>\n\t\t\t\t<\/div>\n\t\t\t\t<\/div>","protected":false},"excerpt":{"rendered":"<p>HappyThemes - ForProfit PRO: Impulsa los ingresos con un dise\u00f1o profesional de WordPress ForProfit PRO de HappyThemes te equipa para crear negocios de alto rendimiento.<\/p>","protected":false},"featured_media":10039,"comment_status":"open","ping_status":"closed","template":"","meta":{"_acf_changed":false},"product_brand":[],"product_cat":[48],"product_tag":[],"class_list":{"0":"post-10092","1":"product","2":"type-product","3":"status-publish","4":"has-post-thumbnail","6":"product_cat-themes","8":"first","9":"instock","10":"sale","11":"downloadable","12":"shipping-taxable","13":"purchasable","14":"product-type-simple"},"acf":[],"yoast_head":"<!-- This site is optimized with the Yoast SEO Premium plugin v25.6 (Yoast SEO v27.1.1) - https:\/\/yoast.com\/product\/yoast-seo-premium-wordpress\/ -->\n<title>HappyThemes \u2013 ForProfit PRO<\/title>\n<meta name=\"description\" content=\"Boost your business with ForProfit PRO, HappyThemes&#039; premium WordPress theme. Sleek designs, SEO tools, and mobile responsiveness for profitable sites.\" \/>\n<meta name=\"robots\" content=\"index, follow, max-snippet:-1, max-image-preview:large, max-video-preview:-1\" \/>\n<link rel=\"canonical\" href=\"https:\/\/allwintheme.com\/es\/producto\/happythemes-forprofit-pro\/\" \/>\n<meta property=\"og:locale\" content=\"es_ES\" \/>\n<meta property=\"og:type\" content=\"article\" \/>\n<meta property=\"og:title\" content=\"HappyThemes \u2013 ForProfit PRO\" \/>\n<meta property=\"og:description\" content=\"Boost your business with ForProfit PRO, HappyThemes&#039; premium WordPress theme. Sleek designs, SEO tools, and mobile responsiveness for profitable sites.\" \/>\n<meta property=\"og:url\" content=\"https:\/\/allwintheme.com\/es\/producto\/happythemes-forprofit-pro\/\" \/>\n<meta property=\"og:site_name\" content=\"AllWin Theme \u2013 Free WordPress Themes Download\" \/>\n<meta property=\"article:modified_time\" content=\"2025-10-10T12:58:59+00:00\" \/>\n<meta property=\"og:image\" content=\"https:\/\/allwintheme.com\/wp-content\/uploads\/2025\/10\/rov97v94.png\" \/>\n\t<meta property=\"og:image:width\" content=\"578\" \/>\n\t<meta property=\"og:image:height\" content=\"332\" \/>\n\t<meta property=\"og:image:type\" content=\"image\/png\" \/>\n<meta name=\"twitter:card\" content=\"summary_large_image\" \/>\n<meta name=\"twitter:label1\" content=\"Tiempo estimado de lectura\" \/>\n\t<meta name=\"twitter:data1\" content=\"2 minutos\" \/>\n<script type=\"application\/ld+json\" class=\"yoast-schema-graph\">{\"@context\":\"https:\/\/schema.org\",\"@graph\":[{\"@type\":\"WebPage\",\"@id\":\"https:\/\/allwintheme.com\/product\/happythemes-forprofit-pro\/\",\"url\":\"https:\/\/allwintheme.com\/product\/happythemes-forprofit-pro\/\",\"name\":\"HappyThemes \u2013 ForProfit PRO\",\"isPartOf\":{\"@id\":\"https:\/\/allwintheme.com\/#website\"},\"primaryImageOfPage\":{\"@id\":\"https:\/\/allwintheme.com\/product\/happythemes-forprofit-pro\/#primaryimage\"},\"image\":{\"@id\":\"https:\/\/allwintheme.com\/product\/happythemes-forprofit-pro\/#primaryimage\"},\"thumbnailUrl\":\"https:\/\/allwintheme.com\/wp-content\/uploads\/2025\/10\/rov97v94.png\",\"datePublished\":\"2025-10-10T12:52:36+00:00\",\"dateModified\":\"2025-10-10T12:58:59+00:00\",\"description\":\"Boost your business with ForProfit PRO, HappyThemes' premium WordPress theme. Sleek designs, SEO tools, and mobile responsiveness for profitable sites.\",\"breadcrumb\":{\"@id\":\"https:\/\/allwintheme.com\/product\/happythemes-forprofit-pro\/#breadcrumb\"},\"inLanguage\":\"es-CL\",\"potentialAction\":[{\"@type\":\"ReadAction\",\"target\":[\"https:\/\/allwintheme.com\/product\/happythemes-forprofit-pro\/\"]}]},{\"@type\":\"ImageObject\",\"inLanguage\":\"es-CL\",\"@id\":\"https:\/\/allwintheme.com\/product\/happythemes-forprofit-pro\/#primaryimage\",\"url\":\"https:\/\/allwintheme.com\/wp-content\/uploads\/2025\/10\/rov97v94.png\",\"contentUrl\":\"https:\/\/allwintheme.com\/wp-content\/uploads\/2025\/10\/rov97v94.png\",\"width\":578,\"height\":332,\"caption\":\"HappyThemes \u2013 ForProfit PRO\"},{\"@type\":\"BreadcrumbList\",\"@id\":\"https:\/\/allwintheme.com\/product\/happythemes-forprofit-pro\/#breadcrumb\",\"itemListElement\":[{\"@type\":\"ListItem\",\"position\":1,\"name\":\"Home\",\"item\":\"https:\/\/allwintheme.com\/\"},{\"@type\":\"ListItem\",\"position\":2,\"name\":\"Shop\",\"item\":\"https:\/\/allwintheme.com\/shop\/\"},{\"@type\":\"ListItem\",\"position\":3,\"name\":\"HappyThemes \u2013 ForProfit PRO\"}]},{\"@type\":\"WebSite\",\"@id\":\"https:\/\/allwintheme.com\/#website\",\"url\":\"https:\/\/allwintheme.com\/\",\"name\":\"Allwintheme\",\"description\":\"Download free WordPress themes for every niche. Blogs, business, eCommerce, portfolio, restaurant and more. All themes are GPL licensed and mobile-ready.\",\"potentialAction\":[{\"@type\":\"SearchAction\",\"target\":{\"@type\":\"EntryPoint\",\"urlTemplate\":\"https:\/\/allwintheme.com\/?s={search_term_string}\"},\"query-input\":{\"@type\":\"PropertyValueSpecification\",\"valueRequired\":true,\"valueName\":\"search_term_string\"}}],\"inLanguage\":\"es-CL\"}]}<\/script>\n<!-- \/ Yoast SEO Premium plugin. -->","yoast_head_json":{"title":"HappyThemes - ForProfit PRO","description":"Impulsa tu negocio con ForProfit PRO, el tema premium para WordPress de HappyThemes. Dise\u00f1os elegantes, herramientas SEO y capacidad de respuesta m\u00f3vil para sitios rentables.","robots":{"index":"index","follow":"follow","max-snippet":"max-snippet:-1","max-image-preview":"max-image-preview:large","max-video-preview":"max-video-preview:-1"},"canonical":"https:\/\/allwintheme.com\/es\/producto\/happythemes-forprofit-pro\/","og_locale":"es_ES","og_type":"article","og_title":"HappyThemes \u2013 ForProfit PRO","og_description":"Boost your business with ForProfit PRO, HappyThemes' premium WordPress theme. Sleek designs, SEO tools, and mobile responsiveness for profitable sites.","og_url":"https:\/\/allwintheme.com\/es\/producto\/happythemes-forprofit-pro\/","og_site_name":"AllWin Theme \u2013 Free WordPress Themes Download","article_modified_time":"2025-10-10T12:58:59+00:00","og_image":[{"width":578,"height":332,"url":"https:\/\/allwintheme.com\/wp-content\/uploads\/2025\/10\/rov97v94.png","type":"image\/png"}],"twitter_card":"summary_large_image","twitter_misc":{"Tiempo estimado de lectura":"2 minutos"},"schema":{"@context":"https:\/\/schema.org","@graph":[{"@type":"WebPage","@id":"https:\/\/allwintheme.com\/product\/happythemes-forprofit-pro\/","url":"https:\/\/allwintheme.com\/product\/happythemes-forprofit-pro\/","name":"HappyThemes - ForProfit PRO","isPartOf":{"@id":"https:\/\/allwintheme.com\/#website"},"primaryImageOfPage":{"@id":"https:\/\/allwintheme.com\/product\/happythemes-forprofit-pro\/#primaryimage"},"image":{"@id":"https:\/\/allwintheme.com\/product\/happythemes-forprofit-pro\/#primaryimage"},"thumbnailUrl":"https:\/\/allwintheme.com\/wp-content\/uploads\/2025\/10\/rov97v94.png","datePublished":"2025-10-10T12:52:36+00:00","dateModified":"2025-10-10T12:58:59+00:00","description":"Impulsa tu negocio con ForProfit PRO, el tema premium para WordPress de HappyThemes. Dise\u00f1os elegantes, herramientas SEO y capacidad de respuesta m\u00f3vil para sitios rentables.","breadcrumb":{"@id":"https:\/\/allwintheme.com\/product\/happythemes-forprofit-pro\/#breadcrumb"},"inLanguage":"es-CL","potentialAction":[{"@type":"ReadAction","target":["https:\/\/allwintheme.com\/product\/happythemes-forprofit-pro\/"]}]},{"@type":"ImageObject","inLanguage":"es-CL","@id":"https:\/\/allwintheme.com\/product\/happythemes-forprofit-pro\/#primaryimage","url":"https:\/\/allwintheme.com\/wp-content\/uploads\/2025\/10\/rov97v94.png","contentUrl":"https:\/\/allwintheme.com\/wp-content\/uploads\/2025\/10\/rov97v94.png","width":578,"height":332,"caption":"HappyThemes \u2013 ForProfit PRO"},{"@type":"BreadcrumbList","@id":"https:\/\/allwintheme.com\/product\/happythemes-forprofit-pro\/#breadcrumb","itemListElement":[{"@type":"ListItem","position":1,"name":"Home","item":"https:\/\/allwintheme.com\/"},{"@type":"ListItem","position":2,"name":"Shop","item":"https:\/\/allwintheme.com\/shop\/"},{"@type":"ListItem","position":3,"name":"HappyThemes \u2013 ForProfit PRO"}]},{"@type":"WebSite","@id":"https:\/\/allwintheme.com\/#website","url":"https:\/\/allwintheme.com\/","name":"Allwintheme","description":"Descarga gratis temas de WordPress para todos los nichos. Blogs, negocios, comercio electr\u00f3nico, portafolio, restaurante y m\u00e1s. Todos los temas tienen licencia GPL y est\u00e1n preparados para dispositivos m\u00f3viles.","potentialAction":[{"@type":"SearchAction","target":{"@type":"EntryPoint","urlTemplate":"https:\/\/allwintheme.com\/?s={search_term_string}"},"query-input":{"@type":"PropertyValueSpecification","valueRequired":true,"valueName":"search_term_string"}}],"inLanguage":"es-CL"}]}},"_links":{"self":[{"href":"https:\/\/allwintheme.com\/es\/wp-json\/wp\/v2\/product\/10092","targetHints":{"allow":["GET"]}}],"collection":[{"href":"https:\/\/allwintheme.com\/es\/wp-json\/wp\/v2\/product"}],"about":[{"href":"https:\/\/allwintheme.com\/es\/wp-json\/wp\/v2\/types\/product"}],"replies":[{"embeddable":true,"href":"https:\/\/allwintheme.com\/es\/wp-json\/wp\/v2\/comments?post=10092"}],"version-history":[{"count":8,"href":"https:\/\/allwintheme.com\/es\/wp-json\/wp\/v2\/product\/10092\/revisions"}],"predecessor-version":[{"id":10100,"href":"https:\/\/allwintheme.com\/es\/wp-json\/wp\/v2\/product\/10092\/revisions\/10100"}],"wp:featuredmedia":[{"embeddable":true,"href":"https:\/\/allwintheme.com\/es\/wp-json\/wp\/v2\/media\/10039"}],"wp:attachment":[{"href":"https:\/\/allwintheme.com\/es\/wp-json\/wp\/v2\/media?parent=10092"}],"wp:term":[{"taxonomy":"product_brand","embeddable":true,"href":"https:\/\/allwintheme.com\/es\/wp-json\/wp\/v2\/product_brand?post=10092"},{"taxonomy":"product_cat","embeddable":true,"href":"https:\/\/allwintheme.com\/es\/wp-json\/wp\/v2\/product_cat?post=10092"},{"taxonomy":"product_tag","embeddable":true,"href":"https:\/\/allwintheme.com\/es\/wp-json\/wp\/v2\/product_tag?post=10092"}],"curies":[{"name":"wp","href":"https:\/\/api.w.org\/{rel}","templated":true}]}}