{"id":10110,"date":"2025-10-10T13:03:24","date_gmt":"2025-10-10T13:03:24","guid":{"rendered":"https:\/\/allwintheme.com\/?post_type=product&#038;p=10110"},"modified":"2025-10-10T13:59:36","modified_gmt":"2025-10-10T13:59:36","slug":"saep-ecommerce-app-saas-showcase-elementor-template","status":"publish","type":"product","link":"https:\/\/allwintheme.com\/es\/producto\/saep-ecommerce-app-saas-showcase-elementor-template\/","title":{"rendered":"Saep - eCommerce App SaaS Showcase Plantilla Elementor"},"content":{"rendered":"<div data-elementor-type=\"wp-post\" data-elementor-id=\"10110\" class=\"elementor elementor-10110\" data-elementor-settings=\"{&quot;element_pack_global_tooltip_width&quot;:{&quot;unit&quot;:&quot;px&quot;,&quot;size&quot;:&quot;&quot;,&quot;sizes&quot;:[]},&quot;element_pack_global_tooltip_width_tablet&quot;:{&quot;unit&quot;:&quot;px&quot;,&quot;size&quot;:&quot;&quot;,&quot;sizes&quot;:[]},&quot;element_pack_global_tooltip_width_mobile&quot;:{&quot;unit&quot;:&quot;px&quot;,&quot;size&quot;:&quot;&quot;,&quot;sizes&quot;:[]},&quot;element_pack_global_tooltip_padding&quot;:{&quot;unit&quot;:&quot;px&quot;,&quot;top&quot;:&quot;&quot;,&quot;right&quot;:&quot;&quot;,&quot;bottom&quot;:&quot;&quot;,&quot;left&quot;:&quot;&quot;,&quot;isLinked&quot;:true},&quot;element_pack_global_tooltip_padding_tablet&quot;:{&quot;unit&quot;:&quot;px&quot;,&quot;top&quot;:&quot;&quot;,&quot;right&quot;:&quot;&quot;,&quot;bottom&quot;:&quot;&quot;,&quot;left&quot;:&quot;&quot;,&quot;isLinked&quot;:true},&quot;element_pack_global_tooltip_padding_mobile&quot;:{&quot;unit&quot;:&quot;px&quot;,&quot;top&quot;:&quot;&quot;,&quot;right&quot;:&quot;&quot;,&quot;bottom&quot;:&quot;&quot;,&quot;left&quot;:&quot;&quot;,&quot;isLinked&quot;:true},&quot;element_pack_global_tooltip_border_radius&quot;:{&quot;unit&quot;:&quot;px&quot;,&quot;top&quot;:&quot;&quot;,&quot;right&quot;:&quot;&quot;,&quot;bottom&quot;:&quot;&quot;,&quot;left&quot;:&quot;&quot;,&quot;isLinked&quot;:true},&quot;element_pack_global_tooltip_border_radius_tablet&quot;:{&quot;unit&quot;:&quot;px&quot;,&quot;top&quot;:&quot;&quot;,&quot;right&quot;:&quot;&quot;,&quot;bottom&quot;:&quot;&quot;,&quot;left&quot;:&quot;&quot;,&quot;isLinked&quot;:true},&quot;element_pack_global_tooltip_border_radius_mobile&quot;:{&quot;unit&quot;:&quot;px&quot;,&quot;top&quot;:&quot;&quot;,&quot;right&quot;:&quot;&quot;,&quot;bottom&quot;:&quot;&quot;,&quot;left&quot;:&quot;&quot;,&quot;isLinked&quot;:true}}\" data-elementor-post-type=\"product\">\n\t\t\t\t<div class=\"elementor-element elementor-element-93aa4a8 e-con-full e-flex e-con e-parent\" data-id=\"93aa4a8\" data-element_type=\"container\" data-e-type=\"container\">\n\t\t\t\t<div class=\"elementor-element elementor-element-2c3f760 miaoshu elementor-widget elementor-widget-wd_text_block\" data-id=\"2c3f760\" data-element_type=\"widget\" data-e-type=\"widget\" data-widget_type=\"wd_text_block.default\">\n\t\t\t\t<div class=\"elementor-widget-container\">\n\t\t\t\t\t\t\t<div class=\"wd-text-block reset-last-child text-left\">\n\t\t\t\n\t\t\t<h2>Saep - eCommerce App SaaS Escaparate: Cree tiendas online profesionales sin esfuerzo<\/h2>\n<p>En <strong>Kit de plantillas Elementor Saep<\/strong> ofrece una vers\u00e1til colecci\u00f3n de dise\u00f1os adaptados al constructor de p\u00e1ginas Elementor de WordPress. Por ejemplo, los desarrolladores y propietarios de negocios pueden crear r\u00e1pidamente dise\u00f1os limpios y modernos para mostrar aplicaciones de comercio electr\u00f3nico y plataformas SaaS. En consecuencia, puedes crear atractivas experiencias de tienda online sin necesidad de conocimientos de programaci\u00f3n, utilizando la versi\u00f3n gratuita de Elementor.<grok-card data-id=\"4f2a9a\" data-type=\"citation_card\"><\/grok-card><\/p>\n\n<h3>Dise\u00f1o impecable para comercio electr\u00f3nico y SaaS<\/h3>\n<p>Con Saep, importar\u00e1 24 plantillas listas para usar que cubren todo, desde p\u00e1ginas de inicio din\u00e1micas hasta detallados formularios de contacto. Adem\u00e1s, este kit est\u00e1 optimizado para el tema gratuito Hello Elementor, lo que garantiza la compatibilidad con la mayor\u00eda de las configuraciones de WordPress. Como resultado, podr\u00e1s lanzar escaparates profesionales para aplicaciones, servicios de software y tiendas online en cuesti\u00f3n de minutos.<grok-card data-id=\"ff09ed\" data-type=\"citation_card\"><\/grok-card><\/p>\n\n<h3>\u00bfPor qu\u00e9 elegir Saep Template Kit?<\/h3>\n<ul>\n    <li><strong>Dos variaciones caseras:<\/strong> Seleccione entre varios estilos de p\u00e1gina de inicio para destacar eficazmente las caracter\u00edsticas de su aplicaci\u00f3n de comercio electr\u00f3nico o SaaS.<\/li>\n    <li><strong>P\u00e1ginas esenciales incluidas:<\/strong> Acceda a plantillas para Qui\u00e9nes somos, Servicios, Precios, Contacto, Blog y mucho m\u00e1s, agilizando el desarrollo del sitio.<\/li>\n    <li><strong>Dise\u00f1o totalmente adaptable:<\/strong> Las plantillas se adaptan perfectamente a ordenadores de sobremesa, tabletas y m\u00f3viles para que el usuario interact\u00fae de forma \u00f3ptima.<\/li>\n    <li><strong>No se necesitan plugins profesionales:<\/strong> Ap\u00f3yate en las herramientas gratuitas de Elementor para personalizar los dise\u00f1os sin costes ni complejidades adicionales.<\/li>\n<\/ul>\n\n<h3>Aumente el flujo de trabajo de su escaparate<\/h3>\n<p>Saep le permite centrarse en la creatividad en lugar de en la configuraci\u00f3n. Por ejemplo, si promociona soluciones SaaS o aplicaciones de comercio electr\u00f3nico, el intuitivo proceso de importaci\u00f3n del kit le permite ajustar colores, fuentes y secciones sin esfuerzo. De este modo, podr\u00e1 crear sitios web pulidos y orientados a la conversi\u00f3n que cautiven a su p\u00fablico e impulsen el crecimiento.<grok-card data-id=\"e93ac8\" data-type=\"citation_card\"><\/grok-card><\/p>\n\n<h3>Lance hoy mismo su sitio web con Saep<\/h3>\n<p>Aumente su presencia en el comercio electr\u00f3nico y el SaaS con la herramienta <strong>Kit de plantillas Elementor Saep<\/strong>. Gracias a su flexibilidad de arrastrar y soltar, transforma r\u00e1pidamente las ideas en sitios web. Inst\u00e1lelo ahora y muestre sus aplicaciones con estilo.<\/p>\n\t\t\t\t\t<\/div>\n\t\t\t\t\t\t<\/div>\n\t\t\t\t<\/div>\n\t\t\t\t<\/div>\n\t\t\t\t<\/div>","protected":false},"excerpt":{"rendered":"<p>Saep - eCommerce App SaaS Escaparate: Crea Tiendas Online Profesionales Sin Esfuerzo El Kit de Plantillas Elementor Saep ofrece una vers\u00e1til colecci\u00f3n<\/p>","protected":false},"featured_media":10111,"comment_status":"open","ping_status":"closed","template":"","meta":{"_acf_changed":false},"product_brand":[],"product_cat":[50],"product_tag":[],"class_list":{"0":"post-10110","1":"product","2":"type-product","3":"status-publish","4":"has-post-thumbnail","6":"product_cat-template-kits","8":"first","9":"instock","10":"sale","11":"downloadable","12":"shipping-taxable","13":"purchasable","14":"product-type-simple"},"acf":[],"yoast_head":"<!-- This site is optimized with the Yoast SEO Premium plugin v25.6 (Yoast SEO v27.1.1) - https:\/\/yoast.com\/product\/yoast-seo-premium-wordpress\/ -->\n<title>Saep \u2013 eCommerce App SaaS Showcase Elementor Template<\/title>\n<meta name=\"description\" content=\"Build stunning eCommerce app &amp; SaaS showcase sites with Saep Elementor Template Kit. Clean, responsive layouts for online stores \u2013 no coding required.\" \/>\n<meta name=\"robots\" content=\"index, follow, max-snippet:-1, max-image-preview:large, max-video-preview:-1\" \/>\n<link rel=\"canonical\" href=\"https:\/\/allwintheme.com\/es\/producto\/saep-ecommerce-app-saas-showcase-elementor-template\/\" \/>\n<meta property=\"og:locale\" content=\"es_ES\" \/>\n<meta property=\"og:type\" content=\"article\" \/>\n<meta property=\"og:title\" content=\"Saep \u2013 eCommerce App SaaS Showcase Elementor Template\" \/>\n<meta property=\"og:description\" content=\"Build stunning eCommerce app &amp; SaaS showcase sites with Saep Elementor Template Kit. Clean, responsive layouts for online stores \u2013 no coding required.\" \/>\n<meta property=\"og:url\" content=\"https:\/\/allwintheme.com\/es\/producto\/saep-ecommerce-app-saas-showcase-elementor-template\/\" \/>\n<meta property=\"og:site_name\" content=\"AllWin Theme \u2013 Free WordPress Themes Download\" \/>\n<meta property=\"article:modified_time\" content=\"2025-10-10T13:59:36+00:00\" \/>\n<meta property=\"og:image\" content=\"https:\/\/allwintheme.com\/wp-content\/uploads\/2025\/10\/dmoe1j0j.png\" \/>\n\t<meta property=\"og:image:width\" content=\"768\" \/>\n\t<meta property=\"og:image:height\" content=\"402\" \/>\n\t<meta property=\"og:image:type\" content=\"image\/png\" \/>\n<meta name=\"twitter:card\" content=\"summary_large_image\" \/>\n<meta name=\"twitter:label1\" content=\"Tiempo estimado de lectura\" \/>\n\t<meta name=\"twitter:data1\" content=\"2 minutos\" \/>\n<script type=\"application\/ld+json\" class=\"yoast-schema-graph\">{\"@context\":\"https:\/\/schema.org\",\"@graph\":[{\"@type\":\"WebPage\",\"@id\":\"https:\/\/allwintheme.com\/product\/saep-ecommerce-app-saas-showcase-elementor-template\/\",\"url\":\"https:\/\/allwintheme.com\/product\/saep-ecommerce-app-saas-showcase-elementor-template\/\",\"name\":\"Saep \u2013 eCommerce App SaaS Showcase Elementor Template\",\"isPartOf\":{\"@id\":\"https:\/\/allwintheme.com\/#website\"},\"primaryImageOfPage\":{\"@id\":\"https:\/\/allwintheme.com\/product\/saep-ecommerce-app-saas-showcase-elementor-template\/#primaryimage\"},\"image\":{\"@id\":\"https:\/\/allwintheme.com\/product\/saep-ecommerce-app-saas-showcase-elementor-template\/#primaryimage\"},\"thumbnailUrl\":\"https:\/\/allwintheme.com\/wp-content\/uploads\/2025\/10\/dmoe1j0j.png\",\"datePublished\":\"2025-10-10T13:03:24+00:00\",\"dateModified\":\"2025-10-10T13:59:36+00:00\",\"description\":\"Build stunning eCommerce app & SaaS showcase sites with Saep Elementor Template Kit. Clean, responsive layouts for online stores \u2013 no coding required.\",\"breadcrumb\":{\"@id\":\"https:\/\/allwintheme.com\/product\/saep-ecommerce-app-saas-showcase-elementor-template\/#breadcrumb\"},\"inLanguage\":\"es-CL\",\"potentialAction\":[{\"@type\":\"ReadAction\",\"target\":[\"https:\/\/allwintheme.com\/product\/saep-ecommerce-app-saas-showcase-elementor-template\/\"]}]},{\"@type\":\"ImageObject\",\"inLanguage\":\"es-CL\",\"@id\":\"https:\/\/allwintheme.com\/product\/saep-ecommerce-app-saas-showcase-elementor-template\/#primaryimage\",\"url\":\"https:\/\/allwintheme.com\/wp-content\/uploads\/2025\/10\/dmoe1j0j.png\",\"contentUrl\":\"https:\/\/allwintheme.com\/wp-content\/uploads\/2025\/10\/dmoe1j0j.png\",\"width\":768,\"height\":402},{\"@type\":\"BreadcrumbList\",\"@id\":\"https:\/\/allwintheme.com\/product\/saep-ecommerce-app-saas-showcase-elementor-template\/#breadcrumb\",\"itemListElement\":[{\"@type\":\"ListItem\",\"position\":1,\"name\":\"Home\",\"item\":\"https:\/\/allwintheme.com\/\"},{\"@type\":\"ListItem\",\"position\":2,\"name\":\"Shop\",\"item\":\"https:\/\/allwintheme.com\/shop\/\"},{\"@type\":\"ListItem\",\"position\":3,\"name\":\"Saep \u2013 eCommerce App SaaS Showcase Elementor Template\"}]},{\"@type\":\"WebSite\",\"@id\":\"https:\/\/allwintheme.com\/#website\",\"url\":\"https:\/\/allwintheme.com\/\",\"name\":\"Allwintheme\",\"description\":\"Download free WordPress themes for every niche. Blogs, business, eCommerce, portfolio, restaurant and more. All themes are GPL licensed and mobile-ready.\",\"potentialAction\":[{\"@type\":\"SearchAction\",\"target\":{\"@type\":\"EntryPoint\",\"urlTemplate\":\"https:\/\/allwintheme.com\/?s={search_term_string}\"},\"query-input\":{\"@type\":\"PropertyValueSpecification\",\"valueRequired\":true,\"valueName\":\"search_term_string\"}}],\"inLanguage\":\"es-CL\"}]}<\/script>\n<!-- \/ Yoast SEO Premium plugin. -->","yoast_head_json":{"title":"Saep - eCommerce App SaaS Showcase Plantilla Elementor","description":"Cree impresionantes sitios de aplicaciones de comercio electr\u00f3nico y SaaS con el kit de plantillas Elementor de Saep. Dise\u00f1os limpios y adaptables para tiendas online, sin necesidad de programaci\u00f3n.","robots":{"index":"index","follow":"follow","max-snippet":"max-snippet:-1","max-image-preview":"max-image-preview:large","max-video-preview":"max-video-preview:-1"},"canonical":"https:\/\/allwintheme.com\/es\/producto\/saep-ecommerce-app-saas-showcase-elementor-template\/","og_locale":"es_ES","og_type":"article","og_title":"Saep \u2013 eCommerce App SaaS Showcase Elementor Template","og_description":"Build stunning eCommerce app & SaaS showcase sites with Saep Elementor Template Kit. Clean, responsive layouts for online stores \u2013 no coding required.","og_url":"https:\/\/allwintheme.com\/es\/producto\/saep-ecommerce-app-saas-showcase-elementor-template\/","og_site_name":"AllWin Theme \u2013 Free WordPress Themes Download","article_modified_time":"2025-10-10T13:59:36+00:00","og_image":[{"width":768,"height":402,"url":"https:\/\/allwintheme.com\/wp-content\/uploads\/2025\/10\/dmoe1j0j.png","type":"image\/png"}],"twitter_card":"summary_large_image","twitter_misc":{"Tiempo estimado de lectura":"2 minutos"},"schema":{"@context":"https:\/\/schema.org","@graph":[{"@type":"WebPage","@id":"https:\/\/allwintheme.com\/product\/saep-ecommerce-app-saas-showcase-elementor-template\/","url":"https:\/\/allwintheme.com\/product\/saep-ecommerce-app-saas-showcase-elementor-template\/","name":"Saep - eCommerce App SaaS Showcase Plantilla Elementor","isPartOf":{"@id":"https:\/\/allwintheme.com\/#website"},"primaryImageOfPage":{"@id":"https:\/\/allwintheme.com\/product\/saep-ecommerce-app-saas-showcase-elementor-template\/#primaryimage"},"image":{"@id":"https:\/\/allwintheme.com\/product\/saep-ecommerce-app-saas-showcase-elementor-template\/#primaryimage"},"thumbnailUrl":"https:\/\/allwintheme.com\/wp-content\/uploads\/2025\/10\/dmoe1j0j.png","datePublished":"2025-10-10T13:03:24+00:00","dateModified":"2025-10-10T13:59:36+00:00","description":"Cree impresionantes sitios de aplicaciones de comercio electr\u00f3nico y SaaS con el kit de plantillas Elementor de Saep. Dise\u00f1os limpios y adaptables para tiendas online, sin necesidad de programaci\u00f3n.","breadcrumb":{"@id":"https:\/\/allwintheme.com\/product\/saep-ecommerce-app-saas-showcase-elementor-template\/#breadcrumb"},"inLanguage":"es-CL","potentialAction":[{"@type":"ReadAction","target":["https:\/\/allwintheme.com\/product\/saep-ecommerce-app-saas-showcase-elementor-template\/"]}]},{"@type":"ImageObject","inLanguage":"es-CL","@id":"https:\/\/allwintheme.com\/product\/saep-ecommerce-app-saas-showcase-elementor-template\/#primaryimage","url":"https:\/\/allwintheme.com\/wp-content\/uploads\/2025\/10\/dmoe1j0j.png","contentUrl":"https:\/\/allwintheme.com\/wp-content\/uploads\/2025\/10\/dmoe1j0j.png","width":768,"height":402},{"@type":"BreadcrumbList","@id":"https:\/\/allwintheme.com\/product\/saep-ecommerce-app-saas-showcase-elementor-template\/#breadcrumb","itemListElement":[{"@type":"ListItem","position":1,"name":"Home","item":"https:\/\/allwintheme.com\/"},{"@type":"ListItem","position":2,"name":"Shop","item":"https:\/\/allwintheme.com\/shop\/"},{"@type":"ListItem","position":3,"name":"Saep \u2013 eCommerce App SaaS Showcase Elementor Template"}]},{"@type":"WebSite","@id":"https:\/\/allwintheme.com\/#website","url":"https:\/\/allwintheme.com\/","name":"Allwintheme","description":"Descarga gratis temas de WordPress para todos los nichos. Blogs, negocios, comercio electr\u00f3nico, portafolio, restaurante y m\u00e1s. Todos los temas tienen licencia GPL y est\u00e1n preparados para dispositivos m\u00f3viles.","potentialAction":[{"@type":"SearchAction","target":{"@type":"EntryPoint","urlTemplate":"https:\/\/allwintheme.com\/?s={search_term_string}"},"query-input":{"@type":"PropertyValueSpecification","valueRequired":true,"valueName":"search_term_string"}}],"inLanguage":"es-CL"}]}},"_links":{"self":[{"href":"https:\/\/allwintheme.com\/es\/wp-json\/wp\/v2\/product\/10110","targetHints":{"allow":["GET"]}}],"collection":[{"href":"https:\/\/allwintheme.com\/es\/wp-json\/wp\/v2\/product"}],"about":[{"href":"https:\/\/allwintheme.com\/es\/wp-json\/wp\/v2\/types\/product"}],"replies":[{"embeddable":true,"href":"https:\/\/allwintheme.com\/es\/wp-json\/wp\/v2\/comments?post=10110"}],"version-history":[{"count":5,"href":"https:\/\/allwintheme.com\/es\/wp-json\/wp\/v2\/product\/10110\/revisions"}],"predecessor-version":[{"id":10140,"href":"https:\/\/allwintheme.com\/es\/wp-json\/wp\/v2\/product\/10110\/revisions\/10140"}],"wp:featuredmedia":[{"embeddable":true,"href":"https:\/\/allwintheme.com\/es\/wp-json\/wp\/v2\/media\/10111"}],"wp:attachment":[{"href":"https:\/\/allwintheme.com\/es\/wp-json\/wp\/v2\/media?parent=10110"}],"wp:term":[{"taxonomy":"product_brand","embeddable":true,"href":"https:\/\/allwintheme.com\/es\/wp-json\/wp\/v2\/product_brand?post=10110"},{"taxonomy":"product_cat","embeddable":true,"href":"https:\/\/allwintheme.com\/es\/wp-json\/wp\/v2\/product_cat?post=10110"},{"taxonomy":"product_tag","embeddable":true,"href":"https:\/\/allwintheme.com\/es\/wp-json\/wp\/v2\/product_tag?post=10110"}],"curies":[{"name":"wp","href":"https:\/\/api.w.org\/{rel}","templated":true}]}}