{"id":10155,"date":"2025-10-11T03:06:44","date_gmt":"2025-10-11T03:06:44","guid":{"rendered":"https:\/\/allwintheme.com\/?post_type=product&#038;p=10155"},"modified":"2025-10-11T04:12:10","modified_gmt":"2025-10-11T04:12:10","slug":"peopled-online-meeting-app-elementor-template","status":"publish","type":"product","link":"https:\/\/allwintheme.com\/es\/producto\/peopled-online-meeting-app-elementor-template\/","title":{"rendered":"Peopled - Online Meeting App Plantilla Elementor"},"content":{"rendered":"<div data-elementor-type=\"wp-post\" data-elementor-id=\"10155\" class=\"elementor elementor-10155\" data-elementor-settings=\"{&quot;element_pack_global_tooltip_width&quot;:{&quot;unit&quot;:&quot;px&quot;,&quot;size&quot;:&quot;&quot;,&quot;sizes&quot;:[]},&quot;element_pack_global_tooltip_width_tablet&quot;:{&quot;unit&quot;:&quot;px&quot;,&quot;size&quot;:&quot;&quot;,&quot;sizes&quot;:[]},&quot;element_pack_global_tooltip_width_mobile&quot;:{&quot;unit&quot;:&quot;px&quot;,&quot;size&quot;:&quot;&quot;,&quot;sizes&quot;:[]},&quot;element_pack_global_tooltip_padding&quot;:{&quot;unit&quot;:&quot;px&quot;,&quot;top&quot;:&quot;&quot;,&quot;right&quot;:&quot;&quot;,&quot;bottom&quot;:&quot;&quot;,&quot;left&quot;:&quot;&quot;,&quot;isLinked&quot;:true},&quot;element_pack_global_tooltip_padding_tablet&quot;:{&quot;unit&quot;:&quot;px&quot;,&quot;top&quot;:&quot;&quot;,&quot;right&quot;:&quot;&quot;,&quot;bottom&quot;:&quot;&quot;,&quot;left&quot;:&quot;&quot;,&quot;isLinked&quot;:true},&quot;element_pack_global_tooltip_padding_mobile&quot;:{&quot;unit&quot;:&quot;px&quot;,&quot;top&quot;:&quot;&quot;,&quot;right&quot;:&quot;&quot;,&quot;bottom&quot;:&quot;&quot;,&quot;left&quot;:&quot;&quot;,&quot;isLinked&quot;:true},&quot;element_pack_global_tooltip_border_radius&quot;:{&quot;unit&quot;:&quot;px&quot;,&quot;top&quot;:&quot;&quot;,&quot;right&quot;:&quot;&quot;,&quot;bottom&quot;:&quot;&quot;,&quot;left&quot;:&quot;&quot;,&quot;isLinked&quot;:true},&quot;element_pack_global_tooltip_border_radius_tablet&quot;:{&quot;unit&quot;:&quot;px&quot;,&quot;top&quot;:&quot;&quot;,&quot;right&quot;:&quot;&quot;,&quot;bottom&quot;:&quot;&quot;,&quot;left&quot;:&quot;&quot;,&quot;isLinked&quot;:true},&quot;element_pack_global_tooltip_border_radius_mobile&quot;:{&quot;unit&quot;:&quot;px&quot;,&quot;top&quot;:&quot;&quot;,&quot;right&quot;:&quot;&quot;,&quot;bottom&quot;:&quot;&quot;,&quot;left&quot;:&quot;&quot;,&quot;isLinked&quot;:true}}\" data-elementor-post-type=\"product\">\n\t\t\t\t<div class=\"elementor-element elementor-element-93aa4a8 e-con-full e-flex e-con e-parent\" data-id=\"93aa4a8\" data-element_type=\"container\" data-e-type=\"container\">\n\t\t\t\t<div class=\"elementor-element elementor-element-2c3f760 miaoshu elementor-widget elementor-widget-wd_text_block\" data-id=\"2c3f760\" data-element_type=\"widget\" data-e-type=\"widget\" data-widget_type=\"wd_text_block.default\">\n\t\t\t\t<div class=\"elementor-widget-container\">\n\t\t\t\t\t\t\t<div class=\"wd-text-block reset-last-child text-left\">\n\t\t\t\n\t\t\t<h2>Peopled: Cree sitios profesionales de aplicaciones de reuniones en l\u00ednea con Elementor<\/h2>\n<p>En <strong>Kit de plantillas Elementor Peopled<\/strong> le ayuda a lanzar r\u00e1pidamente un sitio web elegante para su aplicaci\u00f3n de reuniones en l\u00ednea o servicio corporativo. Por ejemplo, los desarrolladores y propietarios de empresas utilizan este kit para mostrar funciones como eventos virtuales y colaboraciones en equipo sin esfuerzo. De este modo, podr\u00e1 crear un sitio profesional y adaptable que atraiga a los usuarios sin tener que empezar desde cero.<grok-card data-id=\"6009b8\" data-type=\"citation_card\"><\/grok-card><\/p>\n\n<h3>Integraci\u00f3n perfecta con Elementor para construcciones r\u00e1pidas<\/h3>\n<p>Con Peopled, puedes importar plantillas predise\u00f1adas directamente a Elementor para personalizar p\u00e1ginas como inicio, acerca de y servicios en cuesti\u00f3n de minutos. Adem\u00e1s, el kit es compatible con dise\u00f1os de ancho completo y vistas adaptables a dispositivos m\u00f3viles, lo que garantiza que tu sitio se vea bien en cualquier dispositivo. As\u00ed, t\u00fa te centras en el contenido y el dise\u00f1o se encarga del resto.<grok-card data-id=\"d96759\" data-type=\"citation_card\"><\/grok-card><\/p>\n\n<h3>Principales caracter\u00edsticas y ventajas<\/h3>\n<ul>\n    <li><strong>Plantillas de varias p\u00e1ginas:<\/strong> Acceda a dise\u00f1os listos para usar para p\u00e1ginas de inicio, servicios, qui\u00e9nes somos y mucho m\u00e1s para agilizar su flujo de trabajo.<\/li>\n    <li><strong>Dise\u00f1o totalmente adaptable:<\/strong> Los elementos se adaptan perfectamente a ordenadores de sobremesa, tabletas y m\u00f3viles para ofrecer una experiencia de usuario coherente.<\/li>\n    <li><strong>F\u00e1cil personalizaci\u00f3n:<\/strong> La funci\u00f3n de arrastrar y soltar de Elementor te permite modificar colores, fuentes y dise\u00f1os sin necesidad de programar.<\/li>\n    <li><strong>Dise\u00f1os corporativos:<\/strong> Adaptado a aplicaciones, agencias digitales y eventos para destacar su oferta profesionalmente.<\/li>\n<\/ul>\n\n<h3>Agilice el desarrollo de su sitio web de aplicaciones<\/h3>\n<p>Peopled simplifica la creaci\u00f3n de sitios para reuniones en l\u00ednea y servicios virtuales. Por ejemplo, si diriges una aplicaci\u00f3n corporativa o una plataforma de eventos, este kit te proporciona las herramientas para mostrar tu trabajo de forma din\u00e1mica. De este modo, ahorrar\u00e1 tiempo en el dise\u00f1o y acelerar\u00e1 el lanzamiento, con lo que aumentar\u00e1 su presencia en Internet.<grok-card data-id=\"fe9f13\" data-type=\"citation_card\"><\/grok-card><\/p>\n\n<h3>Lance hoy mismo su sitio web con Peopled<\/h3>\n<p>Eleve su aplicaci\u00f3n de reuniones en l\u00ednea con el <strong>Kit de plantillas Elementor Peopled<\/strong>. Al ofrecer dise\u00f1os intuitivos y de alta calidad, creas sitios web que convierten a los visitantes en usuarios. Empiece ahora y transforme su visi\u00f3n en una plataforma viva y atractiva.<\/p>\n\t\t\t\t\t<\/div>\n\t\t\t\t\t\t<\/div>\n\t\t\t\t<\/div>\n\t\t\t\t<\/div>\n\t\t\t\t<\/div>","protected":false},"excerpt":{"rendered":"<p>Peopled: Craft Professional Online Meeting App Sites with Elementor El kit de plantillas Elementor de Peopled le ayuda a lanzar r\u00e1pidamente un elegante<\/p>","protected":false},"featured_media":10115,"comment_status":"open","ping_status":"closed","template":"","meta":{"_acf_changed":false},"product_brand":[],"product_cat":[50],"product_tag":[],"class_list":{"0":"post-10155","1":"product","2":"type-product","3":"status-publish","4":"has-post-thumbnail","6":"product_cat-template-kits","8":"first","9":"instock","10":"sale","11":"downloadable","12":"shipping-taxable","13":"purchasable","14":"product-type-simple"},"acf":[],"yoast_head":"<!-- This site is optimized with the Yoast SEO Premium plugin v25.6 (Yoast SEO v27.1.1) - https:\/\/yoast.com\/product\/yoast-seo-premium-wordpress\/ -->\n<title>Peopled \u2013 Online Meeting App Elementor Template - AllWin Theme \u2013 Free WordPress Themes Download<\/title>\n<meta name=\"description\" content=\"Build stunning online meeting app sites with Peopled Elementor Template Kit. Responsive designs for corporate apps, events, and services\u2014easy customization included.\" \/>\n<meta name=\"robots\" content=\"index, follow, max-snippet:-1, max-image-preview:large, max-video-preview:-1\" \/>\n<link rel=\"canonical\" href=\"https:\/\/allwintheme.com\/es\/producto\/peopled-online-meeting-app-elementor-template\/\" \/>\n<meta property=\"og:locale\" content=\"es_ES\" \/>\n<meta property=\"og:type\" content=\"article\" \/>\n<meta property=\"og:title\" content=\"Peopled \u2013 Online Meeting App Elementor Template\" \/>\n<meta property=\"og:description\" content=\"Build stunning online meeting app sites with Peopled Elementor Template Kit. Responsive designs for corporate apps, events, and services\u2014easy customization included.\" \/>\n<meta property=\"og:url\" content=\"https:\/\/allwintheme.com\/es\/producto\/peopled-online-meeting-app-elementor-template\/\" \/>\n<meta property=\"og:site_name\" content=\"AllWin Theme \u2013 Free WordPress Themes Download\" \/>\n<meta property=\"article:modified_time\" content=\"2025-10-11T04:12:10+00:00\" \/>\n<meta property=\"og:image\" content=\"https:\/\/allwintheme.com\/wp-content\/uploads\/2025\/10\/n71cats6.png\" \/>\n\t<meta property=\"og:image:width\" content=\"768\" \/>\n\t<meta property=\"og:image:height\" content=\"509\" \/>\n\t<meta property=\"og:image:type\" content=\"image\/png\" \/>\n<meta name=\"twitter:card\" content=\"summary_large_image\" \/>\n<meta name=\"twitter:label1\" content=\"Tiempo estimado de lectura\" \/>\n\t<meta name=\"twitter:data1\" content=\"2 minutos\" \/>\n<script type=\"application\/ld+json\" class=\"yoast-schema-graph\">{\"@context\":\"https:\/\/schema.org\",\"@graph\":[{\"@type\":\"WebPage\",\"@id\":\"https:\/\/allwintheme.com\/product\/peopled-online-meeting-app-elementor-template\/\",\"url\":\"https:\/\/allwintheme.com\/product\/peopled-online-meeting-app-elementor-template\/\",\"name\":\"Peopled \u2013 Online Meeting App Elementor Template - AllWin Theme \u2013 Free WordPress Themes Download\",\"isPartOf\":{\"@id\":\"https:\/\/allwintheme.com\/#website\"},\"primaryImageOfPage\":{\"@id\":\"https:\/\/allwintheme.com\/product\/peopled-online-meeting-app-elementor-template\/#primaryimage\"},\"image\":{\"@id\":\"https:\/\/allwintheme.com\/product\/peopled-online-meeting-app-elementor-template\/#primaryimage\"},\"thumbnailUrl\":\"https:\/\/allwintheme.com\/wp-content\/uploads\/2025\/10\/n71cats6.png\",\"datePublished\":\"2025-10-11T03:06:44+00:00\",\"dateModified\":\"2025-10-11T04:12:10+00:00\",\"description\":\"Build stunning online meeting app sites with Peopled Elementor Template Kit. Responsive designs for corporate apps, events, and services\u2014easy customization included.\",\"breadcrumb\":{\"@id\":\"https:\/\/allwintheme.com\/product\/peopled-online-meeting-app-elementor-template\/#breadcrumb\"},\"inLanguage\":\"es-CL\",\"potentialAction\":[{\"@type\":\"ReadAction\",\"target\":[\"https:\/\/allwintheme.com\/product\/peopled-online-meeting-app-elementor-template\/\"]}]},{\"@type\":\"ImageObject\",\"inLanguage\":\"es-CL\",\"@id\":\"https:\/\/allwintheme.com\/product\/peopled-online-meeting-app-elementor-template\/#primaryimage\",\"url\":\"https:\/\/allwintheme.com\/wp-content\/uploads\/2025\/10\/n71cats6.png\",\"contentUrl\":\"https:\/\/allwintheme.com\/wp-content\/uploads\/2025\/10\/n71cats6.png\",\"width\":768,\"height\":509},{\"@type\":\"BreadcrumbList\",\"@id\":\"https:\/\/allwintheme.com\/product\/peopled-online-meeting-app-elementor-template\/#breadcrumb\",\"itemListElement\":[{\"@type\":\"ListItem\",\"position\":1,\"name\":\"Home\",\"item\":\"https:\/\/allwintheme.com\/\"},{\"@type\":\"ListItem\",\"position\":2,\"name\":\"Shop\",\"item\":\"https:\/\/allwintheme.com\/shop\/\"},{\"@type\":\"ListItem\",\"position\":3,\"name\":\"Peopled \u2013 Online Meeting App Elementor Template\"}]},{\"@type\":\"WebSite\",\"@id\":\"https:\/\/allwintheme.com\/#website\",\"url\":\"https:\/\/allwintheme.com\/\",\"name\":\"Allwintheme\",\"description\":\"Download free WordPress themes for every niche. Blogs, business, eCommerce, portfolio, restaurant and more. All themes are GPL licensed and mobile-ready.\",\"potentialAction\":[{\"@type\":\"SearchAction\",\"target\":{\"@type\":\"EntryPoint\",\"urlTemplate\":\"https:\/\/allwintheme.com\/?s={search_term_string}\"},\"query-input\":{\"@type\":\"PropertyValueSpecification\",\"valueRequired\":true,\"valueName\":\"search_term_string\"}}],\"inLanguage\":\"es-CL\"}]}<\/script>\n<!-- \/ Yoast SEO Premium plugin. -->","yoast_head_json":{"title":"Peopled \u2013 Online Meeting App Elementor Template - AllWin Theme \u2013 Free WordPress Themes Download","description":"Cree impresionantes sitios de aplicaciones de reuniones en l\u00ednea con el kit de plantillas Elementor de Peopled. Dise\u00f1os responsivos para aplicaciones corporativas, eventos y servicios, con f\u00e1cil personalizaci\u00f3n incluida.","robots":{"index":"index","follow":"follow","max-snippet":"max-snippet:-1","max-image-preview":"max-image-preview:large","max-video-preview":"max-video-preview:-1"},"canonical":"https:\/\/allwintheme.com\/es\/producto\/peopled-online-meeting-app-elementor-template\/","og_locale":"es_ES","og_type":"article","og_title":"Peopled \u2013 Online Meeting App Elementor Template","og_description":"Build stunning online meeting app sites with Peopled Elementor Template Kit. Responsive designs for corporate apps, events, and services\u2014easy customization included.","og_url":"https:\/\/allwintheme.com\/es\/producto\/peopled-online-meeting-app-elementor-template\/","og_site_name":"AllWin Theme \u2013 Free WordPress Themes Download","article_modified_time":"2025-10-11T04:12:10+00:00","og_image":[{"width":768,"height":509,"url":"https:\/\/allwintheme.com\/wp-content\/uploads\/2025\/10\/n71cats6.png","type":"image\/png"}],"twitter_card":"summary_large_image","twitter_misc":{"Tiempo estimado de lectura":"2 minutos"},"schema":{"@context":"https:\/\/schema.org","@graph":[{"@type":"WebPage","@id":"https:\/\/allwintheme.com\/product\/peopled-online-meeting-app-elementor-template\/","url":"https:\/\/allwintheme.com\/product\/peopled-online-meeting-app-elementor-template\/","name":"Peopled \u2013 Online Meeting App Elementor Template - AllWin Theme \u2013 Free WordPress Themes Download","isPartOf":{"@id":"https:\/\/allwintheme.com\/#website"},"primaryImageOfPage":{"@id":"https:\/\/allwintheme.com\/product\/peopled-online-meeting-app-elementor-template\/#primaryimage"},"image":{"@id":"https:\/\/allwintheme.com\/product\/peopled-online-meeting-app-elementor-template\/#primaryimage"},"thumbnailUrl":"https:\/\/allwintheme.com\/wp-content\/uploads\/2025\/10\/n71cats6.png","datePublished":"2025-10-11T03:06:44+00:00","dateModified":"2025-10-11T04:12:10+00:00","description":"Cree impresionantes sitios de aplicaciones de reuniones en l\u00ednea con el kit de plantillas Elementor de Peopled. Dise\u00f1os responsivos para aplicaciones corporativas, eventos y servicios, con f\u00e1cil personalizaci\u00f3n incluida.","breadcrumb":{"@id":"https:\/\/allwintheme.com\/product\/peopled-online-meeting-app-elementor-template\/#breadcrumb"},"inLanguage":"es-CL","potentialAction":[{"@type":"ReadAction","target":["https:\/\/allwintheme.com\/product\/peopled-online-meeting-app-elementor-template\/"]}]},{"@type":"ImageObject","inLanguage":"es-CL","@id":"https:\/\/allwintheme.com\/product\/peopled-online-meeting-app-elementor-template\/#primaryimage","url":"https:\/\/allwintheme.com\/wp-content\/uploads\/2025\/10\/n71cats6.png","contentUrl":"https:\/\/allwintheme.com\/wp-content\/uploads\/2025\/10\/n71cats6.png","width":768,"height":509},{"@type":"BreadcrumbList","@id":"https:\/\/allwintheme.com\/product\/peopled-online-meeting-app-elementor-template\/#breadcrumb","itemListElement":[{"@type":"ListItem","position":1,"name":"Home","item":"https:\/\/allwintheme.com\/"},{"@type":"ListItem","position":2,"name":"Shop","item":"https:\/\/allwintheme.com\/shop\/"},{"@type":"ListItem","position":3,"name":"Peopled \u2013 Online Meeting App Elementor Template"}]},{"@type":"WebSite","@id":"https:\/\/allwintheme.com\/#website","url":"https:\/\/allwintheme.com\/","name":"Allwintheme","description":"Descarga gratis temas de WordPress para todos los nichos. Blogs, negocios, comercio electr\u00f3nico, portafolio, restaurante y m\u00e1s. Todos los temas tienen licencia GPL y est\u00e1n preparados para dispositivos m\u00f3viles.","potentialAction":[{"@type":"SearchAction","target":{"@type":"EntryPoint","urlTemplate":"https:\/\/allwintheme.com\/?s={search_term_string}"},"query-input":{"@type":"PropertyValueSpecification","valueRequired":true,"valueName":"search_term_string"}}],"inLanguage":"es-CL"}]}},"_links":{"self":[{"href":"https:\/\/allwintheme.com\/es\/wp-json\/wp\/v2\/product\/10155","targetHints":{"allow":["GET"]}}],"collection":[{"href":"https:\/\/allwintheme.com\/es\/wp-json\/wp\/v2\/product"}],"about":[{"href":"https:\/\/allwintheme.com\/es\/wp-json\/wp\/v2\/types\/product"}],"replies":[{"embeddable":true,"href":"https:\/\/allwintheme.com\/es\/wp-json\/wp\/v2\/comments?post=10155"}],"version-history":[{"count":5,"href":"https:\/\/allwintheme.com\/es\/wp-json\/wp\/v2\/product\/10155\/revisions"}],"predecessor-version":[{"id":10170,"href":"https:\/\/allwintheme.com\/es\/wp-json\/wp\/v2\/product\/10155\/revisions\/10170"}],"wp:featuredmedia":[{"embeddable":true,"href":"https:\/\/allwintheme.com\/es\/wp-json\/wp\/v2\/media\/10115"}],"wp:attachment":[{"href":"https:\/\/allwintheme.com\/es\/wp-json\/wp\/v2\/media?parent=10155"}],"wp:term":[{"taxonomy":"product_brand","embeddable":true,"href":"https:\/\/allwintheme.com\/es\/wp-json\/wp\/v2\/product_brand?post=10155"},{"taxonomy":"product_cat","embeddable":true,"href":"https:\/\/allwintheme.com\/es\/wp-json\/wp\/v2\/product_cat?post=10155"},{"taxonomy":"product_tag","embeddable":true,"href":"https:\/\/allwintheme.com\/es\/wp-json\/wp\/v2\/product_tag?post=10155"}],"curies":[{"name":"wp","href":"https:\/\/api.w.org\/{rel}","templated":true}]}}