{"id":10159,"date":"2025-10-11T03:14:10","date_gmt":"2025-10-11T03:14:10","guid":{"rendered":"https:\/\/allwintheme.com\/?post_type=product&#038;p=10159"},"modified":"2025-10-11T04:19:02","modified_gmt":"2025-10-11T04:19:02","slug":"aptify-mobile-app-landing-page-empresa-tecnologica-elementor-template-2","status":"publish","type":"product","link":"https:\/\/allwintheme.com\/es\/producto\/aptify-mobile-app-landing-page-empresa-tecnologica-elementor-template-2\/","title":{"rendered":"Aptify - Mobile App Landing Page &amp; Tech Company Plantilla Elementor"},"content":{"rendered":"<div data-elementor-type=\"wp-post\" data-elementor-id=\"10159\" class=\"elementor elementor-10159\" data-elementor-settings=\"{&quot;element_pack_global_tooltip_width&quot;:{&quot;unit&quot;:&quot;px&quot;,&quot;size&quot;:&quot;&quot;,&quot;sizes&quot;:[]},&quot;element_pack_global_tooltip_width_tablet&quot;:{&quot;unit&quot;:&quot;px&quot;,&quot;size&quot;:&quot;&quot;,&quot;sizes&quot;:[]},&quot;element_pack_global_tooltip_width_mobile&quot;:{&quot;unit&quot;:&quot;px&quot;,&quot;size&quot;:&quot;&quot;,&quot;sizes&quot;:[]},&quot;element_pack_global_tooltip_padding&quot;:{&quot;unit&quot;:&quot;px&quot;,&quot;top&quot;:&quot;&quot;,&quot;right&quot;:&quot;&quot;,&quot;bottom&quot;:&quot;&quot;,&quot;left&quot;:&quot;&quot;,&quot;isLinked&quot;:true},&quot;element_pack_global_tooltip_padding_tablet&quot;:{&quot;unit&quot;:&quot;px&quot;,&quot;top&quot;:&quot;&quot;,&quot;right&quot;:&quot;&quot;,&quot;bottom&quot;:&quot;&quot;,&quot;left&quot;:&quot;&quot;,&quot;isLinked&quot;:true},&quot;element_pack_global_tooltip_padding_mobile&quot;:{&quot;unit&quot;:&quot;px&quot;,&quot;top&quot;:&quot;&quot;,&quot;right&quot;:&quot;&quot;,&quot;bottom&quot;:&quot;&quot;,&quot;left&quot;:&quot;&quot;,&quot;isLinked&quot;:true},&quot;element_pack_global_tooltip_border_radius&quot;:{&quot;unit&quot;:&quot;px&quot;,&quot;top&quot;:&quot;&quot;,&quot;right&quot;:&quot;&quot;,&quot;bottom&quot;:&quot;&quot;,&quot;left&quot;:&quot;&quot;,&quot;isLinked&quot;:true},&quot;element_pack_global_tooltip_border_radius_tablet&quot;:{&quot;unit&quot;:&quot;px&quot;,&quot;top&quot;:&quot;&quot;,&quot;right&quot;:&quot;&quot;,&quot;bottom&quot;:&quot;&quot;,&quot;left&quot;:&quot;&quot;,&quot;isLinked&quot;:true},&quot;element_pack_global_tooltip_border_radius_mobile&quot;:{&quot;unit&quot;:&quot;px&quot;,&quot;top&quot;:&quot;&quot;,&quot;right&quot;:&quot;&quot;,&quot;bottom&quot;:&quot;&quot;,&quot;left&quot;:&quot;&quot;,&quot;isLinked&quot;:true}}\" data-elementor-post-type=\"product\">\n\t\t\t\t<div class=\"elementor-element elementor-element-93aa4a8 e-con-full e-flex e-con e-parent\" data-id=\"93aa4a8\" data-element_type=\"container\" data-e-type=\"container\">\n\t\t\t\t<div class=\"elementor-element elementor-element-2c3f760 miaoshu elementor-widget elementor-widget-wd_text_block\" data-id=\"2c3f760\" data-element_type=\"widget\" data-e-type=\"widget\" data-widget_type=\"wd_text_block.default\">\n\t\t\t\t<div class=\"elementor-widget-container\">\n\t\t\t\t\t\t\t<div class=\"wd-text-block reset-last-child text-left\">\n\t\t\t\n\t\t\t<h2>Aptify: Moderno kit de plantillas Elementor para aplicaciones m\u00f3viles y empresas tecnol\u00f3gicas<\/h2>\n<p><strong>Aptify<\/strong> ofrece un kit de plantillas Elementor elegante y moderno que puede utilizar para crear p\u00e1ginas de destino profesionales para aplicaciones m\u00f3viles, empresas de tecnolog\u00eda, agencias o redes. Por ejemplo, los desarrolladores y vendedores importan activamente estas plantillas para mostrar productos, servicios y caracter\u00edsticas sin esfuerzo. En consecuencia, se crean sitios web atractivos que captan la atenci\u00f3n sin empezar desde cero.<grok-card data-id=\"63c51e\" data-type=\"citation_card\"><\/grok-card><\/p>\n\n<h3>Cree p\u00e1ginas asombrosas con facilidad<\/h3>\n<p>Con Aptify, tienes acceso a m\u00e1s de 13 plantillas listas para usar, que incluyen p\u00e1ginas de inicio, secciones sobre, servicios, precios, preguntas frecuentes, blogs y formularios de contacto. Adem\u00e1s, el kit se integra perfectamente con Elementor, por lo que puedes importar plantillas una a una a trav\u00e9s del men\u00fa Plantillas guardadas. Como resultado, puedes personalizar encabezados, pies de p\u00e1gina y dise\u00f1os r\u00e1pidamente, incluso con la versi\u00f3n gratuita de Elementor.<grok-card data-id=\"48f8f7\" data-type=\"citation_card\"><\/grok-card><\/p>\n\n<h3>Principales caracter\u00edsticas y ventajas<\/h3>\n<ul>\n    <li><strong>Dise\u00f1o limpio y adaptable:<\/strong> Aptify garantiza que su sitio tenga un aspecto n\u00edtido en ordenadores de sobremesa, tabletas y m\u00f3viles, mejorando la experiencia del usuario en todos los dispositivos.<\/li>\n    <li><strong>Plantillas vers\u00e1tiles:<\/strong> Elija entre m\u00faltiples variaciones de p\u00e1gina de inicio, carteras y p\u00e1ginas interiores para adaptarse a las necesidades de su aplicaci\u00f3n o empresa tecnol\u00f3gica.<\/li>\n    <li><strong>Compatibilidad con navegadores:<\/strong> El kit funciona a la perfecci\u00f3n con los navegadores m\u00e1s populares, para que los visitantes accedan a su contenido sin problemas.<\/li>\n    <li><strong>Integraci\u00f3n gratuita de plugins:<\/strong> Conf\u00eda en Elementor y en complementos gratuitos para la configuraci\u00f3n, manteniendo los costes bajos al tiempo que ofrece resultados de gran impacto.<\/li>\n<\/ul>\n\n<h3>Mejore su presencia digital<\/h3>\n<p>Aptify simplifica la creaci\u00f3n de sitios web para equipos expertos en tecnolog\u00eda. Por ejemplo, si promociona una nueva aplicaci\u00f3n m\u00f3vil o destaca las innovaciones de la empresa, estas plantillas proporcionan elementos animados y dise\u00f1os estructurados. De este modo, destacar\u00e1 en el competitivo espacio digital, impulsando el compromiso y las conversiones de forma m\u00e1s eficaz.<grok-card data-id=\"5d5fb0\" data-type=\"citation_card\"><\/grok-card><\/p>\n\n<h3>Comience a utilizar Aptify hoy mismo<\/h3>\n<p>Lance su aplicaci\u00f3n m\u00f3vil o el sitio de su empresa tecnol\u00f3gica con <strong>Aptify - Mobile App Landing Page &amp; Tech Company Plantilla Elementor<\/strong>. Aprovechando sus dise\u00f1os profesionales, ahorrar\u00e1s tiempo y podr\u00e1s centrarte en lo que m\u00e1s importa. Desc\u00e1rguelo ahora y transforme su escaparate en l\u00ednea.<\/p>\n\t\t\t\t\t<\/div>\n\t\t\t\t\t\t<\/div>\n\t\t\t\t<\/div>\n\t\t\t\t<\/div>\n\t\t\t\t<\/div>","protected":false},"excerpt":{"rendered":"<p>Aptify: Modern Elementor Template Kit for Mobile Apps and Tech Companies Aptify offers a sleek, modern Elementor Template Kit that<\/p>","protected":false},"featured_media":10117,"comment_status":"open","ping_status":"closed","template":"","meta":{"_acf_changed":false},"product_brand":[],"product_cat":[50],"product_tag":[],"class_list":{"0":"post-10159","1":"product","2":"type-product","3":"status-publish","4":"has-post-thumbnail","6":"product_cat-template-kits","8":"first","9":"instock","10":"sale","11":"downloadable","12":"shipping-taxable","13":"purchasable","14":"product-type-simple"},"acf":[],"yoast_head":"<!-- This site is optimized with the Yoast SEO Premium plugin v25.6 (Yoast SEO v27.1.1) - https:\/\/yoast.com\/product\/yoast-seo-premium-wordpress\/ -->\n<title>Aptify \u2013 Mobile App Landing Page &amp; Tech Company Elementor Template - AllWin Theme \u2013 Free WordPress Themes Download<\/title>\n<meta name=\"description\" content=\"Aptify delivers a modern Elementor Template Kit for mobile app and tech company landing pages. Build professional sites quickly with clean designs.\" \/>\n<meta name=\"robots\" content=\"index, follow, max-snippet:-1, max-image-preview:large, max-video-preview:-1\" \/>\n<link rel=\"canonical\" href=\"https:\/\/allwintheme.com\/es\/producto\/aptify-mobile-app-landing-page-empresa-tecnologica-elementor-template-2\/\" \/>\n<meta property=\"og:locale\" content=\"es_ES\" \/>\n<meta property=\"og:type\" content=\"article\" \/>\n<meta property=\"og:title\" content=\"Aptify \u2013 Mobile App Landing Page &amp; Tech Company Elementor Template\" \/>\n<meta property=\"og:description\" content=\"Aptify delivers a modern Elementor Template Kit for mobile app and tech company landing pages. Build professional sites quickly with clean designs.\" \/>\n<meta property=\"og:url\" content=\"https:\/\/allwintheme.com\/es\/producto\/aptify-mobile-app-landing-page-empresa-tecnologica-elementor-template-2\/\" \/>\n<meta property=\"og:site_name\" content=\"AllWin Theme \u2013 Free WordPress Themes Download\" \/>\n<meta property=\"article:modified_time\" content=\"2025-10-11T04:19:02+00:00\" \/>\n<meta property=\"og:image\" content=\"https:\/\/allwintheme.com\/wp-content\/uploads\/2025\/10\/yug1r82b.png\" \/>\n\t<meta property=\"og:image:width\" content=\"768\" \/>\n\t<meta property=\"og:image:height\" content=\"512\" \/>\n\t<meta property=\"og:image:type\" content=\"image\/png\" \/>\n<meta name=\"twitter:card\" content=\"summary_large_image\" \/>\n<meta name=\"twitter:label1\" content=\"Tiempo estimado de lectura\" \/>\n\t<meta name=\"twitter:data1\" content=\"2 minutos\" \/>\n<script type=\"application\/ld+json\" class=\"yoast-schema-graph\">{\"@context\":\"https:\/\/schema.org\",\"@graph\":[{\"@type\":\"WebPage\",\"@id\":\"https:\/\/allwintheme.com\/product\/aptify-mobile-app-landing-page-tech-company-elementor-template-2\/\",\"url\":\"https:\/\/allwintheme.com\/product\/aptify-mobile-app-landing-page-tech-company-elementor-template-2\/\",\"name\":\"Aptify \u2013 Mobile App Landing Page & Tech Company Elementor Template - AllWin Theme \u2013 Free WordPress Themes Download\",\"isPartOf\":{\"@id\":\"https:\/\/allwintheme.com\/#website\"},\"primaryImageOfPage\":{\"@id\":\"https:\/\/allwintheme.com\/product\/aptify-mobile-app-landing-page-tech-company-elementor-template-2\/#primaryimage\"},\"image\":{\"@id\":\"https:\/\/allwintheme.com\/product\/aptify-mobile-app-landing-page-tech-company-elementor-template-2\/#primaryimage\"},\"thumbnailUrl\":\"https:\/\/allwintheme.com\/wp-content\/uploads\/2025\/10\/yug1r82b.png\",\"datePublished\":\"2025-10-11T03:14:10+00:00\",\"dateModified\":\"2025-10-11T04:19:02+00:00\",\"description\":\"Aptify delivers a modern Elementor Template Kit for mobile app and tech company landing pages. Build professional sites quickly with clean designs.\",\"breadcrumb\":{\"@id\":\"https:\/\/allwintheme.com\/product\/aptify-mobile-app-landing-page-tech-company-elementor-template-2\/#breadcrumb\"},\"inLanguage\":\"es-CL\",\"potentialAction\":[{\"@type\":\"ReadAction\",\"target\":[\"https:\/\/allwintheme.com\/product\/aptify-mobile-app-landing-page-tech-company-elementor-template-2\/\"]}]},{\"@type\":\"ImageObject\",\"inLanguage\":\"es-CL\",\"@id\":\"https:\/\/allwintheme.com\/product\/aptify-mobile-app-landing-page-tech-company-elementor-template-2\/#primaryimage\",\"url\":\"https:\/\/allwintheme.com\/wp-content\/uploads\/2025\/10\/yug1r82b.png\",\"contentUrl\":\"https:\/\/allwintheme.com\/wp-content\/uploads\/2025\/10\/yug1r82b.png\",\"width\":768,\"height\":512},{\"@type\":\"BreadcrumbList\",\"@id\":\"https:\/\/allwintheme.com\/product\/aptify-mobile-app-landing-page-tech-company-elementor-template-2\/#breadcrumb\",\"itemListElement\":[{\"@type\":\"ListItem\",\"position\":1,\"name\":\"Home\",\"item\":\"https:\/\/allwintheme.com\/\"},{\"@type\":\"ListItem\",\"position\":2,\"name\":\"Shop\",\"item\":\"https:\/\/allwintheme.com\/shop\/\"},{\"@type\":\"ListItem\",\"position\":3,\"name\":\"Aptify \u2013 Mobile App Landing Page &#038; Tech Company Elementor Template\"}]},{\"@type\":\"WebSite\",\"@id\":\"https:\/\/allwintheme.com\/#website\",\"url\":\"https:\/\/allwintheme.com\/\",\"name\":\"Allwintheme\",\"description\":\"Download free WordPress themes for every niche. Blogs, business, eCommerce, portfolio, restaurant and more. All themes are GPL licensed and mobile-ready.\",\"potentialAction\":[{\"@type\":\"SearchAction\",\"target\":{\"@type\":\"EntryPoint\",\"urlTemplate\":\"https:\/\/allwintheme.com\/?s={search_term_string}\"},\"query-input\":{\"@type\":\"PropertyValueSpecification\",\"valueRequired\":true,\"valueName\":\"search_term_string\"}}],\"inLanguage\":\"es-CL\"}]}<\/script>\n<!-- \/ Yoast SEO Premium plugin. -->","yoast_head_json":{"title":"Aptify \u2013 Mobile App Landing Page & Tech Company Elementor Template - AllWin Theme \u2013 Free WordPress Themes Download","description":"Aptify ofrece un moderno kit de plantillas Elementor para p\u00e1ginas de aterrizaje de aplicaciones m\u00f3viles y empresas tecnol\u00f3gicas. Construye sitios profesionales r\u00e1pidamente con dise\u00f1os limpios.","robots":{"index":"index","follow":"follow","max-snippet":"max-snippet:-1","max-image-preview":"max-image-preview:large","max-video-preview":"max-video-preview:-1"},"canonical":"https:\/\/allwintheme.com\/es\/producto\/aptify-mobile-app-landing-page-empresa-tecnologica-elementor-template-2\/","og_locale":"es_ES","og_type":"article","og_title":"Aptify \u2013 Mobile App Landing Page & Tech Company Elementor Template","og_description":"Aptify delivers a modern Elementor Template Kit for mobile app and tech company landing pages. Build professional sites quickly with clean designs.","og_url":"https:\/\/allwintheme.com\/es\/producto\/aptify-mobile-app-landing-page-empresa-tecnologica-elementor-template-2\/","og_site_name":"AllWin Theme \u2013 Free WordPress Themes Download","article_modified_time":"2025-10-11T04:19:02+00:00","og_image":[{"width":768,"height":512,"url":"https:\/\/allwintheme.com\/wp-content\/uploads\/2025\/10\/yug1r82b.png","type":"image\/png"}],"twitter_card":"summary_large_image","twitter_misc":{"Tiempo estimado de lectura":"2 minutos"},"schema":{"@context":"https:\/\/schema.org","@graph":[{"@type":"WebPage","@id":"https:\/\/allwintheme.com\/product\/aptify-mobile-app-landing-page-tech-company-elementor-template-2\/","url":"https:\/\/allwintheme.com\/product\/aptify-mobile-app-landing-page-tech-company-elementor-template-2\/","name":"Aptify \u2013 Mobile App Landing Page & Tech Company Elementor Template - AllWin Theme \u2013 Free WordPress Themes Download","isPartOf":{"@id":"https:\/\/allwintheme.com\/#website"},"primaryImageOfPage":{"@id":"https:\/\/allwintheme.com\/product\/aptify-mobile-app-landing-page-tech-company-elementor-template-2\/#primaryimage"},"image":{"@id":"https:\/\/allwintheme.com\/product\/aptify-mobile-app-landing-page-tech-company-elementor-template-2\/#primaryimage"},"thumbnailUrl":"https:\/\/allwintheme.com\/wp-content\/uploads\/2025\/10\/yug1r82b.png","datePublished":"2025-10-11T03:14:10+00:00","dateModified":"2025-10-11T04:19:02+00:00","description":"Aptify ofrece un moderno kit de plantillas Elementor para p\u00e1ginas de aterrizaje de aplicaciones m\u00f3viles y empresas tecnol\u00f3gicas. Construye sitios profesionales r\u00e1pidamente con dise\u00f1os limpios.","breadcrumb":{"@id":"https:\/\/allwintheme.com\/product\/aptify-mobile-app-landing-page-tech-company-elementor-template-2\/#breadcrumb"},"inLanguage":"es-CL","potentialAction":[{"@type":"ReadAction","target":["https:\/\/allwintheme.com\/product\/aptify-mobile-app-landing-page-tech-company-elementor-template-2\/"]}]},{"@type":"ImageObject","inLanguage":"es-CL","@id":"https:\/\/allwintheme.com\/product\/aptify-mobile-app-landing-page-tech-company-elementor-template-2\/#primaryimage","url":"https:\/\/allwintheme.com\/wp-content\/uploads\/2025\/10\/yug1r82b.png","contentUrl":"https:\/\/allwintheme.com\/wp-content\/uploads\/2025\/10\/yug1r82b.png","width":768,"height":512},{"@type":"BreadcrumbList","@id":"https:\/\/allwintheme.com\/product\/aptify-mobile-app-landing-page-tech-company-elementor-template-2\/#breadcrumb","itemListElement":[{"@type":"ListItem","position":1,"name":"Home","item":"https:\/\/allwintheme.com\/"},{"@type":"ListItem","position":2,"name":"Shop","item":"https:\/\/allwintheme.com\/shop\/"},{"@type":"ListItem","position":3,"name":"Aptify \u2013 Mobile App Landing Page &#038; Tech Company Elementor Template"}]},{"@type":"WebSite","@id":"https:\/\/allwintheme.com\/#website","url":"https:\/\/allwintheme.com\/","name":"Allwintheme","description":"Descarga gratis temas de WordPress para todos los nichos. Blogs, negocios, comercio electr\u00f3nico, portafolio, restaurante y m\u00e1s. Todos los temas tienen licencia GPL y est\u00e1n preparados para dispositivos m\u00f3viles.","potentialAction":[{"@type":"SearchAction","target":{"@type":"EntryPoint","urlTemplate":"https:\/\/allwintheme.com\/?s={search_term_string}"},"query-input":{"@type":"PropertyValueSpecification","valueRequired":true,"valueName":"search_term_string"}}],"inLanguage":"es-CL"}]}},"_links":{"self":[{"href":"https:\/\/allwintheme.com\/es\/wp-json\/wp\/v2\/product\/10159","targetHints":{"allow":["GET"]}}],"collection":[{"href":"https:\/\/allwintheme.com\/es\/wp-json\/wp\/v2\/product"}],"about":[{"href":"https:\/\/allwintheme.com\/es\/wp-json\/wp\/v2\/types\/product"}],"replies":[{"embeddable":true,"href":"https:\/\/allwintheme.com\/es\/wp-json\/wp\/v2\/comments?post=10159"}],"version-history":[{"count":8,"href":"https:\/\/allwintheme.com\/es\/wp-json\/wp\/v2\/product\/10159\/revisions"}],"predecessor-version":[{"id":10181,"href":"https:\/\/allwintheme.com\/es\/wp-json\/wp\/v2\/product\/10159\/revisions\/10181"}],"wp:featuredmedia":[{"embeddable":true,"href":"https:\/\/allwintheme.com\/es\/wp-json\/wp\/v2\/media\/10117"}],"wp:attachment":[{"href":"https:\/\/allwintheme.com\/es\/wp-json\/wp\/v2\/media?parent=10159"}],"wp:term":[{"taxonomy":"product_brand","embeddable":true,"href":"https:\/\/allwintheme.com\/es\/wp-json\/wp\/v2\/product_brand?post=10159"},{"taxonomy":"product_cat","embeddable":true,"href":"https:\/\/allwintheme.com\/es\/wp-json\/wp\/v2\/product_cat?post=10159"},{"taxonomy":"product_tag","embeddable":true,"href":"https:\/\/allwintheme.com\/es\/wp-json\/wp\/v2\/product_tag?post=10159"}],"curies":[{"name":"wp","href":"https:\/\/api.w.org\/{rel}","templated":true}]}}