{"id":10186,"date":"2025-10-11T04:22:58","date_gmt":"2025-10-11T04:22:58","guid":{"rendered":"https:\/\/allwintheme.com\/?post_type=product&#038;p=10186"},"modified":"2025-10-11T04:28:26","modified_gmt":"2025-10-11T04:28:26","slug":"sneakers-app-app-landing-page-elementor-landing-page-template","status":"publish","type":"product","link":"https:\/\/allwintheme.com\/es\/producto\/sneakers-app-app-landing-page-elementor-landing-page-template\/","title":{"rendered":"Sneakers App - App landing page Elementor Landing page Template"},"content":{"rendered":"<div data-elementor-type=\"wp-post\" data-elementor-id=\"10186\" class=\"elementor elementor-10186\" data-elementor-settings=\"{&quot;element_pack_global_tooltip_width&quot;:{&quot;unit&quot;:&quot;px&quot;,&quot;size&quot;:&quot;&quot;,&quot;sizes&quot;:[]},&quot;element_pack_global_tooltip_width_tablet&quot;:{&quot;unit&quot;:&quot;px&quot;,&quot;size&quot;:&quot;&quot;,&quot;sizes&quot;:[]},&quot;element_pack_global_tooltip_width_mobile&quot;:{&quot;unit&quot;:&quot;px&quot;,&quot;size&quot;:&quot;&quot;,&quot;sizes&quot;:[]},&quot;element_pack_global_tooltip_padding&quot;:{&quot;unit&quot;:&quot;px&quot;,&quot;top&quot;:&quot;&quot;,&quot;right&quot;:&quot;&quot;,&quot;bottom&quot;:&quot;&quot;,&quot;left&quot;:&quot;&quot;,&quot;isLinked&quot;:true},&quot;element_pack_global_tooltip_padding_tablet&quot;:{&quot;unit&quot;:&quot;px&quot;,&quot;top&quot;:&quot;&quot;,&quot;right&quot;:&quot;&quot;,&quot;bottom&quot;:&quot;&quot;,&quot;left&quot;:&quot;&quot;,&quot;isLinked&quot;:true},&quot;element_pack_global_tooltip_padding_mobile&quot;:{&quot;unit&quot;:&quot;px&quot;,&quot;top&quot;:&quot;&quot;,&quot;right&quot;:&quot;&quot;,&quot;bottom&quot;:&quot;&quot;,&quot;left&quot;:&quot;&quot;,&quot;isLinked&quot;:true},&quot;element_pack_global_tooltip_border_radius&quot;:{&quot;unit&quot;:&quot;px&quot;,&quot;top&quot;:&quot;&quot;,&quot;right&quot;:&quot;&quot;,&quot;bottom&quot;:&quot;&quot;,&quot;left&quot;:&quot;&quot;,&quot;isLinked&quot;:true},&quot;element_pack_global_tooltip_border_radius_tablet&quot;:{&quot;unit&quot;:&quot;px&quot;,&quot;top&quot;:&quot;&quot;,&quot;right&quot;:&quot;&quot;,&quot;bottom&quot;:&quot;&quot;,&quot;left&quot;:&quot;&quot;,&quot;isLinked&quot;:true},&quot;element_pack_global_tooltip_border_radius_mobile&quot;:{&quot;unit&quot;:&quot;px&quot;,&quot;top&quot;:&quot;&quot;,&quot;right&quot;:&quot;&quot;,&quot;bottom&quot;:&quot;&quot;,&quot;left&quot;:&quot;&quot;,&quot;isLinked&quot;:true}}\" data-elementor-post-type=\"product\">\n\t\t\t\t<div class=\"elementor-element elementor-element-93aa4a8 e-con-full e-flex e-con e-parent\" data-id=\"93aa4a8\" data-element_type=\"container\" data-e-type=\"container\">\n\t\t\t\t<div class=\"elementor-element elementor-element-2c3f760 miaoshu elementor-widget elementor-widget-wd_text_block\" data-id=\"2c3f760\" data-element_type=\"widget\" data-e-type=\"widget\" data-widget_type=\"wd_text_block.default\">\n\t\t\t\t<div class=\"elementor-widget-container\">\n\t\t\t\t\t\t\t<div class=\"wd-text-block reset-last-child text-left\">\n\t\t\t\n\t\t\t<h2>Sneakers App: Elegante plantilla de Elementor para p\u00e1ginas de aterrizaje de aplicaciones<\/h2>\n<p>En <strong>Aplicaci\u00f3n Sneakers<\/strong> La plantilla de p\u00e1gina de aterrizaje de Elementor te permite mostrar tu aplicaci\u00f3n m\u00f3vil con tem\u00e1tica de zapatillas con estilo y profesionalidad. Por ejemplo, los desarrolladores y vendedores crean activamente p\u00e1ginas atractivas que destacan las caracter\u00edsticas de la aplicaci\u00f3n, los testimonios de los usuarios y las instrucciones de descarga. En consecuencia, esta plantilla aumenta las conversiones al ofrecer una interfaz elegante y moderna adaptada al mundo vanguardista de las zapatillas y las aplicaciones de estilo de vida.<\/p>\n\n<h3>Personalizaci\u00f3n sin esfuerzo con Elementor<\/h3>\n<p>Con Sneakers App, te sumerges en el editor de arrastrar y soltar de Elementor para modificar dise\u00f1os, colores y contenido sin esfuerzo. Adem\u00e1s, se integra a la perfecci\u00f3n con el tema gratuito Hello Elementor, para que no tengas que complicarte codificando. Como resultado, se crea una p\u00e1gina de destino totalmente adaptable que cautiva a los usuarios en ordenadores de sobremesa, tabletas o m\u00f3viles.<\/p>\n\n<h3>Principales caracter\u00edsticas y ventajas<\/h3>\n<ul>\n    <li><strong>Dise\u00f1o moderno centrado en las zapatillas:<\/strong> Atractivos elementos visuales y dise\u00f1os perfectos para aplicaciones de zapatillas, incluidas secciones principales con maquetas din\u00e1micas y cuadr\u00edculas de caracter\u00edsticas.<\/li>\n    <li><strong>Plantillas de varias p\u00e1ginas:<\/strong> Acceda a p\u00e1ginas listas para usar, como la de inicio, precios y contacto, que podr\u00e1 personalizar r\u00e1pidamente para adaptarlas a la historia \u00fanica de su aplicaci\u00f3n.<\/li>\n    <li><strong>Responsive y optimizado para m\u00f3viles:<\/strong> Garantiza que su p\u00e1gina de destino funcione a la perfecci\u00f3n en todos los dispositivos, mejorando la participaci\u00f3n del usuario.<\/li>\n    <li><strong>Formularios y CTA integrados:<\/strong> Impulse las descargas con botones integrados de llamada a la acci\u00f3n y formularios de captaci\u00f3n de clientes potenciales, agilizando sus esfuerzos de marketing.<\/li>\n<\/ul>\n\n<h3>Agilice el proceso de lanzamiento de su aplicaci\u00f3n<\/h3>\n<p>Sneakers App simplifica el lanzamiento de tu aplicaci\u00f3n proporcionando una base profesional. Por ejemplo, si promocionas una aplicaci\u00f3n para descubrir o comprar zapatillas, esta plantilla destaca las tendencias y las ventajas para el usuario de forma eficaz. Por lo tanto, ahorrar\u00e1s tiempo en el dise\u00f1o mientras te centras en el crecimiento, creando en \u00faltima instancia una p\u00e1gina de destino de alta conversi\u00f3n que resuene entre los entusiastas de las zapatillas.<\/p>\n\n<h3>Lance hoy mismo su aplicaci\u00f3n Sneakers<\/h3>\n<p>Mejore la presencia de su aplicaci\u00f3n con <strong>Sneakers App Plantilla Elementor<\/strong>. Combinando estilo y funcionalidad, atraer\u00e1 m\u00e1s usuarios y descargas. Inst\u00e1lelo ahora y mejore su p\u00e1gina de aterrizaje.<\/p>\n\t\t\t\t\t<\/div>\n\t\t\t\t\t\t<\/div>\n\t\t\t\t<\/div>\n\t\t\t\t<\/div>\n\t\t\t\t<\/div>","protected":false},"excerpt":{"rendered":"<p>Sneakers App: Stylish Elementor Template for App Landing Pages The Sneakers App Elementor landing page template empowers you to showcase<\/p>","protected":false},"featured_media":10119,"comment_status":"open","ping_status":"closed","template":"","meta":{"_acf_changed":false},"product_brand":[],"product_cat":[50],"product_tag":[],"class_list":{"0":"post-10186","1":"product","2":"type-product","3":"status-publish","4":"has-post-thumbnail","6":"product_cat-template-kits","8":"first","9":"instock","10":"sale","11":"downloadable","12":"shipping-taxable","13":"purchasable","14":"product-type-simple"},"acf":[],"yoast_head":"<!-- This site is optimized with the Yoast SEO Premium plugin v25.6 (Yoast SEO v27.1.1) - https:\/\/yoast.com\/product\/yoast-seo-premium-wordpress\/ -->\n<title>Sneakers App \u2013 App landing page Elementor Landing page Template - AllWin Theme \u2013 Free WordPress Themes Download<\/title>\n<meta name=\"description\" content=\"Launch your mobile app with Zenity Elementor Template Kit. Sleek, responsive designs for promotion, features, and CTAs \u2013 fully customizable.\" \/>\n<meta name=\"robots\" content=\"index, follow, max-snippet:-1, max-image-preview:large, max-video-preview:-1\" \/>\n<link rel=\"canonical\" href=\"https:\/\/allwintheme.com\/es\/producto\/sneakers-app-app-landing-page-elementor-landing-page-template\/\" \/>\n<meta property=\"og:locale\" content=\"es_ES\" \/>\n<meta property=\"og:type\" content=\"article\" \/>\n<meta property=\"og:title\" content=\"Sneakers App \u2013 App landing page Elementor Landing page Template\" \/>\n<meta property=\"og:description\" content=\"Launch your mobile app with Zenity Elementor Template Kit. Sleek, responsive designs for promotion, features, and CTAs \u2013 fully customizable.\" \/>\n<meta property=\"og:url\" content=\"https:\/\/allwintheme.com\/es\/producto\/sneakers-app-app-landing-page-elementor-landing-page-template\/\" \/>\n<meta property=\"og:site_name\" content=\"AllWin Theme \u2013 Free WordPress Themes Download\" \/>\n<meta property=\"article:modified_time\" content=\"2025-10-11T04:28:26+00:00\" \/>\n<meta property=\"og:image\" content=\"https:\/\/allwintheme.com\/wp-content\/uploads\/2025\/10\/katmiusq.png\" \/>\n\t<meta property=\"og:image:width\" content=\"768\" \/>\n\t<meta property=\"og:image:height\" content=\"480\" \/>\n\t<meta property=\"og:image:type\" content=\"image\/png\" \/>\n<meta name=\"twitter:card\" content=\"summary_large_image\" \/>\n<meta name=\"twitter:label1\" content=\"Tiempo estimado de lectura\" \/>\n\t<meta name=\"twitter:data1\" content=\"2 minutos\" \/>\n<script type=\"application\/ld+json\" class=\"yoast-schema-graph\">{\"@context\":\"https:\/\/schema.org\",\"@graph\":[{\"@type\":\"WebPage\",\"@id\":\"https:\/\/allwintheme.com\/product\/sneakers-app-app-landing-page-elementor-landing-page-template\/\",\"url\":\"https:\/\/allwintheme.com\/product\/sneakers-app-app-landing-page-elementor-landing-page-template\/\",\"name\":\"Sneakers App \u2013 App landing page Elementor Landing page Template - AllWin Theme \u2013 Free WordPress Themes Download\",\"isPartOf\":{\"@id\":\"https:\/\/allwintheme.com\/#website\"},\"primaryImageOfPage\":{\"@id\":\"https:\/\/allwintheme.com\/product\/sneakers-app-app-landing-page-elementor-landing-page-template\/#primaryimage\"},\"image\":{\"@id\":\"https:\/\/allwintheme.com\/product\/sneakers-app-app-landing-page-elementor-landing-page-template\/#primaryimage\"},\"thumbnailUrl\":\"https:\/\/allwintheme.com\/wp-content\/uploads\/2025\/10\/katmiusq.png\",\"datePublished\":\"2025-10-11T04:22:58+00:00\",\"dateModified\":\"2025-10-11T04:28:26+00:00\",\"description\":\"Launch your mobile app with Zenity Elementor Template Kit. Sleek, responsive designs for promotion, features, and CTAs \u2013 fully customizable.\",\"breadcrumb\":{\"@id\":\"https:\/\/allwintheme.com\/product\/sneakers-app-app-landing-page-elementor-landing-page-template\/#breadcrumb\"},\"inLanguage\":\"es-CL\",\"potentialAction\":[{\"@type\":\"ReadAction\",\"target\":[\"https:\/\/allwintheme.com\/product\/sneakers-app-app-landing-page-elementor-landing-page-template\/\"]}]},{\"@type\":\"ImageObject\",\"inLanguage\":\"es-CL\",\"@id\":\"https:\/\/allwintheme.com\/product\/sneakers-app-app-landing-page-elementor-landing-page-template\/#primaryimage\",\"url\":\"https:\/\/allwintheme.com\/wp-content\/uploads\/2025\/10\/katmiusq.png\",\"contentUrl\":\"https:\/\/allwintheme.com\/wp-content\/uploads\/2025\/10\/katmiusq.png\",\"width\":768,\"height\":480},{\"@type\":\"BreadcrumbList\",\"@id\":\"https:\/\/allwintheme.com\/product\/sneakers-app-app-landing-page-elementor-landing-page-template\/#breadcrumb\",\"itemListElement\":[{\"@type\":\"ListItem\",\"position\":1,\"name\":\"Home\",\"item\":\"https:\/\/allwintheme.com\/\"},{\"@type\":\"ListItem\",\"position\":2,\"name\":\"Shop\",\"item\":\"https:\/\/allwintheme.com\/shop\/\"},{\"@type\":\"ListItem\",\"position\":3,\"name\":\"Sneakers App \u2013 App landing page Elementor Landing page Template\"}]},{\"@type\":\"WebSite\",\"@id\":\"https:\/\/allwintheme.com\/#website\",\"url\":\"https:\/\/allwintheme.com\/\",\"name\":\"Allwintheme\",\"description\":\"Download free WordPress themes for every niche. Blogs, business, eCommerce, portfolio, restaurant and more. All themes are GPL licensed and mobile-ready.\",\"potentialAction\":[{\"@type\":\"SearchAction\",\"target\":{\"@type\":\"EntryPoint\",\"urlTemplate\":\"https:\/\/allwintheme.com\/?s={search_term_string}\"},\"query-input\":{\"@type\":\"PropertyValueSpecification\",\"valueRequired\":true,\"valueName\":\"search_term_string\"}}],\"inLanguage\":\"es-CL\"}]}<\/script>\n<!-- \/ Yoast SEO Premium plugin. -->","yoast_head_json":{"title":"Sneakers App - App landing page Elementor Landing page Template - AllWin Theme - Free WordPress Themes Download","description":"Lanza tu aplicaci\u00f3n m\u00f3vil con Zenity Elementor Template Kit. Dise\u00f1os elegantes y adaptables para promociones, funciones y CTA totalmente personalizables.","robots":{"index":"index","follow":"follow","max-snippet":"max-snippet:-1","max-image-preview":"max-image-preview:large","max-video-preview":"max-video-preview:-1"},"canonical":"https:\/\/allwintheme.com\/es\/producto\/sneakers-app-app-landing-page-elementor-landing-page-template\/","og_locale":"es_ES","og_type":"article","og_title":"Sneakers App \u2013 App landing page Elementor Landing page Template","og_description":"Launch your mobile app with Zenity Elementor Template Kit. Sleek, responsive designs for promotion, features, and CTAs \u2013 fully customizable.","og_url":"https:\/\/allwintheme.com\/es\/producto\/sneakers-app-app-landing-page-elementor-landing-page-template\/","og_site_name":"AllWin Theme \u2013 Free WordPress Themes Download","article_modified_time":"2025-10-11T04:28:26+00:00","og_image":[{"width":768,"height":480,"url":"https:\/\/allwintheme.com\/wp-content\/uploads\/2025\/10\/katmiusq.png","type":"image\/png"}],"twitter_card":"summary_large_image","twitter_misc":{"Tiempo estimado de lectura":"2 minutos"},"schema":{"@context":"https:\/\/schema.org","@graph":[{"@type":"WebPage","@id":"https:\/\/allwintheme.com\/product\/sneakers-app-app-landing-page-elementor-landing-page-template\/","url":"https:\/\/allwintheme.com\/product\/sneakers-app-app-landing-page-elementor-landing-page-template\/","name":"Sneakers App - App landing page Elementor Landing page Template - AllWin Theme - Free WordPress Themes Download","isPartOf":{"@id":"https:\/\/allwintheme.com\/#website"},"primaryImageOfPage":{"@id":"https:\/\/allwintheme.com\/product\/sneakers-app-app-landing-page-elementor-landing-page-template\/#primaryimage"},"image":{"@id":"https:\/\/allwintheme.com\/product\/sneakers-app-app-landing-page-elementor-landing-page-template\/#primaryimage"},"thumbnailUrl":"https:\/\/allwintheme.com\/wp-content\/uploads\/2025\/10\/katmiusq.png","datePublished":"2025-10-11T04:22:58+00:00","dateModified":"2025-10-11T04:28:26+00:00","description":"Lanza tu aplicaci\u00f3n m\u00f3vil con Zenity Elementor Template Kit. Dise\u00f1os elegantes y adaptables para promociones, funciones y CTA totalmente personalizables.","breadcrumb":{"@id":"https:\/\/allwintheme.com\/product\/sneakers-app-app-landing-page-elementor-landing-page-template\/#breadcrumb"},"inLanguage":"es-CL","potentialAction":[{"@type":"ReadAction","target":["https:\/\/allwintheme.com\/product\/sneakers-app-app-landing-page-elementor-landing-page-template\/"]}]},{"@type":"ImageObject","inLanguage":"es-CL","@id":"https:\/\/allwintheme.com\/product\/sneakers-app-app-landing-page-elementor-landing-page-template\/#primaryimage","url":"https:\/\/allwintheme.com\/wp-content\/uploads\/2025\/10\/katmiusq.png","contentUrl":"https:\/\/allwintheme.com\/wp-content\/uploads\/2025\/10\/katmiusq.png","width":768,"height":480},{"@type":"BreadcrumbList","@id":"https:\/\/allwintheme.com\/product\/sneakers-app-app-landing-page-elementor-landing-page-template\/#breadcrumb","itemListElement":[{"@type":"ListItem","position":1,"name":"Home","item":"https:\/\/allwintheme.com\/"},{"@type":"ListItem","position":2,"name":"Shop","item":"https:\/\/allwintheme.com\/shop\/"},{"@type":"ListItem","position":3,"name":"Sneakers App \u2013 App landing page Elementor Landing page Template"}]},{"@type":"WebSite","@id":"https:\/\/allwintheme.com\/#website","url":"https:\/\/allwintheme.com\/","name":"Allwintheme","description":"Descarga gratis temas de WordPress para todos los nichos. Blogs, negocios, comercio electr\u00f3nico, portafolio, restaurante y m\u00e1s. Todos los temas tienen licencia GPL y est\u00e1n preparados para dispositivos m\u00f3viles.","potentialAction":[{"@type":"SearchAction","target":{"@type":"EntryPoint","urlTemplate":"https:\/\/allwintheme.com\/?s={search_term_string}"},"query-input":{"@type":"PropertyValueSpecification","valueRequired":true,"valueName":"search_term_string"}}],"inLanguage":"es-CL"}]}},"_links":{"self":[{"href":"https:\/\/allwintheme.com\/es\/wp-json\/wp\/v2\/product\/10186","targetHints":{"allow":["GET"]}}],"collection":[{"href":"https:\/\/allwintheme.com\/es\/wp-json\/wp\/v2\/product"}],"about":[{"href":"https:\/\/allwintheme.com\/es\/wp-json\/wp\/v2\/types\/product"}],"replies":[{"embeddable":true,"href":"https:\/\/allwintheme.com\/es\/wp-json\/wp\/v2\/comments?post=10186"}],"version-history":[{"count":5,"href":"https:\/\/allwintheme.com\/es\/wp-json\/wp\/v2\/product\/10186\/revisions"}],"predecessor-version":[{"id":10191,"href":"https:\/\/allwintheme.com\/es\/wp-json\/wp\/v2\/product\/10186\/revisions\/10191"}],"wp:featuredmedia":[{"embeddable":true,"href":"https:\/\/allwintheme.com\/es\/wp-json\/wp\/v2\/media\/10119"}],"wp:attachment":[{"href":"https:\/\/allwintheme.com\/es\/wp-json\/wp\/v2\/media?parent=10186"}],"wp:term":[{"taxonomy":"product_brand","embeddable":true,"href":"https:\/\/allwintheme.com\/es\/wp-json\/wp\/v2\/product_brand?post=10186"},{"taxonomy":"product_cat","embeddable":true,"href":"https:\/\/allwintheme.com\/es\/wp-json\/wp\/v2\/product_cat?post=10186"},{"taxonomy":"product_tag","embeddable":true,"href":"https:\/\/allwintheme.com\/es\/wp-json\/wp\/v2\/product_tag?post=10186"}],"curies":[{"name":"wp","href":"https:\/\/api.w.org\/{rel}","templated":true}]}}