{"id":10198,"date":"2025-10-11T04:36:48","date_gmt":"2025-10-11T04:36:48","guid":{"rendered":"https:\/\/allwintheme.com\/?post_type=product&#038;p=10198"},"modified":"2025-10-11T04:41:53","modified_gmt":"2025-10-11T04:41:53","slug":"aiassistantpro-app-landing-page-elementor-template","status":"publish","type":"product","link":"https:\/\/allwintheme.com\/es\/producto\/aiassistantpro-app-landing-page-elementor-template\/","title":{"rendered":"AiAssistantPro - Plantilla Elementor App Landing Page"},"content":{"rendered":"<div data-elementor-type=\"wp-post\" data-elementor-id=\"10198\" class=\"elementor elementor-10198\" data-elementor-settings=\"{&quot;element_pack_global_tooltip_width&quot;:{&quot;unit&quot;:&quot;px&quot;,&quot;size&quot;:&quot;&quot;,&quot;sizes&quot;:[]},&quot;element_pack_global_tooltip_width_tablet&quot;:{&quot;unit&quot;:&quot;px&quot;,&quot;size&quot;:&quot;&quot;,&quot;sizes&quot;:[]},&quot;element_pack_global_tooltip_width_mobile&quot;:{&quot;unit&quot;:&quot;px&quot;,&quot;size&quot;:&quot;&quot;,&quot;sizes&quot;:[]},&quot;element_pack_global_tooltip_padding&quot;:{&quot;unit&quot;:&quot;px&quot;,&quot;top&quot;:&quot;&quot;,&quot;right&quot;:&quot;&quot;,&quot;bottom&quot;:&quot;&quot;,&quot;left&quot;:&quot;&quot;,&quot;isLinked&quot;:true},&quot;element_pack_global_tooltip_padding_tablet&quot;:{&quot;unit&quot;:&quot;px&quot;,&quot;top&quot;:&quot;&quot;,&quot;right&quot;:&quot;&quot;,&quot;bottom&quot;:&quot;&quot;,&quot;left&quot;:&quot;&quot;,&quot;isLinked&quot;:true},&quot;element_pack_global_tooltip_padding_mobile&quot;:{&quot;unit&quot;:&quot;px&quot;,&quot;top&quot;:&quot;&quot;,&quot;right&quot;:&quot;&quot;,&quot;bottom&quot;:&quot;&quot;,&quot;left&quot;:&quot;&quot;,&quot;isLinked&quot;:true},&quot;element_pack_global_tooltip_border_radius&quot;:{&quot;unit&quot;:&quot;px&quot;,&quot;top&quot;:&quot;&quot;,&quot;right&quot;:&quot;&quot;,&quot;bottom&quot;:&quot;&quot;,&quot;left&quot;:&quot;&quot;,&quot;isLinked&quot;:true},&quot;element_pack_global_tooltip_border_radius_tablet&quot;:{&quot;unit&quot;:&quot;px&quot;,&quot;top&quot;:&quot;&quot;,&quot;right&quot;:&quot;&quot;,&quot;bottom&quot;:&quot;&quot;,&quot;left&quot;:&quot;&quot;,&quot;isLinked&quot;:true},&quot;element_pack_global_tooltip_border_radius_mobile&quot;:{&quot;unit&quot;:&quot;px&quot;,&quot;top&quot;:&quot;&quot;,&quot;right&quot;:&quot;&quot;,&quot;bottom&quot;:&quot;&quot;,&quot;left&quot;:&quot;&quot;,&quot;isLinked&quot;:true}}\" data-elementor-post-type=\"product\">\n\t\t\t\t<div class=\"elementor-element elementor-element-93aa4a8 e-con-full e-flex e-con e-parent\" data-id=\"93aa4a8\" data-element_type=\"container\" data-e-type=\"container\">\n\t\t\t\t<div class=\"elementor-element elementor-element-2c3f760 miaoshu elementor-widget elementor-widget-wd_text_block\" data-id=\"2c3f760\" data-element_type=\"widget\" data-e-type=\"widget\" data-widget_type=\"wd_text_block.default\">\n\t\t\t\t<div class=\"elementor-widget-container\">\n\t\t\t\t\t\t\t<div class=\"wd-text-block reset-last-child text-left\">\n\t\t\t\n\t\t\t<h2>AiAssistantPro: Lanza tu aplicaci\u00f3n de IA con estilo<\/h2>\n<p><strong>AiAssistantPro<\/strong> ofrece un kit de plantillas Elementor profesional dise\u00f1ado para desarrolladores de aplicaciones de IA e innovadores tecnol\u00f3gicos. Por ejemplo, puedes crear r\u00e1pidamente p\u00e1ginas de destino de alta conversi\u00f3n que muestren las caracter\u00edsticas de tu aplicaci\u00f3n, testimonios y llamadas a la acci\u00f3n. En consecuencia, esta plantilla te ayuda a atraer usuarios y aumentar las descargas sin empezar desde cero.<\/p>\n\n<h3>Dise\u00f1o sin esfuerzo para aplicaciones modernas de IA<\/h3>\n<p>Con AiAssistantPro, puede acceder a secciones predise\u00f1adas optimizadas para Elementor, incluidos banners, cuadr\u00edculas de caracter\u00edsticas y tablas de precios. Adem\u00e1s, puedes personalizar los colores, las fuentes y los dise\u00f1os arrastrando y soltando para adaptarlos a tu marca. Como resultado, podr\u00e1 crear p\u00e1ginas adaptables que se ver\u00e1n perfectamente en ordenadores de sobremesa, tabletas y m\u00f3viles, garantizando una experiencia de usuario perfecta.<\/p>\n\n<h3>Principales caracter\u00edsticas y ventajas<\/h3>\n<ul>\n    <li><strong>Dise\u00f1os centrados en la IA:<\/strong> Las secciones preparadas destacan las capacidades de los asistentes inteligentes, como las interfaces de chat y las demostraciones de integraci\u00f3n.<\/li>\n    <li><strong>Elementos optimizados para la conversi\u00f3n:<\/strong> Incluya CTA llamativos, insignias de tiendas de aplicaciones y formularios de suscripci\u00f3n por correo electr\u00f3nico para impulsar la acci\u00f3n inmediata.<\/li>\n    <li><strong>Dise\u00f1o totalmente adaptable:<\/strong> Se adapta perfectamente a cualquier dispositivo, manteniendo su p\u00e1gina de destino accesible y atractiva.<\/li>\n    <li><strong>F\u00e1cil integraci\u00f3n con Elementor:<\/strong> Funciona a la perfecci\u00f3n con Elementor Pro, sin necesidad de codificaci\u00f3n para ediciones y actualizaciones r\u00e1pidas.<\/li>\n<\/ul>\n\n<h3>Agilice el proceso de lanzamiento de su aplicaci\u00f3n<\/h3>\n<p>AiAssistantPro le ahorra horas de tiempo de dise\u00f1o, para que pueda centrarse en lo que importa: promocionar su innovaci\u00f3n en IA. Por ejemplo, si necesita destacar caracter\u00edsticas \u00fanicas como comandos de voz o an\u00e1lisis de datos, la estructura flexible de la plantilla lo soporta sin esfuerzo. Por lo tanto, usted lanza m\u00e1s r\u00e1pido y logra mejores resultados con una p\u00e1gina pulida y profesional.<\/p>\n\n<h3>Empiece hoy mismo a crear su p\u00e1gina de destino<\/h3>\n<p>Mejore la presencia en l\u00ednea de su aplicaci\u00f3n de inteligencia artificial con <strong>AiAssistantPro - Plantilla Elementor App Landing Page<\/strong>. Combinando efectos visuales impresionantes con una funcionalidad inteligente, cautivar\u00e1 a los visitantes y los convertir\u00e1 en usuarios fieles. Desc\u00e1rguela ahora y transforme la promoci\u00f3n de su aplicaci\u00f3n.<\/p>\n\t\t\t\t\t<\/div>\n\t\t\t\t\t\t<\/div>\n\t\t\t\t<\/div>\n\t\t\t\t<\/div>\n\t\t\t\t<\/div>","protected":false},"excerpt":{"rendered":"<p>AiAssistantPro: Launch Your AI App with Style AiAssistantPro delivers a professional Elementor template kit tailored for AI app developers and<\/p>","protected":false},"featured_media":10121,"comment_status":"open","ping_status":"closed","template":"","meta":{"_acf_changed":false},"product_brand":[],"product_cat":[50],"product_tag":[],"class_list":{"0":"post-10198","1":"product","2":"type-product","3":"status-publish","4":"has-post-thumbnail","6":"product_cat-template-kits","8":"first","9":"instock","10":"sale","11":"downloadable","12":"shipping-taxable","13":"purchasable","14":"product-type-simple"},"acf":[],"yoast_head":"<!-- This site is optimized with the Yoast SEO Premium plugin v25.6 (Yoast SEO v27.1.1) - https:\/\/yoast.com\/product\/yoast-seo-premium-wordpress\/ -->\n<title>AiAssistantPro \u2013 App Landing Page Elementor Template - AllWin Theme \u2013 Free WordPress Themes Download<\/title>\n<meta name=\"description\" content=\"Launch your AI app with AiAssistantPro, a sleek Elementor template kit. Drag-and-drop design for stunning, responsive landing pages that drive downloads.\" \/>\n<meta name=\"robots\" content=\"index, follow, max-snippet:-1, max-image-preview:large, max-video-preview:-1\" \/>\n<link rel=\"canonical\" href=\"https:\/\/allwintheme.com\/es\/producto\/aiassistantpro-app-landing-page-elementor-template\/\" \/>\n<meta property=\"og:locale\" content=\"es_ES\" \/>\n<meta property=\"og:type\" content=\"article\" \/>\n<meta property=\"og:title\" content=\"AiAssistantPro \u2013 App Landing Page Elementor Template\" \/>\n<meta property=\"og:description\" content=\"Launch your AI app with AiAssistantPro, a sleek Elementor template kit. Drag-and-drop design for stunning, responsive landing pages that drive downloads.\" \/>\n<meta property=\"og:url\" content=\"https:\/\/allwintheme.com\/es\/producto\/aiassistantpro-app-landing-page-elementor-template\/\" \/>\n<meta property=\"og:site_name\" content=\"AllWin Theme \u2013 Free WordPress Themes Download\" \/>\n<meta property=\"article:modified_time\" content=\"2025-10-11T04:41:53+00:00\" \/>\n<meta property=\"og:image\" content=\"https:\/\/allwintheme.com\/wp-content\/uploads\/2025\/10\/e7zyji27.png\" \/>\n\t<meta property=\"og:image:width\" content=\"768\" \/>\n\t<meta property=\"og:image:height\" content=\"432\" \/>\n\t<meta property=\"og:image:type\" content=\"image\/png\" \/>\n<meta name=\"twitter:card\" content=\"summary_large_image\" \/>\n<meta name=\"twitter:label1\" content=\"Tiempo estimado de lectura\" \/>\n\t<meta name=\"twitter:data1\" content=\"2 minutos\" \/>\n<script type=\"application\/ld+json\" class=\"yoast-schema-graph\">{\"@context\":\"https:\/\/schema.org\",\"@graph\":[{\"@type\":\"WebPage\",\"@id\":\"https:\/\/allwintheme.com\/product\/aiassistantpro-app-landing-page-elementor-template\/\",\"url\":\"https:\/\/allwintheme.com\/product\/aiassistantpro-app-landing-page-elementor-template\/\",\"name\":\"AiAssistantPro \u2013 App Landing Page Elementor Template - AllWin Theme \u2013 Free WordPress Themes Download\",\"isPartOf\":{\"@id\":\"https:\/\/allwintheme.com\/#website\"},\"primaryImageOfPage\":{\"@id\":\"https:\/\/allwintheme.com\/product\/aiassistantpro-app-landing-page-elementor-template\/#primaryimage\"},\"image\":{\"@id\":\"https:\/\/allwintheme.com\/product\/aiassistantpro-app-landing-page-elementor-template\/#primaryimage\"},\"thumbnailUrl\":\"https:\/\/allwintheme.com\/wp-content\/uploads\/2025\/10\/e7zyji27.png\",\"datePublished\":\"2025-10-11T04:36:48+00:00\",\"dateModified\":\"2025-10-11T04:41:53+00:00\",\"description\":\"Launch your AI app with AiAssistantPro, a sleek Elementor template kit. Drag-and-drop design for stunning, responsive landing pages that drive downloads.\",\"breadcrumb\":{\"@id\":\"https:\/\/allwintheme.com\/product\/aiassistantpro-app-landing-page-elementor-template\/#breadcrumb\"},\"inLanguage\":\"es-CL\",\"potentialAction\":[{\"@type\":\"ReadAction\",\"target\":[\"https:\/\/allwintheme.com\/product\/aiassistantpro-app-landing-page-elementor-template\/\"]}]},{\"@type\":\"ImageObject\",\"inLanguage\":\"es-CL\",\"@id\":\"https:\/\/allwintheme.com\/product\/aiassistantpro-app-landing-page-elementor-template\/#primaryimage\",\"url\":\"https:\/\/allwintheme.com\/wp-content\/uploads\/2025\/10\/e7zyji27.png\",\"contentUrl\":\"https:\/\/allwintheme.com\/wp-content\/uploads\/2025\/10\/e7zyji27.png\",\"width\":768,\"height\":432},{\"@type\":\"BreadcrumbList\",\"@id\":\"https:\/\/allwintheme.com\/product\/aiassistantpro-app-landing-page-elementor-template\/#breadcrumb\",\"itemListElement\":[{\"@type\":\"ListItem\",\"position\":1,\"name\":\"Home\",\"item\":\"https:\/\/allwintheme.com\/\"},{\"@type\":\"ListItem\",\"position\":2,\"name\":\"Shop\",\"item\":\"https:\/\/allwintheme.com\/shop\/\"},{\"@type\":\"ListItem\",\"position\":3,\"name\":\"AiAssistantPro \u2013 App Landing Page Elementor Template\"}]},{\"@type\":\"WebSite\",\"@id\":\"https:\/\/allwintheme.com\/#website\",\"url\":\"https:\/\/allwintheme.com\/\",\"name\":\"Allwintheme\",\"description\":\"Download free WordPress themes for every niche. Blogs, business, eCommerce, portfolio, restaurant and more. All themes are GPL licensed and mobile-ready.\",\"potentialAction\":[{\"@type\":\"SearchAction\",\"target\":{\"@type\":\"EntryPoint\",\"urlTemplate\":\"https:\/\/allwintheme.com\/?s={search_term_string}\"},\"query-input\":{\"@type\":\"PropertyValueSpecification\",\"valueRequired\":true,\"valueName\":\"search_term_string\"}}],\"inLanguage\":\"es-CL\"}]}<\/script>\n<!-- \/ Yoast SEO Premium plugin. -->","yoast_head_json":{"title":"AiAssistantPro \u2013 App Landing Page Elementor Template - AllWin Theme \u2013 Free WordPress Themes Download","description":"Lanza tu aplicaci\u00f3n AI con AiAssistantPro, un elegante kit de plantillas Elementor. Dise\u00f1o de arrastrar y soltar para p\u00e1ginas de destino impresionantes y receptivas que impulsan las descargas.","robots":{"index":"index","follow":"follow","max-snippet":"max-snippet:-1","max-image-preview":"max-image-preview:large","max-video-preview":"max-video-preview:-1"},"canonical":"https:\/\/allwintheme.com\/es\/producto\/aiassistantpro-app-landing-page-elementor-template\/","og_locale":"es_ES","og_type":"article","og_title":"AiAssistantPro \u2013 App Landing Page Elementor Template","og_description":"Launch your AI app with AiAssistantPro, a sleek Elementor template kit. Drag-and-drop design for stunning, responsive landing pages that drive downloads.","og_url":"https:\/\/allwintheme.com\/es\/producto\/aiassistantpro-app-landing-page-elementor-template\/","og_site_name":"AllWin Theme \u2013 Free WordPress Themes Download","article_modified_time":"2025-10-11T04:41:53+00:00","og_image":[{"width":768,"height":432,"url":"https:\/\/allwintheme.com\/wp-content\/uploads\/2025\/10\/e7zyji27.png","type":"image\/png"}],"twitter_card":"summary_large_image","twitter_misc":{"Tiempo estimado de lectura":"2 minutos"},"schema":{"@context":"https:\/\/schema.org","@graph":[{"@type":"WebPage","@id":"https:\/\/allwintheme.com\/product\/aiassistantpro-app-landing-page-elementor-template\/","url":"https:\/\/allwintheme.com\/product\/aiassistantpro-app-landing-page-elementor-template\/","name":"AiAssistantPro \u2013 App Landing Page Elementor Template - AllWin Theme \u2013 Free WordPress Themes Download","isPartOf":{"@id":"https:\/\/allwintheme.com\/#website"},"primaryImageOfPage":{"@id":"https:\/\/allwintheme.com\/product\/aiassistantpro-app-landing-page-elementor-template\/#primaryimage"},"image":{"@id":"https:\/\/allwintheme.com\/product\/aiassistantpro-app-landing-page-elementor-template\/#primaryimage"},"thumbnailUrl":"https:\/\/allwintheme.com\/wp-content\/uploads\/2025\/10\/e7zyji27.png","datePublished":"2025-10-11T04:36:48+00:00","dateModified":"2025-10-11T04:41:53+00:00","description":"Lanza tu aplicaci\u00f3n AI con AiAssistantPro, un elegante kit de plantillas Elementor. Dise\u00f1o de arrastrar y soltar para p\u00e1ginas de destino impresionantes y receptivas que impulsan las descargas.","breadcrumb":{"@id":"https:\/\/allwintheme.com\/product\/aiassistantpro-app-landing-page-elementor-template\/#breadcrumb"},"inLanguage":"es-CL","potentialAction":[{"@type":"ReadAction","target":["https:\/\/allwintheme.com\/product\/aiassistantpro-app-landing-page-elementor-template\/"]}]},{"@type":"ImageObject","inLanguage":"es-CL","@id":"https:\/\/allwintheme.com\/product\/aiassistantpro-app-landing-page-elementor-template\/#primaryimage","url":"https:\/\/allwintheme.com\/wp-content\/uploads\/2025\/10\/e7zyji27.png","contentUrl":"https:\/\/allwintheme.com\/wp-content\/uploads\/2025\/10\/e7zyji27.png","width":768,"height":432},{"@type":"BreadcrumbList","@id":"https:\/\/allwintheme.com\/product\/aiassistantpro-app-landing-page-elementor-template\/#breadcrumb","itemListElement":[{"@type":"ListItem","position":1,"name":"Home","item":"https:\/\/allwintheme.com\/"},{"@type":"ListItem","position":2,"name":"Shop","item":"https:\/\/allwintheme.com\/shop\/"},{"@type":"ListItem","position":3,"name":"AiAssistantPro \u2013 App Landing Page Elementor Template"}]},{"@type":"WebSite","@id":"https:\/\/allwintheme.com\/#website","url":"https:\/\/allwintheme.com\/","name":"Allwintheme","description":"Descarga gratis temas de WordPress para todos los nichos. Blogs, negocios, comercio electr\u00f3nico, portafolio, restaurante y m\u00e1s. Todos los temas tienen licencia GPL y est\u00e1n preparados para dispositivos m\u00f3viles.","potentialAction":[{"@type":"SearchAction","target":{"@type":"EntryPoint","urlTemplate":"https:\/\/allwintheme.com\/?s={search_term_string}"},"query-input":{"@type":"PropertyValueSpecification","valueRequired":true,"valueName":"search_term_string"}}],"inLanguage":"es-CL"}]}},"_links":{"self":[{"href":"https:\/\/allwintheme.com\/es\/wp-json\/wp\/v2\/product\/10198","targetHints":{"allow":["GET"]}}],"collection":[{"href":"https:\/\/allwintheme.com\/es\/wp-json\/wp\/v2\/product"}],"about":[{"href":"https:\/\/allwintheme.com\/es\/wp-json\/wp\/v2\/types\/product"}],"replies":[{"embeddable":true,"href":"https:\/\/allwintheme.com\/es\/wp-json\/wp\/v2\/comments?post=10198"}],"version-history":[{"count":5,"href":"https:\/\/allwintheme.com\/es\/wp-json\/wp\/v2\/product\/10198\/revisions"}],"predecessor-version":[{"id":10203,"href":"https:\/\/allwintheme.com\/es\/wp-json\/wp\/v2\/product\/10198\/revisions\/10203"}],"wp:featuredmedia":[{"embeddable":true,"href":"https:\/\/allwintheme.com\/es\/wp-json\/wp\/v2\/media\/10121"}],"wp:attachment":[{"href":"https:\/\/allwintheme.com\/es\/wp-json\/wp\/v2\/media?parent=10198"}],"wp:term":[{"taxonomy":"product_brand","embeddable":true,"href":"https:\/\/allwintheme.com\/es\/wp-json\/wp\/v2\/product_brand?post=10198"},{"taxonomy":"product_cat","embeddable":true,"href":"https:\/\/allwintheme.com\/es\/wp-json\/wp\/v2\/product_cat?post=10198"},{"taxonomy":"product_tag","embeddable":true,"href":"https:\/\/allwintheme.com\/es\/wp-json\/wp\/v2\/product_tag?post=10198"}],"curies":[{"name":"wp","href":"https:\/\/api.w.org\/{rel}","templated":true}]}}