{"id":10211,"date":"2025-10-11T04:49:12","date_gmt":"2025-10-11T04:49:12","guid":{"rendered":"https:\/\/allwintheme.com\/?post_type=product&#038;p=10211"},"modified":"2025-10-11T05:01:39","modified_gmt":"2025-10-11T05:01:39","slug":"kieta-app-software-agency-elementor-template-kit","status":"publish","type":"product","link":"https:\/\/allwintheme.com\/es\/producto\/kieta-app-software-agency-elementor-template-kit\/","title":{"rendered":"Kieta - App &amp; Software Agency Elementor Template Kit"},"content":{"rendered":"<div data-elementor-type=\"wp-post\" data-elementor-id=\"10211\" class=\"elementor elementor-10211\" data-elementor-settings=\"{&quot;element_pack_global_tooltip_width&quot;:{&quot;unit&quot;:&quot;px&quot;,&quot;size&quot;:&quot;&quot;,&quot;sizes&quot;:[]},&quot;element_pack_global_tooltip_width_tablet&quot;:{&quot;unit&quot;:&quot;px&quot;,&quot;size&quot;:&quot;&quot;,&quot;sizes&quot;:[]},&quot;element_pack_global_tooltip_width_mobile&quot;:{&quot;unit&quot;:&quot;px&quot;,&quot;size&quot;:&quot;&quot;,&quot;sizes&quot;:[]},&quot;element_pack_global_tooltip_padding&quot;:{&quot;unit&quot;:&quot;px&quot;,&quot;top&quot;:&quot;&quot;,&quot;right&quot;:&quot;&quot;,&quot;bottom&quot;:&quot;&quot;,&quot;left&quot;:&quot;&quot;,&quot;isLinked&quot;:true},&quot;element_pack_global_tooltip_padding_tablet&quot;:{&quot;unit&quot;:&quot;px&quot;,&quot;top&quot;:&quot;&quot;,&quot;right&quot;:&quot;&quot;,&quot;bottom&quot;:&quot;&quot;,&quot;left&quot;:&quot;&quot;,&quot;isLinked&quot;:true},&quot;element_pack_global_tooltip_padding_mobile&quot;:{&quot;unit&quot;:&quot;px&quot;,&quot;top&quot;:&quot;&quot;,&quot;right&quot;:&quot;&quot;,&quot;bottom&quot;:&quot;&quot;,&quot;left&quot;:&quot;&quot;,&quot;isLinked&quot;:true},&quot;element_pack_global_tooltip_border_radius&quot;:{&quot;unit&quot;:&quot;px&quot;,&quot;top&quot;:&quot;&quot;,&quot;right&quot;:&quot;&quot;,&quot;bottom&quot;:&quot;&quot;,&quot;left&quot;:&quot;&quot;,&quot;isLinked&quot;:true},&quot;element_pack_global_tooltip_border_radius_tablet&quot;:{&quot;unit&quot;:&quot;px&quot;,&quot;top&quot;:&quot;&quot;,&quot;right&quot;:&quot;&quot;,&quot;bottom&quot;:&quot;&quot;,&quot;left&quot;:&quot;&quot;,&quot;isLinked&quot;:true},&quot;element_pack_global_tooltip_border_radius_mobile&quot;:{&quot;unit&quot;:&quot;px&quot;,&quot;top&quot;:&quot;&quot;,&quot;right&quot;:&quot;&quot;,&quot;bottom&quot;:&quot;&quot;,&quot;left&quot;:&quot;&quot;,&quot;isLinked&quot;:true}}\" data-elementor-post-type=\"product\">\n\t\t\t\t<div class=\"elementor-element elementor-element-93aa4a8 e-con-full e-flex e-con e-parent\" data-id=\"93aa4a8\" data-element_type=\"container\" data-e-type=\"container\">\n\t\t\t\t<div class=\"elementor-element elementor-element-2c3f760 miaoshu elementor-widget elementor-widget-wd_text_block\" data-id=\"2c3f760\" data-element_type=\"widget\" data-e-type=\"widget\" data-widget_type=\"wd_text_block.default\">\n\t\t\t\t<div class=\"elementor-widget-container\">\n\t\t\t\t\t\t\t<div class=\"wd-text-block reset-last-child text-left\">\n\t\t\t\n\t\t\t<h2>Kieta - Kit de plantillas Elementor para agencias de aplicaciones y software: Dise\u00f1os modernos para profesionales de la tecnolog\u00eda<\/h2>\n<p>En <strong>Kit de plantillas Elementor Kieta<\/strong> ofrece una base elegante y moderna para su sitio web de aplicaciones y agencias de software. Por ejemplo, los desarrolladores y las agencias utilizan activamente este kit para crear sitios profesionales adaptados a soluciones de TI, empresas tecnol\u00f3gicas, nuevas empresas, plataformas SaaS, agencias web y cualquier negocio relacionado con las TI. De este modo, podr\u00e1 lanzar p\u00e1ginas de alto rendimiento y visualmente impactantes que capten el car\u00e1cter innovador de su marca.<grok-card data-id=\"22a5c3\" data-type=\"citation_card\"><\/grok-card><\/p>\n\n<h3>Configuraci\u00f3n sin esfuerzo con Elementor Power<\/h3>\n<p>Kieta se integra perfectamente con el plugin de construcci\u00f3n de p\u00e1ginas Elementor para WordPress, para que puedas importar plantillas r\u00e1pidamente y personalizarlas sin problemas. Adem\u00e1s, este kit funciona mejor con el tema gratuito Hello Elementor, aunque se adapta bien a la mayor\u00eda de los temas compatibles con Elementor. De este modo, podr\u00e1s centrarte en la creatividad en lugar de en la configuraci\u00f3n t\u00e9cnica, lo que acelerar\u00e1 los plazos de tu proyecto.<grok-card data-id=\"33cac2\" data-type=\"citation_card\"><\/grok-card><\/p>\n\n<h3>Principales caracter\u00edsticas y ventajas<\/h3>\n<ul>\n    <li><strong>Plantillas Pro-Level:<\/strong> Acceda a p\u00e1ginas ya preparadas y optimizadas para las necesidades t\u00e9cnicas y de las agencias, que garantizan un aspecto funcional y pulido.<\/li>\n    <li><strong>Personalizaci\u00f3n total:<\/strong> Modifica dise\u00f1os, colores y contenido f\u00e1cilmente con Elementor para una flexibilidad de dise\u00f1o ilimitada.<\/li>\n    <li><strong>Dise\u00f1o receptivo:<\/strong> Las plantillas se adaptan perfectamente a ordenadores de sobremesa, tabletas y m\u00f3viles, mejorando la experiencia del usuario en todos los dispositivos.<\/li>\n    <li><strong>Proceso r\u00e1pido de importaci\u00f3n:<\/strong> Sube el kit a trav\u00e9s de Elementor, instala los requisitos e importa las plantillas una a una para utilizarlas al instante.<\/li>\n    <li><strong>Soporte de licencias de imagen:<\/strong> Incluye im\u00e1genes de demostraci\u00f3n de Envato Elements-lic\u00e9ncialas o intercambia las tuyas para la producci\u00f3n.<grok-card data-id=\"362d2a\" data-type=\"citation_card\"><\/grok-card><\/li>\n<\/ul>\n\n<h3>Transforme su presencia tecnol\u00f3gica<\/h3>\n<p>Este kit de plantillas te permite crear sitios web destacados que resalten tus servicios de forma eficaz. Por ejemplo, si tiene una startup de software o una consultor\u00eda de TI, Kieta le proporciona las herramientas necesarias para mostrar su cartera de productos y atraer clientes potenciales. Por lo tanto, usted eleva su presencia en l\u00ednea mientras mantiene la simplicidad y la velocidad en el desarrollo.<grok-card data-id=\"66866c\" data-type=\"citation_card\"><\/grok-card><\/p>\n\n<h3>Lanza tu sitio web con Kieta hoy mismo<\/h3>\n<p>Coge el <strong>Kieta - App &amp; Software Agency Elementor Template Kit<\/strong> y cree un sitio web que convierta a los visitantes en clientes. Con su est\u00e9tica moderna y su sencillo flujo de trabajo, conseguir\u00e1 resultados profesionales r\u00e1pidamente. Inst\u00e1lalo ahora y mejora el juego digital de tu agencia.<\/p>\n\t\t\t\t\t<\/div>\n\t\t\t\t\t\t<\/div>\n\t\t\t\t<\/div>\n\t\t\t\t<\/div>\n\t\t\t\t<\/div>","protected":false},"excerpt":{"rendered":"<p>Kieta \u2013 App &amp; Software Agency Elementor Template Kit: Modern Designs for Tech Pros The Kieta Elementor Template Kit delivers<\/p>","protected":false},"featured_media":10124,"comment_status":"open","ping_status":"closed","template":"","meta":{"_acf_changed":false},"product_brand":[],"product_cat":[50],"product_tag":[],"class_list":{"0":"post-10211","1":"product","2":"type-product","3":"status-publish","4":"has-post-thumbnail","6":"product_cat-template-kits","8":"first","9":"instock","10":"sale","11":"downloadable","12":"shipping-taxable","13":"purchasable","14":"product-type-simple"},"acf":[],"yoast_head":"<!-- This site is optimized with the Yoast SEO Premium plugin v25.6 (Yoast SEO v27.1.1) - https:\/\/yoast.com\/product\/yoast-seo-premium-wordpress\/ -->\n<title>Kieta \u2013 App &amp; Software Agency Elementor Template Kit - AllWin Theme \u2013 Free WordPress Themes Download<\/title>\n<meta name=\"description\" content=\"Build stunning websites for tech agencies with Kieta Elementor Template Kit. Modern designs for startups, SaaS, and IT services\u2014fully customizable.\" \/>\n<meta name=\"robots\" content=\"index, follow, max-snippet:-1, max-image-preview:large, max-video-preview:-1\" \/>\n<link rel=\"canonical\" href=\"https:\/\/allwintheme.com\/es\/producto\/kieta-app-software-agency-elementor-template-kit\/\" \/>\n<meta property=\"og:locale\" content=\"es_ES\" \/>\n<meta property=\"og:type\" content=\"article\" \/>\n<meta property=\"og:title\" content=\"Kieta \u2013 App &amp; Software Agency Elementor Template Kit\" \/>\n<meta property=\"og:description\" content=\"Build stunning websites for tech agencies with Kieta Elementor Template Kit. Modern designs for startups, SaaS, and IT services\u2014fully customizable.\" \/>\n<meta property=\"og:url\" content=\"https:\/\/allwintheme.com\/es\/producto\/kieta-app-software-agency-elementor-template-kit\/\" \/>\n<meta property=\"og:site_name\" content=\"AllWin Theme \u2013 Free WordPress Themes Download\" \/>\n<meta property=\"article:modified_time\" content=\"2025-10-11T05:01:39+00:00\" \/>\n<meta property=\"og:image\" content=\"https:\/\/allwintheme.com\/wp-content\/uploads\/2025\/10\/p6cx7bew.png\" \/>\n\t<meta property=\"og:image:width\" content=\"768\" \/>\n\t<meta property=\"og:image:height\" content=\"512\" \/>\n\t<meta property=\"og:image:type\" content=\"image\/png\" \/>\n<meta name=\"twitter:card\" content=\"summary_large_image\" \/>\n<meta name=\"twitter:label1\" content=\"Tiempo estimado de lectura\" \/>\n\t<meta name=\"twitter:data1\" content=\"2 minutos\" \/>\n<script type=\"application\/ld+json\" class=\"yoast-schema-graph\">{\"@context\":\"https:\/\/schema.org\",\"@graph\":[{\"@type\":\"WebPage\",\"@id\":\"https:\/\/allwintheme.com\/product\/kieta-app-software-agency-elementor-template-kit\/\",\"url\":\"https:\/\/allwintheme.com\/product\/kieta-app-software-agency-elementor-template-kit\/\",\"name\":\"Kieta \u2013 App & Software Agency Elementor Template Kit - AllWin Theme \u2013 Free WordPress Themes Download\",\"isPartOf\":{\"@id\":\"https:\/\/allwintheme.com\/#website\"},\"primaryImageOfPage\":{\"@id\":\"https:\/\/allwintheme.com\/product\/kieta-app-software-agency-elementor-template-kit\/#primaryimage\"},\"image\":{\"@id\":\"https:\/\/allwintheme.com\/product\/kieta-app-software-agency-elementor-template-kit\/#primaryimage\"},\"thumbnailUrl\":\"https:\/\/allwintheme.com\/wp-content\/uploads\/2025\/10\/p6cx7bew.png\",\"datePublished\":\"2025-10-11T04:49:12+00:00\",\"dateModified\":\"2025-10-11T05:01:39+00:00\",\"description\":\"Build stunning websites for tech agencies with Kieta Elementor Template Kit. Modern designs for startups, SaaS, and IT services\u2014fully customizable.\",\"breadcrumb\":{\"@id\":\"https:\/\/allwintheme.com\/product\/kieta-app-software-agency-elementor-template-kit\/#breadcrumb\"},\"inLanguage\":\"es-CL\",\"potentialAction\":[{\"@type\":\"ReadAction\",\"target\":[\"https:\/\/allwintheme.com\/product\/kieta-app-software-agency-elementor-template-kit\/\"]}]},{\"@type\":\"ImageObject\",\"inLanguage\":\"es-CL\",\"@id\":\"https:\/\/allwintheme.com\/product\/kieta-app-software-agency-elementor-template-kit\/#primaryimage\",\"url\":\"https:\/\/allwintheme.com\/wp-content\/uploads\/2025\/10\/p6cx7bew.png\",\"contentUrl\":\"https:\/\/allwintheme.com\/wp-content\/uploads\/2025\/10\/p6cx7bew.png\",\"width\":768,\"height\":512},{\"@type\":\"BreadcrumbList\",\"@id\":\"https:\/\/allwintheme.com\/product\/kieta-app-software-agency-elementor-template-kit\/#breadcrumb\",\"itemListElement\":[{\"@type\":\"ListItem\",\"position\":1,\"name\":\"Home\",\"item\":\"https:\/\/allwintheme.com\/\"},{\"@type\":\"ListItem\",\"position\":2,\"name\":\"Shop\",\"item\":\"https:\/\/allwintheme.com\/shop\/\"},{\"@type\":\"ListItem\",\"position\":3,\"name\":\"Kieta \u2013 App &#038; Software Agency Elementor Template Kit\"}]},{\"@type\":\"WebSite\",\"@id\":\"https:\/\/allwintheme.com\/#website\",\"url\":\"https:\/\/allwintheme.com\/\",\"name\":\"Allwintheme\",\"description\":\"Download free WordPress themes for every niche. Blogs, business, eCommerce, portfolio, restaurant and more. All themes are GPL licensed and mobile-ready.\",\"potentialAction\":[{\"@type\":\"SearchAction\",\"target\":{\"@type\":\"EntryPoint\",\"urlTemplate\":\"https:\/\/allwintheme.com\/?s={search_term_string}\"},\"query-input\":{\"@type\":\"PropertyValueSpecification\",\"valueRequired\":true,\"valueName\":\"search_term_string\"}}],\"inLanguage\":\"es-CL\"}]}<\/script>\n<!-- \/ Yoast SEO Premium plugin. -->","yoast_head_json":{"title":"Kieta \u2013 App & Software Agency Elementor Template Kit - AllWin Theme \u2013 Free WordPress Themes Download","description":"Construye impresionantes sitios web para agencias tecnol\u00f3gicas con Kieta Elementor Template Kit. Dise\u00f1os modernos para startups, SaaS y servicios de TI, totalmente personalizables.","robots":{"index":"index","follow":"follow","max-snippet":"max-snippet:-1","max-image-preview":"max-image-preview:large","max-video-preview":"max-video-preview:-1"},"canonical":"https:\/\/allwintheme.com\/es\/producto\/kieta-app-software-agency-elementor-template-kit\/","og_locale":"es_ES","og_type":"article","og_title":"Kieta \u2013 App & Software Agency Elementor Template Kit","og_description":"Build stunning websites for tech agencies with Kieta Elementor Template Kit. Modern designs for startups, SaaS, and IT services\u2014fully customizable.","og_url":"https:\/\/allwintheme.com\/es\/producto\/kieta-app-software-agency-elementor-template-kit\/","og_site_name":"AllWin Theme \u2013 Free WordPress Themes Download","article_modified_time":"2025-10-11T05:01:39+00:00","og_image":[{"width":768,"height":512,"url":"https:\/\/allwintheme.com\/wp-content\/uploads\/2025\/10\/p6cx7bew.png","type":"image\/png"}],"twitter_card":"summary_large_image","twitter_misc":{"Tiempo estimado de lectura":"2 minutos"},"schema":{"@context":"https:\/\/schema.org","@graph":[{"@type":"WebPage","@id":"https:\/\/allwintheme.com\/product\/kieta-app-software-agency-elementor-template-kit\/","url":"https:\/\/allwintheme.com\/product\/kieta-app-software-agency-elementor-template-kit\/","name":"Kieta \u2013 App & Software Agency Elementor Template Kit - AllWin Theme \u2013 Free WordPress Themes Download","isPartOf":{"@id":"https:\/\/allwintheme.com\/#website"},"primaryImageOfPage":{"@id":"https:\/\/allwintheme.com\/product\/kieta-app-software-agency-elementor-template-kit\/#primaryimage"},"image":{"@id":"https:\/\/allwintheme.com\/product\/kieta-app-software-agency-elementor-template-kit\/#primaryimage"},"thumbnailUrl":"https:\/\/allwintheme.com\/wp-content\/uploads\/2025\/10\/p6cx7bew.png","datePublished":"2025-10-11T04:49:12+00:00","dateModified":"2025-10-11T05:01:39+00:00","description":"Construye impresionantes sitios web para agencias tecnol\u00f3gicas con Kieta Elementor Template Kit. Dise\u00f1os modernos para startups, SaaS y servicios de TI, totalmente personalizables.","breadcrumb":{"@id":"https:\/\/allwintheme.com\/product\/kieta-app-software-agency-elementor-template-kit\/#breadcrumb"},"inLanguage":"es-CL","potentialAction":[{"@type":"ReadAction","target":["https:\/\/allwintheme.com\/product\/kieta-app-software-agency-elementor-template-kit\/"]}]},{"@type":"ImageObject","inLanguage":"es-CL","@id":"https:\/\/allwintheme.com\/product\/kieta-app-software-agency-elementor-template-kit\/#primaryimage","url":"https:\/\/allwintheme.com\/wp-content\/uploads\/2025\/10\/p6cx7bew.png","contentUrl":"https:\/\/allwintheme.com\/wp-content\/uploads\/2025\/10\/p6cx7bew.png","width":768,"height":512},{"@type":"BreadcrumbList","@id":"https:\/\/allwintheme.com\/product\/kieta-app-software-agency-elementor-template-kit\/#breadcrumb","itemListElement":[{"@type":"ListItem","position":1,"name":"Home","item":"https:\/\/allwintheme.com\/"},{"@type":"ListItem","position":2,"name":"Shop","item":"https:\/\/allwintheme.com\/shop\/"},{"@type":"ListItem","position":3,"name":"Kieta \u2013 App &#038; Software Agency Elementor Template Kit"}]},{"@type":"WebSite","@id":"https:\/\/allwintheme.com\/#website","url":"https:\/\/allwintheme.com\/","name":"Allwintheme","description":"Descarga gratis temas de WordPress para todos los nichos. Blogs, negocios, comercio electr\u00f3nico, portafolio, restaurante y m\u00e1s. Todos los temas tienen licencia GPL y est\u00e1n preparados para dispositivos m\u00f3viles.","potentialAction":[{"@type":"SearchAction","target":{"@type":"EntryPoint","urlTemplate":"https:\/\/allwintheme.com\/?s={search_term_string}"},"query-input":{"@type":"PropertyValueSpecification","valueRequired":true,"valueName":"search_term_string"}}],"inLanguage":"es-CL"}]}},"_links":{"self":[{"href":"https:\/\/allwintheme.com\/es\/wp-json\/wp\/v2\/product\/10211","targetHints":{"allow":["GET"]}}],"collection":[{"href":"https:\/\/allwintheme.com\/es\/wp-json\/wp\/v2\/product"}],"about":[{"href":"https:\/\/allwintheme.com\/es\/wp-json\/wp\/v2\/types\/product"}],"replies":[{"embeddable":true,"href":"https:\/\/allwintheme.com\/es\/wp-json\/wp\/v2\/comments?post=10211"}],"version-history":[{"count":5,"href":"https:\/\/allwintheme.com\/es\/wp-json\/wp\/v2\/product\/10211\/revisions"}],"predecessor-version":[{"id":10226,"href":"https:\/\/allwintheme.com\/es\/wp-json\/wp\/v2\/product\/10211\/revisions\/10226"}],"wp:featuredmedia":[{"embeddable":true,"href":"https:\/\/allwintheme.com\/es\/wp-json\/wp\/v2\/media\/10124"}],"wp:attachment":[{"href":"https:\/\/allwintheme.com\/es\/wp-json\/wp\/v2\/media?parent=10211"}],"wp:term":[{"taxonomy":"product_brand","embeddable":true,"href":"https:\/\/allwintheme.com\/es\/wp-json\/wp\/v2\/product_brand?post=10211"},{"taxonomy":"product_cat","embeddable":true,"href":"https:\/\/allwintheme.com\/es\/wp-json\/wp\/v2\/product_cat?post=10211"},{"taxonomy":"product_tag","embeddable":true,"href":"https:\/\/allwintheme.com\/es\/wp-json\/wp\/v2\/product_tag?post=10211"}],"curies":[{"name":"wp","href":"https:\/\/api.w.org\/{rel}","templated":true}]}}