{"id":10212,"date":"2025-10-11T04:49:13","date_gmt":"2025-10-11T04:49:13","guid":{"rendered":"https:\/\/allwintheme.com\/?post_type=product&#038;p=10212"},"modified":"2025-10-11T13:14:21","modified_gmt":"2025-10-11T13:14:21","slug":"appgue-mobile-app-showcase-elementor-pro-template-kit","status":"publish","type":"product","link":"https:\/\/allwintheme.com\/es\/producto\/appgue-mobile-app-showcase-elementor-pro-template-kit\/","title":{"rendered":"AppGUE - Mobile App Showcase Elementor Pro Template Kit"},"content":{"rendered":"<div data-elementor-type=\"wp-post\" data-elementor-id=\"10212\" class=\"elementor elementor-10212\" data-elementor-settings=\"{&quot;element_pack_global_tooltip_width&quot;:{&quot;unit&quot;:&quot;px&quot;,&quot;size&quot;:&quot;&quot;,&quot;sizes&quot;:[]},&quot;element_pack_global_tooltip_width_tablet&quot;:{&quot;unit&quot;:&quot;px&quot;,&quot;size&quot;:&quot;&quot;,&quot;sizes&quot;:[]},&quot;element_pack_global_tooltip_width_mobile&quot;:{&quot;unit&quot;:&quot;px&quot;,&quot;size&quot;:&quot;&quot;,&quot;sizes&quot;:[]},&quot;element_pack_global_tooltip_padding&quot;:{&quot;unit&quot;:&quot;px&quot;,&quot;top&quot;:&quot;&quot;,&quot;right&quot;:&quot;&quot;,&quot;bottom&quot;:&quot;&quot;,&quot;left&quot;:&quot;&quot;,&quot;isLinked&quot;:true},&quot;element_pack_global_tooltip_padding_tablet&quot;:{&quot;unit&quot;:&quot;px&quot;,&quot;top&quot;:&quot;&quot;,&quot;right&quot;:&quot;&quot;,&quot;bottom&quot;:&quot;&quot;,&quot;left&quot;:&quot;&quot;,&quot;isLinked&quot;:true},&quot;element_pack_global_tooltip_padding_mobile&quot;:{&quot;unit&quot;:&quot;px&quot;,&quot;top&quot;:&quot;&quot;,&quot;right&quot;:&quot;&quot;,&quot;bottom&quot;:&quot;&quot;,&quot;left&quot;:&quot;&quot;,&quot;isLinked&quot;:true},&quot;element_pack_global_tooltip_border_radius&quot;:{&quot;unit&quot;:&quot;px&quot;,&quot;top&quot;:&quot;&quot;,&quot;right&quot;:&quot;&quot;,&quot;bottom&quot;:&quot;&quot;,&quot;left&quot;:&quot;&quot;,&quot;isLinked&quot;:true},&quot;element_pack_global_tooltip_border_radius_tablet&quot;:{&quot;unit&quot;:&quot;px&quot;,&quot;top&quot;:&quot;&quot;,&quot;right&quot;:&quot;&quot;,&quot;bottom&quot;:&quot;&quot;,&quot;left&quot;:&quot;&quot;,&quot;isLinked&quot;:true},&quot;element_pack_global_tooltip_border_radius_mobile&quot;:{&quot;unit&quot;:&quot;px&quot;,&quot;top&quot;:&quot;&quot;,&quot;right&quot;:&quot;&quot;,&quot;bottom&quot;:&quot;&quot;,&quot;left&quot;:&quot;&quot;,&quot;isLinked&quot;:true}}\" data-elementor-post-type=\"product\">\n\t\t\t\t<div class=\"elementor-element elementor-element-93aa4a8 e-con-full e-flex e-con e-parent\" data-id=\"93aa4a8\" data-element_type=\"container\" data-e-type=\"container\">\n\t\t\t\t<div class=\"elementor-element elementor-element-2c3f760 miaoshu elementor-widget elementor-widget-wd_text_block\" data-id=\"2c3f760\" data-element_type=\"widget\" data-e-type=\"widget\" data-widget_type=\"wd_text_block.default\">\n\t\t\t\t<div class=\"elementor-widget-container\">\n\t\t\t\t\t\t\t<div class=\"wd-text-block reset-last-child text-left\">\n\t\t\t\n\t\t\t<h2>AppGUE - Escaparate de aplicaciones m\u00f3viles: Lanza tu aplicaci\u00f3n con impresionantes plantillas de Elementor<\/h2>\n<p>En <strong>AppGUE - Mobile App Showcase Elementor Pro Template Kit<\/strong> ofrece una completa colecci\u00f3n de p\u00e1ginas de marketing adaptadas a Elementor Pro. Por ejemplo, los desarrolladores y vendedores utilizan activamente estas plantillas para destacar aplicaciones o servicios m\u00f3viles con dise\u00f1os inteligentes y flexibles. De este modo, podr\u00e1s crear sitios atractivos que impulsen las descargas y el inter\u00e9s de los usuarios sin complicaciones de codificaci\u00f3n.<grok-card data-id=\"c827af\" data-type=\"citation_card\"><\/grok-card><grok-card data-id=\"fef575\" data-type=\"citation_card\"><\/grok-card><\/p>\n\n<h3>Cree p\u00e1ginas adaptables con facilidad<\/h3>\n<p>AppGUE te equipa con dise\u00f1os totalmente adaptativos probados en los principales dispositivos, lo que garantiza un rendimiento perfecto en ordenadores de sobremesa, tabletas y m\u00f3viles. Adem\u00e1s, puedes importar plantillas directamente a Elementor en Plantillas &gt; Plantillas guardadas y personalizarlas sin esfuerzo. Como resultado, podr\u00e1s crear escaparates de aplicaciones profesionales en cuesti\u00f3n de minutos y centrarte en la creatividad en lugar de en la configuraci\u00f3n.<grok-card data-id=\"d91885\" data-type=\"citation_card\"><\/grok-card><\/p>\n\n<h3>Principales caracter\u00edsticas y ventajas<\/h3>\n<ul>\n    <li><strong>P\u00e1ginas de marketing preconstruidas:<\/strong> Acceda a dise\u00f1os listos para usar para p\u00e1ginas de inicio, precios, caracter\u00edsticas, equipo, blog, preguntas frecuentes, contacto y mucho m\u00e1s para promocionar su aplicaci\u00f3n de forma eficaz.<\/li>\n    <li><strong>100% Dise\u00f1o adaptable:<\/strong> Las plantillas se adaptan perfectamente a cualquier tama\u00f1o de pantalla, ofreciendo experiencias de usuario \u00f3ptimas en todas partes.<\/li>\n    <li><strong>Personalizaci\u00f3n sin c\u00f3digo:<\/strong> La edici\u00f3n mediante arrastrar y soltar en Elementor Pro te permite modificar colores, fuentes y contenido sin necesidad de conocimientos t\u00e9cnicos.<\/li>\n    <li><strong>Integraci\u00f3n perfecta:<\/strong> Funciona con el constructor de p\u00e1ginas Elementor, incluyendo cabeceras, pies de p\u00e1gina y complementos como MetForm para una funcionalidad mejorada.<grok-card data-id=\"e6a307\" data-type=\"citation_card\"><\/grok-card><\/li>\n<\/ul>\n\n<h3>Racionalice el flujo de trabajo de promoci\u00f3n de su aplicaci\u00f3n<\/h3>\n<p>Este kit de plantillas simplifica el marketing de aplicaciones para startups y desarrolladores. Por ejemplo, si necesitas mostrar funciones o captar clientes potenciales, AppGUE ofrece p\u00e1ginas flexibles y de gran impacto que impulsan las conversiones. Por lo tanto, ahorrar\u00e1 tiempo en el dise\u00f1o a la vez que consigue un aspecto pulido y moderno que cautiva a su p\u00fablico.<grok-card data-id=\"bade2d\" data-type=\"citation_card\"><\/grok-card><\/p>\n\n<h3>Empiece a mostrar su aplicaci\u00f3n hoy mismo<\/h3>\n<p>Mejore la presencia de su aplicaci\u00f3n m\u00f3vil con <strong>AppGUE - Mobile App Showcase Elementor Pro Template Kit<\/strong>. Combinando herramientas intuitivas y efectos visuales asombrosos, podr\u00e1 crear sitios atractivos que destaquen. \u00a1Desc\u00e1rgalo ahora y transforma tus esfuerzos de promoci\u00f3n de aplicaciones!<\/p>\n\t\t\t\t\t<\/div>\n\t\t\t\t\t\t<\/div>\n\t\t\t\t<\/div>\n\t\t\t\t<\/div>\n\t\t\t\t<\/div>","protected":false},"excerpt":{"rendered":"<p>AppGUE \u2013 Mobile App Showcase: Launch Your App with Stunning Elementor Templates The AppGUE \u2013 Mobile App Showcase Elementor Pro<\/p>","protected":false},"featured_media":10126,"comment_status":"open","ping_status":"closed","template":"","meta":{"_acf_changed":false},"product_brand":[],"product_cat":[50],"product_tag":[],"class_list":{"0":"post-10212","1":"product","2":"type-product","3":"status-publish","4":"has-post-thumbnail","6":"product_cat-template-kits","8":"first","9":"instock","10":"sale","11":"downloadable","12":"shipping-taxable","13":"purchasable","14":"product-type-simple"},"acf":[],"yoast_head":"<!-- This site is optimized with the Yoast SEO Premium plugin v25.6 (Yoast SEO v27.1.1) - https:\/\/yoast.com\/product\/yoast-seo-premium-wordpress\/ -->\n<title>AppGUE \u2013 Mobile App Showcase Elementor Pro Template Kit - AllWin Theme \u2013 Free WordPress Themes Download<\/title>\n<meta name=\"description\" content=\"Showcase your mobile app with AppGUE Elementor Pro Template Kit. Build responsive marketing pages effortlessly, no coding required.\" \/>\n<meta name=\"robots\" content=\"index, follow, max-snippet:-1, max-image-preview:large, max-video-preview:-1\" \/>\n<link rel=\"canonical\" href=\"https:\/\/allwintheme.com\/es\/producto\/appgue-mobile-app-showcase-elementor-pro-template-kit\/\" \/>\n<meta property=\"og:locale\" content=\"es_ES\" \/>\n<meta property=\"og:type\" content=\"article\" \/>\n<meta property=\"og:title\" content=\"AppGUE \u2013 Mobile App Showcase Elementor Pro Template Kit\" \/>\n<meta property=\"og:description\" content=\"Showcase your mobile app with AppGUE Elementor Pro Template Kit. Build responsive marketing pages effortlessly, no coding required.\" \/>\n<meta property=\"og:url\" content=\"https:\/\/allwintheme.com\/es\/producto\/appgue-mobile-app-showcase-elementor-pro-template-kit\/\" \/>\n<meta property=\"og:site_name\" content=\"AllWin Theme \u2013 Free WordPress Themes Download\" \/>\n<meta property=\"article:modified_time\" content=\"2025-10-11T13:14:21+00:00\" \/>\n<meta property=\"og:image\" content=\"https:\/\/allwintheme.com\/wp-content\/uploads\/2025\/10\/9wh08nsn.png\" \/>\n\t<meta property=\"og:image:width\" content=\"768\" \/>\n\t<meta property=\"og:image:height\" content=\"512\" \/>\n\t<meta property=\"og:image:type\" content=\"image\/png\" \/>\n<meta name=\"twitter:card\" content=\"summary_large_image\" \/>\n<meta name=\"twitter:label1\" content=\"Tiempo estimado de lectura\" \/>\n\t<meta name=\"twitter:data1\" content=\"2 minutos\" \/>\n<script type=\"application\/ld+json\" class=\"yoast-schema-graph\">{\"@context\":\"https:\/\/schema.org\",\"@graph\":[{\"@type\":\"WebPage\",\"@id\":\"https:\/\/allwintheme.com\/product\/appgue-mobile-app-showcase-elementor-pro-template-kit\/\",\"url\":\"https:\/\/allwintheme.com\/product\/appgue-mobile-app-showcase-elementor-pro-template-kit\/\",\"name\":\"AppGUE \u2013 Mobile App Showcase Elementor Pro Template Kit - AllWin Theme \u2013 Free WordPress Themes Download\",\"isPartOf\":{\"@id\":\"https:\/\/allwintheme.com\/#website\"},\"primaryImageOfPage\":{\"@id\":\"https:\/\/allwintheme.com\/product\/appgue-mobile-app-showcase-elementor-pro-template-kit\/#primaryimage\"},\"image\":{\"@id\":\"https:\/\/allwintheme.com\/product\/appgue-mobile-app-showcase-elementor-pro-template-kit\/#primaryimage\"},\"thumbnailUrl\":\"https:\/\/allwintheme.com\/wp-content\/uploads\/2025\/10\/9wh08nsn.png\",\"datePublished\":\"2025-10-11T04:49:13+00:00\",\"dateModified\":\"2025-10-11T13:14:21+00:00\",\"description\":\"Showcase your mobile app with AppGUE Elementor Pro Template Kit. Build responsive marketing pages effortlessly, no coding required.\",\"breadcrumb\":{\"@id\":\"https:\/\/allwintheme.com\/product\/appgue-mobile-app-showcase-elementor-pro-template-kit\/#breadcrumb\"},\"inLanguage\":\"es-CL\",\"potentialAction\":[{\"@type\":\"ReadAction\",\"target\":[\"https:\/\/allwintheme.com\/product\/appgue-mobile-app-showcase-elementor-pro-template-kit\/\"]}]},{\"@type\":\"ImageObject\",\"inLanguage\":\"es-CL\",\"@id\":\"https:\/\/allwintheme.com\/product\/appgue-mobile-app-showcase-elementor-pro-template-kit\/#primaryimage\",\"url\":\"https:\/\/allwintheme.com\/wp-content\/uploads\/2025\/10\/9wh08nsn.png\",\"contentUrl\":\"https:\/\/allwintheme.com\/wp-content\/uploads\/2025\/10\/9wh08nsn.png\",\"width\":768,\"height\":512},{\"@type\":\"BreadcrumbList\",\"@id\":\"https:\/\/allwintheme.com\/product\/appgue-mobile-app-showcase-elementor-pro-template-kit\/#breadcrumb\",\"itemListElement\":[{\"@type\":\"ListItem\",\"position\":1,\"name\":\"Home\",\"item\":\"https:\/\/allwintheme.com\/\"},{\"@type\":\"ListItem\",\"position\":2,\"name\":\"Shop\",\"item\":\"https:\/\/allwintheme.com\/shop\/\"},{\"@type\":\"ListItem\",\"position\":3,\"name\":\"AppGUE \u2013 Mobile App Showcase Elementor Pro Template Kit\"}]},{\"@type\":\"WebSite\",\"@id\":\"https:\/\/allwintheme.com\/#website\",\"url\":\"https:\/\/allwintheme.com\/\",\"name\":\"Allwintheme\",\"description\":\"Download free WordPress themes for every niche. Blogs, business, eCommerce, portfolio, restaurant and more. All themes are GPL licensed and mobile-ready.\",\"potentialAction\":[{\"@type\":\"SearchAction\",\"target\":{\"@type\":\"EntryPoint\",\"urlTemplate\":\"https:\/\/allwintheme.com\/?s={search_term_string}\"},\"query-input\":{\"@type\":\"PropertyValueSpecification\",\"valueRequired\":true,\"valueName\":\"search_term_string\"}}],\"inLanguage\":\"es-CL\"}]}<\/script>\n<!-- \/ Yoast SEO Premium plugin. -->","yoast_head_json":{"title":"AppGUE \u2013 Mobile App Showcase Elementor Pro Template Kit - AllWin Theme \u2013 Free WordPress Themes Download","description":"Muestre su aplicaci\u00f3n m\u00f3vil con el kit de plantillas AppGUE Elementor Pro. Crea p\u00e1ginas de marketing adaptativas sin esfuerzo, sin necesidad de programaci\u00f3n.","robots":{"index":"index","follow":"follow","max-snippet":"max-snippet:-1","max-image-preview":"max-image-preview:large","max-video-preview":"max-video-preview:-1"},"canonical":"https:\/\/allwintheme.com\/es\/producto\/appgue-mobile-app-showcase-elementor-pro-template-kit\/","og_locale":"es_ES","og_type":"article","og_title":"AppGUE \u2013 Mobile App Showcase Elementor Pro Template Kit","og_description":"Showcase your mobile app with AppGUE Elementor Pro Template Kit. Build responsive marketing pages effortlessly, no coding required.","og_url":"https:\/\/allwintheme.com\/es\/producto\/appgue-mobile-app-showcase-elementor-pro-template-kit\/","og_site_name":"AllWin Theme \u2013 Free WordPress Themes Download","article_modified_time":"2025-10-11T13:14:21+00:00","og_image":[{"width":768,"height":512,"url":"https:\/\/allwintheme.com\/wp-content\/uploads\/2025\/10\/9wh08nsn.png","type":"image\/png"}],"twitter_card":"summary_large_image","twitter_misc":{"Tiempo estimado de lectura":"2 minutos"},"schema":{"@context":"https:\/\/schema.org","@graph":[{"@type":"WebPage","@id":"https:\/\/allwintheme.com\/product\/appgue-mobile-app-showcase-elementor-pro-template-kit\/","url":"https:\/\/allwintheme.com\/product\/appgue-mobile-app-showcase-elementor-pro-template-kit\/","name":"AppGUE \u2013 Mobile App Showcase Elementor Pro Template Kit - AllWin Theme \u2013 Free WordPress Themes Download","isPartOf":{"@id":"https:\/\/allwintheme.com\/#website"},"primaryImageOfPage":{"@id":"https:\/\/allwintheme.com\/product\/appgue-mobile-app-showcase-elementor-pro-template-kit\/#primaryimage"},"image":{"@id":"https:\/\/allwintheme.com\/product\/appgue-mobile-app-showcase-elementor-pro-template-kit\/#primaryimage"},"thumbnailUrl":"https:\/\/allwintheme.com\/wp-content\/uploads\/2025\/10\/9wh08nsn.png","datePublished":"2025-10-11T04:49:13+00:00","dateModified":"2025-10-11T13:14:21+00:00","description":"Muestre su aplicaci\u00f3n m\u00f3vil con el kit de plantillas AppGUE Elementor Pro. Crea p\u00e1ginas de marketing adaptativas sin esfuerzo, sin necesidad de programaci\u00f3n.","breadcrumb":{"@id":"https:\/\/allwintheme.com\/product\/appgue-mobile-app-showcase-elementor-pro-template-kit\/#breadcrumb"},"inLanguage":"es-CL","potentialAction":[{"@type":"ReadAction","target":["https:\/\/allwintheme.com\/product\/appgue-mobile-app-showcase-elementor-pro-template-kit\/"]}]},{"@type":"ImageObject","inLanguage":"es-CL","@id":"https:\/\/allwintheme.com\/product\/appgue-mobile-app-showcase-elementor-pro-template-kit\/#primaryimage","url":"https:\/\/allwintheme.com\/wp-content\/uploads\/2025\/10\/9wh08nsn.png","contentUrl":"https:\/\/allwintheme.com\/wp-content\/uploads\/2025\/10\/9wh08nsn.png","width":768,"height":512},{"@type":"BreadcrumbList","@id":"https:\/\/allwintheme.com\/product\/appgue-mobile-app-showcase-elementor-pro-template-kit\/#breadcrumb","itemListElement":[{"@type":"ListItem","position":1,"name":"Home","item":"https:\/\/allwintheme.com\/"},{"@type":"ListItem","position":2,"name":"Shop","item":"https:\/\/allwintheme.com\/shop\/"},{"@type":"ListItem","position":3,"name":"AppGUE \u2013 Mobile App Showcase Elementor Pro Template Kit"}]},{"@type":"WebSite","@id":"https:\/\/allwintheme.com\/#website","url":"https:\/\/allwintheme.com\/","name":"Allwintheme","description":"Descarga gratis temas de WordPress para todos los nichos. Blogs, negocios, comercio electr\u00f3nico, portafolio, restaurante y m\u00e1s. Todos los temas tienen licencia GPL y est\u00e1n preparados para dispositivos m\u00f3viles.","potentialAction":[{"@type":"SearchAction","target":{"@type":"EntryPoint","urlTemplate":"https:\/\/allwintheme.com\/?s={search_term_string}"},"query-input":{"@type":"PropertyValueSpecification","valueRequired":true,"valueName":"search_term_string"}}],"inLanguage":"es-CL"}]}},"_links":{"self":[{"href":"https:\/\/allwintheme.com\/es\/wp-json\/wp\/v2\/product\/10212","targetHints":{"allow":["GET"]}}],"collection":[{"href":"https:\/\/allwintheme.com\/es\/wp-json\/wp\/v2\/product"}],"about":[{"href":"https:\/\/allwintheme.com\/es\/wp-json\/wp\/v2\/types\/product"}],"replies":[{"embeddable":true,"href":"https:\/\/allwintheme.com\/es\/wp-json\/wp\/v2\/comments?post=10212"}],"version-history":[{"count":14,"href":"https:\/\/allwintheme.com\/es\/wp-json\/wp\/v2\/product\/10212\/revisions"}],"predecessor-version":[{"id":10238,"href":"https:\/\/allwintheme.com\/es\/wp-json\/wp\/v2\/product\/10212\/revisions\/10238"}],"wp:featuredmedia":[{"embeddable":true,"href":"https:\/\/allwintheme.com\/es\/wp-json\/wp\/v2\/media\/10126"}],"wp:attachment":[{"href":"https:\/\/allwintheme.com\/es\/wp-json\/wp\/v2\/media?parent=10212"}],"wp:term":[{"taxonomy":"product_brand","embeddable":true,"href":"https:\/\/allwintheme.com\/es\/wp-json\/wp\/v2\/product_brand?post=10212"},{"taxonomy":"product_cat","embeddable":true,"href":"https:\/\/allwintheme.com\/es\/wp-json\/wp\/v2\/product_cat?post=10212"},{"taxonomy":"product_tag","embeddable":true,"href":"https:\/\/allwintheme.com\/es\/wp-json\/wp\/v2\/product_tag?post=10212"}],"curies":[{"name":"wp","href":"https:\/\/api.w.org\/{rel}","templated":true}]}}