{"id":10231,"date":"2025-10-11T05:02:56","date_gmt":"2025-10-11T05:02:56","guid":{"rendered":"https:\/\/allwintheme.com\/?post_type=product&#038;p=10231"},"modified":"2025-10-11T13:28:09","modified_gmt":"2025-10-11T13:28:09","slug":"eapp-landing-page-elementor-template","status":"publish","type":"product","link":"https:\/\/allwintheme.com\/es\/producto\/eapp-landing-page-elementor-template\/","title":{"rendered":"eApp - Plantilla Elementor para P\u00e1gina de Aterrizaje"},"content":{"rendered":"<div data-elementor-type=\"wp-post\" data-elementor-id=\"10231\" class=\"elementor elementor-10231\" data-elementor-settings=\"{&quot;element_pack_global_tooltip_width&quot;:{&quot;unit&quot;:&quot;px&quot;,&quot;size&quot;:&quot;&quot;,&quot;sizes&quot;:[]},&quot;element_pack_global_tooltip_width_tablet&quot;:{&quot;unit&quot;:&quot;px&quot;,&quot;size&quot;:&quot;&quot;,&quot;sizes&quot;:[]},&quot;element_pack_global_tooltip_width_mobile&quot;:{&quot;unit&quot;:&quot;px&quot;,&quot;size&quot;:&quot;&quot;,&quot;sizes&quot;:[]},&quot;element_pack_global_tooltip_padding&quot;:{&quot;unit&quot;:&quot;px&quot;,&quot;top&quot;:&quot;&quot;,&quot;right&quot;:&quot;&quot;,&quot;bottom&quot;:&quot;&quot;,&quot;left&quot;:&quot;&quot;,&quot;isLinked&quot;:true},&quot;element_pack_global_tooltip_padding_tablet&quot;:{&quot;unit&quot;:&quot;px&quot;,&quot;top&quot;:&quot;&quot;,&quot;right&quot;:&quot;&quot;,&quot;bottom&quot;:&quot;&quot;,&quot;left&quot;:&quot;&quot;,&quot;isLinked&quot;:true},&quot;element_pack_global_tooltip_padding_mobile&quot;:{&quot;unit&quot;:&quot;px&quot;,&quot;top&quot;:&quot;&quot;,&quot;right&quot;:&quot;&quot;,&quot;bottom&quot;:&quot;&quot;,&quot;left&quot;:&quot;&quot;,&quot;isLinked&quot;:true},&quot;element_pack_global_tooltip_border_radius&quot;:{&quot;unit&quot;:&quot;px&quot;,&quot;top&quot;:&quot;&quot;,&quot;right&quot;:&quot;&quot;,&quot;bottom&quot;:&quot;&quot;,&quot;left&quot;:&quot;&quot;,&quot;isLinked&quot;:true},&quot;element_pack_global_tooltip_border_radius_tablet&quot;:{&quot;unit&quot;:&quot;px&quot;,&quot;top&quot;:&quot;&quot;,&quot;right&quot;:&quot;&quot;,&quot;bottom&quot;:&quot;&quot;,&quot;left&quot;:&quot;&quot;,&quot;isLinked&quot;:true},&quot;element_pack_global_tooltip_border_radius_mobile&quot;:{&quot;unit&quot;:&quot;px&quot;,&quot;top&quot;:&quot;&quot;,&quot;right&quot;:&quot;&quot;,&quot;bottom&quot;:&quot;&quot;,&quot;left&quot;:&quot;&quot;,&quot;isLinked&quot;:true}}\" data-elementor-post-type=\"product\">\n\t\t\t\t<div class=\"elementor-element elementor-element-93aa4a8 e-con-full e-flex e-con e-parent\" data-id=\"93aa4a8\" data-element_type=\"container\" data-e-type=\"container\">\n\t\t\t\t<div class=\"elementor-element elementor-element-2c3f760 miaoshu elementor-widget elementor-widget-wd_text_block\" data-id=\"2c3f760\" data-element_type=\"widget\" data-e-type=\"widget\" data-widget_type=\"wd_text_block.default\">\n\t\t\t\t<div class=\"elementor-widget-container\">\n\t\t\t\t\t\t\t<div class=\"wd-text-block reset-last-child text-left\">\n\t\t\t\n\t\t\t<h2>eApp - Plantilla Elementor de P\u00e1gina de Aterrizaje: Muestra tu aplicaci\u00f3n con estilo<\/h2>\n<p>En <strong>eApp - Plantilla Elementor para P\u00e1gina de Aterrizaje<\/strong> le permite crear p\u00e1ginas de destino visualmente atractivas y de alta conversi\u00f3n para su aplicaci\u00f3n m\u00f3vil o web. Por ejemplo, puedes dise\u00f1ar r\u00e1pidamente una p\u00e1gina profesional que destaque las caracter\u00edsticas de tu aplicaci\u00f3n e impulse la participaci\u00f3n de los usuarios. Como resultado, esta plantilla le ayuda a atraer m\u00e1s descargas y aumentar las conversiones sin esfuerzo.<\/p>\n\n<h3>Construya con facilidad y flexibilidad<\/h3>\n<p>Con eApp, puedes personalizar activamente cada secci\u00f3n utilizando la interfaz de arrastrar y soltar de Elementor. Por ejemplo, puedes ajustar el dise\u00f1o, los colores y las fuentes para adaptarlos a tu marca sin necesidad de conocimientos de programaci\u00f3n. Adem\u00e1s, el dise\u00f1o adaptativo de la plantilla garantiza que tu p\u00e1gina de destino se vea impecable en ordenadores de sobremesa, tabletas y smartphones, proporcionando una experiencia de usuario perfecta.<\/p>\n\n<h3>Principales caracter\u00edsticas y ventajas<\/h3>\n<ul>\n    <li><strong>Totalmente personalizable:<\/strong> Adapte cada elemento, desde los botones hasta los fondos, para que coincida con la marca de su aplicaci\u00f3n.<\/li>\n    <li><strong>Dise\u00f1o receptivo:<\/strong> Ofrezca un aspecto coherente y profesional en todos los dispositivos para lograr el m\u00e1ximo alcance.<\/li>\n    <li><strong>Conversi\u00f3n optimizada:<\/strong> Dise\u00f1ado con elementos de llamada a la acci\u00f3n para impulsar las descargas y las inscripciones de usuarios.<\/li>\n    <li><strong>Compatibilidad con Elementor:<\/strong> Se integra perfectamente con Elementor para una edici\u00f3n intuitiva y sin c\u00f3digo.<\/li>\n    <li><strong>Configuraci\u00f3n r\u00e1pida:<\/strong> Lance su p\u00e1gina de destino r\u00e1pidamente con secciones preconstruidas y herramientas f\u00e1ciles de usar.<\/li>\n<\/ul>\n\n<h3>\u00bfPor qu\u00e9 elegir eApp?<\/h3>\n<p>La plantilla eApp simplifica el proceso de creaci\u00f3n de una impresionante p\u00e1gina de destino que destaque. Por ejemplo, puede mostrar capturas de pantalla de la aplicaci\u00f3n, destacar las caracter\u00edsticas clave o a\u00f1adir testimonios para generar confianza. En consecuencia, esta plantilla le ahorra tiempo a la vez que ofrece un resultado pulido y profesional que atrae a su p\u00fablico.<\/p>\n\n<h3>Lance su aplicaci\u00f3n con estilo<\/h3>\n<p>Mejore la presencia en l\u00ednea de su aplicaci\u00f3n con la aplicaci\u00f3n <strong>eApp - Plantilla Elementor para P\u00e1gina de Aterrizaje<\/strong>. Al combinar flexibilidad, dise\u00f1o adaptable y funciones centradas en la conversi\u00f3n, crear\u00e1 una primera impresi\u00f3n impactante. Por lo tanto, \u00a1empieza hoy mismo y transforma la forma de promocionar tu aplicaci\u00f3n!<\/p>\n\t\t\t\t\t<\/div>\n\t\t\t\t\t\t<\/div>\n\t\t\t\t<\/div>\n\t\t\t\t<\/div>\n\t\t\t\t<\/div>","protected":false},"excerpt":{"rendered":"<p>eApp - Plantilla Elementor para P\u00e1gina de Aterrizaje: Muestre su aplicaci\u00f3n con estilo La eApp - Landing Page Elementor Template le permite<\/p>","protected":false},"featured_media":10131,"comment_status":"open","ping_status":"closed","template":"","meta":{"_acf_changed":false},"product_brand":[],"product_cat":[50],"product_tag":[],"class_list":{"0":"post-10231","1":"product","2":"type-product","3":"status-publish","4":"has-post-thumbnail","6":"product_cat-template-kits","8":"first","9":"instock","10":"sale","11":"downloadable","12":"shipping-taxable","13":"purchasable","14":"product-type-simple"},"acf":[],"yoast_head":"<!-- This site is optimized with the Yoast SEO Premium plugin v25.6 (Yoast SEO v27.1.1) - https:\/\/yoast.com\/product\/yoast-seo-premium-wordpress\/ -->\n<title>eApp \u2013 Landing Page Elementor Template - AllWin Theme \u2013 Free WordPress Themes Download<\/title>\n<meta name=\"description\" content=\"Create stunning app landing pages with eApp Elementor Template. Fully customizable, responsive, and optimized for conversions.\" \/>\n<meta name=\"robots\" content=\"index, follow, max-snippet:-1, max-image-preview:large, max-video-preview:-1\" \/>\n<link rel=\"canonical\" href=\"https:\/\/allwintheme.com\/es\/producto\/eapp-landing-page-elementor-template\/\" \/>\n<meta property=\"og:locale\" content=\"es_ES\" \/>\n<meta property=\"og:type\" content=\"article\" \/>\n<meta property=\"og:title\" content=\"eApp \u2013 Landing Page Elementor Template\" \/>\n<meta property=\"og:description\" content=\"Create stunning app landing pages with eApp Elementor Template. Fully customizable, responsive, and optimized for conversions.\" \/>\n<meta property=\"og:url\" content=\"https:\/\/allwintheme.com\/es\/producto\/eapp-landing-page-elementor-template\/\" \/>\n<meta property=\"og:site_name\" content=\"AllWin Theme \u2013 Free WordPress Themes Download\" \/>\n<meta property=\"article:modified_time\" content=\"2025-10-11T13:28:09+00:00\" \/>\n<meta property=\"og:image\" content=\"https:\/\/allwintheme.com\/wp-content\/uploads\/2025\/10\/xgmnzus4.png\" \/>\n\t<meta property=\"og:image:width\" content=\"697\" \/>\n\t<meta property=\"og:image:height\" content=\"398\" \/>\n\t<meta property=\"og:image:type\" content=\"image\/png\" \/>\n<meta name=\"twitter:card\" content=\"summary_large_image\" \/>\n<meta name=\"twitter:label1\" content=\"Tiempo estimado de lectura\" \/>\n\t<meta name=\"twitter:data1\" content=\"2 minutos\" \/>\n<script type=\"application\/ld+json\" class=\"yoast-schema-graph\">{\"@context\":\"https:\/\/schema.org\",\"@graph\":[{\"@type\":\"WebPage\",\"@id\":\"https:\/\/allwintheme.com\/product\/eapp-landing-page-elementor-template\/\",\"url\":\"https:\/\/allwintheme.com\/product\/eapp-landing-page-elementor-template\/\",\"name\":\"eApp \u2013 Landing Page Elementor Template - AllWin Theme \u2013 Free WordPress Themes Download\",\"isPartOf\":{\"@id\":\"https:\/\/allwintheme.com\/#website\"},\"primaryImageOfPage\":{\"@id\":\"https:\/\/allwintheme.com\/product\/eapp-landing-page-elementor-template\/#primaryimage\"},\"image\":{\"@id\":\"https:\/\/allwintheme.com\/product\/eapp-landing-page-elementor-template\/#primaryimage\"},\"thumbnailUrl\":\"https:\/\/allwintheme.com\/wp-content\/uploads\/2025\/10\/xgmnzus4.png\",\"datePublished\":\"2025-10-11T05:02:56+00:00\",\"dateModified\":\"2025-10-11T13:28:09+00:00\",\"description\":\"Create stunning app landing pages with eApp Elementor Template. Fully customizable, responsive, and optimized for conversions.\",\"breadcrumb\":{\"@id\":\"https:\/\/allwintheme.com\/product\/eapp-landing-page-elementor-template\/#breadcrumb\"},\"inLanguage\":\"es-CL\",\"potentialAction\":[{\"@type\":\"ReadAction\",\"target\":[\"https:\/\/allwintheme.com\/product\/eapp-landing-page-elementor-template\/\"]}]},{\"@type\":\"ImageObject\",\"inLanguage\":\"es-CL\",\"@id\":\"https:\/\/allwintheme.com\/product\/eapp-landing-page-elementor-template\/#primaryimage\",\"url\":\"https:\/\/allwintheme.com\/wp-content\/uploads\/2025\/10\/xgmnzus4.png\",\"contentUrl\":\"https:\/\/allwintheme.com\/wp-content\/uploads\/2025\/10\/xgmnzus4.png\",\"width\":697,\"height\":398},{\"@type\":\"BreadcrumbList\",\"@id\":\"https:\/\/allwintheme.com\/product\/eapp-landing-page-elementor-template\/#breadcrumb\",\"itemListElement\":[{\"@type\":\"ListItem\",\"position\":1,\"name\":\"Home\",\"item\":\"https:\/\/allwintheme.com\/\"},{\"@type\":\"ListItem\",\"position\":2,\"name\":\"Shop\",\"item\":\"https:\/\/allwintheme.com\/shop\/\"},{\"@type\":\"ListItem\",\"position\":3,\"name\":\"eApp \u2013 Landing Page Elementor Template\"}]},{\"@type\":\"WebSite\",\"@id\":\"https:\/\/allwintheme.com\/#website\",\"url\":\"https:\/\/allwintheme.com\/\",\"name\":\"Allwintheme\",\"description\":\"Download free WordPress themes for every niche. Blogs, business, eCommerce, portfolio, restaurant and more. All themes are GPL licensed and mobile-ready.\",\"potentialAction\":[{\"@type\":\"SearchAction\",\"target\":{\"@type\":\"EntryPoint\",\"urlTemplate\":\"https:\/\/allwintheme.com\/?s={search_term_string}\"},\"query-input\":{\"@type\":\"PropertyValueSpecification\",\"valueRequired\":true,\"valueName\":\"search_term_string\"}}],\"inLanguage\":\"es-CL\"}]}<\/script>\n<!-- \/ Yoast SEO Premium plugin. -->","yoast_head_json":{"title":"eApp \u2013 Landing Page Elementor Template - AllWin Theme \u2013 Free WordPress Themes Download","description":"Crea impresionantes p\u00e1ginas de aterrizaje de aplicaciones con la plantilla Elementor de eApp. Totalmente personalizable, responsive y optimizada para conversiones.","robots":{"index":"index","follow":"follow","max-snippet":"max-snippet:-1","max-image-preview":"max-image-preview:large","max-video-preview":"max-video-preview:-1"},"canonical":"https:\/\/allwintheme.com\/es\/producto\/eapp-landing-page-elementor-template\/","og_locale":"es_ES","og_type":"article","og_title":"eApp \u2013 Landing Page Elementor Template","og_description":"Create stunning app landing pages with eApp Elementor Template. Fully customizable, responsive, and optimized for conversions.","og_url":"https:\/\/allwintheme.com\/es\/producto\/eapp-landing-page-elementor-template\/","og_site_name":"AllWin Theme \u2013 Free WordPress Themes Download","article_modified_time":"2025-10-11T13:28:09+00:00","og_image":[{"width":697,"height":398,"url":"https:\/\/allwintheme.com\/wp-content\/uploads\/2025\/10\/xgmnzus4.png","type":"image\/png"}],"twitter_card":"summary_large_image","twitter_misc":{"Tiempo estimado de lectura":"2 minutos"},"schema":{"@context":"https:\/\/schema.org","@graph":[{"@type":"WebPage","@id":"https:\/\/allwintheme.com\/product\/eapp-landing-page-elementor-template\/","url":"https:\/\/allwintheme.com\/product\/eapp-landing-page-elementor-template\/","name":"eApp \u2013 Landing Page Elementor Template - AllWin Theme \u2013 Free WordPress Themes Download","isPartOf":{"@id":"https:\/\/allwintheme.com\/#website"},"primaryImageOfPage":{"@id":"https:\/\/allwintheme.com\/product\/eapp-landing-page-elementor-template\/#primaryimage"},"image":{"@id":"https:\/\/allwintheme.com\/product\/eapp-landing-page-elementor-template\/#primaryimage"},"thumbnailUrl":"https:\/\/allwintheme.com\/wp-content\/uploads\/2025\/10\/xgmnzus4.png","datePublished":"2025-10-11T05:02:56+00:00","dateModified":"2025-10-11T13:28:09+00:00","description":"Crea impresionantes p\u00e1ginas de aterrizaje de aplicaciones con la plantilla Elementor de eApp. Totalmente personalizable, responsive y optimizada para conversiones.","breadcrumb":{"@id":"https:\/\/allwintheme.com\/product\/eapp-landing-page-elementor-template\/#breadcrumb"},"inLanguage":"es-CL","potentialAction":[{"@type":"ReadAction","target":["https:\/\/allwintheme.com\/product\/eapp-landing-page-elementor-template\/"]}]},{"@type":"ImageObject","inLanguage":"es-CL","@id":"https:\/\/allwintheme.com\/product\/eapp-landing-page-elementor-template\/#primaryimage","url":"https:\/\/allwintheme.com\/wp-content\/uploads\/2025\/10\/xgmnzus4.png","contentUrl":"https:\/\/allwintheme.com\/wp-content\/uploads\/2025\/10\/xgmnzus4.png","width":697,"height":398},{"@type":"BreadcrumbList","@id":"https:\/\/allwintheme.com\/product\/eapp-landing-page-elementor-template\/#breadcrumb","itemListElement":[{"@type":"ListItem","position":1,"name":"Home","item":"https:\/\/allwintheme.com\/"},{"@type":"ListItem","position":2,"name":"Shop","item":"https:\/\/allwintheme.com\/shop\/"},{"@type":"ListItem","position":3,"name":"eApp \u2013 Landing Page Elementor Template"}]},{"@type":"WebSite","@id":"https:\/\/allwintheme.com\/#website","url":"https:\/\/allwintheme.com\/","name":"Allwintheme","description":"Descarga gratis temas de WordPress para todos los nichos. Blogs, negocios, comercio electr\u00f3nico, portafolio, restaurante y m\u00e1s. Todos los temas tienen licencia GPL y est\u00e1n preparados para dispositivos m\u00f3viles.","potentialAction":[{"@type":"SearchAction","target":{"@type":"EntryPoint","urlTemplate":"https:\/\/allwintheme.com\/?s={search_term_string}"},"query-input":{"@type":"PropertyValueSpecification","valueRequired":true,"valueName":"search_term_string"}}],"inLanguage":"es-CL"}]}},"_links":{"self":[{"href":"https:\/\/allwintheme.com\/es\/wp-json\/wp\/v2\/product\/10231","targetHints":{"allow":["GET"]}}],"collection":[{"href":"https:\/\/allwintheme.com\/es\/wp-json\/wp\/v2\/product"}],"about":[{"href":"https:\/\/allwintheme.com\/es\/wp-json\/wp\/v2\/types\/product"}],"replies":[{"embeddable":true,"href":"https:\/\/allwintheme.com\/es\/wp-json\/wp\/v2\/comments?post=10231"}],"version-history":[{"count":6,"href":"https:\/\/allwintheme.com\/es\/wp-json\/wp\/v2\/product\/10231\/revisions"}],"predecessor-version":[{"id":10265,"href":"https:\/\/allwintheme.com\/es\/wp-json\/wp\/v2\/product\/10231\/revisions\/10265"}],"wp:featuredmedia":[{"embeddable":true,"href":"https:\/\/allwintheme.com\/es\/wp-json\/wp\/v2\/media\/10131"}],"wp:attachment":[{"href":"https:\/\/allwintheme.com\/es\/wp-json\/wp\/v2\/media?parent=10231"}],"wp:term":[{"taxonomy":"product_brand","embeddable":true,"href":"https:\/\/allwintheme.com\/es\/wp-json\/wp\/v2\/product_brand?post=10231"},{"taxonomy":"product_cat","embeddable":true,"href":"https:\/\/allwintheme.com\/es\/wp-json\/wp\/v2\/product_cat?post=10231"},{"taxonomy":"product_tag","embeddable":true,"href":"https:\/\/allwintheme.com\/es\/wp-json\/wp\/v2\/product_tag?post=10231"}],"curies":[{"name":"wp","href":"https:\/\/api.w.org\/{rel}","templated":true}]}}