{"id":10259,"date":"2025-10-11T13:21:30","date_gmt":"2025-10-11T13:21:30","guid":{"rendered":"https:\/\/allwintheme.com\/?post_type=product&#038;p=10259"},"modified":"2025-10-11T13:26:23","modified_gmt":"2025-10-11T13:26:23","slug":"earlnapp-online-education-app-elementor-template","status":"publish","type":"product","link":"https:\/\/allwintheme.com\/es\/producto\/earlnapp-online-education-app-elementor-template\/","title":{"rendered":"Earlnapp - Online Education App Elementor Template"},"content":{"rendered":"<div data-elementor-type=\"wp-post\" data-elementor-id=\"10259\" class=\"elementor elementor-10259\" data-elementor-settings=\"{&quot;element_pack_global_tooltip_width&quot;:{&quot;unit&quot;:&quot;px&quot;,&quot;size&quot;:&quot;&quot;,&quot;sizes&quot;:[]},&quot;element_pack_global_tooltip_width_tablet&quot;:{&quot;unit&quot;:&quot;px&quot;,&quot;size&quot;:&quot;&quot;,&quot;sizes&quot;:[]},&quot;element_pack_global_tooltip_width_mobile&quot;:{&quot;unit&quot;:&quot;px&quot;,&quot;size&quot;:&quot;&quot;,&quot;sizes&quot;:[]},&quot;element_pack_global_tooltip_padding&quot;:{&quot;unit&quot;:&quot;px&quot;,&quot;top&quot;:&quot;&quot;,&quot;right&quot;:&quot;&quot;,&quot;bottom&quot;:&quot;&quot;,&quot;left&quot;:&quot;&quot;,&quot;isLinked&quot;:true},&quot;element_pack_global_tooltip_padding_tablet&quot;:{&quot;unit&quot;:&quot;px&quot;,&quot;top&quot;:&quot;&quot;,&quot;right&quot;:&quot;&quot;,&quot;bottom&quot;:&quot;&quot;,&quot;left&quot;:&quot;&quot;,&quot;isLinked&quot;:true},&quot;element_pack_global_tooltip_padding_mobile&quot;:{&quot;unit&quot;:&quot;px&quot;,&quot;top&quot;:&quot;&quot;,&quot;right&quot;:&quot;&quot;,&quot;bottom&quot;:&quot;&quot;,&quot;left&quot;:&quot;&quot;,&quot;isLinked&quot;:true},&quot;element_pack_global_tooltip_border_radius&quot;:{&quot;unit&quot;:&quot;px&quot;,&quot;top&quot;:&quot;&quot;,&quot;right&quot;:&quot;&quot;,&quot;bottom&quot;:&quot;&quot;,&quot;left&quot;:&quot;&quot;,&quot;isLinked&quot;:true},&quot;element_pack_global_tooltip_border_radius_tablet&quot;:{&quot;unit&quot;:&quot;px&quot;,&quot;top&quot;:&quot;&quot;,&quot;right&quot;:&quot;&quot;,&quot;bottom&quot;:&quot;&quot;,&quot;left&quot;:&quot;&quot;,&quot;isLinked&quot;:true},&quot;element_pack_global_tooltip_border_radius_mobile&quot;:{&quot;unit&quot;:&quot;px&quot;,&quot;top&quot;:&quot;&quot;,&quot;right&quot;:&quot;&quot;,&quot;bottom&quot;:&quot;&quot;,&quot;left&quot;:&quot;&quot;,&quot;isLinked&quot;:true}}\" data-elementor-post-type=\"product\">\n\t\t\t\t<div class=\"elementor-element elementor-element-93aa4a8 e-con-full e-flex e-con e-parent\" data-id=\"93aa4a8\" data-element_type=\"container\" data-e-type=\"container\">\n\t\t\t\t<div class=\"elementor-element elementor-element-2c3f760 miaoshu elementor-widget elementor-widget-wd_text_block\" data-id=\"2c3f760\" data-element_type=\"widget\" data-e-type=\"widget\" data-widget_type=\"wd_text_block.default\">\n\t\t\t\t<div class=\"elementor-widget-container\">\n\t\t\t\t\t\t\t<div class=\"wd-text-block reset-last-child text-left\">\n\t\t\t\n\t\t\t<h2>Earlnapp - Plantilla Elementor para Aplicaciones de Educaci\u00f3n Online: Lanza tu plataforma de aprendizaje r\u00e1pidamente<\/h2>\n<p>En <strong>Kit de plantillas Elementor Earlnapp<\/strong> te permite crear sitios web profesionales para promocionar cursos en l\u00ednea, aplicaciones educativas o plataformas de aprendizaje. Por ejemplo, los desarrolladores y educadores utilizan activamente este kit para crear sitios atractivos r\u00e1pidamente con el constructor de arrastrar y soltar de Elementor. De este modo, ahorrar\u00e1 horas de dise\u00f1o a la vez que ofrece una experiencia moderna y f\u00e1cil de usar que atrae a los estudiantes y destaca su contenido.<\/p>\n\n<h3>Creaci\u00f3n de sitios web sin esfuerzo<\/h3>\n<p>Con Earlnapp, puedes importar p\u00e1ginas predise\u00f1adas y personalizarlas a la perfecci\u00f3n en WordPress. Adem\u00e1s, este kit est\u00e1 optimizado para el tema gratuito Hello Elementor, aunque funciona con la mayor\u00eda de temas compatibles con Elementor. Como resultado, podr\u00e1s crear dise\u00f1os adaptables para ordenadores de sobremesa, tabletas y m\u00f3viles sin necesidad de tener conocimientos de programaci\u00f3n.<\/p>\n\n<h3>Principales caracter\u00edsticas y ventajas<\/h3>\n<ul>\n    <li><strong>P\u00e1ginas listas para usar:<\/strong> Acceda a m\u00faltiples plantillas para inicio, acerca de, cursos, contacto y mucho m\u00e1s para mostrar su aplicaci\u00f3n educativa de forma eficaz.<\/li>\n    <li><strong>Dise\u00f1o moderno y limpio:<\/strong> Presentan dise\u00f1os ligeros, navegaci\u00f3n intuitiva y elementos visuales que hacen hincapi\u00e9 en el contenido did\u00e1ctico y la participaci\u00f3n del usuario.<\/li>\n    <li><strong>Integraci\u00f3n completa con Elementor:<\/strong> Aproveche las herramientas de arrastrar y soltar, como MetForm para formularios de contacto, para personalizar cada secci\u00f3n r\u00e1pidamente.<\/li>\n    <li><strong>Respuesta m\u00f3vil:<\/strong> Aseg\u00farese de que su sitio se ve bien en todos los dispositivos, para que los estudiantes accedan a los cursos en cualquier momento y lugar.<\/li>\n    <li><strong>F\u00e1cil proceso de importaci\u00f3n:<\/strong> Cargue el kit a trav\u00e9s de Elementos &gt; Kits instalados en su panel de control y empiece a editarlo en cuesti\u00f3n de minutos.<\/li>\n<\/ul>\n\n<h3>Agilice la configuraci\u00f3n de su sitio educativo<\/h3>\n<p>Earlnapp simplifica la promoci\u00f3n de la educaci\u00f3n online proporcionando plantillas flexibles y de alta calidad adaptadas a aplicaciones y cursos. Por ejemplo, si diriges una plataforma de clases particulares o una escuela virtual, este kit te ayuda a organizar los horarios, destacar los testimonios e impulsar las inscripciones de forma eficiente. As\u00ed, usted se centra en ense\u00f1ar mientras el dise\u00f1o se encarga del resto, impulsando las conversiones y la satisfacci\u00f3n de los usuarios.<\/p>\n\n<h3>Empieza a construir con Earlnapp hoy mismo<\/h3>\n<p>Eleve su presencia en la educaci\u00f3n en l\u00ednea con el <strong>Kit de plantillas Elementor Earlnapp<\/strong>. Combinando velocidad y estilo, crear\u00e1 sitios atractivos que inspirar\u00e1n el aprendizaje. Desc\u00e1rgalo ahora y transforma tus ideas en un pr\u00f3spero centro educativo.\n\t\t\t\t\t<\/div>\n\t\t\t\t\t\t<\/div>\n\t\t\t\t<\/div>\n\t\t\t\t<\/div>\n\t\t\t\t<\/div>","protected":false},"excerpt":{"rendered":"<p>Earlnapp - Plantilla Elementor para Aplicaciones de Educaci\u00f3n Online: Lanza r\u00e1pidamente tu plataforma de aprendizaje El kit de plantillas Elementor de Earlnapp te permite<\/p>","protected":false},"featured_media":10132,"comment_status":"open","ping_status":"closed","template":"","meta":{"_acf_changed":false},"product_brand":[],"product_cat":[50],"product_tag":[],"class_list":{"0":"post-10259","1":"product","2":"type-product","3":"status-publish","4":"has-post-thumbnail","6":"product_cat-template-kits","8":"first","9":"instock","10":"sale","11":"downloadable","12":"shipping-taxable","13":"purchasable","14":"product-type-simple"},"acf":[],"yoast_head":"<!-- This site is optimized with the Yoast SEO Premium plugin v25.6 (Yoast SEO v27.1.1) - https:\/\/yoast.com\/product\/yoast-seo-premium-wordpress\/ -->\n<title>Earlnapp \u2013 Online Education App Elementor Template - AllWin Theme \u2013 Free WordPress Themes Download<\/title>\n<meta name=\"description\" content=\"Build stunning websites for online courses and education apps with Earlnapp Elementor Template Kit. Drag-and-drop pages, modern designs, no coding needed.\" \/>\n<meta name=\"robots\" content=\"index, follow, max-snippet:-1, max-image-preview:large, max-video-preview:-1\" \/>\n<link rel=\"canonical\" href=\"https:\/\/allwintheme.com\/es\/producto\/earlnapp-online-education-app-elementor-template\/\" \/>\n<meta property=\"og:locale\" content=\"es_ES\" \/>\n<meta property=\"og:type\" content=\"article\" \/>\n<meta property=\"og:title\" content=\"Earlnapp \u2013 Online Education App Elementor Template\" \/>\n<meta property=\"og:description\" content=\"Build stunning websites for online courses and education apps with Earlnapp Elementor Template Kit. Drag-and-drop pages, modern designs, no coding needed.\" \/>\n<meta property=\"og:url\" content=\"https:\/\/allwintheme.com\/es\/producto\/earlnapp-online-education-app-elementor-template\/\" \/>\n<meta property=\"og:site_name\" content=\"AllWin Theme \u2013 Free WordPress Themes Download\" \/>\n<meta property=\"article:modified_time\" content=\"2025-10-11T13:26:23+00:00\" \/>\n<meta property=\"og:image\" content=\"https:\/\/allwintheme.com\/wp-content\/uploads\/2025\/10\/9t2azi9l.png\" \/>\n\t<meta property=\"og:image:width\" content=\"768\" \/>\n\t<meta property=\"og:image:height\" content=\"512\" \/>\n\t<meta property=\"og:image:type\" content=\"image\/png\" \/>\n<meta name=\"twitter:card\" content=\"summary_large_image\" \/>\n<meta name=\"twitter:label1\" content=\"Tiempo estimado de lectura\" \/>\n\t<meta name=\"twitter:data1\" content=\"2 minutos\" \/>\n<script type=\"application\/ld+json\" class=\"yoast-schema-graph\">{\"@context\":\"https:\/\/schema.org\",\"@graph\":[{\"@type\":\"WebPage\",\"@id\":\"https:\/\/allwintheme.com\/product\/earlnapp-online-education-app-elementor-template\/\",\"url\":\"https:\/\/allwintheme.com\/product\/earlnapp-online-education-app-elementor-template\/\",\"name\":\"Earlnapp \u2013 Online Education App Elementor Template - AllWin Theme \u2013 Free WordPress Themes Download\",\"isPartOf\":{\"@id\":\"https:\/\/allwintheme.com\/#website\"},\"primaryImageOfPage\":{\"@id\":\"https:\/\/allwintheme.com\/product\/earlnapp-online-education-app-elementor-template\/#primaryimage\"},\"image\":{\"@id\":\"https:\/\/allwintheme.com\/product\/earlnapp-online-education-app-elementor-template\/#primaryimage\"},\"thumbnailUrl\":\"https:\/\/allwintheme.com\/wp-content\/uploads\/2025\/10\/9t2azi9l.png\",\"datePublished\":\"2025-10-11T13:21:30+00:00\",\"dateModified\":\"2025-10-11T13:26:23+00:00\",\"description\":\"Build stunning websites for online courses and education apps with Earlnapp Elementor Template Kit. Drag-and-drop pages, modern designs, no coding needed.\",\"breadcrumb\":{\"@id\":\"https:\/\/allwintheme.com\/product\/earlnapp-online-education-app-elementor-template\/#breadcrumb\"},\"inLanguage\":\"es-CL\",\"potentialAction\":[{\"@type\":\"ReadAction\",\"target\":[\"https:\/\/allwintheme.com\/product\/earlnapp-online-education-app-elementor-template\/\"]}]},{\"@type\":\"ImageObject\",\"inLanguage\":\"es-CL\",\"@id\":\"https:\/\/allwintheme.com\/product\/earlnapp-online-education-app-elementor-template\/#primaryimage\",\"url\":\"https:\/\/allwintheme.com\/wp-content\/uploads\/2025\/10\/9t2azi9l.png\",\"contentUrl\":\"https:\/\/allwintheme.com\/wp-content\/uploads\/2025\/10\/9t2azi9l.png\",\"width\":768,\"height\":512},{\"@type\":\"BreadcrumbList\",\"@id\":\"https:\/\/allwintheme.com\/product\/earlnapp-online-education-app-elementor-template\/#breadcrumb\",\"itemListElement\":[{\"@type\":\"ListItem\",\"position\":1,\"name\":\"Home\",\"item\":\"https:\/\/allwintheme.com\/\"},{\"@type\":\"ListItem\",\"position\":2,\"name\":\"Shop\",\"item\":\"https:\/\/allwintheme.com\/shop\/\"},{\"@type\":\"ListItem\",\"position\":3,\"name\":\"Earlnapp \u2013 Online Education App Elementor Template\"}]},{\"@type\":\"WebSite\",\"@id\":\"https:\/\/allwintheme.com\/#website\",\"url\":\"https:\/\/allwintheme.com\/\",\"name\":\"Allwintheme\",\"description\":\"Download free WordPress themes for every niche. Blogs, business, eCommerce, portfolio, restaurant and more. All themes are GPL licensed and mobile-ready.\",\"potentialAction\":[{\"@type\":\"SearchAction\",\"target\":{\"@type\":\"EntryPoint\",\"urlTemplate\":\"https:\/\/allwintheme.com\/?s={search_term_string}\"},\"query-input\":{\"@type\":\"PropertyValueSpecification\",\"valueRequired\":true,\"valueName\":\"search_term_string\"}}],\"inLanguage\":\"es-CL\"}]}<\/script>\n<!-- \/ Yoast SEO Premium plugin. -->","yoast_head_json":{"title":"Earlnapp \u2013 Online Education App Elementor Template - AllWin Theme \u2013 Free WordPress Themes Download","description":"Construye impresionantes sitios web para cursos en l\u00ednea y aplicaciones de educaci\u00f3n con Earlnapp Elementor Template Kit. P\u00e1ginas de arrastrar y soltar, dise\u00f1os modernos, sin necesidad de codificaci\u00f3n.","robots":{"index":"index","follow":"follow","max-snippet":"max-snippet:-1","max-image-preview":"max-image-preview:large","max-video-preview":"max-video-preview:-1"},"canonical":"https:\/\/allwintheme.com\/es\/producto\/earlnapp-online-education-app-elementor-template\/","og_locale":"es_ES","og_type":"article","og_title":"Earlnapp \u2013 Online Education App Elementor Template","og_description":"Build stunning websites for online courses and education apps with Earlnapp Elementor Template Kit. Drag-and-drop pages, modern designs, no coding needed.","og_url":"https:\/\/allwintheme.com\/es\/producto\/earlnapp-online-education-app-elementor-template\/","og_site_name":"AllWin Theme \u2013 Free WordPress Themes Download","article_modified_time":"2025-10-11T13:26:23+00:00","og_image":[{"width":768,"height":512,"url":"https:\/\/allwintheme.com\/wp-content\/uploads\/2025\/10\/9t2azi9l.png","type":"image\/png"}],"twitter_card":"summary_large_image","twitter_misc":{"Tiempo estimado de lectura":"2 minutos"},"schema":{"@context":"https:\/\/schema.org","@graph":[{"@type":"WebPage","@id":"https:\/\/allwintheme.com\/product\/earlnapp-online-education-app-elementor-template\/","url":"https:\/\/allwintheme.com\/product\/earlnapp-online-education-app-elementor-template\/","name":"Earlnapp \u2013 Online Education App Elementor Template - AllWin Theme \u2013 Free WordPress Themes Download","isPartOf":{"@id":"https:\/\/allwintheme.com\/#website"},"primaryImageOfPage":{"@id":"https:\/\/allwintheme.com\/product\/earlnapp-online-education-app-elementor-template\/#primaryimage"},"image":{"@id":"https:\/\/allwintheme.com\/product\/earlnapp-online-education-app-elementor-template\/#primaryimage"},"thumbnailUrl":"https:\/\/allwintheme.com\/wp-content\/uploads\/2025\/10\/9t2azi9l.png","datePublished":"2025-10-11T13:21:30+00:00","dateModified":"2025-10-11T13:26:23+00:00","description":"Construye impresionantes sitios web para cursos en l\u00ednea y aplicaciones de educaci\u00f3n con Earlnapp Elementor Template Kit. P\u00e1ginas de arrastrar y soltar, dise\u00f1os modernos, sin necesidad de codificaci\u00f3n.","breadcrumb":{"@id":"https:\/\/allwintheme.com\/product\/earlnapp-online-education-app-elementor-template\/#breadcrumb"},"inLanguage":"es-CL","potentialAction":[{"@type":"ReadAction","target":["https:\/\/allwintheme.com\/product\/earlnapp-online-education-app-elementor-template\/"]}]},{"@type":"ImageObject","inLanguage":"es-CL","@id":"https:\/\/allwintheme.com\/product\/earlnapp-online-education-app-elementor-template\/#primaryimage","url":"https:\/\/allwintheme.com\/wp-content\/uploads\/2025\/10\/9t2azi9l.png","contentUrl":"https:\/\/allwintheme.com\/wp-content\/uploads\/2025\/10\/9t2azi9l.png","width":768,"height":512},{"@type":"BreadcrumbList","@id":"https:\/\/allwintheme.com\/product\/earlnapp-online-education-app-elementor-template\/#breadcrumb","itemListElement":[{"@type":"ListItem","position":1,"name":"Home","item":"https:\/\/allwintheme.com\/"},{"@type":"ListItem","position":2,"name":"Shop","item":"https:\/\/allwintheme.com\/shop\/"},{"@type":"ListItem","position":3,"name":"Earlnapp \u2013 Online Education App Elementor Template"}]},{"@type":"WebSite","@id":"https:\/\/allwintheme.com\/#website","url":"https:\/\/allwintheme.com\/","name":"Allwintheme","description":"Descarga gratis temas de WordPress para todos los nichos. Blogs, negocios, comercio electr\u00f3nico, portafolio, restaurante y m\u00e1s. Todos los temas tienen licencia GPL y est\u00e1n preparados para dispositivos m\u00f3viles.","potentialAction":[{"@type":"SearchAction","target":{"@type":"EntryPoint","urlTemplate":"https:\/\/allwintheme.com\/?s={search_term_string}"},"query-input":{"@type":"PropertyValueSpecification","valueRequired":true,"valueName":"search_term_string"}}],"inLanguage":"es-CL"}]}},"_links":{"self":[{"href":"https:\/\/allwintheme.com\/es\/wp-json\/wp\/v2\/product\/10259","targetHints":{"allow":["GET"]}}],"collection":[{"href":"https:\/\/allwintheme.com\/es\/wp-json\/wp\/v2\/product"}],"about":[{"href":"https:\/\/allwintheme.com\/es\/wp-json\/wp\/v2\/types\/product"}],"replies":[{"embeddable":true,"href":"https:\/\/allwintheme.com\/es\/wp-json\/wp\/v2\/comments?post=10259"}],"version-history":[{"count":5,"href":"https:\/\/allwintheme.com\/es\/wp-json\/wp\/v2\/product\/10259\/revisions"}],"predecessor-version":[{"id":10264,"href":"https:\/\/allwintheme.com\/es\/wp-json\/wp\/v2\/product\/10259\/revisions\/10264"}],"wp:featuredmedia":[{"embeddable":true,"href":"https:\/\/allwintheme.com\/es\/wp-json\/wp\/v2\/media\/10132"}],"wp:attachment":[{"href":"https:\/\/allwintheme.com\/es\/wp-json\/wp\/v2\/media?parent=10259"}],"wp:term":[{"taxonomy":"product_brand","embeddable":true,"href":"https:\/\/allwintheme.com\/es\/wp-json\/wp\/v2\/product_brand?post=10259"},{"taxonomy":"product_cat","embeddable":true,"href":"https:\/\/allwintheme.com\/es\/wp-json\/wp\/v2\/product_cat?post=10259"},{"taxonomy":"product_tag","embeddable":true,"href":"https:\/\/allwintheme.com\/es\/wp-json\/wp\/v2\/product_tag?post=10259"}],"curies":[{"name":"wp","href":"https:\/\/api.w.org\/{rel}","templated":true}]}}