{"id":10266,"date":"2025-10-11T13:28:37","date_gmt":"2025-10-11T13:28:37","guid":{"rendered":"https:\/\/allwintheme.com\/?post_type=product&#038;p=10266"},"modified":"2025-10-11T13:32:41","modified_gmt":"2025-10-11T13:32:41","slug":"apper-mobile-app-saas-startup-elementor-template","status":"publish","type":"product","link":"https:\/\/allwintheme.com\/es\/producto\/apper-mobile-app-saas-startup-elementor-template\/","title":{"rendered":"Apper | Mobile App &amp; SaaS Startup Plantilla Elementor"},"content":{"rendered":"<div data-elementor-type=\"wp-post\" data-elementor-id=\"10266\" class=\"elementor elementor-10266\" data-elementor-settings=\"{&quot;element_pack_global_tooltip_width&quot;:{&quot;unit&quot;:&quot;px&quot;,&quot;size&quot;:&quot;&quot;,&quot;sizes&quot;:[]},&quot;element_pack_global_tooltip_width_tablet&quot;:{&quot;unit&quot;:&quot;px&quot;,&quot;size&quot;:&quot;&quot;,&quot;sizes&quot;:[]},&quot;element_pack_global_tooltip_width_mobile&quot;:{&quot;unit&quot;:&quot;px&quot;,&quot;size&quot;:&quot;&quot;,&quot;sizes&quot;:[]},&quot;element_pack_global_tooltip_padding&quot;:{&quot;unit&quot;:&quot;px&quot;,&quot;top&quot;:&quot;&quot;,&quot;right&quot;:&quot;&quot;,&quot;bottom&quot;:&quot;&quot;,&quot;left&quot;:&quot;&quot;,&quot;isLinked&quot;:true},&quot;element_pack_global_tooltip_padding_tablet&quot;:{&quot;unit&quot;:&quot;px&quot;,&quot;top&quot;:&quot;&quot;,&quot;right&quot;:&quot;&quot;,&quot;bottom&quot;:&quot;&quot;,&quot;left&quot;:&quot;&quot;,&quot;isLinked&quot;:true},&quot;element_pack_global_tooltip_padding_mobile&quot;:{&quot;unit&quot;:&quot;px&quot;,&quot;top&quot;:&quot;&quot;,&quot;right&quot;:&quot;&quot;,&quot;bottom&quot;:&quot;&quot;,&quot;left&quot;:&quot;&quot;,&quot;isLinked&quot;:true},&quot;element_pack_global_tooltip_border_radius&quot;:{&quot;unit&quot;:&quot;px&quot;,&quot;top&quot;:&quot;&quot;,&quot;right&quot;:&quot;&quot;,&quot;bottom&quot;:&quot;&quot;,&quot;left&quot;:&quot;&quot;,&quot;isLinked&quot;:true},&quot;element_pack_global_tooltip_border_radius_tablet&quot;:{&quot;unit&quot;:&quot;px&quot;,&quot;top&quot;:&quot;&quot;,&quot;right&quot;:&quot;&quot;,&quot;bottom&quot;:&quot;&quot;,&quot;left&quot;:&quot;&quot;,&quot;isLinked&quot;:true},&quot;element_pack_global_tooltip_border_radius_mobile&quot;:{&quot;unit&quot;:&quot;px&quot;,&quot;top&quot;:&quot;&quot;,&quot;right&quot;:&quot;&quot;,&quot;bottom&quot;:&quot;&quot;,&quot;left&quot;:&quot;&quot;,&quot;isLinked&quot;:true}}\" data-elementor-post-type=\"product\">\n\t\t\t\t<div class=\"elementor-element elementor-element-93aa4a8 e-con-full e-flex e-con e-parent\" data-id=\"93aa4a8\" data-element_type=\"container\" data-e-type=\"container\">\n\t\t\t\t<div class=\"elementor-element elementor-element-2c3f760 miaoshu elementor-widget elementor-widget-wd_text_block\" data-id=\"2c3f760\" data-element_type=\"widget\" data-e-type=\"widget\" data-widget_type=\"wd_text_block.default\">\n\t\t\t\t<div class=\"elementor-widget-container\">\n\t\t\t\t\t\t\t<div class=\"wd-text-block reset-last-child text-left\">\n\t\t\t\n\t\t\t<h2>Apper: Moderno kit de plantillas Elementor para startups de aplicaciones m\u00f3viles y SaaS<\/h2>\n<p>En <strong>Apper | Kit de Plantillas Elementor para Startups SaaS y Aplicaciones M\u00f3viles<\/strong> ofrece una soluci\u00f3n elegante y con capacidad de respuesta para crear sitios web WordPress profesionales. Por ejemplo, los desarrolladores y empresarios pueden crear r\u00e1pidamente p\u00e1ginas de destino para aplicaciones m\u00f3viles, herramientas de tecnolog\u00eda financiera, servicios de software y nuevas empresas. De este modo, se crean sitios atractivos que convierten a los visitantes en usuarios, todo ello sin escribir una sola l\u00ednea de c\u00f3digo.<\/p>\n\n<h3>Dise\u00f1o sin esfuerzo con flexibilidad incorporada<\/h3>\n<p>Apper te equipa con 10 plantillas meticulosamente dise\u00f1adas, incluyendo p\u00e1ginas de inicio, secciones sobre y p\u00e1ginas de contacto. Adem\u00e1s, puedes personalizar los dise\u00f1os directamente en el panel de Elementor, aprovechando Google Fonts gratuitas y controles intuitivos. Como resultado, tu sitio mantiene una est\u00e9tica limpia y moderna en todos los dispositivos, desde ordenadores de sobremesa hasta m\u00f3viles.<\/p>\n\n<h3>Caracter\u00edsticas clave que impulsan los resultados<\/h3>\n<ul>\n    <li><strong>10 plantillas predise\u00f1adas:<\/strong> Importe impresionantes p\u00e1ginas al instante para poner en marcha su proyecto y ahorrar horas de tiempo de dise\u00f1o.<\/li>\n    <li><strong>Dise\u00f1os totalmente adaptables:<\/strong> Garantice un rendimiento perfecto en tabletas, tel\u00e9fonos y ordenadores de sobremesa para llegar a un p\u00fablico m\u00e1s amplio.<\/li>\n    <li><strong>Personalizaci\u00f3n sin c\u00f3digo:<\/strong> Ajusta colores, fuentes y elementos sin esfuerzo en Elementor, perfecto tanto para principiantes como para profesionales.<\/li>\n    <li><strong>Compatibilidad con Elementor:<\/strong> Funciona con la versi\u00f3n gratuita de Elementor, mientras que desbloquea m\u00e1s con Pro para funciones avanzadas.<\/li>\n    <li><strong>Elementos centrados en las startups:<\/strong> Incluya capturas de pantalla de aplicaciones, tablas de precios y presentaciones de funciones adaptadas a las promociones de SaaS y m\u00f3viles.<\/li>\n<\/ul>\n\n<h3>Agilice su proceso de lanzamiento<\/h3>\n<p>Con Apper, las ideas se convierten en sitios web m\u00e1s r\u00e1pido que nunca. Por ejemplo, si est\u00e1s promocionando una nueva aplicaci\u00f3n de tecnolog\u00eda financiera o una plataforma SaaS, estas plantillas proporcionan la estructura para destacar las caracter\u00edsticas clave de forma eficaz. Por lo tanto, usted se centra en el crecimiento en lugar de en los obst\u00e1culos t\u00e9cnicos, creando una presencia en l\u00ednea pulida que destaca en los mercados competitivos.<\/p>\n\n<h3>\u00bfListo para construir su pr\u00f3xima gran empresa?<\/h3>\n<p>Mejore su aplicaci\u00f3n m\u00f3vil o proyecto SaaS con <strong>Apper | Kit de Plantillas Elementor para Startups SaaS y Aplicaciones M\u00f3viles<\/strong>. Combinando creatividad y sencillez, obtendr\u00e1 resultados profesionales que impresionar\u00e1n. Desc\u00e1rgalo ahora y empieza a dise\u00f1ar tu historia de \u00e9xito.<\/p>\n\t\t\t\t\t<\/div>\n\t\t\t\t\t\t<\/div>\n\t\t\t\t<\/div>\n\t\t\t\t<\/div>\n\t\t\t\t<\/div>","protected":false},"excerpt":{"rendered":"<p>Apper: Modern Elementor Template Kit for Mobile Apps &amp; SaaS Startups The Apper | Mobile App &amp; SaaS Startup Elementor<\/p>","protected":false},"featured_media":10133,"comment_status":"open","ping_status":"closed","template":"","meta":{"_acf_changed":false},"product_brand":[],"product_cat":[50],"product_tag":[],"class_list":{"0":"post-10266","1":"product","2":"type-product","3":"status-publish","4":"has-post-thumbnail","6":"product_cat-template-kits","8":"first","9":"instock","10":"sale","11":"downloadable","12":"shipping-taxable","13":"purchasable","14":"product-type-simple"},"acf":[],"yoast_head":"<!-- This site is optimized with the Yoast SEO Premium plugin v25.6 (Yoast SEO v27.1.1) - https:\/\/yoast.com\/product\/yoast-seo-premium-wordpress\/ -->\n<title>Apper | Mobile App &amp; SaaS Startup Elementor Template - AllWin Theme \u2013 Free WordPress Themes Download<\/title>\n<meta name=\"description\" content=\"Launch stunning mobile app or SaaS sites with Apper&#039;s responsive Elementor templates. Build professional WordPress landing pages effortlessly\u2014no coding required.\" \/>\n<meta name=\"robots\" content=\"index, follow, max-snippet:-1, max-image-preview:large, max-video-preview:-1\" \/>\n<link rel=\"canonical\" href=\"https:\/\/allwintheme.com\/es\/producto\/apper-mobile-app-saas-startup-elementor-template\/\" \/>\n<meta property=\"og:locale\" content=\"es_ES\" \/>\n<meta property=\"og:type\" content=\"article\" \/>\n<meta property=\"og:title\" content=\"Apper | Mobile App &amp; SaaS Startup Elementor Template\" \/>\n<meta property=\"og:description\" content=\"Launch stunning mobile app or SaaS sites with Apper&#039;s responsive Elementor templates. Build professional WordPress landing pages effortlessly\u2014no coding required.\" \/>\n<meta property=\"og:url\" content=\"https:\/\/allwintheme.com\/es\/producto\/apper-mobile-app-saas-startup-elementor-template\/\" \/>\n<meta property=\"og:site_name\" content=\"AllWin Theme \u2013 Free WordPress Themes Download\" \/>\n<meta property=\"article:modified_time\" content=\"2025-10-11T13:32:41+00:00\" \/>\n<meta property=\"og:image\" content=\"https:\/\/allwintheme.com\/wp-content\/uploads\/2025\/10\/dbdgypxs.png\" \/>\n\t<meta property=\"og:image:width\" content=\"768\" \/>\n\t<meta property=\"og:image:height\" content=\"515\" \/>\n\t<meta property=\"og:image:type\" content=\"image\/png\" \/>\n<meta name=\"twitter:card\" content=\"summary_large_image\" \/>\n<meta name=\"twitter:label1\" content=\"Tiempo estimado de lectura\" \/>\n\t<meta name=\"twitter:data1\" content=\"2 minutos\" \/>\n<script type=\"application\/ld+json\" class=\"yoast-schema-graph\">{\"@context\":\"https:\/\/schema.org\",\"@graph\":[{\"@type\":\"WebPage\",\"@id\":\"https:\/\/allwintheme.com\/product\/apper-mobile-app-saas-startup-elementor-template\/\",\"url\":\"https:\/\/allwintheme.com\/product\/apper-mobile-app-saas-startup-elementor-template\/\",\"name\":\"Apper | Mobile App & SaaS Startup Elementor Template - AllWin Theme \u2013 Free WordPress Themes Download\",\"isPartOf\":{\"@id\":\"https:\/\/allwintheme.com\/#website\"},\"primaryImageOfPage\":{\"@id\":\"https:\/\/allwintheme.com\/product\/apper-mobile-app-saas-startup-elementor-template\/#primaryimage\"},\"image\":{\"@id\":\"https:\/\/allwintheme.com\/product\/apper-mobile-app-saas-startup-elementor-template\/#primaryimage\"},\"thumbnailUrl\":\"https:\/\/allwintheme.com\/wp-content\/uploads\/2025\/10\/dbdgypxs.png\",\"datePublished\":\"2025-10-11T13:28:37+00:00\",\"dateModified\":\"2025-10-11T13:32:41+00:00\",\"description\":\"Launch stunning mobile app or SaaS sites with Apper's responsive Elementor templates. Build professional WordPress landing pages effortlessly\u2014no coding required.\",\"breadcrumb\":{\"@id\":\"https:\/\/allwintheme.com\/product\/apper-mobile-app-saas-startup-elementor-template\/#breadcrumb\"},\"inLanguage\":\"es-CL\",\"potentialAction\":[{\"@type\":\"ReadAction\",\"target\":[\"https:\/\/allwintheme.com\/product\/apper-mobile-app-saas-startup-elementor-template\/\"]}]},{\"@type\":\"ImageObject\",\"inLanguage\":\"es-CL\",\"@id\":\"https:\/\/allwintheme.com\/product\/apper-mobile-app-saas-startup-elementor-template\/#primaryimage\",\"url\":\"https:\/\/allwintheme.com\/wp-content\/uploads\/2025\/10\/dbdgypxs.png\",\"contentUrl\":\"https:\/\/allwintheme.com\/wp-content\/uploads\/2025\/10\/dbdgypxs.png\",\"width\":768,\"height\":515},{\"@type\":\"BreadcrumbList\",\"@id\":\"https:\/\/allwintheme.com\/product\/apper-mobile-app-saas-startup-elementor-template\/#breadcrumb\",\"itemListElement\":[{\"@type\":\"ListItem\",\"position\":1,\"name\":\"Home\",\"item\":\"https:\/\/allwintheme.com\/\"},{\"@type\":\"ListItem\",\"position\":2,\"name\":\"Shop\",\"item\":\"https:\/\/allwintheme.com\/shop\/\"},{\"@type\":\"ListItem\",\"position\":3,\"name\":\"Apper | Mobile App &#038; SaaS Startup Elementor Template\"}]},{\"@type\":\"WebSite\",\"@id\":\"https:\/\/allwintheme.com\/#website\",\"url\":\"https:\/\/allwintheme.com\/\",\"name\":\"Allwintheme\",\"description\":\"Download free WordPress themes for every niche. Blogs, business, eCommerce, portfolio, restaurant and more. All themes are GPL licensed and mobile-ready.\",\"potentialAction\":[{\"@type\":\"SearchAction\",\"target\":{\"@type\":\"EntryPoint\",\"urlTemplate\":\"https:\/\/allwintheme.com\/?s={search_term_string}\"},\"query-input\":{\"@type\":\"PropertyValueSpecification\",\"valueRequired\":true,\"valueName\":\"search_term_string\"}}],\"inLanguage\":\"es-CL\"}]}<\/script>\n<!-- \/ Yoast SEO Premium plugin. -->","yoast_head_json":{"title":"Apper | Mobile App & SaaS Startup Elementor Template - AllWin Theme \u2013 Free WordPress Themes Download","description":"Lanza impresionantes aplicaciones m\u00f3viles o sitios SaaS con las plantillas Elementor responsive de Apper. Cree p\u00e1ginas de destino profesionales en WordPress sin esfuerzo y sin necesidad de programaci\u00f3n.","robots":{"index":"index","follow":"follow","max-snippet":"max-snippet:-1","max-image-preview":"max-image-preview:large","max-video-preview":"max-video-preview:-1"},"canonical":"https:\/\/allwintheme.com\/es\/producto\/apper-mobile-app-saas-startup-elementor-template\/","og_locale":"es_ES","og_type":"article","og_title":"Apper | Mobile App & SaaS Startup Elementor Template","og_description":"Launch stunning mobile app or SaaS sites with Apper's responsive Elementor templates. Build professional WordPress landing pages effortlessly\u2014no coding required.","og_url":"https:\/\/allwintheme.com\/es\/producto\/apper-mobile-app-saas-startup-elementor-template\/","og_site_name":"AllWin Theme \u2013 Free WordPress Themes Download","article_modified_time":"2025-10-11T13:32:41+00:00","og_image":[{"width":768,"height":515,"url":"https:\/\/allwintheme.com\/wp-content\/uploads\/2025\/10\/dbdgypxs.png","type":"image\/png"}],"twitter_card":"summary_large_image","twitter_misc":{"Tiempo estimado de lectura":"2 minutos"},"schema":{"@context":"https:\/\/schema.org","@graph":[{"@type":"WebPage","@id":"https:\/\/allwintheme.com\/product\/apper-mobile-app-saas-startup-elementor-template\/","url":"https:\/\/allwintheme.com\/product\/apper-mobile-app-saas-startup-elementor-template\/","name":"Apper | Mobile App & SaaS Startup Elementor Template - AllWin Theme \u2013 Free WordPress Themes Download","isPartOf":{"@id":"https:\/\/allwintheme.com\/#website"},"primaryImageOfPage":{"@id":"https:\/\/allwintheme.com\/product\/apper-mobile-app-saas-startup-elementor-template\/#primaryimage"},"image":{"@id":"https:\/\/allwintheme.com\/product\/apper-mobile-app-saas-startup-elementor-template\/#primaryimage"},"thumbnailUrl":"https:\/\/allwintheme.com\/wp-content\/uploads\/2025\/10\/dbdgypxs.png","datePublished":"2025-10-11T13:28:37+00:00","dateModified":"2025-10-11T13:32:41+00:00","description":"Lanza impresionantes aplicaciones m\u00f3viles o sitios SaaS con las plantillas Elementor responsive de Apper. Cree p\u00e1ginas de destino profesionales en WordPress sin esfuerzo y sin necesidad de programaci\u00f3n.","breadcrumb":{"@id":"https:\/\/allwintheme.com\/product\/apper-mobile-app-saas-startup-elementor-template\/#breadcrumb"},"inLanguage":"es-CL","potentialAction":[{"@type":"ReadAction","target":["https:\/\/allwintheme.com\/product\/apper-mobile-app-saas-startup-elementor-template\/"]}]},{"@type":"ImageObject","inLanguage":"es-CL","@id":"https:\/\/allwintheme.com\/product\/apper-mobile-app-saas-startup-elementor-template\/#primaryimage","url":"https:\/\/allwintheme.com\/wp-content\/uploads\/2025\/10\/dbdgypxs.png","contentUrl":"https:\/\/allwintheme.com\/wp-content\/uploads\/2025\/10\/dbdgypxs.png","width":768,"height":515},{"@type":"BreadcrumbList","@id":"https:\/\/allwintheme.com\/product\/apper-mobile-app-saas-startup-elementor-template\/#breadcrumb","itemListElement":[{"@type":"ListItem","position":1,"name":"Home","item":"https:\/\/allwintheme.com\/"},{"@type":"ListItem","position":2,"name":"Shop","item":"https:\/\/allwintheme.com\/shop\/"},{"@type":"ListItem","position":3,"name":"Apper | Mobile App &#038; SaaS Startup Elementor Template"}]},{"@type":"WebSite","@id":"https:\/\/allwintheme.com\/#website","url":"https:\/\/allwintheme.com\/","name":"Allwintheme","description":"Descarga gratis temas de WordPress para todos los nichos. Blogs, negocios, comercio electr\u00f3nico, portafolio, restaurante y m\u00e1s. Todos los temas tienen licencia GPL y est\u00e1n preparados para dispositivos m\u00f3viles.","potentialAction":[{"@type":"SearchAction","target":{"@type":"EntryPoint","urlTemplate":"https:\/\/allwintheme.com\/?s={search_term_string}"},"query-input":{"@type":"PropertyValueSpecification","valueRequired":true,"valueName":"search_term_string"}}],"inLanguage":"es-CL"}]}},"_links":{"self":[{"href":"https:\/\/allwintheme.com\/es\/wp-json\/wp\/v2\/product\/10266","targetHints":{"allow":["GET"]}}],"collection":[{"href":"https:\/\/allwintheme.com\/es\/wp-json\/wp\/v2\/product"}],"about":[{"href":"https:\/\/allwintheme.com\/es\/wp-json\/wp\/v2\/types\/product"}],"replies":[{"embeddable":true,"href":"https:\/\/allwintheme.com\/es\/wp-json\/wp\/v2\/comments?post=10266"}],"version-history":[{"count":6,"href":"https:\/\/allwintheme.com\/es\/wp-json\/wp\/v2\/product\/10266\/revisions"}],"predecessor-version":[{"id":10272,"href":"https:\/\/allwintheme.com\/es\/wp-json\/wp\/v2\/product\/10266\/revisions\/10272"}],"wp:featuredmedia":[{"embeddable":true,"href":"https:\/\/allwintheme.com\/es\/wp-json\/wp\/v2\/media\/10133"}],"wp:attachment":[{"href":"https:\/\/allwintheme.com\/es\/wp-json\/wp\/v2\/media?parent=10266"}],"wp:term":[{"taxonomy":"product_brand","embeddable":true,"href":"https:\/\/allwintheme.com\/es\/wp-json\/wp\/v2\/product_brand?post=10266"},{"taxonomy":"product_cat","embeddable":true,"href":"https:\/\/allwintheme.com\/es\/wp-json\/wp\/v2\/product_cat?post=10266"},{"taxonomy":"product_tag","embeddable":true,"href":"https:\/\/allwintheme.com\/es\/wp-json\/wp\/v2\/product_tag?post=10266"}],"curies":[{"name":"wp","href":"https:\/\/api.w.org\/{rel}","templated":true}]}}