{"id":10287,"date":"2025-10-11T13:47:55","date_gmt":"2025-10-11T13:47:55","guid":{"rendered":"https:\/\/allwintheme.com\/?post_type=product&#038;p=10287"},"modified":"2025-10-11T13:51:39","modified_gmt":"2025-10-11T13:51:39","slug":"walley-startup-mobile-app-elementor-template-kit","status":"publish","type":"product","link":"https:\/\/allwintheme.com\/es\/producto\/walley-startup-mobile-app-elementor-template-kit\/","title":{"rendered":"Walley Startup Mobile App Elementor Template Kit"},"content":{"rendered":"<div data-elementor-type=\"wp-post\" data-elementor-id=\"10287\" class=\"elementor elementor-10287\" data-elementor-settings=\"{&quot;element_pack_global_tooltip_width&quot;:{&quot;unit&quot;:&quot;px&quot;,&quot;size&quot;:&quot;&quot;,&quot;sizes&quot;:[]},&quot;element_pack_global_tooltip_width_tablet&quot;:{&quot;unit&quot;:&quot;px&quot;,&quot;size&quot;:&quot;&quot;,&quot;sizes&quot;:[]},&quot;element_pack_global_tooltip_width_mobile&quot;:{&quot;unit&quot;:&quot;px&quot;,&quot;size&quot;:&quot;&quot;,&quot;sizes&quot;:[]},&quot;element_pack_global_tooltip_padding&quot;:{&quot;unit&quot;:&quot;px&quot;,&quot;top&quot;:&quot;&quot;,&quot;right&quot;:&quot;&quot;,&quot;bottom&quot;:&quot;&quot;,&quot;left&quot;:&quot;&quot;,&quot;isLinked&quot;:true},&quot;element_pack_global_tooltip_padding_tablet&quot;:{&quot;unit&quot;:&quot;px&quot;,&quot;top&quot;:&quot;&quot;,&quot;right&quot;:&quot;&quot;,&quot;bottom&quot;:&quot;&quot;,&quot;left&quot;:&quot;&quot;,&quot;isLinked&quot;:true},&quot;element_pack_global_tooltip_padding_mobile&quot;:{&quot;unit&quot;:&quot;px&quot;,&quot;top&quot;:&quot;&quot;,&quot;right&quot;:&quot;&quot;,&quot;bottom&quot;:&quot;&quot;,&quot;left&quot;:&quot;&quot;,&quot;isLinked&quot;:true},&quot;element_pack_global_tooltip_border_radius&quot;:{&quot;unit&quot;:&quot;px&quot;,&quot;top&quot;:&quot;&quot;,&quot;right&quot;:&quot;&quot;,&quot;bottom&quot;:&quot;&quot;,&quot;left&quot;:&quot;&quot;,&quot;isLinked&quot;:true},&quot;element_pack_global_tooltip_border_radius_tablet&quot;:{&quot;unit&quot;:&quot;px&quot;,&quot;top&quot;:&quot;&quot;,&quot;right&quot;:&quot;&quot;,&quot;bottom&quot;:&quot;&quot;,&quot;left&quot;:&quot;&quot;,&quot;isLinked&quot;:true},&quot;element_pack_global_tooltip_border_radius_mobile&quot;:{&quot;unit&quot;:&quot;px&quot;,&quot;top&quot;:&quot;&quot;,&quot;right&quot;:&quot;&quot;,&quot;bottom&quot;:&quot;&quot;,&quot;left&quot;:&quot;&quot;,&quot;isLinked&quot;:true}}\" data-elementor-post-type=\"product\">\n\t\t\t\t<div class=\"elementor-element elementor-element-93aa4a8 e-con-full e-flex e-con e-parent\" data-id=\"93aa4a8\" data-element_type=\"container\" data-e-type=\"container\">\n\t\t\t\t<div class=\"elementor-element elementor-element-2c3f760 miaoshu elementor-widget elementor-widget-wd_text_block\" data-id=\"2c3f760\" data-element_type=\"widget\" data-e-type=\"widget\" data-widget_type=\"wd_text_block.default\">\n\t\t\t\t<div class=\"elementor-widget-container\">\n\t\t\t\t\t\t\t<div class=\"wd-text-block reset-last-child text-left\">\n\t\t\t\n\t\t\t<h2>Walley: Lance su sitio de aplicaciones m\u00f3viles Fintech en cuesti\u00f3n de minutos<\/h2>\n<p>En <strong>Walley Startup Mobile App Elementor Template Kit<\/strong> le permite crear sitios web profesionales de forma r\u00e1pida y sencilla. Por ejemplo, los desarrolladores y dise\u00f1adores utilizan este kit con el plugin Elementor Page Builder para WordPress, de modo que pueden crear sitios centrados en la tecnolog\u00eda financiera sin empezar desde cero. De este modo, ahorrar\u00e1 horas de dise\u00f1o y conseguir\u00e1 un aspecto pulido y moderno que cautivar\u00e1 a los usuarios.<grok-card data-id=\"dba38a\" data-type=\"citation_card\"><\/grok-card><\/p>\n\n<h3>Configuraci\u00f3n sin fisuras para Fintech y m\u00e1s all\u00e1<\/h3>\n<p>Walley se integra sin esfuerzo con el tema gratuito Hello Elementor, pero puedes adaptarlo a la mayor\u00eda de los temas compatibles con Elementor. Adem\u00e1s, el plugin Template Kit Import se encarga de la instalaci\u00f3n, sin necesidad de suscripci\u00f3n. Como resultado, puedes importar p\u00e1ginas de una en una para obtener un rendimiento \u00f3ptimo y, a continuaci\u00f3n, editarlas directamente en Elementor para personalizarlas al instante.<\/p>\n\n<h3>Principales caracter\u00edsticas y ventajas<\/h3>\n<ul>\n    <li><strong>Ajuste vers\u00e1til a la industria:<\/strong> Sitios a medida para fintech, finanzas, startups, bancos, aplicaciones m\u00f3viles, SaaS, empresas de software, servicios digitales, carteras, financiaci\u00f3n o inversiones.<\/li>\n    <li><strong>Dise\u00f1o limpio y minimalista:<\/strong> Disfrute de un dise\u00f1o adaptable con efectos visuales retina-ready que se ve n\u00edtido en cualquier dispositivo.<\/li>\n    <li><strong>Personalizaci\u00f3n r\u00e1pida:<\/strong> Modifique los colores, las fuentes y el contenido f\u00e1cilmente, asegur\u00e1ndose de que su marca brille sin necesidad de codificar.<\/li>\n    <li><strong>Rendimiento optimizado:<\/strong> Cree sitios de carga r\u00e1pida que mejoren la experiencia del usuario y la clasificaci\u00f3n SEO.<\/li>\n<\/ul>\n\n<h3>Agilice su proceso de desarrollo web<\/h3>\n<p>Este kit simplifica la creaci\u00f3n de p\u00e1ginas de aterrizaje de aplicaciones m\u00f3viles fintech o sitios completos. Por ejemplo, si gestionas una startup o un servicio de monedero digital, Walley proporciona plantillas preconstruidas que puedes desplegar r\u00e1pidamente. Por lo tanto, usted se centra en la innovaci\u00f3n en lugar de en los obst\u00e1culos de dise\u00f1o, acelerando en \u00faltima instancia el lanzamiento de su proyecto.<\/p>\n\n<h3>Empiece a construir con Walley hoy mismo<\/h3>\n<p>Mejore su presencia en Internet con el <strong>Walley Startup Mobile App Elementor Template Kit<\/strong>. Combinando facilidad y flexibilidad, crear\u00e1 sitios atractivos que impulsar\u00e1n las conversiones. Desc\u00e1rgalo ahora y haz realidad tu visi\u00f3n fintech.<\/p>\n\t\t\t\t\t<\/div>\n\t\t\t\t\t\t<\/div>\n\t\t\t\t<\/div>\n\t\t\t\t<\/div>\n\t\t\t\t<\/div>","protected":false},"excerpt":{"rendered":"<p>Walley: Lance su sitio de aplicaciones m\u00f3viles de fintech en minutos El kit de plantillas Elementor para aplicaciones m\u00f3viles de startups Walley le permite<\/p>","protected":false},"featured_media":10285,"comment_status":"open","ping_status":"closed","template":"","meta":{"_acf_changed":false},"product_brand":[],"product_cat":[50],"product_tag":[],"class_list":{"0":"post-10287","1":"product","2":"type-product","3":"status-publish","4":"has-post-thumbnail","6":"product_cat-template-kits","8":"first","9":"instock","10":"sale","11":"downloadable","12":"shipping-taxable","13":"purchasable","14":"product-type-simple"},"acf":[],"yoast_head":"<!-- This site is optimized with the Yoast SEO Premium plugin v25.6 (Yoast SEO v27.1.1) - https:\/\/yoast.com\/product\/yoast-seo-premium-wordpress\/ -->\n<title>Walley Startup Mobile App Elementor Template Kit - AllWin Theme \u2013 Free WordPress Themes Download<\/title>\n<meta name=\"description\" content=\"Build stunning fintech mobile app sites with Walley Elementor Template Kit. Quick, customizable designs for startups, finance, and SaaS\u2014optimized for WordPress.\" \/>\n<meta name=\"robots\" content=\"index, follow, max-snippet:-1, max-image-preview:large, max-video-preview:-1\" \/>\n<link rel=\"canonical\" href=\"https:\/\/allwintheme.com\/es\/producto\/walley-startup-mobile-app-elementor-template-kit\/\" \/>\n<meta property=\"og:locale\" content=\"es_ES\" \/>\n<meta property=\"og:type\" content=\"article\" \/>\n<meta property=\"og:title\" content=\"Walley Startup Mobile App Elementor Template Kit\" \/>\n<meta property=\"og:description\" content=\"Build stunning fintech mobile app sites with Walley Elementor Template Kit. Quick, customizable designs for startups, finance, and SaaS\u2014optimized for WordPress.\" \/>\n<meta property=\"og:url\" content=\"https:\/\/allwintheme.com\/es\/producto\/walley-startup-mobile-app-elementor-template-kit\/\" \/>\n<meta property=\"og:site_name\" content=\"AllWin Theme \u2013 Free WordPress Themes Download\" \/>\n<meta property=\"article:modified_time\" content=\"2025-10-11T13:51:39+00:00\" \/>\n<meta property=\"og:image\" content=\"https:\/\/allwintheme.com\/wp-content\/uploads\/2025\/10\/hi139xki.png\" \/>\n\t<meta property=\"og:image:width\" content=\"590\" \/>\n\t<meta property=\"og:image:height\" content=\"300\" \/>\n\t<meta property=\"og:image:type\" content=\"image\/png\" \/>\n<meta name=\"twitter:card\" content=\"summary_large_image\" \/>\n<meta name=\"twitter:label1\" content=\"Tiempo estimado de lectura\" \/>\n\t<meta name=\"twitter:data1\" content=\"2 minutos\" \/>\n<script type=\"application\/ld+json\" class=\"yoast-schema-graph\">{\"@context\":\"https:\/\/schema.org\",\"@graph\":[{\"@type\":\"WebPage\",\"@id\":\"https:\/\/allwintheme.com\/product\/walley-startup-mobile-app-elementor-template-kit\/\",\"url\":\"https:\/\/allwintheme.com\/product\/walley-startup-mobile-app-elementor-template-kit\/\",\"name\":\"Walley Startup Mobile App Elementor Template Kit - AllWin Theme \u2013 Free WordPress Themes Download\",\"isPartOf\":{\"@id\":\"https:\/\/allwintheme.com\/#website\"},\"primaryImageOfPage\":{\"@id\":\"https:\/\/allwintheme.com\/product\/walley-startup-mobile-app-elementor-template-kit\/#primaryimage\"},\"image\":{\"@id\":\"https:\/\/allwintheme.com\/product\/walley-startup-mobile-app-elementor-template-kit\/#primaryimage\"},\"thumbnailUrl\":\"https:\/\/allwintheme.com\/wp-content\/uploads\/2025\/10\/hi139xki.png\",\"datePublished\":\"2025-10-11T13:47:55+00:00\",\"dateModified\":\"2025-10-11T13:51:39+00:00\",\"description\":\"Build stunning fintech mobile app sites with Walley Elementor Template Kit. Quick, customizable designs for startups, finance, and SaaS\u2014optimized for WordPress.\",\"breadcrumb\":{\"@id\":\"https:\/\/allwintheme.com\/product\/walley-startup-mobile-app-elementor-template-kit\/#breadcrumb\"},\"inLanguage\":\"es-CL\",\"potentialAction\":[{\"@type\":\"ReadAction\",\"target\":[\"https:\/\/allwintheme.com\/product\/walley-startup-mobile-app-elementor-template-kit\/\"]}]},{\"@type\":\"ImageObject\",\"inLanguage\":\"es-CL\",\"@id\":\"https:\/\/allwintheme.com\/product\/walley-startup-mobile-app-elementor-template-kit\/#primaryimage\",\"url\":\"https:\/\/allwintheme.com\/wp-content\/uploads\/2025\/10\/hi139xki.png\",\"contentUrl\":\"https:\/\/allwintheme.com\/wp-content\/uploads\/2025\/10\/hi139xki.png\",\"width\":590,\"height\":300,\"caption\":\"Walley Startup Mobile App Elementor Template Kit\"},{\"@type\":\"BreadcrumbList\",\"@id\":\"https:\/\/allwintheme.com\/product\/walley-startup-mobile-app-elementor-template-kit\/#breadcrumb\",\"itemListElement\":[{\"@type\":\"ListItem\",\"position\":1,\"name\":\"Home\",\"item\":\"https:\/\/allwintheme.com\/\"},{\"@type\":\"ListItem\",\"position\":2,\"name\":\"Shop\",\"item\":\"https:\/\/allwintheme.com\/shop\/\"},{\"@type\":\"ListItem\",\"position\":3,\"name\":\"Walley Startup Mobile App Elementor Template Kit\"}]},{\"@type\":\"WebSite\",\"@id\":\"https:\/\/allwintheme.com\/#website\",\"url\":\"https:\/\/allwintheme.com\/\",\"name\":\"Allwintheme\",\"description\":\"Download free WordPress themes for every niche. Blogs, business, eCommerce, portfolio, restaurant and more. All themes are GPL licensed and mobile-ready.\",\"potentialAction\":[{\"@type\":\"SearchAction\",\"target\":{\"@type\":\"EntryPoint\",\"urlTemplate\":\"https:\/\/allwintheme.com\/?s={search_term_string}\"},\"query-input\":{\"@type\":\"PropertyValueSpecification\",\"valueRequired\":true,\"valueName\":\"search_term_string\"}}],\"inLanguage\":\"es-CL\"}]}<\/script>\n<!-- \/ Yoast SEO Premium plugin. -->","yoast_head_json":{"title":"Walley Startup Mobile App Elementor Template Kit - AllWin Theme - Free WordPress Themes Download","description":"Construye impresionantes sitios de aplicaciones m\u00f3viles de tecnolog\u00eda financiera con Walley Elementor Template Kit. Dise\u00f1os r\u00e1pidos y personalizables para startups, finanzas y SaaS optimizados para WordPress.","robots":{"index":"index","follow":"follow","max-snippet":"max-snippet:-1","max-image-preview":"max-image-preview:large","max-video-preview":"max-video-preview:-1"},"canonical":"https:\/\/allwintheme.com\/es\/producto\/walley-startup-mobile-app-elementor-template-kit\/","og_locale":"es_ES","og_type":"article","og_title":"Walley Startup Mobile App Elementor Template Kit","og_description":"Build stunning fintech mobile app sites with Walley Elementor Template Kit. Quick, customizable designs for startups, finance, and SaaS\u2014optimized for WordPress.","og_url":"https:\/\/allwintheme.com\/es\/producto\/walley-startup-mobile-app-elementor-template-kit\/","og_site_name":"AllWin Theme \u2013 Free WordPress Themes Download","article_modified_time":"2025-10-11T13:51:39+00:00","og_image":[{"width":590,"height":300,"url":"https:\/\/allwintheme.com\/wp-content\/uploads\/2025\/10\/hi139xki.png","type":"image\/png"}],"twitter_card":"summary_large_image","twitter_misc":{"Tiempo estimado de lectura":"2 minutos"},"schema":{"@context":"https:\/\/schema.org","@graph":[{"@type":"WebPage","@id":"https:\/\/allwintheme.com\/product\/walley-startup-mobile-app-elementor-template-kit\/","url":"https:\/\/allwintheme.com\/product\/walley-startup-mobile-app-elementor-template-kit\/","name":"Walley Startup Mobile App Elementor Template Kit - AllWin Theme - Free WordPress Themes Download","isPartOf":{"@id":"https:\/\/allwintheme.com\/#website"},"primaryImageOfPage":{"@id":"https:\/\/allwintheme.com\/product\/walley-startup-mobile-app-elementor-template-kit\/#primaryimage"},"image":{"@id":"https:\/\/allwintheme.com\/product\/walley-startup-mobile-app-elementor-template-kit\/#primaryimage"},"thumbnailUrl":"https:\/\/allwintheme.com\/wp-content\/uploads\/2025\/10\/hi139xki.png","datePublished":"2025-10-11T13:47:55+00:00","dateModified":"2025-10-11T13:51:39+00:00","description":"Construye impresionantes sitios de aplicaciones m\u00f3viles de tecnolog\u00eda financiera con Walley Elementor Template Kit. Dise\u00f1os r\u00e1pidos y personalizables para startups, finanzas y SaaS optimizados para WordPress.","breadcrumb":{"@id":"https:\/\/allwintheme.com\/product\/walley-startup-mobile-app-elementor-template-kit\/#breadcrumb"},"inLanguage":"es-CL","potentialAction":[{"@type":"ReadAction","target":["https:\/\/allwintheme.com\/product\/walley-startup-mobile-app-elementor-template-kit\/"]}]},{"@type":"ImageObject","inLanguage":"es-CL","@id":"https:\/\/allwintheme.com\/product\/walley-startup-mobile-app-elementor-template-kit\/#primaryimage","url":"https:\/\/allwintheme.com\/wp-content\/uploads\/2025\/10\/hi139xki.png","contentUrl":"https:\/\/allwintheme.com\/wp-content\/uploads\/2025\/10\/hi139xki.png","width":590,"height":300,"caption":"Walley Startup Mobile App Elementor Template Kit"},{"@type":"BreadcrumbList","@id":"https:\/\/allwintheme.com\/product\/walley-startup-mobile-app-elementor-template-kit\/#breadcrumb","itemListElement":[{"@type":"ListItem","position":1,"name":"Home","item":"https:\/\/allwintheme.com\/"},{"@type":"ListItem","position":2,"name":"Shop","item":"https:\/\/allwintheme.com\/shop\/"},{"@type":"ListItem","position":3,"name":"Walley Startup Mobile App Elementor Template Kit"}]},{"@type":"WebSite","@id":"https:\/\/allwintheme.com\/#website","url":"https:\/\/allwintheme.com\/","name":"Allwintheme","description":"Descarga gratis temas de WordPress para todos los nichos. Blogs, negocios, comercio electr\u00f3nico, portafolio, restaurante y m\u00e1s. Todos los temas tienen licencia GPL y est\u00e1n preparados para dispositivos m\u00f3viles.","potentialAction":[{"@type":"SearchAction","target":{"@type":"EntryPoint","urlTemplate":"https:\/\/allwintheme.com\/?s={search_term_string}"},"query-input":{"@type":"PropertyValueSpecification","valueRequired":true,"valueName":"search_term_string"}}],"inLanguage":"es-CL"}]}},"_links":{"self":[{"href":"https:\/\/allwintheme.com\/es\/wp-json\/wp\/v2\/product\/10287","targetHints":{"allow":["GET"]}}],"collection":[{"href":"https:\/\/allwintheme.com\/es\/wp-json\/wp\/v2\/product"}],"about":[{"href":"https:\/\/allwintheme.com\/es\/wp-json\/wp\/v2\/types\/product"}],"replies":[{"embeddable":true,"href":"https:\/\/allwintheme.com\/es\/wp-json\/wp\/v2\/comments?post=10287"}],"version-history":[{"count":6,"href":"https:\/\/allwintheme.com\/es\/wp-json\/wp\/v2\/product\/10287\/revisions"}],"predecessor-version":[{"id":10293,"href":"https:\/\/allwintheme.com\/es\/wp-json\/wp\/v2\/product\/10287\/revisions\/10293"}],"wp:featuredmedia":[{"embeddable":true,"href":"https:\/\/allwintheme.com\/es\/wp-json\/wp\/v2\/media\/10285"}],"wp:attachment":[{"href":"https:\/\/allwintheme.com\/es\/wp-json\/wp\/v2\/media?parent=10287"}],"wp:term":[{"taxonomy":"product_brand","embeddable":true,"href":"https:\/\/allwintheme.com\/es\/wp-json\/wp\/v2\/product_brand?post=10287"},{"taxonomy":"product_cat","embeddable":true,"href":"https:\/\/allwintheme.com\/es\/wp-json\/wp\/v2\/product_cat?post=10287"},{"taxonomy":"product_tag","embeddable":true,"href":"https:\/\/allwintheme.com\/es\/wp-json\/wp\/v2\/product_tag?post=10287"}],"curies":[{"name":"wp","href":"https:\/\/api.w.org\/{rel}","templated":true}]}}