{"id":10294,"date":"2025-10-11T13:51:51","date_gmt":"2025-10-11T13:51:51","guid":{"rendered":"https:\/\/allwintheme.com\/?post_type=product&#038;p=10294"},"modified":"2025-10-11T13:56:53","modified_gmt":"2025-10-11T13:56:53","slug":"dash-mobile-app-startup-showcase-elementor-template","status":"publish","type":"product","link":"https:\/\/allwintheme.com\/es\/producto\/dash-mobile-app-startup-showcase-elementor-template\/","title":{"rendered":"Dash - Mobile App &amp; Startup Showcase Plantilla Elementor"},"content":{"rendered":"<div data-elementor-type=\"wp-post\" data-elementor-id=\"10294\" class=\"elementor elementor-10294\" data-elementor-settings=\"{&quot;element_pack_global_tooltip_width&quot;:{&quot;unit&quot;:&quot;px&quot;,&quot;size&quot;:&quot;&quot;,&quot;sizes&quot;:[]},&quot;element_pack_global_tooltip_width_tablet&quot;:{&quot;unit&quot;:&quot;px&quot;,&quot;size&quot;:&quot;&quot;,&quot;sizes&quot;:[]},&quot;element_pack_global_tooltip_width_mobile&quot;:{&quot;unit&quot;:&quot;px&quot;,&quot;size&quot;:&quot;&quot;,&quot;sizes&quot;:[]},&quot;element_pack_global_tooltip_padding&quot;:{&quot;unit&quot;:&quot;px&quot;,&quot;top&quot;:&quot;&quot;,&quot;right&quot;:&quot;&quot;,&quot;bottom&quot;:&quot;&quot;,&quot;left&quot;:&quot;&quot;,&quot;isLinked&quot;:true},&quot;element_pack_global_tooltip_padding_tablet&quot;:{&quot;unit&quot;:&quot;px&quot;,&quot;top&quot;:&quot;&quot;,&quot;right&quot;:&quot;&quot;,&quot;bottom&quot;:&quot;&quot;,&quot;left&quot;:&quot;&quot;,&quot;isLinked&quot;:true},&quot;element_pack_global_tooltip_padding_mobile&quot;:{&quot;unit&quot;:&quot;px&quot;,&quot;top&quot;:&quot;&quot;,&quot;right&quot;:&quot;&quot;,&quot;bottom&quot;:&quot;&quot;,&quot;left&quot;:&quot;&quot;,&quot;isLinked&quot;:true},&quot;element_pack_global_tooltip_border_radius&quot;:{&quot;unit&quot;:&quot;px&quot;,&quot;top&quot;:&quot;&quot;,&quot;right&quot;:&quot;&quot;,&quot;bottom&quot;:&quot;&quot;,&quot;left&quot;:&quot;&quot;,&quot;isLinked&quot;:true},&quot;element_pack_global_tooltip_border_radius_tablet&quot;:{&quot;unit&quot;:&quot;px&quot;,&quot;top&quot;:&quot;&quot;,&quot;right&quot;:&quot;&quot;,&quot;bottom&quot;:&quot;&quot;,&quot;left&quot;:&quot;&quot;,&quot;isLinked&quot;:true},&quot;element_pack_global_tooltip_border_radius_mobile&quot;:{&quot;unit&quot;:&quot;px&quot;,&quot;top&quot;:&quot;&quot;,&quot;right&quot;:&quot;&quot;,&quot;bottom&quot;:&quot;&quot;,&quot;left&quot;:&quot;&quot;,&quot;isLinked&quot;:true}}\" data-elementor-post-type=\"product\">\n\t\t\t\t<div class=\"elementor-element elementor-element-93aa4a8 e-con-full e-flex e-con e-parent\" data-id=\"93aa4a8\" data-element_type=\"container\" data-e-type=\"container\">\n\t\t\t\t<div class=\"elementor-element elementor-element-2c3f760 miaoshu elementor-widget elementor-widget-wd_text_block\" data-id=\"2c3f760\" data-element_type=\"widget\" data-e-type=\"widget\" data-widget_type=\"wd_text_block.default\">\n\t\t\t\t<div class=\"elementor-widget-container\">\n\t\t\t\t\t\t\t<div class=\"wd-text-block reset-last-child text-left\">\n\t\t\t\n\t\t\t<h2>Dash - Mobile App &amp; Startup Showcase: Lance su sitio web en minutos<\/h2>\n<p>En <strong>Kit de plantillas Elementor Dash<\/strong> le permite crear sitios web profesionales para aplicaciones m\u00f3viles y escaparates de startups sin esfuerzo. Por ejemplo, los desarrolladores y las agencias utilizan activamente este kit para crear p\u00e1ginas de aterrizaje para aplicaciones, descargas, herramientas de redes sociales o servicios empresariales. De este modo, se consigue un aspecto pulido y moderno sin empezar desde cero, ahorrando tiempo y recursos valiosos.<\/p>\n\n<h3>Integraci\u00f3n perfecta con Elementor<\/h3>\n<p>Con Dash, puedes importar plantillas predise\u00f1adas directamente a Elementor, el popular constructor de p\u00e1ginas de WordPress. Adem\u00e1s, este kit funciona mejor con el tema gratuito Hello Elementor, aunque se adapta a la mayor\u00eda de los temas compatibles con Elementor. Como resultado, puedes personalizar los dise\u00f1os r\u00e1pidamente, asegur\u00e1ndote de que tu sitio destaca en los competitivos espacios tecnol\u00f3gicos.<\/p>\n\n<h3>Principales caracter\u00edsticas y ventajas<\/h3>\n<ul>\n    <li><strong>Configuraci\u00f3n r\u00e1pida:<\/strong> Inst\u00e1lalo a trav\u00e9s del plugin Envato Elements y carga el archivo ZIP para acceder al instante a p\u00e1ginas listas para usar.<\/li>\n    <li><strong>Dise\u00f1os vers\u00e1tiles:<\/strong> Adaptado para aplicaciones m\u00f3viles, startups, agencias y descargas, con elementos responsive que brillan en todos los dispositivos.<\/li>\n    <li><strong>No requiere codificaci\u00f3n:<\/strong> Aprovecha la interfaz de arrastrar y soltar de Elementor para modificar colores, fuentes y contenido sin esfuerzo.<\/li>\n    <li><strong>Rendimiento optimizado:<\/strong> Las plantillas de carga r\u00e1pida garantizan una experiencia de usuario fluida y mejores resultados SEO.<\/li>\n<\/ul>\n\n<h3>Mejore su juego de escaparate<\/h3>\n<p>Dash transforma la forma de presentar aplicaciones y startups en Internet. Por ejemplo, si necesitas secciones llamativas para caracter\u00edsticas, testimonios o llamadas a la acci\u00f3n, este kit te las ofrece listas para usar. Por lo tanto, usted se centra en la innovaci\u00f3n m\u00e1s que en el dise\u00f1o y, en \u00faltima instancia, consigue m\u00e1s descargas y participaci\u00f3n.<\/p>\n\n<h3>Consiga Dash hoy mismo y acelere su lanzamiento<\/h3>\n<p>Desbloquea el poder de <strong>Dash - Mobile App &amp; Startup Showcase Elementor Template Kit<\/strong> ahora. Al agilizar su flujo de trabajo, crear\u00e1 sitios atractivos que convertir\u00e1n a los visitantes en usuarios. Desc\u00e1rguelo hoy mismo y vea c\u00f3mo despega su proyecto.\n\t\t\t\t\t<\/div>\n\t\t\t\t\t\t<\/div>\n\t\t\t\t<\/div>\n\t\t\t\t<\/div>\n\t\t\t\t<\/div>","protected":false},"excerpt":{"rendered":"<p>Dash \u2013 Mobile App &amp; Startup Showcase: Launch Your Site in Minutes The Dash Elementor Template Kit empowers you to<\/p>","protected":false},"featured_media":10286,"comment_status":"open","ping_status":"closed","template":"","meta":{"_acf_changed":false},"product_brand":[],"product_cat":[50],"product_tag":[],"class_list":{"0":"post-10294","1":"product","2":"type-product","3":"status-publish","4":"has-post-thumbnail","6":"product_cat-template-kits","8":"first","9":"instock","10":"sale","11":"downloadable","12":"shipping-taxable","13":"purchasable","14":"product-type-simple"},"acf":[],"yoast_head":"<!-- This site is optimized with the Yoast SEO Premium plugin v25.6 (Yoast SEO v27.1.1) - https:\/\/yoast.com\/product\/yoast-seo-premium-wordpress\/ -->\n<title>Dash \u2013 Mobile App &amp; Startup Showcase Elementor Template - AllWin Theme \u2013 Free WordPress Themes Download<\/title>\n<meta name=\"description\" content=\"Build stunning mobile app and startup showcase sites quickly with Dash Elementor Template Kit. Responsive designs for apps, agencies, and more.\" \/>\n<meta name=\"robots\" content=\"index, follow, max-snippet:-1, max-image-preview:large, max-video-preview:-1\" \/>\n<link rel=\"canonical\" href=\"https:\/\/allwintheme.com\/es\/producto\/dash-mobile-app-startup-showcase-elementor-template\/\" \/>\n<meta property=\"og:locale\" content=\"es_ES\" \/>\n<meta property=\"og:type\" content=\"article\" \/>\n<meta property=\"og:title\" content=\"Dash \u2013 Mobile App &amp; Startup Showcase Elementor Template\" \/>\n<meta property=\"og:description\" content=\"Build stunning mobile app and startup showcase sites quickly with Dash Elementor Template Kit. Responsive designs for apps, agencies, and more.\" \/>\n<meta property=\"og:url\" content=\"https:\/\/allwintheme.com\/es\/producto\/dash-mobile-app-startup-showcase-elementor-template\/\" \/>\n<meta property=\"og:site_name\" content=\"AllWin Theme \u2013 Free WordPress Themes Download\" \/>\n<meta property=\"article:modified_time\" content=\"2025-10-11T13:56:53+00:00\" \/>\n<meta property=\"og:image\" content=\"https:\/\/allwintheme.com\/wp-content\/uploads\/2025\/10\/6xag4n1v.png\" \/>\n\t<meta property=\"og:image:width\" content=\"702\" \/>\n\t<meta property=\"og:image:height\" content=\"358\" \/>\n\t<meta property=\"og:image:type\" content=\"image\/png\" \/>\n<meta name=\"twitter:card\" content=\"summary_large_image\" \/>\n<meta name=\"twitter:label1\" content=\"Tiempo estimado de lectura\" \/>\n\t<meta name=\"twitter:data1\" content=\"2 minutos\" \/>\n<script type=\"application\/ld+json\" class=\"yoast-schema-graph\">{\"@context\":\"https:\/\/schema.org\",\"@graph\":[{\"@type\":\"WebPage\",\"@id\":\"https:\/\/allwintheme.com\/product\/dash-mobile-app-startup-showcase-elementor-template\/\",\"url\":\"https:\/\/allwintheme.com\/product\/dash-mobile-app-startup-showcase-elementor-template\/\",\"name\":\"Dash \u2013 Mobile App & Startup Showcase Elementor Template - AllWin Theme \u2013 Free WordPress Themes Download\",\"isPartOf\":{\"@id\":\"https:\/\/allwintheme.com\/#website\"},\"primaryImageOfPage\":{\"@id\":\"https:\/\/allwintheme.com\/product\/dash-mobile-app-startup-showcase-elementor-template\/#primaryimage\"},\"image\":{\"@id\":\"https:\/\/allwintheme.com\/product\/dash-mobile-app-startup-showcase-elementor-template\/#primaryimage\"},\"thumbnailUrl\":\"https:\/\/allwintheme.com\/wp-content\/uploads\/2025\/10\/6xag4n1v.png\",\"datePublished\":\"2025-10-11T13:51:51+00:00\",\"dateModified\":\"2025-10-11T13:56:53+00:00\",\"description\":\"Build stunning mobile app and startup showcase sites quickly with Dash Elementor Template Kit. Responsive designs for apps, agencies, and more.\",\"breadcrumb\":{\"@id\":\"https:\/\/allwintheme.com\/product\/dash-mobile-app-startup-showcase-elementor-template\/#breadcrumb\"},\"inLanguage\":\"es-CL\",\"potentialAction\":[{\"@type\":\"ReadAction\",\"target\":[\"https:\/\/allwintheme.com\/product\/dash-mobile-app-startup-showcase-elementor-template\/\"]}]},{\"@type\":\"ImageObject\",\"inLanguage\":\"es-CL\",\"@id\":\"https:\/\/allwintheme.com\/product\/dash-mobile-app-startup-showcase-elementor-template\/#primaryimage\",\"url\":\"https:\/\/allwintheme.com\/wp-content\/uploads\/2025\/10\/6xag4n1v.png\",\"contentUrl\":\"https:\/\/allwintheme.com\/wp-content\/uploads\/2025\/10\/6xag4n1v.png\",\"width\":702,\"height\":358,\"caption\":\"Dash \u2013 Mobile App & Startup Showcase Elementor Template\"},{\"@type\":\"BreadcrumbList\",\"@id\":\"https:\/\/allwintheme.com\/product\/dash-mobile-app-startup-showcase-elementor-template\/#breadcrumb\",\"itemListElement\":[{\"@type\":\"ListItem\",\"position\":1,\"name\":\"Home\",\"item\":\"https:\/\/allwintheme.com\/\"},{\"@type\":\"ListItem\",\"position\":2,\"name\":\"Shop\",\"item\":\"https:\/\/allwintheme.com\/shop\/\"},{\"@type\":\"ListItem\",\"position\":3,\"name\":\"Dash \u2013 Mobile App &#038; Startup Showcase Elementor Template\"}]},{\"@type\":\"WebSite\",\"@id\":\"https:\/\/allwintheme.com\/#website\",\"url\":\"https:\/\/allwintheme.com\/\",\"name\":\"Allwintheme\",\"description\":\"Download free WordPress themes for every niche. Blogs, business, eCommerce, portfolio, restaurant and more. All themes are GPL licensed and mobile-ready.\",\"potentialAction\":[{\"@type\":\"SearchAction\",\"target\":{\"@type\":\"EntryPoint\",\"urlTemplate\":\"https:\/\/allwintheme.com\/?s={search_term_string}\"},\"query-input\":{\"@type\":\"PropertyValueSpecification\",\"valueRequired\":true,\"valueName\":\"search_term_string\"}}],\"inLanguage\":\"es-CL\"}]}<\/script>\n<!-- \/ Yoast SEO Premium plugin. -->","yoast_head_json":{"title":"Dash \u2013 Mobile App & Startup Showcase Elementor Template - AllWin Theme \u2013 Free WordPress Themes Download","description":"Construye impresionantes sitios para aplicaciones m\u00f3viles y startups r\u00e1pidamente con Dash Elementor Template Kit. Dise\u00f1os adaptables para aplicaciones, agencias y mucho m\u00e1s.","robots":{"index":"index","follow":"follow","max-snippet":"max-snippet:-1","max-image-preview":"max-image-preview:large","max-video-preview":"max-video-preview:-1"},"canonical":"https:\/\/allwintheme.com\/es\/producto\/dash-mobile-app-startup-showcase-elementor-template\/","og_locale":"es_ES","og_type":"article","og_title":"Dash \u2013 Mobile App & Startup Showcase Elementor Template","og_description":"Build stunning mobile app and startup showcase sites quickly with Dash Elementor Template Kit. Responsive designs for apps, agencies, and more.","og_url":"https:\/\/allwintheme.com\/es\/producto\/dash-mobile-app-startup-showcase-elementor-template\/","og_site_name":"AllWin Theme \u2013 Free WordPress Themes Download","article_modified_time":"2025-10-11T13:56:53+00:00","og_image":[{"width":702,"height":358,"url":"https:\/\/allwintheme.com\/wp-content\/uploads\/2025\/10\/6xag4n1v.png","type":"image\/png"}],"twitter_card":"summary_large_image","twitter_misc":{"Tiempo estimado de lectura":"2 minutos"},"schema":{"@context":"https:\/\/schema.org","@graph":[{"@type":"WebPage","@id":"https:\/\/allwintheme.com\/product\/dash-mobile-app-startup-showcase-elementor-template\/","url":"https:\/\/allwintheme.com\/product\/dash-mobile-app-startup-showcase-elementor-template\/","name":"Dash \u2013 Mobile App & Startup Showcase Elementor Template - AllWin Theme \u2013 Free WordPress Themes Download","isPartOf":{"@id":"https:\/\/allwintheme.com\/#website"},"primaryImageOfPage":{"@id":"https:\/\/allwintheme.com\/product\/dash-mobile-app-startup-showcase-elementor-template\/#primaryimage"},"image":{"@id":"https:\/\/allwintheme.com\/product\/dash-mobile-app-startup-showcase-elementor-template\/#primaryimage"},"thumbnailUrl":"https:\/\/allwintheme.com\/wp-content\/uploads\/2025\/10\/6xag4n1v.png","datePublished":"2025-10-11T13:51:51+00:00","dateModified":"2025-10-11T13:56:53+00:00","description":"Construye impresionantes sitios para aplicaciones m\u00f3viles y startups r\u00e1pidamente con Dash Elementor Template Kit. Dise\u00f1os adaptables para aplicaciones, agencias y mucho m\u00e1s.","breadcrumb":{"@id":"https:\/\/allwintheme.com\/product\/dash-mobile-app-startup-showcase-elementor-template\/#breadcrumb"},"inLanguage":"es-CL","potentialAction":[{"@type":"ReadAction","target":["https:\/\/allwintheme.com\/product\/dash-mobile-app-startup-showcase-elementor-template\/"]}]},{"@type":"ImageObject","inLanguage":"es-CL","@id":"https:\/\/allwintheme.com\/product\/dash-mobile-app-startup-showcase-elementor-template\/#primaryimage","url":"https:\/\/allwintheme.com\/wp-content\/uploads\/2025\/10\/6xag4n1v.png","contentUrl":"https:\/\/allwintheme.com\/wp-content\/uploads\/2025\/10\/6xag4n1v.png","width":702,"height":358,"caption":"Dash \u2013 Mobile App & Startup Showcase Elementor Template"},{"@type":"BreadcrumbList","@id":"https:\/\/allwintheme.com\/product\/dash-mobile-app-startup-showcase-elementor-template\/#breadcrumb","itemListElement":[{"@type":"ListItem","position":1,"name":"Home","item":"https:\/\/allwintheme.com\/"},{"@type":"ListItem","position":2,"name":"Shop","item":"https:\/\/allwintheme.com\/shop\/"},{"@type":"ListItem","position":3,"name":"Dash \u2013 Mobile App &#038; Startup Showcase Elementor Template"}]},{"@type":"WebSite","@id":"https:\/\/allwintheme.com\/#website","url":"https:\/\/allwintheme.com\/","name":"Allwintheme","description":"Descarga gratis temas de WordPress para todos los nichos. Blogs, negocios, comercio electr\u00f3nico, portafolio, restaurante y m\u00e1s. Todos los temas tienen licencia GPL y est\u00e1n preparados para dispositivos m\u00f3viles.","potentialAction":[{"@type":"SearchAction","target":{"@type":"EntryPoint","urlTemplate":"https:\/\/allwintheme.com\/?s={search_term_string}"},"query-input":{"@type":"PropertyValueSpecification","valueRequired":true,"valueName":"search_term_string"}}],"inLanguage":"es-CL"}]}},"_links":{"self":[{"href":"https:\/\/allwintheme.com\/es\/wp-json\/wp\/v2\/product\/10294","targetHints":{"allow":["GET"]}}],"collection":[{"href":"https:\/\/allwintheme.com\/es\/wp-json\/wp\/v2\/product"}],"about":[{"href":"https:\/\/allwintheme.com\/es\/wp-json\/wp\/v2\/types\/product"}],"replies":[{"embeddable":true,"href":"https:\/\/allwintheme.com\/es\/wp-json\/wp\/v2\/comments?post=10294"}],"version-history":[{"count":8,"href":"https:\/\/allwintheme.com\/es\/wp-json\/wp\/v2\/product\/10294\/revisions"}],"predecessor-version":[{"id":10302,"href":"https:\/\/allwintheme.com\/es\/wp-json\/wp\/v2\/product\/10294\/revisions\/10302"}],"wp:featuredmedia":[{"embeddable":true,"href":"https:\/\/allwintheme.com\/es\/wp-json\/wp\/v2\/media\/10286"}],"wp:attachment":[{"href":"https:\/\/allwintheme.com\/es\/wp-json\/wp\/v2\/media?parent=10294"}],"wp:term":[{"taxonomy":"product_brand","embeddable":true,"href":"https:\/\/allwintheme.com\/es\/wp-json\/wp\/v2\/product_brand?post=10294"},{"taxonomy":"product_cat","embeddable":true,"href":"https:\/\/allwintheme.com\/es\/wp-json\/wp\/v2\/product_cat?post=10294"},{"taxonomy":"product_tag","embeddable":true,"href":"https:\/\/allwintheme.com\/es\/wp-json\/wp\/v2\/product_tag?post=10294"}],"curies":[{"name":"wp","href":"https:\/\/api.w.org\/{rel}","templated":true}]}}