{"id":10328,"date":"2025-10-11T14:22:12","date_gmt":"2025-10-11T14:22:12","guid":{"rendered":"https:\/\/allwintheme.com\/?post_type=product&#038;p=10328"},"modified":"2025-10-12T12:02:31","modified_gmt":"2025-10-12T12:02:31","slug":"talwin-pegatinas-de-rotulacion-de-coches-plantilla-elementor-pro","status":"publish","type":"product","link":"https:\/\/allwintheme.com\/es\/producto\/talwin-pegatinas-de-rotulacion-de-coches-plantilla-elementor-pro\/","title":{"rendered":"Talwin - Car Wrapping &amp; Stickers Plantilla Elementor Pro"},"content":{"rendered":"<div data-elementor-type=\"wp-post\" data-elementor-id=\"10328\" class=\"elementor elementor-10328\" data-elementor-settings=\"{&quot;element_pack_global_tooltip_width&quot;:{&quot;unit&quot;:&quot;px&quot;,&quot;size&quot;:&quot;&quot;,&quot;sizes&quot;:[]},&quot;element_pack_global_tooltip_width_tablet&quot;:{&quot;unit&quot;:&quot;px&quot;,&quot;size&quot;:&quot;&quot;,&quot;sizes&quot;:[]},&quot;element_pack_global_tooltip_width_mobile&quot;:{&quot;unit&quot;:&quot;px&quot;,&quot;size&quot;:&quot;&quot;,&quot;sizes&quot;:[]},&quot;element_pack_global_tooltip_padding&quot;:{&quot;unit&quot;:&quot;px&quot;,&quot;top&quot;:&quot;&quot;,&quot;right&quot;:&quot;&quot;,&quot;bottom&quot;:&quot;&quot;,&quot;left&quot;:&quot;&quot;,&quot;isLinked&quot;:true},&quot;element_pack_global_tooltip_padding_tablet&quot;:{&quot;unit&quot;:&quot;px&quot;,&quot;top&quot;:&quot;&quot;,&quot;right&quot;:&quot;&quot;,&quot;bottom&quot;:&quot;&quot;,&quot;left&quot;:&quot;&quot;,&quot;isLinked&quot;:true},&quot;element_pack_global_tooltip_padding_mobile&quot;:{&quot;unit&quot;:&quot;px&quot;,&quot;top&quot;:&quot;&quot;,&quot;right&quot;:&quot;&quot;,&quot;bottom&quot;:&quot;&quot;,&quot;left&quot;:&quot;&quot;,&quot;isLinked&quot;:true},&quot;element_pack_global_tooltip_border_radius&quot;:{&quot;unit&quot;:&quot;px&quot;,&quot;top&quot;:&quot;&quot;,&quot;right&quot;:&quot;&quot;,&quot;bottom&quot;:&quot;&quot;,&quot;left&quot;:&quot;&quot;,&quot;isLinked&quot;:true},&quot;element_pack_global_tooltip_border_radius_tablet&quot;:{&quot;unit&quot;:&quot;px&quot;,&quot;top&quot;:&quot;&quot;,&quot;right&quot;:&quot;&quot;,&quot;bottom&quot;:&quot;&quot;,&quot;left&quot;:&quot;&quot;,&quot;isLinked&quot;:true},&quot;element_pack_global_tooltip_border_radius_mobile&quot;:{&quot;unit&quot;:&quot;px&quot;,&quot;top&quot;:&quot;&quot;,&quot;right&quot;:&quot;&quot;,&quot;bottom&quot;:&quot;&quot;,&quot;left&quot;:&quot;&quot;,&quot;isLinked&quot;:true}}\" data-elementor-post-type=\"product\">\n\t\t\t\t<div class=\"elementor-element elementor-element-93aa4a8 e-con-full e-flex e-con e-parent\" data-id=\"93aa4a8\" data-element_type=\"container\" data-e-type=\"container\">\n\t\t\t\t<div class=\"elementor-element elementor-element-2c3f760 miaoshu elementor-widget elementor-widget-wd_text_block\" data-id=\"2c3f760\" data-element_type=\"widget\" data-e-type=\"widget\" data-widget_type=\"wd_text_block.default\">\n\t\t\t\t<div class=\"elementor-widget-container\">\n\t\t\t\t\t\t\t<div class=\"wd-text-block reset-last-child text-left\">\n\t\t\t\n\t\t\t<h2>Talwin - Rotulaci\u00f3n y Pegatinas: Transforme su autom\u00f3vil<\/h2>\n<p>En <strong>Kit de plantillas Talwin Elementor Pro<\/strong> permite a empresas y dise\u00f1adores crear sitios web cautivadores para servicios de rotulaci\u00f3n de coches y pegatinas. Por ejemplo, puedes crear r\u00e1pidamente p\u00e1ginas profesionales que destaquen tus proyectos gracias a las intuitivas herramientas de Elementor. En consecuencia, este kit atrae a m\u00e1s clientes al mostrar su trabajo en dise\u00f1os visualmente impresionantes que impulsan el compromiso y las ventas.<grok-card data-id=\"6c967a\" data-type=\"citation_card\"><\/grok-card><grok-card data-id=\"847971\" data-type=\"citation_card\"><\/grok-card><\/p>\n\n<h3>Personalizaci\u00f3n perfecta para profesionales de la automoci\u00f3n<\/h3>\n<p>Con Talwin, puedes integrar plantillas listas para usar directamente en Elementor Pro, para personalizar los dise\u00f1os sin esfuerzo y sin codificaci\u00f3n. Adem\u00e1s, el kit cuenta con dise\u00f1os modernos con combinaciones de colores vibrantes, asegurando que su sitio se ve pulido a trav\u00e9s de ordenadores de sobremesa, tabletas y m\u00f3viles. Como resultado, creas una plataforma intuitiva que da vida a tus ideas de rotulaci\u00f3n de coches.<grok-card data-id=\"46913c\" data-type=\"citation_card\"><\/grok-card><\/p>\n\n<h3>Principales caracter\u00edsticas y ventajas<\/h3>\n<ul>\n    <li><strong>Dise\u00f1o totalmente adaptable:<\/strong> Su sitio se adapta perfectamente a todos los dispositivos, ofreciendo una experiencia fluida a los usuarios en movimiento.<\/li>\n    <li><strong>Dise\u00f1os atractivos:<\/strong> Muestre proyectos de envoltorio y dise\u00f1os de pegatinas con elementos interactivos que cautiven a los visitantes.<\/li>\n    <li><strong>F\u00e1cil integraci\u00f3n con Elementor:<\/strong> Instalar a trav\u00e9s de Envato Elements plugin y activar con Hello Elementor tema para una configuraci\u00f3n r\u00e1pida.<\/li>\n    <li><strong>Centrado en la conversi\u00f3n:<\/strong> Elementos estrat\u00e9gicos como galer\u00edas y llamadas a la acci\u00f3n ayudan a impulsar las consultas y aumentar las reservas.<\/li>\n    <li><strong>Vers\u00e1til para servicios:<\/strong> Ideal para rotulistas, dise\u00f1adores gr\u00e1ficos o talleres de autom\u00f3viles que trabajen con aluminio, cristal o rotulaciones personalizadas.<\/li>\n<\/ul>\n\n<h3>Mejore su presencia en Internet<\/h3>\n<p>Talwin simplifica la creaci\u00f3n de sitios web para el sector del autom\u00f3vil. Por ejemplo, si tiene un servicio de rotulaci\u00f3n de coches, este kit le permite destacar carteras de forma din\u00e1mica. As\u00ed, usted se centra en el crecimiento mientras disfruta de un sitio que destaca y convierte a los visitantes en clientes fieles.<grok-card data-id=\"ea3229\" data-type=\"citation_card\"><\/grok-card><\/p>\n\n<h3>Consiga Talwin hoy mismo<\/h3>\n<p>Lance su sitio web profesional de rotulaci\u00f3n de veh\u00edculos con <strong>Talwin - Car Wrapping &amp; Stickers Elementor Pro Template Kit<\/strong>. Combinando flexibilidad y estilo, crear\u00e1 una presencia que atraer\u00e1 todas las miradas. Desc\u00e1rgalo ahora y acelera tu \u00e9xito en Internet.<\/p>\n\t\t\t\t\t<\/div>\n\t\t\t\t\t\t<\/div>\n\t\t\t\t<\/div>\n\t\t\t\t<\/div>\n\t\t\t\t<\/div>","protected":false},"excerpt":{"rendered":"<p>Talwin \u2013 Car Wrapping &amp; Stickers: Transform Your Automotive Site The Talwin Elementor Pro Template Kit empowers businesses and designers<\/p>","protected":false},"featured_media":10308,"comment_status":"open","ping_status":"closed","template":"","meta":{"_acf_changed":false},"product_brand":[],"product_cat":[50],"product_tag":[],"class_list":{"0":"post-10328","1":"product","2":"type-product","3":"status-publish","4":"has-post-thumbnail","6":"product_cat-template-kits","8":"first","9":"instock","10":"sale","11":"downloadable","12":"shipping-taxable","13":"purchasable","14":"product-type-simple"},"acf":[],"yoast_head":"<!-- This site is optimized with the Yoast SEO Premium plugin v25.6 (Yoast SEO v27.1.1) - https:\/\/yoast.com\/product\/yoast-seo-premium-wordpress\/ -->\n<title>Talwin \u2013 Car Wrapping &amp; Stickers Elementor Pro Template - AllWin Theme \u2013 Free WordPress Themes Download<\/title>\n<meta name=\"description\" content=\"Build stunning car wrapping and sticker sites with Talwin Elementor Pro Template Kit. Fully responsive designs that showcase services and drive conversions.\" \/>\n<meta name=\"robots\" content=\"index, follow, max-snippet:-1, max-image-preview:large, max-video-preview:-1\" \/>\n<link rel=\"canonical\" href=\"https:\/\/allwintheme.com\/es\/producto\/talwin-pegatinas-de-rotulacion-de-coches-plantilla-elementor-pro\/\" \/>\n<meta property=\"og:locale\" content=\"es_ES\" \/>\n<meta property=\"og:type\" content=\"article\" \/>\n<meta property=\"og:title\" content=\"Talwin \u2013 Car Wrapping &amp; Stickers Elementor Pro Template\" \/>\n<meta property=\"og:description\" content=\"Build stunning car wrapping and sticker sites with Talwin Elementor Pro Template Kit. Fully responsive designs that showcase services and drive conversions.\" \/>\n<meta property=\"og:url\" content=\"https:\/\/allwintheme.com\/es\/producto\/talwin-pegatinas-de-rotulacion-de-coches-plantilla-elementor-pro\/\" \/>\n<meta property=\"og:site_name\" content=\"AllWin Theme \u2013 Free WordPress Themes Download\" \/>\n<meta property=\"article:modified_time\" content=\"2025-10-12T12:02:31+00:00\" \/>\n<meta property=\"og:image\" content=\"https:\/\/allwintheme.com\/wp-content\/uploads\/2025\/10\/97irrw18.png\" \/>\n\t<meta property=\"og:image:width\" content=\"768\" \/>\n\t<meta property=\"og:image:height\" content=\"451\" \/>\n\t<meta property=\"og:image:type\" content=\"image\/png\" \/>\n<meta name=\"twitter:card\" content=\"summary_large_image\" \/>\n<meta name=\"twitter:label1\" content=\"Tiempo estimado de lectura\" \/>\n\t<meta name=\"twitter:data1\" content=\"2 minutos\" \/>\n<script type=\"application\/ld+json\" class=\"yoast-schema-graph\">{\"@context\":\"https:\/\/schema.org\",\"@graph\":[{\"@type\":\"WebPage\",\"@id\":\"https:\/\/allwintheme.com\/product\/talwin-car-wrapping-stickers-elementor-pro-template\/\",\"url\":\"https:\/\/allwintheme.com\/product\/talwin-car-wrapping-stickers-elementor-pro-template\/\",\"name\":\"Talwin \u2013 Car Wrapping & Stickers Elementor Pro Template - AllWin Theme \u2013 Free WordPress Themes Download\",\"isPartOf\":{\"@id\":\"https:\/\/allwintheme.com\/#website\"},\"primaryImageOfPage\":{\"@id\":\"https:\/\/allwintheme.com\/product\/talwin-car-wrapping-stickers-elementor-pro-template\/#primaryimage\"},\"image\":{\"@id\":\"https:\/\/allwintheme.com\/product\/talwin-car-wrapping-stickers-elementor-pro-template\/#primaryimage\"},\"thumbnailUrl\":\"https:\/\/allwintheme.com\/wp-content\/uploads\/2025\/10\/97irrw18.png\",\"datePublished\":\"2025-10-11T14:22:12+00:00\",\"dateModified\":\"2025-10-12T12:02:31+00:00\",\"description\":\"Build stunning car wrapping and sticker sites with Talwin Elementor Pro Template Kit. Fully responsive designs that showcase services and drive conversions.\",\"breadcrumb\":{\"@id\":\"https:\/\/allwintheme.com\/product\/talwin-car-wrapping-stickers-elementor-pro-template\/#breadcrumb\"},\"inLanguage\":\"es-CL\",\"potentialAction\":[{\"@type\":\"ReadAction\",\"target\":[\"https:\/\/allwintheme.com\/product\/talwin-car-wrapping-stickers-elementor-pro-template\/\"]}]},{\"@type\":\"ImageObject\",\"inLanguage\":\"es-CL\",\"@id\":\"https:\/\/allwintheme.com\/product\/talwin-car-wrapping-stickers-elementor-pro-template\/#primaryimage\",\"url\":\"https:\/\/allwintheme.com\/wp-content\/uploads\/2025\/10\/97irrw18.png\",\"contentUrl\":\"https:\/\/allwintheme.com\/wp-content\/uploads\/2025\/10\/97irrw18.png\",\"width\":768,\"height\":451,\"caption\":\"Talwin \u2013 Car Wrapping & Stickers Elementor Pro Template\"},{\"@type\":\"BreadcrumbList\",\"@id\":\"https:\/\/allwintheme.com\/product\/talwin-car-wrapping-stickers-elementor-pro-template\/#breadcrumb\",\"itemListElement\":[{\"@type\":\"ListItem\",\"position\":1,\"name\":\"Home\",\"item\":\"https:\/\/allwintheme.com\/\"},{\"@type\":\"ListItem\",\"position\":2,\"name\":\"Shop\",\"item\":\"https:\/\/allwintheme.com\/shop\/\"},{\"@type\":\"ListItem\",\"position\":3,\"name\":\"Talwin \u2013 Car Wrapping &#038; Stickers Elementor Pro Template\"}]},{\"@type\":\"WebSite\",\"@id\":\"https:\/\/allwintheme.com\/#website\",\"url\":\"https:\/\/allwintheme.com\/\",\"name\":\"Allwintheme\",\"description\":\"Download free WordPress themes for every niche. Blogs, business, eCommerce, portfolio, restaurant and more. All themes are GPL licensed and mobile-ready.\",\"potentialAction\":[{\"@type\":\"SearchAction\",\"target\":{\"@type\":\"EntryPoint\",\"urlTemplate\":\"https:\/\/allwintheme.com\/?s={search_term_string}\"},\"query-input\":{\"@type\":\"PropertyValueSpecification\",\"valueRequired\":true,\"valueName\":\"search_term_string\"}}],\"inLanguage\":\"es-CL\"}]}<\/script>\n<!-- \/ Yoast SEO Premium plugin. -->","yoast_head_json":{"title":"Talwin - Car Wrapping &amp; Stickers Elementor Pro Template - AllWin Theme - Free WordPress Themes Download","description":"Cree impresionantes sitios web de rotulaci\u00f3n de coches y pegatinas con el kit de plantillas Talwin Elementor Pro. Dise\u00f1os totalmente adaptativos que muestran los servicios e impulsan las conversiones.","robots":{"index":"index","follow":"follow","max-snippet":"max-snippet:-1","max-image-preview":"max-image-preview:large","max-video-preview":"max-video-preview:-1"},"canonical":"https:\/\/allwintheme.com\/es\/producto\/talwin-pegatinas-de-rotulacion-de-coches-plantilla-elementor-pro\/","og_locale":"es_ES","og_type":"article","og_title":"Talwin \u2013 Car Wrapping & Stickers Elementor Pro Template","og_description":"Build stunning car wrapping and sticker sites with Talwin Elementor Pro Template Kit. Fully responsive designs that showcase services and drive conversions.","og_url":"https:\/\/allwintheme.com\/es\/producto\/talwin-pegatinas-de-rotulacion-de-coches-plantilla-elementor-pro\/","og_site_name":"AllWin Theme \u2013 Free WordPress Themes Download","article_modified_time":"2025-10-12T12:02:31+00:00","og_image":[{"width":768,"height":451,"url":"https:\/\/allwintheme.com\/wp-content\/uploads\/2025\/10\/97irrw18.png","type":"image\/png"}],"twitter_card":"summary_large_image","twitter_misc":{"Tiempo estimado de lectura":"2 minutos"},"schema":{"@context":"https:\/\/schema.org","@graph":[{"@type":"WebPage","@id":"https:\/\/allwintheme.com\/product\/talwin-car-wrapping-stickers-elementor-pro-template\/","url":"https:\/\/allwintheme.com\/product\/talwin-car-wrapping-stickers-elementor-pro-template\/","name":"Talwin - Car Wrapping &amp; Stickers Elementor Pro Template - AllWin Theme - Free WordPress Themes Download","isPartOf":{"@id":"https:\/\/allwintheme.com\/#website"},"primaryImageOfPage":{"@id":"https:\/\/allwintheme.com\/product\/talwin-car-wrapping-stickers-elementor-pro-template\/#primaryimage"},"image":{"@id":"https:\/\/allwintheme.com\/product\/talwin-car-wrapping-stickers-elementor-pro-template\/#primaryimage"},"thumbnailUrl":"https:\/\/allwintheme.com\/wp-content\/uploads\/2025\/10\/97irrw18.png","datePublished":"2025-10-11T14:22:12+00:00","dateModified":"2025-10-12T12:02:31+00:00","description":"Cree impresionantes sitios web de rotulaci\u00f3n de coches y pegatinas con el kit de plantillas Talwin Elementor Pro. Dise\u00f1os totalmente adaptativos que muestran los servicios e impulsan las conversiones.","breadcrumb":{"@id":"https:\/\/allwintheme.com\/product\/talwin-car-wrapping-stickers-elementor-pro-template\/#breadcrumb"},"inLanguage":"es-CL","potentialAction":[{"@type":"ReadAction","target":["https:\/\/allwintheme.com\/product\/talwin-car-wrapping-stickers-elementor-pro-template\/"]}]},{"@type":"ImageObject","inLanguage":"es-CL","@id":"https:\/\/allwintheme.com\/product\/talwin-car-wrapping-stickers-elementor-pro-template\/#primaryimage","url":"https:\/\/allwintheme.com\/wp-content\/uploads\/2025\/10\/97irrw18.png","contentUrl":"https:\/\/allwintheme.com\/wp-content\/uploads\/2025\/10\/97irrw18.png","width":768,"height":451,"caption":"Talwin \u2013 Car Wrapping & Stickers Elementor Pro Template"},{"@type":"BreadcrumbList","@id":"https:\/\/allwintheme.com\/product\/talwin-car-wrapping-stickers-elementor-pro-template\/#breadcrumb","itemListElement":[{"@type":"ListItem","position":1,"name":"Home","item":"https:\/\/allwintheme.com\/"},{"@type":"ListItem","position":2,"name":"Shop","item":"https:\/\/allwintheme.com\/shop\/"},{"@type":"ListItem","position":3,"name":"Talwin \u2013 Car Wrapping &#038; Stickers Elementor Pro Template"}]},{"@type":"WebSite","@id":"https:\/\/allwintheme.com\/#website","url":"https:\/\/allwintheme.com\/","name":"Allwintheme","description":"Descarga gratis temas de WordPress para todos los nichos. Blogs, negocios, comercio electr\u00f3nico, portafolio, restaurante y m\u00e1s. Todos los temas tienen licencia GPL y est\u00e1n preparados para dispositivos m\u00f3viles.","potentialAction":[{"@type":"SearchAction","target":{"@type":"EntryPoint","urlTemplate":"https:\/\/allwintheme.com\/?s={search_term_string}"},"query-input":{"@type":"PropertyValueSpecification","valueRequired":true,"valueName":"search_term_string"}}],"inLanguage":"es-CL"}]}},"_links":{"self":[{"href":"https:\/\/allwintheme.com\/es\/wp-json\/wp\/v2\/product\/10328","targetHints":{"allow":["GET"]}}],"collection":[{"href":"https:\/\/allwintheme.com\/es\/wp-json\/wp\/v2\/product"}],"about":[{"href":"https:\/\/allwintheme.com\/es\/wp-json\/wp\/v2\/types\/product"}],"replies":[{"embeddable":true,"href":"https:\/\/allwintheme.com\/es\/wp-json\/wp\/v2\/comments?post=10328"}],"version-history":[{"count":5,"href":"https:\/\/allwintheme.com\/es\/wp-json\/wp\/v2\/product\/10328\/revisions"}],"predecessor-version":[{"id":10346,"href":"https:\/\/allwintheme.com\/es\/wp-json\/wp\/v2\/product\/10328\/revisions\/10346"}],"wp:featuredmedia":[{"embeddable":true,"href":"https:\/\/allwintheme.com\/es\/wp-json\/wp\/v2\/media\/10308"}],"wp:attachment":[{"href":"https:\/\/allwintheme.com\/es\/wp-json\/wp\/v2\/media?parent=10328"}],"wp:term":[{"taxonomy":"product_brand","embeddable":true,"href":"https:\/\/allwintheme.com\/es\/wp-json\/wp\/v2\/product_brand?post=10328"},{"taxonomy":"product_cat","embeddable":true,"href":"https:\/\/allwintheme.com\/es\/wp-json\/wp\/v2\/product_cat?post=10328"},{"taxonomy":"product_tag","embeddable":true,"href":"https:\/\/allwintheme.com\/es\/wp-json\/wp\/v2\/product_tag?post=10328"}],"curies":[{"name":"wp","href":"https:\/\/api.w.org\/{rel}","templated":true}]}}