{"id":10381,"date":"2025-10-13T04:33:48","date_gmt":"2025-10-13T04:33:48","guid":{"rendered":"https:\/\/allwintheme.com\/?post_type=product&#038;p=10381"},"modified":"2025-10-13T04:43:29","modified_gmt":"2025-10-13T04:43:29","slug":"apprista-creative-app-landing-elementor-template","status":"publish","type":"product","link":"https:\/\/allwintheme.com\/es\/producto\/apprista-creative-app-landing-elementor-template\/","title":{"rendered":"Apprista - Creative App Landing Elementor Plantilla"},"content":{"rendered":"<div data-elementor-type=\"wp-post\" data-elementor-id=\"10381\" class=\"elementor elementor-10381\" data-elementor-settings=\"{&quot;element_pack_global_tooltip_width&quot;:{&quot;unit&quot;:&quot;px&quot;,&quot;size&quot;:&quot;&quot;,&quot;sizes&quot;:[]},&quot;element_pack_global_tooltip_width_tablet&quot;:{&quot;unit&quot;:&quot;px&quot;,&quot;size&quot;:&quot;&quot;,&quot;sizes&quot;:[]},&quot;element_pack_global_tooltip_width_mobile&quot;:{&quot;unit&quot;:&quot;px&quot;,&quot;size&quot;:&quot;&quot;,&quot;sizes&quot;:[]},&quot;element_pack_global_tooltip_padding&quot;:{&quot;unit&quot;:&quot;px&quot;,&quot;top&quot;:&quot;&quot;,&quot;right&quot;:&quot;&quot;,&quot;bottom&quot;:&quot;&quot;,&quot;left&quot;:&quot;&quot;,&quot;isLinked&quot;:true},&quot;element_pack_global_tooltip_padding_tablet&quot;:{&quot;unit&quot;:&quot;px&quot;,&quot;top&quot;:&quot;&quot;,&quot;right&quot;:&quot;&quot;,&quot;bottom&quot;:&quot;&quot;,&quot;left&quot;:&quot;&quot;,&quot;isLinked&quot;:true},&quot;element_pack_global_tooltip_padding_mobile&quot;:{&quot;unit&quot;:&quot;px&quot;,&quot;top&quot;:&quot;&quot;,&quot;right&quot;:&quot;&quot;,&quot;bottom&quot;:&quot;&quot;,&quot;left&quot;:&quot;&quot;,&quot;isLinked&quot;:true},&quot;element_pack_global_tooltip_border_radius&quot;:{&quot;unit&quot;:&quot;px&quot;,&quot;top&quot;:&quot;&quot;,&quot;right&quot;:&quot;&quot;,&quot;bottom&quot;:&quot;&quot;,&quot;left&quot;:&quot;&quot;,&quot;isLinked&quot;:true},&quot;element_pack_global_tooltip_border_radius_tablet&quot;:{&quot;unit&quot;:&quot;px&quot;,&quot;top&quot;:&quot;&quot;,&quot;right&quot;:&quot;&quot;,&quot;bottom&quot;:&quot;&quot;,&quot;left&quot;:&quot;&quot;,&quot;isLinked&quot;:true},&quot;element_pack_global_tooltip_border_radius_mobile&quot;:{&quot;unit&quot;:&quot;px&quot;,&quot;top&quot;:&quot;&quot;,&quot;right&quot;:&quot;&quot;,&quot;bottom&quot;:&quot;&quot;,&quot;left&quot;:&quot;&quot;,&quot;isLinked&quot;:true}}\" data-elementor-post-type=\"product\">\n\t\t\t\t<div class=\"elementor-element elementor-element-93aa4a8 e-con-full e-flex e-con e-parent\" data-id=\"93aa4a8\" data-element_type=\"container\" data-e-type=\"container\">\n\t\t\t\t<div class=\"elementor-element elementor-element-2c3f760 miaoshu elementor-widget elementor-widget-wd_text_block\" data-id=\"2c3f760\" data-element_type=\"widget\" data-e-type=\"widget\" data-widget_type=\"wd_text_block.default\">\n\t\t\t\t<div class=\"elementor-widget-container\">\n\t\t\t\t\t\t\t<div class=\"wd-text-block reset-last-child text-left\">\n\t\t\t\n\t\t\t<h2>Apprista - Plantilla Elementor Creativa para App Landing: Construya sitios impresionantes r\u00e1pidamente<\/h2>\n<p>En <strong>Kit de plantillas Elementor Apprista<\/strong> permite a desarrolladores y agencias crear atractivas p\u00e1ginas de destino para aplicaciones m\u00f3viles y empresas tecnol\u00f3gicas. Por ejemplo, este kit ofrece m\u00e1s de 30 plantillas predise\u00f1adas que puedes personalizar r\u00e1pidamente con la interfaz intuitiva de Elementor. De este modo, ahorrar\u00e1s tiempo y dinero a la vez que muestras las caracter\u00edsticas de tu aplicaci\u00f3n de forma profesional y f\u00e1cil de usar.<grok-card data-id=\"c8f696\" data-type=\"citation_card\"><\/grok-card><\/p>\n\n<h3>Personalizaci\u00f3n sin esfuerzo<\/h3>\n<p>Con Apprista, puedes importar plantillas de forma activa a trav\u00e9s del plugin Template Kit Import y modificarlas en Elementor Pro. Adem\u00e1s, el kit es compatible con los c\u00f3digos cortos de WooCommerce, por lo que puedes integrar elementos de comercio electr\u00f3nico sin problemas. Como resultado, los emprendedores futuristas comunican los requisitos de la aplicaci\u00f3n -como wireframing y prototipado- de forma clara para atraer clientes e impulsar las conversiones.<grok-card data-id=\"f2752c\" data-type=\"citation_card\"><\/grok-card><grok-card data-id=\"ab98b2\" data-type=\"citation_card\"><\/grok-card><\/p>\n\n<h3>Principales caracter\u00edsticas y ventajas<\/h3>\n<ul>\n    <li><strong>30+ Plantillas listas:<\/strong> Elija entre diversos dise\u00f1os para p\u00e1ginas de destino, incluidos dise\u00f1os de una p\u00e1gina adaptados a aplicaciones y agencias.<\/li>\n    <li><strong>Integraci\u00f3n intuitiva con Elementor:<\/strong> Edite libremente sin codificar y guarde secciones personalizadas como plantillas reutilizables para futuros proyectos.<\/li>\n    <li><strong>Widgets escalables:<\/strong> Accede a todos los widgets de Elementor Pro listos para usar, adem\u00e1s de soporte de terceros como Master Elements para mega men\u00fas.<\/li>\n    <li><strong>Dise\u00f1o moderno y minimalista:<\/strong> Disfrute de una est\u00e9tica contempor\u00e1nea que mejora el compromiso del usuario y la narraci\u00f3n de historias empresariales.<\/li>\n<\/ul>\n\n<h3>Agilice el proceso de lanzamiento de su aplicaci\u00f3n<\/h3>\n<p>Apprista simplifica el desarrollo de sitios web para empresas tecnol\u00f3gicas. Por ejemplo, si necesita destacar las funcionalidades de una aplicaci\u00f3n o los servicios de una agencia, los bloques flexibles del kit le permiten incrustar contenido en cualquier lugar. De este modo, podr\u00e1 crear sitios web con capacidad de respuesta y de gran impacto que redirijan a los usuarios de forma eficaz, incluso gestionando p\u00e1ginas 404 con dise\u00f1os tem\u00e1ticos.<grok-card data-id=\"5b59fc\" data-type=\"citation_card\"><\/grok-card><\/p>\n\n<h3>Lance su aplicaci\u00f3n hoy mismo<\/h3>\n<p>Mejore la presencia de su aplicaci\u00f3n m\u00f3vil con <strong>Apprista - Creative App Landing Elementor Plantilla<\/strong>. Al proporcionar herramientas r\u00e1pidas y potentes, este kit le ayuda a crear sitios que cautivan al p\u00fablico e impulsan el crecimiento. Desc\u00e1rguelo ahora y convierta sus ideas en realidad.<\/p>\n\t\t\t\t\t<\/div>\n\t\t\t\t\t\t<\/div>\n\t\t\t\t<\/div>\n\t\t\t\t<\/div>\n\t\t\t\t<\/div>","protected":false},"excerpt":{"rendered":"<p>Apprista \u2013 Creative App Landing Elementor Template: Build Stunning Sites Fast The Apprista Elementor Template Kit empowers developers and agencies<\/p>","protected":false},"featured_media":10312,"comment_status":"open","ping_status":"closed","template":"","meta":{"_acf_changed":false},"product_brand":[],"product_cat":[50],"product_tag":[],"class_list":{"0":"post-10381","1":"product","2":"type-product","3":"status-publish","4":"has-post-thumbnail","6":"product_cat-template-kits","8":"first","9":"instock","10":"sale","11":"downloadable","12":"shipping-taxable","13":"purchasable","14":"product-type-simple"},"acf":[],"yoast_head":"<!-- This site is optimized with the Yoast SEO Premium plugin v25.6 (Yoast SEO v27.1.1) - https:\/\/yoast.com\/product\/yoast-seo-premium-wordpress\/ -->\n<title>Apprista \u2013 Creative App Landing Elementor Template - AllWin Theme \u2013 Free WordPress Themes Download<\/title>\n<meta name=\"description\" content=\"Launch stunning app landing pages with Apprista Elementor Template Kit. Customize 30+ creative templates for mobile apps and tech agencies effortlessly.\" \/>\n<meta name=\"robots\" content=\"index, follow, max-snippet:-1, max-image-preview:large, max-video-preview:-1\" \/>\n<link rel=\"canonical\" href=\"https:\/\/allwintheme.com\/es\/producto\/apprista-creative-app-landing-elementor-template\/\" \/>\n<meta property=\"og:locale\" content=\"es_ES\" \/>\n<meta property=\"og:type\" content=\"article\" \/>\n<meta property=\"og:title\" content=\"Apprista \u2013 Creative App Landing Elementor Template\" \/>\n<meta property=\"og:description\" content=\"Launch stunning app landing pages with Apprista Elementor Template Kit. Customize 30+ creative templates for mobile apps and tech agencies effortlessly.\" \/>\n<meta property=\"og:url\" content=\"https:\/\/allwintheme.com\/es\/producto\/apprista-creative-app-landing-elementor-template\/\" \/>\n<meta property=\"og:site_name\" content=\"AllWin Theme \u2013 Free WordPress Themes Download\" \/>\n<meta property=\"article:modified_time\" content=\"2025-10-13T04:43:29+00:00\" \/>\n<meta property=\"og:image\" content=\"https:\/\/allwintheme.com\/wp-content\/uploads\/2025\/10\/8m64rh1k.png\" \/>\n\t<meta property=\"og:image:width\" content=\"768\" \/>\n\t<meta property=\"og:image:height\" content=\"413\" \/>\n\t<meta property=\"og:image:type\" content=\"image\/png\" \/>\n<meta name=\"twitter:card\" content=\"summary_large_image\" \/>\n<meta name=\"twitter:label1\" content=\"Tiempo estimado de lectura\" \/>\n\t<meta name=\"twitter:data1\" content=\"2 minutos\" \/>\n<script type=\"application\/ld+json\" class=\"yoast-schema-graph\">{\"@context\":\"https:\/\/schema.org\",\"@graph\":[{\"@type\":\"WebPage\",\"@id\":\"https:\/\/allwintheme.com\/product\/apprista-creative-app-landing-elementor-template\/\",\"url\":\"https:\/\/allwintheme.com\/product\/apprista-creative-app-landing-elementor-template\/\",\"name\":\"Apprista \u2013 Creative App Landing Elementor Template - AllWin Theme \u2013 Free WordPress Themes Download\",\"isPartOf\":{\"@id\":\"https:\/\/allwintheme.com\/#website\"},\"primaryImageOfPage\":{\"@id\":\"https:\/\/allwintheme.com\/product\/apprista-creative-app-landing-elementor-template\/#primaryimage\"},\"image\":{\"@id\":\"https:\/\/allwintheme.com\/product\/apprista-creative-app-landing-elementor-template\/#primaryimage\"},\"thumbnailUrl\":\"https:\/\/allwintheme.com\/wp-content\/uploads\/2025\/10\/8m64rh1k.png\",\"datePublished\":\"2025-10-13T04:33:48+00:00\",\"dateModified\":\"2025-10-13T04:43:29+00:00\",\"description\":\"Launch stunning app landing pages with Apprista Elementor Template Kit. Customize 30+ creative templates for mobile apps and tech agencies effortlessly.\",\"breadcrumb\":{\"@id\":\"https:\/\/allwintheme.com\/product\/apprista-creative-app-landing-elementor-template\/#breadcrumb\"},\"inLanguage\":\"es-CL\",\"potentialAction\":[{\"@type\":\"ReadAction\",\"target\":[\"https:\/\/allwintheme.com\/product\/apprista-creative-app-landing-elementor-template\/\"]}]},{\"@type\":\"ImageObject\",\"inLanguage\":\"es-CL\",\"@id\":\"https:\/\/allwintheme.com\/product\/apprista-creative-app-landing-elementor-template\/#primaryimage\",\"url\":\"https:\/\/allwintheme.com\/wp-content\/uploads\/2025\/10\/8m64rh1k.png\",\"contentUrl\":\"https:\/\/allwintheme.com\/wp-content\/uploads\/2025\/10\/8m64rh1k.png\",\"width\":768,\"height\":413,\"caption\":\"Apprista \u2013 Creative App Landing Elementor Template\"},{\"@type\":\"BreadcrumbList\",\"@id\":\"https:\/\/allwintheme.com\/product\/apprista-creative-app-landing-elementor-template\/#breadcrumb\",\"itemListElement\":[{\"@type\":\"ListItem\",\"position\":1,\"name\":\"Home\",\"item\":\"https:\/\/allwintheme.com\/\"},{\"@type\":\"ListItem\",\"position\":2,\"name\":\"Shop\",\"item\":\"https:\/\/allwintheme.com\/shop\/\"},{\"@type\":\"ListItem\",\"position\":3,\"name\":\"Apprista \u2013 Creative App Landing Elementor Template\"}]},{\"@type\":\"WebSite\",\"@id\":\"https:\/\/allwintheme.com\/#website\",\"url\":\"https:\/\/allwintheme.com\/\",\"name\":\"Allwintheme\",\"description\":\"Download free WordPress themes for every niche. Blogs, business, eCommerce, portfolio, restaurant and more. All themes are GPL licensed and mobile-ready.\",\"potentialAction\":[{\"@type\":\"SearchAction\",\"target\":{\"@type\":\"EntryPoint\",\"urlTemplate\":\"https:\/\/allwintheme.com\/?s={search_term_string}\"},\"query-input\":{\"@type\":\"PropertyValueSpecification\",\"valueRequired\":true,\"valueName\":\"search_term_string\"}}],\"inLanguage\":\"es-CL\"}]}<\/script>\n<!-- \/ Yoast SEO Premium plugin. -->","yoast_head_json":{"title":"Apprista \u2013 Creative App Landing Elementor Template - AllWin Theme \u2013 Free WordPress Themes Download","description":"Lance impresionantes p\u00e1ginas de aterrizaje de aplicaciones con el kit de plantillas Elementor de Apprista. Personaliza m\u00e1s de 30 plantillas creativas para aplicaciones m\u00f3viles y agencias tecnol\u00f3gicas sin esfuerzo.","robots":{"index":"index","follow":"follow","max-snippet":"max-snippet:-1","max-image-preview":"max-image-preview:large","max-video-preview":"max-video-preview:-1"},"canonical":"https:\/\/allwintheme.com\/es\/producto\/apprista-creative-app-landing-elementor-template\/","og_locale":"es_ES","og_type":"article","og_title":"Apprista \u2013 Creative App Landing Elementor Template","og_description":"Launch stunning app landing pages with Apprista Elementor Template Kit. Customize 30+ creative templates for mobile apps and tech agencies effortlessly.","og_url":"https:\/\/allwintheme.com\/es\/producto\/apprista-creative-app-landing-elementor-template\/","og_site_name":"AllWin Theme \u2013 Free WordPress Themes Download","article_modified_time":"2025-10-13T04:43:29+00:00","og_image":[{"width":768,"height":413,"url":"https:\/\/allwintheme.com\/wp-content\/uploads\/2025\/10\/8m64rh1k.png","type":"image\/png"}],"twitter_card":"summary_large_image","twitter_misc":{"Tiempo estimado de lectura":"2 minutos"},"schema":{"@context":"https:\/\/schema.org","@graph":[{"@type":"WebPage","@id":"https:\/\/allwintheme.com\/product\/apprista-creative-app-landing-elementor-template\/","url":"https:\/\/allwintheme.com\/product\/apprista-creative-app-landing-elementor-template\/","name":"Apprista \u2013 Creative App Landing Elementor Template - AllWin Theme \u2013 Free WordPress Themes Download","isPartOf":{"@id":"https:\/\/allwintheme.com\/#website"},"primaryImageOfPage":{"@id":"https:\/\/allwintheme.com\/product\/apprista-creative-app-landing-elementor-template\/#primaryimage"},"image":{"@id":"https:\/\/allwintheme.com\/product\/apprista-creative-app-landing-elementor-template\/#primaryimage"},"thumbnailUrl":"https:\/\/allwintheme.com\/wp-content\/uploads\/2025\/10\/8m64rh1k.png","datePublished":"2025-10-13T04:33:48+00:00","dateModified":"2025-10-13T04:43:29+00:00","description":"Lance impresionantes p\u00e1ginas de aterrizaje de aplicaciones con el kit de plantillas Elementor de Apprista. Personaliza m\u00e1s de 30 plantillas creativas para aplicaciones m\u00f3viles y agencias tecnol\u00f3gicas sin esfuerzo.","breadcrumb":{"@id":"https:\/\/allwintheme.com\/product\/apprista-creative-app-landing-elementor-template\/#breadcrumb"},"inLanguage":"es-CL","potentialAction":[{"@type":"ReadAction","target":["https:\/\/allwintheme.com\/product\/apprista-creative-app-landing-elementor-template\/"]}]},{"@type":"ImageObject","inLanguage":"es-CL","@id":"https:\/\/allwintheme.com\/product\/apprista-creative-app-landing-elementor-template\/#primaryimage","url":"https:\/\/allwintheme.com\/wp-content\/uploads\/2025\/10\/8m64rh1k.png","contentUrl":"https:\/\/allwintheme.com\/wp-content\/uploads\/2025\/10\/8m64rh1k.png","width":768,"height":413,"caption":"Apprista \u2013 Creative App Landing Elementor Template"},{"@type":"BreadcrumbList","@id":"https:\/\/allwintheme.com\/product\/apprista-creative-app-landing-elementor-template\/#breadcrumb","itemListElement":[{"@type":"ListItem","position":1,"name":"Home","item":"https:\/\/allwintheme.com\/"},{"@type":"ListItem","position":2,"name":"Shop","item":"https:\/\/allwintheme.com\/shop\/"},{"@type":"ListItem","position":3,"name":"Apprista \u2013 Creative App Landing Elementor Template"}]},{"@type":"WebSite","@id":"https:\/\/allwintheme.com\/#website","url":"https:\/\/allwintheme.com\/","name":"Allwintheme","description":"Descarga gratis temas de WordPress para todos los nichos. Blogs, negocios, comercio electr\u00f3nico, portafolio, restaurante y m\u00e1s. Todos los temas tienen licencia GPL y est\u00e1n preparados para dispositivos m\u00f3viles.","potentialAction":[{"@type":"SearchAction","target":{"@type":"EntryPoint","urlTemplate":"https:\/\/allwintheme.com\/?s={search_term_string}"},"query-input":{"@type":"PropertyValueSpecification","valueRequired":true,"valueName":"search_term_string"}}],"inLanguage":"es-CL"}]}},"_links":{"self":[{"href":"https:\/\/allwintheme.com\/es\/wp-json\/wp\/v2\/product\/10381","targetHints":{"allow":["GET"]}}],"collection":[{"href":"https:\/\/allwintheme.com\/es\/wp-json\/wp\/v2\/product"}],"about":[{"href":"https:\/\/allwintheme.com\/es\/wp-json\/wp\/v2\/types\/product"}],"replies":[{"embeddable":true,"href":"https:\/\/allwintheme.com\/es\/wp-json\/wp\/v2\/comments?post=10381"}],"version-history":[{"count":5,"href":"https:\/\/allwintheme.com\/es\/wp-json\/wp\/v2\/product\/10381\/revisions"}],"predecessor-version":[{"id":10386,"href":"https:\/\/allwintheme.com\/es\/wp-json\/wp\/v2\/product\/10381\/revisions\/10386"}],"wp:featuredmedia":[{"embeddable":true,"href":"https:\/\/allwintheme.com\/es\/wp-json\/wp\/v2\/media\/10312"}],"wp:attachment":[{"href":"https:\/\/allwintheme.com\/es\/wp-json\/wp\/v2\/media?parent=10381"}],"wp:term":[{"taxonomy":"product_brand","embeddable":true,"href":"https:\/\/allwintheme.com\/es\/wp-json\/wp\/v2\/product_brand?post=10381"},{"taxonomy":"product_cat","embeddable":true,"href":"https:\/\/allwintheme.com\/es\/wp-json\/wp\/v2\/product_cat?post=10381"},{"taxonomy":"product_tag","embeddable":true,"href":"https:\/\/allwintheme.com\/es\/wp-json\/wp\/v2\/product_tag?post=10381"}],"curies":[{"name":"wp","href":"https:\/\/api.w.org\/{rel}","templated":true}]}}