{"id":10387,"date":"2025-10-13T04:44:18","date_gmt":"2025-10-13T04:44:18","guid":{"rendered":"https:\/\/allwintheme.com\/?post_type=product&#038;p=10387"},"modified":"2025-10-13T04:56:47","modified_gmt":"2025-10-13T04:56:47","slug":"pascal-payment-app-business-elementor-pro-template","status":"publish","type":"product","link":"https:\/\/allwintheme.com\/es\/producto\/pascal-payment-app-business-elementor-pro-template\/","title":{"rendered":"Pascal - Payment App Business Plantilla Elementor Pro"},"content":{"rendered":"<div data-elementor-type=\"wp-post\" data-elementor-id=\"10387\" class=\"elementor elementor-10387\" data-elementor-settings=\"{&quot;element_pack_global_tooltip_width&quot;:{&quot;unit&quot;:&quot;px&quot;,&quot;size&quot;:&quot;&quot;,&quot;sizes&quot;:[]},&quot;element_pack_global_tooltip_width_tablet&quot;:{&quot;unit&quot;:&quot;px&quot;,&quot;size&quot;:&quot;&quot;,&quot;sizes&quot;:[]},&quot;element_pack_global_tooltip_width_mobile&quot;:{&quot;unit&quot;:&quot;px&quot;,&quot;size&quot;:&quot;&quot;,&quot;sizes&quot;:[]},&quot;element_pack_global_tooltip_padding&quot;:{&quot;unit&quot;:&quot;px&quot;,&quot;top&quot;:&quot;&quot;,&quot;right&quot;:&quot;&quot;,&quot;bottom&quot;:&quot;&quot;,&quot;left&quot;:&quot;&quot;,&quot;isLinked&quot;:true},&quot;element_pack_global_tooltip_padding_tablet&quot;:{&quot;unit&quot;:&quot;px&quot;,&quot;top&quot;:&quot;&quot;,&quot;right&quot;:&quot;&quot;,&quot;bottom&quot;:&quot;&quot;,&quot;left&quot;:&quot;&quot;,&quot;isLinked&quot;:true},&quot;element_pack_global_tooltip_padding_mobile&quot;:{&quot;unit&quot;:&quot;px&quot;,&quot;top&quot;:&quot;&quot;,&quot;right&quot;:&quot;&quot;,&quot;bottom&quot;:&quot;&quot;,&quot;left&quot;:&quot;&quot;,&quot;isLinked&quot;:true},&quot;element_pack_global_tooltip_border_radius&quot;:{&quot;unit&quot;:&quot;px&quot;,&quot;top&quot;:&quot;&quot;,&quot;right&quot;:&quot;&quot;,&quot;bottom&quot;:&quot;&quot;,&quot;left&quot;:&quot;&quot;,&quot;isLinked&quot;:true},&quot;element_pack_global_tooltip_border_radius_tablet&quot;:{&quot;unit&quot;:&quot;px&quot;,&quot;top&quot;:&quot;&quot;,&quot;right&quot;:&quot;&quot;,&quot;bottom&quot;:&quot;&quot;,&quot;left&quot;:&quot;&quot;,&quot;isLinked&quot;:true},&quot;element_pack_global_tooltip_border_radius_mobile&quot;:{&quot;unit&quot;:&quot;px&quot;,&quot;top&quot;:&quot;&quot;,&quot;right&quot;:&quot;&quot;,&quot;bottom&quot;:&quot;&quot;,&quot;left&quot;:&quot;&quot;,&quot;isLinked&quot;:true}}\" data-elementor-post-type=\"product\">\n\t\t\t\t<div class=\"elementor-element elementor-element-93aa4a8 e-con-full e-flex e-con e-parent\" data-id=\"93aa4a8\" data-element_type=\"container\" data-e-type=\"container\">\n\t\t\t\t<div class=\"elementor-element elementor-element-2c3f760 miaoshu elementor-widget elementor-widget-wd_text_block\" data-id=\"2c3f760\" data-element_type=\"widget\" data-e-type=\"widget\" data-widget_type=\"wd_text_block.default\">\n\t\t\t\t<div class=\"elementor-widget-container\">\n\t\t\t\t\t\t\t<div class=\"wd-text-block reset-last-child text-left\">\n\t\t\t\n\t\t\t<h2>Pascal - Payment App Business Elementor Pro Template Kit: Crea Sitios Profesionales R\u00e1pidamente<\/h2>\n<p>En <strong>Pascal Kit de plantillas Elementor Pro<\/strong> le permite crear sitios web elegantes para aplicaciones de pago, negocios digitales y mucho m\u00e1s. Por ejemplo, los desarrolladores y profesionales del marketing utilizan activamente este kit para dise\u00f1ar p\u00e1ginas adaptables que muestren servicios, tecnolog\u00edas u ofertas de consultor\u00eda. De este modo, se consiguen sitios web perfeccionados que funcionan a la perfecci\u00f3n en navegadores, tabletas y tel\u00e9fonos, lo que aumenta de inmediato la participaci\u00f3n de los usuarios.<\/p>\n\n<h3>Dise\u00f1o sin esfuerzo para empresas modernas<\/h3>\n<p>Con Pascal, puedes importar plantillas predise\u00f1adas directamente a Elementor Pro, para personalizar los dise\u00f1os sin empezar desde cero. Adem\u00e1s, este kit es compatible con diversos sectores como el marketing digital, los servicios tecnol\u00f3gicos y las empresas de consultor\u00eda. Como resultado, podr\u00e1 crear p\u00e1ginas de aterrizaje profesionales para aplicaciones de pago o sitios empresariales que conviertan a los visitantes de forma eficaz.<\/p>\n\n<h3>Principales caracter\u00edsticas y ventajas<\/h3>\n<ul>\n    <li><strong>Dise\u00f1o totalmente adaptable:<\/strong> Las plantillas se adaptan perfectamente a ordenadores de sobremesa, tabletas y m\u00f3viles para una visualizaci\u00f3n \u00f3ptima.<\/li>\n    <li><strong>Ajuste vers\u00e1til a la industria:<\/strong> Sitios a medida para marketing digital, tecnolog\u00eda, servicios, consultor\u00eda o cualquier tipo de negocio.<\/li>\n    <li><strong>F\u00e1cil proceso de importaci\u00f3n:<\/strong> Sube el zip del kit en Elementor, activa los plugins necesarios e importa las plantillas una a una para obtener resultados r\u00e1pidos.<\/li>\n    <li><strong>Compatibilidad entre navegadores:<\/strong> Garantiza que su sitio se vea perfectamente en los principales navegadores sin fallos.<\/li>\n    <li><strong>Optimizado para Elementor Pro:<\/strong> Aprovecha las funciones avanzadas para crear p\u00e1ginas din\u00e1micas e interactivas (requiere una actualizaci\u00f3n a Elementor Pro).<\/li>\n<\/ul>\n\n<h3>Agilice su desarrollo web<\/h3>\n<p>Pascal simplifica la creaci\u00f3n de sitios para empresas de aplicaciones de pago y m\u00e1s. Por ejemplo, si necesita destacar soluciones de tecnolog\u00eda financiera o caracter\u00edsticas de la aplicaci\u00f3n, este kit proporciona elementos listos para usar que ahorran horas de trabajo. Por lo tanto, usted se centra en el contenido y la estrategia, mientras que el marco de respuesta se encarga del resto, en \u00faltima instancia, la mejora de la eficiencia de su proyecto.<\/p>\n\n<h3>Lance hoy mismo su sitio web con Pascal<\/h3>\n<p>Mejore su presencia digital con el <strong>Pascal Payment App Business Elementor Pro Template Kit<\/strong>. Combinando flexibilidad y velocidad, crear\u00e1 sitios web destacados que generar\u00e1n resultados. Empiece ahora y transforme sus ideas en realidades profesionales y con capacidad de respuesta.\n\t\t\t\t\t<\/div>\n\t\t\t\t\t\t<\/div>\n\t\t\t\t<\/div>\n\t\t\t\t<\/div>\n\t\t\t\t<\/div>","protected":false},"excerpt":{"rendered":"<p>Pascal \u2013 Payment App Business Elementor Pro Template Kit: Craft Professional Sites Fast The Pascal Elementor Pro Template Kit empowers<\/p>","protected":false},"featured_media":10313,"comment_status":"open","ping_status":"closed","template":"","meta":{"_acf_changed":false},"product_brand":[],"product_cat":[50],"product_tag":[],"class_list":{"0":"post-10387","1":"product","2":"type-product","3":"status-publish","4":"has-post-thumbnail","6":"product_cat-template-kits","8":"first","9":"instock","10":"sale","11":"downloadable","12":"shipping-taxable","13":"purchasable","14":"product-type-simple"},"acf":[],"yoast_head":"<!-- This site is optimized with the Yoast SEO Premium plugin v25.6 (Yoast SEO v27.1.1) - https:\/\/yoast.com\/product\/yoast-seo-premium-wordpress\/ -->\n<title>Pascal \u2013 Payment App Business Elementor Pro Template - AllWin Theme \u2013 Free WordPress Themes Download<\/title>\n<meta name=\"description\" content=\"Launch stunning app landing pages with Apprista Elementor Template Kit. Customize 30+ creative templates for mobile apps and tech agencies effortlessly.\" \/>\n<meta name=\"robots\" content=\"index, follow, max-snippet:-1, max-image-preview:large, max-video-preview:-1\" \/>\n<link rel=\"canonical\" href=\"https:\/\/allwintheme.com\/es\/producto\/pascal-payment-app-business-elementor-pro-template\/\" \/>\n<meta property=\"og:locale\" content=\"es_ES\" \/>\n<meta property=\"og:type\" content=\"article\" \/>\n<meta property=\"og:title\" content=\"Pascal \u2013 Payment App Business Elementor Pro Template\" \/>\n<meta property=\"og:description\" content=\"Launch stunning app landing pages with Apprista Elementor Template Kit. Customize 30+ creative templates for mobile apps and tech agencies effortlessly.\" \/>\n<meta property=\"og:url\" content=\"https:\/\/allwintheme.com\/es\/producto\/pascal-payment-app-business-elementor-pro-template\/\" \/>\n<meta property=\"og:site_name\" content=\"AllWin Theme \u2013 Free WordPress Themes Download\" \/>\n<meta property=\"article:modified_time\" content=\"2025-10-13T04:56:47+00:00\" \/>\n<meta property=\"og:image\" content=\"https:\/\/allwintheme.com\/wp-content\/uploads\/2025\/10\/3r1b370u.png\" \/>\n\t<meta property=\"og:image:width\" content=\"768\" \/>\n\t<meta property=\"og:image:height\" content=\"479\" \/>\n\t<meta property=\"og:image:type\" content=\"image\/png\" \/>\n<meta name=\"twitter:card\" content=\"summary_large_image\" \/>\n<meta name=\"twitter:label1\" content=\"Tiempo estimado de lectura\" \/>\n\t<meta name=\"twitter:data1\" content=\"2 minutos\" \/>\n<script type=\"application\/ld+json\" class=\"yoast-schema-graph\">{\"@context\":\"https:\/\/schema.org\",\"@graph\":[{\"@type\":\"WebPage\",\"@id\":\"https:\/\/allwintheme.com\/product\/pascal-payment-app-business-elementor-pro-template\/\",\"url\":\"https:\/\/allwintheme.com\/product\/pascal-payment-app-business-elementor-pro-template\/\",\"name\":\"Pascal \u2013 Payment App Business Elementor Pro Template - AllWin Theme \u2013 Free WordPress Themes Download\",\"isPartOf\":{\"@id\":\"https:\/\/allwintheme.com\/#website\"},\"primaryImageOfPage\":{\"@id\":\"https:\/\/allwintheme.com\/product\/pascal-payment-app-business-elementor-pro-template\/#primaryimage\"},\"image\":{\"@id\":\"https:\/\/allwintheme.com\/product\/pascal-payment-app-business-elementor-pro-template\/#primaryimage\"},\"thumbnailUrl\":\"https:\/\/allwintheme.com\/wp-content\/uploads\/2025\/10\/3r1b370u.png\",\"datePublished\":\"2025-10-13T04:44:18+00:00\",\"dateModified\":\"2025-10-13T04:56:47+00:00\",\"description\":\"Launch stunning app landing pages with Apprista Elementor Template Kit. Customize 30+ creative templates for mobile apps and tech agencies effortlessly.\",\"breadcrumb\":{\"@id\":\"https:\/\/allwintheme.com\/product\/pascal-payment-app-business-elementor-pro-template\/#breadcrumb\"},\"inLanguage\":\"es-CL\",\"potentialAction\":[{\"@type\":\"ReadAction\",\"target\":[\"https:\/\/allwintheme.com\/product\/pascal-payment-app-business-elementor-pro-template\/\"]}]},{\"@type\":\"ImageObject\",\"inLanguage\":\"es-CL\",\"@id\":\"https:\/\/allwintheme.com\/product\/pascal-payment-app-business-elementor-pro-template\/#primaryimage\",\"url\":\"https:\/\/allwintheme.com\/wp-content\/uploads\/2025\/10\/3r1b370u.png\",\"contentUrl\":\"https:\/\/allwintheme.com\/wp-content\/uploads\/2025\/10\/3r1b370u.png\",\"width\":768,\"height\":479,\"caption\":\"Pascal \u2013 Payment App Business Elementor Pro Template\"},{\"@type\":\"BreadcrumbList\",\"@id\":\"https:\/\/allwintheme.com\/product\/pascal-payment-app-business-elementor-pro-template\/#breadcrumb\",\"itemListElement\":[{\"@type\":\"ListItem\",\"position\":1,\"name\":\"Home\",\"item\":\"https:\/\/allwintheme.com\/\"},{\"@type\":\"ListItem\",\"position\":2,\"name\":\"Shop\",\"item\":\"https:\/\/allwintheme.com\/shop\/\"},{\"@type\":\"ListItem\",\"position\":3,\"name\":\"Pascal \u2013 Payment App Business Elementor Pro Template\"}]},{\"@type\":\"WebSite\",\"@id\":\"https:\/\/allwintheme.com\/#website\",\"url\":\"https:\/\/allwintheme.com\/\",\"name\":\"Allwintheme\",\"description\":\"Download free WordPress themes for every niche. Blogs, business, eCommerce, portfolio, restaurant and more. All themes are GPL licensed and mobile-ready.\",\"potentialAction\":[{\"@type\":\"SearchAction\",\"target\":{\"@type\":\"EntryPoint\",\"urlTemplate\":\"https:\/\/allwintheme.com\/?s={search_term_string}\"},\"query-input\":{\"@type\":\"PropertyValueSpecification\",\"valueRequired\":true,\"valueName\":\"search_term_string\"}}],\"inLanguage\":\"es-CL\"}]}<\/script>\n<!-- \/ Yoast SEO Premium plugin. -->","yoast_head_json":{"title":"Pascal \u2013 Payment App Business Elementor Pro Template - AllWin Theme \u2013 Free WordPress Themes Download","description":"Lance impresionantes p\u00e1ginas de aterrizaje de aplicaciones con el kit de plantillas Elementor de Apprista. Personaliza m\u00e1s de 30 plantillas creativas para aplicaciones m\u00f3viles y agencias tecnol\u00f3gicas sin esfuerzo.","robots":{"index":"index","follow":"follow","max-snippet":"max-snippet:-1","max-image-preview":"max-image-preview:large","max-video-preview":"max-video-preview:-1"},"canonical":"https:\/\/allwintheme.com\/es\/producto\/pascal-payment-app-business-elementor-pro-template\/","og_locale":"es_ES","og_type":"article","og_title":"Pascal \u2013 Payment App Business Elementor Pro Template","og_description":"Launch stunning app landing pages with Apprista Elementor Template Kit. Customize 30+ creative templates for mobile apps and tech agencies effortlessly.","og_url":"https:\/\/allwintheme.com\/es\/producto\/pascal-payment-app-business-elementor-pro-template\/","og_site_name":"AllWin Theme \u2013 Free WordPress Themes Download","article_modified_time":"2025-10-13T04:56:47+00:00","og_image":[{"width":768,"height":479,"url":"https:\/\/allwintheme.com\/wp-content\/uploads\/2025\/10\/3r1b370u.png","type":"image\/png"}],"twitter_card":"summary_large_image","twitter_misc":{"Tiempo estimado de lectura":"2 minutos"},"schema":{"@context":"https:\/\/schema.org","@graph":[{"@type":"WebPage","@id":"https:\/\/allwintheme.com\/product\/pascal-payment-app-business-elementor-pro-template\/","url":"https:\/\/allwintheme.com\/product\/pascal-payment-app-business-elementor-pro-template\/","name":"Pascal \u2013 Payment App Business Elementor Pro Template - AllWin Theme \u2013 Free WordPress Themes Download","isPartOf":{"@id":"https:\/\/allwintheme.com\/#website"},"primaryImageOfPage":{"@id":"https:\/\/allwintheme.com\/product\/pascal-payment-app-business-elementor-pro-template\/#primaryimage"},"image":{"@id":"https:\/\/allwintheme.com\/product\/pascal-payment-app-business-elementor-pro-template\/#primaryimage"},"thumbnailUrl":"https:\/\/allwintheme.com\/wp-content\/uploads\/2025\/10\/3r1b370u.png","datePublished":"2025-10-13T04:44:18+00:00","dateModified":"2025-10-13T04:56:47+00:00","description":"Lance impresionantes p\u00e1ginas de aterrizaje de aplicaciones con el kit de plantillas Elementor de Apprista. Personaliza m\u00e1s de 30 plantillas creativas para aplicaciones m\u00f3viles y agencias tecnol\u00f3gicas sin esfuerzo.","breadcrumb":{"@id":"https:\/\/allwintheme.com\/product\/pascal-payment-app-business-elementor-pro-template\/#breadcrumb"},"inLanguage":"es-CL","potentialAction":[{"@type":"ReadAction","target":["https:\/\/allwintheme.com\/product\/pascal-payment-app-business-elementor-pro-template\/"]}]},{"@type":"ImageObject","inLanguage":"es-CL","@id":"https:\/\/allwintheme.com\/product\/pascal-payment-app-business-elementor-pro-template\/#primaryimage","url":"https:\/\/allwintheme.com\/wp-content\/uploads\/2025\/10\/3r1b370u.png","contentUrl":"https:\/\/allwintheme.com\/wp-content\/uploads\/2025\/10\/3r1b370u.png","width":768,"height":479,"caption":"Pascal \u2013 Payment App Business Elementor Pro Template"},{"@type":"BreadcrumbList","@id":"https:\/\/allwintheme.com\/product\/pascal-payment-app-business-elementor-pro-template\/#breadcrumb","itemListElement":[{"@type":"ListItem","position":1,"name":"Home","item":"https:\/\/allwintheme.com\/"},{"@type":"ListItem","position":2,"name":"Shop","item":"https:\/\/allwintheme.com\/shop\/"},{"@type":"ListItem","position":3,"name":"Pascal \u2013 Payment App Business Elementor Pro Template"}]},{"@type":"WebSite","@id":"https:\/\/allwintheme.com\/#website","url":"https:\/\/allwintheme.com\/","name":"Allwintheme","description":"Descarga gratis temas de WordPress para todos los nichos. Blogs, negocios, comercio electr\u00f3nico, portafolio, restaurante y m\u00e1s. Todos los temas tienen licencia GPL y est\u00e1n preparados para dispositivos m\u00f3viles.","potentialAction":[{"@type":"SearchAction","target":{"@type":"EntryPoint","urlTemplate":"https:\/\/allwintheme.com\/?s={search_term_string}"},"query-input":{"@type":"PropertyValueSpecification","valueRequired":true,"valueName":"search_term_string"}}],"inLanguage":"es-CL"}]}},"_links":{"self":[{"href":"https:\/\/allwintheme.com\/es\/wp-json\/wp\/v2\/product\/10387","targetHints":{"allow":["GET"]}}],"collection":[{"href":"https:\/\/allwintheme.com\/es\/wp-json\/wp\/v2\/product"}],"about":[{"href":"https:\/\/allwintheme.com\/es\/wp-json\/wp\/v2\/types\/product"}],"replies":[{"embeddable":true,"href":"https:\/\/allwintheme.com\/es\/wp-json\/wp\/v2\/comments?post=10387"}],"version-history":[{"count":5,"href":"https:\/\/allwintheme.com\/es\/wp-json\/wp\/v2\/product\/10387\/revisions"}],"predecessor-version":[{"id":10392,"href":"https:\/\/allwintheme.com\/es\/wp-json\/wp\/v2\/product\/10387\/revisions\/10392"}],"wp:featuredmedia":[{"embeddable":true,"href":"https:\/\/allwintheme.com\/es\/wp-json\/wp\/v2\/media\/10313"}],"wp:attachment":[{"href":"https:\/\/allwintheme.com\/es\/wp-json\/wp\/v2\/media?parent=10387"}],"wp:term":[{"taxonomy":"product_brand","embeddable":true,"href":"https:\/\/allwintheme.com\/es\/wp-json\/wp\/v2\/product_brand?post=10387"},{"taxonomy":"product_cat","embeddable":true,"href":"https:\/\/allwintheme.com\/es\/wp-json\/wp\/v2\/product_cat?post=10387"},{"taxonomy":"product_tag","embeddable":true,"href":"https:\/\/allwintheme.com\/es\/wp-json\/wp\/v2\/product_tag?post=10387"}],"curies":[{"name":"wp","href":"https:\/\/api.w.org\/{rel}","templated":true}]}}