{"id":10393,"date":"2025-10-13T05:00:25","date_gmt":"2025-10-13T05:00:25","guid":{"rendered":"https:\/\/allwintheme.com\/?post_type=product&#038;p=10393"},"modified":"2025-10-13T05:11:03","modified_gmt":"2025-10-13T05:11:03","slug":"deyliv-food-delivery-app-elementor-template","status":"publish","type":"product","link":"https:\/\/allwintheme.com\/es\/producto\/deyliv-food-delivery-app-elementor-template\/","title":{"rendered":"Deyliv - Food Delivery App Elementor Template kit"},"content":{"rendered":"<div data-elementor-type=\"wp-post\" data-elementor-id=\"10393\" class=\"elementor elementor-10393\" data-elementor-settings=\"{&quot;element_pack_global_tooltip_width&quot;:{&quot;unit&quot;:&quot;px&quot;,&quot;size&quot;:&quot;&quot;,&quot;sizes&quot;:[]},&quot;element_pack_global_tooltip_width_tablet&quot;:{&quot;unit&quot;:&quot;px&quot;,&quot;size&quot;:&quot;&quot;,&quot;sizes&quot;:[]},&quot;element_pack_global_tooltip_width_mobile&quot;:{&quot;unit&quot;:&quot;px&quot;,&quot;size&quot;:&quot;&quot;,&quot;sizes&quot;:[]},&quot;element_pack_global_tooltip_padding&quot;:{&quot;unit&quot;:&quot;px&quot;,&quot;top&quot;:&quot;&quot;,&quot;right&quot;:&quot;&quot;,&quot;bottom&quot;:&quot;&quot;,&quot;left&quot;:&quot;&quot;,&quot;isLinked&quot;:true},&quot;element_pack_global_tooltip_padding_tablet&quot;:{&quot;unit&quot;:&quot;px&quot;,&quot;top&quot;:&quot;&quot;,&quot;right&quot;:&quot;&quot;,&quot;bottom&quot;:&quot;&quot;,&quot;left&quot;:&quot;&quot;,&quot;isLinked&quot;:true},&quot;element_pack_global_tooltip_padding_mobile&quot;:{&quot;unit&quot;:&quot;px&quot;,&quot;top&quot;:&quot;&quot;,&quot;right&quot;:&quot;&quot;,&quot;bottom&quot;:&quot;&quot;,&quot;left&quot;:&quot;&quot;,&quot;isLinked&quot;:true},&quot;element_pack_global_tooltip_border_radius&quot;:{&quot;unit&quot;:&quot;px&quot;,&quot;top&quot;:&quot;&quot;,&quot;right&quot;:&quot;&quot;,&quot;bottom&quot;:&quot;&quot;,&quot;left&quot;:&quot;&quot;,&quot;isLinked&quot;:true},&quot;element_pack_global_tooltip_border_radius_tablet&quot;:{&quot;unit&quot;:&quot;px&quot;,&quot;top&quot;:&quot;&quot;,&quot;right&quot;:&quot;&quot;,&quot;bottom&quot;:&quot;&quot;,&quot;left&quot;:&quot;&quot;,&quot;isLinked&quot;:true},&quot;element_pack_global_tooltip_border_radius_mobile&quot;:{&quot;unit&quot;:&quot;px&quot;,&quot;top&quot;:&quot;&quot;,&quot;right&quot;:&quot;&quot;,&quot;bottom&quot;:&quot;&quot;,&quot;left&quot;:&quot;&quot;,&quot;isLinked&quot;:true}}\" data-elementor-post-type=\"product\">\n\t\t\t\t<div class=\"elementor-element elementor-element-93aa4a8 e-con-full e-flex e-con e-parent\" data-id=\"93aa4a8\" data-element_type=\"container\" data-e-type=\"container\">\n\t\t\t\t<div class=\"elementor-element elementor-element-2c3f760 miaoshu elementor-widget elementor-widget-wd_text_block\" data-id=\"2c3f760\" data-element_type=\"widget\" data-e-type=\"widget\" data-widget_type=\"wd_text_block.default\">\n\t\t\t\t<div class=\"elementor-widget-container\">\n\t\t\t\t\t\t\t<div class=\"wd-text-block reset-last-child text-left\">\n\t\t\t\n\t\t\t<h2>Deyliv - Food Delivery App Elementor Template Kit: Lance Su Sitio De Entrega R\u00e1pidamente<\/h2>\n<p>En <strong>Kit de plantillas Elementor Deyliv<\/strong> le ayuda a crear sitios web profesionales de reparto de comida sin esfuerzo. Por ejemplo, los desarrolladores y propietarios de negocios pueden crear r\u00e1pidamente sitios para reparto de hamburguesas, pedidos de pizza o servicios de postres. En consecuencia, este kit ofrece un dise\u00f1o sencillo y moderno que cautiva a los clientes y agiliza su presencia en l\u00ednea.<grok-card data-id=\"206278\" data-type=\"citation_card\"><\/grok-card><\/p>\n\n<h3>Dise\u00f1ar con facilidad y precisi\u00f3n<\/h3>\n<p>Con Deyliv, puedes personalizar los dise\u00f1os con Elementor sin escribir una sola l\u00ednea de c\u00f3digo. Adem\u00e1s, su estructura 100% responsive garantiza un rendimiento perfecto en todos los dispositivos. Como resultado, puedes crear p\u00e1ginas atractivas que impulsen los pedidos y aumenten las conversiones para tu negocio de alimentaci\u00f3n.<\/p>\n\n<h3>Principales caracter\u00edsticas y ventajas<\/h3>\n<ul>\n    <li><strong>M\u00e1s de 10 p\u00e1ginas predise\u00f1adas:<\/strong> Acceda a plantillas listas para usar para las secciones de inicio, men\u00fas y contacto para ponerlas en marcha r\u00e1pidamente.<\/li>\n    <li><strong>Est\u00e9tica moderna y limpia:<\/strong> Disfrute de un dise\u00f1o fresco adaptado a las aplicaciones de reparto de comida, con efectos visuales vibrantes.<\/li>\n    <li><strong>No necesita codificaci\u00f3n:<\/strong> La integraci\u00f3n con Elementor te permite arrastrar, soltar y modificar elementos de forma intuitiva.<\/li>\n    <li><strong>Totalmente adaptable:<\/strong> Los sitios se adaptan perfectamente a m\u00f3viles, tabletas y ordenadores de sobremesa para ofrecer una experiencia de usuario \u00f3ptima.<\/li>\n    <li><strong>F\u00e1cil instalaci\u00f3n:<\/strong> Utiliza el plugin Envato Elements para importar plantillas directamente a WordPress.<\/li>\n<\/ul>\n\n<h3>Racionalice su sistema de reparto de alimentos<\/h3>\n<p>Deyliv simplifica la creaci\u00f3n de sitios web para empresarios del sector alimentario. Por ejemplo, si promociona varios tipos de cocina o dulces, este kit admite dise\u00f1os vers\u00e1tiles. De este modo, podr\u00e1 centrarse en el crecimiento de su servicio de entrega en lugar de en los obst\u00e1culos t\u00e9cnicos y, en \u00faltima instancia, crear un sitio que parezca una aplicaci\u00f3n y sea profesional.<grok-card data-id=\"cf0e47\" data-type=\"citation_card\"><\/grok-card><\/p>\n\n<h3>Empiece hoy mismo a construir su imperio del reparto<\/h3>\n<p>Eleve su negocio de reparto de comida a domicilio con <strong>Deyliv - Food Delivery App Elementor Template Kit<\/strong>. Al ofrecer dise\u00f1os adaptables y personalizables, atraer\u00e1 a m\u00e1s clientes sin esfuerzo. \u00a1Inst\u00e1lalo ahora y transforma tus ideas en una pr\u00f3spera plataforma online!<\/p>\n\t\t\t\t\t<\/div>\n\t\t\t\t\t\t<\/div>\n\t\t\t\t<\/div>\n\t\t\t\t<\/div>\n\t\t\t\t<\/div>","protected":false},"excerpt":{"rendered":"<p>Deyliv \u2013 Food Delivery App Elementor Template Kit: Launch Your Delivery Site Fast The Deyliv Elementor Template Kit helps you<\/p>","protected":false},"featured_media":10314,"comment_status":"open","ping_status":"closed","template":"","meta":{"_acf_changed":false},"product_brand":[],"product_cat":[50],"product_tag":[],"class_list":{"0":"post-10393","1":"product","2":"type-product","3":"status-publish","4":"has-post-thumbnail","6":"product_cat-template-kits","8":"first","9":"instock","10":"sale","11":"downloadable","12":"shipping-taxable","13":"purchasable","14":"product-type-simple"},"acf":[],"yoast_head":"<!-- This site is optimized with the Yoast SEO Premium plugin v25.6 (Yoast SEO v27.1.1) - https:\/\/yoast.com\/product\/yoast-seo-premium-wordpress\/ -->\n<title>Deyliv \u2013 Food Delivery App Elementor Template kit - AllWin Theme \u2013 Free WordPress Themes Download<\/title>\n<meta name=\"description\" content=\"Launch your food delivery app site quickly with Deyliv&#039;s modern, responsive Elementor templates. Customize effortlessly for burgers, pizza, and more\u2014no coding needed.\" \/>\n<meta name=\"robots\" content=\"index, follow, max-snippet:-1, max-image-preview:large, max-video-preview:-1\" \/>\n<link rel=\"canonical\" href=\"https:\/\/allwintheme.com\/es\/producto\/deyliv-food-delivery-app-elementor-template\/\" \/>\n<meta property=\"og:locale\" content=\"es_ES\" \/>\n<meta property=\"og:type\" content=\"article\" \/>\n<meta property=\"og:title\" content=\"Deyliv \u2013 Food Delivery App Elementor Template kit\" \/>\n<meta property=\"og:description\" content=\"Launch your food delivery app site quickly with Deyliv&#039;s modern, responsive Elementor templates. Customize effortlessly for burgers, pizza, and more\u2014no coding needed.\" \/>\n<meta property=\"og:url\" content=\"https:\/\/allwintheme.com\/es\/producto\/deyliv-food-delivery-app-elementor-template\/\" \/>\n<meta property=\"og:site_name\" content=\"AllWin Theme \u2013 Free WordPress Themes Download\" \/>\n<meta property=\"article:modified_time\" content=\"2025-10-13T05:11:03+00:00\" \/>\n<meta property=\"og:image\" content=\"https:\/\/allwintheme.com\/wp-content\/uploads\/2025\/10\/rhc40yuw.png\" \/>\n\t<meta property=\"og:image:width\" content=\"768\" \/>\n\t<meta property=\"og:image:height\" content=\"496\" \/>\n\t<meta property=\"og:image:type\" content=\"image\/png\" \/>\n<meta name=\"twitter:card\" content=\"summary_large_image\" \/>\n<meta name=\"twitter:label1\" content=\"Tiempo estimado de lectura\" \/>\n\t<meta name=\"twitter:data1\" content=\"2 minutos\" \/>\n<script type=\"application\/ld+json\" class=\"yoast-schema-graph\">{\"@context\":\"https:\/\/schema.org\",\"@graph\":[{\"@type\":\"WebPage\",\"@id\":\"https:\/\/allwintheme.com\/product\/deyliv-food-delivery-app-elementor-template\/\",\"url\":\"https:\/\/allwintheme.com\/product\/deyliv-food-delivery-app-elementor-template\/\",\"name\":\"Deyliv \u2013 Food Delivery App Elementor Template kit - AllWin Theme \u2013 Free WordPress Themes Download\",\"isPartOf\":{\"@id\":\"https:\/\/allwintheme.com\/#website\"},\"primaryImageOfPage\":{\"@id\":\"https:\/\/allwintheme.com\/product\/deyliv-food-delivery-app-elementor-template\/#primaryimage\"},\"image\":{\"@id\":\"https:\/\/allwintheme.com\/product\/deyliv-food-delivery-app-elementor-template\/#primaryimage\"},\"thumbnailUrl\":\"https:\/\/allwintheme.com\/wp-content\/uploads\/2025\/10\/rhc40yuw.png\",\"datePublished\":\"2025-10-13T05:00:25+00:00\",\"dateModified\":\"2025-10-13T05:11:03+00:00\",\"description\":\"Launch your food delivery app site quickly with Deyliv's modern, responsive Elementor templates. Customize effortlessly for burgers, pizza, and more\u2014no coding needed.\",\"breadcrumb\":{\"@id\":\"https:\/\/allwintheme.com\/product\/deyliv-food-delivery-app-elementor-template\/#breadcrumb\"},\"inLanguage\":\"es-CL\",\"potentialAction\":[{\"@type\":\"ReadAction\",\"target\":[\"https:\/\/allwintheme.com\/product\/deyliv-food-delivery-app-elementor-template\/\"]}]},{\"@type\":\"ImageObject\",\"inLanguage\":\"es-CL\",\"@id\":\"https:\/\/allwintheme.com\/product\/deyliv-food-delivery-app-elementor-template\/#primaryimage\",\"url\":\"https:\/\/allwintheme.com\/wp-content\/uploads\/2025\/10\/rhc40yuw.png\",\"contentUrl\":\"https:\/\/allwintheme.com\/wp-content\/uploads\/2025\/10\/rhc40yuw.png\",\"width\":768,\"height\":496,\"caption\":\"Deyliv \u2013 Food Delivery App Elementor Template\"},{\"@type\":\"BreadcrumbList\",\"@id\":\"https:\/\/allwintheme.com\/product\/deyliv-food-delivery-app-elementor-template\/#breadcrumb\",\"itemListElement\":[{\"@type\":\"ListItem\",\"position\":1,\"name\":\"Home\",\"item\":\"https:\/\/allwintheme.com\/\"},{\"@type\":\"ListItem\",\"position\":2,\"name\":\"Shop\",\"item\":\"https:\/\/allwintheme.com\/shop\/\"},{\"@type\":\"ListItem\",\"position\":3,\"name\":\"Deyliv \u2013 Food Delivery App Elementor Template kit\"}]},{\"@type\":\"WebSite\",\"@id\":\"https:\/\/allwintheme.com\/#website\",\"url\":\"https:\/\/allwintheme.com\/\",\"name\":\"Allwintheme\",\"description\":\"Download free WordPress themes for every niche. Blogs, business, eCommerce, portfolio, restaurant and more. All themes are GPL licensed and mobile-ready.\",\"potentialAction\":[{\"@type\":\"SearchAction\",\"target\":{\"@type\":\"EntryPoint\",\"urlTemplate\":\"https:\/\/allwintheme.com\/?s={search_term_string}\"},\"query-input\":{\"@type\":\"PropertyValueSpecification\",\"valueRequired\":true,\"valueName\":\"search_term_string\"}}],\"inLanguage\":\"es-CL\"}]}<\/script>\n<!-- \/ Yoast SEO Premium plugin. -->","yoast_head_json":{"title":"Deyliv \u2013 Food Delivery App Elementor Template kit - AllWin Theme \u2013 Free WordPress Themes Download","description":"Lanza tu app de comida a domicilio r\u00e1pidamente con las plantillas Elementor de Deyliv. Personal\u00edzalas sin esfuerzo para hamburguesas, pizza y mucho m\u00e1s, sin necesidad de c\u00f3digo.","robots":{"index":"index","follow":"follow","max-snippet":"max-snippet:-1","max-image-preview":"max-image-preview:large","max-video-preview":"max-video-preview:-1"},"canonical":"https:\/\/allwintheme.com\/es\/producto\/deyliv-food-delivery-app-elementor-template\/","og_locale":"es_ES","og_type":"article","og_title":"Deyliv \u2013 Food Delivery App Elementor Template kit","og_description":"Launch your food delivery app site quickly with Deyliv's modern, responsive Elementor templates. Customize effortlessly for burgers, pizza, and more\u2014no coding needed.","og_url":"https:\/\/allwintheme.com\/es\/producto\/deyliv-food-delivery-app-elementor-template\/","og_site_name":"AllWin Theme \u2013 Free WordPress Themes Download","article_modified_time":"2025-10-13T05:11:03+00:00","og_image":[{"width":768,"height":496,"url":"https:\/\/allwintheme.com\/wp-content\/uploads\/2025\/10\/rhc40yuw.png","type":"image\/png"}],"twitter_card":"summary_large_image","twitter_misc":{"Tiempo estimado de lectura":"2 minutos"},"schema":{"@context":"https:\/\/schema.org","@graph":[{"@type":"WebPage","@id":"https:\/\/allwintheme.com\/product\/deyliv-food-delivery-app-elementor-template\/","url":"https:\/\/allwintheme.com\/product\/deyliv-food-delivery-app-elementor-template\/","name":"Deyliv \u2013 Food Delivery App Elementor Template kit - AllWin Theme \u2013 Free WordPress Themes Download","isPartOf":{"@id":"https:\/\/allwintheme.com\/#website"},"primaryImageOfPage":{"@id":"https:\/\/allwintheme.com\/product\/deyliv-food-delivery-app-elementor-template\/#primaryimage"},"image":{"@id":"https:\/\/allwintheme.com\/product\/deyliv-food-delivery-app-elementor-template\/#primaryimage"},"thumbnailUrl":"https:\/\/allwintheme.com\/wp-content\/uploads\/2025\/10\/rhc40yuw.png","datePublished":"2025-10-13T05:00:25+00:00","dateModified":"2025-10-13T05:11:03+00:00","description":"Lanza tu app de comida a domicilio r\u00e1pidamente con las plantillas Elementor de Deyliv. Personal\u00edzalas sin esfuerzo para hamburguesas, pizza y mucho m\u00e1s, sin necesidad de c\u00f3digo.","breadcrumb":{"@id":"https:\/\/allwintheme.com\/product\/deyliv-food-delivery-app-elementor-template\/#breadcrumb"},"inLanguage":"es-CL","potentialAction":[{"@type":"ReadAction","target":["https:\/\/allwintheme.com\/product\/deyliv-food-delivery-app-elementor-template\/"]}]},{"@type":"ImageObject","inLanguage":"es-CL","@id":"https:\/\/allwintheme.com\/product\/deyliv-food-delivery-app-elementor-template\/#primaryimage","url":"https:\/\/allwintheme.com\/wp-content\/uploads\/2025\/10\/rhc40yuw.png","contentUrl":"https:\/\/allwintheme.com\/wp-content\/uploads\/2025\/10\/rhc40yuw.png","width":768,"height":496,"caption":"Deyliv \u2013 Food Delivery App Elementor Template"},{"@type":"BreadcrumbList","@id":"https:\/\/allwintheme.com\/product\/deyliv-food-delivery-app-elementor-template\/#breadcrumb","itemListElement":[{"@type":"ListItem","position":1,"name":"Home","item":"https:\/\/allwintheme.com\/"},{"@type":"ListItem","position":2,"name":"Shop","item":"https:\/\/allwintheme.com\/shop\/"},{"@type":"ListItem","position":3,"name":"Deyliv \u2013 Food Delivery App Elementor Template kit"}]},{"@type":"WebSite","@id":"https:\/\/allwintheme.com\/#website","url":"https:\/\/allwintheme.com\/","name":"Allwintheme","description":"Descarga gratis temas de WordPress para todos los nichos. Blogs, negocios, comercio electr\u00f3nico, portafolio, restaurante y m\u00e1s. Todos los temas tienen licencia GPL y est\u00e1n preparados para dispositivos m\u00f3viles.","potentialAction":[{"@type":"SearchAction","target":{"@type":"EntryPoint","urlTemplate":"https:\/\/allwintheme.com\/?s={search_term_string}"},"query-input":{"@type":"PropertyValueSpecification","valueRequired":true,"valueName":"search_term_string"}}],"inLanguage":"es-CL"}]}},"_links":{"self":[{"href":"https:\/\/allwintheme.com\/es\/wp-json\/wp\/v2\/product\/10393","targetHints":{"allow":["GET"]}}],"collection":[{"href":"https:\/\/allwintheme.com\/es\/wp-json\/wp\/v2\/product"}],"about":[{"href":"https:\/\/allwintheme.com\/es\/wp-json\/wp\/v2\/types\/product"}],"replies":[{"embeddable":true,"href":"https:\/\/allwintheme.com\/es\/wp-json\/wp\/v2\/comments?post=10393"}],"version-history":[{"count":6,"href":"https:\/\/allwintheme.com\/es\/wp-json\/wp\/v2\/product\/10393\/revisions"}],"predecessor-version":[{"id":10399,"href":"https:\/\/allwintheme.com\/es\/wp-json\/wp\/v2\/product\/10393\/revisions\/10399"}],"wp:featuredmedia":[{"embeddable":true,"href":"https:\/\/allwintheme.com\/es\/wp-json\/wp\/v2\/media\/10314"}],"wp:attachment":[{"href":"https:\/\/allwintheme.com\/es\/wp-json\/wp\/v2\/media?parent=10393"}],"wp:term":[{"taxonomy":"product_brand","embeddable":true,"href":"https:\/\/allwintheme.com\/es\/wp-json\/wp\/v2\/product_brand?post=10393"},{"taxonomy":"product_cat","embeddable":true,"href":"https:\/\/allwintheme.com\/es\/wp-json\/wp\/v2\/product_cat?post=10393"},{"taxonomy":"product_tag","embeddable":true,"href":"https:\/\/allwintheme.com\/es\/wp-json\/wp\/v2\/product_tag?post=10393"}],"curies":[{"name":"wp","href":"https:\/\/api.w.org\/{rel}","templated":true}]}}