{"id":10400,"date":"2025-10-13T05:05:23","date_gmt":"2025-10-13T05:05:23","guid":{"rendered":"https:\/\/allwintheme.com\/?post_type=product&#038;p=10400"},"modified":"2025-10-13T05:10:12","modified_gmt":"2025-10-13T05:10:12","slug":"applanding-plantilla-de-aplicacion-movil","status":"publish","type":"product","link":"https:\/\/allwintheme.com\/es\/producto\/applanding-plantilla-de-aplicacion-movil\/","title":{"rendered":"AppLanding - Plantilla de aplicaci\u00f3n m\u00f3vil"},"content":{"rendered":"<div data-elementor-type=\"wp-post\" data-elementor-id=\"10400\" class=\"elementor elementor-10400\" data-elementor-settings=\"{&quot;element_pack_global_tooltip_width&quot;:{&quot;unit&quot;:&quot;px&quot;,&quot;size&quot;:&quot;&quot;,&quot;sizes&quot;:[]},&quot;element_pack_global_tooltip_width_tablet&quot;:{&quot;unit&quot;:&quot;px&quot;,&quot;size&quot;:&quot;&quot;,&quot;sizes&quot;:[]},&quot;element_pack_global_tooltip_width_mobile&quot;:{&quot;unit&quot;:&quot;px&quot;,&quot;size&quot;:&quot;&quot;,&quot;sizes&quot;:[]},&quot;element_pack_global_tooltip_padding&quot;:{&quot;unit&quot;:&quot;px&quot;,&quot;top&quot;:&quot;&quot;,&quot;right&quot;:&quot;&quot;,&quot;bottom&quot;:&quot;&quot;,&quot;left&quot;:&quot;&quot;,&quot;isLinked&quot;:true},&quot;element_pack_global_tooltip_padding_tablet&quot;:{&quot;unit&quot;:&quot;px&quot;,&quot;top&quot;:&quot;&quot;,&quot;right&quot;:&quot;&quot;,&quot;bottom&quot;:&quot;&quot;,&quot;left&quot;:&quot;&quot;,&quot;isLinked&quot;:true},&quot;element_pack_global_tooltip_padding_mobile&quot;:{&quot;unit&quot;:&quot;px&quot;,&quot;top&quot;:&quot;&quot;,&quot;right&quot;:&quot;&quot;,&quot;bottom&quot;:&quot;&quot;,&quot;left&quot;:&quot;&quot;,&quot;isLinked&quot;:true},&quot;element_pack_global_tooltip_border_radius&quot;:{&quot;unit&quot;:&quot;px&quot;,&quot;top&quot;:&quot;&quot;,&quot;right&quot;:&quot;&quot;,&quot;bottom&quot;:&quot;&quot;,&quot;left&quot;:&quot;&quot;,&quot;isLinked&quot;:true},&quot;element_pack_global_tooltip_border_radius_tablet&quot;:{&quot;unit&quot;:&quot;px&quot;,&quot;top&quot;:&quot;&quot;,&quot;right&quot;:&quot;&quot;,&quot;bottom&quot;:&quot;&quot;,&quot;left&quot;:&quot;&quot;,&quot;isLinked&quot;:true},&quot;element_pack_global_tooltip_border_radius_mobile&quot;:{&quot;unit&quot;:&quot;px&quot;,&quot;top&quot;:&quot;&quot;,&quot;right&quot;:&quot;&quot;,&quot;bottom&quot;:&quot;&quot;,&quot;left&quot;:&quot;&quot;,&quot;isLinked&quot;:true}}\" data-elementor-post-type=\"product\">\n\t\t\t\t<div class=\"elementor-element elementor-element-93aa4a8 e-con-full e-flex e-con e-parent\" data-id=\"93aa4a8\" data-element_type=\"container\" data-e-type=\"container\">\n\t\t\t\t<div class=\"elementor-element elementor-element-2c3f760 miaoshu elementor-widget elementor-widget-wd_text_block\" data-id=\"2c3f760\" data-element_type=\"widget\" data-e-type=\"widget\" data-widget_type=\"wd_text_block.default\">\n\t\t\t\t<div class=\"elementor-widget-container\">\n\t\t\t\t\t\t\t<div class=\"wd-text-block reset-last-child text-left\">\n\t\t\t\n\t\t\t<h2>AppLanding: Lanza tu aplicaci\u00f3n m\u00f3vil con estilo<\/h2>\n<p>En <strong>AppLanding - Plantilla de aplicaci\u00f3n m\u00f3vil<\/strong> permite a desarrolladores y vendedores crear atractivas p\u00e1ginas de destino que impulsan las descargas. Por ejemplo, esta plantilla HTML adaptativa te permite destacar las principales caracter\u00edsticas, capturas de pantalla y ventajas de tu aplicaci\u00f3n en un dise\u00f1o elegante y f\u00e1cil de usar. De este modo, captar\u00e1s la atenci\u00f3n de los visitantes desde el primer momento y aumentar\u00e1s la participaci\u00f3n en todos los dispositivos.<\/p>\n\n<h3>Cree p\u00e1ginas atractivas sin esfuerzo<\/h3>\n<p>Con AppLanding, puedes dise\u00f1ar r\u00e1pidamente p\u00e1ginas de destino profesionales utilizando los modernos frameworks CSS Bootstrap o Tailwind. Adem\u00e1s, puede personalizar secciones como banners, cuadr\u00edculas de caracter\u00edsticas y testimonios para adaptarlos a la historia de su aplicaci\u00f3n. Como resultado, los visitantes exploran su aplicaci\u00f3n m\u00f3vil de forma intuitiva y se sienten obligados a descargarla inmediatamente.<\/p>\n\n<h3>Principales caracter\u00edsticas y ventajas<\/h3>\n<ul>\n    <li><strong>Dise\u00f1o receptivo:<\/strong> Garantiza una visualizaci\u00f3n perfecta en m\u00f3viles, tabletas y ordenadores de sobremesa para un mayor alcance.<\/li>\n    <li><strong>Secciones prefabricadas:<\/strong> Incluye \u00e1reas principales, capturas de pantalla de aplicaciones, tablas de precios y formularios de contacto para acelerar el desarrollo.<\/li>\n    <li><strong>F\u00e1cil personalizaci\u00f3n:<\/strong> Modifique colores, fuentes y dise\u00f1os sin conocimientos de programaci\u00f3n para conseguir un aspecto \u00fanico.<\/li>\n    <li><strong>Conversi\u00f3n optimizada:<\/strong> Incluye llamadas a la acci\u00f3n y elementos de prueba social para aumentar las descargas.<\/li>\n<\/ul>\n\n<h3>Mejore su estrategia de promoci\u00f3n de aplicaciones<\/h3>\n<p>AppLanding transforma sitios web b\u00e1sicos en potentes herramientas de marketing. Por ejemplo, si lanzas una nueva aplicaci\u00f3n para iOS o Android, esta plantilla te ayuda a mostrar la funcionalidad de forma v\u00edvida. Por lo tanto, atraes a m\u00e1s usuarios y consigues un crecimiento m\u00e1s r\u00e1pido manteniendo una est\u00e9tica limpia y moderna.<\/p>\n\n<h3>Empiece hoy mismo a construir la historia de \u00e9xito de su aplicaci\u00f3n<\/h3>\n<p>Agarra <strong>AppLanding - Plantilla de aplicaci\u00f3n m\u00f3vil<\/strong> ahora y cree p\u00e1ginas de destino que conviertan a los visitantes en usuarios fieles. Combinando flexibilidad con atractivos elementos visuales, su aplicaci\u00f3n estar\u00e1 lista para el \u00e9xito. Desc\u00e1rguela hoy mismo y vea c\u00f3mo se disparan sus descargas.<\/p>\n\t\t\t\t\t<\/div>\n\t\t\t\t\t\t<\/div>\n\t\t\t\t<\/div>\n\t\t\t\t<\/div>\n\t\t\t\t<\/div>","protected":false},"excerpt":{"rendered":"<p>AppLanding: Launch Your Mobile App with Stunning Style The AppLanding \u2013 Mobile App Template empowers developers and marketers to create<\/p>","protected":false},"featured_media":10315,"comment_status":"open","ping_status":"closed","template":"","meta":{"_acf_changed":false},"product_brand":[],"product_cat":[50],"product_tag":[],"class_list":{"0":"post-10400","1":"product","2":"type-product","3":"status-publish","4":"has-post-thumbnail","6":"product_cat-template-kits","8":"first","9":"instock","10":"sale","11":"downloadable","12":"shipping-taxable","13":"purchasable","14":"product-type-simple"},"acf":[],"yoast_head":"<!-- This site is optimized with the Yoast SEO Premium plugin v25.6 (Yoast SEO v27.1.1) - https:\/\/yoast.com\/product\/yoast-seo-premium-wordpress\/ -->\n<title>AppLanding \u2013 Mobile App Template - AllWin Theme \u2013 Free WordPress Themes Download<\/title>\n<meta name=\"description\" content=\"Showcase your mobile app with AppLanding&#039;s responsive template. Engage users with stunning designs, features, and calls-to-action for maximum conversions.\" \/>\n<meta name=\"robots\" content=\"index, follow, max-snippet:-1, max-image-preview:large, max-video-preview:-1\" \/>\n<link rel=\"canonical\" href=\"https:\/\/allwintheme.com\/es\/producto\/applanding-plantilla-de-aplicacion-movil\/\" \/>\n<meta property=\"og:locale\" content=\"es_ES\" \/>\n<meta property=\"og:type\" content=\"article\" \/>\n<meta property=\"og:title\" content=\"AppLanding \u2013 Mobile App Template\" \/>\n<meta property=\"og:description\" content=\"Showcase your mobile app with AppLanding&#039;s responsive template. Engage users with stunning designs, features, and calls-to-action for maximum conversions.\" \/>\n<meta property=\"og:url\" content=\"https:\/\/allwintheme.com\/es\/producto\/applanding-plantilla-de-aplicacion-movil\/\" \/>\n<meta property=\"og:site_name\" content=\"AllWin Theme \u2013 Free WordPress Themes Download\" \/>\n<meta property=\"article:modified_time\" content=\"2025-10-13T05:10:12+00:00\" \/>\n<meta property=\"og:image\" content=\"https:\/\/allwintheme.com\/wp-content\/uploads\/2025\/10\/0imu5u51.png\" \/>\n\t<meta property=\"og:image:width\" content=\"768\" \/>\n\t<meta property=\"og:image:height\" content=\"509\" \/>\n\t<meta property=\"og:image:type\" content=\"image\/png\" \/>\n<meta name=\"twitter:card\" content=\"summary_large_image\" \/>\n<meta name=\"twitter:label1\" content=\"Tiempo estimado de lectura\" \/>\n\t<meta name=\"twitter:data1\" content=\"2 minutos\" \/>\n<script type=\"application\/ld+json\" class=\"yoast-schema-graph\">{\"@context\":\"https:\/\/schema.org\",\"@graph\":[{\"@type\":\"WebPage\",\"@id\":\"https:\/\/allwintheme.com\/product\/applanding-mobile-app-template\/\",\"url\":\"https:\/\/allwintheme.com\/product\/applanding-mobile-app-template\/\",\"name\":\"AppLanding \u2013 Mobile App Template - AllWin Theme \u2013 Free WordPress Themes Download\",\"isPartOf\":{\"@id\":\"https:\/\/allwintheme.com\/#website\"},\"primaryImageOfPage\":{\"@id\":\"https:\/\/allwintheme.com\/product\/applanding-mobile-app-template\/#primaryimage\"},\"image\":{\"@id\":\"https:\/\/allwintheme.com\/product\/applanding-mobile-app-template\/#primaryimage\"},\"thumbnailUrl\":\"https:\/\/allwintheme.com\/wp-content\/uploads\/2025\/10\/0imu5u51.png\",\"datePublished\":\"2025-10-13T05:05:23+00:00\",\"dateModified\":\"2025-10-13T05:10:12+00:00\",\"description\":\"Showcase your mobile app with AppLanding's responsive template. Engage users with stunning designs, features, and calls-to-action for maximum conversions.\",\"breadcrumb\":{\"@id\":\"https:\/\/allwintheme.com\/product\/applanding-mobile-app-template\/#breadcrumb\"},\"inLanguage\":\"es-CL\",\"potentialAction\":[{\"@type\":\"ReadAction\",\"target\":[\"https:\/\/allwintheme.com\/product\/applanding-mobile-app-template\/\"]}]},{\"@type\":\"ImageObject\",\"inLanguage\":\"es-CL\",\"@id\":\"https:\/\/allwintheme.com\/product\/applanding-mobile-app-template\/#primaryimage\",\"url\":\"https:\/\/allwintheme.com\/wp-content\/uploads\/2025\/10\/0imu5u51.png\",\"contentUrl\":\"https:\/\/allwintheme.com\/wp-content\/uploads\/2025\/10\/0imu5u51.png\",\"width\":768,\"height\":509,\"caption\":\"AppLanding \u2013 Mobile App Template\"},{\"@type\":\"BreadcrumbList\",\"@id\":\"https:\/\/allwintheme.com\/product\/applanding-mobile-app-template\/#breadcrumb\",\"itemListElement\":[{\"@type\":\"ListItem\",\"position\":1,\"name\":\"Home\",\"item\":\"https:\/\/allwintheme.com\/\"},{\"@type\":\"ListItem\",\"position\":2,\"name\":\"Shop\",\"item\":\"https:\/\/allwintheme.com\/shop\/\"},{\"@type\":\"ListItem\",\"position\":3,\"name\":\"AppLanding \u2013 Mobile App Template\"}]},{\"@type\":\"WebSite\",\"@id\":\"https:\/\/allwintheme.com\/#website\",\"url\":\"https:\/\/allwintheme.com\/\",\"name\":\"Allwintheme\",\"description\":\"Download free WordPress themes for every niche. Blogs, business, eCommerce, portfolio, restaurant and more. All themes are GPL licensed and mobile-ready.\",\"potentialAction\":[{\"@type\":\"SearchAction\",\"target\":{\"@type\":\"EntryPoint\",\"urlTemplate\":\"https:\/\/allwintheme.com\/?s={search_term_string}\"},\"query-input\":{\"@type\":\"PropertyValueSpecification\",\"valueRequired\":true,\"valueName\":\"search_term_string\"}}],\"inLanguage\":\"es-CL\"}]}<\/script>\n<!-- \/ Yoast SEO Premium plugin. -->","yoast_head_json":{"title":"AppLanding - Mobile App Template - AllWin Theme - Free WordPress Themes Download","description":"Muestra tu aplicaci\u00f3n m\u00f3vil con la plantilla responsive de AppLanding. Atrae a los usuarios con impresionantes dise\u00f1os, funciones y llamadas a la acci\u00f3n para conseguir las m\u00e1ximas conversiones.","robots":{"index":"index","follow":"follow","max-snippet":"max-snippet:-1","max-image-preview":"max-image-preview:large","max-video-preview":"max-video-preview:-1"},"canonical":"https:\/\/allwintheme.com\/es\/producto\/applanding-plantilla-de-aplicacion-movil\/","og_locale":"es_ES","og_type":"article","og_title":"AppLanding \u2013 Mobile App Template","og_description":"Showcase your mobile app with AppLanding's responsive template. Engage users with stunning designs, features, and calls-to-action for maximum conversions.","og_url":"https:\/\/allwintheme.com\/es\/producto\/applanding-plantilla-de-aplicacion-movil\/","og_site_name":"AllWin Theme \u2013 Free WordPress Themes Download","article_modified_time":"2025-10-13T05:10:12+00:00","og_image":[{"width":768,"height":509,"url":"https:\/\/allwintheme.com\/wp-content\/uploads\/2025\/10\/0imu5u51.png","type":"image\/png"}],"twitter_card":"summary_large_image","twitter_misc":{"Tiempo estimado de lectura":"2 minutos"},"schema":{"@context":"https:\/\/schema.org","@graph":[{"@type":"WebPage","@id":"https:\/\/allwintheme.com\/product\/applanding-mobile-app-template\/","url":"https:\/\/allwintheme.com\/product\/applanding-mobile-app-template\/","name":"AppLanding - Mobile App Template - AllWin Theme - Free WordPress Themes Download","isPartOf":{"@id":"https:\/\/allwintheme.com\/#website"},"primaryImageOfPage":{"@id":"https:\/\/allwintheme.com\/product\/applanding-mobile-app-template\/#primaryimage"},"image":{"@id":"https:\/\/allwintheme.com\/product\/applanding-mobile-app-template\/#primaryimage"},"thumbnailUrl":"https:\/\/allwintheme.com\/wp-content\/uploads\/2025\/10\/0imu5u51.png","datePublished":"2025-10-13T05:05:23+00:00","dateModified":"2025-10-13T05:10:12+00:00","description":"Muestra tu aplicaci\u00f3n m\u00f3vil con la plantilla responsive de AppLanding. Atrae a los usuarios con impresionantes dise\u00f1os, funciones y llamadas a la acci\u00f3n para conseguir las m\u00e1ximas conversiones.","breadcrumb":{"@id":"https:\/\/allwintheme.com\/product\/applanding-mobile-app-template\/#breadcrumb"},"inLanguage":"es-CL","potentialAction":[{"@type":"ReadAction","target":["https:\/\/allwintheme.com\/product\/applanding-mobile-app-template\/"]}]},{"@type":"ImageObject","inLanguage":"es-CL","@id":"https:\/\/allwintheme.com\/product\/applanding-mobile-app-template\/#primaryimage","url":"https:\/\/allwintheme.com\/wp-content\/uploads\/2025\/10\/0imu5u51.png","contentUrl":"https:\/\/allwintheme.com\/wp-content\/uploads\/2025\/10\/0imu5u51.png","width":768,"height":509,"caption":"AppLanding \u2013 Mobile App Template"},{"@type":"BreadcrumbList","@id":"https:\/\/allwintheme.com\/product\/applanding-mobile-app-template\/#breadcrumb","itemListElement":[{"@type":"ListItem","position":1,"name":"Home","item":"https:\/\/allwintheme.com\/"},{"@type":"ListItem","position":2,"name":"Shop","item":"https:\/\/allwintheme.com\/shop\/"},{"@type":"ListItem","position":3,"name":"AppLanding \u2013 Mobile App Template"}]},{"@type":"WebSite","@id":"https:\/\/allwintheme.com\/#website","url":"https:\/\/allwintheme.com\/","name":"Allwintheme","description":"Descarga gratis temas de WordPress para todos los nichos. Blogs, negocios, comercio electr\u00f3nico, portafolio, restaurante y m\u00e1s. Todos los temas tienen licencia GPL y est\u00e1n preparados para dispositivos m\u00f3viles.","potentialAction":[{"@type":"SearchAction","target":{"@type":"EntryPoint","urlTemplate":"https:\/\/allwintheme.com\/?s={search_term_string}"},"query-input":{"@type":"PropertyValueSpecification","valueRequired":true,"valueName":"search_term_string"}}],"inLanguage":"es-CL"}]}},"_links":{"self":[{"href":"https:\/\/allwintheme.com\/es\/wp-json\/wp\/v2\/product\/10400","targetHints":{"allow":["GET"]}}],"collection":[{"href":"https:\/\/allwintheme.com\/es\/wp-json\/wp\/v2\/product"}],"about":[{"href":"https:\/\/allwintheme.com\/es\/wp-json\/wp\/v2\/types\/product"}],"replies":[{"embeddable":true,"href":"https:\/\/allwintheme.com\/es\/wp-json\/wp\/v2\/comments?post=10400"}],"version-history":[{"count":5,"href":"https:\/\/allwintheme.com\/es\/wp-json\/wp\/v2\/product\/10400\/revisions"}],"predecessor-version":[{"id":10405,"href":"https:\/\/allwintheme.com\/es\/wp-json\/wp\/v2\/product\/10400\/revisions\/10405"}],"wp:featuredmedia":[{"embeddable":true,"href":"https:\/\/allwintheme.com\/es\/wp-json\/wp\/v2\/media\/10315"}],"wp:attachment":[{"href":"https:\/\/allwintheme.com\/es\/wp-json\/wp\/v2\/media?parent=10400"}],"wp:term":[{"taxonomy":"product_brand","embeddable":true,"href":"https:\/\/allwintheme.com\/es\/wp-json\/wp\/v2\/product_brand?post=10400"},{"taxonomy":"product_cat","embeddable":true,"href":"https:\/\/allwintheme.com\/es\/wp-json\/wp\/v2\/product_cat?post=10400"},{"taxonomy":"product_tag","embeddable":true,"href":"https:\/\/allwintheme.com\/es\/wp-json\/wp\/v2\/product_tag?post=10400"}],"curies":[{"name":"wp","href":"https:\/\/api.w.org\/{rel}","templated":true}]}}