{"id":10406,"date":"2025-10-13T05:11:45","date_gmt":"2025-10-13T05:11:45","guid":{"rendered":"https:\/\/allwintheme.com\/?post_type=product&#038;p=10406"},"modified":"2025-10-13T05:15:06","modified_gmt":"2025-10-13T05:15:06","slug":"haya-app-startup-elementor-template","status":"publish","type":"product","link":"https:\/\/allwintheme.com\/es\/producto\/haya-app-startup-elementor-template\/","title":{"rendered":"Haya - Plantilla Elementor para App Startup"},"content":{"rendered":"<div data-elementor-type=\"wp-post\" data-elementor-id=\"10406\" class=\"elementor elementor-10406\" data-elementor-settings=\"{&quot;element_pack_global_tooltip_width&quot;:{&quot;unit&quot;:&quot;px&quot;,&quot;size&quot;:&quot;&quot;,&quot;sizes&quot;:[]},&quot;element_pack_global_tooltip_width_tablet&quot;:{&quot;unit&quot;:&quot;px&quot;,&quot;size&quot;:&quot;&quot;,&quot;sizes&quot;:[]},&quot;element_pack_global_tooltip_width_mobile&quot;:{&quot;unit&quot;:&quot;px&quot;,&quot;size&quot;:&quot;&quot;,&quot;sizes&quot;:[]},&quot;element_pack_global_tooltip_padding&quot;:{&quot;unit&quot;:&quot;px&quot;,&quot;top&quot;:&quot;&quot;,&quot;right&quot;:&quot;&quot;,&quot;bottom&quot;:&quot;&quot;,&quot;left&quot;:&quot;&quot;,&quot;isLinked&quot;:true},&quot;element_pack_global_tooltip_padding_tablet&quot;:{&quot;unit&quot;:&quot;px&quot;,&quot;top&quot;:&quot;&quot;,&quot;right&quot;:&quot;&quot;,&quot;bottom&quot;:&quot;&quot;,&quot;left&quot;:&quot;&quot;,&quot;isLinked&quot;:true},&quot;element_pack_global_tooltip_padding_mobile&quot;:{&quot;unit&quot;:&quot;px&quot;,&quot;top&quot;:&quot;&quot;,&quot;right&quot;:&quot;&quot;,&quot;bottom&quot;:&quot;&quot;,&quot;left&quot;:&quot;&quot;,&quot;isLinked&quot;:true},&quot;element_pack_global_tooltip_border_radius&quot;:{&quot;unit&quot;:&quot;px&quot;,&quot;top&quot;:&quot;&quot;,&quot;right&quot;:&quot;&quot;,&quot;bottom&quot;:&quot;&quot;,&quot;left&quot;:&quot;&quot;,&quot;isLinked&quot;:true},&quot;element_pack_global_tooltip_border_radius_tablet&quot;:{&quot;unit&quot;:&quot;px&quot;,&quot;top&quot;:&quot;&quot;,&quot;right&quot;:&quot;&quot;,&quot;bottom&quot;:&quot;&quot;,&quot;left&quot;:&quot;&quot;,&quot;isLinked&quot;:true},&quot;element_pack_global_tooltip_border_radius_mobile&quot;:{&quot;unit&quot;:&quot;px&quot;,&quot;top&quot;:&quot;&quot;,&quot;right&quot;:&quot;&quot;,&quot;bottom&quot;:&quot;&quot;,&quot;left&quot;:&quot;&quot;,&quot;isLinked&quot;:true}}\" data-elementor-post-type=\"product\">\n\t\t\t\t<div class=\"elementor-element elementor-element-93aa4a8 e-con-full e-flex e-con e-parent\" data-id=\"93aa4a8\" data-element_type=\"container\" data-e-type=\"container\">\n\t\t\t\t<div class=\"elementor-element elementor-element-2c3f760 miaoshu elementor-widget elementor-widget-wd_text_block\" data-id=\"2c3f760\" data-element_type=\"widget\" data-e-type=\"widget\" data-widget_type=\"wd_text_block.default\">\n\t\t\t\t<div class=\"elementor-widget-container\">\n\t\t\t\t\t\t\t<div class=\"wd-text-block reset-last-child text-left\">\n\t\t\t\n\t\t\t<h2>Haya - Plantilla Elementor para App Startup: Construir sitios de aplicaciones impresionantes r\u00e1pido<\/h2>\n<p>En <strong>Haya App Startup Elementor Template Kit<\/strong> te permite crear r\u00e1pidamente sitios web atractivos para aplicaciones m\u00f3viles y agencias. Por ejemplo, los desarrolladores y las startups utilizan activamente este kit para mostrar aplicaciones, carteras y servicios a trav\u00e9s de su interfaz Elementor de arrastrar y soltar. De este modo, podr\u00e1 crear sitios profesionales sin complicaciones de codificaci\u00f3n, ahorrando tiempo y esfuerzo.<\/p>\n\n<h3>Dise\u00f1o moderno y f\u00e1cil personalizaci\u00f3n<\/h3>\n<p>Con Haya, tendr\u00e1s acceso a un dise\u00f1o limpio y contempor\u00e1neo repleto de dise\u00f1os vers\u00e1tiles para empresas tecnol\u00f3gicas. Adem\u00e1s, puedes personalizar colores, fuentes y secciones sin esfuerzo en Elementor, lo que garantiza que tu sitio refleje tu marca a la perfecci\u00f3n. Como resultado, puedes crear potentes p\u00e1ginas de presentaci\u00f3n que destaquen las caracter\u00edsticas de la aplicaci\u00f3n, capturas de pantalla, precios y llamadas a la acci\u00f3n de descarga sin problemas.<\/p>\n\n<h3>Principales caracter\u00edsticas y ventajas<\/h3>\n<ul>\n    <li><strong>Simplicidad de arrastrar y soltar:<\/strong> Se integra directamente con Elementor para crear p\u00e1ginas de forma intuitiva, sin necesidad de conocimientos t\u00e9cnicos.<\/li>\n    <li><strong>Dise\u00f1os vers\u00e1tiles:<\/strong> Elige entre m\u00faltiples plantillas contempor\u00e1neas adaptadas a agencias de aplicaciones y startups tecnol\u00f3gicas.<\/li>\n    <li><strong>Secciones centradas en las aplicaciones:<\/strong> Destaque capturas de pantalla, caracter\u00edsticas, testimonios y portafolios para atraer a los visitantes de forma eficaz.<\/li>\n    <li><strong>Totalmente adaptable:<\/strong> Aseg\u00farese de que su sitio se vea bien en ordenadores de sobremesa, tabletas y m\u00f3viles para ampliar su alcance.<\/li>\n    <li><strong>Configuraci\u00f3n r\u00e1pida:<\/strong> Importe plantillas en cuesti\u00f3n de minutos y empiece a personalizarlas para empezar a trabajar m\u00e1s r\u00e1pidamente.<\/li>\n<\/ul>\n\n<h3>Transforme su estrategia de lanzamiento de aplicaciones<\/h3>\n<p>Haya simplifica la creaci\u00f3n de sitios web para desarrolladores de aplicaciones y agencias. Por ejemplo, si necesita promocionar una nueva aplicaci\u00f3n m\u00f3vil o un servicio tecnol\u00f3gico, este kit le proporciona las herramientas para cautivar al p\u00fablico al instante. Por lo tanto, usted se centra en la innovaci\u00f3n mientras Haya se encarga del dise\u00f1o, impulsando en \u00faltima instancia su presencia en l\u00ednea y las conversiones.<\/p>\n\n<h3>Consiga Haya y l\u00e1ncese hoy mismo<\/h3>\n<p>Eleva tu startup con el <strong>Haya App Startup Plantilla Elementor<\/strong>. Al ofrecer una personalizaci\u00f3n infinita y un pulido profesional, te ayuda a destacar en el mundo de la tecnolog\u00eda. Desc\u00e1rgalo ahora y crea el escaparate de aplicaciones de tus sue\u00f1os.<\/p>\n\t\t\t\t\t<\/div>\n\t\t\t\t\t\t<\/div>\n\t\t\t\t<\/div>\n\t\t\t\t<\/div>\n\t\t\t\t<\/div>","protected":false},"excerpt":{"rendered":"<p>Haya \u2013 App Startup Elementor Template: Build Stunning App Sites Fast The Haya App Startup Elementor Template Kit empowers you<\/p>","protected":false},"featured_media":10316,"comment_status":"open","ping_status":"closed","template":"","meta":{"_acf_changed":false},"product_brand":[],"product_cat":[50],"product_tag":[],"class_list":{"0":"post-10406","1":"product","2":"type-product","3":"status-publish","4":"has-post-thumbnail","6":"product_cat-template-kits","8":"first","9":"instock","10":"sale","11":"downloadable","12":"shipping-taxable","13":"purchasable","14":"product-type-simple"},"acf":[],"yoast_head":"<!-- This site is optimized with the Yoast SEO Premium plugin v25.6 (Yoast SEO v27.4) - https:\/\/yoast.com\/product\/yoast-seo-premium-wordpress\/ -->\n<title>Haya \u2013 App Startup Elementor Template - AllWin Theme \u2013 Free WordPress Themes Download<\/title>\n<meta name=\"description\" content=\"Launch your app startup with Haya&#039;s modern Elementor template kit. Showcase features, portfolios, and downloads with drag-and-drop ease\u2014no coding required.\" \/>\n<meta name=\"robots\" content=\"index, follow, max-snippet:-1, max-image-preview:large, max-video-preview:-1\" \/>\n<link rel=\"canonical\" href=\"https:\/\/allwintheme.com\/es\/producto\/haya-app-startup-elementor-template\/\" \/>\n<meta property=\"og:locale\" content=\"es_ES\" \/>\n<meta property=\"og:type\" content=\"article\" \/>\n<meta property=\"og:title\" content=\"Haya \u2013 App Startup Elementor Template\" \/>\n<meta property=\"og:description\" content=\"Launch your app startup with Haya&#039;s modern Elementor template kit. Showcase features, portfolios, and downloads with drag-and-drop ease\u2014no coding required.\" \/>\n<meta property=\"og:url\" content=\"https:\/\/allwintheme.com\/es\/producto\/haya-app-startup-elementor-template\/\" \/>\n<meta property=\"og:site_name\" content=\"AllWin Theme \u2013 Free WordPress Themes Download\" \/>\n<meta property=\"article:modified_time\" content=\"2025-10-13T05:15:06+00:00\" \/>\n<meta property=\"og:image\" content=\"https:\/\/allwintheme.com\/wp-content\/uploads\/2025\/10\/xhzp32s2.png\" \/>\n\t<meta property=\"og:image:width\" content=\"768\" \/>\n\t<meta property=\"og:image:height\" content=\"423\" \/>\n\t<meta property=\"og:image:type\" content=\"image\/png\" \/>\n<meta name=\"twitter:card\" content=\"summary_large_image\" \/>\n<meta name=\"twitter:label1\" content=\"Tiempo estimado de lectura\" \/>\n\t<meta name=\"twitter:data1\" content=\"2 minutos\" \/>\n<script type=\"application\/ld+json\" class=\"yoast-schema-graph\">{\"@context\":\"https:\\\/\\\/schema.org\",\"@graph\":[{\"@type\":\"WebPage\",\"@id\":\"https:\\\/\\\/allwintheme.com\\\/product\\\/haya-app-startup-elementor-template\\\/\",\"url\":\"https:\\\/\\\/allwintheme.com\\\/product\\\/haya-app-startup-elementor-template\\\/\",\"name\":\"Haya \u2013 App Startup Elementor Template - AllWin Theme \u2013 Free WordPress Themes Download\",\"isPartOf\":{\"@id\":\"https:\\\/\\\/allwintheme.com\\\/#website\"},\"primaryImageOfPage\":{\"@id\":\"https:\\\/\\\/allwintheme.com\\\/product\\\/haya-app-startup-elementor-template\\\/#primaryimage\"},\"image\":{\"@id\":\"https:\\\/\\\/allwintheme.com\\\/product\\\/haya-app-startup-elementor-template\\\/#primaryimage\"},\"thumbnailUrl\":\"https:\\\/\\\/allwintheme.com\\\/wp-content\\\/uploads\\\/2025\\\/10\\\/xhzp32s2.png\",\"datePublished\":\"2025-10-13T05:11:45+00:00\",\"dateModified\":\"2025-10-13T05:15:06+00:00\",\"description\":\"Launch your app startup with Haya's modern Elementor template kit. Showcase features, portfolios, and downloads with drag-and-drop ease\u2014no coding required.\",\"breadcrumb\":{\"@id\":\"https:\\\/\\\/allwintheme.com\\\/product\\\/haya-app-startup-elementor-template\\\/#breadcrumb\"},\"inLanguage\":\"es-CL\",\"potentialAction\":[{\"@type\":\"ReadAction\",\"target\":[\"https:\\\/\\\/allwintheme.com\\\/product\\\/haya-app-startup-elementor-template\\\/\"]}]},{\"@type\":\"ImageObject\",\"inLanguage\":\"es-CL\",\"@id\":\"https:\\\/\\\/allwintheme.com\\\/product\\\/haya-app-startup-elementor-template\\\/#primaryimage\",\"url\":\"https:\\\/\\\/allwintheme.com\\\/wp-content\\\/uploads\\\/2025\\\/10\\\/xhzp32s2.png\",\"contentUrl\":\"https:\\\/\\\/allwintheme.com\\\/wp-content\\\/uploads\\\/2025\\\/10\\\/xhzp32s2.png\",\"width\":768,\"height\":423},{\"@type\":\"BreadcrumbList\",\"@id\":\"https:\\\/\\\/allwintheme.com\\\/product\\\/haya-app-startup-elementor-template\\\/#breadcrumb\",\"itemListElement\":[{\"@type\":\"ListItem\",\"position\":1,\"name\":\"Home\",\"item\":\"https:\\\/\\\/allwintheme.com\\\/\"},{\"@type\":\"ListItem\",\"position\":2,\"name\":\"Shop\",\"item\":\"https:\\\/\\\/allwintheme.com\\\/shop\\\/\"},{\"@type\":\"ListItem\",\"position\":3,\"name\":\"Haya \u2013 App Startup Elementor Template\"}]},{\"@type\":\"WebSite\",\"@id\":\"https:\\\/\\\/allwintheme.com\\\/#website\",\"url\":\"https:\\\/\\\/allwintheme.com\\\/\",\"name\":\"Allwintheme\",\"description\":\"Download free WordPress themes for every niche. Blogs, business, eCommerce, portfolio, restaurant and more. All themes are GPL licensed and mobile-ready.\",\"potentialAction\":[{\"@type\":\"SearchAction\",\"target\":{\"@type\":\"EntryPoint\",\"urlTemplate\":\"https:\\\/\\\/allwintheme.com\\\/?s={search_term_string}\"},\"query-input\":{\"@type\":\"PropertyValueSpecification\",\"valueRequired\":true,\"valueName\":\"search_term_string\"}}],\"inLanguage\":\"es-CL\"}]}<\/script>\n<!-- \/ Yoast SEO Premium plugin. -->","yoast_head_json":{"title":"Haya \u2013 App Startup Elementor Template - AllWin Theme \u2013 Free WordPress Themes Download","description":"Lanza tu startup de aplicaciones con el moderno kit de plantillas Elementor de Haya. Muestra caracter\u00edsticas, portafolios y descargas con la facilidad de arrastrar y soltar, sin necesidad de codificaci\u00f3n.","robots":{"index":"index","follow":"follow","max-snippet":"max-snippet:-1","max-image-preview":"max-image-preview:large","max-video-preview":"max-video-preview:-1"},"canonical":"https:\/\/allwintheme.com\/es\/producto\/haya-app-startup-elementor-template\/","og_locale":"es_ES","og_type":"article","og_title":"Haya \u2013 App Startup Elementor Template","og_description":"Launch your app startup with Haya's modern Elementor template kit. Showcase features, portfolios, and downloads with drag-and-drop ease\u2014no coding required.","og_url":"https:\/\/allwintheme.com\/es\/producto\/haya-app-startup-elementor-template\/","og_site_name":"AllWin Theme \u2013 Free WordPress Themes Download","article_modified_time":"2025-10-13T05:15:06+00:00","og_image":[{"width":768,"height":423,"url":"https:\/\/allwintheme.com\/wp-content\/uploads\/2025\/10\/xhzp32s2.png","type":"image\/png"}],"twitter_card":"summary_large_image","twitter_misc":{"Tiempo estimado de lectura":"2 minutos"},"schema":{"@context":"https:\/\/schema.org","@graph":[{"@type":"WebPage","@id":"https:\/\/allwintheme.com\/product\/haya-app-startup-elementor-template\/","url":"https:\/\/allwintheme.com\/product\/haya-app-startup-elementor-template\/","name":"Haya \u2013 App Startup Elementor Template - AllWin Theme \u2013 Free WordPress Themes Download","isPartOf":{"@id":"https:\/\/allwintheme.com\/#website"},"primaryImageOfPage":{"@id":"https:\/\/allwintheme.com\/product\/haya-app-startup-elementor-template\/#primaryimage"},"image":{"@id":"https:\/\/allwintheme.com\/product\/haya-app-startup-elementor-template\/#primaryimage"},"thumbnailUrl":"https:\/\/allwintheme.com\/wp-content\/uploads\/2025\/10\/xhzp32s2.png","datePublished":"2025-10-13T05:11:45+00:00","dateModified":"2025-10-13T05:15:06+00:00","description":"Lanza tu startup de aplicaciones con el moderno kit de plantillas Elementor de Haya. Muestra caracter\u00edsticas, portafolios y descargas con la facilidad de arrastrar y soltar, sin necesidad de codificaci\u00f3n.","breadcrumb":{"@id":"https:\/\/allwintheme.com\/product\/haya-app-startup-elementor-template\/#breadcrumb"},"inLanguage":"es-CL","potentialAction":[{"@type":"ReadAction","target":["https:\/\/allwintheme.com\/product\/haya-app-startup-elementor-template\/"]}]},{"@type":"ImageObject","inLanguage":"es-CL","@id":"https:\/\/allwintheme.com\/product\/haya-app-startup-elementor-template\/#primaryimage","url":"https:\/\/allwintheme.com\/wp-content\/uploads\/2025\/10\/xhzp32s2.png","contentUrl":"https:\/\/allwintheme.com\/wp-content\/uploads\/2025\/10\/xhzp32s2.png","width":768,"height":423},{"@type":"BreadcrumbList","@id":"https:\/\/allwintheme.com\/product\/haya-app-startup-elementor-template\/#breadcrumb","itemListElement":[{"@type":"ListItem","position":1,"name":"Home","item":"https:\/\/allwintheme.com\/"},{"@type":"ListItem","position":2,"name":"Shop","item":"https:\/\/allwintheme.com\/shop\/"},{"@type":"ListItem","position":3,"name":"Haya \u2013 App Startup Elementor Template"}]},{"@type":"WebSite","@id":"https:\/\/allwintheme.com\/#website","url":"https:\/\/allwintheme.com\/","name":"Allwintheme","description":"Descarga gratis temas de WordPress para todos los nichos. Blogs, negocios, comercio electr\u00f3nico, portafolio, restaurante y m\u00e1s. Todos los temas tienen licencia GPL y est\u00e1n preparados para dispositivos m\u00f3viles.","potentialAction":[{"@type":"SearchAction","target":{"@type":"EntryPoint","urlTemplate":"https:\/\/allwintheme.com\/?s={search_term_string}"},"query-input":{"@type":"PropertyValueSpecification","valueRequired":true,"valueName":"search_term_string"}}],"inLanguage":"es-CL"}]}},"_links":{"self":[{"href":"https:\/\/allwintheme.com\/es\/wp-json\/wp\/v2\/product\/10406","targetHints":{"allow":["GET"]}}],"collection":[{"href":"https:\/\/allwintheme.com\/es\/wp-json\/wp\/v2\/product"}],"about":[{"href":"https:\/\/allwintheme.com\/es\/wp-json\/wp\/v2\/types\/product"}],"replies":[{"embeddable":true,"href":"https:\/\/allwintheme.com\/es\/wp-json\/wp\/v2\/comments?post=10406"}],"version-history":[{"count":5,"href":"https:\/\/allwintheme.com\/es\/wp-json\/wp\/v2\/product\/10406\/revisions"}],"predecessor-version":[{"id":10411,"href":"https:\/\/allwintheme.com\/es\/wp-json\/wp\/v2\/product\/10406\/revisions\/10411"}],"wp:featuredmedia":[{"embeddable":true,"href":"https:\/\/allwintheme.com\/es\/wp-json\/wp\/v2\/media\/10316"}],"wp:attachment":[{"href":"https:\/\/allwintheme.com\/es\/wp-json\/wp\/v2\/media?parent=10406"}],"wp:term":[{"taxonomy":"product_brand","embeddable":true,"href":"https:\/\/allwintheme.com\/es\/wp-json\/wp\/v2\/product_brand?post=10406"},{"taxonomy":"product_cat","embeddable":true,"href":"https:\/\/allwintheme.com\/es\/wp-json\/wp\/v2\/product_cat?post=10406"},{"taxonomy":"product_tag","embeddable":true,"href":"https:\/\/allwintheme.com\/es\/wp-json\/wp\/v2\/product_tag?post=10406"}],"curies":[{"name":"wp","href":"https:\/\/api.w.org\/{rel}","templated":true}]}}