{"id":10433,"date":"2025-10-13T12:02:48","date_gmt":"2025-10-13T12:02:48","guid":{"rendered":"https:\/\/allwintheme.com\/?post_type=product&#038;p=10433"},"modified":"2025-10-13T12:08:20","modified_gmt":"2025-10-13T12:08:20","slug":"zamzam-app-landing-elementor-template","status":"publish","type":"product","link":"https:\/\/allwintheme.com\/es\/producto\/zamzam-app-landing-elementor-template\/","title":{"rendered":"Zamzam - Plantilla Elementor App Landing"},"content":{"rendered":"<div data-elementor-type=\"wp-post\" data-elementor-id=\"10433\" class=\"elementor elementor-10433\" data-elementor-settings=\"{&quot;element_pack_global_tooltip_width&quot;:{&quot;unit&quot;:&quot;px&quot;,&quot;size&quot;:&quot;&quot;,&quot;sizes&quot;:[]},&quot;element_pack_global_tooltip_width_tablet&quot;:{&quot;unit&quot;:&quot;px&quot;,&quot;size&quot;:&quot;&quot;,&quot;sizes&quot;:[]},&quot;element_pack_global_tooltip_width_mobile&quot;:{&quot;unit&quot;:&quot;px&quot;,&quot;size&quot;:&quot;&quot;,&quot;sizes&quot;:[]},&quot;element_pack_global_tooltip_padding&quot;:{&quot;unit&quot;:&quot;px&quot;,&quot;top&quot;:&quot;&quot;,&quot;right&quot;:&quot;&quot;,&quot;bottom&quot;:&quot;&quot;,&quot;left&quot;:&quot;&quot;,&quot;isLinked&quot;:true},&quot;element_pack_global_tooltip_padding_tablet&quot;:{&quot;unit&quot;:&quot;px&quot;,&quot;top&quot;:&quot;&quot;,&quot;right&quot;:&quot;&quot;,&quot;bottom&quot;:&quot;&quot;,&quot;left&quot;:&quot;&quot;,&quot;isLinked&quot;:true},&quot;element_pack_global_tooltip_padding_mobile&quot;:{&quot;unit&quot;:&quot;px&quot;,&quot;top&quot;:&quot;&quot;,&quot;right&quot;:&quot;&quot;,&quot;bottom&quot;:&quot;&quot;,&quot;left&quot;:&quot;&quot;,&quot;isLinked&quot;:true},&quot;element_pack_global_tooltip_border_radius&quot;:{&quot;unit&quot;:&quot;px&quot;,&quot;top&quot;:&quot;&quot;,&quot;right&quot;:&quot;&quot;,&quot;bottom&quot;:&quot;&quot;,&quot;left&quot;:&quot;&quot;,&quot;isLinked&quot;:true},&quot;element_pack_global_tooltip_border_radius_tablet&quot;:{&quot;unit&quot;:&quot;px&quot;,&quot;top&quot;:&quot;&quot;,&quot;right&quot;:&quot;&quot;,&quot;bottom&quot;:&quot;&quot;,&quot;left&quot;:&quot;&quot;,&quot;isLinked&quot;:true},&quot;element_pack_global_tooltip_border_radius_mobile&quot;:{&quot;unit&quot;:&quot;px&quot;,&quot;top&quot;:&quot;&quot;,&quot;right&quot;:&quot;&quot;,&quot;bottom&quot;:&quot;&quot;,&quot;left&quot;:&quot;&quot;,&quot;isLinked&quot;:true}}\" data-elementor-post-type=\"product\">\n\t\t\t\t<div class=\"elementor-element elementor-element-93aa4a8 e-con-full e-flex e-con e-parent\" data-id=\"93aa4a8\" data-element_type=\"container\" data-e-type=\"container\">\n\t\t\t\t<div class=\"elementor-element elementor-element-2c3f760 miaoshu elementor-widget elementor-widget-wd_text_block\" data-id=\"2c3f760\" data-element_type=\"widget\" data-e-type=\"widget\" data-widget_type=\"wd_text_block.default\">\n\t\t\t\t<div class=\"elementor-widget-container\">\n\t\t\t\t\t\t\t<div class=\"wd-text-block reset-last-child text-left\">\n\t\t\t\n\t\t\t<h2>Zamzam - Kit de Plantillas Elementor para App Landing: Muestra tu aplicaci\u00f3n con estilo<\/h2>\n<p>En <strong>Zamzam - App Landing Elementor Plantilla Kit<\/strong> ofrece un dise\u00f1o creativo, moderno y limpio para sus p\u00e1ginas de destino de aplicaciones m\u00f3viles. Por ejemplo, los desarrolladores y profesionales del marketing utilizan activamente este kit para promocionar aplicaciones para iOS y Android, juegos para m\u00f3viles o cualquier escaparate de software. En consecuencia, usted construye sitios web profesionales que cautivan a los usuarios e impulsan las descargas sin empezar desde cero.<grok-card data-id=\"4d99a4\" data-type=\"citation_card\"><\/grok-card><\/p>\n\n<h3>Dise\u00f1o multip\u00e1gina sin esfuerzo<\/h3>\n<p>Con Zamzam, tendr\u00e1s acceso a plantillas impresionantes y potentes que se integran a la perfecci\u00f3n con Elementor. Adem\u00e1s, este kit es compatible con dise\u00f1os adaptativos, lo que garantiza que tus p\u00e1ginas se vean n\u00edtidas en todos los dispositivos. Como resultado, puedes mezclar y combinar secciones como inicio, acerca de, caracter\u00edsticas, capturas de pantalla, preguntas frecuentes, precios, blog, contacto e incluso p\u00e1ginas 404 para crear un sitio \u00fanico adaptado a tu aplicaci\u00f3n.<grok-card data-id=\"b321c6\" data-type=\"citation_card\"><\/grok-card><\/p>\n\n<h3>Principales caracter\u00edsticas y ventajas<\/h3>\n<ul>\n    <li><strong>Plantillas multip\u00e1gina:<\/strong> Incluye m\u00e1s de 10 p\u00e1ginas listas para usar para una promoci\u00f3n completa de la aplicaci\u00f3n.<\/li>\n    <li><strong>Compatibilidad con plugins gratuitos:<\/strong> Utiliza \u00fanicamente plugins gratuitos de WordPress.org, sin necesidad de complementos premium.<\/li>\n    <li><strong>F\u00e1cil proceso de importaci\u00f3n:<\/strong> Carga e importa plantillas directamente en Elementor para una configuraci\u00f3n r\u00e1pida.<\/li>\n    <li><strong>Personalizaci\u00f3n total:<\/strong> Edite colores, fuentes y elementos de forma intuitiva para adaptarlos a su marca.<\/li>\n    <li><strong>Respuesta m\u00f3vil:<\/strong> Garantiza un rendimiento perfecto en ordenadores de sobremesa, tabletas y tel\u00e9fonos.<\/li>\n<\/ul>\n\n<h3>Agilice el lanzamiento de su aplicaci\u00f3n<\/h3>\n<p>Zamzam simplifica el proceso de lanzamiento del sitio web de tu aplicaci\u00f3n. Por ejemplo, si necesitas destacar funciones o animar a los usuarios a registrarse, las secciones estrat\u00e9gicas de llamada a la acci\u00f3n del kit gu\u00edan a los usuarios de forma eficaz. Por lo tanto, t\u00fa te centras en tu aplicaci\u00f3n mientras esta plantilla se encarga del atractivo visual, lo que en \u00faltima instancia aumenta la participaci\u00f3n y las conversiones.<grok-card data-id=\"0c7a29\" data-type=\"citation_card\"><\/grok-card><\/p>\n\n<h3>Empiece a crear su aplicaci\u00f3n hoy mismo<\/h3>\n<p>Mejore la promoci\u00f3n de su aplicaci\u00f3n con <strong>Zamzam - App Landing Elementor Plantilla Kit<\/strong>. Gracias a sus herramientas flexibles y f\u00e1ciles de usar, podr\u00e1 crear p\u00e1ginas de destino atractivas que destaquen. Inst\u00e1lelo ahora y transforme sus ideas en un sitio web de gran impacto.<\/p>\n\t\t\t\t\t<\/div>\n\t\t\t\t\t\t<\/div>\n\t\t\t\t<\/div>\n\t\t\t\t<\/div>\n\t\t\t\t<\/div>","protected":false},"excerpt":{"rendered":"<p>Zamzam \u2013 App Landing Elementor Template Kit: Showcase Your App with Style The Zamzam \u2013 App Landing Elementor Template Kit<\/p>","protected":false},"featured_media":10321,"comment_status":"open","ping_status":"closed","template":"","meta":{"_acf_changed":false},"product_brand":[],"product_cat":[50],"product_tag":[],"class_list":{"0":"post-10433","1":"product","2":"type-product","3":"status-publish","4":"has-post-thumbnail","6":"product_cat-template-kits","8":"first","9":"instock","10":"sale","11":"downloadable","12":"shipping-taxable","13":"purchasable","14":"product-type-simple"},"acf":[],"yoast_head":"<!-- This site is optimized with the Yoast SEO Premium plugin v25.6 (Yoast SEO v27.1.1) - https:\/\/yoast.com\/product\/yoast-seo-premium-wordpress\/ -->\n<title>Zamzam \u2013 App Landing Elementor Template - AllWin Theme \u2013 Free WordPress Themes Download<\/title>\n<meta name=\"description\" content=\"Launch your app with Zamzam, a multipage Elementor template kit. Create stunning, responsive landing pages for mobile apps, games, and services effortlessly.\" \/>\n<meta name=\"robots\" content=\"index, follow, max-snippet:-1, max-image-preview:large, max-video-preview:-1\" \/>\n<link rel=\"canonical\" href=\"https:\/\/allwintheme.com\/es\/producto\/zamzam-app-landing-elementor-template\/\" \/>\n<meta property=\"og:locale\" content=\"es_ES\" \/>\n<meta property=\"og:type\" content=\"article\" \/>\n<meta property=\"og:title\" content=\"Zamzam \u2013 App Landing Elementor Template\" \/>\n<meta property=\"og:description\" content=\"Launch your app with Zamzam, a multipage Elementor template kit. Create stunning, responsive landing pages for mobile apps, games, and services effortlessly.\" \/>\n<meta property=\"og:url\" content=\"https:\/\/allwintheme.com\/es\/producto\/zamzam-app-landing-elementor-template\/\" \/>\n<meta property=\"og:site_name\" content=\"AllWin Theme \u2013 Free WordPress Themes Download\" \/>\n<meta property=\"article:modified_time\" content=\"2025-10-13T12:08:20+00:00\" \/>\n<meta property=\"og:image\" content=\"https:\/\/allwintheme.com\/wp-content\/uploads\/2025\/10\/xw21dc6k.png\" \/>\n\t<meta property=\"og:image:width\" content=\"768\" \/>\n\t<meta property=\"og:image:height\" content=\"508\" \/>\n\t<meta property=\"og:image:type\" content=\"image\/png\" \/>\n<meta name=\"twitter:card\" content=\"summary_large_image\" \/>\n<meta name=\"twitter:label1\" content=\"Tiempo estimado de lectura\" \/>\n\t<meta name=\"twitter:data1\" content=\"2 minutos\" \/>\n<script type=\"application\/ld+json\" class=\"yoast-schema-graph\">{\"@context\":\"https:\/\/schema.org\",\"@graph\":[{\"@type\":\"WebPage\",\"@id\":\"https:\/\/allwintheme.com\/product\/zamzam-app-landing-elementor-template\/\",\"url\":\"https:\/\/allwintheme.com\/product\/zamzam-app-landing-elementor-template\/\",\"name\":\"Zamzam \u2013 App Landing Elementor Template - AllWin Theme \u2013 Free WordPress Themes Download\",\"isPartOf\":{\"@id\":\"https:\/\/allwintheme.com\/#website\"},\"primaryImageOfPage\":{\"@id\":\"https:\/\/allwintheme.com\/product\/zamzam-app-landing-elementor-template\/#primaryimage\"},\"image\":{\"@id\":\"https:\/\/allwintheme.com\/product\/zamzam-app-landing-elementor-template\/#primaryimage\"},\"thumbnailUrl\":\"https:\/\/allwintheme.com\/wp-content\/uploads\/2025\/10\/xw21dc6k.png\",\"datePublished\":\"2025-10-13T12:02:48+00:00\",\"dateModified\":\"2025-10-13T12:08:20+00:00\",\"description\":\"Launch your app with Zamzam, a multipage Elementor template kit. Create stunning, responsive landing pages for mobile apps, games, and services effortlessly.\",\"breadcrumb\":{\"@id\":\"https:\/\/allwintheme.com\/product\/zamzam-app-landing-elementor-template\/#breadcrumb\"},\"inLanguage\":\"es-CL\",\"potentialAction\":[{\"@type\":\"ReadAction\",\"target\":[\"https:\/\/allwintheme.com\/product\/zamzam-app-landing-elementor-template\/\"]}]},{\"@type\":\"ImageObject\",\"inLanguage\":\"es-CL\",\"@id\":\"https:\/\/allwintheme.com\/product\/zamzam-app-landing-elementor-template\/#primaryimage\",\"url\":\"https:\/\/allwintheme.com\/wp-content\/uploads\/2025\/10\/xw21dc6k.png\",\"contentUrl\":\"https:\/\/allwintheme.com\/wp-content\/uploads\/2025\/10\/xw21dc6k.png\",\"width\":768,\"height\":508,\"caption\":\"Zamzam \u2013 App Landing Elementor Template\"},{\"@type\":\"BreadcrumbList\",\"@id\":\"https:\/\/allwintheme.com\/product\/zamzam-app-landing-elementor-template\/#breadcrumb\",\"itemListElement\":[{\"@type\":\"ListItem\",\"position\":1,\"name\":\"Home\",\"item\":\"https:\/\/allwintheme.com\/\"},{\"@type\":\"ListItem\",\"position\":2,\"name\":\"Shop\",\"item\":\"https:\/\/allwintheme.com\/shop\/\"},{\"@type\":\"ListItem\",\"position\":3,\"name\":\"Zamzam \u2013 App Landing Elementor Template\"}]},{\"@type\":\"WebSite\",\"@id\":\"https:\/\/allwintheme.com\/#website\",\"url\":\"https:\/\/allwintheme.com\/\",\"name\":\"Allwintheme\",\"description\":\"Download free WordPress themes for every niche. Blogs, business, eCommerce, portfolio, restaurant and more. All themes are GPL licensed and mobile-ready.\",\"potentialAction\":[{\"@type\":\"SearchAction\",\"target\":{\"@type\":\"EntryPoint\",\"urlTemplate\":\"https:\/\/allwintheme.com\/?s={search_term_string}\"},\"query-input\":{\"@type\":\"PropertyValueSpecification\",\"valueRequired\":true,\"valueName\":\"search_term_string\"}}],\"inLanguage\":\"es-CL\"}]}<\/script>\n<!-- \/ Yoast SEO Premium plugin. -->","yoast_head_json":{"title":"Zamzam - App Landing Elementor Template - AllWin Theme - Free WordPress Themes Download","description":"Lanza tu aplicaci\u00f3n con Zamzam, un kit de plantillas Elementor multip\u00e1gina. Crea impresionantes p\u00e1ginas de destino para aplicaciones m\u00f3viles, juegos y servicios sin esfuerzo.","robots":{"index":"index","follow":"follow","max-snippet":"max-snippet:-1","max-image-preview":"max-image-preview:large","max-video-preview":"max-video-preview:-1"},"canonical":"https:\/\/allwintheme.com\/es\/producto\/zamzam-app-landing-elementor-template\/","og_locale":"es_ES","og_type":"article","og_title":"Zamzam \u2013 App Landing Elementor Template","og_description":"Launch your app with Zamzam, a multipage Elementor template kit. Create stunning, responsive landing pages for mobile apps, games, and services effortlessly.","og_url":"https:\/\/allwintheme.com\/es\/producto\/zamzam-app-landing-elementor-template\/","og_site_name":"AllWin Theme \u2013 Free WordPress Themes Download","article_modified_time":"2025-10-13T12:08:20+00:00","og_image":[{"width":768,"height":508,"url":"https:\/\/allwintheme.com\/wp-content\/uploads\/2025\/10\/xw21dc6k.png","type":"image\/png"}],"twitter_card":"summary_large_image","twitter_misc":{"Tiempo estimado de lectura":"2 minutos"},"schema":{"@context":"https:\/\/schema.org","@graph":[{"@type":"WebPage","@id":"https:\/\/allwintheme.com\/product\/zamzam-app-landing-elementor-template\/","url":"https:\/\/allwintheme.com\/product\/zamzam-app-landing-elementor-template\/","name":"Zamzam - App Landing Elementor Template - AllWin Theme - Free WordPress Themes Download","isPartOf":{"@id":"https:\/\/allwintheme.com\/#website"},"primaryImageOfPage":{"@id":"https:\/\/allwintheme.com\/product\/zamzam-app-landing-elementor-template\/#primaryimage"},"image":{"@id":"https:\/\/allwintheme.com\/product\/zamzam-app-landing-elementor-template\/#primaryimage"},"thumbnailUrl":"https:\/\/allwintheme.com\/wp-content\/uploads\/2025\/10\/xw21dc6k.png","datePublished":"2025-10-13T12:02:48+00:00","dateModified":"2025-10-13T12:08:20+00:00","description":"Lanza tu aplicaci\u00f3n con Zamzam, un kit de plantillas Elementor multip\u00e1gina. Crea impresionantes p\u00e1ginas de destino para aplicaciones m\u00f3viles, juegos y servicios sin esfuerzo.","breadcrumb":{"@id":"https:\/\/allwintheme.com\/product\/zamzam-app-landing-elementor-template\/#breadcrumb"},"inLanguage":"es-CL","potentialAction":[{"@type":"ReadAction","target":["https:\/\/allwintheme.com\/product\/zamzam-app-landing-elementor-template\/"]}]},{"@type":"ImageObject","inLanguage":"es-CL","@id":"https:\/\/allwintheme.com\/product\/zamzam-app-landing-elementor-template\/#primaryimage","url":"https:\/\/allwintheme.com\/wp-content\/uploads\/2025\/10\/xw21dc6k.png","contentUrl":"https:\/\/allwintheme.com\/wp-content\/uploads\/2025\/10\/xw21dc6k.png","width":768,"height":508,"caption":"Zamzam \u2013 App Landing Elementor Template"},{"@type":"BreadcrumbList","@id":"https:\/\/allwintheme.com\/product\/zamzam-app-landing-elementor-template\/#breadcrumb","itemListElement":[{"@type":"ListItem","position":1,"name":"Home","item":"https:\/\/allwintheme.com\/"},{"@type":"ListItem","position":2,"name":"Shop","item":"https:\/\/allwintheme.com\/shop\/"},{"@type":"ListItem","position":3,"name":"Zamzam \u2013 App Landing Elementor Template"}]},{"@type":"WebSite","@id":"https:\/\/allwintheme.com\/#website","url":"https:\/\/allwintheme.com\/","name":"Allwintheme","description":"Descarga gratis temas de WordPress para todos los nichos. Blogs, negocios, comercio electr\u00f3nico, portafolio, restaurante y m\u00e1s. Todos los temas tienen licencia GPL y est\u00e1n preparados para dispositivos m\u00f3viles.","potentialAction":[{"@type":"SearchAction","target":{"@type":"EntryPoint","urlTemplate":"https:\/\/allwintheme.com\/?s={search_term_string}"},"query-input":{"@type":"PropertyValueSpecification","valueRequired":true,"valueName":"search_term_string"}}],"inLanguage":"es-CL"}]}},"_links":{"self":[{"href":"https:\/\/allwintheme.com\/es\/wp-json\/wp\/v2\/product\/10433","targetHints":{"allow":["GET"]}}],"collection":[{"href":"https:\/\/allwintheme.com\/es\/wp-json\/wp\/v2\/product"}],"about":[{"href":"https:\/\/allwintheme.com\/es\/wp-json\/wp\/v2\/types\/product"}],"replies":[{"embeddable":true,"href":"https:\/\/allwintheme.com\/es\/wp-json\/wp\/v2\/comments?post=10433"}],"version-history":[{"count":5,"href":"https:\/\/allwintheme.com\/es\/wp-json\/wp\/v2\/product\/10433\/revisions"}],"predecessor-version":[{"id":10438,"href":"https:\/\/allwintheme.com\/es\/wp-json\/wp\/v2\/product\/10433\/revisions\/10438"}],"wp:featuredmedia":[{"embeddable":true,"href":"https:\/\/allwintheme.com\/es\/wp-json\/wp\/v2\/media\/10321"}],"wp:attachment":[{"href":"https:\/\/allwintheme.com\/es\/wp-json\/wp\/v2\/media?parent=10433"}],"wp:term":[{"taxonomy":"product_brand","embeddable":true,"href":"https:\/\/allwintheme.com\/es\/wp-json\/wp\/v2\/product_brand?post=10433"},{"taxonomy":"product_cat","embeddable":true,"href":"https:\/\/allwintheme.com\/es\/wp-json\/wp\/v2\/product_cat?post=10433"},{"taxonomy":"product_tag","embeddable":true,"href":"https:\/\/allwintheme.com\/es\/wp-json\/wp\/v2\/product_tag?post=10433"}],"curies":[{"name":"wp","href":"https:\/\/api.w.org\/{rel}","templated":true}]}}