{"id":10445,"date":"2025-10-13T12:12:02","date_gmt":"2025-10-13T12:12:02","guid":{"rendered":"https:\/\/allwintheme.com\/?post_type=product&#038;p=10445"},"modified":"2025-10-13T12:25:27","modified_gmt":"2025-10-13T12:25:27","slug":"appiah-app-landing-page-elementor-template","status":"publish","type":"product","link":"https:\/\/allwintheme.com\/es\/producto\/appiah-app-landing-page-elementor-template\/","title":{"rendered":"Appiah - App Landing Page Plantilla Elementor"},"content":{"rendered":"<div data-elementor-type=\"wp-post\" data-elementor-id=\"10445\" class=\"elementor elementor-10445\" data-elementor-settings=\"{&quot;element_pack_global_tooltip_width&quot;:{&quot;unit&quot;:&quot;px&quot;,&quot;size&quot;:&quot;&quot;,&quot;sizes&quot;:[]},&quot;element_pack_global_tooltip_width_tablet&quot;:{&quot;unit&quot;:&quot;px&quot;,&quot;size&quot;:&quot;&quot;,&quot;sizes&quot;:[]},&quot;element_pack_global_tooltip_width_mobile&quot;:{&quot;unit&quot;:&quot;px&quot;,&quot;size&quot;:&quot;&quot;,&quot;sizes&quot;:[]},&quot;element_pack_global_tooltip_padding&quot;:{&quot;unit&quot;:&quot;px&quot;,&quot;top&quot;:&quot;&quot;,&quot;right&quot;:&quot;&quot;,&quot;bottom&quot;:&quot;&quot;,&quot;left&quot;:&quot;&quot;,&quot;isLinked&quot;:true},&quot;element_pack_global_tooltip_padding_tablet&quot;:{&quot;unit&quot;:&quot;px&quot;,&quot;top&quot;:&quot;&quot;,&quot;right&quot;:&quot;&quot;,&quot;bottom&quot;:&quot;&quot;,&quot;left&quot;:&quot;&quot;,&quot;isLinked&quot;:true},&quot;element_pack_global_tooltip_padding_mobile&quot;:{&quot;unit&quot;:&quot;px&quot;,&quot;top&quot;:&quot;&quot;,&quot;right&quot;:&quot;&quot;,&quot;bottom&quot;:&quot;&quot;,&quot;left&quot;:&quot;&quot;,&quot;isLinked&quot;:true},&quot;element_pack_global_tooltip_border_radius&quot;:{&quot;unit&quot;:&quot;px&quot;,&quot;top&quot;:&quot;&quot;,&quot;right&quot;:&quot;&quot;,&quot;bottom&quot;:&quot;&quot;,&quot;left&quot;:&quot;&quot;,&quot;isLinked&quot;:true},&quot;element_pack_global_tooltip_border_radius_tablet&quot;:{&quot;unit&quot;:&quot;px&quot;,&quot;top&quot;:&quot;&quot;,&quot;right&quot;:&quot;&quot;,&quot;bottom&quot;:&quot;&quot;,&quot;left&quot;:&quot;&quot;,&quot;isLinked&quot;:true},&quot;element_pack_global_tooltip_border_radius_mobile&quot;:{&quot;unit&quot;:&quot;px&quot;,&quot;top&quot;:&quot;&quot;,&quot;right&quot;:&quot;&quot;,&quot;bottom&quot;:&quot;&quot;,&quot;left&quot;:&quot;&quot;,&quot;isLinked&quot;:true}}\" data-elementor-post-type=\"product\">\n\t\t\t\t<div class=\"elementor-element elementor-element-93aa4a8 e-con-full e-flex e-con e-parent\" data-id=\"93aa4a8\" data-element_type=\"container\" data-e-type=\"container\">\n\t\t\t\t<div class=\"elementor-element elementor-element-2c3f760 miaoshu elementor-widget elementor-widget-wd_text_block\" data-id=\"2c3f760\" data-element_type=\"widget\" data-e-type=\"widget\" data-widget_type=\"wd_text_block.default\">\n\t\t\t\t<div class=\"elementor-widget-container\">\n\t\t\t\t\t\t\t<div class=\"wd-text-block reset-last-child text-left\">\n\t\t\t\n\t\t\t<h2>Appiah - App Landing Page Plantilla Elementor: Muestra tu aplicaci\u00f3n con estilo<\/h2>\n<p>En <strong>Appiah - App Landing Page Elementor Plantilla Kit<\/strong> permite a desarrolladores y vendedores crear p\u00e1ginas de destino profesionales e impresionantes para sus aplicaciones m\u00f3viles. Por ejemplo, podr\u00e1 crear r\u00e1pidamente sitios promocionales que destaquen las funciones, impulsen las descargas y atraigan a los usuarios con un dise\u00f1o contempor\u00e1neo. En consecuencia, este kit de plantillas hace que su aplicaci\u00f3n destaque en un mercado competitivo al tiempo que mantiene la personalizaci\u00f3n sencilla e intuitiva.<\/p>\n\n<h3>Dise\u00f1o moderno y f\u00e1cil personalizaci\u00f3n<\/h3>\n<p>Appiah cuenta con un dise\u00f1o elegante y moderno perfecto para la promoci\u00f3n y presentaci\u00f3n de aplicaciones. Adem\u00e1s, puedes personalizar cada elemento utilizando la interfaz de arrastrar y soltar de Elementor, para conseguir un aspecto pulido sin codificar. Como resultado, los propietarios de sitios web pueden adaptar sin esfuerzo la plantilla a su marca, garantizando un escaparate profesional que convierte a los visitantes en usuarios.<grok-card data-id=\"9d6249\" data-type=\"citation_card\"><\/grok-card><\/p>\n\n<h3>Principales caracter\u00edsticas y ventajas<\/h3>\n<ul>\n    <li><strong>Dise\u00f1os contempor\u00e1neos:<\/strong> P\u00e1ginas predise\u00f1adas con una est\u00e9tica limpia y moderna para destacar capturas de pantalla de aplicaciones, v\u00eddeos y testimonios.<\/li>\n    <li><strong>Compatibilidad con Elementor:<\/strong> Funciona perfectamente con la versi\u00f3n gratuita de Elementor para ediciones r\u00e1pidas y flexibilidad ilimitada.<\/li>\n    <li><strong>Secciones centradas en la promoci\u00f3n:<\/strong> Incluya caracter\u00edsticas destacadas, tablas de precios y botones de llamada a la acci\u00f3n para impulsar las descargas.<\/li>\n    <li><strong>Dise\u00f1o receptivo:<\/strong> Garantiza que su p\u00e1gina de destino se vea perfectamente en ordenadores de sobremesa, tabletas y m\u00f3viles, llegando a todos los p\u00fablicos.<\/li>\n    <li><strong>F\u00e1cil instalaci\u00f3n:<\/strong> Cargue el kit a trav\u00e9s de Elementos &gt; Kits instalados en su panel de control de WordPress para una configuraci\u00f3n instant\u00e1nea.<\/li>\n<\/ul>\n\n<h3>Agilice el lanzamiento de su aplicaci\u00f3n<\/h3>\n<p>Con Appiah, puede transformar ideas b\u00e1sicas en p\u00e1ginas de destino de gran impacto que generen resultados. Por ejemplo, los profesionales del marketing la utilizan para crear sitios promocionales dedicados, mientras que los desarrolladores muestran prototipos de manera eficiente. Por lo tanto, esta plantilla ahorra tiempo y aumenta la visibilidad de su aplicaci\u00f3n, lo que, en \u00faltima instancia, incrementa la participaci\u00f3n de los usuarios y las conversiones.<grok-card data-id=\"a2dda8\" data-type=\"citation_card\"><\/grok-card><\/p>\n\n<h3>Lance hoy mismo la p\u00e1gina de destino de su aplicaci\u00f3n<\/h3>\n<p>Mejore la presencia de su aplicaci\u00f3n con <strong>Appiah - App Landing Page Plantilla Elementor<\/strong>. Combinando la facilidad de uso con un dise\u00f1o profesional, crear\u00e1 p\u00e1ginas atractivas que resonar\u00e1n entre su p\u00fablico. Instale el kit ahora y empiece a promocionar su aplicaci\u00f3n con confianza.<\/p>\n\t\t\t\t\t<\/div>\n\t\t\t\t\t\t<\/div>\n\t\t\t\t<\/div>\n\t\t\t\t<\/div>\n\t\t\t\t<\/div>","protected":false},"excerpt":{"rendered":"<p>Appiah \u2013 App Landing Page Elementor Template: Showcase Your App with Style The Appiah \u2013 App Landing Page Elementor Template<\/p>","protected":false},"featured_media":10323,"comment_status":"open","ping_status":"closed","template":"","meta":{"_acf_changed":false},"product_brand":[],"product_cat":[50],"product_tag":[],"class_list":{"0":"post-10445","1":"product","2":"type-product","3":"status-publish","4":"has-post-thumbnail","6":"product_cat-template-kits","8":"first","9":"instock","10":"sale","11":"downloadable","12":"shipping-taxable","13":"purchasable","14":"product-type-simple"},"acf":[],"yoast_head":"<!-- This site is optimized with the Yoast SEO Premium plugin v25.6 (Yoast SEO v27.1.1) - https:\/\/yoast.com\/product\/yoast-seo-premium-wordpress\/ -->\n<title>Appiah \u2013 App Landing Page Elementor Template - AllWin Theme \u2013 Free WordPress Themes Download<\/title>\n<meta name=\"description\" content=\"Promote your app with Appiah&#039;s modern Elementor Template Kit. Easily customize landing pages for professional showcases and downloads.\" \/>\n<meta name=\"robots\" content=\"index, follow, max-snippet:-1, max-image-preview:large, max-video-preview:-1\" \/>\n<link rel=\"canonical\" href=\"https:\/\/allwintheme.com\/es\/producto\/appiah-app-landing-page-elementor-template\/\" \/>\n<meta property=\"og:locale\" content=\"es_ES\" \/>\n<meta property=\"og:type\" content=\"article\" \/>\n<meta property=\"og:title\" content=\"Appiah \u2013 App Landing Page Elementor Template\" \/>\n<meta property=\"og:description\" content=\"Promote your app with Appiah&#039;s modern Elementor Template Kit. Easily customize landing pages for professional showcases and downloads.\" \/>\n<meta property=\"og:url\" content=\"https:\/\/allwintheme.com\/es\/producto\/appiah-app-landing-page-elementor-template\/\" \/>\n<meta property=\"og:site_name\" content=\"AllWin Theme \u2013 Free WordPress Themes Download\" \/>\n<meta property=\"article:modified_time\" content=\"2025-10-13T12:25:27+00:00\" \/>\n<meta property=\"og:image\" content=\"https:\/\/allwintheme.com\/wp-content\/uploads\/2025\/10\/ta3hwj5e.png\" \/>\n\t<meta property=\"og:image:width\" content=\"768\" \/>\n\t<meta property=\"og:image:height\" content=\"440\" \/>\n\t<meta property=\"og:image:type\" content=\"image\/png\" \/>\n<meta name=\"twitter:card\" content=\"summary_large_image\" \/>\n<meta name=\"twitter:label1\" content=\"Tiempo estimado de lectura\" \/>\n\t<meta name=\"twitter:data1\" content=\"2 minutos\" \/>\n<script type=\"application\/ld+json\" class=\"yoast-schema-graph\">{\"@context\":\"https:\/\/schema.org\",\"@graph\":[{\"@type\":\"WebPage\",\"@id\":\"https:\/\/allwintheme.com\/product\/appiah-app-landing-page-elementor-template\/\",\"url\":\"https:\/\/allwintheme.com\/product\/appiah-app-landing-page-elementor-template\/\",\"name\":\"Appiah \u2013 App Landing Page Elementor Template - AllWin Theme \u2013 Free WordPress Themes Download\",\"isPartOf\":{\"@id\":\"https:\/\/allwintheme.com\/#website\"},\"primaryImageOfPage\":{\"@id\":\"https:\/\/allwintheme.com\/product\/appiah-app-landing-page-elementor-template\/#primaryimage\"},\"image\":{\"@id\":\"https:\/\/allwintheme.com\/product\/appiah-app-landing-page-elementor-template\/#primaryimage\"},\"thumbnailUrl\":\"https:\/\/allwintheme.com\/wp-content\/uploads\/2025\/10\/ta3hwj5e.png\",\"datePublished\":\"2025-10-13T12:12:02+00:00\",\"dateModified\":\"2025-10-13T12:25:27+00:00\",\"description\":\"Promote your app with Appiah's modern Elementor Template Kit. Easily customize landing pages for professional showcases and downloads.\",\"breadcrumb\":{\"@id\":\"https:\/\/allwintheme.com\/product\/appiah-app-landing-page-elementor-template\/#breadcrumb\"},\"inLanguage\":\"es-CL\",\"potentialAction\":[{\"@type\":\"ReadAction\",\"target\":[\"https:\/\/allwintheme.com\/product\/appiah-app-landing-page-elementor-template\/\"]}]},{\"@type\":\"ImageObject\",\"inLanguage\":\"es-CL\",\"@id\":\"https:\/\/allwintheme.com\/product\/appiah-app-landing-page-elementor-template\/#primaryimage\",\"url\":\"https:\/\/allwintheme.com\/wp-content\/uploads\/2025\/10\/ta3hwj5e.png\",\"contentUrl\":\"https:\/\/allwintheme.com\/wp-content\/uploads\/2025\/10\/ta3hwj5e.png\",\"width\":768,\"height\":440,\"caption\":\"Appiah \u2013 App Landing Page Elementor Template\"},{\"@type\":\"BreadcrumbList\",\"@id\":\"https:\/\/allwintheme.com\/product\/appiah-app-landing-page-elementor-template\/#breadcrumb\",\"itemListElement\":[{\"@type\":\"ListItem\",\"position\":1,\"name\":\"Home\",\"item\":\"https:\/\/allwintheme.com\/\"},{\"@type\":\"ListItem\",\"position\":2,\"name\":\"Shop\",\"item\":\"https:\/\/allwintheme.com\/shop\/\"},{\"@type\":\"ListItem\",\"position\":3,\"name\":\"Appiah \u2013 App Landing Page Elementor Template\"}]},{\"@type\":\"WebSite\",\"@id\":\"https:\/\/allwintheme.com\/#website\",\"url\":\"https:\/\/allwintheme.com\/\",\"name\":\"Allwintheme\",\"description\":\"Download free WordPress themes for every niche. Blogs, business, eCommerce, portfolio, restaurant and more. All themes are GPL licensed and mobile-ready.\",\"potentialAction\":[{\"@type\":\"SearchAction\",\"target\":{\"@type\":\"EntryPoint\",\"urlTemplate\":\"https:\/\/allwintheme.com\/?s={search_term_string}\"},\"query-input\":{\"@type\":\"PropertyValueSpecification\",\"valueRequired\":true,\"valueName\":\"search_term_string\"}}],\"inLanguage\":\"es-CL\"}]}<\/script>\n<!-- \/ Yoast SEO Premium plugin. -->","yoast_head_json":{"title":"Appiah \u2013 App Landing Page Elementor Template - AllWin Theme \u2013 Free WordPress Themes Download","description":"Promociona tu aplicaci\u00f3n con el moderno kit de plantillas Elementor de Appiah. Personaliza f\u00e1cilmente las p\u00e1ginas de aterrizaje para escaparates y descargas profesionales.","robots":{"index":"index","follow":"follow","max-snippet":"max-snippet:-1","max-image-preview":"max-image-preview:large","max-video-preview":"max-video-preview:-1"},"canonical":"https:\/\/allwintheme.com\/es\/producto\/appiah-app-landing-page-elementor-template\/","og_locale":"es_ES","og_type":"article","og_title":"Appiah \u2013 App Landing Page Elementor Template","og_description":"Promote your app with Appiah's modern Elementor Template Kit. Easily customize landing pages for professional showcases and downloads.","og_url":"https:\/\/allwintheme.com\/es\/producto\/appiah-app-landing-page-elementor-template\/","og_site_name":"AllWin Theme \u2013 Free WordPress Themes Download","article_modified_time":"2025-10-13T12:25:27+00:00","og_image":[{"width":768,"height":440,"url":"https:\/\/allwintheme.com\/wp-content\/uploads\/2025\/10\/ta3hwj5e.png","type":"image\/png"}],"twitter_card":"summary_large_image","twitter_misc":{"Tiempo estimado de lectura":"2 minutos"},"schema":{"@context":"https:\/\/schema.org","@graph":[{"@type":"WebPage","@id":"https:\/\/allwintheme.com\/product\/appiah-app-landing-page-elementor-template\/","url":"https:\/\/allwintheme.com\/product\/appiah-app-landing-page-elementor-template\/","name":"Appiah \u2013 App Landing Page Elementor Template - AllWin Theme \u2013 Free WordPress Themes Download","isPartOf":{"@id":"https:\/\/allwintheme.com\/#website"},"primaryImageOfPage":{"@id":"https:\/\/allwintheme.com\/product\/appiah-app-landing-page-elementor-template\/#primaryimage"},"image":{"@id":"https:\/\/allwintheme.com\/product\/appiah-app-landing-page-elementor-template\/#primaryimage"},"thumbnailUrl":"https:\/\/allwintheme.com\/wp-content\/uploads\/2025\/10\/ta3hwj5e.png","datePublished":"2025-10-13T12:12:02+00:00","dateModified":"2025-10-13T12:25:27+00:00","description":"Promociona tu aplicaci\u00f3n con el moderno kit de plantillas Elementor de Appiah. Personaliza f\u00e1cilmente las p\u00e1ginas de aterrizaje para escaparates y descargas profesionales.","breadcrumb":{"@id":"https:\/\/allwintheme.com\/product\/appiah-app-landing-page-elementor-template\/#breadcrumb"},"inLanguage":"es-CL","potentialAction":[{"@type":"ReadAction","target":["https:\/\/allwintheme.com\/product\/appiah-app-landing-page-elementor-template\/"]}]},{"@type":"ImageObject","inLanguage":"es-CL","@id":"https:\/\/allwintheme.com\/product\/appiah-app-landing-page-elementor-template\/#primaryimage","url":"https:\/\/allwintheme.com\/wp-content\/uploads\/2025\/10\/ta3hwj5e.png","contentUrl":"https:\/\/allwintheme.com\/wp-content\/uploads\/2025\/10\/ta3hwj5e.png","width":768,"height":440,"caption":"Appiah \u2013 App Landing Page Elementor Template"},{"@type":"BreadcrumbList","@id":"https:\/\/allwintheme.com\/product\/appiah-app-landing-page-elementor-template\/#breadcrumb","itemListElement":[{"@type":"ListItem","position":1,"name":"Home","item":"https:\/\/allwintheme.com\/"},{"@type":"ListItem","position":2,"name":"Shop","item":"https:\/\/allwintheme.com\/shop\/"},{"@type":"ListItem","position":3,"name":"Appiah \u2013 App Landing Page Elementor Template"}]},{"@type":"WebSite","@id":"https:\/\/allwintheme.com\/#website","url":"https:\/\/allwintheme.com\/","name":"Allwintheme","description":"Descarga gratis temas de WordPress para todos los nichos. Blogs, negocios, comercio electr\u00f3nico, portafolio, restaurante y m\u00e1s. Todos los temas tienen licencia GPL y est\u00e1n preparados para dispositivos m\u00f3viles.","potentialAction":[{"@type":"SearchAction","target":{"@type":"EntryPoint","urlTemplate":"https:\/\/allwintheme.com\/?s={search_term_string}"},"query-input":{"@type":"PropertyValueSpecification","valueRequired":true,"valueName":"search_term_string"}}],"inLanguage":"es-CL"}]}},"_links":{"self":[{"href":"https:\/\/allwintheme.com\/es\/wp-json\/wp\/v2\/product\/10445","targetHints":{"allow":["GET"]}}],"collection":[{"href":"https:\/\/allwintheme.com\/es\/wp-json\/wp\/v2\/product"}],"about":[{"href":"https:\/\/allwintheme.com\/es\/wp-json\/wp\/v2\/types\/product"}],"replies":[{"embeddable":true,"href":"https:\/\/allwintheme.com\/es\/wp-json\/wp\/v2\/comments?post=10445"}],"version-history":[{"count":7,"href":"https:\/\/allwintheme.com\/es\/wp-json\/wp\/v2\/product\/10445\/revisions"}],"predecessor-version":[{"id":10452,"href":"https:\/\/allwintheme.com\/es\/wp-json\/wp\/v2\/product\/10445\/revisions\/10452"}],"wp:featuredmedia":[{"embeddable":true,"href":"https:\/\/allwintheme.com\/es\/wp-json\/wp\/v2\/media\/10323"}],"wp:attachment":[{"href":"https:\/\/allwintheme.com\/es\/wp-json\/wp\/v2\/media?parent=10445"}],"wp:term":[{"taxonomy":"product_brand","embeddable":true,"href":"https:\/\/allwintheme.com\/es\/wp-json\/wp\/v2\/product_brand?post=10445"},{"taxonomy":"product_cat","embeddable":true,"href":"https:\/\/allwintheme.com\/es\/wp-json\/wp\/v2\/product_cat?post=10445"},{"taxonomy":"product_tag","embeddable":true,"href":"https:\/\/allwintheme.com\/es\/wp-json\/wp\/v2\/product_tag?post=10445"}],"curies":[{"name":"wp","href":"https:\/\/api.w.org\/{rel}","templated":true}]}}