{"id":10453,"date":"2025-10-13T12:25:48","date_gmt":"2025-10-13T12:25:48","guid":{"rendered":"https:\/\/allwintheme.com\/?post_type=product&#038;p=10453"},"modified":"2025-10-13T12:29:46","modified_gmt":"2025-10-13T12:29:46","slug":"yakopay-online-payment-app-elementor-template","status":"publish","type":"product","link":"https:\/\/allwintheme.com\/es\/producto\/yakopay-online-payment-app-elementor-template\/","title":{"rendered":"Yakopay - Online Payment App Plantilla Elementor"},"content":{"rendered":"<div data-elementor-type=\"wp-post\" data-elementor-id=\"10453\" class=\"elementor elementor-10453\" data-elementor-settings=\"{&quot;element_pack_global_tooltip_width&quot;:{&quot;unit&quot;:&quot;px&quot;,&quot;size&quot;:&quot;&quot;,&quot;sizes&quot;:[]},&quot;element_pack_global_tooltip_width_tablet&quot;:{&quot;unit&quot;:&quot;px&quot;,&quot;size&quot;:&quot;&quot;,&quot;sizes&quot;:[]},&quot;element_pack_global_tooltip_width_mobile&quot;:{&quot;unit&quot;:&quot;px&quot;,&quot;size&quot;:&quot;&quot;,&quot;sizes&quot;:[]},&quot;element_pack_global_tooltip_padding&quot;:{&quot;unit&quot;:&quot;px&quot;,&quot;top&quot;:&quot;&quot;,&quot;right&quot;:&quot;&quot;,&quot;bottom&quot;:&quot;&quot;,&quot;left&quot;:&quot;&quot;,&quot;isLinked&quot;:true},&quot;element_pack_global_tooltip_padding_tablet&quot;:{&quot;unit&quot;:&quot;px&quot;,&quot;top&quot;:&quot;&quot;,&quot;right&quot;:&quot;&quot;,&quot;bottom&quot;:&quot;&quot;,&quot;left&quot;:&quot;&quot;,&quot;isLinked&quot;:true},&quot;element_pack_global_tooltip_padding_mobile&quot;:{&quot;unit&quot;:&quot;px&quot;,&quot;top&quot;:&quot;&quot;,&quot;right&quot;:&quot;&quot;,&quot;bottom&quot;:&quot;&quot;,&quot;left&quot;:&quot;&quot;,&quot;isLinked&quot;:true},&quot;element_pack_global_tooltip_border_radius&quot;:{&quot;unit&quot;:&quot;px&quot;,&quot;top&quot;:&quot;&quot;,&quot;right&quot;:&quot;&quot;,&quot;bottom&quot;:&quot;&quot;,&quot;left&quot;:&quot;&quot;,&quot;isLinked&quot;:true},&quot;element_pack_global_tooltip_border_radius_tablet&quot;:{&quot;unit&quot;:&quot;px&quot;,&quot;top&quot;:&quot;&quot;,&quot;right&quot;:&quot;&quot;,&quot;bottom&quot;:&quot;&quot;,&quot;left&quot;:&quot;&quot;,&quot;isLinked&quot;:true},&quot;element_pack_global_tooltip_border_radius_mobile&quot;:{&quot;unit&quot;:&quot;px&quot;,&quot;top&quot;:&quot;&quot;,&quot;right&quot;:&quot;&quot;,&quot;bottom&quot;:&quot;&quot;,&quot;left&quot;:&quot;&quot;,&quot;isLinked&quot;:true}}\" data-elementor-post-type=\"product\">\n\t\t\t\t<div class=\"elementor-element elementor-element-93aa4a8 e-con-full e-flex e-con e-parent\" data-id=\"93aa4a8\" data-element_type=\"container\" data-e-type=\"container\">\n\t\t\t\t<div class=\"elementor-element elementor-element-2c3f760 miaoshu elementor-widget elementor-widget-wd_text_block\" data-id=\"2c3f760\" data-element_type=\"widget\" data-e-type=\"widget\" data-widget_type=\"wd_text_block.default\">\n\t\t\t\t<div class=\"elementor-widget-container\">\n\t\t\t\t\t\t\t<div class=\"wd-text-block reset-last-child text-left\">\n\t\t\t\n\t\t\t<h2>Yakopay - Plantilla Elementor para Aplicaciones de Pago Online: Lanza tu sitio Fintech r\u00e1pidamente<\/h2><p>En <strong>Kit de Plantilla Elementor Yakopay<\/strong> permite a las empresas corporativas mostrar sus servicios de pago y soluciones blockchain de forma profesional. Por ejemplo, puede crear r\u00e1pidamente un sitio web adaptable que destaque su trabajo y las ventajas para el usuario. En consecuencia, este kit agiliza su proceso de lanzamiento al tiempo que garantiza dise\u00f1os adaptados a dispositivos m\u00f3viles que cautivan a los visitantes.<\/p><h3>Dise\u00f1o adaptado a las empresas de pago<\/h3><p>Yakopay es compatible con el constructor de arrastrar y soltar de Elementor, para que puedas personalizar los dise\u00f1os sin codificar. Adem\u00e1s, se integra a la perfecci\u00f3n con el tema gratuito Hello Elementor, lo que le permite crear p\u00e1ginas de servicios, testimonios y precios. El resultado es una experiencia de tecnolog\u00eda financiera pulida que impulsa las conversiones y genera confianza.<\/p><h3>Principales caracter\u00edsticas y ventajas<\/h3><ul><li><strong>Vistas m\u00f3viles adaptables:<\/strong> Todas las plantillas se adaptan perfectamente a ordenadores de sobremesa, tabletas y tel\u00e9fonos para que el usuario interact\u00fae de forma \u00f3ptima.<\/li><li><strong>P\u00e1ginas preconstruidas:<\/strong> Acceda a dise\u00f1os listos para usar para p\u00e1ginas de inicio, planes de precios, presentaciones de equipos, preguntas frecuentes y servicios comerciales.<\/li><li><strong>Blockchain &amp; App Focus:<\/strong> Destaque las funciones de seguridad, los testimonios de los usuarios y las funcionalidades de la aplicaci\u00f3n con dise\u00f1os elegantes y modernos.<\/li><li><strong>F\u00e1cil proceso de importaci\u00f3n:<\/strong> Carga el kit directamente en Elementor e importa p\u00e1ginas con unos pocos clics.<\/li><\/ul><h3>Impulse su presencia en l\u00ednea de forma eficaz<\/h3><p>Este kit de plantillas elimina los obst\u00e1culos de dise\u00f1o para las nuevas empresas de tecnolog\u00eda financiera y los proveedores de servicios de pago. Por ejemplo, si necesitas enfatizar las transacciones seguras o las descargas de aplicaciones, Yakopay proporciona las herramientas para hacerlo sin esfuerzo. Por lo tanto, usted se centra en el crecimiento mientras que el kit se encarga de los elementos visuales, creando en \u00faltima instancia un sitio que convierte a los visitantes en usuarios fieles.<\/p><h3>Consigue Yakopay y empieza a construir hoy<\/h3><p>Mejore el sitio web de su aplicaci\u00f3n de pago con <strong>Yakopay - Online Payment App Plantilla Elementor<\/strong>. Al ofrecer una personalizaci\u00f3n ilimitada, podr\u00e1 crear una historia de marca \u00fanica que destaque. Inst\u00e1lelo ahora y haga realidad su visi\u00f3n de la tecnolog\u00eda financiera.<\/p>\n\t\t\t\t\t<\/div>\n\t\t\t\t\t\t<\/div>\n\t\t\t\t<\/div>\n\t\t\t\t<\/div>\n\t\t<div class=\"wd-negative-gap elementor-element elementor-element-1de7568 e-flex e-con-boxed e-con e-parent\" data-id=\"1de7568\" data-element_type=\"container\" data-e-type=\"container\">\n\t\t\t\t\t<div class=\"e-con-inner\">\n\t\t\t\t<div class=\"elementor-element elementor-element-38bdba9 elementor-widget elementor-widget-video\" data-id=\"38bdba9\" data-element_type=\"widget\" data-e-type=\"widget\" data-settings=\"{&quot;youtube_url&quot;:&quot;https:\\\/\\\/www.youtube.com\\\/watch?v=b0aJ_-DptEo&quot;,&quot;video_type&quot;:&quot;youtube&quot;,&quot;controls&quot;:&quot;yes&quot;}\" data-widget_type=\"video.default\">\n\t\t\t\t\t\t\t<div class=\"elementor-wrapper elementor-open-inline\">\n\t\t\t<div class=\"elementor-video\"><\/div>\t\t<\/div>\n\t\t\t\t\t\t<\/div>\n\t\t\t\t\t<\/div>\n\t\t\t\t<\/div>\n\t\t\t\t<\/div>","protected":false},"excerpt":{"rendered":"<p>Yakopay \u2013 Online Payment App Elementor Template: Launch Your Fintech Site Fast The Yakopay Elementor Template Kit empowers corporate businesses<\/p>","protected":false},"featured_media":10324,"comment_status":"open","ping_status":"closed","template":"","meta":{"_acf_changed":false},"product_brand":[],"product_cat":[50],"product_tag":[],"class_list":{"0":"post-10453","1":"product","2":"type-product","3":"status-publish","4":"has-post-thumbnail","6":"product_cat-template-kits","8":"first","9":"instock","10":"sale","11":"downloadable","12":"shipping-taxable","13":"purchasable","14":"product-type-simple"},"acf":[],"yoast_head":"<!-- This site is optimized with the Yoast SEO Premium plugin v25.6 (Yoast SEO v27.1.1) - https:\/\/yoast.com\/product\/yoast-seo-premium-wordpress\/ -->\n<title>Yakopay \u2013 Online Payment App Elementor Template - AllWin Theme \u2013 Free WordPress Themes Download<\/title>\n<meta name=\"description\" content=\"Build a professional fintech site with Yakopay Elementor Template Kit. Showcase payment services, blockchain features, and responsive designs effortlessly.\" \/>\n<meta name=\"robots\" content=\"index, follow, max-snippet:-1, max-image-preview:large, max-video-preview:-1\" \/>\n<link rel=\"canonical\" href=\"https:\/\/allwintheme.com\/es\/producto\/yakopay-online-payment-app-elementor-template\/\" \/>\n<meta property=\"og:locale\" content=\"es_ES\" \/>\n<meta property=\"og:type\" content=\"article\" \/>\n<meta property=\"og:title\" content=\"Yakopay \u2013 Online Payment App Elementor Template\" \/>\n<meta property=\"og:description\" content=\"Build a professional fintech site with Yakopay Elementor Template Kit. Showcase payment services, blockchain features, and responsive designs effortlessly.\" \/>\n<meta property=\"og:url\" content=\"https:\/\/allwintheme.com\/es\/producto\/yakopay-online-payment-app-elementor-template\/\" \/>\n<meta property=\"og:site_name\" content=\"AllWin Theme \u2013 Free WordPress Themes Download\" \/>\n<meta property=\"article:modified_time\" content=\"2025-10-13T12:29:46+00:00\" \/>\n<meta property=\"og:image\" content=\"https:\/\/allwintheme.com\/wp-content\/uploads\/2025\/10\/rhyu14of.png\" \/>\n\t<meta property=\"og:image:width\" content=\"768\" \/>\n\t<meta property=\"og:image:height\" content=\"438\" \/>\n\t<meta property=\"og:image:type\" content=\"image\/png\" \/>\n<meta name=\"twitter:card\" content=\"summary_large_image\" \/>\n<meta name=\"twitter:label1\" content=\"Tiempo estimado de lectura\" \/>\n\t<meta name=\"twitter:data1\" content=\"2 minutos\" \/>\n<script type=\"application\/ld+json\" class=\"yoast-schema-graph\">{\"@context\":\"https:\/\/schema.org\",\"@graph\":[{\"@type\":\"WebPage\",\"@id\":\"https:\/\/allwintheme.com\/product\/yakopay-online-payment-app-elementor-template\/\",\"url\":\"https:\/\/allwintheme.com\/product\/yakopay-online-payment-app-elementor-template\/\",\"name\":\"Yakopay \u2013 Online Payment App Elementor Template - AllWin Theme \u2013 Free WordPress Themes Download\",\"isPartOf\":{\"@id\":\"https:\/\/allwintheme.com\/#website\"},\"primaryImageOfPage\":{\"@id\":\"https:\/\/allwintheme.com\/product\/yakopay-online-payment-app-elementor-template\/#primaryimage\"},\"image\":{\"@id\":\"https:\/\/allwintheme.com\/product\/yakopay-online-payment-app-elementor-template\/#primaryimage\"},\"thumbnailUrl\":\"https:\/\/allwintheme.com\/wp-content\/uploads\/2025\/10\/rhyu14of.png\",\"datePublished\":\"2025-10-13T12:25:48+00:00\",\"dateModified\":\"2025-10-13T12:29:46+00:00\",\"description\":\"Build a professional fintech site with Yakopay Elementor Template Kit. Showcase payment services, blockchain features, and responsive designs effortlessly.\",\"breadcrumb\":{\"@id\":\"https:\/\/allwintheme.com\/product\/yakopay-online-payment-app-elementor-template\/#breadcrumb\"},\"inLanguage\":\"es-CL\",\"potentialAction\":[{\"@type\":\"ReadAction\",\"target\":[\"https:\/\/allwintheme.com\/product\/yakopay-online-payment-app-elementor-template\/\"]}]},{\"@type\":\"ImageObject\",\"inLanguage\":\"es-CL\",\"@id\":\"https:\/\/allwintheme.com\/product\/yakopay-online-payment-app-elementor-template\/#primaryimage\",\"url\":\"https:\/\/allwintheme.com\/wp-content\/uploads\/2025\/10\/rhyu14of.png\",\"contentUrl\":\"https:\/\/allwintheme.com\/wp-content\/uploads\/2025\/10\/rhyu14of.png\",\"width\":768,\"height\":438,\"caption\":\"Yakopay \u2013 Online Payment App Elementor Template\"},{\"@type\":\"BreadcrumbList\",\"@id\":\"https:\/\/allwintheme.com\/product\/yakopay-online-payment-app-elementor-template\/#breadcrumb\",\"itemListElement\":[{\"@type\":\"ListItem\",\"position\":1,\"name\":\"Home\",\"item\":\"https:\/\/allwintheme.com\/\"},{\"@type\":\"ListItem\",\"position\":2,\"name\":\"Shop\",\"item\":\"https:\/\/allwintheme.com\/shop\/\"},{\"@type\":\"ListItem\",\"position\":3,\"name\":\"Yakopay \u2013 Online Payment App Elementor Template\"}]},{\"@type\":\"WebSite\",\"@id\":\"https:\/\/allwintheme.com\/#website\",\"url\":\"https:\/\/allwintheme.com\/\",\"name\":\"Allwintheme\",\"description\":\"Download free WordPress themes for every niche. Blogs, business, eCommerce, portfolio, restaurant and more. All themes are GPL licensed and mobile-ready.\",\"potentialAction\":[{\"@type\":\"SearchAction\",\"target\":{\"@type\":\"EntryPoint\",\"urlTemplate\":\"https:\/\/allwintheme.com\/?s={search_term_string}\"},\"query-input\":{\"@type\":\"PropertyValueSpecification\",\"valueRequired\":true,\"valueName\":\"search_term_string\"}}],\"inLanguage\":\"es-CL\"}]}<\/script>\n<!-- \/ Yoast SEO Premium plugin. -->","yoast_head_json":{"title":"Yakopay \u2013 Online Payment App Elementor Template - AllWin Theme \u2013 Free WordPress Themes Download","description":"Construye un sitio fintech profesional con Yakopay Elementor Template Kit. Muestra servicios de pago, funciones blockchain y dise\u00f1os responsivos sin esfuerzo.","robots":{"index":"index","follow":"follow","max-snippet":"max-snippet:-1","max-image-preview":"max-image-preview:large","max-video-preview":"max-video-preview:-1"},"canonical":"https:\/\/allwintheme.com\/es\/producto\/yakopay-online-payment-app-elementor-template\/","og_locale":"es_ES","og_type":"article","og_title":"Yakopay \u2013 Online Payment App Elementor Template","og_description":"Build a professional fintech site with Yakopay Elementor Template Kit. Showcase payment services, blockchain features, and responsive designs effortlessly.","og_url":"https:\/\/allwintheme.com\/es\/producto\/yakopay-online-payment-app-elementor-template\/","og_site_name":"AllWin Theme \u2013 Free WordPress Themes Download","article_modified_time":"2025-10-13T12:29:46+00:00","og_image":[{"width":768,"height":438,"url":"https:\/\/allwintheme.com\/wp-content\/uploads\/2025\/10\/rhyu14of.png","type":"image\/png"}],"twitter_card":"summary_large_image","twitter_misc":{"Tiempo estimado de lectura":"2 minutos"},"schema":{"@context":"https:\/\/schema.org","@graph":[{"@type":"WebPage","@id":"https:\/\/allwintheme.com\/product\/yakopay-online-payment-app-elementor-template\/","url":"https:\/\/allwintheme.com\/product\/yakopay-online-payment-app-elementor-template\/","name":"Yakopay \u2013 Online Payment App Elementor Template - AllWin Theme \u2013 Free WordPress Themes Download","isPartOf":{"@id":"https:\/\/allwintheme.com\/#website"},"primaryImageOfPage":{"@id":"https:\/\/allwintheme.com\/product\/yakopay-online-payment-app-elementor-template\/#primaryimage"},"image":{"@id":"https:\/\/allwintheme.com\/product\/yakopay-online-payment-app-elementor-template\/#primaryimage"},"thumbnailUrl":"https:\/\/allwintheme.com\/wp-content\/uploads\/2025\/10\/rhyu14of.png","datePublished":"2025-10-13T12:25:48+00:00","dateModified":"2025-10-13T12:29:46+00:00","description":"Construye un sitio fintech profesional con Yakopay Elementor Template Kit. Muestra servicios de pago, funciones blockchain y dise\u00f1os responsivos sin esfuerzo.","breadcrumb":{"@id":"https:\/\/allwintheme.com\/product\/yakopay-online-payment-app-elementor-template\/#breadcrumb"},"inLanguage":"es-CL","potentialAction":[{"@type":"ReadAction","target":["https:\/\/allwintheme.com\/product\/yakopay-online-payment-app-elementor-template\/"]}]},{"@type":"ImageObject","inLanguage":"es-CL","@id":"https:\/\/allwintheme.com\/product\/yakopay-online-payment-app-elementor-template\/#primaryimage","url":"https:\/\/allwintheme.com\/wp-content\/uploads\/2025\/10\/rhyu14of.png","contentUrl":"https:\/\/allwintheme.com\/wp-content\/uploads\/2025\/10\/rhyu14of.png","width":768,"height":438,"caption":"Yakopay \u2013 Online Payment App Elementor Template"},{"@type":"BreadcrumbList","@id":"https:\/\/allwintheme.com\/product\/yakopay-online-payment-app-elementor-template\/#breadcrumb","itemListElement":[{"@type":"ListItem","position":1,"name":"Home","item":"https:\/\/allwintheme.com\/"},{"@type":"ListItem","position":2,"name":"Shop","item":"https:\/\/allwintheme.com\/shop\/"},{"@type":"ListItem","position":3,"name":"Yakopay \u2013 Online Payment App Elementor Template"}]},{"@type":"WebSite","@id":"https:\/\/allwintheme.com\/#website","url":"https:\/\/allwintheme.com\/","name":"Allwintheme","description":"Descarga gratis temas de WordPress para todos los nichos. Blogs, negocios, comercio electr\u00f3nico, portafolio, restaurante y m\u00e1s. Todos los temas tienen licencia GPL y est\u00e1n preparados para dispositivos m\u00f3viles.","potentialAction":[{"@type":"SearchAction","target":{"@type":"EntryPoint","urlTemplate":"https:\/\/allwintheme.com\/?s={search_term_string}"},"query-input":{"@type":"PropertyValueSpecification","valueRequired":true,"valueName":"search_term_string"}}],"inLanguage":"es-CL"}]}},"_links":{"self":[{"href":"https:\/\/allwintheme.com\/es\/wp-json\/wp\/v2\/product\/10453","targetHints":{"allow":["GET"]}}],"collection":[{"href":"https:\/\/allwintheme.com\/es\/wp-json\/wp\/v2\/product"}],"about":[{"href":"https:\/\/allwintheme.com\/es\/wp-json\/wp\/v2\/types\/product"}],"replies":[{"embeddable":true,"href":"https:\/\/allwintheme.com\/es\/wp-json\/wp\/v2\/comments?post=10453"}],"version-history":[{"count":5,"href":"https:\/\/allwintheme.com\/es\/wp-json\/wp\/v2\/product\/10453\/revisions"}],"predecessor-version":[{"id":10458,"href":"https:\/\/allwintheme.com\/es\/wp-json\/wp\/v2\/product\/10453\/revisions\/10458"}],"wp:featuredmedia":[{"embeddable":true,"href":"https:\/\/allwintheme.com\/es\/wp-json\/wp\/v2\/media\/10324"}],"wp:attachment":[{"href":"https:\/\/allwintheme.com\/es\/wp-json\/wp\/v2\/media?parent=10453"}],"wp:term":[{"taxonomy":"product_brand","embeddable":true,"href":"https:\/\/allwintheme.com\/es\/wp-json\/wp\/v2\/product_brand?post=10453"},{"taxonomy":"product_cat","embeddable":true,"href":"https:\/\/allwintheme.com\/es\/wp-json\/wp\/v2\/product_cat?post=10453"},{"taxonomy":"product_tag","embeddable":true,"href":"https:\/\/allwintheme.com\/es\/wp-json\/wp\/v2\/product_tag?post=10453"}],"curies":[{"name":"wp","href":"https:\/\/api.w.org\/{rel}","templated":true}]}}