{"id":10472,"date":"2025-10-13T12:56:43","date_gmt":"2025-10-13T12:56:43","guid":{"rendered":"https:\/\/allwintheme.com\/?post_type=product&#038;p=10472"},"modified":"2025-10-13T12:58:50","modified_gmt":"2025-10-13T12:58:50","slug":"appartamo-real-estate-jet-elementor","status":"publish","type":"product","link":"https:\/\/allwintheme.com\/es\/producto\/appartamo-real-estate-jet-elementor\/","title":{"rendered":"Appartamo - Inmobiliaria - Jet Elementor"},"content":{"rendered":"<div data-elementor-type=\"wp-post\" data-elementor-id=\"10472\" class=\"elementor elementor-10472\" data-elementor-settings=\"{&quot;element_pack_global_tooltip_width&quot;:{&quot;unit&quot;:&quot;px&quot;,&quot;size&quot;:&quot;&quot;,&quot;sizes&quot;:[]},&quot;element_pack_global_tooltip_width_tablet&quot;:{&quot;unit&quot;:&quot;px&quot;,&quot;size&quot;:&quot;&quot;,&quot;sizes&quot;:[]},&quot;element_pack_global_tooltip_width_mobile&quot;:{&quot;unit&quot;:&quot;px&quot;,&quot;size&quot;:&quot;&quot;,&quot;sizes&quot;:[]},&quot;element_pack_global_tooltip_padding&quot;:{&quot;unit&quot;:&quot;px&quot;,&quot;top&quot;:&quot;&quot;,&quot;right&quot;:&quot;&quot;,&quot;bottom&quot;:&quot;&quot;,&quot;left&quot;:&quot;&quot;,&quot;isLinked&quot;:true},&quot;element_pack_global_tooltip_padding_tablet&quot;:{&quot;unit&quot;:&quot;px&quot;,&quot;top&quot;:&quot;&quot;,&quot;right&quot;:&quot;&quot;,&quot;bottom&quot;:&quot;&quot;,&quot;left&quot;:&quot;&quot;,&quot;isLinked&quot;:true},&quot;element_pack_global_tooltip_padding_mobile&quot;:{&quot;unit&quot;:&quot;px&quot;,&quot;top&quot;:&quot;&quot;,&quot;right&quot;:&quot;&quot;,&quot;bottom&quot;:&quot;&quot;,&quot;left&quot;:&quot;&quot;,&quot;isLinked&quot;:true},&quot;element_pack_global_tooltip_border_radius&quot;:{&quot;unit&quot;:&quot;px&quot;,&quot;top&quot;:&quot;&quot;,&quot;right&quot;:&quot;&quot;,&quot;bottom&quot;:&quot;&quot;,&quot;left&quot;:&quot;&quot;,&quot;isLinked&quot;:true},&quot;element_pack_global_tooltip_border_radius_tablet&quot;:{&quot;unit&quot;:&quot;px&quot;,&quot;top&quot;:&quot;&quot;,&quot;right&quot;:&quot;&quot;,&quot;bottom&quot;:&quot;&quot;,&quot;left&quot;:&quot;&quot;,&quot;isLinked&quot;:true},&quot;element_pack_global_tooltip_border_radius_mobile&quot;:{&quot;unit&quot;:&quot;px&quot;,&quot;top&quot;:&quot;&quot;,&quot;right&quot;:&quot;&quot;,&quot;bottom&quot;:&quot;&quot;,&quot;left&quot;:&quot;&quot;,&quot;isLinked&quot;:true}}\" data-elementor-post-type=\"product\">\n\t\t\t\t<div class=\"elementor-element elementor-element-93aa4a8 e-con-full e-flex e-con e-parent\" data-id=\"93aa4a8\" data-element_type=\"container\" data-e-type=\"container\">\n\t\t\t\t<div class=\"elementor-element elementor-element-2c3f760 miaoshu elementor-widget elementor-widget-wd_text_block\" data-id=\"2c3f760\" data-element_type=\"widget\" data-e-type=\"widget\" data-widget_type=\"wd_text_block.default\">\n\t\t\t\t<div class=\"elementor-widget-container\">\n\t\t\t\t\t\t\t<div class=\"wd-text-block reset-last-child text-left\">\n\t\t\t\n\t\t\t<h2>Appartamo - Inmobiliaria: Construya su sitio inmobiliario con Jet Elementor<\/h2>\n<p><strong>Appartamo - Inmobiliaria - Jet Elementor<\/strong> ofrece un kit de plantillas listo para usar que transforma su sitio WordPress en una plataforma inmobiliaria profesional. Por ejemplo, los agentes inmobiliarios importan activamente este kit compatible con Elementor para mostrar apartamentos, casas y listados sin esfuerzo. De este modo, ahorrar\u00e1 horas de dise\u00f1o manual y crear\u00e1 una p\u00e1gina de destino atractiva y adaptable para la venta y el alquiler de propiedades.<\/p>\n\n<h3>Instalaci\u00f3n r\u00e1pida con dise\u00f1o profesional<\/h3>\n<p>Con Appartamo, s\u00f3lo tienes que importar el dise\u00f1o de la p\u00e1gina de destino \u00fanica en Elementor con unos pocos clics. Adem\u00e1s, este kit se integra perfectamente con el plugin JetElements, lo que permite widgets avanzados y funciones din\u00e1micas para las necesidades inmobiliarias. Como resultado, las agencias y los vendedores individuales lanzan r\u00e1pidamente sitios que destacan propiedades, formularios de contacto y llamadas a la acci\u00f3n sin codificaci\u00f3n.<\/p>\n\n<h3>Principales caracter\u00edsticas y ventajas<\/h3>\n<ul>\n    <li><strong>Importaci\u00f3n con un solo clic:<\/strong> Carga el dise\u00f1o completo de la p\u00e1gina de destino directamente en tu panel de control de Elementor para utilizarlo al instante.<\/li>\n    <li><strong>Compatibilidad JetElements:<\/strong> Aproveche los complementos premium, como cuadr\u00edculas y mapas avanzados, para mejorar la visualizaci\u00f3n de los inmuebles.<\/li>\n    <li><strong>Dise\u00f1o adaptable:<\/strong> Garantiza que su sitio inmobiliario tenga un aspecto impresionante en ordenadores de sobremesa, tabletas y m\u00f3viles.<\/li>\n    <li><strong>Elementos personalizables:<\/strong> Modifique f\u00e1cilmente los colores, los tipos de letra y las secciones para adaptarlos a su marca y al enfoque de su propiedad.<\/li>\n<\/ul>\n\n<h3>Mejore su presencia inmobiliaria<\/h3>\n<p>Este kit de plantillas le permite crear sitios atractivos para la compra, venta o alquiler de propiedades. Por ejemplo, si dirige una agencia inmobiliaria, Appartamo agiliza el proceso de creaci\u00f3n de una p\u00e1gina de inicio moderna con secciones principales y formularios de consulta. De este modo, podr\u00e1 centrarse m\u00e1s en los clientes y menos en el desarrollo, lo que, en \u00faltima instancia, aumentar\u00e1 su visibilidad en Internet.<\/p>\n\n<h3>Consiga Appartamo hoy mismo<\/h3>\n<p>Comience su viaje inmobiliario con <strong>Appartamo - Inmobiliaria - Jet Elementor<\/strong>. Al importar este eficiente kit, usted entrega un sitio pulido que atrae a compradores y vendedores. Inst\u00e1lelo ahora y vea c\u00f3mo prospera su negocio inmobiliario.<\/p>\n\t\t\t\t\t<\/div>\n\t\t\t\t\t\t<\/div>\n\t\t\t\t<\/div>\n\t\t\t\t<\/div>\n\t\t\t\t<\/div>","protected":false},"excerpt":{"rendered":"<p>Appartamo \u2013 Real Estate: Build Your Property Site with Jet Elementor Appartamo \u2013 Real Estate \u2013 Jet Elementor delivers a<\/p>","protected":false},"featured_media":10327,"comment_status":"open","ping_status":"closed","template":"","meta":{"_acf_changed":false},"product_brand":[],"product_cat":[50],"product_tag":[],"class_list":{"0":"post-10472","1":"product","2":"type-product","3":"status-publish","4":"has-post-thumbnail","6":"product_cat-template-kits","8":"first","9":"instock","10":"sale","11":"downloadable","12":"shipping-taxable","13":"purchasable","14":"product-type-simple"},"acf":[],"yoast_head":"<!-- This site is optimized with the Yoast SEO Premium plugin v25.6 (Yoast SEO v27.1.1) - https:\/\/yoast.com\/product\/yoast-seo-premium-wordpress\/ -->\n<title>Appartamo \u2013 Real Estate \u2013 Jet Elementor - AllWin Theme \u2013 Free WordPress Themes Download<\/title>\n<meta name=\"description\" content=\"Launch your real estate site quickly with Appartamo, a Jet Elementor template kit. Import 1 landing page layout for apartments, agencies, and property sales.\" \/>\n<meta name=\"robots\" content=\"index, follow, max-snippet:-1, max-image-preview:large, max-video-preview:-1\" \/>\n<link rel=\"canonical\" href=\"https:\/\/allwintheme.com\/es\/producto\/appartamo-real-estate-jet-elementor\/\" \/>\n<meta property=\"og:locale\" content=\"es_ES\" \/>\n<meta property=\"og:type\" content=\"article\" \/>\n<meta property=\"og:title\" content=\"Appartamo \u2013 Real Estate \u2013 Jet Elementor\" \/>\n<meta property=\"og:description\" content=\"Launch your real estate site quickly with Appartamo, a Jet Elementor template kit. Import 1 landing page layout for apartments, agencies, and property sales.\" \/>\n<meta property=\"og:url\" content=\"https:\/\/allwintheme.com\/es\/producto\/appartamo-real-estate-jet-elementor\/\" \/>\n<meta property=\"og:site_name\" content=\"AllWin Theme \u2013 Free WordPress Themes Download\" \/>\n<meta property=\"article:modified_time\" content=\"2025-10-13T12:58:50+00:00\" \/>\n<meta property=\"og:image\" content=\"https:\/\/allwintheme.com\/wp-content\/uploads\/2025\/10\/nr82zotd.png\" \/>\n\t<meta property=\"og:image:width\" content=\"768\" \/>\n\t<meta property=\"og:image:height\" content=\"482\" \/>\n\t<meta property=\"og:image:type\" content=\"image\/png\" \/>\n<meta name=\"twitter:card\" content=\"summary_large_image\" \/>\n<meta name=\"twitter:label1\" content=\"Tiempo estimado de lectura\" \/>\n\t<meta name=\"twitter:data1\" content=\"2 minutos\" \/>\n<script type=\"application\/ld+json\" class=\"yoast-schema-graph\">{\"@context\":\"https:\/\/schema.org\",\"@graph\":[{\"@type\":\"WebPage\",\"@id\":\"https:\/\/allwintheme.com\/product\/appartamo-real-estate-jet-elementor\/\",\"url\":\"https:\/\/allwintheme.com\/product\/appartamo-real-estate-jet-elementor\/\",\"name\":\"Appartamo \u2013 Real Estate \u2013 Jet Elementor - AllWin Theme \u2013 Free WordPress Themes Download\",\"isPartOf\":{\"@id\":\"https:\/\/allwintheme.com\/#website\"},\"primaryImageOfPage\":{\"@id\":\"https:\/\/allwintheme.com\/product\/appartamo-real-estate-jet-elementor\/#primaryimage\"},\"image\":{\"@id\":\"https:\/\/allwintheme.com\/product\/appartamo-real-estate-jet-elementor\/#primaryimage\"},\"thumbnailUrl\":\"https:\/\/allwintheme.com\/wp-content\/uploads\/2025\/10\/nr82zotd.png\",\"datePublished\":\"2025-10-13T12:56:43+00:00\",\"dateModified\":\"2025-10-13T12:58:50+00:00\",\"description\":\"Launch your real estate site quickly with Appartamo, a Jet Elementor template kit. Import 1 landing page layout for apartments, agencies, and property sales.\",\"breadcrumb\":{\"@id\":\"https:\/\/allwintheme.com\/product\/appartamo-real-estate-jet-elementor\/#breadcrumb\"},\"inLanguage\":\"es-CL\",\"potentialAction\":[{\"@type\":\"ReadAction\",\"target\":[\"https:\/\/allwintheme.com\/product\/appartamo-real-estate-jet-elementor\/\"]}]},{\"@type\":\"ImageObject\",\"inLanguage\":\"es-CL\",\"@id\":\"https:\/\/allwintheme.com\/product\/appartamo-real-estate-jet-elementor\/#primaryimage\",\"url\":\"https:\/\/allwintheme.com\/wp-content\/uploads\/2025\/10\/nr82zotd.png\",\"contentUrl\":\"https:\/\/allwintheme.com\/wp-content\/uploads\/2025\/10\/nr82zotd.png\",\"width\":768,\"height\":482,\"caption\":\"Appartamo \u2013 Real Estate \u2013 Jet Elementor\"},{\"@type\":\"BreadcrumbList\",\"@id\":\"https:\/\/allwintheme.com\/product\/appartamo-real-estate-jet-elementor\/#breadcrumb\",\"itemListElement\":[{\"@type\":\"ListItem\",\"position\":1,\"name\":\"Home\",\"item\":\"https:\/\/allwintheme.com\/\"},{\"@type\":\"ListItem\",\"position\":2,\"name\":\"Shop\",\"item\":\"https:\/\/allwintheme.com\/shop\/\"},{\"@type\":\"ListItem\",\"position\":3,\"name\":\"Appartamo \u2013 Real Estate \u2013 Jet Elementor\"}]},{\"@type\":\"WebSite\",\"@id\":\"https:\/\/allwintheme.com\/#website\",\"url\":\"https:\/\/allwintheme.com\/\",\"name\":\"Allwintheme\",\"description\":\"Download free WordPress themes for every niche. Blogs, business, eCommerce, portfolio, restaurant and more. All themes are GPL licensed and mobile-ready.\",\"potentialAction\":[{\"@type\":\"SearchAction\",\"target\":{\"@type\":\"EntryPoint\",\"urlTemplate\":\"https:\/\/allwintheme.com\/?s={search_term_string}\"},\"query-input\":{\"@type\":\"PropertyValueSpecification\",\"valueRequired\":true,\"valueName\":\"search_term_string\"}}],\"inLanguage\":\"es-CL\"}]}<\/script>\n<!-- \/ Yoast SEO Premium plugin. -->","yoast_head_json":{"title":"Appartamo \u2013 Real Estate \u2013 Jet Elementor - AllWin Theme \u2013 Free WordPress Themes Download","description":"Lance su sitio inmobiliario r\u00e1pidamente con Appartamo, un kit de plantillas Jet Elementor. Importa 1 dise\u00f1o de p\u00e1gina de aterrizaje para apartamentos, agencias y venta de propiedades.","robots":{"index":"index","follow":"follow","max-snippet":"max-snippet:-1","max-image-preview":"max-image-preview:large","max-video-preview":"max-video-preview:-1"},"canonical":"https:\/\/allwintheme.com\/es\/producto\/appartamo-real-estate-jet-elementor\/","og_locale":"es_ES","og_type":"article","og_title":"Appartamo \u2013 Real Estate \u2013 Jet Elementor","og_description":"Launch your real estate site quickly with Appartamo, a Jet Elementor template kit. Import 1 landing page layout for apartments, agencies, and property sales.","og_url":"https:\/\/allwintheme.com\/es\/producto\/appartamo-real-estate-jet-elementor\/","og_site_name":"AllWin Theme \u2013 Free WordPress Themes Download","article_modified_time":"2025-10-13T12:58:50+00:00","og_image":[{"width":768,"height":482,"url":"https:\/\/allwintheme.com\/wp-content\/uploads\/2025\/10\/nr82zotd.png","type":"image\/png"}],"twitter_card":"summary_large_image","twitter_misc":{"Tiempo estimado de lectura":"2 minutos"},"schema":{"@context":"https:\/\/schema.org","@graph":[{"@type":"WebPage","@id":"https:\/\/allwintheme.com\/product\/appartamo-real-estate-jet-elementor\/","url":"https:\/\/allwintheme.com\/product\/appartamo-real-estate-jet-elementor\/","name":"Appartamo \u2013 Real Estate \u2013 Jet Elementor - AllWin Theme \u2013 Free WordPress Themes Download","isPartOf":{"@id":"https:\/\/allwintheme.com\/#website"},"primaryImageOfPage":{"@id":"https:\/\/allwintheme.com\/product\/appartamo-real-estate-jet-elementor\/#primaryimage"},"image":{"@id":"https:\/\/allwintheme.com\/product\/appartamo-real-estate-jet-elementor\/#primaryimage"},"thumbnailUrl":"https:\/\/allwintheme.com\/wp-content\/uploads\/2025\/10\/nr82zotd.png","datePublished":"2025-10-13T12:56:43+00:00","dateModified":"2025-10-13T12:58:50+00:00","description":"Lance su sitio inmobiliario r\u00e1pidamente con Appartamo, un kit de plantillas Jet Elementor. Importa 1 dise\u00f1o de p\u00e1gina de aterrizaje para apartamentos, agencias y venta de propiedades.","breadcrumb":{"@id":"https:\/\/allwintheme.com\/product\/appartamo-real-estate-jet-elementor\/#breadcrumb"},"inLanguage":"es-CL","potentialAction":[{"@type":"ReadAction","target":["https:\/\/allwintheme.com\/product\/appartamo-real-estate-jet-elementor\/"]}]},{"@type":"ImageObject","inLanguage":"es-CL","@id":"https:\/\/allwintheme.com\/product\/appartamo-real-estate-jet-elementor\/#primaryimage","url":"https:\/\/allwintheme.com\/wp-content\/uploads\/2025\/10\/nr82zotd.png","contentUrl":"https:\/\/allwintheme.com\/wp-content\/uploads\/2025\/10\/nr82zotd.png","width":768,"height":482,"caption":"Appartamo \u2013 Real Estate \u2013 Jet Elementor"},{"@type":"BreadcrumbList","@id":"https:\/\/allwintheme.com\/product\/appartamo-real-estate-jet-elementor\/#breadcrumb","itemListElement":[{"@type":"ListItem","position":1,"name":"Home","item":"https:\/\/allwintheme.com\/"},{"@type":"ListItem","position":2,"name":"Shop","item":"https:\/\/allwintheme.com\/shop\/"},{"@type":"ListItem","position":3,"name":"Appartamo \u2013 Real Estate \u2013 Jet Elementor"}]},{"@type":"WebSite","@id":"https:\/\/allwintheme.com\/#website","url":"https:\/\/allwintheme.com\/","name":"Allwintheme","description":"Descarga gratis temas de WordPress para todos los nichos. Blogs, negocios, comercio electr\u00f3nico, portafolio, restaurante y m\u00e1s. Todos los temas tienen licencia GPL y est\u00e1n preparados para dispositivos m\u00f3viles.","potentialAction":[{"@type":"SearchAction","target":{"@type":"EntryPoint","urlTemplate":"https:\/\/allwintheme.com\/?s={search_term_string}"},"query-input":{"@type":"PropertyValueSpecification","valueRequired":true,"valueName":"search_term_string"}}],"inLanguage":"es-CL"}]}},"_links":{"self":[{"href":"https:\/\/allwintheme.com\/es\/wp-json\/wp\/v2\/product\/10472","targetHints":{"allow":["GET"]}}],"collection":[{"href":"https:\/\/allwintheme.com\/es\/wp-json\/wp\/v2\/product"}],"about":[{"href":"https:\/\/allwintheme.com\/es\/wp-json\/wp\/v2\/types\/product"}],"replies":[{"embeddable":true,"href":"https:\/\/allwintheme.com\/es\/wp-json\/wp\/v2\/comments?post=10472"}],"version-history":[{"count":5,"href":"https:\/\/allwintheme.com\/es\/wp-json\/wp\/v2\/product\/10472\/revisions"}],"predecessor-version":[{"id":10477,"href":"https:\/\/allwintheme.com\/es\/wp-json\/wp\/v2\/product\/10472\/revisions\/10477"}],"wp:featuredmedia":[{"embeddable":true,"href":"https:\/\/allwintheme.com\/es\/wp-json\/wp\/v2\/media\/10327"}],"wp:attachment":[{"href":"https:\/\/allwintheme.com\/es\/wp-json\/wp\/v2\/media?parent=10472"}],"wp:term":[{"taxonomy":"product_brand","embeddable":true,"href":"https:\/\/allwintheme.com\/es\/wp-json\/wp\/v2\/product_brand?post=10472"},{"taxonomy":"product_cat","embeddable":true,"href":"https:\/\/allwintheme.com\/es\/wp-json\/wp\/v2\/product_cat?post=10472"},{"taxonomy":"product_tag","embeddable":true,"href":"https:\/\/allwintheme.com\/es\/wp-json\/wp\/v2\/product_tag?post=10472"}],"curies":[{"name":"wp","href":"https:\/\/api.w.org\/{rel}","templated":true}]}}