{"id":10478,"date":"2025-10-13T12:59:17","date_gmt":"2025-10-13T12:59:17","guid":{"rendered":"https:\/\/allwintheme.com\/?post_type=product&#038;p=10478"},"modified":"2025-10-13T13:19:12","modified_gmt":"2025-10-13T13:19:12","slug":"nusapp-saas-startup-business-elementor-template","status":"publish","type":"product","link":"https:\/\/allwintheme.com\/es\/producto\/nusapp-saas-startup-business-elementor-template\/","title":{"rendered":"Nusapp - SaaS Startup &amp; Business Plantilla Elementor"},"content":{"rendered":"<div data-elementor-type=\"wp-post\" data-elementor-id=\"10478\" class=\"elementor elementor-10478\" data-elementor-settings=\"{&quot;element_pack_global_tooltip_width&quot;:{&quot;unit&quot;:&quot;px&quot;,&quot;size&quot;:&quot;&quot;,&quot;sizes&quot;:[]},&quot;element_pack_global_tooltip_width_tablet&quot;:{&quot;unit&quot;:&quot;px&quot;,&quot;size&quot;:&quot;&quot;,&quot;sizes&quot;:[]},&quot;element_pack_global_tooltip_width_mobile&quot;:{&quot;unit&quot;:&quot;px&quot;,&quot;size&quot;:&quot;&quot;,&quot;sizes&quot;:[]},&quot;element_pack_global_tooltip_padding&quot;:{&quot;unit&quot;:&quot;px&quot;,&quot;top&quot;:&quot;&quot;,&quot;right&quot;:&quot;&quot;,&quot;bottom&quot;:&quot;&quot;,&quot;left&quot;:&quot;&quot;,&quot;isLinked&quot;:true},&quot;element_pack_global_tooltip_padding_tablet&quot;:{&quot;unit&quot;:&quot;px&quot;,&quot;top&quot;:&quot;&quot;,&quot;right&quot;:&quot;&quot;,&quot;bottom&quot;:&quot;&quot;,&quot;left&quot;:&quot;&quot;,&quot;isLinked&quot;:true},&quot;element_pack_global_tooltip_padding_mobile&quot;:{&quot;unit&quot;:&quot;px&quot;,&quot;top&quot;:&quot;&quot;,&quot;right&quot;:&quot;&quot;,&quot;bottom&quot;:&quot;&quot;,&quot;left&quot;:&quot;&quot;,&quot;isLinked&quot;:true},&quot;element_pack_global_tooltip_border_radius&quot;:{&quot;unit&quot;:&quot;px&quot;,&quot;top&quot;:&quot;&quot;,&quot;right&quot;:&quot;&quot;,&quot;bottom&quot;:&quot;&quot;,&quot;left&quot;:&quot;&quot;,&quot;isLinked&quot;:true},&quot;element_pack_global_tooltip_border_radius_tablet&quot;:{&quot;unit&quot;:&quot;px&quot;,&quot;top&quot;:&quot;&quot;,&quot;right&quot;:&quot;&quot;,&quot;bottom&quot;:&quot;&quot;,&quot;left&quot;:&quot;&quot;,&quot;isLinked&quot;:true},&quot;element_pack_global_tooltip_border_radius_mobile&quot;:{&quot;unit&quot;:&quot;px&quot;,&quot;top&quot;:&quot;&quot;,&quot;right&quot;:&quot;&quot;,&quot;bottom&quot;:&quot;&quot;,&quot;left&quot;:&quot;&quot;,&quot;isLinked&quot;:true}}\" data-elementor-post-type=\"product\">\n\t\t\t\t<div class=\"elementor-element elementor-element-93aa4a8 e-con-full e-flex e-con e-parent\" data-id=\"93aa4a8\" data-element_type=\"container\" data-e-type=\"container\">\n\t\t\t\t<div class=\"elementor-element elementor-element-2c3f760 miaoshu elementor-widget elementor-widget-wd_text_block\" data-id=\"2c3f760\" data-element_type=\"widget\" data-e-type=\"widget\" data-widget_type=\"wd_text_block.default\">\n\t\t\t\t<div class=\"elementor-widget-container\">\n\t\t\t\t\t\t\t<div class=\"wd-text-block reset-last-child text-left\">\n\t\t\t\n\t\t\t<h2>Nusapp: Moderno kit de plantillas Elementor para SaaS y Startups<\/h2>\n<p>En <strong>Nusapp Kit de plantillas Elementor<\/strong> ofrece un dise\u00f1o elegante y contempor\u00e1neo espec\u00edfico para plataformas SaaS, startups y sitios web empresariales. Por ejemplo, los desarrolladores y las agencias crean activamente sitios profesionales para servicios de software, aplicaciones m\u00f3viles o agencias digitales con este kit. De este modo, se crean atractivas presencias en l\u00ednea que convierten a los visitantes en clientes con el m\u00ednimo esfuerzo.<grok-card data-id=\"d46233\" data-type=\"citation_card\"><\/grok-card><\/p>\n\n<h3>Dise\u00f1o sin esfuerzo con p\u00e1ginas preconstruidas<\/h3>\n<p>Con Nusapp, puedes importar y personalizar 10 p\u00e1ginas listas para usar directamente en Elementor. Adem\u00e1s, este kit est\u00e1 optimizado para el tema gratuito Hello Elementor, aunque se integra sin problemas con la mayor\u00eda de los temas compatibles con Elementor. Como resultado, podr\u00e1s crear sitios web adaptables y aptos para dispositivos m\u00f3viles sin tener que empezar desde cero.<grok-card data-id=\"cd4da5\" data-type=\"citation_card\"><\/grok-card><\/p>\n\n<h3>Principales caracter\u00edsticas y ventajas<\/h3>\n<ul>\n    <li><strong>10 P\u00e1ginas Esenciales:<\/strong> Incluye Inicio, Acerca de, Caracter\u00edsticas, Inicio de sesi\u00f3n, Carrera, Detalle de carrera, FAQ, Precios, Equipo y Contacto para una cobertura completa del sitio.<\/li>\n    <li><strong>Plantillas de encabezado y pie de p\u00e1gina:<\/strong> Utilice Elementor Pro para personalizar elementos globales y mantener la coherencia de la marca en todas las p\u00e1ginas.<\/li>\n    <li><strong>Dise\u00f1o totalmente adaptable:<\/strong> Garantiza que su sitio de SaaS o startup tenga un aspecto impresionante en ordenadores de sobremesa, tabletas y m\u00f3viles.<\/li>\n    <li><strong>F\u00e1cil proceso de importaci\u00f3n:<\/strong> Activa el plugin Envato Elements e importa el archivo zip del kit para acceder al instante a las plantillas.<\/li>\n    <li><strong>Vers\u00e1til para m\u00faltiples usos:<\/strong> Perfecto para agencias, desarrolladores de aplicaciones, portafolios o cualquier servicio relacionado con la tecnolog\u00eda.<\/li>\n<\/ul>\n\n<h3>Agilice la creaci\u00f3n de su sitio web SaaS<\/h3>\n<p>Nusapp simplifica la creaci\u00f3n de sitios para empresarios y equipos muy ocupados. Por ejemplo, si promociona soluciones de software o servicios para startups, este kit ofrece dise\u00f1os limpios y herramientas de edici\u00f3n intuitivas. De este modo, podr\u00e1 centrarse en su negocio y obtener resultados pulidos y profesionales que destaquen en mercados competitivos.<grok-card data-id=\"326b23\" data-type=\"citation_card\"><\/grok-card><\/p>\n\n<h3>Empieza a construir con Nusapp hoy mismo<\/h3>\n<p>Mejore su presencia en Internet con el <strong>Nusapp SaaS Startup &amp; Business Elementor Template Kit<\/strong>. Combinando una est\u00e9tica moderna con una potente personalizaci\u00f3n, podr\u00e1 crear sitios que impulsen el crecimiento. Desc\u00e1rguelo e imp\u00f3rtelo ahora para transformar su visi\u00f3n en un sitio web de alto rendimiento.<\/p>\n\t\t\t\t\t<\/div>\n\t\t\t\t\t\t<\/div>\n\t\t\t\t<\/div>\n\t\t\t\t<\/div>\n\t\t\t\t<\/div>","protected":false},"excerpt":{"rendered":"<p>Nusapp: Modern Elementor Template Kit for SaaS &amp; Startups The Nusapp Elementor Template Kit delivers a sleek, contemporary design specifically<\/p>","protected":false},"featured_media":10359,"comment_status":"open","ping_status":"closed","template":"","meta":{"_acf_changed":false},"product_brand":[],"product_cat":[50],"product_tag":[],"class_list":{"0":"post-10478","1":"product","2":"type-product","3":"status-publish","4":"has-post-thumbnail","6":"product_cat-template-kits","8":"first","9":"instock","10":"sale","11":"downloadable","12":"shipping-taxable","13":"purchasable","14":"product-type-simple"},"acf":[],"yoast_head":"<!-- This site is optimized with the Yoast SEO Premium plugin v25.6 (Yoast SEO v27.1.1) - https:\/\/yoast.com\/product\/yoast-seo-premium-wordpress\/ -->\n<title>Nusapp \u2013 SaaS Startup &amp; Business Elementor Template - AllWin Theme \u2013 Free WordPress Themes Download<\/title>\n<meta name=\"description\" content=\"Launch your SaaS or startup site with Nusapp&#039;s modern Elementor template kit. Features 10 customizable pages for agencies, apps, and businesses.\" \/>\n<meta name=\"robots\" content=\"index, follow, max-snippet:-1, max-image-preview:large, max-video-preview:-1\" \/>\n<link rel=\"canonical\" href=\"https:\/\/allwintheme.com\/es\/producto\/nusapp-saas-startup-business-elementor-template\/\" \/>\n<meta property=\"og:locale\" content=\"es_ES\" \/>\n<meta property=\"og:type\" content=\"article\" \/>\n<meta property=\"og:title\" content=\"Nusapp \u2013 SaaS Startup &amp; Business Elementor Template\" \/>\n<meta property=\"og:description\" content=\"Launch your SaaS or startup site with Nusapp&#039;s modern Elementor template kit. Features 10 customizable pages for agencies, apps, and businesses.\" \/>\n<meta property=\"og:url\" content=\"https:\/\/allwintheme.com\/es\/producto\/nusapp-saas-startup-business-elementor-template\/\" \/>\n<meta property=\"og:site_name\" content=\"AllWin Theme \u2013 Free WordPress Themes Download\" \/>\n<meta property=\"article:modified_time\" content=\"2025-10-13T13:19:12+00:00\" \/>\n<meta property=\"og:image\" content=\"https:\/\/allwintheme.com\/wp-content\/uploads\/2025\/10\/9ja3mfcs.png\" \/>\n\t<meta property=\"og:image:width\" content=\"768\" \/>\n\t<meta property=\"og:image:height\" content=\"468\" \/>\n\t<meta property=\"og:image:type\" content=\"image\/png\" \/>\n<meta name=\"twitter:card\" content=\"summary_large_image\" \/>\n<meta name=\"twitter:label1\" content=\"Tiempo estimado de lectura\" \/>\n\t<meta name=\"twitter:data1\" content=\"2 minutos\" \/>\n<script type=\"application\/ld+json\" class=\"yoast-schema-graph\">{\"@context\":\"https:\/\/schema.org\",\"@graph\":[{\"@type\":\"WebPage\",\"@id\":\"https:\/\/allwintheme.com\/product\/nusapp-saas-startup-business-elementor-template\/\",\"url\":\"https:\/\/allwintheme.com\/product\/nusapp-saas-startup-business-elementor-template\/\",\"name\":\"Nusapp \u2013 SaaS Startup & Business Elementor Template - AllWin Theme \u2013 Free WordPress Themes Download\",\"isPartOf\":{\"@id\":\"https:\/\/allwintheme.com\/#website\"},\"primaryImageOfPage\":{\"@id\":\"https:\/\/allwintheme.com\/product\/nusapp-saas-startup-business-elementor-template\/#primaryimage\"},\"image\":{\"@id\":\"https:\/\/allwintheme.com\/product\/nusapp-saas-startup-business-elementor-template\/#primaryimage\"},\"thumbnailUrl\":\"https:\/\/allwintheme.com\/wp-content\/uploads\/2025\/10\/9ja3mfcs.png\",\"datePublished\":\"2025-10-13T12:59:17+00:00\",\"dateModified\":\"2025-10-13T13:19:12+00:00\",\"description\":\"Launch your SaaS or startup site with Nusapp's modern Elementor template kit. Features 10 customizable pages for agencies, apps, and businesses.\",\"breadcrumb\":{\"@id\":\"https:\/\/allwintheme.com\/product\/nusapp-saas-startup-business-elementor-template\/#breadcrumb\"},\"inLanguage\":\"es-CL\",\"potentialAction\":[{\"@type\":\"ReadAction\",\"target\":[\"https:\/\/allwintheme.com\/product\/nusapp-saas-startup-business-elementor-template\/\"]}]},{\"@type\":\"ImageObject\",\"inLanguage\":\"es-CL\",\"@id\":\"https:\/\/allwintheme.com\/product\/nusapp-saas-startup-business-elementor-template\/#primaryimage\",\"url\":\"https:\/\/allwintheme.com\/wp-content\/uploads\/2025\/10\/9ja3mfcs.png\",\"contentUrl\":\"https:\/\/allwintheme.com\/wp-content\/uploads\/2025\/10\/9ja3mfcs.png\",\"width\":768,\"height\":468,\"caption\":\"Nusapp \u2013 SaaS Startup & Business Elementor Template\"},{\"@type\":\"BreadcrumbList\",\"@id\":\"https:\/\/allwintheme.com\/product\/nusapp-saas-startup-business-elementor-template\/#breadcrumb\",\"itemListElement\":[{\"@type\":\"ListItem\",\"position\":1,\"name\":\"Home\",\"item\":\"https:\/\/allwintheme.com\/\"},{\"@type\":\"ListItem\",\"position\":2,\"name\":\"Shop\",\"item\":\"https:\/\/allwintheme.com\/shop\/\"},{\"@type\":\"ListItem\",\"position\":3,\"name\":\"Nusapp \u2013 SaaS Startup &#038; Business Elementor Template\"}]},{\"@type\":\"WebSite\",\"@id\":\"https:\/\/allwintheme.com\/#website\",\"url\":\"https:\/\/allwintheme.com\/\",\"name\":\"Allwintheme\",\"description\":\"Download free WordPress themes for every niche. Blogs, business, eCommerce, portfolio, restaurant and more. All themes are GPL licensed and mobile-ready.\",\"potentialAction\":[{\"@type\":\"SearchAction\",\"target\":{\"@type\":\"EntryPoint\",\"urlTemplate\":\"https:\/\/allwintheme.com\/?s={search_term_string}\"},\"query-input\":{\"@type\":\"PropertyValueSpecification\",\"valueRequired\":true,\"valueName\":\"search_term_string\"}}],\"inLanguage\":\"es-CL\"}]}<\/script>\n<!-- \/ Yoast SEO Premium plugin. -->","yoast_head_json":{"title":"Nusapp \u2013 SaaS Startup & Business Elementor Template - AllWin Theme \u2013 Free WordPress Themes Download","description":"Lanza tu sitio SaaS o startup con el moderno kit de plantillas Elementor de Nusapp. Incluye 10 p\u00e1ginas personalizables para agencias, aplicaciones y empresas.","robots":{"index":"index","follow":"follow","max-snippet":"max-snippet:-1","max-image-preview":"max-image-preview:large","max-video-preview":"max-video-preview:-1"},"canonical":"https:\/\/allwintheme.com\/es\/producto\/nusapp-saas-startup-business-elementor-template\/","og_locale":"es_ES","og_type":"article","og_title":"Nusapp \u2013 SaaS Startup & Business Elementor Template","og_description":"Launch your SaaS or startup site with Nusapp's modern Elementor template kit. Features 10 customizable pages for agencies, apps, and businesses.","og_url":"https:\/\/allwintheme.com\/es\/producto\/nusapp-saas-startup-business-elementor-template\/","og_site_name":"AllWin Theme \u2013 Free WordPress Themes Download","article_modified_time":"2025-10-13T13:19:12+00:00","og_image":[{"width":768,"height":468,"url":"https:\/\/allwintheme.com\/wp-content\/uploads\/2025\/10\/9ja3mfcs.png","type":"image\/png"}],"twitter_card":"summary_large_image","twitter_misc":{"Tiempo estimado de lectura":"2 minutos"},"schema":{"@context":"https:\/\/schema.org","@graph":[{"@type":"WebPage","@id":"https:\/\/allwintheme.com\/product\/nusapp-saas-startup-business-elementor-template\/","url":"https:\/\/allwintheme.com\/product\/nusapp-saas-startup-business-elementor-template\/","name":"Nusapp \u2013 SaaS Startup & Business Elementor Template - AllWin Theme \u2013 Free WordPress Themes Download","isPartOf":{"@id":"https:\/\/allwintheme.com\/#website"},"primaryImageOfPage":{"@id":"https:\/\/allwintheme.com\/product\/nusapp-saas-startup-business-elementor-template\/#primaryimage"},"image":{"@id":"https:\/\/allwintheme.com\/product\/nusapp-saas-startup-business-elementor-template\/#primaryimage"},"thumbnailUrl":"https:\/\/allwintheme.com\/wp-content\/uploads\/2025\/10\/9ja3mfcs.png","datePublished":"2025-10-13T12:59:17+00:00","dateModified":"2025-10-13T13:19:12+00:00","description":"Lanza tu sitio SaaS o startup con el moderno kit de plantillas Elementor de Nusapp. Incluye 10 p\u00e1ginas personalizables para agencias, aplicaciones y empresas.","breadcrumb":{"@id":"https:\/\/allwintheme.com\/product\/nusapp-saas-startup-business-elementor-template\/#breadcrumb"},"inLanguage":"es-CL","potentialAction":[{"@type":"ReadAction","target":["https:\/\/allwintheme.com\/product\/nusapp-saas-startup-business-elementor-template\/"]}]},{"@type":"ImageObject","inLanguage":"es-CL","@id":"https:\/\/allwintheme.com\/product\/nusapp-saas-startup-business-elementor-template\/#primaryimage","url":"https:\/\/allwintheme.com\/wp-content\/uploads\/2025\/10\/9ja3mfcs.png","contentUrl":"https:\/\/allwintheme.com\/wp-content\/uploads\/2025\/10\/9ja3mfcs.png","width":768,"height":468,"caption":"Nusapp \u2013 SaaS Startup & Business Elementor Template"},{"@type":"BreadcrumbList","@id":"https:\/\/allwintheme.com\/product\/nusapp-saas-startup-business-elementor-template\/#breadcrumb","itemListElement":[{"@type":"ListItem","position":1,"name":"Home","item":"https:\/\/allwintheme.com\/"},{"@type":"ListItem","position":2,"name":"Shop","item":"https:\/\/allwintheme.com\/shop\/"},{"@type":"ListItem","position":3,"name":"Nusapp \u2013 SaaS Startup &#038; Business Elementor Template"}]},{"@type":"WebSite","@id":"https:\/\/allwintheme.com\/#website","url":"https:\/\/allwintheme.com\/","name":"Allwintheme","description":"Descarga gratis temas de WordPress para todos los nichos. Blogs, negocios, comercio electr\u00f3nico, portafolio, restaurante y m\u00e1s. Todos los temas tienen licencia GPL y est\u00e1n preparados para dispositivos m\u00f3viles.","potentialAction":[{"@type":"SearchAction","target":{"@type":"EntryPoint","urlTemplate":"https:\/\/allwintheme.com\/?s={search_term_string}"},"query-input":{"@type":"PropertyValueSpecification","valueRequired":true,"valueName":"search_term_string"}}],"inLanguage":"es-CL"}]}},"_links":{"self":[{"href":"https:\/\/allwintheme.com\/es\/wp-json\/wp\/v2\/product\/10478","targetHints":{"allow":["GET"]}}],"collection":[{"href":"https:\/\/allwintheme.com\/es\/wp-json\/wp\/v2\/product"}],"about":[{"href":"https:\/\/allwintheme.com\/es\/wp-json\/wp\/v2\/types\/product"}],"replies":[{"embeddable":true,"href":"https:\/\/allwintheme.com\/es\/wp-json\/wp\/v2\/comments?post=10478"}],"version-history":[{"count":9,"href":"https:\/\/allwintheme.com\/es\/wp-json\/wp\/v2\/product\/10478\/revisions"}],"predecessor-version":[{"id":10487,"href":"https:\/\/allwintheme.com\/es\/wp-json\/wp\/v2\/product\/10478\/revisions\/10487"}],"wp:featuredmedia":[{"embeddable":true,"href":"https:\/\/allwintheme.com\/es\/wp-json\/wp\/v2\/media\/10359"}],"wp:attachment":[{"href":"https:\/\/allwintheme.com\/es\/wp-json\/wp\/v2\/media?parent=10478"}],"wp:term":[{"taxonomy":"product_brand","embeddable":true,"href":"https:\/\/allwintheme.com\/es\/wp-json\/wp\/v2\/product_brand?post=10478"},{"taxonomy":"product_cat","embeddable":true,"href":"https:\/\/allwintheme.com\/es\/wp-json\/wp\/v2\/product_cat?post=10478"},{"taxonomy":"product_tag","embeddable":true,"href":"https:\/\/allwintheme.com\/es\/wp-json\/wp\/v2\/product_tag?post=10478"}],"curies":[{"name":"wp","href":"https:\/\/api.w.org\/{rel}","templated":true}]}}