{"id":10548,"date":"2025-10-13T14:30:45","date_gmt":"2025-10-13T14:30:45","guid":{"rendered":"https:\/\/allwintheme.com\/?post_type=product&#038;p=10548"},"modified":"2025-10-14T06:38:55","modified_gmt":"2025-10-14T06:38:55","slug":"appraxx-app-landing-page-elementor-template-kit","status":"publish","type":"product","link":"https:\/\/allwintheme.com\/es\/producto\/appraxx-app-landing-page-elementor-template-kit\/","title":{"rendered":"AppRaxx - App Landing Page Elementor Template Kit"},"content":{"rendered":"<div data-elementor-type=\"wp-post\" data-elementor-id=\"10548\" class=\"elementor elementor-10548\" data-elementor-settings=\"{&quot;element_pack_global_tooltip_width&quot;:{&quot;unit&quot;:&quot;px&quot;,&quot;size&quot;:&quot;&quot;,&quot;sizes&quot;:[]},&quot;element_pack_global_tooltip_width_tablet&quot;:{&quot;unit&quot;:&quot;px&quot;,&quot;size&quot;:&quot;&quot;,&quot;sizes&quot;:[]},&quot;element_pack_global_tooltip_width_mobile&quot;:{&quot;unit&quot;:&quot;px&quot;,&quot;size&quot;:&quot;&quot;,&quot;sizes&quot;:[]},&quot;element_pack_global_tooltip_padding&quot;:{&quot;unit&quot;:&quot;px&quot;,&quot;top&quot;:&quot;&quot;,&quot;right&quot;:&quot;&quot;,&quot;bottom&quot;:&quot;&quot;,&quot;left&quot;:&quot;&quot;,&quot;isLinked&quot;:true},&quot;element_pack_global_tooltip_padding_tablet&quot;:{&quot;unit&quot;:&quot;px&quot;,&quot;top&quot;:&quot;&quot;,&quot;right&quot;:&quot;&quot;,&quot;bottom&quot;:&quot;&quot;,&quot;left&quot;:&quot;&quot;,&quot;isLinked&quot;:true},&quot;element_pack_global_tooltip_padding_mobile&quot;:{&quot;unit&quot;:&quot;px&quot;,&quot;top&quot;:&quot;&quot;,&quot;right&quot;:&quot;&quot;,&quot;bottom&quot;:&quot;&quot;,&quot;left&quot;:&quot;&quot;,&quot;isLinked&quot;:true},&quot;element_pack_global_tooltip_border_radius&quot;:{&quot;unit&quot;:&quot;px&quot;,&quot;top&quot;:&quot;&quot;,&quot;right&quot;:&quot;&quot;,&quot;bottom&quot;:&quot;&quot;,&quot;left&quot;:&quot;&quot;,&quot;isLinked&quot;:true},&quot;element_pack_global_tooltip_border_radius_tablet&quot;:{&quot;unit&quot;:&quot;px&quot;,&quot;top&quot;:&quot;&quot;,&quot;right&quot;:&quot;&quot;,&quot;bottom&quot;:&quot;&quot;,&quot;left&quot;:&quot;&quot;,&quot;isLinked&quot;:true},&quot;element_pack_global_tooltip_border_radius_mobile&quot;:{&quot;unit&quot;:&quot;px&quot;,&quot;top&quot;:&quot;&quot;,&quot;right&quot;:&quot;&quot;,&quot;bottom&quot;:&quot;&quot;,&quot;left&quot;:&quot;&quot;,&quot;isLinked&quot;:true}}\" data-elementor-post-type=\"product\">\n\t\t\t\t<div class=\"elementor-element elementor-element-93aa4a8 e-con-full e-flex e-con e-parent\" data-id=\"93aa4a8\" data-element_type=\"container\" data-e-type=\"container\">\n\t\t\t\t<div class=\"elementor-element elementor-element-2c3f760 miaoshu elementor-widget elementor-widget-wd_text_block\" data-id=\"2c3f760\" data-element_type=\"widget\" data-e-type=\"widget\" data-widget_type=\"wd_text_block.default\">\n\t\t\t\t<div class=\"elementor-widget-container\">\n\t\t\t\t\t\t\t<div class=\"wd-text-block reset-last-child text-left\">\n\t\t\t\n\t\t\t<h2>AppRaxx - App Landing Page Elementor Template Kit: Lanza tu aplicaci\u00f3n con estilo<\/h2>\n<p>En <strong>Kit de plantillas Elementor AppRaxx<\/strong> ofrece una impresionante colecci\u00f3n de p\u00e1ginas de marketing de aplicaciones adaptadas al constructor de p\u00e1ginas Elementor de WordPress. Por ejemplo, los desarrolladores y vendedores utilizan activamente estas plantillas para mostrar aplicaciones o servicios m\u00f3viles de forma inteligente y flexible. As\u00ed, podr\u00e1s promocionar desde juegos para iOS y Android hasta dise\u00f1os de interfaz de usuario con un toque profesional.<grok-card data-id=\"3cb2fe\" data-type=\"citation_card\"><\/grok-card><\/p>\n\n<h3>Dise\u00f1o sin esfuerzo para la promoci\u00f3n de aplicaciones<\/h3>\n<p>Con AppRaxx, podr\u00e1 crear r\u00e1pidamente p\u00e1ginas de destino atractivas con herramientas de arrastrar y soltar, sin necesidad de codificaci\u00f3n. Adem\u00e1s, el kit incluye plantillas potentes y \u00fanicas que destacan caracter\u00edsticas, carteras y llamadas a la acci\u00f3n. Como resultado, se crean sitios atractivos que convierten a los visitantes en descargas sin problemas.<grok-card data-id=\"cf2ef8\" data-type=\"citation_card\"><\/grok-card><\/p>\n\n<h3>Principales caracter\u00edsticas y ventajas<\/h3>\n<ul>\n    <li><strong>35 plantillas premium:<\/strong> Acceda a un conjunto completo de p\u00e1ginas predise\u00f1adas, incluidos 5 estilos de p\u00e1gina de inicio \u00fanicos y 4 dise\u00f1os de portafolio.<\/li>\n    <li><strong>No se necesitan plugins profesionales:<\/strong> Se basa en herramientas gratuitas de WordPress.org como ElementsKit Lite y Stax para una configuraci\u00f3n instant\u00e1nea.<grok-card data-id=\"2481d6\" data-type=\"citation_card\"><\/grok-card><\/li>\n    <li><strong>Dise\u00f1o totalmente adaptable:<\/strong> Garantiza que las p\u00e1ginas de su aplicaci\u00f3n se vean con nitidez en ordenadores de sobremesa, tabletas y m\u00f3viles.<\/li>\n    <li><strong>17 secciones vers\u00e1tiles:<\/strong> Personalice encabezados, pies de p\u00e1gina, caracter\u00edsticas y mucho m\u00e1s para que se adapten perfectamente a su marca.<\/li>\n    <li><strong>F\u00e1cil proceso de importaci\u00f3n:<\/strong> Inst\u00e1lalo a trav\u00e9s del plugin Envato Elements e importa kits con s\u00f3lo unos clics.<\/li>\n<\/ul>\n\n<h3>Racionalice el flujo de trabajo de lanzamiento de su aplicaci\u00f3n<\/h3>\n<p>AppRaxx simplifica la presentaci\u00f3n de su aplicaci\u00f3n m\u00f3vil o servicio SaaS. Por ejemplo, si desarrollas juegos o aplicaciones, estas plantillas gestionan las p\u00e1ginas de marketing sin esfuerzo. Por lo tanto, usted se centra en la innovaci\u00f3n mientras que el kit gestiona los elementos visuales, lo que en \u00faltima instancia aumenta la visibilidad y las descargas de su aplicaci\u00f3n.<grok-card data-id=\"fb47e2\" data-type=\"citation_card\"><\/grok-card><\/p>\n\n<h3>Empiece hoy mismo a crear la p\u00e1gina de destino de su aplicaci\u00f3n<\/h3>\n<p>Mejore la promoci\u00f3n de su aplicaci\u00f3n con <strong>AppRaxx - App Landing Page Elementor Template Kit<\/strong>. Combinando dise\u00f1os limpios y modernos con una personalizaci\u00f3n flexible, podr\u00e1s crear p\u00e1ginas de destino que cautiven al p\u00fablico. Desc\u00e1rgalo ahora y transforma tu sitio WordPress en un potente escaparate de aplicaciones.<\/p>\n\t\t\t\t\t<\/div>\n\t\t\t\t\t\t<\/div>\n\t\t\t\t<\/div>\n\t\t\t\t<\/div>\n\t\t<div class=\"wd-negative-gap elementor-element elementor-element-97ca673 e-flex e-con-boxed e-con e-parent\" data-id=\"97ca673\" data-element_type=\"container\" data-e-type=\"container\">\n\t\t\t\t\t<div class=\"e-con-inner\">\n\t\t\t\t<div class=\"elementor-element elementor-element-f40185d elementor-widget elementor-widget-wd_text_block\" data-id=\"f40185d\" data-element_type=\"widget\" data-e-type=\"widget\" data-widget_type=\"wd_text_block.default\">\n\t\t\t\t<div class=\"elementor-widget-container\">\n\t\t\t\t\t\t\t<div class=\"wd-text-block reset-last-child text-left\">\n\t\t\t\n\t\t\t<h1 class=\"elementor-heading-title elementor-size-default\">AppRaxx - App Landing Page Plantilla Elementor<\/h1>\n\t\t\t\t\t<\/div>\n\t\t\t\t\t\t<\/div>\n\t\t\t\t<\/div>\n\t\t\t\t\t<\/div>\n\t\t\t\t<\/div>\n\t\t<div class=\"wd-negative-gap elementor-element elementor-element-024b6af e-flex e-con-boxed e-con e-parent\" data-id=\"024b6af\" data-element_type=\"container\" data-e-type=\"container\">\n\t\t\t\t\t<div class=\"e-con-inner\">\n\t\t\t\t<div class=\"elementor-element elementor-element-db2d81d elementor-widget elementor-widget-video\" data-id=\"db2d81d\" data-element_type=\"widget\" data-e-type=\"widget\" data-settings=\"{&quot;youtube_url&quot;:&quot;https:\\\/\\\/www.youtube.com\\\/watch?v=Tx7yiW7XS_o&quot;,&quot;video_type&quot;:&quot;youtube&quot;,&quot;controls&quot;:&quot;yes&quot;}\" data-widget_type=\"video.default\">\n\t\t\t\t\t\t\t<div class=\"elementor-wrapper elementor-open-inline\">\n\t\t\t<div class=\"elementor-video\"><\/div>\t\t<\/div>\n\t\t\t\t\t\t<\/div>\n\t\t\t\t\t<\/div>\n\t\t\t\t<\/div>\n\t\t\t\t<\/div>","protected":false},"excerpt":{"rendered":"<p>AppRaxx \u2013 App Landing Page Elementor Template Kit: Launch Your App in Style The AppRaxx Elementor Template Kit delivers a<\/p>","protected":false},"featured_media":10367,"comment_status":"open","ping_status":"closed","template":"","meta":{"_acf_changed":false},"product_brand":[],"product_cat":[50],"product_tag":[],"class_list":{"0":"post-10548","1":"product","2":"type-product","3":"status-publish","4":"has-post-thumbnail","6":"product_cat-template-kits","8":"first","9":"instock","10":"sale","11":"downloadable","12":"shipping-taxable","13":"purchasable","14":"product-type-simple"},"acf":[],"yoast_head":"<!-- This site is optimized with the Yoast SEO Premium plugin v25.6 (Yoast SEO v27.1.1) - https:\/\/yoast.com\/product\/yoast-seo-premium-wordpress\/ -->\n<title>AppRaxx \u2013 App Landing Page Elementor Template Kit - AllWin Theme \u2013 Free WordPress Themes Download<\/title>\n<meta name=\"description\" content=\"Showcase your mobile app with AppRaxx Elementor Template Kit. Features 35 stunning templates, 5 unique homepages, and easy drag-and-drop setup for iOS\/Android promotion.\" \/>\n<meta name=\"robots\" content=\"index, follow, max-snippet:-1, max-image-preview:large, max-video-preview:-1\" \/>\n<link rel=\"canonical\" href=\"https:\/\/allwintheme.com\/es\/producto\/appraxx-app-landing-page-elementor-template-kit\/\" \/>\n<meta property=\"og:locale\" content=\"es_ES\" \/>\n<meta property=\"og:type\" content=\"article\" \/>\n<meta property=\"og:title\" content=\"AppRaxx \u2013 App Landing Page Elementor Template Kit\" \/>\n<meta property=\"og:description\" content=\"Showcase your mobile app with AppRaxx Elementor Template Kit. Features 35 stunning templates, 5 unique homepages, and easy drag-and-drop setup for iOS\/Android promotion.\" \/>\n<meta property=\"og:url\" content=\"https:\/\/allwintheme.com\/es\/producto\/appraxx-app-landing-page-elementor-template-kit\/\" \/>\n<meta property=\"og:site_name\" content=\"AllWin Theme \u2013 Free WordPress Themes Download\" \/>\n<meta property=\"article:modified_time\" content=\"2025-10-14T06:38:55+00:00\" \/>\n<meta property=\"og:image\" content=\"https:\/\/allwintheme.com\/wp-content\/uploads\/2025\/10\/o1henru2.png\" \/>\n\t<meta property=\"og:image:width\" content=\"768\" \/>\n\t<meta property=\"og:image:height\" content=\"438\" \/>\n\t<meta property=\"og:image:type\" content=\"image\/png\" \/>\n<meta name=\"twitter:card\" content=\"summary_large_image\" \/>\n<meta name=\"twitter:label1\" content=\"Tiempo estimado de lectura\" \/>\n\t<meta name=\"twitter:data1\" content=\"2 minutos\" \/>\n<script type=\"application\/ld+json\" class=\"yoast-schema-graph\">{\"@context\":\"https:\/\/schema.org\",\"@graph\":[{\"@type\":\"WebPage\",\"@id\":\"https:\/\/allwintheme.com\/product\/appraxx-app-landing-page-elementor-template-kit\/\",\"url\":\"https:\/\/allwintheme.com\/product\/appraxx-app-landing-page-elementor-template-kit\/\",\"name\":\"AppRaxx \u2013 App Landing Page Elementor Template Kit - AllWin Theme \u2013 Free WordPress Themes Download\",\"isPartOf\":{\"@id\":\"https:\/\/allwintheme.com\/#website\"},\"primaryImageOfPage\":{\"@id\":\"https:\/\/allwintheme.com\/product\/appraxx-app-landing-page-elementor-template-kit\/#primaryimage\"},\"image\":{\"@id\":\"https:\/\/allwintheme.com\/product\/appraxx-app-landing-page-elementor-template-kit\/#primaryimage\"},\"thumbnailUrl\":\"https:\/\/allwintheme.com\/wp-content\/uploads\/2025\/10\/o1henru2.png\",\"datePublished\":\"2025-10-13T14:30:45+00:00\",\"dateModified\":\"2025-10-14T06:38:55+00:00\",\"description\":\"Showcase your mobile app with AppRaxx Elementor Template Kit. Features 35 stunning templates, 5 unique homepages, and easy drag-and-drop setup for iOS\/Android promotion.\",\"breadcrumb\":{\"@id\":\"https:\/\/allwintheme.com\/product\/appraxx-app-landing-page-elementor-template-kit\/#breadcrumb\"},\"inLanguage\":\"es-CL\",\"potentialAction\":[{\"@type\":\"ReadAction\",\"target\":[\"https:\/\/allwintheme.com\/product\/appraxx-app-landing-page-elementor-template-kit\/\"]}]},{\"@type\":\"ImageObject\",\"inLanguage\":\"es-CL\",\"@id\":\"https:\/\/allwintheme.com\/product\/appraxx-app-landing-page-elementor-template-kit\/#primaryimage\",\"url\":\"https:\/\/allwintheme.com\/wp-content\/uploads\/2025\/10\/o1henru2.png\",\"contentUrl\":\"https:\/\/allwintheme.com\/wp-content\/uploads\/2025\/10\/o1henru2.png\",\"width\":768,\"height\":438,\"caption\":\"AppRaxx \u2013 App Landing Page Elementor Template\"},{\"@type\":\"BreadcrumbList\",\"@id\":\"https:\/\/allwintheme.com\/product\/appraxx-app-landing-page-elementor-template-kit\/#breadcrumb\",\"itemListElement\":[{\"@type\":\"ListItem\",\"position\":1,\"name\":\"Home\",\"item\":\"https:\/\/allwintheme.com\/\"},{\"@type\":\"ListItem\",\"position\":2,\"name\":\"Shop\",\"item\":\"https:\/\/allwintheme.com\/shop\/\"},{\"@type\":\"ListItem\",\"position\":3,\"name\":\"AppRaxx \u2013 App Landing Page Elementor Template Kit\"}]},{\"@type\":\"WebSite\",\"@id\":\"https:\/\/allwintheme.com\/#website\",\"url\":\"https:\/\/allwintheme.com\/\",\"name\":\"Allwintheme\",\"description\":\"Download free WordPress themes for every niche. Blogs, business, eCommerce, portfolio, restaurant and more. All themes are GPL licensed and mobile-ready.\",\"potentialAction\":[{\"@type\":\"SearchAction\",\"target\":{\"@type\":\"EntryPoint\",\"urlTemplate\":\"https:\/\/allwintheme.com\/?s={search_term_string}\"},\"query-input\":{\"@type\":\"PropertyValueSpecification\",\"valueRequired\":true,\"valueName\":\"search_term_string\"}}],\"inLanguage\":\"es-CL\"}]}<\/script>\n<!-- \/ Yoast SEO Premium plugin. -->","yoast_head_json":{"title":"AppRaxx - App Landing Page Elementor Template Kit - AllWin Theme - Free WordPress Themes Download","description":"Muestre su aplicaci\u00f3n m\u00f3vil con AppRaxx Elementor Template Kit. Cuenta con 35 impresionantes plantillas, 5 p\u00e1ginas de inicio \u00fanicas y una sencilla configuraci\u00f3n de arrastrar y soltar para la promoci\u00f3n de iOS\/Android.","robots":{"index":"index","follow":"follow","max-snippet":"max-snippet:-1","max-image-preview":"max-image-preview:large","max-video-preview":"max-video-preview:-1"},"canonical":"https:\/\/allwintheme.com\/es\/producto\/appraxx-app-landing-page-elementor-template-kit\/","og_locale":"es_ES","og_type":"article","og_title":"AppRaxx \u2013 App Landing Page Elementor Template Kit","og_description":"Showcase your mobile app with AppRaxx Elementor Template Kit. Features 35 stunning templates, 5 unique homepages, and easy drag-and-drop setup for iOS\/Android promotion.","og_url":"https:\/\/allwintheme.com\/es\/producto\/appraxx-app-landing-page-elementor-template-kit\/","og_site_name":"AllWin Theme \u2013 Free WordPress Themes Download","article_modified_time":"2025-10-14T06:38:55+00:00","og_image":[{"width":768,"height":438,"url":"https:\/\/allwintheme.com\/wp-content\/uploads\/2025\/10\/o1henru2.png","type":"image\/png"}],"twitter_card":"summary_large_image","twitter_misc":{"Tiempo estimado de lectura":"2 minutos"},"schema":{"@context":"https:\/\/schema.org","@graph":[{"@type":"WebPage","@id":"https:\/\/allwintheme.com\/product\/appraxx-app-landing-page-elementor-template-kit\/","url":"https:\/\/allwintheme.com\/product\/appraxx-app-landing-page-elementor-template-kit\/","name":"AppRaxx - App Landing Page Elementor Template Kit - AllWin Theme - Free WordPress Themes Download","isPartOf":{"@id":"https:\/\/allwintheme.com\/#website"},"primaryImageOfPage":{"@id":"https:\/\/allwintheme.com\/product\/appraxx-app-landing-page-elementor-template-kit\/#primaryimage"},"image":{"@id":"https:\/\/allwintheme.com\/product\/appraxx-app-landing-page-elementor-template-kit\/#primaryimage"},"thumbnailUrl":"https:\/\/allwintheme.com\/wp-content\/uploads\/2025\/10\/o1henru2.png","datePublished":"2025-10-13T14:30:45+00:00","dateModified":"2025-10-14T06:38:55+00:00","description":"Muestre su aplicaci\u00f3n m\u00f3vil con AppRaxx Elementor Template Kit. Cuenta con 35 impresionantes plantillas, 5 p\u00e1ginas de inicio \u00fanicas y una sencilla configuraci\u00f3n de arrastrar y soltar para la promoci\u00f3n de iOS\/Android.","breadcrumb":{"@id":"https:\/\/allwintheme.com\/product\/appraxx-app-landing-page-elementor-template-kit\/#breadcrumb"},"inLanguage":"es-CL","potentialAction":[{"@type":"ReadAction","target":["https:\/\/allwintheme.com\/product\/appraxx-app-landing-page-elementor-template-kit\/"]}]},{"@type":"ImageObject","inLanguage":"es-CL","@id":"https:\/\/allwintheme.com\/product\/appraxx-app-landing-page-elementor-template-kit\/#primaryimage","url":"https:\/\/allwintheme.com\/wp-content\/uploads\/2025\/10\/o1henru2.png","contentUrl":"https:\/\/allwintheme.com\/wp-content\/uploads\/2025\/10\/o1henru2.png","width":768,"height":438,"caption":"AppRaxx \u2013 App Landing Page Elementor Template"},{"@type":"BreadcrumbList","@id":"https:\/\/allwintheme.com\/product\/appraxx-app-landing-page-elementor-template-kit\/#breadcrumb","itemListElement":[{"@type":"ListItem","position":1,"name":"Home","item":"https:\/\/allwintheme.com\/"},{"@type":"ListItem","position":2,"name":"Shop","item":"https:\/\/allwintheme.com\/shop\/"},{"@type":"ListItem","position":3,"name":"AppRaxx \u2013 App Landing Page Elementor Template Kit"}]},{"@type":"WebSite","@id":"https:\/\/allwintheme.com\/#website","url":"https:\/\/allwintheme.com\/","name":"Allwintheme","description":"Descarga gratis temas de WordPress para todos los nichos. Blogs, negocios, comercio electr\u00f3nico, portafolio, restaurante y m\u00e1s. Todos los temas tienen licencia GPL y est\u00e1n preparados para dispositivos m\u00f3viles.","potentialAction":[{"@type":"SearchAction","target":{"@type":"EntryPoint","urlTemplate":"https:\/\/allwintheme.com\/?s={search_term_string}"},"query-input":{"@type":"PropertyValueSpecification","valueRequired":true,"valueName":"search_term_string"}}],"inLanguage":"es-CL"}]}},"_links":{"self":[{"href":"https:\/\/allwintheme.com\/es\/wp-json\/wp\/v2\/product\/10548","targetHints":{"allow":["GET"]}}],"collection":[{"href":"https:\/\/allwintheme.com\/es\/wp-json\/wp\/v2\/product"}],"about":[{"href":"https:\/\/allwintheme.com\/es\/wp-json\/wp\/v2\/types\/product"}],"replies":[{"embeddable":true,"href":"https:\/\/allwintheme.com\/es\/wp-json\/wp\/v2\/comments?post=10548"}],"version-history":[{"count":10,"href":"https:\/\/allwintheme.com\/es\/wp-json\/wp\/v2\/product\/10548\/revisions"}],"predecessor-version":[{"id":10558,"href":"https:\/\/allwintheme.com\/es\/wp-json\/wp\/v2\/product\/10548\/revisions\/10558"}],"wp:featuredmedia":[{"embeddable":true,"href":"https:\/\/allwintheme.com\/es\/wp-json\/wp\/v2\/media\/10367"}],"wp:attachment":[{"href":"https:\/\/allwintheme.com\/es\/wp-json\/wp\/v2\/media?parent=10548"}],"wp:term":[{"taxonomy":"product_brand","embeddable":true,"href":"https:\/\/allwintheme.com\/es\/wp-json\/wp\/v2\/product_brand?post=10548"},{"taxonomy":"product_cat","embeddable":true,"href":"https:\/\/allwintheme.com\/es\/wp-json\/wp\/v2\/product_cat?post=10548"},{"taxonomy":"product_tag","embeddable":true,"href":"https:\/\/allwintheme.com\/es\/wp-json\/wp\/v2\/product_tag?post=10548"}],"curies":[{"name":"wp","href":"https:\/\/api.w.org\/{rel}","templated":true}]}}