{"id":10571,"date":"2025-10-14T07:20:01","date_gmt":"2025-10-14T07:20:01","guid":{"rendered":"https:\/\/allwintheme.com\/?post_type=product&#038;p=10571"},"modified":"2025-10-14T07:34:01","modified_gmt":"2025-10-14T07:34:01","slug":"baha-apps-landing-elementor-template","status":"publish","type":"product","link":"https:\/\/allwintheme.com\/es\/producto\/baha-apps-landing-elementor-template\/","title":{"rendered":"Baha - Apps Landing Plantilla Elementor"},"content":{"rendered":"<div data-elementor-type=\"wp-post\" data-elementor-id=\"10571\" class=\"elementor elementor-10571\" data-elementor-settings=\"{&quot;element_pack_global_tooltip_width&quot;:{&quot;unit&quot;:&quot;px&quot;,&quot;size&quot;:&quot;&quot;,&quot;sizes&quot;:[]},&quot;element_pack_global_tooltip_width_tablet&quot;:{&quot;unit&quot;:&quot;px&quot;,&quot;size&quot;:&quot;&quot;,&quot;sizes&quot;:[]},&quot;element_pack_global_tooltip_width_mobile&quot;:{&quot;unit&quot;:&quot;px&quot;,&quot;size&quot;:&quot;&quot;,&quot;sizes&quot;:[]},&quot;element_pack_global_tooltip_padding&quot;:{&quot;unit&quot;:&quot;px&quot;,&quot;top&quot;:&quot;&quot;,&quot;right&quot;:&quot;&quot;,&quot;bottom&quot;:&quot;&quot;,&quot;left&quot;:&quot;&quot;,&quot;isLinked&quot;:true},&quot;element_pack_global_tooltip_padding_tablet&quot;:{&quot;unit&quot;:&quot;px&quot;,&quot;top&quot;:&quot;&quot;,&quot;right&quot;:&quot;&quot;,&quot;bottom&quot;:&quot;&quot;,&quot;left&quot;:&quot;&quot;,&quot;isLinked&quot;:true},&quot;element_pack_global_tooltip_padding_mobile&quot;:{&quot;unit&quot;:&quot;px&quot;,&quot;top&quot;:&quot;&quot;,&quot;right&quot;:&quot;&quot;,&quot;bottom&quot;:&quot;&quot;,&quot;left&quot;:&quot;&quot;,&quot;isLinked&quot;:true},&quot;element_pack_global_tooltip_border_radius&quot;:{&quot;unit&quot;:&quot;px&quot;,&quot;top&quot;:&quot;&quot;,&quot;right&quot;:&quot;&quot;,&quot;bottom&quot;:&quot;&quot;,&quot;left&quot;:&quot;&quot;,&quot;isLinked&quot;:true},&quot;element_pack_global_tooltip_border_radius_tablet&quot;:{&quot;unit&quot;:&quot;px&quot;,&quot;top&quot;:&quot;&quot;,&quot;right&quot;:&quot;&quot;,&quot;bottom&quot;:&quot;&quot;,&quot;left&quot;:&quot;&quot;,&quot;isLinked&quot;:true},&quot;element_pack_global_tooltip_border_radius_mobile&quot;:{&quot;unit&quot;:&quot;px&quot;,&quot;top&quot;:&quot;&quot;,&quot;right&quot;:&quot;&quot;,&quot;bottom&quot;:&quot;&quot;,&quot;left&quot;:&quot;&quot;,&quot;isLinked&quot;:true}}\" data-elementor-post-type=\"product\">\n\t\t\t\t<div class=\"elementor-element elementor-element-93aa4a8 e-con-full e-flex e-con e-parent\" data-id=\"93aa4a8\" data-element_type=\"container\" data-e-type=\"container\">\n\t\t\t\t<div class=\"elementor-element elementor-element-2c3f760 miaoshu elementor-widget elementor-widget-wd_text_block\" data-id=\"2c3f760\" data-element_type=\"widget\" data-e-type=\"widget\" data-widget_type=\"wd_text_block.default\">\n\t\t\t\t<div class=\"elementor-widget-container\">\n\t\t\t\t\t\t\t<div class=\"wd-text-block reset-last-child text-left\">\n\t\t\t\n\t\t\t<h2>Baha - Kit de Plantillas Elementor para Apps Landing: Muestra tu aplicaci\u00f3n sin esfuerzo<\/h2>\n<p>En <strong>Baha - Apps Landing Elementor Plantilla Kit<\/strong> le permite crear impresionantes p\u00e1ginas de destino centradas en la conversi\u00f3n para sus aplicaciones m\u00f3viles. Por ejemplo, los desarrolladores y vendedores crean activamente sitios profesionales que destacan las caracter\u00edsticas de la aplicaci\u00f3n e impulsan las descargas. En consecuencia, este kit ofrece una base limpia y potente que le ahorra tiempo a la vez que aumenta la visibilidad de su aplicaci\u00f3n.<\/p>\n\n<h3>Cree f\u00e1cilmente p\u00e1ginas de destino adaptables<\/h3>\n<p>Con Baha, puedes importar plantillas predise\u00f1adas directamente a Elementor y personalizarlas para adaptarlas a tu marca. Adem\u00e1s, el kit incluye p\u00e1ginas esenciales como inicio, qui\u00e9nes somos, precios y contacto, lo que garantiza una configuraci\u00f3n completa de la promoci\u00f3n de la aplicaci\u00f3n. Como resultado, tu sitio funcionar\u00e1 a la perfecci\u00f3n en todos los dispositivos, desde ordenadores de sobremesa hasta m\u00f3viles, para lograr el m\u00e1ximo alcance.<\/p>\n\n<h3>Principales caracter\u00edsticas y ventajas<\/h3>\n<ul>\n    <li><strong>Dise\u00f1o totalmente adaptable:<\/strong> Se adapta sin problemas a todos los tama\u00f1os de pantalla, manteniendo su escaparate de aplicaciones amigable para m\u00f3viles.<\/li>\n    <li><strong>Dise\u00f1os modernos y minimalistas:<\/strong> Incluye elementos elegantes para presentar su producto de forma profesional y atractiva.<\/li>\n    <li><strong>F\u00e1cil personalizaci\u00f3n:<\/strong> Edita colores, fuentes y contenido en Elementor sin codificar, para una r\u00e1pida personalizaci\u00f3n.<\/li>\n    <li><strong>Estructura optimizada para SEO:<\/strong> Las mejores pr\u00e1cticas integradas ayudan a los motores de b\u00fasqueda a encontrar y clasificar mejor las p\u00e1ginas de su aplicaci\u00f3n.<\/li>\n    <li><strong>P\u00e1ginas preconstruidas:<\/strong> Incluye p\u00e1gina de inicio, caracter\u00edsticas, testimonios, precios y mucho m\u00e1s para lanzarlo r\u00e1pidamente.<\/li>\n<\/ul>\n\n<h3>Agilice el proceso de lanzamiento de su aplicaci\u00f3n<\/h3>\n<p>Baha transforma la forma de promocionar aplicaciones proporcionando plantillas listas para usar que se centran en la participaci\u00f3n del usuario. Por ejemplo, si necesita destacar testimonios o planes de precios, los componentes del kit se lo ponen f\u00e1cil. Por lo tanto, usted se concentra en el valor principal de su aplicaci\u00f3n, mientras Baha se encarga del dise\u00f1o, aumentando en \u00faltima instancia las descargas y las conversiones.<\/p>\n\n<h3>Empiece a promocionar su aplicaci\u00f3n hoy mismo<\/h3>\n<p>Mejore la presencia en l\u00ednea de su aplicaci\u00f3n con <strong>Baha - Apps Landing Elementor Plantilla Kit<\/strong>. Combinando flexibilidad y estilo, crear\u00e1 p\u00e1ginas de destino que convertir\u00e1n a los visitantes en usuarios. Desc\u00e1rguela ahora y consiga que su aplicaci\u00f3n llegue al p\u00fablico adecuado.<\/p>\n\t\t\t\t\t<\/div>\n\t\t\t\t\t\t<\/div>\n\t\t\t\t<\/div>\n\t\t\t\t<\/div>\n\t\t\t\t<\/div>","protected":false},"excerpt":{"rendered":"<p>Baha \u2013 Apps Landing Elementor Template Kit: Showcase Your App Effortlessly The Baha \u2013 Apps Landing Elementor Template Kit empowers<\/p>","protected":false},"featured_media":10370,"comment_status":"open","ping_status":"closed","template":"","meta":{"_acf_changed":false},"product_brand":[],"product_cat":[50],"product_tag":[],"class_list":{"0":"post-10571","1":"product","2":"type-product","3":"status-publish","4":"has-post-thumbnail","6":"product_cat-template-kits","8":"first","9":"instock","10":"sale","11":"downloadable","12":"shipping-taxable","13":"purchasable","14":"product-type-simple"},"acf":[],"yoast_head":"<!-- This site is optimized with the Yoast SEO Premium plugin v25.6 (Yoast SEO v27.4) - https:\/\/yoast.com\/product\/yoast-seo-premium-wordpress\/ -->\n<title>Baha \u2013 Apps Landing Elementor Template - AllWin Theme \u2013 Free WordPress Themes Download<\/title>\n<meta name=\"description\" content=\"Launch your app with Baha, the responsive Elementor Template Kit. Showcase features, pricing, and testimonials on clean, customizable landing pages.\" \/>\n<meta name=\"robots\" content=\"index, follow, max-snippet:-1, max-image-preview:large, max-video-preview:-1\" \/>\n<link rel=\"canonical\" href=\"https:\/\/allwintheme.com\/es\/producto\/baha-apps-landing-elementor-template\/\" \/>\n<meta property=\"og:locale\" content=\"es_ES\" \/>\n<meta property=\"og:type\" content=\"article\" \/>\n<meta property=\"og:title\" content=\"Baha \u2013 Apps Landing Elementor Template\" \/>\n<meta property=\"og:description\" content=\"Launch your app with Baha, the responsive Elementor Template Kit. Showcase features, pricing, and testimonials on clean, customizable landing pages.\" \/>\n<meta property=\"og:url\" content=\"https:\/\/allwintheme.com\/es\/producto\/baha-apps-landing-elementor-template\/\" \/>\n<meta property=\"og:site_name\" content=\"AllWin Theme \u2013 Free WordPress Themes Download\" \/>\n<meta property=\"article:modified_time\" content=\"2025-10-14T07:34:01+00:00\" \/>\n<meta property=\"og:image\" content=\"https:\/\/allwintheme.com\/wp-content\/uploads\/2025\/10\/m92ix6td.png\" \/>\n\t<meta property=\"og:image:width\" content=\"768\" \/>\n\t<meta property=\"og:image:height\" content=\"508\" \/>\n\t<meta property=\"og:image:type\" content=\"image\/png\" \/>\n<meta name=\"twitter:card\" content=\"summary_large_image\" \/>\n<meta name=\"twitter:label1\" content=\"Tiempo estimado de lectura\" \/>\n\t<meta name=\"twitter:data1\" content=\"2 minutos\" \/>\n<script type=\"application\/ld+json\" class=\"yoast-schema-graph\">{\"@context\":\"https:\\\/\\\/schema.org\",\"@graph\":[{\"@type\":\"WebPage\",\"@id\":\"https:\\\/\\\/allwintheme.com\\\/product\\\/baha-apps-landing-elementor-template\\\/\",\"url\":\"https:\\\/\\\/allwintheme.com\\\/product\\\/baha-apps-landing-elementor-template\\\/\",\"name\":\"Baha \u2013 Apps Landing Elementor Template - AllWin Theme \u2013 Free WordPress Themes Download\",\"isPartOf\":{\"@id\":\"https:\\\/\\\/allwintheme.com\\\/#website\"},\"primaryImageOfPage\":{\"@id\":\"https:\\\/\\\/allwintheme.com\\\/product\\\/baha-apps-landing-elementor-template\\\/#primaryimage\"},\"image\":{\"@id\":\"https:\\\/\\\/allwintheme.com\\\/product\\\/baha-apps-landing-elementor-template\\\/#primaryimage\"},\"thumbnailUrl\":\"https:\\\/\\\/allwintheme.com\\\/wp-content\\\/uploads\\\/2025\\\/10\\\/m92ix6td.png\",\"datePublished\":\"2025-10-14T07:20:01+00:00\",\"dateModified\":\"2025-10-14T07:34:01+00:00\",\"description\":\"Launch your app with Baha, the responsive Elementor Template Kit. Showcase features, pricing, and testimonials on clean, customizable landing pages.\",\"breadcrumb\":{\"@id\":\"https:\\\/\\\/allwintheme.com\\\/product\\\/baha-apps-landing-elementor-template\\\/#breadcrumb\"},\"inLanguage\":\"es-CL\",\"potentialAction\":[{\"@type\":\"ReadAction\",\"target\":[\"https:\\\/\\\/allwintheme.com\\\/product\\\/baha-apps-landing-elementor-template\\\/\"]}]},{\"@type\":\"ImageObject\",\"inLanguage\":\"es-CL\",\"@id\":\"https:\\\/\\\/allwintheme.com\\\/product\\\/baha-apps-landing-elementor-template\\\/#primaryimage\",\"url\":\"https:\\\/\\\/allwintheme.com\\\/wp-content\\\/uploads\\\/2025\\\/10\\\/m92ix6td.png\",\"contentUrl\":\"https:\\\/\\\/allwintheme.com\\\/wp-content\\\/uploads\\\/2025\\\/10\\\/m92ix6td.png\",\"width\":768,\"height\":508,\"caption\":\"Baha \u2013 Apps Landing Elementor Template\"},{\"@type\":\"BreadcrumbList\",\"@id\":\"https:\\\/\\\/allwintheme.com\\\/product\\\/baha-apps-landing-elementor-template\\\/#breadcrumb\",\"itemListElement\":[{\"@type\":\"ListItem\",\"position\":1,\"name\":\"Home\",\"item\":\"https:\\\/\\\/allwintheme.com\\\/\"},{\"@type\":\"ListItem\",\"position\":2,\"name\":\"Shop\",\"item\":\"https:\\\/\\\/allwintheme.com\\\/shop\\\/\"},{\"@type\":\"ListItem\",\"position\":3,\"name\":\"Baha \u2013 Apps Landing Elementor Template\"}]},{\"@type\":\"WebSite\",\"@id\":\"https:\\\/\\\/allwintheme.com\\\/#website\",\"url\":\"https:\\\/\\\/allwintheme.com\\\/\",\"name\":\"Allwintheme\",\"description\":\"Download free WordPress themes for every niche. Blogs, business, eCommerce, portfolio, restaurant and more. All themes are GPL licensed and mobile-ready.\",\"potentialAction\":[{\"@type\":\"SearchAction\",\"target\":{\"@type\":\"EntryPoint\",\"urlTemplate\":\"https:\\\/\\\/allwintheme.com\\\/?s={search_term_string}\"},\"query-input\":{\"@type\":\"PropertyValueSpecification\",\"valueRequired\":true,\"valueName\":\"search_term_string\"}}],\"inLanguage\":\"es-CL\"}]}<\/script>\n<!-- \/ Yoast SEO Premium plugin. -->","yoast_head_json":{"title":"Baha \u2013 Apps Landing Elementor Template - AllWin Theme \u2013 Free WordPress Themes Download","description":"Lanza tu aplicaci\u00f3n con Baha, el kit de plantillas Elementor responsive. Muestra caracter\u00edsticas, precios y testimonios en p\u00e1ginas de destino limpias y personalizables.","robots":{"index":"index","follow":"follow","max-snippet":"max-snippet:-1","max-image-preview":"max-image-preview:large","max-video-preview":"max-video-preview:-1"},"canonical":"https:\/\/allwintheme.com\/es\/producto\/baha-apps-landing-elementor-template\/","og_locale":"es_ES","og_type":"article","og_title":"Baha \u2013 Apps Landing Elementor Template","og_description":"Launch your app with Baha, the responsive Elementor Template Kit. Showcase features, pricing, and testimonials on clean, customizable landing pages.","og_url":"https:\/\/allwintheme.com\/es\/producto\/baha-apps-landing-elementor-template\/","og_site_name":"AllWin Theme \u2013 Free WordPress Themes Download","article_modified_time":"2025-10-14T07:34:01+00:00","og_image":[{"width":768,"height":508,"url":"https:\/\/allwintheme.com\/wp-content\/uploads\/2025\/10\/m92ix6td.png","type":"image\/png"}],"twitter_card":"summary_large_image","twitter_misc":{"Tiempo estimado de lectura":"2 minutos"},"schema":{"@context":"https:\/\/schema.org","@graph":[{"@type":"WebPage","@id":"https:\/\/allwintheme.com\/product\/baha-apps-landing-elementor-template\/","url":"https:\/\/allwintheme.com\/product\/baha-apps-landing-elementor-template\/","name":"Baha \u2013 Apps Landing Elementor Template - AllWin Theme \u2013 Free WordPress Themes Download","isPartOf":{"@id":"https:\/\/allwintheme.com\/#website"},"primaryImageOfPage":{"@id":"https:\/\/allwintheme.com\/product\/baha-apps-landing-elementor-template\/#primaryimage"},"image":{"@id":"https:\/\/allwintheme.com\/product\/baha-apps-landing-elementor-template\/#primaryimage"},"thumbnailUrl":"https:\/\/allwintheme.com\/wp-content\/uploads\/2025\/10\/m92ix6td.png","datePublished":"2025-10-14T07:20:01+00:00","dateModified":"2025-10-14T07:34:01+00:00","description":"Lanza tu aplicaci\u00f3n con Baha, el kit de plantillas Elementor responsive. Muestra caracter\u00edsticas, precios y testimonios en p\u00e1ginas de destino limpias y personalizables.","breadcrumb":{"@id":"https:\/\/allwintheme.com\/product\/baha-apps-landing-elementor-template\/#breadcrumb"},"inLanguage":"es-CL","potentialAction":[{"@type":"ReadAction","target":["https:\/\/allwintheme.com\/product\/baha-apps-landing-elementor-template\/"]}]},{"@type":"ImageObject","inLanguage":"es-CL","@id":"https:\/\/allwintheme.com\/product\/baha-apps-landing-elementor-template\/#primaryimage","url":"https:\/\/allwintheme.com\/wp-content\/uploads\/2025\/10\/m92ix6td.png","contentUrl":"https:\/\/allwintheme.com\/wp-content\/uploads\/2025\/10\/m92ix6td.png","width":768,"height":508,"caption":"Baha \u2013 Apps Landing Elementor Template"},{"@type":"BreadcrumbList","@id":"https:\/\/allwintheme.com\/product\/baha-apps-landing-elementor-template\/#breadcrumb","itemListElement":[{"@type":"ListItem","position":1,"name":"Home","item":"https:\/\/allwintheme.com\/"},{"@type":"ListItem","position":2,"name":"Shop","item":"https:\/\/allwintheme.com\/shop\/"},{"@type":"ListItem","position":3,"name":"Baha \u2013 Apps Landing Elementor Template"}]},{"@type":"WebSite","@id":"https:\/\/allwintheme.com\/#website","url":"https:\/\/allwintheme.com\/","name":"Allwintheme","description":"Descarga gratis temas de WordPress para todos los nichos. Blogs, negocios, comercio electr\u00f3nico, portafolio, restaurante y m\u00e1s. Todos los temas tienen licencia GPL y est\u00e1n preparados para dispositivos m\u00f3viles.","potentialAction":[{"@type":"SearchAction","target":{"@type":"EntryPoint","urlTemplate":"https:\/\/allwintheme.com\/?s={search_term_string}"},"query-input":{"@type":"PropertyValueSpecification","valueRequired":true,"valueName":"search_term_string"}}],"inLanguage":"es-CL"}]}},"_links":{"self":[{"href":"https:\/\/allwintheme.com\/es\/wp-json\/wp\/v2\/product\/10571","targetHints":{"allow":["GET"]}}],"collection":[{"href":"https:\/\/allwintheme.com\/es\/wp-json\/wp\/v2\/product"}],"about":[{"href":"https:\/\/allwintheme.com\/es\/wp-json\/wp\/v2\/types\/product"}],"replies":[{"embeddable":true,"href":"https:\/\/allwintheme.com\/es\/wp-json\/wp\/v2\/comments?post=10571"}],"version-history":[{"count":5,"href":"https:\/\/allwintheme.com\/es\/wp-json\/wp\/v2\/product\/10571\/revisions"}],"predecessor-version":[{"id":10576,"href":"https:\/\/allwintheme.com\/es\/wp-json\/wp\/v2\/product\/10571\/revisions\/10576"}],"wp:featuredmedia":[{"embeddable":true,"href":"https:\/\/allwintheme.com\/es\/wp-json\/wp\/v2\/media\/10370"}],"wp:attachment":[{"href":"https:\/\/allwintheme.com\/es\/wp-json\/wp\/v2\/media?parent=10571"}],"wp:term":[{"taxonomy":"product_brand","embeddable":true,"href":"https:\/\/allwintheme.com\/es\/wp-json\/wp\/v2\/product_brand?post=10571"},{"taxonomy":"product_cat","embeddable":true,"href":"https:\/\/allwintheme.com\/es\/wp-json\/wp\/v2\/product_cat?post=10571"},{"taxonomy":"product_tag","embeddable":true,"href":"https:\/\/allwintheme.com\/es\/wp-json\/wp\/v2\/product_tag?post=10571"}],"curies":[{"name":"wp","href":"https:\/\/api.w.org\/{rel}","templated":true}]}}