{"id":10625,"date":"2025-10-14T13:47:04","date_gmt":"2025-10-14T13:47:04","guid":{"rendered":"https:\/\/allwintheme.com\/?post_type=product&#038;p=10625"},"modified":"2025-10-14T14:22:15","modified_gmt":"2025-10-14T14:22:15","slug":"plugin-wordpress-cartflows-pro","status":"publish","type":"product","link":"https:\/\/allwintheme.com\/es\/producto\/plugin-wordpress-cartflows-pro\/","title":{"rendered":"CartFlows Pro WordPress Plugin"},"content":{"rendered":"<div data-elementor-type=\"wp-post\" data-elementor-id=\"10625\" class=\"elementor elementor-10625\" data-elementor-settings=\"{&quot;element_pack_global_tooltip_width&quot;:{&quot;unit&quot;:&quot;px&quot;,&quot;size&quot;:&quot;&quot;,&quot;sizes&quot;:[]},&quot;element_pack_global_tooltip_width_tablet&quot;:{&quot;unit&quot;:&quot;px&quot;,&quot;size&quot;:&quot;&quot;,&quot;sizes&quot;:[]},&quot;element_pack_global_tooltip_width_mobile&quot;:{&quot;unit&quot;:&quot;px&quot;,&quot;size&quot;:&quot;&quot;,&quot;sizes&quot;:[]},&quot;element_pack_global_tooltip_padding&quot;:{&quot;unit&quot;:&quot;px&quot;,&quot;top&quot;:&quot;&quot;,&quot;right&quot;:&quot;&quot;,&quot;bottom&quot;:&quot;&quot;,&quot;left&quot;:&quot;&quot;,&quot;isLinked&quot;:true},&quot;element_pack_global_tooltip_padding_tablet&quot;:{&quot;unit&quot;:&quot;px&quot;,&quot;top&quot;:&quot;&quot;,&quot;right&quot;:&quot;&quot;,&quot;bottom&quot;:&quot;&quot;,&quot;left&quot;:&quot;&quot;,&quot;isLinked&quot;:true},&quot;element_pack_global_tooltip_padding_mobile&quot;:{&quot;unit&quot;:&quot;px&quot;,&quot;top&quot;:&quot;&quot;,&quot;right&quot;:&quot;&quot;,&quot;bottom&quot;:&quot;&quot;,&quot;left&quot;:&quot;&quot;,&quot;isLinked&quot;:true},&quot;element_pack_global_tooltip_border_radius&quot;:{&quot;unit&quot;:&quot;px&quot;,&quot;top&quot;:&quot;&quot;,&quot;right&quot;:&quot;&quot;,&quot;bottom&quot;:&quot;&quot;,&quot;left&quot;:&quot;&quot;,&quot;isLinked&quot;:true},&quot;element_pack_global_tooltip_border_radius_tablet&quot;:{&quot;unit&quot;:&quot;px&quot;,&quot;top&quot;:&quot;&quot;,&quot;right&quot;:&quot;&quot;,&quot;bottom&quot;:&quot;&quot;,&quot;left&quot;:&quot;&quot;,&quot;isLinked&quot;:true},&quot;element_pack_global_tooltip_border_radius_mobile&quot;:{&quot;unit&quot;:&quot;px&quot;,&quot;top&quot;:&quot;&quot;,&quot;right&quot;:&quot;&quot;,&quot;bottom&quot;:&quot;&quot;,&quot;left&quot;:&quot;&quot;,&quot;isLinked&quot;:true}}\" data-elementor-post-type=\"product\">\n\t\t\t\t<div class=\"elementor-element elementor-element-93aa4a8 e-con-full e-flex e-con e-parent\" data-id=\"93aa4a8\" data-element_type=\"container\" data-e-type=\"container\">\n\t\t\t\t<div class=\"elementor-element elementor-element-2c3f760 miaoshu elementor-widget elementor-widget-wd_text_block\" data-id=\"2c3f760\" data-element_type=\"widget\" data-e-type=\"widget\" data-widget_type=\"wd_text_block.default\">\n\t\t\t\t<div class=\"elementor-widget-container\">\n\t\t\t\t\t\t\t<div class=\"wd-text-block reset-last-child text-left\">\n\t\t\t\n\t\t\t<h1>Potencie su tienda WooCommerce con CartFlows Pro<\/h1><p>CartFlows Pro, el mejor constructor de embudos de ventas de WordPress y WooCommerce, te ayuda a convertir tu tienda online en una m\u00e1quina de ingresos. Desde 2018, m\u00e1s de 223.000 usuarios han creado embudos de alta conversi\u00f3n para guiar a los visitantes desde el inter\u00e9s hasta la compra, aumentando las ventas sin esfuerzo.<\/p><h2>Funciones clave para maximizar las conversiones<\/h2><p>CartFlows Pro ofrece herramientas para disparar el \u00e9xito de su comercio electr\u00f3nico. Por ejemplo, las ventas adicionales con un solo clic aumentan el valor del pedido, mientras que los saltos de pedido pueden aumentar los ingresos en un 10-30%. Adem\u00e1s, las pruebas de divisi\u00f3n A\/B le ayudan a encontrar las estrategias de mejor rendimiento. Tambi\u00e9n puede personalizar los procesos de pago, crear ofertas din\u00e1micas basadas en el comportamiento del comprador y recuperar los carritos abandonados para recuperar las ventas perdidas.<\/p><h2>Integraci\u00f3n perfecta con WooCommerce<\/h2><p>CartFlows Pro mejora su configuraci\u00f3n WooCommerce sin reemplazarlo. Es compatible con pasarelas de pago populares como Stripe, PayPal y WooCommerce Subscriptions para realizar transacciones sin problemas. Tanto si vende productos f\u00edsicos, cursos digitales o entradas para eventos, CartFlows Pro agiliza el proceso de compra, reduce el abandono de carritos y maximiza cada venta.<\/p><h2>Plantillas e informaci\u00f3n listas para usar<\/h2><p>Elija entre una amplia biblioteca de plantillas de alta conversi\u00f3n para la generaci\u00f3n de clientes potenciales, p\u00e1ginas de ventas y cajas, todas personalizables para adaptarse a su marca. Adem\u00e1s, los an\u00e1lisis integrados proporcionan informaci\u00f3n sobre el rendimiento del embudo, para que pueda perfeccionar las estrategias y crecer de forma m\u00e1s inteligente. Esto hace que CartFlows Pro sea ideal para tiendas de comercio electr\u00f3nico, agencias, creadores de cursos y consultores que deseen superar a sus competidores.<\/p><p>Comience hoy mismo con una prueba de 14 d\u00edas sin riesgos y vea c\u00f3mo su tienda WooCommerce prospera con las potentes herramientas de creaci\u00f3n de embudos de CartFlows Pro.<\/p>\n\t\t\t\t\t<\/div>\n\t\t\t\t\t\t<\/div>\n\t\t\t\t<\/div>\n\t\t\t\t<\/div>\n\t\t<div class=\"wd-negative-gap elementor-element elementor-element-9a0da87 e-flex e-con-boxed e-con e-parent\" data-id=\"9a0da87\" data-element_type=\"container\" data-e-type=\"container\">\n\t\t\t\t\t<div class=\"e-con-inner\">\n\t\t\t\t<div class=\"elementor-element elementor-element-11a5a4e elementor-widget elementor-widget-wd_text_block\" data-id=\"11a5a4e\" data-element_type=\"widget\" data-e-type=\"widget\" data-widget_type=\"wd_text_block.default\">\n\t\t\t\t<div class=\"elementor-widget-container\">\n\t\t\t\t\t\t\t<div class=\"wd-text-block reset-last-child text-left\">\n\t\t\t\n\t\t\t<p><span style=\"color: #1b1919; font-size: 28px;\">Cartflows Pro WordPress Plugin<\/span><\/p>\n\t\t\t\t\t<\/div>\n\t\t\t\t\t\t<\/div>\n\t\t\t\t<\/div>\n\t\t\t\t\t<\/div>\n\t\t\t\t<\/div>\n\t\t<div class=\"wd-negative-gap elementor-element elementor-element-c6550e9 e-flex e-con-boxed e-con e-parent\" data-id=\"c6550e9\" data-element_type=\"container\" data-e-type=\"container\">\n\t\t\t\t\t<div class=\"e-con-inner\">\n\t\t\t\t<div class=\"elementor-element elementor-element-fa7b692 elementor-widget elementor-widget-video\" data-id=\"fa7b692\" data-element_type=\"widget\" data-e-type=\"widget\" data-settings=\"{&quot;youtube_url&quot;:&quot;https:\\\/\\\/www.youtube.com\\\/watch?v=YRzCyJEDiic&quot;,&quot;video_type&quot;:&quot;youtube&quot;,&quot;controls&quot;:&quot;yes&quot;}\" data-widget_type=\"video.default\">\n\t\t\t\t\t\t\t<div class=\"elementor-wrapper elementor-open-inline\">\n\t\t\t<div class=\"elementor-video\"><\/div>\t\t<\/div>\n\t\t\t\t\t\t<\/div>\n\t\t\t\t\t<\/div>\n\t\t\t\t<\/div>\n\t\t\t\t<\/div>","protected":false},"excerpt":{"rendered":"<p>Potencie su tienda WooCommerce con CartFlows Pro CartFlows Pro, el mejor constructor de embudos de ventas para WordPress y WooCommerce, le ayuda a convertir<\/p>","protected":false},"featured_media":8463,"comment_status":"open","ping_status":"closed","template":"","meta":{"_acf_changed":false},"product_brand":[],"product_cat":[49],"product_tag":[],"class_list":{"0":"post-10625","1":"product","2":"type-product","3":"status-publish","4":"has-post-thumbnail","6":"product_cat-plugins","8":"first","9":"instock","10":"sale","11":"downloadable","12":"shipping-taxable","13":"purchasable","14":"product-type-simple"},"acf":[],"yoast_head":"<!-- This site is optimized with the Yoast SEO Premium plugin v25.6 (Yoast SEO v27.1.1) - https:\/\/yoast.com\/product\/yoast-seo-premium-wordpress\/ -->\n<title>CartFlows Pro WordPress Plugin - AllWin Theme \u2013 Free WordPress Themes Download<\/title>\n<meta name=\"description\" content=\"Boost your WooCommerce sales with CartFlows Pro \u2013 the #1 WordPress plugin for creating high-converting funnels, upsells, and order bumps to turn visitors into loyal customers.\" \/>\n<meta name=\"robots\" content=\"index, follow, max-snippet:-1, max-image-preview:large, max-video-preview:-1\" \/>\n<link rel=\"canonical\" href=\"https:\/\/allwintheme.com\/es\/producto\/plugin-wordpress-cartflows-pro\/\" \/>\n<meta property=\"og:locale\" content=\"es_ES\" \/>\n<meta property=\"og:type\" content=\"article\" \/>\n<meta property=\"og:title\" content=\"CartFlows Pro WordPress Plugin\" \/>\n<meta property=\"og:description\" content=\"Boost your WooCommerce sales with CartFlows Pro \u2013 the #1 WordPress plugin for creating high-converting funnels, upsells, and order bumps to turn visitors into loyal customers.\" \/>\n<meta property=\"og:url\" content=\"https:\/\/allwintheme.com\/es\/producto\/plugin-wordpress-cartflows-pro\/\" \/>\n<meta property=\"og:site_name\" content=\"AllWin Theme \u2013 Free WordPress Themes Download\" \/>\n<meta property=\"article:modified_time\" content=\"2025-10-14T14:22:15+00:00\" \/>\n<meta property=\"og:image\" content=\"https:\/\/allwintheme.com\/wp-content\/uploads\/2025\/09\/rhnj1k6k.png\" \/>\n\t<meta property=\"og:image:width\" content=\"590\" \/>\n\t<meta property=\"og:image:height\" content=\"300\" \/>\n\t<meta property=\"og:image:type\" content=\"image\/png\" \/>\n<meta name=\"twitter:card\" content=\"summary_large_image\" \/>\n<meta name=\"twitter:label1\" content=\"Tiempo estimado de lectura\" \/>\n\t<meta name=\"twitter:data1\" content=\"2 minutos\" \/>\n<script type=\"application\/ld+json\" class=\"yoast-schema-graph\">{\"@context\":\"https:\/\/schema.org\",\"@graph\":[{\"@type\":\"WebPage\",\"@id\":\"https:\/\/allwintheme.com\/product\/cartflows-pro-wordpress-plugin\/\",\"url\":\"https:\/\/allwintheme.com\/product\/cartflows-pro-wordpress-plugin\/\",\"name\":\"CartFlows Pro WordPress Plugin - AllWin Theme \u2013 Free WordPress Themes Download\",\"isPartOf\":{\"@id\":\"https:\/\/allwintheme.com\/#website\"},\"primaryImageOfPage\":{\"@id\":\"https:\/\/allwintheme.com\/product\/cartflows-pro-wordpress-plugin\/#primaryimage\"},\"image\":{\"@id\":\"https:\/\/allwintheme.com\/product\/cartflows-pro-wordpress-plugin\/#primaryimage\"},\"thumbnailUrl\":\"https:\/\/allwintheme.com\/wp-content\/uploads\/2025\/09\/rhnj1k6k.png\",\"datePublished\":\"2025-10-14T13:47:04+00:00\",\"dateModified\":\"2025-10-14T14:22:15+00:00\",\"description\":\"Boost your WooCommerce sales with CartFlows Pro \u2013 the #1 WordPress plugin for creating high-converting funnels, upsells, and order bumps to turn visitors into loyal customers.\",\"breadcrumb\":{\"@id\":\"https:\/\/allwintheme.com\/product\/cartflows-pro-wordpress-plugin\/#breadcrumb\"},\"inLanguage\":\"es-CL\",\"potentialAction\":[{\"@type\":\"ReadAction\",\"target\":[\"https:\/\/allwintheme.com\/product\/cartflows-pro-wordpress-plugin\/\"]}]},{\"@type\":\"ImageObject\",\"inLanguage\":\"es-CL\",\"@id\":\"https:\/\/allwintheme.com\/product\/cartflows-pro-wordpress-plugin\/#primaryimage\",\"url\":\"https:\/\/allwintheme.com\/wp-content\/uploads\/2025\/09\/rhnj1k6k.png\",\"contentUrl\":\"https:\/\/allwintheme.com\/wp-content\/uploads\/2025\/09\/rhnj1k6k.png\",\"width\":590,\"height\":300,\"caption\":\"CartFlows Pro WordPress Plugin\"},{\"@type\":\"BreadcrumbList\",\"@id\":\"https:\/\/allwintheme.com\/product\/cartflows-pro-wordpress-plugin\/#breadcrumb\",\"itemListElement\":[{\"@type\":\"ListItem\",\"position\":1,\"name\":\"Home\",\"item\":\"https:\/\/allwintheme.com\/\"},{\"@type\":\"ListItem\",\"position\":2,\"name\":\"Shop\",\"item\":\"https:\/\/allwintheme.com\/shop\/\"},{\"@type\":\"ListItem\",\"position\":3,\"name\":\"CartFlows Pro WordPress Plugin\"}]},{\"@type\":\"WebSite\",\"@id\":\"https:\/\/allwintheme.com\/#website\",\"url\":\"https:\/\/allwintheme.com\/\",\"name\":\"Allwintheme\",\"description\":\"Download free WordPress themes for every niche. Blogs, business, eCommerce, portfolio, restaurant and more. All themes are GPL licensed and mobile-ready.\",\"potentialAction\":[{\"@type\":\"SearchAction\",\"target\":{\"@type\":\"EntryPoint\",\"urlTemplate\":\"https:\/\/allwintheme.com\/?s={search_term_string}\"},\"query-input\":{\"@type\":\"PropertyValueSpecification\",\"valueRequired\":true,\"valueName\":\"search_term_string\"}}],\"inLanguage\":\"es-CL\"}]}<\/script>\n<!-- \/ Yoast SEO Premium plugin. -->","yoast_head_json":{"title":"CartFlows Pro WordPress Plugin - AllWin Theme \u2013 Free WordPress Themes Download","description":"Aumenta las ventas de tu WooCommerce con CartFlows Pro - el plugin de WordPress #1 para crear embudos de alta conversi\u00f3n, upsells y bumps de pedidos para convertir a los visitantes en clientes fieles.","robots":{"index":"index","follow":"follow","max-snippet":"max-snippet:-1","max-image-preview":"max-image-preview:large","max-video-preview":"max-video-preview:-1"},"canonical":"https:\/\/allwintheme.com\/es\/producto\/plugin-wordpress-cartflows-pro\/","og_locale":"es_ES","og_type":"article","og_title":"CartFlows Pro WordPress Plugin","og_description":"Boost your WooCommerce sales with CartFlows Pro \u2013 the #1 WordPress plugin for creating high-converting funnels, upsells, and order bumps to turn visitors into loyal customers.","og_url":"https:\/\/allwintheme.com\/es\/producto\/plugin-wordpress-cartflows-pro\/","og_site_name":"AllWin Theme \u2013 Free WordPress Themes Download","article_modified_time":"2025-10-14T14:22:15+00:00","og_image":[{"width":590,"height":300,"url":"https:\/\/allwintheme.com\/wp-content\/uploads\/2025\/09\/rhnj1k6k.png","type":"image\/png"}],"twitter_card":"summary_large_image","twitter_misc":{"Tiempo estimado de lectura":"2 minutos"},"schema":{"@context":"https:\/\/schema.org","@graph":[{"@type":"WebPage","@id":"https:\/\/allwintheme.com\/product\/cartflows-pro-wordpress-plugin\/","url":"https:\/\/allwintheme.com\/product\/cartflows-pro-wordpress-plugin\/","name":"CartFlows Pro WordPress Plugin - AllWin Theme \u2013 Free WordPress Themes Download","isPartOf":{"@id":"https:\/\/allwintheme.com\/#website"},"primaryImageOfPage":{"@id":"https:\/\/allwintheme.com\/product\/cartflows-pro-wordpress-plugin\/#primaryimage"},"image":{"@id":"https:\/\/allwintheme.com\/product\/cartflows-pro-wordpress-plugin\/#primaryimage"},"thumbnailUrl":"https:\/\/allwintheme.com\/wp-content\/uploads\/2025\/09\/rhnj1k6k.png","datePublished":"2025-10-14T13:47:04+00:00","dateModified":"2025-10-14T14:22:15+00:00","description":"Aumenta las ventas de tu WooCommerce con CartFlows Pro - el plugin de WordPress #1 para crear embudos de alta conversi\u00f3n, upsells y bumps de pedidos para convertir a los visitantes en clientes fieles.","breadcrumb":{"@id":"https:\/\/allwintheme.com\/product\/cartflows-pro-wordpress-plugin\/#breadcrumb"},"inLanguage":"es-CL","potentialAction":[{"@type":"ReadAction","target":["https:\/\/allwintheme.com\/product\/cartflows-pro-wordpress-plugin\/"]}]},{"@type":"ImageObject","inLanguage":"es-CL","@id":"https:\/\/allwintheme.com\/product\/cartflows-pro-wordpress-plugin\/#primaryimage","url":"https:\/\/allwintheme.com\/wp-content\/uploads\/2025\/09\/rhnj1k6k.png","contentUrl":"https:\/\/allwintheme.com\/wp-content\/uploads\/2025\/09\/rhnj1k6k.png","width":590,"height":300,"caption":"CartFlows Pro WordPress Plugin"},{"@type":"BreadcrumbList","@id":"https:\/\/allwintheme.com\/product\/cartflows-pro-wordpress-plugin\/#breadcrumb","itemListElement":[{"@type":"ListItem","position":1,"name":"Home","item":"https:\/\/allwintheme.com\/"},{"@type":"ListItem","position":2,"name":"Shop","item":"https:\/\/allwintheme.com\/shop\/"},{"@type":"ListItem","position":3,"name":"CartFlows Pro WordPress Plugin"}]},{"@type":"WebSite","@id":"https:\/\/allwintheme.com\/#website","url":"https:\/\/allwintheme.com\/","name":"Allwintheme","description":"Descarga gratis temas de WordPress para todos los nichos. Blogs, negocios, comercio electr\u00f3nico, portafolio, restaurante y m\u00e1s. Todos los temas tienen licencia GPL y est\u00e1n preparados para dispositivos m\u00f3viles.","potentialAction":[{"@type":"SearchAction","target":{"@type":"EntryPoint","urlTemplate":"https:\/\/allwintheme.com\/?s={search_term_string}"},"query-input":{"@type":"PropertyValueSpecification","valueRequired":true,"valueName":"search_term_string"}}],"inLanguage":"es-CL"}]}},"_links":{"self":[{"href":"https:\/\/allwintheme.com\/es\/wp-json\/wp\/v2\/product\/10625","targetHints":{"allow":["GET"]}}],"collection":[{"href":"https:\/\/allwintheme.com\/es\/wp-json\/wp\/v2\/product"}],"about":[{"href":"https:\/\/allwintheme.com\/es\/wp-json\/wp\/v2\/types\/product"}],"replies":[{"embeddable":true,"href":"https:\/\/allwintheme.com\/es\/wp-json\/wp\/v2\/comments?post=10625"}],"version-history":[{"count":10,"href":"https:\/\/allwintheme.com\/es\/wp-json\/wp\/v2\/product\/10625\/revisions"}],"predecessor-version":[{"id":10635,"href":"https:\/\/allwintheme.com\/es\/wp-json\/wp\/v2\/product\/10625\/revisions\/10635"}],"wp:featuredmedia":[{"embeddable":true,"href":"https:\/\/allwintheme.com\/es\/wp-json\/wp\/v2\/media\/8463"}],"wp:attachment":[{"href":"https:\/\/allwintheme.com\/es\/wp-json\/wp\/v2\/media?parent=10625"}],"wp:term":[{"taxonomy":"product_brand","embeddable":true,"href":"https:\/\/allwintheme.com\/es\/wp-json\/wp\/v2\/product_brand?post=10625"},{"taxonomy":"product_cat","embeddable":true,"href":"https:\/\/allwintheme.com\/es\/wp-json\/wp\/v2\/product_cat?post=10625"},{"taxonomy":"product_tag","embeddable":true,"href":"https:\/\/allwintheme.com\/es\/wp-json\/wp\/v2\/product_tag?post=10625"}],"curies":[{"name":"wp","href":"https:\/\/api.w.org\/{rel}","templated":true}]}}