{"id":10636,"date":"2025-10-14T14:30:53","date_gmt":"2025-10-14T14:30:53","guid":{"rendered":"https:\/\/allwintheme.com\/?post_type=product&#038;p=10636"},"modified":"2025-10-14T14:45:23","modified_gmt":"2025-10-14T14:45:23","slug":"amelia-reserva-de-citas-a-nivel-de-empresa","status":"publish","type":"product","link":"https:\/\/allwintheme.com\/es\/producto\/amelia-reserva-de-citas-a-nivel-de-empresa\/","title":{"rendered":"Amelia - Reserva de citas a nivel empresarial"},"content":{"rendered":"<div data-elementor-type=\"wp-post\" data-elementor-id=\"10636\" class=\"elementor elementor-10636\" data-elementor-settings=\"{&quot;element_pack_global_tooltip_width&quot;:{&quot;unit&quot;:&quot;px&quot;,&quot;size&quot;:&quot;&quot;,&quot;sizes&quot;:[]},&quot;element_pack_global_tooltip_width_tablet&quot;:{&quot;unit&quot;:&quot;px&quot;,&quot;size&quot;:&quot;&quot;,&quot;sizes&quot;:[]},&quot;element_pack_global_tooltip_width_mobile&quot;:{&quot;unit&quot;:&quot;px&quot;,&quot;size&quot;:&quot;&quot;,&quot;sizes&quot;:[]},&quot;element_pack_global_tooltip_padding&quot;:{&quot;unit&quot;:&quot;px&quot;,&quot;top&quot;:&quot;&quot;,&quot;right&quot;:&quot;&quot;,&quot;bottom&quot;:&quot;&quot;,&quot;left&quot;:&quot;&quot;,&quot;isLinked&quot;:true},&quot;element_pack_global_tooltip_padding_tablet&quot;:{&quot;unit&quot;:&quot;px&quot;,&quot;top&quot;:&quot;&quot;,&quot;right&quot;:&quot;&quot;,&quot;bottom&quot;:&quot;&quot;,&quot;left&quot;:&quot;&quot;,&quot;isLinked&quot;:true},&quot;element_pack_global_tooltip_padding_mobile&quot;:{&quot;unit&quot;:&quot;px&quot;,&quot;top&quot;:&quot;&quot;,&quot;right&quot;:&quot;&quot;,&quot;bottom&quot;:&quot;&quot;,&quot;left&quot;:&quot;&quot;,&quot;isLinked&quot;:true},&quot;element_pack_global_tooltip_border_radius&quot;:{&quot;unit&quot;:&quot;px&quot;,&quot;top&quot;:&quot;&quot;,&quot;right&quot;:&quot;&quot;,&quot;bottom&quot;:&quot;&quot;,&quot;left&quot;:&quot;&quot;,&quot;isLinked&quot;:true},&quot;element_pack_global_tooltip_border_radius_tablet&quot;:{&quot;unit&quot;:&quot;px&quot;,&quot;top&quot;:&quot;&quot;,&quot;right&quot;:&quot;&quot;,&quot;bottom&quot;:&quot;&quot;,&quot;left&quot;:&quot;&quot;,&quot;isLinked&quot;:true},&quot;element_pack_global_tooltip_border_radius_mobile&quot;:{&quot;unit&quot;:&quot;px&quot;,&quot;top&quot;:&quot;&quot;,&quot;right&quot;:&quot;&quot;,&quot;bottom&quot;:&quot;&quot;,&quot;left&quot;:&quot;&quot;,&quot;isLinked&quot;:true}}\" data-elementor-post-type=\"product\">\n\t\t\t\t<div class=\"elementor-element elementor-element-93aa4a8 e-con-full e-flex e-con e-parent\" data-id=\"93aa4a8\" data-element_type=\"container\" data-e-type=\"container\">\n\t\t\t\t<div class=\"elementor-element elementor-element-2c3f760 miaoshu elementor-widget elementor-widget-wd_text_block\" data-id=\"2c3f760\" data-element_type=\"widget\" data-e-type=\"widget\" data-widget_type=\"wd_text_block.default\">\n\t\t\t\t<div class=\"elementor-widget-container\">\n\t\t\t\t\t\t\t<div class=\"wd-text-block reset-last-child text-left\">\n\t\t\t\n\t\t\t<h2>Agilice su programaci\u00f3n con Amelia<\/h2>\n<p>Amelia permite a las empresas automatizar las reservas de citas y eventos sin problemas. Este potente plugin de WordPress se encarga de la programaci\u00f3n, los pagos y la gesti\u00f3n de clientes en l\u00ednea. Por ejemplo, m\u00e1s de 16.000 citas se reservan semanalmente a trav\u00e9s de \u00e9l. Adem\u00e1s, procesa 20.000 eventos al mes, lo que ayuda a salones, cl\u00ednicas y organizadores de eventos a prosperar.<\/p>\n\n<h3>Funciones b\u00e1sicas para una gesti\u00f3n sin esfuerzo<\/h3>\n<p>Obtendr\u00e1 herramientas s\u00f3lidas para aumentar la eficiencia. Amelia env\u00eda recordatorios por correo electr\u00f3nico y SMS para reducir las ausencias. Tambi\u00e9n detecta autom\u00e1ticamente las zonas horarias para los clientes internacionales. Adem\u00e1s, los clientes reservan 24 horas al d\u00eda, 7 d\u00edas a la semana, a trav\u00e9s de formularios intuitivos. Adem\u00e1s, cobra los pagos por adelantado y se integra con Zoom para reuniones virtuales.<\/p>\n\n<h3>Integraci\u00f3n perfecta con WordPress<\/h3>\n<p>Amelia encaja perfectamente en tu sitio WordPress. Funciona con cualquier tema y admite shortcodes para una configuraci\u00f3n r\u00e1pida. Por ejemplo, los empleados pueden gestionar los horarios desde el front-end sin necesidad de acceder al panel de control. Los clientes tambi\u00e9n pueden reprogramar f\u00e1cilmente. Adem\u00e1s, el plugin gestiona m\u00faltiples ubicaciones y servicios con precios personalizados.<\/p>\n\n<h3>A la medida de empresas diversas<\/h3>\n<p>A los profesionales les encanta la flexibilidad de Amelia. Los fot\u00f3grafos reservan sesiones sin esfuerzo. Los asesores programan reuniones con dep\u00f3sitos. Los organizadores de eventos utilizan la venta din\u00e1mica de entradas para eventos recurrentes. En resumen, se adapta a agencias, aut\u00f3nomos y empresas por igual. Los desarrolladores aprecian su c\u00f3digo limpio y sus webhooks.<\/p>\n\n<p>Empieza hoy mismo con la versi\u00f3n Lite gratuita de Amelia. Actual\u00edcela para obtener todas las funciones y una garant\u00eda de devoluci\u00f3n del dinero de 15 d\u00edas. Transforme ya su proceso de reserva.<\/p>\n\t\t\t\t\t<\/div>\n\t\t\t\t\t\t<\/div>\n\t\t\t\t<\/div>\n\t\t\t\t<\/div>\n\t\t<div class=\"wd-negative-gap elementor-element elementor-element-9a0da87 e-flex e-con-boxed e-con e-parent\" data-id=\"9a0da87\" data-element_type=\"container\" data-e-type=\"container\">\n\t\t\t\t\t<div class=\"e-con-inner\">\n\t\t\t\t<div class=\"elementor-element elementor-element-11a5a4e elementor-widget elementor-widget-wd_text_block\" data-id=\"11a5a4e\" data-element_type=\"widget\" data-e-type=\"widget\" data-widget_type=\"wd_text_block.default\">\n\t\t\t\t<div class=\"elementor-widget-container\">\n\t\t\t\t\t\t\t<div class=\"wd-text-block reset-last-child text-left\">\n\t\t\t\n\t\t\t<div id=\"title\" class=\"style-scope ytd-watch-metadata\"><h1 class=\"style-scope ytd-watch-metadata\">Amelia v8.5 - Reserva de citas a nivel empresarial<\/h1><\/div>\n\t\t\t\t\t<\/div>\n\t\t\t\t\t\t<\/div>\n\t\t\t\t<\/div>\n\t\t\t\t\t<\/div>\n\t\t\t\t<\/div>\n\t\t<div class=\"wd-negative-gap elementor-element elementor-element-c6550e9 e-flex e-con-boxed e-con e-parent\" data-id=\"c6550e9\" data-element_type=\"container\" data-e-type=\"container\">\n\t\t\t\t\t<div class=\"e-con-inner\">\n\t\t\t\t<div class=\"elementor-element elementor-element-fa7b692 elementor-widget elementor-widget-video\" data-id=\"fa7b692\" data-element_type=\"widget\" data-e-type=\"widget\" data-settings=\"{&quot;youtube_url&quot;:&quot;https:\\\/\\\/www.youtube.com\\\/watch?v=6wAvO9zBAFA&quot;,&quot;video_type&quot;:&quot;youtube&quot;,&quot;controls&quot;:&quot;yes&quot;}\" data-widget_type=\"video.default\">\n\t\t\t\t\t\t\t<div class=\"elementor-wrapper elementor-open-inline\">\n\t\t\t<div class=\"elementor-video\"><\/div>\t\t<\/div>\n\t\t\t\t\t\t<\/div>\n\t\t\t\t\t<\/div>\n\t\t\t\t<\/div>\n\t\t\t\t<\/div>","protected":false},"excerpt":{"rendered":"<p>Agilice su planificaci\u00f3n con Amelia Amelia permite a las empresas automatizar las reservas de citas y eventos sin problemas. Este potente plugin de WordPress gestiona<\/p>","protected":false},"featured_media":10637,"comment_status":"open","ping_status":"closed","template":"","meta":{"_acf_changed":false},"product_brand":[],"product_cat":[49],"product_tag":[],"class_list":{"0":"post-10636","1":"product","2":"type-product","3":"status-publish","4":"has-post-thumbnail","6":"product_cat-plugins","8":"first","9":"instock","10":"sale","11":"downloadable","12":"shipping-taxable","13":"purchasable","14":"product-type-simple"},"acf":[],"yoast_head":"<!-- This site is optimized with the Yoast SEO Premium plugin v25.6 (Yoast SEO v27.1.1) - https:\/\/yoast.com\/product\/yoast-seo-premium-wordpress\/ -->\n<title>Amelia \u2013 Enterprise-Level Appointment Booking - AllWin Theme \u2013 Free WordPress Themes Download<\/title>\n<meta name=\"description\" content=\"Boost your WooCommerce sales with CartFlows Pro \u2013 the #1 WordPress plugin for creating high-converting funnels, upsells, and order bumps to turn visitors into loyal customers.\" \/>\n<meta name=\"robots\" content=\"index, follow, max-snippet:-1, max-image-preview:large, max-video-preview:-1\" \/>\n<link rel=\"canonical\" href=\"https:\/\/allwintheme.com\/es\/producto\/amelia-reserva-de-citas-a-nivel-de-empresa\/\" \/>\n<meta property=\"og:locale\" content=\"es_ES\" \/>\n<meta property=\"og:type\" content=\"article\" \/>\n<meta property=\"og:title\" content=\"Amelia \u2013 Enterprise-Level Appointment Booking\" \/>\n<meta property=\"og:description\" content=\"Boost your WooCommerce sales with CartFlows Pro \u2013 the #1 WordPress plugin for creating high-converting funnels, upsells, and order bumps to turn visitors into loyal customers.\" \/>\n<meta property=\"og:url\" content=\"https:\/\/allwintheme.com\/es\/producto\/amelia-reserva-de-citas-a-nivel-de-empresa\/\" \/>\n<meta property=\"og:site_name\" content=\"AllWin Theme \u2013 Free WordPress Themes Download\" \/>\n<meta property=\"article:modified_time\" content=\"2025-10-14T14:45:23+00:00\" \/>\n<meta property=\"og:image\" content=\"https:\/\/allwintheme.com\/wp-content\/uploads\/2025\/10\/i29cx228.png\" \/>\n\t<meta property=\"og:image:width\" content=\"590\" \/>\n\t<meta property=\"og:image:height\" content=\"300\" \/>\n\t<meta property=\"og:image:type\" content=\"image\/png\" \/>\n<meta name=\"twitter:card\" content=\"summary_large_image\" \/>\n<meta name=\"twitter:label1\" content=\"Tiempo estimado de lectura\" \/>\n\t<meta name=\"twitter:data1\" content=\"2 minutos\" \/>\n<script type=\"application\/ld+json\" class=\"yoast-schema-graph\">{\"@context\":\"https:\/\/schema.org\",\"@graph\":[{\"@type\":\"WebPage\",\"@id\":\"https:\/\/allwintheme.com\/product\/amelia-enterprise-level-appointment-booking\/\",\"url\":\"https:\/\/allwintheme.com\/product\/amelia-enterprise-level-appointment-booking\/\",\"name\":\"Amelia \u2013 Enterprise-Level Appointment Booking - AllWin Theme \u2013 Free WordPress Themes Download\",\"isPartOf\":{\"@id\":\"https:\/\/allwintheme.com\/#website\"},\"primaryImageOfPage\":{\"@id\":\"https:\/\/allwintheme.com\/product\/amelia-enterprise-level-appointment-booking\/#primaryimage\"},\"image\":{\"@id\":\"https:\/\/allwintheme.com\/product\/amelia-enterprise-level-appointment-booking\/#primaryimage\"},\"thumbnailUrl\":\"https:\/\/allwintheme.com\/wp-content\/uploads\/2025\/10\/i29cx228.png\",\"datePublished\":\"2025-10-14T14:30:53+00:00\",\"dateModified\":\"2025-10-14T14:45:23+00:00\",\"description\":\"Boost your WooCommerce sales with CartFlows Pro \u2013 the #1 WordPress plugin for creating high-converting funnels, upsells, and order bumps to turn visitors into loyal customers.\",\"breadcrumb\":{\"@id\":\"https:\/\/allwintheme.com\/product\/amelia-enterprise-level-appointment-booking\/#breadcrumb\"},\"inLanguage\":\"es-CL\",\"potentialAction\":[{\"@type\":\"ReadAction\",\"target\":[\"https:\/\/allwintheme.com\/product\/amelia-enterprise-level-appointment-booking\/\"]}]},{\"@type\":\"ImageObject\",\"inLanguage\":\"es-CL\",\"@id\":\"https:\/\/allwintheme.com\/product\/amelia-enterprise-level-appointment-booking\/#primaryimage\",\"url\":\"https:\/\/allwintheme.com\/wp-content\/uploads\/2025\/10\/i29cx228.png\",\"contentUrl\":\"https:\/\/allwintheme.com\/wp-content\/uploads\/2025\/10\/i29cx228.png\",\"width\":590,\"height\":300,\"caption\":\"Amelia \u2013 Enterprise-Level Appointment Booking\"},{\"@type\":\"BreadcrumbList\",\"@id\":\"https:\/\/allwintheme.com\/product\/amelia-enterprise-level-appointment-booking\/#breadcrumb\",\"itemListElement\":[{\"@type\":\"ListItem\",\"position\":1,\"name\":\"Home\",\"item\":\"https:\/\/allwintheme.com\/\"},{\"@type\":\"ListItem\",\"position\":2,\"name\":\"Shop\",\"item\":\"https:\/\/allwintheme.com\/shop\/\"},{\"@type\":\"ListItem\",\"position\":3,\"name\":\"Amelia \u2013 Enterprise-Level Appointment Booking\"}]},{\"@type\":\"WebSite\",\"@id\":\"https:\/\/allwintheme.com\/#website\",\"url\":\"https:\/\/allwintheme.com\/\",\"name\":\"Allwintheme\",\"description\":\"Download free WordPress themes for every niche. Blogs, business, eCommerce, portfolio, restaurant and more. All themes are GPL licensed and mobile-ready.\",\"potentialAction\":[{\"@type\":\"SearchAction\",\"target\":{\"@type\":\"EntryPoint\",\"urlTemplate\":\"https:\/\/allwintheme.com\/?s={search_term_string}\"},\"query-input\":{\"@type\":\"PropertyValueSpecification\",\"valueRequired\":true,\"valueName\":\"search_term_string\"}}],\"inLanguage\":\"es-CL\"}]}<\/script>\n<!-- \/ Yoast SEO Premium plugin. -->","yoast_head_json":{"title":"Amelia \u2013 Enterprise-Level Appointment Booking - AllWin Theme \u2013 Free WordPress Themes Download","description":"Aumenta las ventas de tu WooCommerce con CartFlows Pro - el plugin de WordPress #1 para crear embudos de alta conversi\u00f3n, upsells y bumps de pedidos para convertir a los visitantes en clientes fieles.","robots":{"index":"index","follow":"follow","max-snippet":"max-snippet:-1","max-image-preview":"max-image-preview:large","max-video-preview":"max-video-preview:-1"},"canonical":"https:\/\/allwintheme.com\/es\/producto\/amelia-reserva-de-citas-a-nivel-de-empresa\/","og_locale":"es_ES","og_type":"article","og_title":"Amelia \u2013 Enterprise-Level Appointment Booking","og_description":"Boost your WooCommerce sales with CartFlows Pro \u2013 the #1 WordPress plugin for creating high-converting funnels, upsells, and order bumps to turn visitors into loyal customers.","og_url":"https:\/\/allwintheme.com\/es\/producto\/amelia-reserva-de-citas-a-nivel-de-empresa\/","og_site_name":"AllWin Theme \u2013 Free WordPress Themes Download","article_modified_time":"2025-10-14T14:45:23+00:00","og_image":[{"width":590,"height":300,"url":"https:\/\/allwintheme.com\/wp-content\/uploads\/2025\/10\/i29cx228.png","type":"image\/png"}],"twitter_card":"summary_large_image","twitter_misc":{"Tiempo estimado de lectura":"2 minutos"},"schema":{"@context":"https:\/\/schema.org","@graph":[{"@type":"WebPage","@id":"https:\/\/allwintheme.com\/product\/amelia-enterprise-level-appointment-booking\/","url":"https:\/\/allwintheme.com\/product\/amelia-enterprise-level-appointment-booking\/","name":"Amelia \u2013 Enterprise-Level Appointment Booking - AllWin Theme \u2013 Free WordPress Themes Download","isPartOf":{"@id":"https:\/\/allwintheme.com\/#website"},"primaryImageOfPage":{"@id":"https:\/\/allwintheme.com\/product\/amelia-enterprise-level-appointment-booking\/#primaryimage"},"image":{"@id":"https:\/\/allwintheme.com\/product\/amelia-enterprise-level-appointment-booking\/#primaryimage"},"thumbnailUrl":"https:\/\/allwintheme.com\/wp-content\/uploads\/2025\/10\/i29cx228.png","datePublished":"2025-10-14T14:30:53+00:00","dateModified":"2025-10-14T14:45:23+00:00","description":"Aumenta las ventas de tu WooCommerce con CartFlows Pro - el plugin de WordPress #1 para crear embudos de alta conversi\u00f3n, upsells y bumps de pedidos para convertir a los visitantes en clientes fieles.","breadcrumb":{"@id":"https:\/\/allwintheme.com\/product\/amelia-enterprise-level-appointment-booking\/#breadcrumb"},"inLanguage":"es-CL","potentialAction":[{"@type":"ReadAction","target":["https:\/\/allwintheme.com\/product\/amelia-enterprise-level-appointment-booking\/"]}]},{"@type":"ImageObject","inLanguage":"es-CL","@id":"https:\/\/allwintheme.com\/product\/amelia-enterprise-level-appointment-booking\/#primaryimage","url":"https:\/\/allwintheme.com\/wp-content\/uploads\/2025\/10\/i29cx228.png","contentUrl":"https:\/\/allwintheme.com\/wp-content\/uploads\/2025\/10\/i29cx228.png","width":590,"height":300,"caption":"Amelia \u2013 Enterprise-Level Appointment Booking"},{"@type":"BreadcrumbList","@id":"https:\/\/allwintheme.com\/product\/amelia-enterprise-level-appointment-booking\/#breadcrumb","itemListElement":[{"@type":"ListItem","position":1,"name":"Home","item":"https:\/\/allwintheme.com\/"},{"@type":"ListItem","position":2,"name":"Shop","item":"https:\/\/allwintheme.com\/shop\/"},{"@type":"ListItem","position":3,"name":"Amelia \u2013 Enterprise-Level Appointment Booking"}]},{"@type":"WebSite","@id":"https:\/\/allwintheme.com\/#website","url":"https:\/\/allwintheme.com\/","name":"Allwintheme","description":"Descarga gratis temas de WordPress para todos los nichos. Blogs, negocios, comercio electr\u00f3nico, portafolio, restaurante y m\u00e1s. Todos los temas tienen licencia GPL y est\u00e1n preparados para dispositivos m\u00f3viles.","potentialAction":[{"@type":"SearchAction","target":{"@type":"EntryPoint","urlTemplate":"https:\/\/allwintheme.com\/?s={search_term_string}"},"query-input":{"@type":"PropertyValueSpecification","valueRequired":true,"valueName":"search_term_string"}}],"inLanguage":"es-CL"}]}},"_links":{"self":[{"href":"https:\/\/allwintheme.com\/es\/wp-json\/wp\/v2\/product\/10636","targetHints":{"allow":["GET"]}}],"collection":[{"href":"https:\/\/allwintheme.com\/es\/wp-json\/wp\/v2\/product"}],"about":[{"href":"https:\/\/allwintheme.com\/es\/wp-json\/wp\/v2\/types\/product"}],"replies":[{"embeddable":true,"href":"https:\/\/allwintheme.com\/es\/wp-json\/wp\/v2\/comments?post=10636"}],"version-history":[{"count":5,"href":"https:\/\/allwintheme.com\/es\/wp-json\/wp\/v2\/product\/10636\/revisions"}],"predecessor-version":[{"id":10642,"href":"https:\/\/allwintheme.com\/es\/wp-json\/wp\/v2\/product\/10636\/revisions\/10642"}],"wp:featuredmedia":[{"embeddable":true,"href":"https:\/\/allwintheme.com\/es\/wp-json\/wp\/v2\/media\/10637"}],"wp:attachment":[{"href":"https:\/\/allwintheme.com\/es\/wp-json\/wp\/v2\/media?parent=10636"}],"wp:term":[{"taxonomy":"product_brand","embeddable":true,"href":"https:\/\/allwintheme.com\/es\/wp-json\/wp\/v2\/product_brand?post=10636"},{"taxonomy":"product_cat","embeddable":true,"href":"https:\/\/allwintheme.com\/es\/wp-json\/wp\/v2\/product_cat?post=10636"},{"taxonomy":"product_tag","embeddable":true,"href":"https:\/\/allwintheme.com\/es\/wp-json\/wp\/v2\/product_tag?post=10636"}],"curies":[{"name":"wp","href":"https:\/\/api.w.org\/{rel}","templated":true}]}}