{"id":10643,"date":"2025-10-14T14:59:55","date_gmt":"2025-10-14T14:59:55","guid":{"rendered":"https:\/\/allwintheme.com\/?post_type=product&#038;p=10643"},"modified":"2025-10-14T15:21:06","modified_gmt":"2025-10-14T15:21:06","slug":"simplemente-programar-citas-edicion-profesional","status":"publish","type":"product","link":"https:\/\/allwintheme.com\/es\/producto\/simplemente-programar-citas-edicion-profesional\/","title":{"rendered":"Simply Schedule Appointments Edici\u00f3n Profesional"},"content":{"rendered":"<div data-elementor-type=\"wp-post\" data-elementor-id=\"10643\" class=\"elementor elementor-10643\" data-elementor-settings=\"{&quot;element_pack_global_tooltip_width&quot;:{&quot;unit&quot;:&quot;px&quot;,&quot;size&quot;:&quot;&quot;,&quot;sizes&quot;:[]},&quot;element_pack_global_tooltip_width_tablet&quot;:{&quot;unit&quot;:&quot;px&quot;,&quot;size&quot;:&quot;&quot;,&quot;sizes&quot;:[]},&quot;element_pack_global_tooltip_width_mobile&quot;:{&quot;unit&quot;:&quot;px&quot;,&quot;size&quot;:&quot;&quot;,&quot;sizes&quot;:[]},&quot;element_pack_global_tooltip_padding&quot;:{&quot;unit&quot;:&quot;px&quot;,&quot;top&quot;:&quot;&quot;,&quot;right&quot;:&quot;&quot;,&quot;bottom&quot;:&quot;&quot;,&quot;left&quot;:&quot;&quot;,&quot;isLinked&quot;:true},&quot;element_pack_global_tooltip_padding_tablet&quot;:{&quot;unit&quot;:&quot;px&quot;,&quot;top&quot;:&quot;&quot;,&quot;right&quot;:&quot;&quot;,&quot;bottom&quot;:&quot;&quot;,&quot;left&quot;:&quot;&quot;,&quot;isLinked&quot;:true},&quot;element_pack_global_tooltip_padding_mobile&quot;:{&quot;unit&quot;:&quot;px&quot;,&quot;top&quot;:&quot;&quot;,&quot;right&quot;:&quot;&quot;,&quot;bottom&quot;:&quot;&quot;,&quot;left&quot;:&quot;&quot;,&quot;isLinked&quot;:true},&quot;element_pack_global_tooltip_border_radius&quot;:{&quot;unit&quot;:&quot;px&quot;,&quot;top&quot;:&quot;&quot;,&quot;right&quot;:&quot;&quot;,&quot;bottom&quot;:&quot;&quot;,&quot;left&quot;:&quot;&quot;,&quot;isLinked&quot;:true},&quot;element_pack_global_tooltip_border_radius_tablet&quot;:{&quot;unit&quot;:&quot;px&quot;,&quot;top&quot;:&quot;&quot;,&quot;right&quot;:&quot;&quot;,&quot;bottom&quot;:&quot;&quot;,&quot;left&quot;:&quot;&quot;,&quot;isLinked&quot;:true},&quot;element_pack_global_tooltip_border_radius_mobile&quot;:{&quot;unit&quot;:&quot;px&quot;,&quot;top&quot;:&quot;&quot;,&quot;right&quot;:&quot;&quot;,&quot;bottom&quot;:&quot;&quot;,&quot;left&quot;:&quot;&quot;,&quot;isLinked&quot;:true}}\" data-elementor-post-type=\"product\">\n\t\t\t\t<div class=\"elementor-element elementor-element-93aa4a8 e-con-full e-flex e-con e-parent\" data-id=\"93aa4a8\" data-element_type=\"container\" data-e-type=\"container\">\n\t\t\t\t<div class=\"elementor-element elementor-element-2c3f760 miaoshu elementor-widget elementor-widget-wd_text_block\" data-id=\"2c3f760\" data-element_type=\"widget\" data-e-type=\"widget\" data-widget_type=\"wd_text_block.default\">\n\t\t\t\t<div class=\"elementor-widget-container\">\n\t\t\t\t\t\t\t<div class=\"wd-text-block reset-last-child text-left\">\n\t\t\t\n\t\t\t<h2>Agilice sus reservas con Simply Schedule Appointments Professional Edition<\/h2>\n<p>Simply Schedule Appointments Professional Edition transforma su sitio WordPress en un poderoso centro de reservas. Puede aceptar pagos, enviar recordatorios e integrarse con las mejores herramientas, todo manteniendo las cosas simples. M\u00e1s de 30.000 empresas conf\u00edan en \u00e9l para agendar citas f\u00e1cilmente. Adem\u00e1s, recibe muy buenas cr\u00edticas por su r\u00e1pida instalaci\u00f3n y su amable soporte.<\/p>\n\n<h3>Potentes funciones para aumentar la eficacia<\/h3>\n<p>Obtendr\u00e1 todo lo que ofrece el plan Plus, y mucho m\u00e1s. Por ejemplo, acepte pagos de Stripe y PayPal directamente en su sitio web. Adem\u00e1s, env\u00ede recordatorios personalizados por SMS y correo electr\u00f3nico para reducir las ausencias. Tambi\u00e9n puede realizar un seguimiento de las conversiones y automatizar los flujos de trabajo. Adem\u00e1s, puede configurar eventos de grupo o varias franjas horarias. Estas herramientas le ayudar\u00e1n a gestionar consultas, clases o servicios sin complicaciones.<\/p>\n\n<h3>Integraciones sencillas para flujos de trabajo fluidos<\/h3>\n<p>Esta edici\u00f3n brilla por sus conexiones inteligentes. Sincroniza con Google Calendar para evitar la doble reserva. Integra Zoom o Webex para reuniones virtuales. Tambi\u00e9n puedes enlazar con Mailchimp para los seguimientos o con Gravity Forms para los campos personalizados. Como resultado, tu equipo gestiona las agendas sin esfuerzo. Y funciona con constructores como Elementor y Divi para dise\u00f1os personalizados.<\/p>\n\n<h3>Perfecto para empresas en crecimiento<\/h3>\n<p>A entrenadores, asesores y salones les encanta. Los usuarios dicen que se configura en cuesti\u00f3n de minutos, incluso para necesidades complejas. Por ejemplo, un promotor elogi\u00f3 su accesibilidad para usuarios invidentes. Otro destac\u00f3 la mejora en la fidelizaci\u00f3n de clientes gracias a la fluidez de la experiencia. Con soporte premium y un reembolso de 30 d\u00edas, no arriesgas nada. Actualice hoy y vea c\u00f3mo se disparan las reservas.<\/p>\n\t\t\t\t\t<\/div>\n\t\t\t\t\t\t<\/div>\n\t\t\t\t<\/div>\n\t\t\t\t<\/div>\n\t\t<div class=\"wd-negative-gap elementor-element elementor-element-9a0da87 e-flex e-con-boxed e-con e-parent\" data-id=\"9a0da87\" data-element_type=\"container\" data-e-type=\"container\">\n\t\t\t\t\t<div class=\"e-con-inner\">\n\t\t\t\t<div class=\"elementor-element elementor-element-11a5a4e elementor-widget elementor-widget-wd_text_block\" data-id=\"11a5a4e\" data-element_type=\"widget\" data-e-type=\"widget\" data-widget_type=\"wd_text_block.default\">\n\t\t\t\t<div class=\"elementor-widget-container\">\n\t\t\t\t\t\t\t<div class=\"wd-text-block reset-last-child text-left\">\n\t\t\t\n\t\t\t<div id=\"title\" class=\"style-scope ytd-watch-metadata\"><h1 class=\"style-scope ytd-watch-metadata\">Simplemente concierte una cita<\/h1><\/div>\n\t\t\t\t\t<\/div>\n\t\t\t\t\t\t<\/div>\n\t\t\t\t<\/div>\n\t\t\t\t\t<\/div>\n\t\t\t\t<\/div>\n\t\t<div class=\"wd-negative-gap elementor-element elementor-element-c6550e9 e-flex e-con-boxed e-con e-parent\" data-id=\"c6550e9\" data-element_type=\"container\" data-e-type=\"container\">\n\t\t\t\t\t<div class=\"e-con-inner\">\n\t\t\t\t<div class=\"elementor-element elementor-element-fa7b692 elementor-widget elementor-widget-video\" data-id=\"fa7b692\" data-element_type=\"widget\" data-e-type=\"widget\" data-settings=\"{&quot;youtube_url&quot;:&quot;https:\\\/\\\/www.youtube.com\\\/watch?v=HBnVKfvvXjU&amp;list=PL5lPHCrC6wrxGKTij59AiDFD-Cqbf58Qe&quot;,&quot;video_type&quot;:&quot;youtube&quot;,&quot;controls&quot;:&quot;yes&quot;}\" data-widget_type=\"video.default\">\n\t\t\t\t\t\t\t<div class=\"elementor-wrapper elementor-open-inline\">\n\t\t\t<div class=\"elementor-video\"><\/div>\t\t<\/div>\n\t\t\t\t\t\t<\/div>\n\t\t\t\t\t<\/div>\n\t\t\t\t<\/div>\n\t\t\t\t<\/div>","protected":false},"excerpt":{"rendered":"<p>Agilice sus reservas con Simply Schedule Appointments Professional Edition Simply Schedule Appointments Professional Edition transforma su sitio de WordPress en un portal de reservas.<\/p>","protected":false},"featured_media":10644,"comment_status":"open","ping_status":"closed","template":"","meta":{"_acf_changed":false},"product_brand":[],"product_cat":[49],"product_tag":[],"class_list":{"0":"post-10643","1":"product","2":"type-product","3":"status-publish","4":"has-post-thumbnail","6":"product_cat-plugins","8":"first","9":"instock","10":"sale","11":"downloadable","12":"shipping-taxable","13":"purchasable","14":"product-type-simple"},"acf":[],"yoast_head":"<!-- This site is optimized with the Yoast SEO Premium plugin v25.6 (Yoast SEO v27.1.1) - https:\/\/yoast.com\/product\/yoast-seo-premium-wordpress\/ -->\n<title>Simply Schedule Appointments Professional Edition - AllWin Theme \u2013 Free WordPress Themes Download<\/title>\n<meta name=\"description\" content=\"Effortlessly book appointments with Simply Schedule Appointments Professional Edition \u2013 the top WordPress plugin for payments, SMS reminders, and seamless integrations to grow your business.\" \/>\n<meta name=\"robots\" content=\"index, follow, max-snippet:-1, max-image-preview:large, max-video-preview:-1\" \/>\n<link rel=\"canonical\" href=\"https:\/\/allwintheme.com\/es\/producto\/simplemente-programar-citas-edicion-profesional\/\" \/>\n<meta property=\"og:locale\" content=\"es_ES\" \/>\n<meta property=\"og:type\" content=\"article\" \/>\n<meta property=\"og:title\" content=\"Simply Schedule Appointments Professional Edition\" \/>\n<meta property=\"og:description\" content=\"Effortlessly book appointments with Simply Schedule Appointments Professional Edition \u2013 the top WordPress plugin for payments, SMS reminders, and seamless integrations to grow your business.\" \/>\n<meta property=\"og:url\" content=\"https:\/\/allwintheme.com\/es\/producto\/simplemente-programar-citas-edicion-profesional\/\" \/>\n<meta property=\"og:site_name\" content=\"AllWin Theme \u2013 Free WordPress Themes Download\" \/>\n<meta property=\"article:modified_time\" content=\"2025-10-14T15:21:06+00:00\" \/>\n<meta property=\"og:image\" content=\"https:\/\/allwintheme.com\/wp-content\/uploads\/2025\/10\/fx1fifbm.png\" \/>\n\t<meta property=\"og:image:width\" content=\"768\" \/>\n\t<meta property=\"og:image:height\" content=\"411\" \/>\n\t<meta property=\"og:image:type\" content=\"image\/png\" \/>\n<meta name=\"twitter:card\" content=\"summary_large_image\" \/>\n<meta name=\"twitter:label1\" content=\"Tiempo estimado de lectura\" \/>\n\t<meta name=\"twitter:data1\" content=\"2 minutos\" \/>\n<script type=\"application\/ld+json\" class=\"yoast-schema-graph\">{\"@context\":\"https:\/\/schema.org\",\"@graph\":[{\"@type\":\"WebPage\",\"@id\":\"https:\/\/allwintheme.com\/product\/simply-schedule-appointments-professional-edition\/\",\"url\":\"https:\/\/allwintheme.com\/product\/simply-schedule-appointments-professional-edition\/\",\"name\":\"Simply Schedule Appointments Professional Edition - AllWin Theme \u2013 Free WordPress Themes Download\",\"isPartOf\":{\"@id\":\"https:\/\/allwintheme.com\/#website\"},\"primaryImageOfPage\":{\"@id\":\"https:\/\/allwintheme.com\/product\/simply-schedule-appointments-professional-edition\/#primaryimage\"},\"image\":{\"@id\":\"https:\/\/allwintheme.com\/product\/simply-schedule-appointments-professional-edition\/#primaryimage\"},\"thumbnailUrl\":\"https:\/\/allwintheme.com\/wp-content\/uploads\/2025\/10\/fx1fifbm.png\",\"datePublished\":\"2025-10-14T14:59:55+00:00\",\"dateModified\":\"2025-10-14T15:21:06+00:00\",\"description\":\"Effortlessly book appointments with Simply Schedule Appointments Professional Edition \u2013 the top WordPress plugin for payments, SMS reminders, and seamless integrations to grow your business.\",\"breadcrumb\":{\"@id\":\"https:\/\/allwintheme.com\/product\/simply-schedule-appointments-professional-edition\/#breadcrumb\"},\"inLanguage\":\"es-CL\",\"potentialAction\":[{\"@type\":\"ReadAction\",\"target\":[\"https:\/\/allwintheme.com\/product\/simply-schedule-appointments-professional-edition\/\"]}]},{\"@type\":\"ImageObject\",\"inLanguage\":\"es-CL\",\"@id\":\"https:\/\/allwintheme.com\/product\/simply-schedule-appointments-professional-edition\/#primaryimage\",\"url\":\"https:\/\/allwintheme.com\/wp-content\/uploads\/2025\/10\/fx1fifbm.png\",\"contentUrl\":\"https:\/\/allwintheme.com\/wp-content\/uploads\/2025\/10\/fx1fifbm.png\",\"width\":768,\"height\":411,\"caption\":\"Simply Schedule Appointments Professional Edition\"},{\"@type\":\"BreadcrumbList\",\"@id\":\"https:\/\/allwintheme.com\/product\/simply-schedule-appointments-professional-edition\/#breadcrumb\",\"itemListElement\":[{\"@type\":\"ListItem\",\"position\":1,\"name\":\"Home\",\"item\":\"https:\/\/allwintheme.com\/\"},{\"@type\":\"ListItem\",\"position\":2,\"name\":\"Shop\",\"item\":\"https:\/\/allwintheme.com\/shop\/\"},{\"@type\":\"ListItem\",\"position\":3,\"name\":\"Simply Schedule Appointments Professional Edition\"}]},{\"@type\":\"WebSite\",\"@id\":\"https:\/\/allwintheme.com\/#website\",\"url\":\"https:\/\/allwintheme.com\/\",\"name\":\"Allwintheme\",\"description\":\"Download free WordPress themes for every niche. Blogs, business, eCommerce, portfolio, restaurant and more. All themes are GPL licensed and mobile-ready.\",\"potentialAction\":[{\"@type\":\"SearchAction\",\"target\":{\"@type\":\"EntryPoint\",\"urlTemplate\":\"https:\/\/allwintheme.com\/?s={search_term_string}\"},\"query-input\":{\"@type\":\"PropertyValueSpecification\",\"valueRequired\":true,\"valueName\":\"search_term_string\"}}],\"inLanguage\":\"es-CL\"}]}<\/script>\n<!-- \/ Yoast SEO Premium plugin. -->","yoast_head_json":{"title":"Simply Schedule Appointments Professional Edition - AllWin Theme \u2013 Free WordPress Themes Download","description":"Reserve citas sin esfuerzo con Simply Schedule Appointments Professional Edition, el mejor plugin de WordPress para pagos, recordatorios por SMS e integraciones perfectas para hacer crecer su negocio.","robots":{"index":"index","follow":"follow","max-snippet":"max-snippet:-1","max-image-preview":"max-image-preview:large","max-video-preview":"max-video-preview:-1"},"canonical":"https:\/\/allwintheme.com\/es\/producto\/simplemente-programar-citas-edicion-profesional\/","og_locale":"es_ES","og_type":"article","og_title":"Simply Schedule Appointments Professional Edition","og_description":"Effortlessly book appointments with Simply Schedule Appointments Professional Edition \u2013 the top WordPress plugin for payments, SMS reminders, and seamless integrations to grow your business.","og_url":"https:\/\/allwintheme.com\/es\/producto\/simplemente-programar-citas-edicion-profesional\/","og_site_name":"AllWin Theme \u2013 Free WordPress Themes Download","article_modified_time":"2025-10-14T15:21:06+00:00","og_image":[{"width":768,"height":411,"url":"https:\/\/allwintheme.com\/wp-content\/uploads\/2025\/10\/fx1fifbm.png","type":"image\/png"}],"twitter_card":"summary_large_image","twitter_misc":{"Tiempo estimado de lectura":"2 minutos"},"schema":{"@context":"https:\/\/schema.org","@graph":[{"@type":"WebPage","@id":"https:\/\/allwintheme.com\/product\/simply-schedule-appointments-professional-edition\/","url":"https:\/\/allwintheme.com\/product\/simply-schedule-appointments-professional-edition\/","name":"Simply Schedule Appointments Professional Edition - AllWin Theme \u2013 Free WordPress Themes Download","isPartOf":{"@id":"https:\/\/allwintheme.com\/#website"},"primaryImageOfPage":{"@id":"https:\/\/allwintheme.com\/product\/simply-schedule-appointments-professional-edition\/#primaryimage"},"image":{"@id":"https:\/\/allwintheme.com\/product\/simply-schedule-appointments-professional-edition\/#primaryimage"},"thumbnailUrl":"https:\/\/allwintheme.com\/wp-content\/uploads\/2025\/10\/fx1fifbm.png","datePublished":"2025-10-14T14:59:55+00:00","dateModified":"2025-10-14T15:21:06+00:00","description":"Reserve citas sin esfuerzo con Simply Schedule Appointments Professional Edition, el mejor plugin de WordPress para pagos, recordatorios por SMS e integraciones perfectas para hacer crecer su negocio.","breadcrumb":{"@id":"https:\/\/allwintheme.com\/product\/simply-schedule-appointments-professional-edition\/#breadcrumb"},"inLanguage":"es-CL","potentialAction":[{"@type":"ReadAction","target":["https:\/\/allwintheme.com\/product\/simply-schedule-appointments-professional-edition\/"]}]},{"@type":"ImageObject","inLanguage":"es-CL","@id":"https:\/\/allwintheme.com\/product\/simply-schedule-appointments-professional-edition\/#primaryimage","url":"https:\/\/allwintheme.com\/wp-content\/uploads\/2025\/10\/fx1fifbm.png","contentUrl":"https:\/\/allwintheme.com\/wp-content\/uploads\/2025\/10\/fx1fifbm.png","width":768,"height":411,"caption":"Simply Schedule Appointments Professional Edition"},{"@type":"BreadcrumbList","@id":"https:\/\/allwintheme.com\/product\/simply-schedule-appointments-professional-edition\/#breadcrumb","itemListElement":[{"@type":"ListItem","position":1,"name":"Home","item":"https:\/\/allwintheme.com\/"},{"@type":"ListItem","position":2,"name":"Shop","item":"https:\/\/allwintheme.com\/shop\/"},{"@type":"ListItem","position":3,"name":"Simply Schedule Appointments Professional Edition"}]},{"@type":"WebSite","@id":"https:\/\/allwintheme.com\/#website","url":"https:\/\/allwintheme.com\/","name":"Allwintheme","description":"Descarga gratis temas de WordPress para todos los nichos. Blogs, negocios, comercio electr\u00f3nico, portafolio, restaurante y m\u00e1s. Todos los temas tienen licencia GPL y est\u00e1n preparados para dispositivos m\u00f3viles.","potentialAction":[{"@type":"SearchAction","target":{"@type":"EntryPoint","urlTemplate":"https:\/\/allwintheme.com\/?s={search_term_string}"},"query-input":{"@type":"PropertyValueSpecification","valueRequired":true,"valueName":"search_term_string"}}],"inLanguage":"es-CL"}]}},"_links":{"self":[{"href":"https:\/\/allwintheme.com\/es\/wp-json\/wp\/v2\/product\/10643","targetHints":{"allow":["GET"]}}],"collection":[{"href":"https:\/\/allwintheme.com\/es\/wp-json\/wp\/v2\/product"}],"about":[{"href":"https:\/\/allwintheme.com\/es\/wp-json\/wp\/v2\/types\/product"}],"replies":[{"embeddable":true,"href":"https:\/\/allwintheme.com\/es\/wp-json\/wp\/v2\/comments?post=10643"}],"version-history":[{"count":9,"href":"https:\/\/allwintheme.com\/es\/wp-json\/wp\/v2\/product\/10643\/revisions"}],"predecessor-version":[{"id":10653,"href":"https:\/\/allwintheme.com\/es\/wp-json\/wp\/v2\/product\/10643\/revisions\/10653"}],"wp:featuredmedia":[{"embeddable":true,"href":"https:\/\/allwintheme.com\/es\/wp-json\/wp\/v2\/media\/10644"}],"wp:attachment":[{"href":"https:\/\/allwintheme.com\/es\/wp-json\/wp\/v2\/media?parent=10643"}],"wp:term":[{"taxonomy":"product_brand","embeddable":true,"href":"https:\/\/allwintheme.com\/es\/wp-json\/wp\/v2\/product_brand?post=10643"},{"taxonomy":"product_cat","embeddable":true,"href":"https:\/\/allwintheme.com\/es\/wp-json\/wp\/v2\/product_cat?post=10643"},{"taxonomy":"product_tag","embeddable":true,"href":"https:\/\/allwintheme.com\/es\/wp-json\/wp\/v2\/product_tag?post=10643"}],"curies":[{"name":"wp","href":"https:\/\/api.w.org\/{rel}","templated":true}]}}