{"id":10673,"date":"2025-10-15T01:02:30","date_gmt":"2025-10-15T01:02:30","guid":{"rendered":"https:\/\/allwintheme.com\/?post_type=product&#038;p=10673"},"modified":"2025-10-15T01:10:33","modified_gmt":"2025-10-15T01:10:33","slug":"happyforms-para-amp","status":"publish","type":"product","link":"https:\/\/allwintheme.com\/es\/producto\/happyforms-para-amp\/","title":{"rendered":"Happyforms para AMP"},"content":{"rendered":"<div data-elementor-type=\"wp-post\" data-elementor-id=\"10673\" class=\"elementor elementor-10673\" data-elementor-settings=\"{&quot;element_pack_global_tooltip_width&quot;:{&quot;unit&quot;:&quot;px&quot;,&quot;size&quot;:&quot;&quot;,&quot;sizes&quot;:[]},&quot;element_pack_global_tooltip_width_tablet&quot;:{&quot;unit&quot;:&quot;px&quot;,&quot;size&quot;:&quot;&quot;,&quot;sizes&quot;:[]},&quot;element_pack_global_tooltip_width_mobile&quot;:{&quot;unit&quot;:&quot;px&quot;,&quot;size&quot;:&quot;&quot;,&quot;sizes&quot;:[]},&quot;element_pack_global_tooltip_padding&quot;:{&quot;unit&quot;:&quot;px&quot;,&quot;top&quot;:&quot;&quot;,&quot;right&quot;:&quot;&quot;,&quot;bottom&quot;:&quot;&quot;,&quot;left&quot;:&quot;&quot;,&quot;isLinked&quot;:true},&quot;element_pack_global_tooltip_padding_tablet&quot;:{&quot;unit&quot;:&quot;px&quot;,&quot;top&quot;:&quot;&quot;,&quot;right&quot;:&quot;&quot;,&quot;bottom&quot;:&quot;&quot;,&quot;left&quot;:&quot;&quot;,&quot;isLinked&quot;:true},&quot;element_pack_global_tooltip_padding_mobile&quot;:{&quot;unit&quot;:&quot;px&quot;,&quot;top&quot;:&quot;&quot;,&quot;right&quot;:&quot;&quot;,&quot;bottom&quot;:&quot;&quot;,&quot;left&quot;:&quot;&quot;,&quot;isLinked&quot;:true},&quot;element_pack_global_tooltip_border_radius&quot;:{&quot;unit&quot;:&quot;px&quot;,&quot;top&quot;:&quot;&quot;,&quot;right&quot;:&quot;&quot;,&quot;bottom&quot;:&quot;&quot;,&quot;left&quot;:&quot;&quot;,&quot;isLinked&quot;:true},&quot;element_pack_global_tooltip_border_radius_tablet&quot;:{&quot;unit&quot;:&quot;px&quot;,&quot;top&quot;:&quot;&quot;,&quot;right&quot;:&quot;&quot;,&quot;bottom&quot;:&quot;&quot;,&quot;left&quot;:&quot;&quot;,&quot;isLinked&quot;:true},&quot;element_pack_global_tooltip_border_radius_mobile&quot;:{&quot;unit&quot;:&quot;px&quot;,&quot;top&quot;:&quot;&quot;,&quot;right&quot;:&quot;&quot;,&quot;bottom&quot;:&quot;&quot;,&quot;left&quot;:&quot;&quot;,&quot;isLinked&quot;:true}}\" data-elementor-post-type=\"product\">\n\t\t\t\t<div class=\"elementor-element elementor-element-93aa4a8 e-con-full e-flex e-con e-parent\" data-id=\"93aa4a8\" data-element_type=\"container\" data-e-type=\"container\">\n\t\t\t\t<div class=\"elementor-element elementor-element-2c3f760 miaoshu elementor-widget elementor-widget-wd_text_block\" data-id=\"2c3f760\" data-element_type=\"widget\" data-e-type=\"widget\" data-widget_type=\"wd_text_block.default\">\n\t\t\t\t<div class=\"elementor-widget-container\">\n\t\t\t\t\t\t\t<div class=\"wd-text-block reset-last-child text-left\">\n\t\t\t\n\t\t\t<h2>Happyforms para AMP: Lleve sus formularios a la velocidad m\u00f3vil<\/h2><p><strong>Happyforms para AMP<\/strong> transforma tus formularios de WordPress en experiencias r\u00e1pidas y aptas para m\u00f3viles. Por ejemplo, este complemento se integra a la perfecci\u00f3n con el plugin Happyforms, para que puedas mostrar formularios de contacto, encuestas y herramientas de feedback directamente en p\u00e1ginas AMP. De este modo, los visitantes interact\u00faan con tu contenido sin retrasos, lo que aumenta la participaci\u00f3n y las conversiones en dispositivos m\u00f3viles.<\/p><h3>Integraci\u00f3n AMP sin esfuerzo<\/h3><p>Los propietarios de sitios web instalan activamente este complemento con un solo clic, y autom\u00e1ticamente muestra los shortcodes de Happyforms o los formularios preconstruidos en modo AMP. Adem\u00e1s, el complemento gestiona todos los tipos de campo, incluidos los constructores de arrastrar y soltar, al tiempo que garantiza una validaci\u00f3n adecuada. Como resultado, sus formularios funcionan perfectamente en todos los dispositivos, manteniendo un flujo de usuarios fluido desde el escritorio al m\u00f3vil.<\/p><h3>Principales caracter\u00edsticas y ventajas<\/h3><ul><li><strong>Compatibilidad con un solo clic:<\/strong> Active la compatibilidad con AMP al instante sin codificaci\u00f3n ni configuraciones complejas.<\/li><li><strong>Acceso completo al constructor de formularios:<\/strong> Mantenga todas las funciones de Happyforms, como formularios de contacto y encuestas, en p\u00e1ginas m\u00f3viles aceleradas.<\/li><li><strong>Validaci\u00f3n robusta:<\/strong> El complemento procesa los campos de formulario y los env\u00edos de forma fiable, evitando errores en los sitios AMP.<\/li><li><strong>Shortcode Magic:<\/strong> Incrusta formularios en cualquier lugar utilizando los shortcodes de Happyforms y observa c\u00f3mo se muestran perfectamente en AMP.<\/li><li><strong>Dise\u00f1o receptivo:<\/strong> Aseg\u00farese de que los formularios se adaptan a cualquier tama\u00f1o de pantalla para un rendimiento m\u00f3vil \u00f3ptimo.<\/li><\/ul><h3>Mejorar las conversaciones m\u00f3viles<\/h3><p>Happyforms para AMP simplifica la gesti\u00f3n de las interacciones de los visitantes en sitios optimizados para la velocidad. Por ejemplo, si tienes un blog o una tienda de comercio electr\u00f3nico, este complemento mantiene tus formularios accesibles y eficaces. Por lo tanto, reducir\u00e1 las tasas de rebote y captar\u00e1 m\u00e1s clientes potenciales, todo ello mientras disfruta de un soporte t\u00e9cnico dedicado para actualizaciones continuas.<\/p><h3>Acelere sus formularios hoy mismo<\/h3><p>Actualice su estrategia m\u00f3vil con <strong>Happyforms para AMP<\/strong>. Al habilitar formularios de carga r\u00e1pida, creas experiencias atractivas que impulsan resultados reales. Instala el complemento ahora y observa c\u00f3mo tus p\u00e1ginas AMP cobran vida con elementos interactivos.<\/p>\n\t\t\t\t\t<\/div>\n\t\t\t\t\t\t<\/div>\n\t\t\t\t<\/div>\n\t\t\t\t<\/div>\n\t\t<div class=\"wd-negative-gap elementor-element elementor-element-9a0da87 e-flex e-con-boxed e-con e-parent\" data-id=\"9a0da87\" data-element_type=\"container\" data-e-type=\"container\">\n\t\t\t\t\t<div class=\"e-con-inner\">\n\t\t\t\t<div class=\"elementor-element elementor-element-11a5a4e elementor-widget elementor-widget-wd_text_block\" data-id=\"11a5a4e\" data-element_type=\"widget\" data-e-type=\"widget\" data-widget_type=\"wd_text_block.default\">\n\t\t\t\t<div class=\"elementor-widget-container\">\n\t\t\t\t\t\t\t<div class=\"wd-text-block reset-last-child text-left\">\n\t\t\t\n\t\t\t<div id=\"title\" class=\"style-scope ytd-watch-metadata\"><h1 class=\"style-scope ytd-watch-metadata\">Happyforms para AMP<\/h1><\/div>\n\t\t\t\t\t<\/div>\n\t\t\t\t\t\t<\/div>\n\t\t\t\t<\/div>\n\t\t\t\t\t<\/div>\n\t\t\t\t<\/div>\n\t\t<div class=\"wd-negative-gap elementor-element elementor-element-c6550e9 e-flex e-con-boxed e-con e-parent\" data-id=\"c6550e9\" data-element_type=\"container\" data-e-type=\"container\">\n\t\t\t\t\t<div class=\"e-con-inner\">\n\t\t\t\t<div class=\"elementor-element elementor-element-fa7b692 elementor-widget elementor-widget-video\" data-id=\"fa7b692\" data-element_type=\"widget\" data-e-type=\"widget\" data-settings=\"{&quot;youtube_url&quot;:&quot;https:\\\/\\\/www.youtube.com\\\/watch?v=toqfY4OmpjI&amp;t=14s&quot;,&quot;video_type&quot;:&quot;youtube&quot;,&quot;controls&quot;:&quot;yes&quot;}\" data-widget_type=\"video.default\">\n\t\t\t\t\t\t\t<div class=\"elementor-wrapper elementor-open-inline\">\n\t\t\t<div class=\"elementor-video\"><\/div>\t\t<\/div>\n\t\t\t\t\t\t<\/div>\n\t\t\t\t\t<\/div>\n\t\t\t\t<\/div>\n\t\t\t\t<\/div>","protected":false},"excerpt":{"rendered":"<p>Happyforms for AMP: Bring Your Forms to Mobile Speed Happyforms for AMP transforms your WordPress forms into lightning-fast, mobile-friendly experiences.<\/p>","protected":false},"featured_media":10672,"comment_status":"open","ping_status":"closed","template":"","meta":{"_acf_changed":false},"product_brand":[],"product_cat":[49],"product_tag":[],"class_list":{"0":"post-10673","1":"product","2":"type-product","3":"status-publish","4":"has-post-thumbnail","6":"product_cat-plugins","8":"first","9":"instock","10":"sale","11":"downloadable","12":"shipping-taxable","13":"purchasable","14":"product-type-simple"},"acf":[],"yoast_head":"<!-- This site is optimized with the Yoast SEO Premium plugin v25.6 (Yoast SEO v27.1.1) - https:\/\/yoast.com\/product\/yoast-seo-premium-wordpress\/ -->\n<title>Happyforms for AMP - AllWin Theme \u2013 Free WordPress Themes Download<\/title>\n<meta name=\"description\" content=\"Enable AMP-compatible forms with Happyforms for AMP. Seamlessly render drag-and-drop forms like contact and surveys on mobile-optimized pages.\" \/>\n<meta name=\"robots\" content=\"index, follow, max-snippet:-1, max-image-preview:large, max-video-preview:-1\" \/>\n<link rel=\"canonical\" href=\"https:\/\/allwintheme.com\/es\/producto\/happyforms-para-amp\/\" \/>\n<meta property=\"og:locale\" content=\"es_ES\" \/>\n<meta property=\"og:type\" content=\"article\" \/>\n<meta property=\"og:title\" content=\"Happyforms for AMP\" \/>\n<meta property=\"og:description\" content=\"Enable AMP-compatible forms with Happyforms for AMP. Seamlessly render drag-and-drop forms like contact and surveys on mobile-optimized pages.\" \/>\n<meta property=\"og:url\" content=\"https:\/\/allwintheme.com\/es\/producto\/happyforms-para-amp\/\" \/>\n<meta property=\"og:site_name\" content=\"AllWin Theme \u2013 Free WordPress Themes Download\" \/>\n<meta property=\"article:modified_time\" content=\"2025-10-15T01:10:33+00:00\" \/>\n<meta property=\"og:image\" content=\"https:\/\/allwintheme.com\/wp-content\/uploads\/2025\/10\/8qgkucin.png\" \/>\n\t<meta property=\"og:image:width\" content=\"690\" \/>\n\t<meta property=\"og:image:height\" content=\"330\" \/>\n\t<meta property=\"og:image:type\" content=\"image\/png\" \/>\n<meta name=\"twitter:card\" content=\"summary_large_image\" \/>\n<meta name=\"twitter:label1\" content=\"Tiempo estimado de lectura\" \/>\n\t<meta name=\"twitter:data1\" content=\"2 minutos\" \/>\n<script type=\"application\/ld+json\" class=\"yoast-schema-graph\">{\"@context\":\"https:\/\/schema.org\",\"@graph\":[{\"@type\":\"WebPage\",\"@id\":\"https:\/\/allwintheme.com\/product\/happyforms-for-amp\/\",\"url\":\"https:\/\/allwintheme.com\/product\/happyforms-for-amp\/\",\"name\":\"Happyforms for AMP - AllWin Theme \u2013 Free WordPress Themes Download\",\"isPartOf\":{\"@id\":\"https:\/\/allwintheme.com\/#website\"},\"primaryImageOfPage\":{\"@id\":\"https:\/\/allwintheme.com\/product\/happyforms-for-amp\/#primaryimage\"},\"image\":{\"@id\":\"https:\/\/allwintheme.com\/product\/happyforms-for-amp\/#primaryimage\"},\"thumbnailUrl\":\"https:\/\/allwintheme.com\/wp-content\/uploads\/2025\/10\/8qgkucin.png\",\"datePublished\":\"2025-10-15T01:02:30+00:00\",\"dateModified\":\"2025-10-15T01:10:33+00:00\",\"description\":\"Enable AMP-compatible forms with Happyforms for AMP. Seamlessly render drag-and-drop forms like contact and surveys on mobile-optimized pages.\",\"breadcrumb\":{\"@id\":\"https:\/\/allwintheme.com\/product\/happyforms-for-amp\/#breadcrumb\"},\"inLanguage\":\"es-CL\",\"potentialAction\":[{\"@type\":\"ReadAction\",\"target\":[\"https:\/\/allwintheme.com\/product\/happyforms-for-amp\/\"]}]},{\"@type\":\"ImageObject\",\"inLanguage\":\"es-CL\",\"@id\":\"https:\/\/allwintheme.com\/product\/happyforms-for-amp\/#primaryimage\",\"url\":\"https:\/\/allwintheme.com\/wp-content\/uploads\/2025\/10\/8qgkucin.png\",\"contentUrl\":\"https:\/\/allwintheme.com\/wp-content\/uploads\/2025\/10\/8qgkucin.png\",\"width\":690,\"height\":330,\"caption\":\"Happyforms for AMP\"},{\"@type\":\"BreadcrumbList\",\"@id\":\"https:\/\/allwintheme.com\/product\/happyforms-for-amp\/#breadcrumb\",\"itemListElement\":[{\"@type\":\"ListItem\",\"position\":1,\"name\":\"Home\",\"item\":\"https:\/\/allwintheme.com\/\"},{\"@type\":\"ListItem\",\"position\":2,\"name\":\"Shop\",\"item\":\"https:\/\/allwintheme.com\/shop\/\"},{\"@type\":\"ListItem\",\"position\":3,\"name\":\"Happyforms for AMP\"}]},{\"@type\":\"WebSite\",\"@id\":\"https:\/\/allwintheme.com\/#website\",\"url\":\"https:\/\/allwintheme.com\/\",\"name\":\"Allwintheme\",\"description\":\"Download free WordPress themes for every niche. Blogs, business, eCommerce, portfolio, restaurant and more. All themes are GPL licensed and mobile-ready.\",\"potentialAction\":[{\"@type\":\"SearchAction\",\"target\":{\"@type\":\"EntryPoint\",\"urlTemplate\":\"https:\/\/allwintheme.com\/?s={search_term_string}\"},\"query-input\":{\"@type\":\"PropertyValueSpecification\",\"valueRequired\":true,\"valueName\":\"search_term_string\"}}],\"inLanguage\":\"es-CL\"}]}<\/script>\n<!-- \/ Yoast SEO Premium plugin. -->","yoast_head_json":{"title":"Happyforms for AMP - AllWin Theme \u2013 Free WordPress Themes Download","description":"Habilite formularios compatibles con AMP con Happyforms para AMP. Renderiza sin problemas formularios de arrastrar y soltar como los de contacto y encuestas en p\u00e1ginas optimizadas para m\u00f3viles.","robots":{"index":"index","follow":"follow","max-snippet":"max-snippet:-1","max-image-preview":"max-image-preview:large","max-video-preview":"max-video-preview:-1"},"canonical":"https:\/\/allwintheme.com\/es\/producto\/happyforms-para-amp\/","og_locale":"es_ES","og_type":"article","og_title":"Happyforms for AMP","og_description":"Enable AMP-compatible forms with Happyforms for AMP. Seamlessly render drag-and-drop forms like contact and surveys on mobile-optimized pages.","og_url":"https:\/\/allwintheme.com\/es\/producto\/happyforms-para-amp\/","og_site_name":"AllWin Theme \u2013 Free WordPress Themes Download","article_modified_time":"2025-10-15T01:10:33+00:00","og_image":[{"width":690,"height":330,"url":"https:\/\/allwintheme.com\/wp-content\/uploads\/2025\/10\/8qgkucin.png","type":"image\/png"}],"twitter_card":"summary_large_image","twitter_misc":{"Tiempo estimado de lectura":"2 minutos"},"schema":{"@context":"https:\/\/schema.org","@graph":[{"@type":"WebPage","@id":"https:\/\/allwintheme.com\/product\/happyforms-for-amp\/","url":"https:\/\/allwintheme.com\/product\/happyforms-for-amp\/","name":"Happyforms for AMP - AllWin Theme \u2013 Free WordPress Themes Download","isPartOf":{"@id":"https:\/\/allwintheme.com\/#website"},"primaryImageOfPage":{"@id":"https:\/\/allwintheme.com\/product\/happyforms-for-amp\/#primaryimage"},"image":{"@id":"https:\/\/allwintheme.com\/product\/happyforms-for-amp\/#primaryimage"},"thumbnailUrl":"https:\/\/allwintheme.com\/wp-content\/uploads\/2025\/10\/8qgkucin.png","datePublished":"2025-10-15T01:02:30+00:00","dateModified":"2025-10-15T01:10:33+00:00","description":"Habilite formularios compatibles con AMP con Happyforms para AMP. Renderiza sin problemas formularios de arrastrar y soltar como los de contacto y encuestas en p\u00e1ginas optimizadas para m\u00f3viles.","breadcrumb":{"@id":"https:\/\/allwintheme.com\/product\/happyforms-for-amp\/#breadcrumb"},"inLanguage":"es-CL","potentialAction":[{"@type":"ReadAction","target":["https:\/\/allwintheme.com\/product\/happyforms-for-amp\/"]}]},{"@type":"ImageObject","inLanguage":"es-CL","@id":"https:\/\/allwintheme.com\/product\/happyforms-for-amp\/#primaryimage","url":"https:\/\/allwintheme.com\/wp-content\/uploads\/2025\/10\/8qgkucin.png","contentUrl":"https:\/\/allwintheme.com\/wp-content\/uploads\/2025\/10\/8qgkucin.png","width":690,"height":330,"caption":"Happyforms for AMP"},{"@type":"BreadcrumbList","@id":"https:\/\/allwintheme.com\/product\/happyforms-for-amp\/#breadcrumb","itemListElement":[{"@type":"ListItem","position":1,"name":"Home","item":"https:\/\/allwintheme.com\/"},{"@type":"ListItem","position":2,"name":"Shop","item":"https:\/\/allwintheme.com\/shop\/"},{"@type":"ListItem","position":3,"name":"Happyforms for AMP"}]},{"@type":"WebSite","@id":"https:\/\/allwintheme.com\/#website","url":"https:\/\/allwintheme.com\/","name":"Allwintheme","description":"Descarga gratis temas de WordPress para todos los nichos. Blogs, negocios, comercio electr\u00f3nico, portafolio, restaurante y m\u00e1s. Todos los temas tienen licencia GPL y est\u00e1n preparados para dispositivos m\u00f3viles.","potentialAction":[{"@type":"SearchAction","target":{"@type":"EntryPoint","urlTemplate":"https:\/\/allwintheme.com\/?s={search_term_string}"},"query-input":{"@type":"PropertyValueSpecification","valueRequired":true,"valueName":"search_term_string"}}],"inLanguage":"es-CL"}]}},"_links":{"self":[{"href":"https:\/\/allwintheme.com\/es\/wp-json\/wp\/v2\/product\/10673","targetHints":{"allow":["GET"]}}],"collection":[{"href":"https:\/\/allwintheme.com\/es\/wp-json\/wp\/v2\/product"}],"about":[{"href":"https:\/\/allwintheme.com\/es\/wp-json\/wp\/v2\/types\/product"}],"replies":[{"embeddable":true,"href":"https:\/\/allwintheme.com\/es\/wp-json\/wp\/v2\/comments?post=10673"}],"version-history":[{"count":8,"href":"https:\/\/allwintheme.com\/es\/wp-json\/wp\/v2\/product\/10673\/revisions"}],"predecessor-version":[{"id":10681,"href":"https:\/\/allwintheme.com\/es\/wp-json\/wp\/v2\/product\/10673\/revisions\/10681"}],"wp:featuredmedia":[{"embeddable":true,"href":"https:\/\/allwintheme.com\/es\/wp-json\/wp\/v2\/media\/10672"}],"wp:attachment":[{"href":"https:\/\/allwintheme.com\/es\/wp-json\/wp\/v2\/media?parent=10673"}],"wp:term":[{"taxonomy":"product_brand","embeddable":true,"href":"https:\/\/allwintheme.com\/es\/wp-json\/wp\/v2\/product_brand?post=10673"},{"taxonomy":"product_cat","embeddable":true,"href":"https:\/\/allwintheme.com\/es\/wp-json\/wp\/v2\/product_cat?post=10673"},{"taxonomy":"product_tag","embeddable":true,"href":"https:\/\/allwintheme.com\/es\/wp-json\/wp\/v2\/product_tag?post=10673"}],"curies":[{"name":"wp","href":"https:\/\/api.w.org\/{rel}","templated":true}]}}