{"id":10688,"date":"2025-10-15T01:28:13","date_gmt":"2025-10-15T01:28:13","guid":{"rendered":"https:\/\/allwintheme.com\/?post_type=product&#038;p=10688"},"modified":"2025-10-15T09:42:31","modified_gmt":"2025-10-15T09:42:31","slug":"plugin-cobaltapps-extender-pro","status":"publish","type":"product","link":"https:\/\/allwintheme.com\/es\/producto\/plugin-cobaltapps-extender-pro\/","title":{"rendered":"Plugin CobaltApps Extender Pro"},"content":{"rendered":"<div data-elementor-type=\"wp-post\" data-elementor-id=\"10688\" class=\"elementor elementor-10688\" data-elementor-settings=\"{&quot;element_pack_global_tooltip_width&quot;:{&quot;unit&quot;:&quot;px&quot;,&quot;size&quot;:&quot;&quot;,&quot;sizes&quot;:[]},&quot;element_pack_global_tooltip_width_tablet&quot;:{&quot;unit&quot;:&quot;px&quot;,&quot;size&quot;:&quot;&quot;,&quot;sizes&quot;:[]},&quot;element_pack_global_tooltip_width_mobile&quot;:{&quot;unit&quot;:&quot;px&quot;,&quot;size&quot;:&quot;&quot;,&quot;sizes&quot;:[]},&quot;element_pack_global_tooltip_padding&quot;:{&quot;unit&quot;:&quot;px&quot;,&quot;top&quot;:&quot;&quot;,&quot;right&quot;:&quot;&quot;,&quot;bottom&quot;:&quot;&quot;,&quot;left&quot;:&quot;&quot;,&quot;isLinked&quot;:true},&quot;element_pack_global_tooltip_padding_tablet&quot;:{&quot;unit&quot;:&quot;px&quot;,&quot;top&quot;:&quot;&quot;,&quot;right&quot;:&quot;&quot;,&quot;bottom&quot;:&quot;&quot;,&quot;left&quot;:&quot;&quot;,&quot;isLinked&quot;:true},&quot;element_pack_global_tooltip_padding_mobile&quot;:{&quot;unit&quot;:&quot;px&quot;,&quot;top&quot;:&quot;&quot;,&quot;right&quot;:&quot;&quot;,&quot;bottom&quot;:&quot;&quot;,&quot;left&quot;:&quot;&quot;,&quot;isLinked&quot;:true},&quot;element_pack_global_tooltip_border_radius&quot;:{&quot;unit&quot;:&quot;px&quot;,&quot;top&quot;:&quot;&quot;,&quot;right&quot;:&quot;&quot;,&quot;bottom&quot;:&quot;&quot;,&quot;left&quot;:&quot;&quot;,&quot;isLinked&quot;:true},&quot;element_pack_global_tooltip_border_radius_tablet&quot;:{&quot;unit&quot;:&quot;px&quot;,&quot;top&quot;:&quot;&quot;,&quot;right&quot;:&quot;&quot;,&quot;bottom&quot;:&quot;&quot;,&quot;left&quot;:&quot;&quot;,&quot;isLinked&quot;:true},&quot;element_pack_global_tooltip_border_radius_mobile&quot;:{&quot;unit&quot;:&quot;px&quot;,&quot;top&quot;:&quot;&quot;,&quot;right&quot;:&quot;&quot;,&quot;bottom&quot;:&quot;&quot;,&quot;left&quot;:&quot;&quot;,&quot;isLinked&quot;:true}}\" data-elementor-post-type=\"product\">\n\t\t\t\t<div class=\"elementor-element elementor-element-93aa4a8 e-con-full e-flex e-con e-parent\" data-id=\"93aa4a8\" data-element_type=\"container\" data-e-type=\"container\">\n\t\t\t\t<div class=\"elementor-element elementor-element-2c3f760 miaoshu elementor-widget elementor-widget-wd_text_block\" data-id=\"2c3f760\" data-element_type=\"widget\" data-e-type=\"widget\" data-widget_type=\"wd_text_block.default\">\n\t\t\t\t<div class=\"elementor-widget-container\">\n\t\t\t\t\t\t\t<div class=\"wd-text-block reset-last-child text-left\">\n\t\t\t\n\t\t\t<h2>CobaltApps Extender Pro: Potencie sus temas WordPress<\/h2>\n<p>En <strong>Plugin CobaltApps Extender Pro<\/strong> act\u00faa como el compa\u00f1ero definitivo para los marcos tem\u00e1ticos populares de WordPress. Por ejemplo, los desarrolladores y dise\u00f1adores lo utilizan activamente para inyectar c\u00f3digo, plantillas y contenido personalizados sin tener que realizar grandes modificaciones. En consecuencia, este plugin ampl\u00eda la funcionalidad de su sitio, ofreciendo un mayor control y flexibilidad desde su panel de control.<\/p>\n\n<h3>Domine el desarrollo personalizado con facilidad<\/h3>\n<p>Extender Pro le proporciona un completo conjunto de herramientas de codificaci\u00f3n y dise\u00f1o. Puede crear estilos personalizados, funciones, scripts y \u00e1reas de widgets independientes del tema, todo ello en un entorno compartimentado. Adem\u00e1s, las herramientas DEV de front-end te permiten ajustar estilos y contenidos en tiempo real, para que veas los cambios al instante sin la frustraci\u00f3n del ensayo y error.<\/p>\n\n<h3>\u00bfPor qu\u00e9 elegir Extender Pro?<\/h3>\n<ul>\n    <li><strong>Herramientas visuales Front-End:<\/strong> Los desarrolladores aplican ajustes CSS en tiempo real y utilizan pr\u00e1cticas funciones de sandbox para realizar pruebas r\u00e1pidas.<\/li>\n    <li><strong>Integraci\u00f3n de mapas de ganchos:<\/strong> El intuitivo mapa visual de ganchos le ayuda a localizar ubicaciones exactas en el marco de su tema.<\/li>\n    <li><strong>Simplicidad de copia de seguridad y exportaci\u00f3n:<\/strong> Podr\u00e1s hacer f\u00e1cilmente copias de seguridad de tus trabajos personalizados y transferir dise\u00f1os de un sitio a otro sin apenas complicaciones.<\/li>\n    <li><strong>Amplio apoyo marco:<\/strong> El plugin se integra completamente con temas como Genesis, GeneratePress, Astra y OceanWP.<\/li>\n<\/ul>\n\n<h3>Flujo de trabajo fluido para dise\u00f1adores<\/h3>\n<p>Con Extender Pro, agilizar\u00e1 significativamente su proceso de desarrollo. Por ejemplo, el modo de vista previa del sitio le permite implementar plantillas y c\u00f3digo de forma intuitiva a la vez que mantiene todo organizado. Como resultado, incluso las personalizaciones complejas se vuelven sencillas, lo que le permite centrarse en la creatividad en lugar de en los obst\u00e1culos t\u00e9cnicos.<\/p>\n\n<h3>Actualice hoy su juego de desarrollo<\/h3>\n<p>Transforme su forma de personalizar los sitios de WordPress con <strong>Plugin CobaltApps Extender Pro<\/strong>. Por lo tanto, \u00a1inst\u00e1lalo ahora para obtener esa ventaja de desarrollador en tu panel de control y crear experiencias m\u00e1s potentes y personalizadas para tus usuarios!\n\t\t\t\t\t<\/div>\n\t\t\t\t\t\t<\/div>\n\t\t\t\t<\/div>\n\t\t\t\t<\/div>\n\t\t\t\t<\/div>","protected":false},"excerpt":{"rendered":"<p>CobaltApps Extender Pro: Empower Your WordPress Themes The CobaltApps Extender Pro Plugin acts as the ultimate companion for popular WordPress<\/p>","protected":false},"featured_media":10669,"comment_status":"open","ping_status":"closed","template":"","meta":{"_acf_changed":false},"product_brand":[],"product_cat":[49],"product_tag":[],"class_list":{"0":"post-10688","1":"product","2":"type-product","3":"status-publish","4":"has-post-thumbnail","6":"product_cat-plugins","8":"first","9":"instock","10":"sale","11":"downloadable","12":"shipping-taxable","13":"purchasable","14":"product-type-simple"},"acf":[],"yoast_head":"<!-- This site is optimized with the Yoast SEO Premium plugin v25.6 (Yoast SEO v27.1.1) - https:\/\/yoast.com\/product\/yoast-seo-premium-wordpress\/ -->\n<title>CobaltApps Extender Pro Plugin - AllWin Theme \u2013 Free WordPress Themes Download<\/title>\n<meta name=\"description\" content=\"Unlock powerful customization for WordPress themes with CobaltApps Extender Pro. Add custom code, templates, and front-end tools for ultimate control.\" \/>\n<meta name=\"robots\" content=\"index, follow, max-snippet:-1, max-image-preview:large, max-video-preview:-1\" \/>\n<link rel=\"canonical\" href=\"https:\/\/allwintheme.com\/es\/producto\/plugin-cobaltapps-extender-pro\/\" \/>\n<meta property=\"og:locale\" content=\"es_ES\" \/>\n<meta property=\"og:type\" content=\"article\" \/>\n<meta property=\"og:title\" content=\"CobaltApps Extender Pro Plugin\" \/>\n<meta property=\"og:description\" content=\"Unlock powerful customization for WordPress themes with CobaltApps Extender Pro. Add custom code, templates, and front-end tools for ultimate control.\" \/>\n<meta property=\"og:url\" content=\"https:\/\/allwintheme.com\/es\/producto\/plugin-cobaltapps-extender-pro\/\" \/>\n<meta property=\"og:site_name\" content=\"AllWin Theme \u2013 Free WordPress Themes Download\" \/>\n<meta property=\"article:modified_time\" content=\"2025-10-15T09:42:31+00:00\" \/>\n<meta property=\"og:image\" content=\"https:\/\/allwintheme.com\/wp-content\/uploads\/2025\/10\/q6x5k9so.png\" \/>\n\t<meta property=\"og:image:width\" content=\"590\" \/>\n\t<meta property=\"og:image:height\" content=\"300\" \/>\n\t<meta property=\"og:image:type\" content=\"image\/png\" \/>\n<meta name=\"twitter:card\" content=\"summary_large_image\" \/>\n<meta name=\"twitter:label1\" content=\"Tiempo estimado de lectura\" \/>\n\t<meta name=\"twitter:data1\" content=\"2 minutos\" \/>\n<script type=\"application\/ld+json\" class=\"yoast-schema-graph\">{\"@context\":\"https:\/\/schema.org\",\"@graph\":[{\"@type\":\"WebPage\",\"@id\":\"https:\/\/allwintheme.com\/product\/cobaltapps-extender-pro-plugin\/\",\"url\":\"https:\/\/allwintheme.com\/product\/cobaltapps-extender-pro-plugin\/\",\"name\":\"CobaltApps Extender Pro Plugin - AllWin Theme \u2013 Free WordPress Themes Download\",\"isPartOf\":{\"@id\":\"https:\/\/allwintheme.com\/#website\"},\"primaryImageOfPage\":{\"@id\":\"https:\/\/allwintheme.com\/product\/cobaltapps-extender-pro-plugin\/#primaryimage\"},\"image\":{\"@id\":\"https:\/\/allwintheme.com\/product\/cobaltapps-extender-pro-plugin\/#primaryimage\"},\"thumbnailUrl\":\"https:\/\/allwintheme.com\/wp-content\/uploads\/2025\/10\/q6x5k9so.png\",\"datePublished\":\"2025-10-15T01:28:13+00:00\",\"dateModified\":\"2025-10-15T09:42:31+00:00\",\"description\":\"Unlock powerful customization for WordPress themes with CobaltApps Extender Pro. Add custom code, templates, and front-end tools for ultimate control.\",\"breadcrumb\":{\"@id\":\"https:\/\/allwintheme.com\/product\/cobaltapps-extender-pro-plugin\/#breadcrumb\"},\"inLanguage\":\"es-CL\",\"potentialAction\":[{\"@type\":\"ReadAction\",\"target\":[\"https:\/\/allwintheme.com\/product\/cobaltapps-extender-pro-plugin\/\"]}]},{\"@type\":\"ImageObject\",\"inLanguage\":\"es-CL\",\"@id\":\"https:\/\/allwintheme.com\/product\/cobaltapps-extender-pro-plugin\/#primaryimage\",\"url\":\"https:\/\/allwintheme.com\/wp-content\/uploads\/2025\/10\/q6x5k9so.png\",\"contentUrl\":\"https:\/\/allwintheme.com\/wp-content\/uploads\/2025\/10\/q6x5k9so.png\",\"width\":590,\"height\":300,\"caption\":\"CobaltApps Extender Pro Plugin\"},{\"@type\":\"BreadcrumbList\",\"@id\":\"https:\/\/allwintheme.com\/product\/cobaltapps-extender-pro-plugin\/#breadcrumb\",\"itemListElement\":[{\"@type\":\"ListItem\",\"position\":1,\"name\":\"Home\",\"item\":\"https:\/\/allwintheme.com\/\"},{\"@type\":\"ListItem\",\"position\":2,\"name\":\"Shop\",\"item\":\"https:\/\/allwintheme.com\/shop\/\"},{\"@type\":\"ListItem\",\"position\":3,\"name\":\"CobaltApps Extender Pro Plugin\"}]},{\"@type\":\"WebSite\",\"@id\":\"https:\/\/allwintheme.com\/#website\",\"url\":\"https:\/\/allwintheme.com\/\",\"name\":\"Allwintheme\",\"description\":\"Download free WordPress themes for every niche. Blogs, business, eCommerce, portfolio, restaurant and more. All themes are GPL licensed and mobile-ready.\",\"potentialAction\":[{\"@type\":\"SearchAction\",\"target\":{\"@type\":\"EntryPoint\",\"urlTemplate\":\"https:\/\/allwintheme.com\/?s={search_term_string}\"},\"query-input\":{\"@type\":\"PropertyValueSpecification\",\"valueRequired\":true,\"valueName\":\"search_term_string\"}}],\"inLanguage\":\"es-CL\"}]}<\/script>\n<!-- \/ Yoast SEO Premium plugin. -->","yoast_head_json":{"title":"CobaltApps Extender Pro Plugin - AllWin Theme \u2013 Free WordPress Themes Download","description":"Desbloquee la personalizaci\u00f3n de gran alcance para los temas de WordPress con CobaltApps Extender Pro. A\u00f1ada c\u00f3digo personalizado, plantillas y herramientas front-end para obtener el m\u00e1ximo control.","robots":{"index":"index","follow":"follow","max-snippet":"max-snippet:-1","max-image-preview":"max-image-preview:large","max-video-preview":"max-video-preview:-1"},"canonical":"https:\/\/allwintheme.com\/es\/producto\/plugin-cobaltapps-extender-pro\/","og_locale":"es_ES","og_type":"article","og_title":"CobaltApps Extender Pro Plugin","og_description":"Unlock powerful customization for WordPress themes with CobaltApps Extender Pro. Add custom code, templates, and front-end tools for ultimate control.","og_url":"https:\/\/allwintheme.com\/es\/producto\/plugin-cobaltapps-extender-pro\/","og_site_name":"AllWin Theme \u2013 Free WordPress Themes Download","article_modified_time":"2025-10-15T09:42:31+00:00","og_image":[{"width":590,"height":300,"url":"https:\/\/allwintheme.com\/wp-content\/uploads\/2025\/10\/q6x5k9so.png","type":"image\/png"}],"twitter_card":"summary_large_image","twitter_misc":{"Tiempo estimado de lectura":"2 minutos"},"schema":{"@context":"https:\/\/schema.org","@graph":[{"@type":"WebPage","@id":"https:\/\/allwintheme.com\/product\/cobaltapps-extender-pro-plugin\/","url":"https:\/\/allwintheme.com\/product\/cobaltapps-extender-pro-plugin\/","name":"CobaltApps Extender Pro Plugin - AllWin Theme \u2013 Free WordPress Themes Download","isPartOf":{"@id":"https:\/\/allwintheme.com\/#website"},"primaryImageOfPage":{"@id":"https:\/\/allwintheme.com\/product\/cobaltapps-extender-pro-plugin\/#primaryimage"},"image":{"@id":"https:\/\/allwintheme.com\/product\/cobaltapps-extender-pro-plugin\/#primaryimage"},"thumbnailUrl":"https:\/\/allwintheme.com\/wp-content\/uploads\/2025\/10\/q6x5k9so.png","datePublished":"2025-10-15T01:28:13+00:00","dateModified":"2025-10-15T09:42:31+00:00","description":"Desbloquee la personalizaci\u00f3n de gran alcance para los temas de WordPress con CobaltApps Extender Pro. A\u00f1ada c\u00f3digo personalizado, plantillas y herramientas front-end para obtener el m\u00e1ximo control.","breadcrumb":{"@id":"https:\/\/allwintheme.com\/product\/cobaltapps-extender-pro-plugin\/#breadcrumb"},"inLanguage":"es-CL","potentialAction":[{"@type":"ReadAction","target":["https:\/\/allwintheme.com\/product\/cobaltapps-extender-pro-plugin\/"]}]},{"@type":"ImageObject","inLanguage":"es-CL","@id":"https:\/\/allwintheme.com\/product\/cobaltapps-extender-pro-plugin\/#primaryimage","url":"https:\/\/allwintheme.com\/wp-content\/uploads\/2025\/10\/q6x5k9so.png","contentUrl":"https:\/\/allwintheme.com\/wp-content\/uploads\/2025\/10\/q6x5k9so.png","width":590,"height":300,"caption":"CobaltApps Extender Pro Plugin"},{"@type":"BreadcrumbList","@id":"https:\/\/allwintheme.com\/product\/cobaltapps-extender-pro-plugin\/#breadcrumb","itemListElement":[{"@type":"ListItem","position":1,"name":"Home","item":"https:\/\/allwintheme.com\/"},{"@type":"ListItem","position":2,"name":"Shop","item":"https:\/\/allwintheme.com\/shop\/"},{"@type":"ListItem","position":3,"name":"CobaltApps Extender Pro Plugin"}]},{"@type":"WebSite","@id":"https:\/\/allwintheme.com\/#website","url":"https:\/\/allwintheme.com\/","name":"Allwintheme","description":"Descarga gratis temas de WordPress para todos los nichos. Blogs, negocios, comercio electr\u00f3nico, portafolio, restaurante y m\u00e1s. Todos los temas tienen licencia GPL y est\u00e1n preparados para dispositivos m\u00f3viles.","potentialAction":[{"@type":"SearchAction","target":{"@type":"EntryPoint","urlTemplate":"https:\/\/allwintheme.com\/?s={search_term_string}"},"query-input":{"@type":"PropertyValueSpecification","valueRequired":true,"valueName":"search_term_string"}}],"inLanguage":"es-CL"}]}},"_links":{"self":[{"href":"https:\/\/allwintheme.com\/es\/wp-json\/wp\/v2\/product\/10688","targetHints":{"allow":["GET"]}}],"collection":[{"href":"https:\/\/allwintheme.com\/es\/wp-json\/wp\/v2\/product"}],"about":[{"href":"https:\/\/allwintheme.com\/es\/wp-json\/wp\/v2\/types\/product"}],"replies":[{"embeddable":true,"href":"https:\/\/allwintheme.com\/es\/wp-json\/wp\/v2\/comments?post=10688"}],"version-history":[{"count":5,"href":"https:\/\/allwintheme.com\/es\/wp-json\/wp\/v2\/product\/10688\/revisions"}],"predecessor-version":[{"id":10699,"href":"https:\/\/allwintheme.com\/es\/wp-json\/wp\/v2\/product\/10688\/revisions\/10699"}],"wp:featuredmedia":[{"embeddable":true,"href":"https:\/\/allwintheme.com\/es\/wp-json\/wp\/v2\/media\/10669"}],"wp:attachment":[{"href":"https:\/\/allwintheme.com\/es\/wp-json\/wp\/v2\/media?parent=10688"}],"wp:term":[{"taxonomy":"product_brand","embeddable":true,"href":"https:\/\/allwintheme.com\/es\/wp-json\/wp\/v2\/product_brand?post=10688"},{"taxonomy":"product_cat","embeddable":true,"href":"https:\/\/allwintheme.com\/es\/wp-json\/wp\/v2\/product_cat?post=10688"},{"taxonomy":"product_tag","embeddable":true,"href":"https:\/\/allwintheme.com\/es\/wp-json\/wp\/v2\/product_tag?post=10688"}],"curies":[{"name":"wp","href":"https:\/\/api.w.org\/{rel}","templated":true}]}}