{"id":10689,"date":"2025-10-15T01:30:23","date_gmt":"2025-10-15T01:30:23","guid":{"rendered":"https:\/\/allwintheme.com\/?post_type=product&#038;p=10689"},"modified":"2025-10-15T09:27:03","modified_gmt":"2025-10-15T09:27:03","slug":"reservas-y-citas-para-woocommerce-premium","status":"publish","type":"product","link":"https:\/\/allwintheme.com\/es\/producto\/reservas-y-citas-para-woocommerce-premium\/","title":{"rendered":"Reservas y Citas Para WooCommerce Premium"},"content":{"rendered":"<div data-elementor-type=\"wp-post\" data-elementor-id=\"10689\" class=\"elementor elementor-10689\" data-elementor-settings=\"{&quot;element_pack_global_tooltip_width&quot;:{&quot;unit&quot;:&quot;px&quot;,&quot;size&quot;:&quot;&quot;,&quot;sizes&quot;:[]},&quot;element_pack_global_tooltip_width_tablet&quot;:{&quot;unit&quot;:&quot;px&quot;,&quot;size&quot;:&quot;&quot;,&quot;sizes&quot;:[]},&quot;element_pack_global_tooltip_width_mobile&quot;:{&quot;unit&quot;:&quot;px&quot;,&quot;size&quot;:&quot;&quot;,&quot;sizes&quot;:[]},&quot;element_pack_global_tooltip_padding&quot;:{&quot;unit&quot;:&quot;px&quot;,&quot;top&quot;:&quot;&quot;,&quot;right&quot;:&quot;&quot;,&quot;bottom&quot;:&quot;&quot;,&quot;left&quot;:&quot;&quot;,&quot;isLinked&quot;:true},&quot;element_pack_global_tooltip_padding_tablet&quot;:{&quot;unit&quot;:&quot;px&quot;,&quot;top&quot;:&quot;&quot;,&quot;right&quot;:&quot;&quot;,&quot;bottom&quot;:&quot;&quot;,&quot;left&quot;:&quot;&quot;,&quot;isLinked&quot;:true},&quot;element_pack_global_tooltip_padding_mobile&quot;:{&quot;unit&quot;:&quot;px&quot;,&quot;top&quot;:&quot;&quot;,&quot;right&quot;:&quot;&quot;,&quot;bottom&quot;:&quot;&quot;,&quot;left&quot;:&quot;&quot;,&quot;isLinked&quot;:true},&quot;element_pack_global_tooltip_border_radius&quot;:{&quot;unit&quot;:&quot;px&quot;,&quot;top&quot;:&quot;&quot;,&quot;right&quot;:&quot;&quot;,&quot;bottom&quot;:&quot;&quot;,&quot;left&quot;:&quot;&quot;,&quot;isLinked&quot;:true},&quot;element_pack_global_tooltip_border_radius_tablet&quot;:{&quot;unit&quot;:&quot;px&quot;,&quot;top&quot;:&quot;&quot;,&quot;right&quot;:&quot;&quot;,&quot;bottom&quot;:&quot;&quot;,&quot;left&quot;:&quot;&quot;,&quot;isLinked&quot;:true},&quot;element_pack_global_tooltip_border_radius_mobile&quot;:{&quot;unit&quot;:&quot;px&quot;,&quot;top&quot;:&quot;&quot;,&quot;right&quot;:&quot;&quot;,&quot;bottom&quot;:&quot;&quot;,&quot;left&quot;:&quot;&quot;,&quot;isLinked&quot;:true}}\" data-elementor-post-type=\"product\">\n\t\t\t\t<div class=\"elementor-element elementor-element-93aa4a8 e-con-full e-flex e-con e-parent\" data-id=\"93aa4a8\" data-element_type=\"container\" data-e-type=\"container\">\n\t\t\t\t<div class=\"elementor-element elementor-element-2c3f760 miaoshu elementor-widget elementor-widget-wd_text_block\" data-id=\"2c3f760\" data-element_type=\"widget\" data-e-type=\"widget\" data-widget_type=\"wd_text_block.default\">\n\t\t\t\t<div class=\"elementor-widget-container\">\n\t\t\t\t\t\t\t<div class=\"wd-text-block reset-last-child text-left\">\n\t\t\t\n\t\t\t<h2>Reservas y Citas Para WooCommerce Premium: Revolucione su programaci\u00f3n<\/h2>\n<p>En <strong>Reservas y Citas Para WooCommerce Premium<\/strong> te permite convertir tu tienda WooCommerce en una plataforma de reservas sin fisuras. Por ejemplo, puedes gestionar citas, reservas y alquileres sin esfuerzo mientras integras pagos seguros. Como resultado, sus clientes disfrutan de una experiencia sin problemas, y usted obtiene el control total sobre su horario sin ning\u00fan tipo de molestia.<\/p>\n\n<h3>Gesti\u00f3n de reservas sin esfuerzo<\/h3>\n<p>Con este plugin premium, podr\u00e1 crear de forma activa productos reservables adaptados a su negocio. Los clientes seleccionan sus fechas, horas y duraci\u00f3n preferidas directamente desde su sitio web. En consecuencia, el sistema actualiza autom\u00e1ticamente la disponibilidad, evitando el exceso de reservas y garantizando un funcionamiento fiable de servicios como consultas, clases o alquiler de salas.<\/p>\n\n<h3>\u00bfPor qu\u00e9 elegir Reservas y Citas Premium?<\/h3>\n<ul>\n    <li><strong>Horario flexible:<\/strong> Defina franjas horarias fijas o permita rangos personalizados, para que los clientes reserven exactamente lo que necesitan.<\/li>\n    <li><strong>Notificaciones autom\u00e1ticas:<\/strong> Env\u00ede recordatorios y confirmaciones por correo electr\u00f3nico, reduciendo las ausencias y manteniendo a todo el mundo informado.<\/li>\n    <li><strong>Controles de disponibilidad avanzados:<\/strong> Bloquee fechas, establezca calendarios semanales y utilice calendarios codificados por colores para obtener una visi\u00f3n general r\u00e1pida.<\/li>\n    <li><strong>Integraciones sin fisuras:<\/strong> Sincroniza con Google Calendar y admite m\u00faltiples pasarelas de pago para realizar transacciones sin esfuerzo.<\/li>\n    <li><strong>Opciones de precios personalizados:<\/strong> Aplique tarifas escalonadas para distintos tipos de clientes o a\u00f1ada servicios opcionales como extras para las ventas adicionales.<\/li>\n<\/ul>\n\n<h3>Aumente la eficacia y la satisfacci\u00f3n del cliente<\/h3>\n<p>Este complemento lo simplifica todo, desde la configuraci\u00f3n hasta la gesti\u00f3n diaria. Por ejemplo, los administradores pueden exportar r\u00e1pidamente los datos de las reservas o ajustar las franjas horarias en tiempo real. Adem\u00e1s, funciones como los ajustes de zona horaria lo hacen ideal para audiencias internacionales. Por lo tanto, usted se centra en ofrecer un gran servicio mientras el sistema se encarga del resto.<\/p>\n\n<h3>Actualiza tu WooCommerce hoy<\/h3>\n<p>Libere todo el potencial de su tienda con <strong>Reservas y Citas Para WooCommerce Premium<\/strong>. Al automatizar las reservas y mejorar la experiencia del usuario, conseguir\u00e1 m\u00e1s conversiones y fidelidad. Empiece ahora y vea c\u00f3mo prospera su negocio.\n\t\t\t\t\t<\/div>\n\t\t\t\t\t\t<\/div>\n\t\t\t\t<\/div>\n\t\t\t\t<\/div>\n\t\t<div class=\"wd-negative-gap elementor-element elementor-element-9a0da87 e-flex e-con-boxed e-con e-parent\" data-id=\"9a0da87\" data-element_type=\"container\" data-e-type=\"container\">\n\t\t\t\t\t<div class=\"e-con-inner\">\n\t\t\t\t<div class=\"elementor-element elementor-element-11a5a4e elementor-widget elementor-widget-wd_text_block\" data-id=\"11a5a4e\" data-element_type=\"widget\" data-e-type=\"widget\" data-widget_type=\"wd_text_block.default\">\n\t\t\t\t<div class=\"elementor-widget-container\">\n\t\t\t\t\t\t\t<div class=\"wd-text-block reset-last-child text-left\">\n\t\t\t\n\t\t\t<div id=\"title\" class=\"style-scope ytd-watch-metadata\"><h2 dir=\"auto\">Reservas y Citas para WooCommerce<\/h2><\/div>\n\t\t\t\t\t<\/div>\n\t\t\t\t\t\t<\/div>\n\t\t\t\t<\/div>\n\t\t\t\t\t<\/div>\n\t\t\t\t<\/div>\n\t\t<div class=\"elementor-element elementor-element-c6550e9 e-con-full e-flex e-con e-parent\" data-id=\"c6550e9\" data-element_type=\"container\" data-e-type=\"container\">\n\t\t\t\t<div class=\"elementor-element elementor-element-fa7b692 elementor-widget elementor-widget-video\" data-id=\"fa7b692\" data-element_type=\"widget\" data-e-type=\"widget\" data-settings=\"{&quot;youtube_url&quot;:&quot;https:\\\/\\\/www.youtube.com\\\/watch?v=PWVKY1Peu24&quot;,&quot;video_type&quot;:&quot;youtube&quot;,&quot;controls&quot;:&quot;yes&quot;}\" data-widget_type=\"video.default\">\n\t\t\t\t\t\t\t<div class=\"elementor-wrapper elementor-open-inline\">\n\t\t\t<div class=\"elementor-video\"><\/div>\t\t<\/div>\n\t\t\t\t\t\t<\/div>\n\t\t\t\t<\/div>\n\t\t\t\t<\/div>","protected":false},"excerpt":{"rendered":"<p>Bookings and Appointments For WooCommerce Premium: Revolutionize Your Scheduling The Bookings and Appointments For WooCommerce Premium plugin empowers you to<\/p>","protected":false},"featured_media":10670,"comment_status":"open","ping_status":"closed","template":"","meta":{"_acf_changed":false},"product_brand":[],"product_cat":[49],"product_tag":[],"class_list":{"0":"post-10689","1":"product","2":"type-product","3":"status-publish","4":"has-post-thumbnail","6":"product_cat-plugins","8":"first","9":"instock","10":"sale","11":"downloadable","12":"shipping-taxable","13":"purchasable","14":"product-type-simple"},"acf":[],"yoast_head":"<!-- This site is optimized with the Yoast SEO Premium plugin v25.6 (Yoast SEO v27.1.1) - https:\/\/yoast.com\/product\/yoast-seo-premium-wordpress\/ -->\n<title>Bookings and Appointments For WooCommerce Premium - AllWin Theme \u2013 Free WordPress Themes Download<\/title>\n<meta name=\"description\" content=\"Transform WooCommerce into a booking powerhouse with Premium. Schedule appointments, manage availability, and automate payments effortlessly.\" \/>\n<meta name=\"robots\" content=\"index, follow, max-snippet:-1, max-image-preview:large, max-video-preview:-1\" \/>\n<link rel=\"canonical\" href=\"https:\/\/allwintheme.com\/es\/producto\/reservas-y-citas-para-woocommerce-premium\/\" \/>\n<meta property=\"og:locale\" content=\"es_ES\" \/>\n<meta property=\"og:type\" content=\"article\" \/>\n<meta property=\"og:title\" content=\"Bookings and Appointments For WooCommerce Premium\" \/>\n<meta property=\"og:description\" content=\"Transform WooCommerce into a booking powerhouse with Premium. Schedule appointments, manage availability, and automate payments effortlessly.\" \/>\n<meta property=\"og:url\" content=\"https:\/\/allwintheme.com\/es\/producto\/reservas-y-citas-para-woocommerce-premium\/\" \/>\n<meta property=\"og:site_name\" content=\"AllWin Theme \u2013 Free WordPress Themes Download\" \/>\n<meta property=\"article:modified_time\" content=\"2025-10-15T09:27:03+00:00\" \/>\n<meta property=\"og:image\" content=\"https:\/\/allwintheme.com\/wp-content\/uploads\/2025\/10\/w9evkyjd.png\" \/>\n\t<meta property=\"og:image:width\" content=\"618\" \/>\n\t<meta property=\"og:image:height\" content=\"355\" \/>\n\t<meta property=\"og:image:type\" content=\"image\/png\" \/>\n<meta name=\"twitter:card\" content=\"summary_large_image\" \/>\n<meta name=\"twitter:label1\" content=\"Tiempo estimado de lectura\" \/>\n\t<meta name=\"twitter:data1\" content=\"2 minutos\" \/>\n<script type=\"application\/ld+json\" class=\"yoast-schema-graph\">{\"@context\":\"https:\/\/schema.org\",\"@graph\":[{\"@type\":\"WebPage\",\"@id\":\"https:\/\/allwintheme.com\/product\/bookings-and-appointments-for-woocommerce-premium\/\",\"url\":\"https:\/\/allwintheme.com\/product\/bookings-and-appointments-for-woocommerce-premium\/\",\"name\":\"Bookings and Appointments For WooCommerce Premium - AllWin Theme \u2013 Free WordPress Themes Download\",\"isPartOf\":{\"@id\":\"https:\/\/allwintheme.com\/#website\"},\"primaryImageOfPage\":{\"@id\":\"https:\/\/allwintheme.com\/product\/bookings-and-appointments-for-woocommerce-premium\/#primaryimage\"},\"image\":{\"@id\":\"https:\/\/allwintheme.com\/product\/bookings-and-appointments-for-woocommerce-premium\/#primaryimage\"},\"thumbnailUrl\":\"https:\/\/allwintheme.com\/wp-content\/uploads\/2025\/10\/w9evkyjd.png\",\"datePublished\":\"2025-10-15T01:30:23+00:00\",\"dateModified\":\"2025-10-15T09:27:03+00:00\",\"description\":\"Transform WooCommerce into a booking powerhouse with Premium. Schedule appointments, manage availability, and automate payments effortlessly.\",\"breadcrumb\":{\"@id\":\"https:\/\/allwintheme.com\/product\/bookings-and-appointments-for-woocommerce-premium\/#breadcrumb\"},\"inLanguage\":\"es-CL\",\"potentialAction\":[{\"@type\":\"ReadAction\",\"target\":[\"https:\/\/allwintheme.com\/product\/bookings-and-appointments-for-woocommerce-premium\/\"]}]},{\"@type\":\"ImageObject\",\"inLanguage\":\"es-CL\",\"@id\":\"https:\/\/allwintheme.com\/product\/bookings-and-appointments-for-woocommerce-premium\/#primaryimage\",\"url\":\"https:\/\/allwintheme.com\/wp-content\/uploads\/2025\/10\/w9evkyjd.png\",\"contentUrl\":\"https:\/\/allwintheme.com\/wp-content\/uploads\/2025\/10\/w9evkyjd.png\",\"width\":618,\"height\":355,\"caption\":\"Bookings and Appointments For WooCommerce Premium\"},{\"@type\":\"BreadcrumbList\",\"@id\":\"https:\/\/allwintheme.com\/product\/bookings-and-appointments-for-woocommerce-premium\/#breadcrumb\",\"itemListElement\":[{\"@type\":\"ListItem\",\"position\":1,\"name\":\"Home\",\"item\":\"https:\/\/allwintheme.com\/\"},{\"@type\":\"ListItem\",\"position\":2,\"name\":\"Shop\",\"item\":\"https:\/\/allwintheme.com\/shop\/\"},{\"@type\":\"ListItem\",\"position\":3,\"name\":\"Bookings and Appointments For WooCommerce Premium\"}]},{\"@type\":\"WebSite\",\"@id\":\"https:\/\/allwintheme.com\/#website\",\"url\":\"https:\/\/allwintheme.com\/\",\"name\":\"Allwintheme\",\"description\":\"Download free WordPress themes for every niche. Blogs, business, eCommerce, portfolio, restaurant and more. All themes are GPL licensed and mobile-ready.\",\"potentialAction\":[{\"@type\":\"SearchAction\",\"target\":{\"@type\":\"EntryPoint\",\"urlTemplate\":\"https:\/\/allwintheme.com\/?s={search_term_string}\"},\"query-input\":{\"@type\":\"PropertyValueSpecification\",\"valueRequired\":true,\"valueName\":\"search_term_string\"}}],\"inLanguage\":\"es-CL\"}]}<\/script>\n<!-- \/ Yoast SEO Premium plugin. -->","yoast_head_json":{"title":"Reservas y Citas Para WooCommerce Premium - AllWin Theme - Free WordPress Themes Download","description":"Transforma WooCommerce en una central de reservas con Premium. Programa citas, gestiona la disponibilidad y automatiza los pagos sin esfuerzo.","robots":{"index":"index","follow":"follow","max-snippet":"max-snippet:-1","max-image-preview":"max-image-preview:large","max-video-preview":"max-video-preview:-1"},"canonical":"https:\/\/allwintheme.com\/es\/producto\/reservas-y-citas-para-woocommerce-premium\/","og_locale":"es_ES","og_type":"article","og_title":"Bookings and Appointments For WooCommerce Premium","og_description":"Transform WooCommerce into a booking powerhouse with Premium. Schedule appointments, manage availability, and automate payments effortlessly.","og_url":"https:\/\/allwintheme.com\/es\/producto\/reservas-y-citas-para-woocommerce-premium\/","og_site_name":"AllWin Theme \u2013 Free WordPress Themes Download","article_modified_time":"2025-10-15T09:27:03+00:00","og_image":[{"width":618,"height":355,"url":"https:\/\/allwintheme.com\/wp-content\/uploads\/2025\/10\/w9evkyjd.png","type":"image\/png"}],"twitter_card":"summary_large_image","twitter_misc":{"Tiempo estimado de lectura":"2 minutos"},"schema":{"@context":"https:\/\/schema.org","@graph":[{"@type":"WebPage","@id":"https:\/\/allwintheme.com\/product\/bookings-and-appointments-for-woocommerce-premium\/","url":"https:\/\/allwintheme.com\/product\/bookings-and-appointments-for-woocommerce-premium\/","name":"Reservas y Citas Para WooCommerce Premium - AllWin Theme - Free WordPress Themes Download","isPartOf":{"@id":"https:\/\/allwintheme.com\/#website"},"primaryImageOfPage":{"@id":"https:\/\/allwintheme.com\/product\/bookings-and-appointments-for-woocommerce-premium\/#primaryimage"},"image":{"@id":"https:\/\/allwintheme.com\/product\/bookings-and-appointments-for-woocommerce-premium\/#primaryimage"},"thumbnailUrl":"https:\/\/allwintheme.com\/wp-content\/uploads\/2025\/10\/w9evkyjd.png","datePublished":"2025-10-15T01:30:23+00:00","dateModified":"2025-10-15T09:27:03+00:00","description":"Transforma WooCommerce en una central de reservas con Premium. Programa citas, gestiona la disponibilidad y automatiza los pagos sin esfuerzo.","breadcrumb":{"@id":"https:\/\/allwintheme.com\/product\/bookings-and-appointments-for-woocommerce-premium\/#breadcrumb"},"inLanguage":"es-CL","potentialAction":[{"@type":"ReadAction","target":["https:\/\/allwintheme.com\/product\/bookings-and-appointments-for-woocommerce-premium\/"]}]},{"@type":"ImageObject","inLanguage":"es-CL","@id":"https:\/\/allwintheme.com\/product\/bookings-and-appointments-for-woocommerce-premium\/#primaryimage","url":"https:\/\/allwintheme.com\/wp-content\/uploads\/2025\/10\/w9evkyjd.png","contentUrl":"https:\/\/allwintheme.com\/wp-content\/uploads\/2025\/10\/w9evkyjd.png","width":618,"height":355,"caption":"Bookings and Appointments For WooCommerce Premium"},{"@type":"BreadcrumbList","@id":"https:\/\/allwintheme.com\/product\/bookings-and-appointments-for-woocommerce-premium\/#breadcrumb","itemListElement":[{"@type":"ListItem","position":1,"name":"Home","item":"https:\/\/allwintheme.com\/"},{"@type":"ListItem","position":2,"name":"Shop","item":"https:\/\/allwintheme.com\/shop\/"},{"@type":"ListItem","position":3,"name":"Bookings and Appointments For WooCommerce Premium"}]},{"@type":"WebSite","@id":"https:\/\/allwintheme.com\/#website","url":"https:\/\/allwintheme.com\/","name":"Allwintheme","description":"Descarga gratis temas de WordPress para todos los nichos. Blogs, negocios, comercio electr\u00f3nico, portafolio, restaurante y m\u00e1s. Todos los temas tienen licencia GPL y est\u00e1n preparados para dispositivos m\u00f3viles.","potentialAction":[{"@type":"SearchAction","target":{"@type":"EntryPoint","urlTemplate":"https:\/\/allwintheme.com\/?s={search_term_string}"},"query-input":{"@type":"PropertyValueSpecification","valueRequired":true,"valueName":"search_term_string"}}],"inLanguage":"es-CL"}]}},"_links":{"self":[{"href":"https:\/\/allwintheme.com\/es\/wp-json\/wp\/v2\/product\/10689","targetHints":{"allow":["GET"]}}],"collection":[{"href":"https:\/\/allwintheme.com\/es\/wp-json\/wp\/v2\/product"}],"about":[{"href":"https:\/\/allwintheme.com\/es\/wp-json\/wp\/v2\/types\/product"}],"replies":[{"embeddable":true,"href":"https:\/\/allwintheme.com\/es\/wp-json\/wp\/v2\/comments?post=10689"}],"version-history":[{"count":5,"href":"https:\/\/allwintheme.com\/es\/wp-json\/wp\/v2\/product\/10689\/revisions"}],"predecessor-version":[{"id":10694,"href":"https:\/\/allwintheme.com\/es\/wp-json\/wp\/v2\/product\/10689\/revisions\/10694"}],"wp:featuredmedia":[{"embeddable":true,"href":"https:\/\/allwintheme.com\/es\/wp-json\/wp\/v2\/media\/10670"}],"wp:attachment":[{"href":"https:\/\/allwintheme.com\/es\/wp-json\/wp\/v2\/media?parent=10689"}],"wp:term":[{"taxonomy":"product_brand","embeddable":true,"href":"https:\/\/allwintheme.com\/es\/wp-json\/wp\/v2\/product_brand?post=10689"},{"taxonomy":"product_cat","embeddable":true,"href":"https:\/\/allwintheme.com\/es\/wp-json\/wp\/v2\/product_cat?post=10689"},{"taxonomy":"product_tag","embeddable":true,"href":"https:\/\/allwintheme.com\/es\/wp-json\/wp\/v2\/product_tag?post=10689"}],"curies":[{"name":"wp","href":"https:\/\/api.w.org\/{rel}","templated":true}]}}