{"id":10700,"date":"2025-10-16T01:21:26","date_gmt":"2025-10-16T01:21:26","guid":{"rendered":"https:\/\/allwintheme.com\/?post_type=product&#038;p=10700"},"modified":"2025-10-16T01:36:21","modified_gmt":"2025-10-16T01:36:21","slug":"progos-woocommerce-whatsapp-pedido","status":"publish","type":"product","link":"https:\/\/allwintheme.com\/es\/producto\/progos-woocommerce-whatsapp-pedido\/","title":{"rendered":"Progos - WooCommerce Pedidos por Whatsapp"},"content":{"rendered":"<div data-elementor-type=\"wp-post\" data-elementor-id=\"10700\" class=\"elementor elementor-10700\" data-elementor-settings=\"{&quot;element_pack_global_tooltip_width&quot;:{&quot;unit&quot;:&quot;px&quot;,&quot;size&quot;:&quot;&quot;,&quot;sizes&quot;:[]},&quot;element_pack_global_tooltip_width_tablet&quot;:{&quot;unit&quot;:&quot;px&quot;,&quot;size&quot;:&quot;&quot;,&quot;sizes&quot;:[]},&quot;element_pack_global_tooltip_width_mobile&quot;:{&quot;unit&quot;:&quot;px&quot;,&quot;size&quot;:&quot;&quot;,&quot;sizes&quot;:[]},&quot;element_pack_global_tooltip_padding&quot;:{&quot;unit&quot;:&quot;px&quot;,&quot;top&quot;:&quot;&quot;,&quot;right&quot;:&quot;&quot;,&quot;bottom&quot;:&quot;&quot;,&quot;left&quot;:&quot;&quot;,&quot;isLinked&quot;:true},&quot;element_pack_global_tooltip_padding_tablet&quot;:{&quot;unit&quot;:&quot;px&quot;,&quot;top&quot;:&quot;&quot;,&quot;right&quot;:&quot;&quot;,&quot;bottom&quot;:&quot;&quot;,&quot;left&quot;:&quot;&quot;,&quot;isLinked&quot;:true},&quot;element_pack_global_tooltip_padding_mobile&quot;:{&quot;unit&quot;:&quot;px&quot;,&quot;top&quot;:&quot;&quot;,&quot;right&quot;:&quot;&quot;,&quot;bottom&quot;:&quot;&quot;,&quot;left&quot;:&quot;&quot;,&quot;isLinked&quot;:true},&quot;element_pack_global_tooltip_border_radius&quot;:{&quot;unit&quot;:&quot;px&quot;,&quot;top&quot;:&quot;&quot;,&quot;right&quot;:&quot;&quot;,&quot;bottom&quot;:&quot;&quot;,&quot;left&quot;:&quot;&quot;,&quot;isLinked&quot;:true},&quot;element_pack_global_tooltip_border_radius_tablet&quot;:{&quot;unit&quot;:&quot;px&quot;,&quot;top&quot;:&quot;&quot;,&quot;right&quot;:&quot;&quot;,&quot;bottom&quot;:&quot;&quot;,&quot;left&quot;:&quot;&quot;,&quot;isLinked&quot;:true},&quot;element_pack_global_tooltip_border_radius_mobile&quot;:{&quot;unit&quot;:&quot;px&quot;,&quot;top&quot;:&quot;&quot;,&quot;right&quot;:&quot;&quot;,&quot;bottom&quot;:&quot;&quot;,&quot;left&quot;:&quot;&quot;,&quot;isLinked&quot;:true}}\" data-elementor-post-type=\"product\">\n\t\t\t\t<div class=\"elementor-element elementor-element-93aa4a8 e-con-full e-flex e-con e-parent\" data-id=\"93aa4a8\" data-element_type=\"container\" data-e-type=\"container\">\n\t\t\t\t<div class=\"elementor-element elementor-element-2c3f760 miaoshu elementor-widget elementor-widget-wd_text_block\" data-id=\"2c3f760\" data-element_type=\"widget\" data-e-type=\"widget\" data-widget_type=\"wd_text_block.default\">\n\t\t\t\t<div class=\"elementor-widget-container\">\n\t\t\t\t\t\t\t<div class=\"wd-text-block reset-last-child text-left\">\n\t\t\t\n\t\t\t<h2>Progos - WooCommerce WhatsApp Order: Conecta a los clientes al instante<\/h2><p>En <strong>Progos - WooCommerce WhatsApp Orden<\/strong> plugin revoluciona su sitio de comercio electr\u00f3nico al permitir que los clientes realicen pedidos directamente a trav\u00e9s de WhatsApp. Por ejemplo, las empresas utilizan activamente esta herramienta para fomentar interacciones r\u00e1pidas, por lo que puedes responder a las consultas en tiempo real y minimizar la p\u00e9rdida de oportunidades de venta. En consecuencia, su tienda obtiene una ventaja competitiva con una comunicaci\u00f3n m\u00f3vil fluida.<\/p><h3>Pedidos por WhatsApp sin problemas<\/h3><p>Con Progos - WooCommerce WhatsApp Order, los clientes pueden realizar pedidos por WhatsApp desde su sitio web. Puedes habilitar pedidos r\u00e1pidos de un solo producto o carritos multiproducto en p\u00e1ginas espec\u00edficas, categor\u00edas o en toda la tienda. Como resultado, los usuarios reciben informaci\u00f3n inmediata, lo que aumenta la confianza y las tasas de conversi\u00f3n sin complicadas comprobaciones.<\/p><h3>\u00bfPor qu\u00e9 elegir Progos - WooCommerce WhatsApp Order?<\/h3><ul><li><strong>Acceso flexible de los usuarios:<\/strong> Puede controlar los pedidos por pa\u00eds, funciones de usuario o tipos como invitados y usuarios registrados.<\/li><li><strong>Configuraci\u00f3n de productos espec\u00edficos:<\/strong> Habilite los pedidos por WhatsApp de productos o categor\u00edas espec\u00edficos para centrar las promociones.<\/li><li><strong>Integraci\u00f3n AJAX avanzada:<\/strong> El plugin procesa los pedidos sin problemas en todos los temas, garantizando la compatibilidad.<\/li><li><strong>Validaci\u00f3n mejorada:<\/strong> Los protocolos integrados protegen contra errores, por lo que las transacciones siguen siendo seguras y fiables.<\/li><\/ul><h3>Aumentar el compromiso y las ventas<\/h3><p>Este plugin destaca por las funciones que no ofrece ninguna otra herramienta de pedidos por WhatsApp. Por ejemplo, captura los n\u00fameros de tel\u00e9fono de los clientes para ofertas espec\u00edficas, que llegan al instante a trav\u00e9s de WhatsApp en lugar de correos electr\u00f3nicos pasados por alto. Adem\u00e1s, es compatible con las versiones de WooCommerce hasta la 9.x.x, por lo que podr\u00e1s integrarlo sin esfuerzo en tu flujo de trabajo y ver c\u00f3mo se disparan las interacciones con los clientes.<\/p><h3>Transforme su tienda hoy mismo<\/h3><p>Mejora tu experiencia WooCommerce con <strong>Progos - WooCommerce WhatsApp Orden<\/strong>. Por lo tanto, inst\u00e1lelo ahora para desbloquear pedidos instant\u00e1neos, alcance personalizado y mayor compromiso, \u00a1lo que impulsar\u00e1 el crecimiento real de su negocio!<\/p>\n\t\t\t\t\t<\/div>\n\t\t\t\t\t\t<\/div>\n\t\t\t\t<\/div>\n\t\t\t\t<\/div>\n\t\t<div class=\"wd-negative-gap elementor-element elementor-element-9a0da87 e-flex e-con-boxed e-con e-parent\" data-id=\"9a0da87\" data-element_type=\"container\" data-e-type=\"container\">\n\t\t\t\t\t<div class=\"e-con-inner\">\n\t\t\t\t<div class=\"elementor-element elementor-element-11a5a4e elementor-widget elementor-widget-wd_text_block\" data-id=\"11a5a4e\" data-element_type=\"widget\" data-e-type=\"widget\" data-widget_type=\"wd_text_block.default\">\n\t\t\t\t<div class=\"elementor-widget-container\">\n\t\t\t\t\t\t\t<div class=\"wd-text-block reset-last-child text-left\">\n\t\t\t\n\t\t\t<div id=\"title\" class=\"style-scope ytd-watch-metadata\"><h2 dir=\"auto\">Progos - WooCommerce Pedidos por Whatsapp<\/h2><\/div>\n\t\t\t\t\t<\/div>\n\t\t\t\t\t\t<\/div>\n\t\t\t\t<\/div>\n\t\t\t\t\t<\/div>\n\t\t\t\t<\/div>\n\t\t<div class=\"elementor-element elementor-element-c6550e9 e-con-full e-flex e-con e-parent\" data-id=\"c6550e9\" data-element_type=\"container\" data-e-type=\"container\">\n\t\t\t\t<div class=\"elementor-element elementor-element-fa7b692 elementor-widget elementor-widget-video\" data-id=\"fa7b692\" data-element_type=\"widget\" data-e-type=\"widget\" data-settings=\"{&quot;youtube_url&quot;:&quot;https:\\\/\\\/www.youtube.com\\\/watch?v=69caxcWqTrU&quot;,&quot;video_type&quot;:&quot;youtube&quot;,&quot;controls&quot;:&quot;yes&quot;}\" data-widget_type=\"video.default\">\n\t\t\t\t\t\t\t<div class=\"elementor-wrapper elementor-open-inline\">\n\t\t\t<div class=\"elementor-video\"><\/div>\t\t<\/div>\n\t\t\t\t\t\t<\/div>\n\t\t\t\t<\/div>\n\t\t\t\t<\/div>","protected":false},"excerpt":{"rendered":"<p>Progos - WooCommerce Pedidos por WhatsApp: Conecta con los clientes al instante El plugin Progos - WooCommerce WhatsApp Order revoluciona tu sitio de comercio electr\u00f3nico al<\/p>","protected":false},"featured_media":10668,"comment_status":"open","ping_status":"closed","template":"","meta":{"_acf_changed":false},"product_brand":[],"product_cat":[49],"product_tag":[],"class_list":{"0":"post-10700","1":"product","2":"type-product","3":"status-publish","4":"has-post-thumbnail","6":"product_cat-plugins","8":"first","9":"instock","10":"sale","11":"downloadable","12":"shipping-taxable","13":"purchasable","14":"product-type-simple"},"acf":[],"yoast_head":"<!-- This site is optimized with the Yoast SEO Premium plugin v25.6 (Yoast SEO v27.1.1) - https:\/\/yoast.com\/product\/yoast-seo-premium-wordpress\/ -->\n<title>Progos \u2013 WooCommerce Whatsapp Order - AllWin Theme \u2013 Free WordPress Themes Download<\/title>\n<meta name=\"description\" content=\"Enable customers to order via WhatsApp in WooCommerce with Progos plugin. Customize access, add carts, and respond instantly for better conversions.\" \/>\n<meta name=\"robots\" content=\"index, follow, max-snippet:-1, max-image-preview:large, max-video-preview:-1\" \/>\n<link rel=\"canonical\" href=\"https:\/\/allwintheme.com\/es\/producto\/progos-woocommerce-whatsapp-pedido\/\" \/>\n<meta property=\"og:locale\" content=\"es_ES\" \/>\n<meta property=\"og:type\" content=\"article\" \/>\n<meta property=\"og:title\" content=\"Progos \u2013 WooCommerce Whatsapp Order\" \/>\n<meta property=\"og:description\" content=\"Enable customers to order via WhatsApp in WooCommerce with Progos plugin. Customize access, add carts, and respond instantly for better conversions.\" \/>\n<meta property=\"og:url\" content=\"https:\/\/allwintheme.com\/es\/producto\/progos-woocommerce-whatsapp-pedido\/\" \/>\n<meta property=\"og:site_name\" content=\"AllWin Theme \u2013 Free WordPress Themes Download\" \/>\n<meta property=\"article:modified_time\" content=\"2025-10-16T01:36:21+00:00\" \/>\n<meta property=\"og:image\" content=\"https:\/\/allwintheme.com\/wp-content\/uploads\/2025\/10\/movqhv84.png\" \/>\n\t<meta property=\"og:image:width\" content=\"590\" \/>\n\t<meta property=\"og:image:height\" content=\"300\" \/>\n\t<meta property=\"og:image:type\" content=\"image\/png\" \/>\n<meta name=\"twitter:card\" content=\"summary_large_image\" \/>\n<meta name=\"twitter:label1\" content=\"Tiempo estimado de lectura\" \/>\n\t<meta name=\"twitter:data1\" content=\"2 minutos\" \/>\n<script type=\"application\/ld+json\" class=\"yoast-schema-graph\">{\"@context\":\"https:\/\/schema.org\",\"@graph\":[{\"@type\":\"WebPage\",\"@id\":\"https:\/\/allwintheme.com\/product\/progos-woocommerce-whatsapp-order\/\",\"url\":\"https:\/\/allwintheme.com\/product\/progos-woocommerce-whatsapp-order\/\",\"name\":\"Progos \u2013 WooCommerce Whatsapp Order - AllWin Theme \u2013 Free WordPress Themes Download\",\"isPartOf\":{\"@id\":\"https:\/\/allwintheme.com\/#website\"},\"primaryImageOfPage\":{\"@id\":\"https:\/\/allwintheme.com\/product\/progos-woocommerce-whatsapp-order\/#primaryimage\"},\"image\":{\"@id\":\"https:\/\/allwintheme.com\/product\/progos-woocommerce-whatsapp-order\/#primaryimage\"},\"thumbnailUrl\":\"https:\/\/allwintheme.com\/wp-content\/uploads\/2025\/10\/movqhv84.png\",\"datePublished\":\"2025-10-16T01:21:26+00:00\",\"dateModified\":\"2025-10-16T01:36:21+00:00\",\"description\":\"Enable customers to order via WhatsApp in WooCommerce with Progos plugin. Customize access, add carts, and respond instantly for better conversions.\",\"breadcrumb\":{\"@id\":\"https:\/\/allwintheme.com\/product\/progos-woocommerce-whatsapp-order\/#breadcrumb\"},\"inLanguage\":\"es-CL\",\"potentialAction\":[{\"@type\":\"ReadAction\",\"target\":[\"https:\/\/allwintheme.com\/product\/progos-woocommerce-whatsapp-order\/\"]}]},{\"@type\":\"ImageObject\",\"inLanguage\":\"es-CL\",\"@id\":\"https:\/\/allwintheme.com\/product\/progos-woocommerce-whatsapp-order\/#primaryimage\",\"url\":\"https:\/\/allwintheme.com\/wp-content\/uploads\/2025\/10\/movqhv84.png\",\"contentUrl\":\"https:\/\/allwintheme.com\/wp-content\/uploads\/2025\/10\/movqhv84.png\",\"width\":590,\"height\":300,\"caption\":\"Progos \u2013 WooCommerce Whatsapp Order\"},{\"@type\":\"BreadcrumbList\",\"@id\":\"https:\/\/allwintheme.com\/product\/progos-woocommerce-whatsapp-order\/#breadcrumb\",\"itemListElement\":[{\"@type\":\"ListItem\",\"position\":1,\"name\":\"Home\",\"item\":\"https:\/\/allwintheme.com\/\"},{\"@type\":\"ListItem\",\"position\":2,\"name\":\"Shop\",\"item\":\"https:\/\/allwintheme.com\/shop\/\"},{\"@type\":\"ListItem\",\"position\":3,\"name\":\"Progos \u2013 WooCommerce Whatsapp Order\"}]},{\"@type\":\"WebSite\",\"@id\":\"https:\/\/allwintheme.com\/#website\",\"url\":\"https:\/\/allwintheme.com\/\",\"name\":\"Allwintheme\",\"description\":\"Download free WordPress themes for every niche. Blogs, business, eCommerce, portfolio, restaurant and more. All themes are GPL licensed and mobile-ready.\",\"potentialAction\":[{\"@type\":\"SearchAction\",\"target\":{\"@type\":\"EntryPoint\",\"urlTemplate\":\"https:\/\/allwintheme.com\/?s={search_term_string}\"},\"query-input\":{\"@type\":\"PropertyValueSpecification\",\"valueRequired\":true,\"valueName\":\"search_term_string\"}}],\"inLanguage\":\"es-CL\"}]}<\/script>\n<!-- \/ Yoast SEO Premium plugin. -->","yoast_head_json":{"title":"Progos \u2013 WooCommerce Whatsapp Order - AllWin Theme \u2013 Free WordPress Themes Download","description":"Permita a los clientes realizar pedidos a trav\u00e9s de WhatsApp en WooCommerce con el plugin Progos. Personaliza el acceso, a\u00f1ade carritos y responde al instante para mejorar las conversiones.","robots":{"index":"index","follow":"follow","max-snippet":"max-snippet:-1","max-image-preview":"max-image-preview:large","max-video-preview":"max-video-preview:-1"},"canonical":"https:\/\/allwintheme.com\/es\/producto\/progos-woocommerce-whatsapp-pedido\/","og_locale":"es_ES","og_type":"article","og_title":"Progos \u2013 WooCommerce Whatsapp Order","og_description":"Enable customers to order via WhatsApp in WooCommerce with Progos plugin. Customize access, add carts, and respond instantly for better conversions.","og_url":"https:\/\/allwintheme.com\/es\/producto\/progos-woocommerce-whatsapp-pedido\/","og_site_name":"AllWin Theme \u2013 Free WordPress Themes Download","article_modified_time":"2025-10-16T01:36:21+00:00","og_image":[{"width":590,"height":300,"url":"https:\/\/allwintheme.com\/wp-content\/uploads\/2025\/10\/movqhv84.png","type":"image\/png"}],"twitter_card":"summary_large_image","twitter_misc":{"Tiempo estimado de lectura":"2 minutos"},"schema":{"@context":"https:\/\/schema.org","@graph":[{"@type":"WebPage","@id":"https:\/\/allwintheme.com\/product\/progos-woocommerce-whatsapp-order\/","url":"https:\/\/allwintheme.com\/product\/progos-woocommerce-whatsapp-order\/","name":"Progos \u2013 WooCommerce Whatsapp Order - AllWin Theme \u2013 Free WordPress Themes Download","isPartOf":{"@id":"https:\/\/allwintheme.com\/#website"},"primaryImageOfPage":{"@id":"https:\/\/allwintheme.com\/product\/progos-woocommerce-whatsapp-order\/#primaryimage"},"image":{"@id":"https:\/\/allwintheme.com\/product\/progos-woocommerce-whatsapp-order\/#primaryimage"},"thumbnailUrl":"https:\/\/allwintheme.com\/wp-content\/uploads\/2025\/10\/movqhv84.png","datePublished":"2025-10-16T01:21:26+00:00","dateModified":"2025-10-16T01:36:21+00:00","description":"Permita a los clientes realizar pedidos a trav\u00e9s de WhatsApp en WooCommerce con el plugin Progos. Personaliza el acceso, a\u00f1ade carritos y responde al instante para mejorar las conversiones.","breadcrumb":{"@id":"https:\/\/allwintheme.com\/product\/progos-woocommerce-whatsapp-order\/#breadcrumb"},"inLanguage":"es-CL","potentialAction":[{"@type":"ReadAction","target":["https:\/\/allwintheme.com\/product\/progos-woocommerce-whatsapp-order\/"]}]},{"@type":"ImageObject","inLanguage":"es-CL","@id":"https:\/\/allwintheme.com\/product\/progos-woocommerce-whatsapp-order\/#primaryimage","url":"https:\/\/allwintheme.com\/wp-content\/uploads\/2025\/10\/movqhv84.png","contentUrl":"https:\/\/allwintheme.com\/wp-content\/uploads\/2025\/10\/movqhv84.png","width":590,"height":300,"caption":"Progos \u2013 WooCommerce Whatsapp Order"},{"@type":"BreadcrumbList","@id":"https:\/\/allwintheme.com\/product\/progos-woocommerce-whatsapp-order\/#breadcrumb","itemListElement":[{"@type":"ListItem","position":1,"name":"Home","item":"https:\/\/allwintheme.com\/"},{"@type":"ListItem","position":2,"name":"Shop","item":"https:\/\/allwintheme.com\/shop\/"},{"@type":"ListItem","position":3,"name":"Progos \u2013 WooCommerce Whatsapp Order"}]},{"@type":"WebSite","@id":"https:\/\/allwintheme.com\/#website","url":"https:\/\/allwintheme.com\/","name":"Allwintheme","description":"Descarga gratis temas de WordPress para todos los nichos. Blogs, negocios, comercio electr\u00f3nico, portafolio, restaurante y m\u00e1s. Todos los temas tienen licencia GPL y est\u00e1n preparados para dispositivos m\u00f3viles.","potentialAction":[{"@type":"SearchAction","target":{"@type":"EntryPoint","urlTemplate":"https:\/\/allwintheme.com\/?s={search_term_string}"},"query-input":{"@type":"PropertyValueSpecification","valueRequired":true,"valueName":"search_term_string"}}],"inLanguage":"es-CL"}]}},"_links":{"self":[{"href":"https:\/\/allwintheme.com\/es\/wp-json\/wp\/v2\/product\/10700","targetHints":{"allow":["GET"]}}],"collection":[{"href":"https:\/\/allwintheme.com\/es\/wp-json\/wp\/v2\/product"}],"about":[{"href":"https:\/\/allwintheme.com\/es\/wp-json\/wp\/v2\/types\/product"}],"replies":[{"embeddable":true,"href":"https:\/\/allwintheme.com\/es\/wp-json\/wp\/v2\/comments?post=10700"}],"version-history":[{"count":5,"href":"https:\/\/allwintheme.com\/es\/wp-json\/wp\/v2\/product\/10700\/revisions"}],"predecessor-version":[{"id":10705,"href":"https:\/\/allwintheme.com\/es\/wp-json\/wp\/v2\/product\/10700\/revisions\/10705"}],"wp:featuredmedia":[{"embeddable":true,"href":"https:\/\/allwintheme.com\/es\/wp-json\/wp\/v2\/media\/10668"}],"wp:attachment":[{"href":"https:\/\/allwintheme.com\/es\/wp-json\/wp\/v2\/media?parent=10700"}],"wp:term":[{"taxonomy":"product_brand","embeddable":true,"href":"https:\/\/allwintheme.com\/es\/wp-json\/wp\/v2\/product_brand?post=10700"},{"taxonomy":"product_cat","embeddable":true,"href":"https:\/\/allwintheme.com\/es\/wp-json\/wp\/v2\/product_cat?post=10700"},{"taxonomy":"product_tag","embeddable":true,"href":"https:\/\/allwintheme.com\/es\/wp-json\/wp\/v2\/product_tag?post=10700"}],"curies":[{"name":"wp","href":"https:\/\/api.w.org\/{rel}","templated":true}]}}