{"id":10706,"date":"2025-10-16T01:44:30","date_gmt":"2025-10-16T01:44:30","guid":{"rendered":"https:\/\/allwintheme.com\/?post_type=product&#038;p=10706"},"modified":"2025-10-16T02:36:41","modified_gmt":"2025-10-16T02:36:41","slug":"wilcity-app-deep-link","status":"publish","type":"product","link":"https:\/\/allwintheme.com\/es\/producto\/wilcity-app-deep-link\/","title":{"rendered":"Wilcity App Enlace profundo"},"content":{"rendered":"<div data-elementor-type=\"wp-post\" data-elementor-id=\"10706\" class=\"elementor elementor-10706\" data-elementor-settings=\"{&quot;element_pack_global_tooltip_width&quot;:{&quot;unit&quot;:&quot;px&quot;,&quot;size&quot;:&quot;&quot;,&quot;sizes&quot;:[]},&quot;element_pack_global_tooltip_width_tablet&quot;:{&quot;unit&quot;:&quot;px&quot;,&quot;size&quot;:&quot;&quot;,&quot;sizes&quot;:[]},&quot;element_pack_global_tooltip_width_mobile&quot;:{&quot;unit&quot;:&quot;px&quot;,&quot;size&quot;:&quot;&quot;,&quot;sizes&quot;:[]},&quot;element_pack_global_tooltip_padding&quot;:{&quot;unit&quot;:&quot;px&quot;,&quot;top&quot;:&quot;&quot;,&quot;right&quot;:&quot;&quot;,&quot;bottom&quot;:&quot;&quot;,&quot;left&quot;:&quot;&quot;,&quot;isLinked&quot;:true},&quot;element_pack_global_tooltip_padding_tablet&quot;:{&quot;unit&quot;:&quot;px&quot;,&quot;top&quot;:&quot;&quot;,&quot;right&quot;:&quot;&quot;,&quot;bottom&quot;:&quot;&quot;,&quot;left&quot;:&quot;&quot;,&quot;isLinked&quot;:true},&quot;element_pack_global_tooltip_padding_mobile&quot;:{&quot;unit&quot;:&quot;px&quot;,&quot;top&quot;:&quot;&quot;,&quot;right&quot;:&quot;&quot;,&quot;bottom&quot;:&quot;&quot;,&quot;left&quot;:&quot;&quot;,&quot;isLinked&quot;:true},&quot;element_pack_global_tooltip_border_radius&quot;:{&quot;unit&quot;:&quot;px&quot;,&quot;top&quot;:&quot;&quot;,&quot;right&quot;:&quot;&quot;,&quot;bottom&quot;:&quot;&quot;,&quot;left&quot;:&quot;&quot;,&quot;isLinked&quot;:true},&quot;element_pack_global_tooltip_border_radius_tablet&quot;:{&quot;unit&quot;:&quot;px&quot;,&quot;top&quot;:&quot;&quot;,&quot;right&quot;:&quot;&quot;,&quot;bottom&quot;:&quot;&quot;,&quot;left&quot;:&quot;&quot;,&quot;isLinked&quot;:true},&quot;element_pack_global_tooltip_border_radius_mobile&quot;:{&quot;unit&quot;:&quot;px&quot;,&quot;top&quot;:&quot;&quot;,&quot;right&quot;:&quot;&quot;,&quot;bottom&quot;:&quot;&quot;,&quot;left&quot;:&quot;&quot;,&quot;isLinked&quot;:true}}\" data-elementor-post-type=\"product\">\n\t\t\t\t<div class=\"elementor-element elementor-element-93aa4a8 e-con-full e-flex e-con e-parent\" data-id=\"93aa4a8\" data-element_type=\"container\" data-e-type=\"container\">\n\t\t\t\t<div class=\"elementor-element elementor-element-2c3f760 miaoshu elementor-widget elementor-widget-wd_text_block\" data-id=\"2c3f760\" data-element_type=\"widget\" data-e-type=\"widget\" data-widget_type=\"wd_text_block.default\">\n\t\t\t\t<div class=\"elementor-widget-container\">\n\t\t\t\t\t\t\t<div class=\"wd-text-block reset-last-child text-left\">\n\t\t\t\n\t\t\t<h2>Wilcity App Deep Link: Conduzca a los usuarios directamente al contenido principal de su aplicaci\u00f3n<\/h2>\n<p>En <strong>Wilcity App Enlace profundo<\/strong> mejora el tema de tu directorio Wilcity habilitando enlaces m\u00f3viles inteligentes. Por ejemplo, los desarrolladores y propietarios de sitios lo utilizan para crear enlaces profundos que gu\u00edan a los usuarios directamente a contenidos espec\u00edficos dentro de tu aplicaci\u00f3n m\u00f3vil. Por consiguiente, esto aumenta la participaci\u00f3n del usuario y hace que la navegaci\u00f3n sea sencilla en todos los dispositivos.<\/p>\n\n<h3>Integraci\u00f3n perfecta de aplicaciones<\/h3>\n<p>Con Wilcity App Deep Link, usted genera enlaces que se comportan de forma inteligente en funci\u00f3n del dispositivo del usuario. Por ejemplo, cuando los clientes hacen clic en un enlace profundo, los usuarios de escritorio aterrizan en la p\u00e1gina web correspondiente como de costumbre. Por su parte, los usuarios de m\u00f3vil que tengan instalada la aplicaci\u00f3n ir\u00e1n directamente al contenido deseado. Como resultado, se crea una experiencia fluida que mantiene enganchados a los visitantes.<\/p>\n\n<h3>\u00bfPor qu\u00e9 elegir Wilcity App Deep Link?<\/h3>\n<ul>\n    <li><strong>Detecci\u00f3n de dispositivos inteligentes:<\/strong> El plugin redirige autom\u00e1ticamente en funci\u00f3n de si los usuarios tienen instalada la aplicaci\u00f3n, garantizando rutas \u00f3ptimas.<\/li>\n    <li><strong>Ventanas emergentes de promoci\u00f3n de aplicaciones:<\/strong> Si la aplicaci\u00f3n no est\u00e1 instalada, un aviso invita a los usuarios a descargarla desde App Store o Google Play, lo que aumenta las instalaciones.<\/li>\n    <li><strong>Indexaci\u00f3n SEO:<\/strong> Google indexa estos enlaces profundos, por lo que los buscadores descubren su aplicaci\u00f3n y conducen a nuevos usuarios a ella sin esfuerzo.<\/li>\n    <li><strong>F\u00e1cil configuraci\u00f3n de Wilcity:<\/strong> Instalar y activar a trav\u00e9s del panel de control de administraci\u00f3n, a continuaci\u00f3n, configurar en Opciones de tema para la integraci\u00f3n r\u00e1pida.<\/li>\n<\/ul>\n\n<h3>Impulsar el compromiso y el crecimiento a trav\u00e9s del m\u00f3vil<\/h3>\n<p>Este plugin simplifica la conexi\u00f3n entre el sitio web y la aplicaci\u00f3n, lo que permite retener a los usuarios durante m\u00e1s tiempo. Adem\u00e1s, funciona exclusivamente con el tema Wilcity, proporcionando soporte a medida para sitios de directorios. Por lo tanto, si tienes una plataforma de anuncios clasificados o un servicio de listados locales, Wilcity App Deep Link te ayuda a convertir el tr\u00e1fico web en usuarios fieles de la aplicaci\u00f3n sin complicaciones adicionales.<\/p>\n\n<h3>Establezca hoy mismo enlaces profundos<\/h3>\n<p>Mejora tu configuraci\u00f3n Wilcity con <strong>Wilcity App Enlace profundo<\/strong>. Al agilizar el recorrido de los usuarios, fomenta la retenci\u00f3n y el crecimiento. Inst\u00e1lela ahora y vea c\u00f3mo se dispara la adopci\u00f3n de su aplicaci\u00f3n.\n\t\t\t\t\t<\/div>\n\t\t\t\t\t\t<\/div>\n\t\t\t\t<\/div>\n\t\t\t\t<\/div>\n\t\t\t\t<\/div>","protected":false},"excerpt":{"rendered":"<p>Wilcity App Deep Link: Lleva a los usuarios directamente al contenido principal de tu aplicaci\u00f3n El complemento Wilcity App Deep Link potencia tu aplicaci\u00f3n.<\/p>","protected":false},"featured_media":10667,"comment_status":"open","ping_status":"closed","template":"","meta":{"_acf_changed":false},"product_brand":[],"product_cat":[49],"product_tag":[],"class_list":{"0":"post-10706","1":"product","2":"type-product","3":"status-publish","4":"has-post-thumbnail","6":"product_cat-plugins","8":"first","9":"instock","10":"sale","11":"downloadable","12":"shipping-taxable","13":"purchasable","14":"product-type-simple"},"acf":[],"yoast_head":"<!-- This site is optimized with the Yoast SEO Premium plugin v25.6 (Yoast SEO v27.1.1) - https:\/\/yoast.com\/product\/yoast-seo-premium-wordpress\/ -->\n<title>Wilcity App Deep Link - AllWin Theme \u2013 Free WordPress Themes Download<\/title>\n<meta name=\"description\" content=\"Enhance your Wilcity directory with App Deep Link. Direct users to specific app content, boosting engagement and app downloads seamlessly.\" \/>\n<meta name=\"robots\" content=\"index, follow, max-snippet:-1, max-image-preview:large, max-video-preview:-1\" \/>\n<link rel=\"canonical\" href=\"https:\/\/allwintheme.com\/es\/producto\/wilcity-app-deep-link\/\" \/>\n<meta property=\"og:locale\" content=\"es_ES\" \/>\n<meta property=\"og:type\" content=\"article\" \/>\n<meta property=\"og:title\" content=\"Wilcity App Deep Link\" \/>\n<meta property=\"og:description\" content=\"Enhance your Wilcity directory with App Deep Link. Direct users to specific app content, boosting engagement and app downloads seamlessly.\" \/>\n<meta property=\"og:url\" content=\"https:\/\/allwintheme.com\/es\/producto\/wilcity-app-deep-link\/\" \/>\n<meta property=\"og:site_name\" content=\"AllWin Theme \u2013 Free WordPress Themes Download\" \/>\n<meta property=\"article:modified_time\" content=\"2025-10-16T02:36:41+00:00\" \/>\n<meta property=\"og:image\" content=\"https:\/\/allwintheme.com\/wp-content\/uploads\/2025\/10\/776uzvde.png\" \/>\n\t<meta property=\"og:image:width\" content=\"682\" \/>\n\t<meta property=\"og:image:height\" content=\"364\" \/>\n\t<meta property=\"og:image:type\" content=\"image\/png\" \/>\n<meta name=\"twitter:card\" content=\"summary_large_image\" \/>\n<meta name=\"twitter:label1\" content=\"Tiempo estimado de lectura\" \/>\n\t<meta name=\"twitter:data1\" content=\"2 minutos\" \/>\n<script type=\"application\/ld+json\" class=\"yoast-schema-graph\">{\"@context\":\"https:\/\/schema.org\",\"@graph\":[{\"@type\":\"WebPage\",\"@id\":\"https:\/\/allwintheme.com\/product\/wilcity-app-deep-link\/\",\"url\":\"https:\/\/allwintheme.com\/product\/wilcity-app-deep-link\/\",\"name\":\"Wilcity App Deep Link - AllWin Theme \u2013 Free WordPress Themes Download\",\"isPartOf\":{\"@id\":\"https:\/\/allwintheme.com\/#website\"},\"primaryImageOfPage\":{\"@id\":\"https:\/\/allwintheme.com\/product\/wilcity-app-deep-link\/#primaryimage\"},\"image\":{\"@id\":\"https:\/\/allwintheme.com\/product\/wilcity-app-deep-link\/#primaryimage\"},\"thumbnailUrl\":\"https:\/\/allwintheme.com\/wp-content\/uploads\/2025\/10\/776uzvde.png\",\"datePublished\":\"2025-10-16T01:44:30+00:00\",\"dateModified\":\"2025-10-16T02:36:41+00:00\",\"description\":\"Enhance your Wilcity directory with App Deep Link. Direct users to specific app content, boosting engagement and app downloads seamlessly.\",\"breadcrumb\":{\"@id\":\"https:\/\/allwintheme.com\/product\/wilcity-app-deep-link\/#breadcrumb\"},\"inLanguage\":\"es-CL\",\"potentialAction\":[{\"@type\":\"ReadAction\",\"target\":[\"https:\/\/allwintheme.com\/product\/wilcity-app-deep-link\/\"]}]},{\"@type\":\"ImageObject\",\"inLanguage\":\"es-CL\",\"@id\":\"https:\/\/allwintheme.com\/product\/wilcity-app-deep-link\/#primaryimage\",\"url\":\"https:\/\/allwintheme.com\/wp-content\/uploads\/2025\/10\/776uzvde.png\",\"contentUrl\":\"https:\/\/allwintheme.com\/wp-content\/uploads\/2025\/10\/776uzvde.png\",\"width\":682,\"height\":364,\"caption\":\"Wilcity App Deep Link\"},{\"@type\":\"BreadcrumbList\",\"@id\":\"https:\/\/allwintheme.com\/product\/wilcity-app-deep-link\/#breadcrumb\",\"itemListElement\":[{\"@type\":\"ListItem\",\"position\":1,\"name\":\"Home\",\"item\":\"https:\/\/allwintheme.com\/\"},{\"@type\":\"ListItem\",\"position\":2,\"name\":\"Shop\",\"item\":\"https:\/\/allwintheme.com\/shop\/\"},{\"@type\":\"ListItem\",\"position\":3,\"name\":\"Wilcity App Deep Link\"}]},{\"@type\":\"WebSite\",\"@id\":\"https:\/\/allwintheme.com\/#website\",\"url\":\"https:\/\/allwintheme.com\/\",\"name\":\"Allwintheme\",\"description\":\"Download free WordPress themes for every niche. Blogs, business, eCommerce, portfolio, restaurant and more. All themes are GPL licensed and mobile-ready.\",\"potentialAction\":[{\"@type\":\"SearchAction\",\"target\":{\"@type\":\"EntryPoint\",\"urlTemplate\":\"https:\/\/allwintheme.com\/?s={search_term_string}\"},\"query-input\":{\"@type\":\"PropertyValueSpecification\",\"valueRequired\":true,\"valueName\":\"search_term_string\"}}],\"inLanguage\":\"es-CL\"}]}<\/script>\n<!-- \/ Yoast SEO Premium plugin. -->","yoast_head_json":{"title":"Wilcity App Deep Link - AllWin Theme - Free WordPress Themes Download","description":"Mejora tu directorio Wilcity con App Deep Link. Dirija a los usuarios a contenido espec\u00edfico de aplicaciones, aumentando la participaci\u00f3n y las descargas de aplicaciones sin problemas.","robots":{"index":"index","follow":"follow","max-snippet":"max-snippet:-1","max-image-preview":"max-image-preview:large","max-video-preview":"max-video-preview:-1"},"canonical":"https:\/\/allwintheme.com\/es\/producto\/wilcity-app-deep-link\/","og_locale":"es_ES","og_type":"article","og_title":"Wilcity App Deep Link","og_description":"Enhance your Wilcity directory with App Deep Link. Direct users to specific app content, boosting engagement and app downloads seamlessly.","og_url":"https:\/\/allwintheme.com\/es\/producto\/wilcity-app-deep-link\/","og_site_name":"AllWin Theme \u2013 Free WordPress Themes Download","article_modified_time":"2025-10-16T02:36:41+00:00","og_image":[{"width":682,"height":364,"url":"https:\/\/allwintheme.com\/wp-content\/uploads\/2025\/10\/776uzvde.png","type":"image\/png"}],"twitter_card":"summary_large_image","twitter_misc":{"Tiempo estimado de lectura":"2 minutos"},"schema":{"@context":"https:\/\/schema.org","@graph":[{"@type":"WebPage","@id":"https:\/\/allwintheme.com\/product\/wilcity-app-deep-link\/","url":"https:\/\/allwintheme.com\/product\/wilcity-app-deep-link\/","name":"Wilcity App Deep Link - AllWin Theme - Free WordPress Themes Download","isPartOf":{"@id":"https:\/\/allwintheme.com\/#website"},"primaryImageOfPage":{"@id":"https:\/\/allwintheme.com\/product\/wilcity-app-deep-link\/#primaryimage"},"image":{"@id":"https:\/\/allwintheme.com\/product\/wilcity-app-deep-link\/#primaryimage"},"thumbnailUrl":"https:\/\/allwintheme.com\/wp-content\/uploads\/2025\/10\/776uzvde.png","datePublished":"2025-10-16T01:44:30+00:00","dateModified":"2025-10-16T02:36:41+00:00","description":"Mejora tu directorio Wilcity con App Deep Link. Dirija a los usuarios a contenido espec\u00edfico de aplicaciones, aumentando la participaci\u00f3n y las descargas de aplicaciones sin problemas.","breadcrumb":{"@id":"https:\/\/allwintheme.com\/product\/wilcity-app-deep-link\/#breadcrumb"},"inLanguage":"es-CL","potentialAction":[{"@type":"ReadAction","target":["https:\/\/allwintheme.com\/product\/wilcity-app-deep-link\/"]}]},{"@type":"ImageObject","inLanguage":"es-CL","@id":"https:\/\/allwintheme.com\/product\/wilcity-app-deep-link\/#primaryimage","url":"https:\/\/allwintheme.com\/wp-content\/uploads\/2025\/10\/776uzvde.png","contentUrl":"https:\/\/allwintheme.com\/wp-content\/uploads\/2025\/10\/776uzvde.png","width":682,"height":364,"caption":"Wilcity App Deep Link"},{"@type":"BreadcrumbList","@id":"https:\/\/allwintheme.com\/product\/wilcity-app-deep-link\/#breadcrumb","itemListElement":[{"@type":"ListItem","position":1,"name":"Home","item":"https:\/\/allwintheme.com\/"},{"@type":"ListItem","position":2,"name":"Shop","item":"https:\/\/allwintheme.com\/shop\/"},{"@type":"ListItem","position":3,"name":"Wilcity App Deep Link"}]},{"@type":"WebSite","@id":"https:\/\/allwintheme.com\/#website","url":"https:\/\/allwintheme.com\/","name":"Allwintheme","description":"Descarga gratis temas de WordPress para todos los nichos. Blogs, negocios, comercio electr\u00f3nico, portafolio, restaurante y m\u00e1s. Todos los temas tienen licencia GPL y est\u00e1n preparados para dispositivos m\u00f3viles.","potentialAction":[{"@type":"SearchAction","target":{"@type":"EntryPoint","urlTemplate":"https:\/\/allwintheme.com\/?s={search_term_string}"},"query-input":{"@type":"PropertyValueSpecification","valueRequired":true,"valueName":"search_term_string"}}],"inLanguage":"es-CL"}]}},"_links":{"self":[{"href":"https:\/\/allwintheme.com\/es\/wp-json\/wp\/v2\/product\/10706","targetHints":{"allow":["GET"]}}],"collection":[{"href":"https:\/\/allwintheme.com\/es\/wp-json\/wp\/v2\/product"}],"about":[{"href":"https:\/\/allwintheme.com\/es\/wp-json\/wp\/v2\/types\/product"}],"replies":[{"embeddable":true,"href":"https:\/\/allwintheme.com\/es\/wp-json\/wp\/v2\/comments?post=10706"}],"version-history":[{"count":6,"href":"https:\/\/allwintheme.com\/es\/wp-json\/wp\/v2\/product\/10706\/revisions"}],"predecessor-version":[{"id":10712,"href":"https:\/\/allwintheme.com\/es\/wp-json\/wp\/v2\/product\/10706\/revisions\/10712"}],"wp:featuredmedia":[{"embeddable":true,"href":"https:\/\/allwintheme.com\/es\/wp-json\/wp\/v2\/media\/10667"}],"wp:attachment":[{"href":"https:\/\/allwintheme.com\/es\/wp-json\/wp\/v2\/media?parent=10706"}],"wp:term":[{"taxonomy":"product_brand","embeddable":true,"href":"https:\/\/allwintheme.com\/es\/wp-json\/wp\/v2\/product_brand?post=10706"},{"taxonomy":"product_cat","embeddable":true,"href":"https:\/\/allwintheme.com\/es\/wp-json\/wp\/v2\/product_cat?post=10706"},{"taxonomy":"product_tag","embeddable":true,"href":"https:\/\/allwintheme.com\/es\/wp-json\/wp\/v2\/product_tag?post=10706"}],"curies":[{"name":"wp","href":"https:\/\/api.w.org\/{rel}","templated":true}]}}