{"id":10713,"date":"2025-10-16T02:37:42","date_gmt":"2025-10-16T02:37:42","guid":{"rendered":"https:\/\/allwintheme.com\/?post_type=product&#038;p=10713"},"modified":"2025-10-16T02:47:12","modified_gmt":"2025-10-16T02:47:12","slug":"booking-appointment-plugin-for-woocommerce","status":"publish","type":"product","link":"https:\/\/allwintheme.com\/es\/producto\/booking-appointment-plugin-for-woocommerce\/","title":{"rendered":"Plugin de Reservas y Citas para WooCommerce"},"content":{"rendered":"<div data-elementor-type=\"wp-post\" data-elementor-id=\"10713\" class=\"elementor elementor-10713\" data-elementor-settings=\"{&quot;element_pack_global_tooltip_width&quot;:{&quot;unit&quot;:&quot;px&quot;,&quot;size&quot;:&quot;&quot;,&quot;sizes&quot;:[]},&quot;element_pack_global_tooltip_width_tablet&quot;:{&quot;unit&quot;:&quot;px&quot;,&quot;size&quot;:&quot;&quot;,&quot;sizes&quot;:[]},&quot;element_pack_global_tooltip_width_mobile&quot;:{&quot;unit&quot;:&quot;px&quot;,&quot;size&quot;:&quot;&quot;,&quot;sizes&quot;:[]},&quot;element_pack_global_tooltip_padding&quot;:{&quot;unit&quot;:&quot;px&quot;,&quot;top&quot;:&quot;&quot;,&quot;right&quot;:&quot;&quot;,&quot;bottom&quot;:&quot;&quot;,&quot;left&quot;:&quot;&quot;,&quot;isLinked&quot;:true},&quot;element_pack_global_tooltip_padding_tablet&quot;:{&quot;unit&quot;:&quot;px&quot;,&quot;top&quot;:&quot;&quot;,&quot;right&quot;:&quot;&quot;,&quot;bottom&quot;:&quot;&quot;,&quot;left&quot;:&quot;&quot;,&quot;isLinked&quot;:true},&quot;element_pack_global_tooltip_padding_mobile&quot;:{&quot;unit&quot;:&quot;px&quot;,&quot;top&quot;:&quot;&quot;,&quot;right&quot;:&quot;&quot;,&quot;bottom&quot;:&quot;&quot;,&quot;left&quot;:&quot;&quot;,&quot;isLinked&quot;:true},&quot;element_pack_global_tooltip_border_radius&quot;:{&quot;unit&quot;:&quot;px&quot;,&quot;top&quot;:&quot;&quot;,&quot;right&quot;:&quot;&quot;,&quot;bottom&quot;:&quot;&quot;,&quot;left&quot;:&quot;&quot;,&quot;isLinked&quot;:true},&quot;element_pack_global_tooltip_border_radius_tablet&quot;:{&quot;unit&quot;:&quot;px&quot;,&quot;top&quot;:&quot;&quot;,&quot;right&quot;:&quot;&quot;,&quot;bottom&quot;:&quot;&quot;,&quot;left&quot;:&quot;&quot;,&quot;isLinked&quot;:true},&quot;element_pack_global_tooltip_border_radius_mobile&quot;:{&quot;unit&quot;:&quot;px&quot;,&quot;top&quot;:&quot;&quot;,&quot;right&quot;:&quot;&quot;,&quot;bottom&quot;:&quot;&quot;,&quot;left&quot;:&quot;&quot;,&quot;isLinked&quot;:true}}\" data-elementor-post-type=\"product\">\n\t\t\t\t<div class=\"elementor-element elementor-element-93aa4a8 e-con-full e-flex e-con e-parent\" data-id=\"93aa4a8\" data-element_type=\"container\" data-e-type=\"container\">\n\t\t\t\t<div class=\"elementor-element elementor-element-2c3f760 miaoshu elementor-widget elementor-widget-wd_text_block\" data-id=\"2c3f760\" data-element_type=\"widget\" data-e-type=\"widget\" data-widget_type=\"wd_text_block.default\">\n\t\t\t\t<div class=\"elementor-widget-container\">\n\t\t\t\t\t\t\t<div class=\"wd-text-block reset-last-child text-left\">\n\t\t\t\n\t\t\t<h2>Plugin de Reservas y Citas para WooCommerce: Simplifique su programaci\u00f3n<\/h2>\n<p>En <strong>Plugin de Reservas y Citas para WooCommerce<\/strong> transforma su tienda en l\u00ednea en un potente sistema de reservas. Por ejemplo, los negocios basados en servicios como salones de belleza, consultores o proveedores de alquiler lo utilizan activamente para gestionar reservas basadas en fecha y hora sin problemas. De este modo, aumentar\u00e1 la satisfacci\u00f3n de sus clientes ofreci\u00e9ndoles un sencillo sistema de reservas de autoservicio, al tiempo que obtiene un control total sobre la disponibilidad y los precios desde el panel de control de WooCommerce.<\/p>\n\n<h3>Gesti\u00f3n de reservas sin esfuerzo<\/h3>\n<p>Con este plugin, puedes crear productos reservables para cualquier tipo de WooCommerce, desde simples citas hasta alquileres de varios d\u00edas. Adem\u00e1s, los clientes seleccionan franjas horarias que se ajustan autom\u00e1ticamente a su zona horaria local, lo que garantiza reservas precisas sin confusiones. Como resultado, evitar\u00e1 el exceso de reservas y ofrecer\u00e1 una experiencia de reserva fluida y profesional.<\/p>\n\n<h3>\u00bfPor qu\u00e9 elegir Booking &amp; Appointment Plugin?<\/h3>\n<ul>\n    <li><strong>Franjas horarias flexibles:<\/strong> Puede definir duraciones fijas, como consultas de 30 minutos o alquileres de todo un d\u00eda, y establecer precios personalizados por franja horaria.<\/li>\n    <li><strong>Notificaciones autom\u00e1ticas:<\/strong> El plugin env\u00eda confirmaciones instant\u00e1neas, recordatorios y actualizaciones por correo electr\u00f3nico, manteniendo a todo el mundo informado.<\/li>\n    <li><strong>Precios por adelantado:<\/strong> Puede personalizar las tarifas para adultos, ni\u00f1os, fines de semana o grupos para maximizar los ingresos.<\/li>\n    <li><strong>Integraci\u00f3n del calendario:<\/strong> Integra Google Maps y visualiza un calendario interactivo de administraci\u00f3n para gestionar las reservas de forma eficaz.<\/li>\n    <li><strong>Pagos parciales:<\/strong> Los clientes pagan un dep\u00f3sito por adelantado y el resto m\u00e1s tarde, en el caso de las reservas de bajo compromiso.<\/li>\n    <li><strong>Preparado para WPML:<\/strong> Admite sitios multiling\u00fces, por lo que es ideal para audiencias globales.<\/li>\n<\/ul>\n\n<h3>Mejore el flujo de trabajo de su empresa<\/h3>\n<p>Este plugin se integra a la perfecci\u00f3n con WooCommerce, para que puedas aprovechar las herramientas habituales sin complicaciones adicionales. Por ejemplo, permite cancelaciones con l\u00edmites de tiempo o requiere aprobaciones administrativas para reservas de alto valor. Por lo tanto, agiliza las operaciones, reduce las ausencias y se centra en ofrecer un gran servicio en lugar de la programaci\u00f3n manual.<\/p>\n\n<h3>Comience hoy mismo a reservar con \u00e9xito<\/h3>\n<p>Eleve su tienda WooCommerce con el <strong>Plugin de Reservas y Citas para WooCommerce<\/strong>. Al automatizar las reservas y a\u00f1adir funciones inteligentes, crea un sistema f\u00e1cil de usar que impulsa el crecimiento. Inst\u00e1lelo ahora y vea c\u00f3mo se disparan sus reservas.\n\t\t\t\t\t<\/div>\n\t\t\t\t\t\t<\/div>\n\t\t\t\t<\/div>\n\t\t\t\t<\/div>\n\t\t<div class=\"wd-negative-gap elementor-element elementor-element-6f9b930 e-flex e-con-boxed e-con e-parent\" data-id=\"6f9b930\" data-element_type=\"container\" data-e-type=\"container\">\n\t\t\t\t\t<div class=\"e-con-inner\">\n\t\t\t\t<div class=\"elementor-element elementor-element-a763794 elementor-widget elementor-widget-wd_text_block\" data-id=\"a763794\" data-element_type=\"widget\" data-e-type=\"widget\" data-widget_type=\"wd_text_block.default\">\n\t\t\t\t<div class=\"elementor-widget-container\">\n\t\t\t\t\t\t\t<div class=\"wd-text-block reset-last-child text-left\">\n\t\t\t\n\t\t\t<h2>Plugin de Reservas y Citas para WooCommerce<\/h2>\n\t\t\t\t\t<\/div>\n\t\t\t\t\t\t<\/div>\n\t\t\t\t<\/div>\n\t\t\t\t\t<\/div>\n\t\t\t\t<\/div>\n\t\t<div class=\"wd-negative-gap elementor-element elementor-element-f6ef4e7 e-flex e-con-boxed e-con e-parent\" data-id=\"f6ef4e7\" data-element_type=\"container\" data-e-type=\"container\">\n\t\t\t\t\t<div class=\"e-con-inner\">\n\t\t\t\t<div class=\"elementor-element elementor-element-5467502 elementor-widget elementor-widget-video\" data-id=\"5467502\" data-element_type=\"widget\" data-e-type=\"widget\" data-settings=\"{&quot;youtube_url&quot;:&quot;https:\\\/\\\/www.youtube.com\\\/watch?v=hW73D0IJks8&amp;t=24s&quot;,&quot;video_type&quot;:&quot;youtube&quot;,&quot;controls&quot;:&quot;yes&quot;}\" data-widget_type=\"video.default\">\n\t\t\t\t\t\t\t<div class=\"elementor-wrapper elementor-open-inline\">\n\t\t\t<div class=\"elementor-video\"><\/div>\t\t<\/div>\n\t\t\t\t\t\t<\/div>\n\t\t\t\t\t<\/div>\n\t\t\t\t<\/div>\n\t\t\t\t<\/div>","protected":false},"excerpt":{"rendered":"<p>Booking &amp; Appointment Plugin for WooCommerce: Simplify Your Scheduling The Booking &amp; Appointment Plugin for WooCommerce transforms your online store<\/p>","protected":false},"featured_media":10666,"comment_status":"open","ping_status":"closed","template":"","meta":{"_acf_changed":false},"product_brand":[],"product_cat":[49],"product_tag":[],"class_list":{"0":"post-10713","1":"product","2":"type-product","3":"status-publish","4":"has-post-thumbnail","6":"product_cat-plugins","8":"first","9":"instock","10":"sale","11":"downloadable","12":"shipping-taxable","13":"purchasable","14":"product-type-simple"},"acf":[],"yoast_head":"<!-- This site is optimized with the Yoast SEO Premium plugin v25.6 (Yoast SEO v27.1.1) - https:\/\/yoast.com\/product\/yoast-seo-premium-wordpress\/ -->\n<title>Booking &amp; Appointment Plugin for WooCommerce - AllWin Theme \u2013 Free WordPress Themes Download<\/title>\n<meta name=\"description\" content=\"Streamline WooCommerce bookings with the Booking &amp; Appointment Plugin. Manage reservations, set flexible pricing, and automate notifications effortlessly.\" \/>\n<meta name=\"robots\" content=\"index, follow, max-snippet:-1, max-image-preview:large, max-video-preview:-1\" \/>\n<link rel=\"canonical\" href=\"https:\/\/allwintheme.com\/es\/producto\/booking-appointment-plugin-for-woocommerce\/\" \/>\n<meta property=\"og:locale\" content=\"es_ES\" \/>\n<meta property=\"og:type\" content=\"article\" \/>\n<meta property=\"og:title\" content=\"Booking &amp; Appointment Plugin for WooCommerce\" \/>\n<meta property=\"og:description\" content=\"Streamline WooCommerce bookings with the Booking &amp; Appointment Plugin. Manage reservations, set flexible pricing, and automate notifications effortlessly.\" \/>\n<meta property=\"og:url\" content=\"https:\/\/allwintheme.com\/es\/producto\/booking-appointment-plugin-for-woocommerce\/\" \/>\n<meta property=\"og:site_name\" content=\"AllWin Theme \u2013 Free WordPress Themes Download\" \/>\n<meta property=\"article:modified_time\" content=\"2025-10-16T02:47:12+00:00\" \/>\n<meta property=\"og:image\" content=\"https:\/\/allwintheme.com\/wp-content\/uploads\/2025\/10\/8gr9673h.png\" \/>\n\t<meta property=\"og:image:width\" content=\"700\" \/>\n\t<meta property=\"og:image:height\" content=\"300\" \/>\n\t<meta property=\"og:image:type\" content=\"image\/png\" \/>\n<meta name=\"twitter:card\" content=\"summary_large_image\" \/>\n<meta name=\"twitter:label1\" content=\"Tiempo estimado de lectura\" \/>\n\t<meta name=\"twitter:data1\" content=\"2 minutos\" \/>\n<script type=\"application\/ld+json\" class=\"yoast-schema-graph\">{\"@context\":\"https:\/\/schema.org\",\"@graph\":[{\"@type\":\"WebPage\",\"@id\":\"https:\/\/allwintheme.com\/product\/booking-appointment-plugin-for-woocommerce\/\",\"url\":\"https:\/\/allwintheme.com\/product\/booking-appointment-plugin-for-woocommerce\/\",\"name\":\"Booking & Appointment Plugin for WooCommerce - AllWin Theme \u2013 Free WordPress Themes Download\",\"isPartOf\":{\"@id\":\"https:\/\/allwintheme.com\/#website\"},\"primaryImageOfPage\":{\"@id\":\"https:\/\/allwintheme.com\/product\/booking-appointment-plugin-for-woocommerce\/#primaryimage\"},\"image\":{\"@id\":\"https:\/\/allwintheme.com\/product\/booking-appointment-plugin-for-woocommerce\/#primaryimage\"},\"thumbnailUrl\":\"https:\/\/allwintheme.com\/wp-content\/uploads\/2025\/10\/8gr9673h.png\",\"datePublished\":\"2025-10-16T02:37:42+00:00\",\"dateModified\":\"2025-10-16T02:47:12+00:00\",\"description\":\"Streamline WooCommerce bookings with the Booking & Appointment Plugin. Manage reservations, set flexible pricing, and automate notifications effortlessly.\",\"breadcrumb\":{\"@id\":\"https:\/\/allwintheme.com\/product\/booking-appointment-plugin-for-woocommerce\/#breadcrumb\"},\"inLanguage\":\"es-CL\",\"potentialAction\":[{\"@type\":\"ReadAction\",\"target\":[\"https:\/\/allwintheme.com\/product\/booking-appointment-plugin-for-woocommerce\/\"]}]},{\"@type\":\"ImageObject\",\"inLanguage\":\"es-CL\",\"@id\":\"https:\/\/allwintheme.com\/product\/booking-appointment-plugin-for-woocommerce\/#primaryimage\",\"url\":\"https:\/\/allwintheme.com\/wp-content\/uploads\/2025\/10\/8gr9673h.png\",\"contentUrl\":\"https:\/\/allwintheme.com\/wp-content\/uploads\/2025\/10\/8gr9673h.png\",\"width\":700,\"height\":300,\"caption\":\"Booking & Appointment Plugin for WooCommerce\"},{\"@type\":\"BreadcrumbList\",\"@id\":\"https:\/\/allwintheme.com\/product\/booking-appointment-plugin-for-woocommerce\/#breadcrumb\",\"itemListElement\":[{\"@type\":\"ListItem\",\"position\":1,\"name\":\"Home\",\"item\":\"https:\/\/allwintheme.com\/\"},{\"@type\":\"ListItem\",\"position\":2,\"name\":\"Shop\",\"item\":\"https:\/\/allwintheme.com\/shop\/\"},{\"@type\":\"ListItem\",\"position\":3,\"name\":\"Booking &#038; Appointment Plugin for WooCommerce\"}]},{\"@type\":\"WebSite\",\"@id\":\"https:\/\/allwintheme.com\/#website\",\"url\":\"https:\/\/allwintheme.com\/\",\"name\":\"Allwintheme\",\"description\":\"Download free WordPress themes for every niche. Blogs, business, eCommerce, portfolio, restaurant and more. All themes are GPL licensed and mobile-ready.\",\"potentialAction\":[{\"@type\":\"SearchAction\",\"target\":{\"@type\":\"EntryPoint\",\"urlTemplate\":\"https:\/\/allwintheme.com\/?s={search_term_string}\"},\"query-input\":{\"@type\":\"PropertyValueSpecification\",\"valueRequired\":true,\"valueName\":\"search_term_string\"}}],\"inLanguage\":\"es-CL\"}]}<\/script>\n<!-- \/ Yoast SEO Premium plugin. -->","yoast_head_json":{"title":"Booking & Appointment Plugin for WooCommerce - AllWin Theme \u2013 Free WordPress Themes Download","description":"Agiliza las reservas de WooCommerce con el plugin de reservas y citas. Gestiona reservas, establece precios flexibles y automatiza notificaciones sin esfuerzo.","robots":{"index":"index","follow":"follow","max-snippet":"max-snippet:-1","max-image-preview":"max-image-preview:large","max-video-preview":"max-video-preview:-1"},"canonical":"https:\/\/allwintheme.com\/es\/producto\/booking-appointment-plugin-for-woocommerce\/","og_locale":"es_ES","og_type":"article","og_title":"Booking & Appointment Plugin for WooCommerce","og_description":"Streamline WooCommerce bookings with the Booking & Appointment Plugin. Manage reservations, set flexible pricing, and automate notifications effortlessly.","og_url":"https:\/\/allwintheme.com\/es\/producto\/booking-appointment-plugin-for-woocommerce\/","og_site_name":"AllWin Theme \u2013 Free WordPress Themes Download","article_modified_time":"2025-10-16T02:47:12+00:00","og_image":[{"width":700,"height":300,"url":"https:\/\/allwintheme.com\/wp-content\/uploads\/2025\/10\/8gr9673h.png","type":"image\/png"}],"twitter_card":"summary_large_image","twitter_misc":{"Tiempo estimado de lectura":"2 minutos"},"schema":{"@context":"https:\/\/schema.org","@graph":[{"@type":"WebPage","@id":"https:\/\/allwintheme.com\/product\/booking-appointment-plugin-for-woocommerce\/","url":"https:\/\/allwintheme.com\/product\/booking-appointment-plugin-for-woocommerce\/","name":"Booking & Appointment Plugin for WooCommerce - AllWin Theme \u2013 Free WordPress Themes Download","isPartOf":{"@id":"https:\/\/allwintheme.com\/#website"},"primaryImageOfPage":{"@id":"https:\/\/allwintheme.com\/product\/booking-appointment-plugin-for-woocommerce\/#primaryimage"},"image":{"@id":"https:\/\/allwintheme.com\/product\/booking-appointment-plugin-for-woocommerce\/#primaryimage"},"thumbnailUrl":"https:\/\/allwintheme.com\/wp-content\/uploads\/2025\/10\/8gr9673h.png","datePublished":"2025-10-16T02:37:42+00:00","dateModified":"2025-10-16T02:47:12+00:00","description":"Agiliza las reservas de WooCommerce con el plugin de reservas y citas. Gestiona reservas, establece precios flexibles y automatiza notificaciones sin esfuerzo.","breadcrumb":{"@id":"https:\/\/allwintheme.com\/product\/booking-appointment-plugin-for-woocommerce\/#breadcrumb"},"inLanguage":"es-CL","potentialAction":[{"@type":"ReadAction","target":["https:\/\/allwintheme.com\/product\/booking-appointment-plugin-for-woocommerce\/"]}]},{"@type":"ImageObject","inLanguage":"es-CL","@id":"https:\/\/allwintheme.com\/product\/booking-appointment-plugin-for-woocommerce\/#primaryimage","url":"https:\/\/allwintheme.com\/wp-content\/uploads\/2025\/10\/8gr9673h.png","contentUrl":"https:\/\/allwintheme.com\/wp-content\/uploads\/2025\/10\/8gr9673h.png","width":700,"height":300,"caption":"Booking & Appointment Plugin for WooCommerce"},{"@type":"BreadcrumbList","@id":"https:\/\/allwintheme.com\/product\/booking-appointment-plugin-for-woocommerce\/#breadcrumb","itemListElement":[{"@type":"ListItem","position":1,"name":"Home","item":"https:\/\/allwintheme.com\/"},{"@type":"ListItem","position":2,"name":"Shop","item":"https:\/\/allwintheme.com\/shop\/"},{"@type":"ListItem","position":3,"name":"Booking &#038; Appointment Plugin for WooCommerce"}]},{"@type":"WebSite","@id":"https:\/\/allwintheme.com\/#website","url":"https:\/\/allwintheme.com\/","name":"Allwintheme","description":"Descarga gratis temas de WordPress para todos los nichos. Blogs, negocios, comercio electr\u00f3nico, portafolio, restaurante y m\u00e1s. Todos los temas tienen licencia GPL y est\u00e1n preparados para dispositivos m\u00f3viles.","potentialAction":[{"@type":"SearchAction","target":{"@type":"EntryPoint","urlTemplate":"https:\/\/allwintheme.com\/?s={search_term_string}"},"query-input":{"@type":"PropertyValueSpecification","valueRequired":true,"valueName":"search_term_string"}}],"inLanguage":"es-CL"}]}},"_links":{"self":[{"href":"https:\/\/allwintheme.com\/es\/wp-json\/wp\/v2\/product\/10713","targetHints":{"allow":["GET"]}}],"collection":[{"href":"https:\/\/allwintheme.com\/es\/wp-json\/wp\/v2\/product"}],"about":[{"href":"https:\/\/allwintheme.com\/es\/wp-json\/wp\/v2\/types\/product"}],"replies":[{"embeddable":true,"href":"https:\/\/allwintheme.com\/es\/wp-json\/wp\/v2\/comments?post=10713"}],"version-history":[{"count":6,"href":"https:\/\/allwintheme.com\/es\/wp-json\/wp\/v2\/product\/10713\/revisions"}],"predecessor-version":[{"id":10719,"href":"https:\/\/allwintheme.com\/es\/wp-json\/wp\/v2\/product\/10713\/revisions\/10719"}],"wp:featuredmedia":[{"embeddable":true,"href":"https:\/\/allwintheme.com\/es\/wp-json\/wp\/v2\/media\/10666"}],"wp:attachment":[{"href":"https:\/\/allwintheme.com\/es\/wp-json\/wp\/v2\/media?parent=10713"}],"wp:term":[{"taxonomy":"product_brand","embeddable":true,"href":"https:\/\/allwintheme.com\/es\/wp-json\/wp\/v2\/product_brand?post=10713"},{"taxonomy":"product_cat","embeddable":true,"href":"https:\/\/allwintheme.com\/es\/wp-json\/wp\/v2\/product_cat?post=10713"},{"taxonomy":"product_tag","embeddable":true,"href":"https:\/\/allwintheme.com\/es\/wp-json\/wp\/v2\/product_tag?post=10713"}],"curies":[{"name":"wp","href":"https:\/\/api.w.org\/{rel}","templated":true}]}}