{"id":10720,"date":"2025-10-16T03:06:03","date_gmt":"2025-10-16T03:06:03","guid":{"rendered":"https:\/\/allwintheme.com\/?post_type=product&#038;p=10720"},"modified":"2025-10-16T13:17:46","modified_gmt":"2025-10-16T13:17:46","slug":"tw-whatsapp-chat-rotator","status":"publish","type":"product","link":"https:\/\/allwintheme.com\/es\/producto\/tw-whatsapp-chat-rotator\/","title":{"rendered":"TW WhatsApp Chat Rotator"},"content":{"rendered":"<div data-elementor-type=\"wp-post\" data-elementor-id=\"10720\" class=\"elementor elementor-10720\" data-elementor-settings=\"{&quot;element_pack_global_tooltip_width&quot;:{&quot;unit&quot;:&quot;px&quot;,&quot;size&quot;:&quot;&quot;,&quot;sizes&quot;:[]},&quot;element_pack_global_tooltip_width_tablet&quot;:{&quot;unit&quot;:&quot;px&quot;,&quot;size&quot;:&quot;&quot;,&quot;sizes&quot;:[]},&quot;element_pack_global_tooltip_width_mobile&quot;:{&quot;unit&quot;:&quot;px&quot;,&quot;size&quot;:&quot;&quot;,&quot;sizes&quot;:[]},&quot;element_pack_global_tooltip_padding&quot;:{&quot;unit&quot;:&quot;px&quot;,&quot;top&quot;:&quot;&quot;,&quot;right&quot;:&quot;&quot;,&quot;bottom&quot;:&quot;&quot;,&quot;left&quot;:&quot;&quot;,&quot;isLinked&quot;:true},&quot;element_pack_global_tooltip_padding_tablet&quot;:{&quot;unit&quot;:&quot;px&quot;,&quot;top&quot;:&quot;&quot;,&quot;right&quot;:&quot;&quot;,&quot;bottom&quot;:&quot;&quot;,&quot;left&quot;:&quot;&quot;,&quot;isLinked&quot;:true},&quot;element_pack_global_tooltip_padding_mobile&quot;:{&quot;unit&quot;:&quot;px&quot;,&quot;top&quot;:&quot;&quot;,&quot;right&quot;:&quot;&quot;,&quot;bottom&quot;:&quot;&quot;,&quot;left&quot;:&quot;&quot;,&quot;isLinked&quot;:true},&quot;element_pack_global_tooltip_border_radius&quot;:{&quot;unit&quot;:&quot;px&quot;,&quot;top&quot;:&quot;&quot;,&quot;right&quot;:&quot;&quot;,&quot;bottom&quot;:&quot;&quot;,&quot;left&quot;:&quot;&quot;,&quot;isLinked&quot;:true},&quot;element_pack_global_tooltip_border_radius_tablet&quot;:{&quot;unit&quot;:&quot;px&quot;,&quot;top&quot;:&quot;&quot;,&quot;right&quot;:&quot;&quot;,&quot;bottom&quot;:&quot;&quot;,&quot;left&quot;:&quot;&quot;,&quot;isLinked&quot;:true},&quot;element_pack_global_tooltip_border_radius_mobile&quot;:{&quot;unit&quot;:&quot;px&quot;,&quot;top&quot;:&quot;&quot;,&quot;right&quot;:&quot;&quot;,&quot;bottom&quot;:&quot;&quot;,&quot;left&quot;:&quot;&quot;,&quot;isLinked&quot;:true}}\" data-elementor-post-type=\"product\">\n\t\t\t\t<div class=\"elementor-element elementor-element-93aa4a8 e-con-full e-flex e-con e-parent\" data-id=\"93aa4a8\" data-element_type=\"container\" data-e-type=\"container\">\n\t\t\t\t<div class=\"elementor-element elementor-element-2c3f760 miaoshu elementor-widget elementor-widget-wd_text_block\" data-id=\"2c3f760\" data-element_type=\"widget\" data-e-type=\"widget\" data-widget_type=\"wd_text_block.default\">\n\t\t\t\t<div class=\"elementor-widget-container\">\n\t\t\t\t\t\t\t<div class=\"wd-text-block reset-last-child text-left\">\n\t\t\t\n\t\t\t<h2>TW Rotador de chat de WhatsApp: Revoluciona la comunicaci\u00f3n con tus clientes<\/h2>\n<p>En <strong>TW WhatsApp Chat Rotator<\/strong> te permite integrar botones de chat de WhatsApp sin problemas en tus sitios de WordPress y WooCommerce. Por ejemplo, esta herramienta muestra las opciones de chat sin esfuerzo, mientras que su funci\u00f3n principal hace rotar a los agentes de forma aleatoria o en funci\u00f3n de porcentajes personalizados. De este modo, las consultas se distribuyen uniformemente entre su equipo, garantizando que ning\u00fan agente se ocupe de todo.<\/p>\n\n<h3>Rotaci\u00f3n inteligente de agentes para mejorar la eficacia<\/h3>\n<p>Con TW WhatsApp Chat Rotator, usted gestiona activamente m\u00faltiples agentes en el mismo departamento. Por ejemplo, si tiene agentes A y B, puede establecer porcentajes de visualizaci\u00f3n para dar prioridad a A m\u00e1s a menudo. Como resultado, el plugin selecciona y muestra al agente apropiado cada vez que un visitante pulsa el bot\u00f3n, promoviendo cargas de trabajo equilibradas y respuestas m\u00e1s r\u00e1pidas.<\/p>\n\n<h3>\u00bfPor qu\u00e9 elegir TW WhatsApp Chat Rotator?<\/h3>\n<ul>\n    <li><strong>Pantalla de agente personalizable:<\/strong> Puede rotar a los agentes uniformemente o asignar porcentajes espec\u00edficos de vistas para una distribuci\u00f3n equitativa.<\/li>\n    <li><strong>Integraci\u00f3n con WooCommerce:<\/strong> El plugin muestra botones de chat en las p\u00e1ginas de la tienda y de los productos, captando clientes potenciales en momentos clave.<\/li>\n    <li><strong>Seguimiento del rendimiento:<\/strong> Recibir\u00e1 informes diarios por correo electr\u00f3nico sobre las impresiones e interacciones de los agentes, enviados a la hora que prefiera.<\/li>\n    <li><strong>C\u00f3digos cortos flexibles:<\/strong> Puedes incrustar enlaces din\u00e1micos como %twwr_chat_page_url% y %twwr_chat_page_title% para incluir detalles de la p\u00e1gina en los mensajes.<\/li>\n    <li><strong>Soporte de geolocalizaci\u00f3n:<\/strong> La herramienta registra con precisi\u00f3n los datos de los visitantes, ayud\u00e1ndole a analizar el compromiso global.<\/li>\n<\/ul>\n\n<h3>Mejore la experiencia y los conocimientos de los usuarios<\/h3>\n<p>TW WhatsApp Chat Rotator simplifica la configuraci\u00f3n, por lo que incluso los principiantes lo configuran r\u00e1pidamente. Adem\u00e1s, puedes personalizar el texto de los botones y activar\/desactivar funciones como los informes diarios. Por lo tanto, este plugin no solo impulsa la comunicaci\u00f3n, sino que tambi\u00e9n proporciona informaci\u00f3n pr\u00e1ctica para perfeccionar su estrategia a lo largo del tiempo.<\/p>\n\n<h3>Empieza a conectar hoy mismo<\/h3>\n<p>Transforme la forma en que los visitantes llegan a usted con <strong>TW WhatsApp Chat Rotator<\/strong>. Mediante la automatizaci\u00f3n de la rotaci\u00f3n de agentes y el seguimiento del rendimiento, agilizar\u00e1 la asistencia e impulsar\u00e1 las conversiones. Inst\u00e1lelo ahora y vea c\u00f3mo se dispara el compromiso.\n\t\t\t\t\t<\/div>\n\t\t\t\t\t\t<\/div>\n\t\t\t\t<\/div>\n\t\t\t\t<\/div>\n\t\t<div class=\"wd-negative-gap elementor-element elementor-element-6f9b930 e-flex e-con-boxed e-con e-parent\" data-id=\"6f9b930\" data-element_type=\"container\" data-e-type=\"container\">\n\t\t\t\t\t<div class=\"e-con-inner\">\n\t\t\t\t<div class=\"elementor-element elementor-element-a763794 elementor-widget elementor-widget-wd_text_block\" data-id=\"a763794\" data-element_type=\"widget\" data-e-type=\"widget\" data-widget_type=\"wd_text_block.default\">\n\t\t\t\t<div class=\"elementor-widget-container\">\n\t\t\t\t\t\t\t<div class=\"wd-text-block reset-last-child text-left\">\n\t\t\t\n\t\t\t<h2 dir=\"auto\">TW WhatsApp Chat Rotator<\/h2>\n\t\t\t\t\t<\/div>\n\t\t\t\t\t\t<\/div>\n\t\t\t\t<\/div>\n\t\t\t\t\t<\/div>\n\t\t\t\t<\/div>\n\t\t<div class=\"wd-negative-gap elementor-element elementor-element-f6ef4e7 e-flex e-con-boxed e-con e-parent\" data-id=\"f6ef4e7\" data-element_type=\"container\" data-e-type=\"container\">\n\t\t\t\t\t<div class=\"e-con-inner\">\n\t\t\t\t<div class=\"elementor-element elementor-element-5467502 elementor-widget elementor-widget-video\" data-id=\"5467502\" data-element_type=\"widget\" data-e-type=\"widget\" data-settings=\"{&quot;youtube_url&quot;:&quot;https:\\\/\\\/www.youtube.com\\\/watch?v=gpnAzXtOckk&quot;,&quot;video_type&quot;:&quot;youtube&quot;,&quot;controls&quot;:&quot;yes&quot;}\" data-widget_type=\"video.default\">\n\t\t\t\t\t\t\t<div class=\"elementor-wrapper elementor-open-inline\">\n\t\t\t<div class=\"elementor-video\"><\/div>\t\t<\/div>\n\t\t\t\t\t\t<\/div>\n\t\t\t\t\t<\/div>\n\t\t\t\t<\/div>\n\t\t\t\t<\/div>","protected":false},"excerpt":{"rendered":"<p>TW WhatsApp Chat Rotator: Revoluciona la comunicaci\u00f3n con tus clientes El plugin TW WhatsApp Chat Rotator te permite integrar botones de chat de WhatsApp<\/p>","protected":false},"featured_media":10665,"comment_status":"open","ping_status":"closed","template":"","meta":{"_acf_changed":false},"product_brand":[],"product_cat":[49],"product_tag":[],"class_list":{"0":"post-10720","1":"product","2":"type-product","3":"status-publish","4":"has-post-thumbnail","6":"product_cat-plugins","8":"first","9":"instock","10":"sale","11":"downloadable","12":"shipping-taxable","13":"purchasable","14":"product-type-simple"},"acf":[],"yoast_head":"<!-- This site is optimized with the Yoast SEO Premium plugin v25.6 (Yoast SEO v27.1.1) - https:\/\/yoast.com\/product\/yoast-seo-premium-wordpress\/ -->\n<title>TW WhatsApp Chat Rotator - AllWin Theme \u2013 Free WordPress Themes Download<\/title>\n<meta name=\"description\" content=\"Boost customer engagement with TW WhatsApp Chat Rotator. Display rotating WhatsApp buttons for WordPress and WooCommerce, with agent randomization and performance reports.\" \/>\n<meta name=\"robots\" content=\"index, follow, max-snippet:-1, max-image-preview:large, max-video-preview:-1\" \/>\n<link rel=\"canonical\" href=\"https:\/\/allwintheme.com\/es\/producto\/tw-whatsapp-chat-rotator\/\" \/>\n<meta property=\"og:locale\" content=\"es_ES\" \/>\n<meta property=\"og:type\" content=\"article\" \/>\n<meta property=\"og:title\" content=\"TW WhatsApp Chat Rotator\" \/>\n<meta property=\"og:description\" content=\"Boost customer engagement with TW WhatsApp Chat Rotator. Display rotating WhatsApp buttons for WordPress and WooCommerce, with agent randomization and performance reports.\" \/>\n<meta property=\"og:url\" content=\"https:\/\/allwintheme.com\/es\/producto\/tw-whatsapp-chat-rotator\/\" \/>\n<meta property=\"og:site_name\" content=\"AllWin Theme \u2013 Free WordPress Themes Download\" \/>\n<meta property=\"article:modified_time\" content=\"2025-10-16T13:17:46+00:00\" \/>\n<meta property=\"og:image\" content=\"https:\/\/allwintheme.com\/wp-content\/uploads\/2025\/10\/qhy7rm1r.png\" \/>\n\t<meta property=\"og:image:width\" content=\"590\" \/>\n\t<meta property=\"og:image:height\" content=\"300\" \/>\n\t<meta property=\"og:image:type\" content=\"image\/png\" \/>\n<meta name=\"twitter:card\" content=\"summary_large_image\" \/>\n<meta name=\"twitter:label1\" content=\"Tiempo estimado de lectura\" \/>\n\t<meta name=\"twitter:data1\" content=\"2 minutos\" \/>\n<script type=\"application\/ld+json\" class=\"yoast-schema-graph\">{\"@context\":\"https:\/\/schema.org\",\"@graph\":[{\"@type\":\"WebPage\",\"@id\":\"https:\/\/allwintheme.com\/product\/tw-whatsapp-chat-rotator\/\",\"url\":\"https:\/\/allwintheme.com\/product\/tw-whatsapp-chat-rotator\/\",\"name\":\"TW WhatsApp Chat Rotator - AllWin Theme \u2013 Free WordPress Themes Download\",\"isPartOf\":{\"@id\":\"https:\/\/allwintheme.com\/#website\"},\"primaryImageOfPage\":{\"@id\":\"https:\/\/allwintheme.com\/product\/tw-whatsapp-chat-rotator\/#primaryimage\"},\"image\":{\"@id\":\"https:\/\/allwintheme.com\/product\/tw-whatsapp-chat-rotator\/#primaryimage\"},\"thumbnailUrl\":\"https:\/\/allwintheme.com\/wp-content\/uploads\/2025\/10\/qhy7rm1r.png\",\"datePublished\":\"2025-10-16T03:06:03+00:00\",\"dateModified\":\"2025-10-16T13:17:46+00:00\",\"description\":\"Boost customer engagement with TW WhatsApp Chat Rotator. Display rotating WhatsApp buttons for WordPress and WooCommerce, with agent randomization and performance reports.\",\"breadcrumb\":{\"@id\":\"https:\/\/allwintheme.com\/product\/tw-whatsapp-chat-rotator\/#breadcrumb\"},\"inLanguage\":\"es-CL\",\"potentialAction\":[{\"@type\":\"ReadAction\",\"target\":[\"https:\/\/allwintheme.com\/product\/tw-whatsapp-chat-rotator\/\"]}]},{\"@type\":\"ImageObject\",\"inLanguage\":\"es-CL\",\"@id\":\"https:\/\/allwintheme.com\/product\/tw-whatsapp-chat-rotator\/#primaryimage\",\"url\":\"https:\/\/allwintheme.com\/wp-content\/uploads\/2025\/10\/qhy7rm1r.png\",\"contentUrl\":\"https:\/\/allwintheme.com\/wp-content\/uploads\/2025\/10\/qhy7rm1r.png\",\"width\":590,\"height\":300,\"caption\":\"TW WhatsApp Chat Rotator\"},{\"@type\":\"BreadcrumbList\",\"@id\":\"https:\/\/allwintheme.com\/product\/tw-whatsapp-chat-rotator\/#breadcrumb\",\"itemListElement\":[{\"@type\":\"ListItem\",\"position\":1,\"name\":\"Home\",\"item\":\"https:\/\/allwintheme.com\/\"},{\"@type\":\"ListItem\",\"position\":2,\"name\":\"Shop\",\"item\":\"https:\/\/allwintheme.com\/shop\/\"},{\"@type\":\"ListItem\",\"position\":3,\"name\":\"TW WhatsApp Chat Rotator\"}]},{\"@type\":\"WebSite\",\"@id\":\"https:\/\/allwintheme.com\/#website\",\"url\":\"https:\/\/allwintheme.com\/\",\"name\":\"Allwintheme\",\"description\":\"Download free WordPress themes for every niche. Blogs, business, eCommerce, portfolio, restaurant and more. All themes are GPL licensed and mobile-ready.\",\"potentialAction\":[{\"@type\":\"SearchAction\",\"target\":{\"@type\":\"EntryPoint\",\"urlTemplate\":\"https:\/\/allwintheme.com\/?s={search_term_string}\"},\"query-input\":{\"@type\":\"PropertyValueSpecification\",\"valueRequired\":true,\"valueName\":\"search_term_string\"}}],\"inLanguage\":\"es-CL\"}]}<\/script>\n<!-- \/ Yoast SEO Premium plugin. -->","yoast_head_json":{"title":"TW WhatsApp Chat Rotator - AllWin Theme \u2013 Free WordPress Themes Download","description":"Impulse el compromiso del cliente con TW WhatsApp Chat Rotator. Muestra botones giratorios de WhatsApp para WordPress y WooCommerce, con aleatorizaci\u00f3n de agentes e informes de rendimiento.","robots":{"index":"index","follow":"follow","max-snippet":"max-snippet:-1","max-image-preview":"max-image-preview:large","max-video-preview":"max-video-preview:-1"},"canonical":"https:\/\/allwintheme.com\/es\/producto\/tw-whatsapp-chat-rotator\/","og_locale":"es_ES","og_type":"article","og_title":"TW WhatsApp Chat Rotator","og_description":"Boost customer engagement with TW WhatsApp Chat Rotator. Display rotating WhatsApp buttons for WordPress and WooCommerce, with agent randomization and performance reports.","og_url":"https:\/\/allwintheme.com\/es\/producto\/tw-whatsapp-chat-rotator\/","og_site_name":"AllWin Theme \u2013 Free WordPress Themes Download","article_modified_time":"2025-10-16T13:17:46+00:00","og_image":[{"width":590,"height":300,"url":"https:\/\/allwintheme.com\/wp-content\/uploads\/2025\/10\/qhy7rm1r.png","type":"image\/png"}],"twitter_card":"summary_large_image","twitter_misc":{"Tiempo estimado de lectura":"2 minutos"},"schema":{"@context":"https:\/\/schema.org","@graph":[{"@type":"WebPage","@id":"https:\/\/allwintheme.com\/product\/tw-whatsapp-chat-rotator\/","url":"https:\/\/allwintheme.com\/product\/tw-whatsapp-chat-rotator\/","name":"TW WhatsApp Chat Rotator - AllWin Theme \u2013 Free WordPress Themes Download","isPartOf":{"@id":"https:\/\/allwintheme.com\/#website"},"primaryImageOfPage":{"@id":"https:\/\/allwintheme.com\/product\/tw-whatsapp-chat-rotator\/#primaryimage"},"image":{"@id":"https:\/\/allwintheme.com\/product\/tw-whatsapp-chat-rotator\/#primaryimage"},"thumbnailUrl":"https:\/\/allwintheme.com\/wp-content\/uploads\/2025\/10\/qhy7rm1r.png","datePublished":"2025-10-16T03:06:03+00:00","dateModified":"2025-10-16T13:17:46+00:00","description":"Impulse el compromiso del cliente con TW WhatsApp Chat Rotator. Muestra botones giratorios de WhatsApp para WordPress y WooCommerce, con aleatorizaci\u00f3n de agentes e informes de rendimiento.","breadcrumb":{"@id":"https:\/\/allwintheme.com\/product\/tw-whatsapp-chat-rotator\/#breadcrumb"},"inLanguage":"es-CL","potentialAction":[{"@type":"ReadAction","target":["https:\/\/allwintheme.com\/product\/tw-whatsapp-chat-rotator\/"]}]},{"@type":"ImageObject","inLanguage":"es-CL","@id":"https:\/\/allwintheme.com\/product\/tw-whatsapp-chat-rotator\/#primaryimage","url":"https:\/\/allwintheme.com\/wp-content\/uploads\/2025\/10\/qhy7rm1r.png","contentUrl":"https:\/\/allwintheme.com\/wp-content\/uploads\/2025\/10\/qhy7rm1r.png","width":590,"height":300,"caption":"TW WhatsApp Chat Rotator"},{"@type":"BreadcrumbList","@id":"https:\/\/allwintheme.com\/product\/tw-whatsapp-chat-rotator\/#breadcrumb","itemListElement":[{"@type":"ListItem","position":1,"name":"Home","item":"https:\/\/allwintheme.com\/"},{"@type":"ListItem","position":2,"name":"Shop","item":"https:\/\/allwintheme.com\/shop\/"},{"@type":"ListItem","position":3,"name":"TW WhatsApp Chat Rotator"}]},{"@type":"WebSite","@id":"https:\/\/allwintheme.com\/#website","url":"https:\/\/allwintheme.com\/","name":"Allwintheme","description":"Descarga gratis temas de WordPress para todos los nichos. Blogs, negocios, comercio electr\u00f3nico, portafolio, restaurante y m\u00e1s. Todos los temas tienen licencia GPL y est\u00e1n preparados para dispositivos m\u00f3viles.","potentialAction":[{"@type":"SearchAction","target":{"@type":"EntryPoint","urlTemplate":"https:\/\/allwintheme.com\/?s={search_term_string}"},"query-input":{"@type":"PropertyValueSpecification","valueRequired":true,"valueName":"search_term_string"}}],"inLanguage":"es-CL"}]}},"_links":{"self":[{"href":"https:\/\/allwintheme.com\/es\/wp-json\/wp\/v2\/product\/10720","targetHints":{"allow":["GET"]}}],"collection":[{"href":"https:\/\/allwintheme.com\/es\/wp-json\/wp\/v2\/product"}],"about":[{"href":"https:\/\/allwintheme.com\/es\/wp-json\/wp\/v2\/types\/product"}],"replies":[{"embeddable":true,"href":"https:\/\/allwintheme.com\/es\/wp-json\/wp\/v2\/comments?post=10720"}],"version-history":[{"count":5,"href":"https:\/\/allwintheme.com\/es\/wp-json\/wp\/v2\/product\/10720\/revisions"}],"predecessor-version":[{"id":10725,"href":"https:\/\/allwintheme.com\/es\/wp-json\/wp\/v2\/product\/10720\/revisions\/10725"}],"wp:featuredmedia":[{"embeddable":true,"href":"https:\/\/allwintheme.com\/es\/wp-json\/wp\/v2\/media\/10665"}],"wp:attachment":[{"href":"https:\/\/allwintheme.com\/es\/wp-json\/wp\/v2\/media?parent=10720"}],"wp:term":[{"taxonomy":"product_brand","embeddable":true,"href":"https:\/\/allwintheme.com\/es\/wp-json\/wp\/v2\/product_brand?post=10720"},{"taxonomy":"product_cat","embeddable":true,"href":"https:\/\/allwintheme.com\/es\/wp-json\/wp\/v2\/product_cat?post=10720"},{"taxonomy":"product_tag","embeddable":true,"href":"https:\/\/allwintheme.com\/es\/wp-json\/wp\/v2\/product_tag?post=10720"}],"curies":[{"name":"wp","href":"https:\/\/api.w.org\/{rel}","templated":true}]}}