{"id":10726,"date":"2025-10-16T03:16:53","date_gmt":"2025-10-16T03:16:53","guid":{"rendered":"https:\/\/allwintheme.com\/?post_type=product&#038;p=10726"},"modified":"2025-10-16T13:18:21","modified_gmt":"2025-10-16T13:18:21","slug":"aplicacion-buddyboss","status":"publish","type":"product","link":"https:\/\/allwintheme.com\/es\/producto\/aplicacion-buddyboss\/","title":{"rendered":"Aplicaci\u00f3n BuddyBoss"},"content":{"rendered":"<div data-elementor-type=\"wp-post\" data-elementor-id=\"10726\" class=\"elementor elementor-10726\" data-elementor-settings=\"{&quot;element_pack_global_tooltip_width&quot;:{&quot;unit&quot;:&quot;px&quot;,&quot;size&quot;:&quot;&quot;,&quot;sizes&quot;:[]},&quot;element_pack_global_tooltip_width_tablet&quot;:{&quot;unit&quot;:&quot;px&quot;,&quot;size&quot;:&quot;&quot;,&quot;sizes&quot;:[]},&quot;element_pack_global_tooltip_width_mobile&quot;:{&quot;unit&quot;:&quot;px&quot;,&quot;size&quot;:&quot;&quot;,&quot;sizes&quot;:[]},&quot;element_pack_global_tooltip_padding&quot;:{&quot;unit&quot;:&quot;px&quot;,&quot;top&quot;:&quot;&quot;,&quot;right&quot;:&quot;&quot;,&quot;bottom&quot;:&quot;&quot;,&quot;left&quot;:&quot;&quot;,&quot;isLinked&quot;:true},&quot;element_pack_global_tooltip_padding_tablet&quot;:{&quot;unit&quot;:&quot;px&quot;,&quot;top&quot;:&quot;&quot;,&quot;right&quot;:&quot;&quot;,&quot;bottom&quot;:&quot;&quot;,&quot;left&quot;:&quot;&quot;,&quot;isLinked&quot;:true},&quot;element_pack_global_tooltip_padding_mobile&quot;:{&quot;unit&quot;:&quot;px&quot;,&quot;top&quot;:&quot;&quot;,&quot;right&quot;:&quot;&quot;,&quot;bottom&quot;:&quot;&quot;,&quot;left&quot;:&quot;&quot;,&quot;isLinked&quot;:true},&quot;element_pack_global_tooltip_border_radius&quot;:{&quot;unit&quot;:&quot;px&quot;,&quot;top&quot;:&quot;&quot;,&quot;right&quot;:&quot;&quot;,&quot;bottom&quot;:&quot;&quot;,&quot;left&quot;:&quot;&quot;,&quot;isLinked&quot;:true},&quot;element_pack_global_tooltip_border_radius_tablet&quot;:{&quot;unit&quot;:&quot;px&quot;,&quot;top&quot;:&quot;&quot;,&quot;right&quot;:&quot;&quot;,&quot;bottom&quot;:&quot;&quot;,&quot;left&quot;:&quot;&quot;,&quot;isLinked&quot;:true},&quot;element_pack_global_tooltip_border_radius_mobile&quot;:{&quot;unit&quot;:&quot;px&quot;,&quot;top&quot;:&quot;&quot;,&quot;right&quot;:&quot;&quot;,&quot;bottom&quot;:&quot;&quot;,&quot;left&quot;:&quot;&quot;,&quot;isLinked&quot;:true}}\" data-elementor-post-type=\"product\">\n\t\t\t\t<div class=\"elementor-element elementor-element-93aa4a8 e-con-full e-flex e-con e-parent\" data-id=\"93aa4a8\" data-element_type=\"container\" data-e-type=\"container\">\n\t\t\t\t<div class=\"elementor-element elementor-element-2c3f760 miaoshu elementor-widget elementor-widget-wd_text_block\" data-id=\"2c3f760\" data-element_type=\"widget\" data-e-type=\"widget\" data-widget_type=\"wd_text_block.default\">\n\t\t\t\t<div class=\"elementor-widget-container\">\n\t\t\t\t\t\t\t<div class=\"wd-text-block reset-last-child text-left\">\n\t\t\t\n\t\t\t<h2>Aplicaci\u00f3n BuddyBoss: Cree experiencias m\u00f3viles nativas para su comunidad<\/h2>\n<p>En <strong>Aplicaci\u00f3n BuddyBoss<\/strong> le permite crear aplicaciones m\u00f3viles nativas totalmente personalizadas para iOS y Android, perfectas para comunidades, cursos y afiliaciones. Por ejemplo, empresarios y organizaciones lo utilizan activamente para ampliar sus sitios de WordPress a plataformas m\u00f3viles de alto rendimiento. De este modo, te liberas de las limitaciones del escritorio y ofreces experiencias atractivas que impulsan la retenci\u00f3n y el crecimiento de los usuarios.<\/p>\n\n<h3>Creaci\u00f3n de aplicaciones nativas sin esfuerzo<\/h3>\n<p>BuddyBoss App aprovecha React Native, el mismo framework que impulsa aplicaciones como Facebook e Instagram, para crear experiencias nativas ultrarr\u00e1pidas. Se conecta directamente al backend de WordPress para que el contenido se actualice al instante en todos los dispositivos. Adem\u00e1s, el plugin se integra a la perfecci\u00f3n con los cursos de LearnDash y las herramientas de afiliaci\u00f3n m\u00e1s populares, lo que permite a los usuarios acceder a todo, desde foros hasta compras, sobre la marcha.<\/p>\n\n<h3>\u00bfPor qu\u00e9 elegir BuddyBoss App?<\/h3>\n<ul>\n    <li><strong>Marca blanca:<\/strong> Los desarrolladores personalizan cada elemento con su logotipo, colores y contenido, sin dejar rastros visibles de BuddyBoss.<\/li>\n    <li><strong>Notificaciones Push:<\/strong> Env\u00eda alertas espec\u00edficas sobre promociones, actualizaciones o eventos para volver a captar a los usuarios de forma eficaz.<\/li>\n    <li><strong>Compras dentro de la aplicaci\u00f3n:<\/strong> La aplicaci\u00f3n es compatible con Apple Pay y Google Pay, por lo que los miembros se suscriben o actualizan sin problemas dentro de la experiencia.<\/li>\n    <li><strong>Amplias integraciones:<\/strong> Se conecta a m\u00e1s de 1.000 herramientas, incluyendo WooCommerce y Paid Memberships Pro, para una funcionalidad escalable.<\/li>\n<\/ul>\n\n<h3>Optimice su estrategia m\u00f3vil<\/h3>\n<p>Con BuddyBoss App, puedes lanzar aplicaciones en menos de una hora sin necesidad de conocimientos de programaci\u00f3n. Por ejemplo, la configuraci\u00f3n intuitiva incluye el almacenamiento en cach\u00e9 de la API para mayor velocidad y escalabilidad, lo que garantiza un rendimiento sin problemas incluso para grandes comunidades. Como resultado, aumentar\u00e1 las tasas de finalizaci\u00f3n de los cursos, fomentar\u00e1 los debates en tiempo real y convertir\u00e1 el tr\u00e1fico m\u00f3vil en compromiso leal: al fin y al cabo, el 1% del uso de Internet se produce ahora en los tel\u00e9fonos.<\/p>\n\n<h3>Lance su aplicaci\u00f3n hoy mismo<\/h3>\n<p>Eleve su comunidad WordPress con <strong>Aplicaci\u00f3n BuddyBoss<\/strong>. Por lo tanto, instale el plugin, configure su marca y env\u00edelo a las tiendas de aplicaciones con la ayuda de expertos. Empieza a crear una magia m\u00f3vil que mantenga a tus usuarios conectados y vuelvan.\n\t\t\t\t\t<\/div>\n\t\t\t\t\t\t<\/div>\n\t\t\t\t<\/div>\n\t\t\t\t<\/div>\n\t\t<div class=\"wd-negative-gap elementor-element elementor-element-6f9b930 e-flex e-con-boxed e-con e-parent\" data-id=\"6f9b930\" data-element_type=\"container\" data-e-type=\"container\">\n\t\t\t\t\t<div class=\"e-con-inner\">\n\t\t\t\t<div class=\"elementor-element elementor-element-a763794 elementor-widget elementor-widget-wd_text_block\" data-id=\"a763794\" data-element_type=\"widget\" data-e-type=\"widget\" data-widget_type=\"wd_text_block.default\">\n\t\t\t\t<div class=\"elementor-widget-container\">\n\t\t\t\t\t\t\t<div class=\"wd-text-block reset-last-child text-left\">\n\t\t\t\n\t\t\t<h2 id=\"Pnsjpd\" class=\"zv7tnb\" aria-label=\"\u5171\u4eab &quot;buddyboss-app-wordpress-powered-mobile-learning-s...&quot;\">buddyboss-app<\/h2>\n\t\t\t\t\t<\/div>\n\t\t\t\t\t\t<\/div>\n\t\t\t\t<\/div>\n\t\t\t\t\t<\/div>\n\t\t\t\t<\/div>\n\t\t<div class=\"wd-negative-gap elementor-element elementor-element-f6ef4e7 e-flex e-con-boxed e-con e-parent\" data-id=\"f6ef4e7\" data-element_type=\"container\" data-e-type=\"container\">\n\t\t\t\t\t<div class=\"e-con-inner\">\n\t\t\t\t<div class=\"elementor-element elementor-element-5467502 elementor-widget elementor-widget-video\" data-id=\"5467502\" data-element_type=\"widget\" data-e-type=\"widget\" data-settings=\"{&quot;youtube_url&quot;:&quot;https:\\\/\\\/www.youtube.com\\\/watch?v=8Kkx6ys2D_Y&quot;,&quot;video_type&quot;:&quot;youtube&quot;,&quot;controls&quot;:&quot;yes&quot;}\" data-widget_type=\"video.default\">\n\t\t\t\t\t\t\t<div class=\"elementor-wrapper elementor-open-inline\">\n\t\t\t<div class=\"elementor-video\"><\/div>\t\t<\/div>\n\t\t\t\t\t\t<\/div>\n\t\t\t\t\t<\/div>\n\t\t\t\t<\/div>\n\t\t\t\t<\/div>","protected":false},"excerpt":{"rendered":"<p>Aplicaci\u00f3n BuddyBoss: Cree experiencias m\u00f3viles nativas para su comunidad La aplicaci\u00f3n BuddyBoss le permite crear experiencias m\u00f3viles nativas totalmente personalizadas.<\/p>","protected":false},"featured_media":10664,"comment_status":"open","ping_status":"closed","template":"","meta":{"_acf_changed":false},"product_brand":[],"product_cat":[49],"product_tag":[],"class_list":{"0":"post-10726","1":"product","2":"type-product","3":"status-publish","4":"has-post-thumbnail","6":"product_cat-plugins","8":"first","9":"instock","10":"sale","11":"downloadable","12":"shipping-taxable","13":"purchasable","14":"product-type-simple"},"acf":[],"yoast_head":"<!-- This site is optimized with the Yoast SEO Premium plugin v25.6 (Yoast SEO v27.1.1) - https:\/\/yoast.com\/product\/yoast-seo-premium-wordpress\/ -->\n<title>BuddyBoss App - AllWin Theme \u2013 Free WordPress Themes Download<\/title>\n<meta name=\"description\" content=\"Boost customer engagement with TW WhatsApp Chat Rotator. Display rotating WhatsApp buttons for WordPress and WooCommerce, with agent randomization and performance reports.\" \/>\n<meta name=\"robots\" content=\"index, follow, max-snippet:-1, max-image-preview:large, max-video-preview:-1\" \/>\n<link rel=\"canonical\" href=\"https:\/\/allwintheme.com\/es\/producto\/aplicacion-buddyboss\/\" \/>\n<meta property=\"og:locale\" content=\"es_ES\" \/>\n<meta property=\"og:type\" content=\"article\" \/>\n<meta property=\"og:title\" content=\"BuddyBoss App\" \/>\n<meta property=\"og:description\" content=\"Boost customer engagement with TW WhatsApp Chat Rotator. Display rotating WhatsApp buttons for WordPress and WooCommerce, with agent randomization and performance reports.\" \/>\n<meta property=\"og:url\" content=\"https:\/\/allwintheme.com\/es\/producto\/aplicacion-buddyboss\/\" \/>\n<meta property=\"og:site_name\" content=\"AllWin Theme \u2013 Free WordPress Themes Download\" \/>\n<meta property=\"article:modified_time\" content=\"2025-10-16T13:18:21+00:00\" \/>\n<meta property=\"og:image\" content=\"https:\/\/allwintheme.com\/wp-content\/uploads\/2025\/10\/m4sumd5f.png\" \/>\n\t<meta property=\"og:image:width\" content=\"768\" \/>\n\t<meta property=\"og:image:height\" content=\"421\" \/>\n\t<meta property=\"og:image:type\" content=\"image\/png\" \/>\n<meta name=\"twitter:card\" content=\"summary_large_image\" \/>\n<meta name=\"twitter:label1\" content=\"Tiempo estimado de lectura\" \/>\n\t<meta name=\"twitter:data1\" content=\"2 minutos\" \/>\n<script type=\"application\/ld+json\" class=\"yoast-schema-graph\">{\"@context\":\"https:\/\/schema.org\",\"@graph\":[{\"@type\":\"WebPage\",\"@id\":\"https:\/\/allwintheme.com\/product\/buddyboss-app\/\",\"url\":\"https:\/\/allwintheme.com\/product\/buddyboss-app\/\",\"name\":\"BuddyBoss App - AllWin Theme \u2013 Free WordPress Themes Download\",\"isPartOf\":{\"@id\":\"https:\/\/allwintheme.com\/#website\"},\"primaryImageOfPage\":{\"@id\":\"https:\/\/allwintheme.com\/product\/buddyboss-app\/#primaryimage\"},\"image\":{\"@id\":\"https:\/\/allwintheme.com\/product\/buddyboss-app\/#primaryimage\"},\"thumbnailUrl\":\"https:\/\/allwintheme.com\/wp-content\/uploads\/2025\/10\/m4sumd5f.png\",\"datePublished\":\"2025-10-16T03:16:53+00:00\",\"dateModified\":\"2025-10-16T13:18:21+00:00\",\"description\":\"Boost customer engagement with TW WhatsApp Chat Rotator. Display rotating WhatsApp buttons for WordPress and WooCommerce, with agent randomization and performance reports.\",\"breadcrumb\":{\"@id\":\"https:\/\/allwintheme.com\/product\/buddyboss-app\/#breadcrumb\"},\"inLanguage\":\"es-CL\",\"potentialAction\":[{\"@type\":\"ReadAction\",\"target\":[\"https:\/\/allwintheme.com\/product\/buddyboss-app\/\"]}]},{\"@type\":\"ImageObject\",\"inLanguage\":\"es-CL\",\"@id\":\"https:\/\/allwintheme.com\/product\/buddyboss-app\/#primaryimage\",\"url\":\"https:\/\/allwintheme.com\/wp-content\/uploads\/2025\/10\/m4sumd5f.png\",\"contentUrl\":\"https:\/\/allwintheme.com\/wp-content\/uploads\/2025\/10\/m4sumd5f.png\",\"width\":768,\"height\":421,\"caption\":\"BuddyBoss App\"},{\"@type\":\"BreadcrumbList\",\"@id\":\"https:\/\/allwintheme.com\/product\/buddyboss-app\/#breadcrumb\",\"itemListElement\":[{\"@type\":\"ListItem\",\"position\":1,\"name\":\"Home\",\"item\":\"https:\/\/allwintheme.com\/\"},{\"@type\":\"ListItem\",\"position\":2,\"name\":\"Shop\",\"item\":\"https:\/\/allwintheme.com\/shop\/\"},{\"@type\":\"ListItem\",\"position\":3,\"name\":\"BuddyBoss App\"}]},{\"@type\":\"WebSite\",\"@id\":\"https:\/\/allwintheme.com\/#website\",\"url\":\"https:\/\/allwintheme.com\/\",\"name\":\"Allwintheme\",\"description\":\"Download free WordPress themes for every niche. Blogs, business, eCommerce, portfolio, restaurant and more. All themes are GPL licensed and mobile-ready.\",\"potentialAction\":[{\"@type\":\"SearchAction\",\"target\":{\"@type\":\"EntryPoint\",\"urlTemplate\":\"https:\/\/allwintheme.com\/?s={search_term_string}\"},\"query-input\":{\"@type\":\"PropertyValueSpecification\",\"valueRequired\":true,\"valueName\":\"search_term_string\"}}],\"inLanguage\":\"es-CL\"}]}<\/script>\n<!-- \/ Yoast SEO Premium plugin. -->","yoast_head_json":{"title":"BuddyBoss App - AllWin Theme \u2013 Free WordPress Themes Download","description":"Impulse el compromiso del cliente con TW WhatsApp Chat Rotator. Muestra botones giratorios de WhatsApp para WordPress y WooCommerce, con aleatorizaci\u00f3n de agentes e informes de rendimiento.","robots":{"index":"index","follow":"follow","max-snippet":"max-snippet:-1","max-image-preview":"max-image-preview:large","max-video-preview":"max-video-preview:-1"},"canonical":"https:\/\/allwintheme.com\/es\/producto\/aplicacion-buddyboss\/","og_locale":"es_ES","og_type":"article","og_title":"BuddyBoss App","og_description":"Boost customer engagement with TW WhatsApp Chat Rotator. Display rotating WhatsApp buttons for WordPress and WooCommerce, with agent randomization and performance reports.","og_url":"https:\/\/allwintheme.com\/es\/producto\/aplicacion-buddyboss\/","og_site_name":"AllWin Theme \u2013 Free WordPress Themes Download","article_modified_time":"2025-10-16T13:18:21+00:00","og_image":[{"width":768,"height":421,"url":"https:\/\/allwintheme.com\/wp-content\/uploads\/2025\/10\/m4sumd5f.png","type":"image\/png"}],"twitter_card":"summary_large_image","twitter_misc":{"Tiempo estimado de lectura":"2 minutos"},"schema":{"@context":"https:\/\/schema.org","@graph":[{"@type":"WebPage","@id":"https:\/\/allwintheme.com\/product\/buddyboss-app\/","url":"https:\/\/allwintheme.com\/product\/buddyboss-app\/","name":"BuddyBoss App - AllWin Theme \u2013 Free WordPress Themes Download","isPartOf":{"@id":"https:\/\/allwintheme.com\/#website"},"primaryImageOfPage":{"@id":"https:\/\/allwintheme.com\/product\/buddyboss-app\/#primaryimage"},"image":{"@id":"https:\/\/allwintheme.com\/product\/buddyboss-app\/#primaryimage"},"thumbnailUrl":"https:\/\/allwintheme.com\/wp-content\/uploads\/2025\/10\/m4sumd5f.png","datePublished":"2025-10-16T03:16:53+00:00","dateModified":"2025-10-16T13:18:21+00:00","description":"Impulse el compromiso del cliente con TW WhatsApp Chat Rotator. Muestra botones giratorios de WhatsApp para WordPress y WooCommerce, con aleatorizaci\u00f3n de agentes e informes de rendimiento.","breadcrumb":{"@id":"https:\/\/allwintheme.com\/product\/buddyboss-app\/#breadcrumb"},"inLanguage":"es-CL","potentialAction":[{"@type":"ReadAction","target":["https:\/\/allwintheme.com\/product\/buddyboss-app\/"]}]},{"@type":"ImageObject","inLanguage":"es-CL","@id":"https:\/\/allwintheme.com\/product\/buddyboss-app\/#primaryimage","url":"https:\/\/allwintheme.com\/wp-content\/uploads\/2025\/10\/m4sumd5f.png","contentUrl":"https:\/\/allwintheme.com\/wp-content\/uploads\/2025\/10\/m4sumd5f.png","width":768,"height":421,"caption":"BuddyBoss App"},{"@type":"BreadcrumbList","@id":"https:\/\/allwintheme.com\/product\/buddyboss-app\/#breadcrumb","itemListElement":[{"@type":"ListItem","position":1,"name":"Home","item":"https:\/\/allwintheme.com\/"},{"@type":"ListItem","position":2,"name":"Shop","item":"https:\/\/allwintheme.com\/shop\/"},{"@type":"ListItem","position":3,"name":"BuddyBoss App"}]},{"@type":"WebSite","@id":"https:\/\/allwintheme.com\/#website","url":"https:\/\/allwintheme.com\/","name":"Allwintheme","description":"Descarga gratis temas de WordPress para todos los nichos. Blogs, negocios, comercio electr\u00f3nico, portafolio, restaurante y m\u00e1s. Todos los temas tienen licencia GPL y est\u00e1n preparados para dispositivos m\u00f3viles.","potentialAction":[{"@type":"SearchAction","target":{"@type":"EntryPoint","urlTemplate":"https:\/\/allwintheme.com\/?s={search_term_string}"},"query-input":{"@type":"PropertyValueSpecification","valueRequired":true,"valueName":"search_term_string"}}],"inLanguage":"es-CL"}]}},"_links":{"self":[{"href":"https:\/\/allwintheme.com\/es\/wp-json\/wp\/v2\/product\/10726","targetHints":{"allow":["GET"]}}],"collection":[{"href":"https:\/\/allwintheme.com\/es\/wp-json\/wp\/v2\/product"}],"about":[{"href":"https:\/\/allwintheme.com\/es\/wp-json\/wp\/v2\/types\/product"}],"replies":[{"embeddable":true,"href":"https:\/\/allwintheme.com\/es\/wp-json\/wp\/v2\/comments?post=10726"}],"version-history":[{"count":10,"href":"https:\/\/allwintheme.com\/es\/wp-json\/wp\/v2\/product\/10726\/revisions"}],"predecessor-version":[{"id":10787,"href":"https:\/\/allwintheme.com\/es\/wp-json\/wp\/v2\/product\/10726\/revisions\/10787"}],"wp:featuredmedia":[{"embeddable":true,"href":"https:\/\/allwintheme.com\/es\/wp-json\/wp\/v2\/media\/10664"}],"wp:attachment":[{"href":"https:\/\/allwintheme.com\/es\/wp-json\/wp\/v2\/media?parent=10726"}],"wp:term":[{"taxonomy":"product_brand","embeddable":true,"href":"https:\/\/allwintheme.com\/es\/wp-json\/wp\/v2\/product_brand?post=10726"},{"taxonomy":"product_cat","embeddable":true,"href":"https:\/\/allwintheme.com\/es\/wp-json\/wp\/v2\/product_cat?post=10726"},{"taxonomy":"product_tag","embeddable":true,"href":"https:\/\/allwintheme.com\/es\/wp-json\/wp\/v2\/product_tag?post=10726"}],"curies":[{"name":"wp","href":"https:\/\/api.w.org\/{rel}","templated":true}]}}