{"id":10733,"date":"2025-10-16T07:02:14","date_gmt":"2025-10-16T07:02:14","guid":{"rendered":"https:\/\/allwintheme.com\/?post_type=product&#038;p=10733"},"modified":"2025-10-16T13:18:46","modified_gmt":"2025-10-16T13:18:46","slug":"reserva-de-citas-woocommerce-pagos","status":"publish","type":"product","link":"https:\/\/allwintheme.com\/es\/producto\/reserva-de-citas-woocommerce-pagos\/","title":{"rendered":"Reserva de citas WooCommerce Pagos"},"content":{"rendered":"<div data-elementor-type=\"wp-post\" data-elementor-id=\"10733\" class=\"elementor elementor-10733\" data-elementor-settings=\"{&quot;element_pack_global_tooltip_width&quot;:{&quot;unit&quot;:&quot;px&quot;,&quot;size&quot;:&quot;&quot;,&quot;sizes&quot;:[]},&quot;element_pack_global_tooltip_width_tablet&quot;:{&quot;unit&quot;:&quot;px&quot;,&quot;size&quot;:&quot;&quot;,&quot;sizes&quot;:[]},&quot;element_pack_global_tooltip_width_mobile&quot;:{&quot;unit&quot;:&quot;px&quot;,&quot;size&quot;:&quot;&quot;,&quot;sizes&quot;:[]},&quot;element_pack_global_tooltip_padding&quot;:{&quot;unit&quot;:&quot;px&quot;,&quot;top&quot;:&quot;&quot;,&quot;right&quot;:&quot;&quot;,&quot;bottom&quot;:&quot;&quot;,&quot;left&quot;:&quot;&quot;,&quot;isLinked&quot;:true},&quot;element_pack_global_tooltip_padding_tablet&quot;:{&quot;unit&quot;:&quot;px&quot;,&quot;top&quot;:&quot;&quot;,&quot;right&quot;:&quot;&quot;,&quot;bottom&quot;:&quot;&quot;,&quot;left&quot;:&quot;&quot;,&quot;isLinked&quot;:true},&quot;element_pack_global_tooltip_padding_mobile&quot;:{&quot;unit&quot;:&quot;px&quot;,&quot;top&quot;:&quot;&quot;,&quot;right&quot;:&quot;&quot;,&quot;bottom&quot;:&quot;&quot;,&quot;left&quot;:&quot;&quot;,&quot;isLinked&quot;:true},&quot;element_pack_global_tooltip_border_radius&quot;:{&quot;unit&quot;:&quot;px&quot;,&quot;top&quot;:&quot;&quot;,&quot;right&quot;:&quot;&quot;,&quot;bottom&quot;:&quot;&quot;,&quot;left&quot;:&quot;&quot;,&quot;isLinked&quot;:true},&quot;element_pack_global_tooltip_border_radius_tablet&quot;:{&quot;unit&quot;:&quot;px&quot;,&quot;top&quot;:&quot;&quot;,&quot;right&quot;:&quot;&quot;,&quot;bottom&quot;:&quot;&quot;,&quot;left&quot;:&quot;&quot;,&quot;isLinked&quot;:true},&quot;element_pack_global_tooltip_border_radius_mobile&quot;:{&quot;unit&quot;:&quot;px&quot;,&quot;top&quot;:&quot;&quot;,&quot;right&quot;:&quot;&quot;,&quot;bottom&quot;:&quot;&quot;,&quot;left&quot;:&quot;&quot;,&quot;isLinked&quot;:true}}\" data-elementor-post-type=\"product\">\n\t\t\t\t<div class=\"elementor-element elementor-element-93aa4a8 e-con-full e-flex e-con e-parent\" data-id=\"93aa4a8\" data-element_type=\"container\" data-e-type=\"container\">\n\t\t\t\t<div class=\"elementor-element elementor-element-2c3f760 miaoshu elementor-widget elementor-widget-wd_text_block\" data-id=\"2c3f760\" data-element_type=\"widget\" data-e-type=\"widget\" data-widget_type=\"wd_text_block.default\">\n\t\t\t\t<div class=\"elementor-widget-container\">\n\t\t\t\t\t\t\t<div class=\"wd-text-block reset-last-child text-left\">\n\t\t\t\n\t\t\t<h2>Reserva de Cita WooCommerce Pagos: Integraci\u00f3n perfecta para transacciones sin esfuerzo<\/h2>\n<p><strong>Reserva de citas WooCommerce Pagos<\/strong> transforma tu sistema de reservas conect\u00e1ndolo directamente al s\u00f3lido ecosistema de pagos de WooCommerce. Por ejemplo, los proveedores de servicios como salones de belleza, consultores y entrenadores utilizan activamente esta extensi\u00f3n para gestionar citas mientras aceptan pagos a trav\u00e9s de pasarelas de confianza. De este modo, se agilizan las operaciones, se reduce el procesamiento manual y se ofrece una experiencia sin fricciones a los clientes.<\/p>\n\n<h3>Desbloquear opciones de pago globales<\/h3>\n<p>Esta extensi\u00f3n le permite ofrecer m\u00e1s de 80 m\u00e9todos de pago internacionales, incluyendo PayPal, Stripe y opciones locales como Sofort o Bancontact. Una vez activada, los clientes seleccionan su pasarela preferida durante la reserva, y el sistema crea autom\u00e1ticamente un pedido WooCommerce para la cita. Como resultado, los pagos realizados con \u00e9xito confirman instant\u00e1neamente las reservas y sincronizan los detalles con su calendario, eliminando las reservas dobles.<\/p>\n\n<h3>\u00bfPor qu\u00e9 elegir los pagos de WooCommerce de reserva de citas?<\/h3>\n<ul>\n    <li><strong>F\u00e1cil instalaci\u00f3n:<\/strong> Los desarrolladores instalan y habilitan r\u00e1pidamente la extensi\u00f3n, vincul\u00e1ndola a sus productos WooCommerce existentes para las reservas.<\/li>\n    <li><strong>Sincronizaci\u00f3n autom\u00e1tica:<\/strong> El plugin sincroniza los pedidos con las citas, para que pueda gestionarlo todo desde un \u00fanico panel de control.<\/li>\n    <li><strong>Pasarelas vers\u00e1tiles:<\/strong> Los clientes disfrutan de pagos flexibles adaptados a su ubicaci\u00f3n, lo que aumenta las tasas de conversi\u00f3n.<\/li>\n    <li><strong>Seguro y fiable:<\/strong> Aproveche la seguridad probada de WooCommerce para todas las transacciones sin codificaci\u00f3n personalizada.<\/li>\n<\/ul>\n\n<h3>Mejore su flujo de trabajo de reservas<\/h3>\n<p>Con Appointment Booking WooCommerce Payments, eliminas la necesidad de plugins o desarrolladores separados. Por ejemplo, cree un simple producto \"Cita\" en WooCommerce, luego configure la extensi\u00f3n para manejar pagos y notificaciones. Adem\u00e1s, esta configuraci\u00f3n admite pagos parciales o dep\u00f3sitos, lo que le da m\u00e1s control sobre los ingresos mientras mantiene a los clientes satisfechos con confirmaciones r\u00e1pidas.<\/p>\n\n<h3>Empiece a aceptar pagos hoy mismo<\/h3>\n<p>Mejore su negocio de citas con <strong>Reserva de citas WooCommerce Pagos<\/strong>. Por lo tanto, int\u00e9grelo ahora para combinar potentes funciones de reserva con transacciones globales sin fisuras, \u00a1y vea c\u00f3mo se dispara su eficiencia!\n\t\t\t\t\t<\/div>\n\t\t\t\t\t\t<\/div>\n\t\t\t\t<\/div>\n\t\t\t\t<\/div>\n\t\t<div class=\"wd-negative-gap elementor-element elementor-element-6f9b930 e-flex e-con-boxed e-con e-parent\" data-id=\"6f9b930\" data-element_type=\"container\" data-e-type=\"container\">\n\t\t\t\t\t<div class=\"e-con-inner\">\n\t\t\t\t<div class=\"elementor-element elementor-element-a763794 elementor-widget elementor-widget-wd_text_block\" data-id=\"a763794\" data-element_type=\"widget\" data-e-type=\"widget\" data-widget_type=\"wd_text_block.default\">\n\t\t\t\t<div class=\"elementor-widget-container\">\n\t\t\t\t\t\t\t<div class=\"wd-text-block reset-last-child text-left\">\n\t\t\t\n\t\t\t<h1 class=\"style-scope ytd-watch-metadata\">WooCommerce Reservas para Citas por MotoPress<\/h1>\n\t\t\t\t\t<\/div>\n\t\t\t\t\t\t<\/div>\n\t\t\t\t<\/div>\n\t\t\t\t\t<\/div>\n\t\t\t\t<\/div>\n\t\t<div class=\"wd-negative-gap elementor-element elementor-element-f6ef4e7 e-flex e-con-boxed e-con e-parent\" data-id=\"f6ef4e7\" data-element_type=\"container\" data-e-type=\"container\">\n\t\t\t\t\t<div class=\"e-con-inner\">\n\t\t\t\t<div class=\"elementor-element elementor-element-5467502 elementor-widget elementor-widget-video\" data-id=\"5467502\" data-element_type=\"widget\" data-e-type=\"widget\" data-settings=\"{&quot;youtube_url&quot;:&quot;https:\\\/\\\/www.youtube.com\\\/watch?v=eDF9D4LowrE&quot;,&quot;video_type&quot;:&quot;youtube&quot;,&quot;controls&quot;:&quot;yes&quot;}\" data-widget_type=\"video.default\">\n\t\t\t\t\t\t\t<div class=\"elementor-wrapper elementor-open-inline\">\n\t\t\t<div class=\"elementor-video\"><\/div>\t\t<\/div>\n\t\t\t\t\t\t<\/div>\n\t\t\t\t\t<\/div>\n\t\t\t\t<\/div>\n\t\t\t\t<\/div>","protected":false},"excerpt":{"rendered":"<p>Cita Previa WooCommerce Pagos: Integraci\u00f3n perfecta para transacciones sin esfuerzo Reserva de citas WooCommerce Pagos transforma tu sistema de reservas conect\u00e1ndolo<\/p>","protected":false},"featured_media":10663,"comment_status":"open","ping_status":"closed","template":"","meta":{"_acf_changed":false},"product_brand":[],"product_cat":[49],"product_tag":[],"class_list":{"0":"post-10733","1":"product","2":"type-product","3":"status-publish","4":"has-post-thumbnail","6":"product_cat-plugins","8":"first","9":"instock","10":"sale","11":"downloadable","12":"shipping-taxable","13":"purchasable","14":"product-type-simple"},"acf":[],"yoast_head":"<!-- This site is optimized with the Yoast SEO Premium plugin v25.6 (Yoast SEO v27.1.1) - https:\/\/yoast.com\/product\/yoast-seo-premium-wordpress\/ -->\n<title>Appointment Booking WooCommerce Payments - AllWin Theme \u2013 Free WordPress Themes Download<\/title>\n<meta name=\"description\" content=\"Integrate seamless payments into your WooCommerce bookings with Appointment Booking WooCommerce Payments. Accept global gateways like PayPal and Stripe effortlessly.\" \/>\n<meta name=\"robots\" content=\"index, follow, max-snippet:-1, max-image-preview:large, max-video-preview:-1\" \/>\n<link rel=\"canonical\" href=\"https:\/\/allwintheme.com\/es\/producto\/reserva-de-citas-woocommerce-pagos\/\" \/>\n<meta property=\"og:locale\" content=\"es_ES\" \/>\n<meta property=\"og:type\" content=\"article\" \/>\n<meta property=\"og:title\" content=\"Appointment Booking WooCommerce Payments\" \/>\n<meta property=\"og:description\" content=\"Integrate seamless payments into your WooCommerce bookings with Appointment Booking WooCommerce Payments. Accept global gateways like PayPal and Stripe effortlessly.\" \/>\n<meta property=\"og:url\" content=\"https:\/\/allwintheme.com\/es\/producto\/reserva-de-citas-woocommerce-pagos\/\" \/>\n<meta property=\"og:site_name\" content=\"AllWin Theme \u2013 Free WordPress Themes Download\" \/>\n<meta property=\"article:modified_time\" content=\"2025-10-16T13:18:46+00:00\" \/>\n<meta property=\"og:image\" content=\"https:\/\/allwintheme.com\/wp-content\/uploads\/2025\/10\/v2ccxnua.png\" \/>\n\t<meta property=\"og:image:width\" content=\"590\" \/>\n\t<meta property=\"og:image:height\" content=\"300\" \/>\n\t<meta property=\"og:image:type\" content=\"image\/png\" \/>\n<meta name=\"twitter:card\" content=\"summary_large_image\" \/>\n<meta name=\"twitter:label1\" content=\"Tiempo estimado de lectura\" \/>\n\t<meta name=\"twitter:data1\" content=\"2 minutos\" \/>\n<script type=\"application\/ld+json\" class=\"yoast-schema-graph\">{\"@context\":\"https:\/\/schema.org\",\"@graph\":[{\"@type\":\"WebPage\",\"@id\":\"https:\/\/allwintheme.com\/product\/appointment-booking-woocommerce-payments\/\",\"url\":\"https:\/\/allwintheme.com\/product\/appointment-booking-woocommerce-payments\/\",\"name\":\"Appointment Booking WooCommerce Payments - AllWin Theme \u2013 Free WordPress Themes Download\",\"isPartOf\":{\"@id\":\"https:\/\/allwintheme.com\/#website\"},\"primaryImageOfPage\":{\"@id\":\"https:\/\/allwintheme.com\/product\/appointment-booking-woocommerce-payments\/#primaryimage\"},\"image\":{\"@id\":\"https:\/\/allwintheme.com\/product\/appointment-booking-woocommerce-payments\/#primaryimage\"},\"thumbnailUrl\":\"https:\/\/allwintheme.com\/wp-content\/uploads\/2025\/10\/v2ccxnua.png\",\"datePublished\":\"2025-10-16T07:02:14+00:00\",\"dateModified\":\"2025-10-16T13:18:46+00:00\",\"description\":\"Integrate seamless payments into your WooCommerce bookings with Appointment Booking WooCommerce Payments. Accept global gateways like PayPal and Stripe effortlessly.\",\"breadcrumb\":{\"@id\":\"https:\/\/allwintheme.com\/product\/appointment-booking-woocommerce-payments\/#breadcrumb\"},\"inLanguage\":\"es-CL\",\"potentialAction\":[{\"@type\":\"ReadAction\",\"target\":[\"https:\/\/allwintheme.com\/product\/appointment-booking-woocommerce-payments\/\"]}]},{\"@type\":\"ImageObject\",\"inLanguage\":\"es-CL\",\"@id\":\"https:\/\/allwintheme.com\/product\/appointment-booking-woocommerce-payments\/#primaryimage\",\"url\":\"https:\/\/allwintheme.com\/wp-content\/uploads\/2025\/10\/v2ccxnua.png\",\"contentUrl\":\"https:\/\/allwintheme.com\/wp-content\/uploads\/2025\/10\/v2ccxnua.png\",\"width\":590,\"height\":300,\"caption\":\"Appointment Booking WooCommerce Payments\"},{\"@type\":\"BreadcrumbList\",\"@id\":\"https:\/\/allwintheme.com\/product\/appointment-booking-woocommerce-payments\/#breadcrumb\",\"itemListElement\":[{\"@type\":\"ListItem\",\"position\":1,\"name\":\"Home\",\"item\":\"https:\/\/allwintheme.com\/\"},{\"@type\":\"ListItem\",\"position\":2,\"name\":\"Shop\",\"item\":\"https:\/\/allwintheme.com\/shop\/\"},{\"@type\":\"ListItem\",\"position\":3,\"name\":\"Appointment Booking WooCommerce Payments\"}]},{\"@type\":\"WebSite\",\"@id\":\"https:\/\/allwintheme.com\/#website\",\"url\":\"https:\/\/allwintheme.com\/\",\"name\":\"Allwintheme\",\"description\":\"Download free WordPress themes for every niche. Blogs, business, eCommerce, portfolio, restaurant and more. All themes are GPL licensed and mobile-ready.\",\"potentialAction\":[{\"@type\":\"SearchAction\",\"target\":{\"@type\":\"EntryPoint\",\"urlTemplate\":\"https:\/\/allwintheme.com\/?s={search_term_string}\"},\"query-input\":{\"@type\":\"PropertyValueSpecification\",\"valueRequired\":true,\"valueName\":\"search_term_string\"}}],\"inLanguage\":\"es-CL\"}]}<\/script>\n<!-- \/ Yoast SEO Premium plugin. -->","yoast_head_json":{"title":"Reserva de citas WooCommerce Pagos - AllWin Theme - Free WordPress Themes Download","description":"Integra pagos sin problemas en tus reservas de WooCommerce con Appointment Booking WooCommerce Payments. Acepta pasarelas globales como PayPal y Stripe sin esfuerzo.","robots":{"index":"index","follow":"follow","max-snippet":"max-snippet:-1","max-image-preview":"max-image-preview:large","max-video-preview":"max-video-preview:-1"},"canonical":"https:\/\/allwintheme.com\/es\/producto\/reserva-de-citas-woocommerce-pagos\/","og_locale":"es_ES","og_type":"article","og_title":"Appointment Booking WooCommerce Payments","og_description":"Integrate seamless payments into your WooCommerce bookings with Appointment Booking WooCommerce Payments. Accept global gateways like PayPal and Stripe effortlessly.","og_url":"https:\/\/allwintheme.com\/es\/producto\/reserva-de-citas-woocommerce-pagos\/","og_site_name":"AllWin Theme \u2013 Free WordPress Themes Download","article_modified_time":"2025-10-16T13:18:46+00:00","og_image":[{"width":590,"height":300,"url":"https:\/\/allwintheme.com\/wp-content\/uploads\/2025\/10\/v2ccxnua.png","type":"image\/png"}],"twitter_card":"summary_large_image","twitter_misc":{"Tiempo estimado de lectura":"2 minutos"},"schema":{"@context":"https:\/\/schema.org","@graph":[{"@type":"WebPage","@id":"https:\/\/allwintheme.com\/product\/appointment-booking-woocommerce-payments\/","url":"https:\/\/allwintheme.com\/product\/appointment-booking-woocommerce-payments\/","name":"Reserva de citas WooCommerce Pagos - AllWin Theme - Free WordPress Themes Download","isPartOf":{"@id":"https:\/\/allwintheme.com\/#website"},"primaryImageOfPage":{"@id":"https:\/\/allwintheme.com\/product\/appointment-booking-woocommerce-payments\/#primaryimage"},"image":{"@id":"https:\/\/allwintheme.com\/product\/appointment-booking-woocommerce-payments\/#primaryimage"},"thumbnailUrl":"https:\/\/allwintheme.com\/wp-content\/uploads\/2025\/10\/v2ccxnua.png","datePublished":"2025-10-16T07:02:14+00:00","dateModified":"2025-10-16T13:18:46+00:00","description":"Integra pagos sin problemas en tus reservas de WooCommerce con Appointment Booking WooCommerce Payments. Acepta pasarelas globales como PayPal y Stripe sin esfuerzo.","breadcrumb":{"@id":"https:\/\/allwintheme.com\/product\/appointment-booking-woocommerce-payments\/#breadcrumb"},"inLanguage":"es-CL","potentialAction":[{"@type":"ReadAction","target":["https:\/\/allwintheme.com\/product\/appointment-booking-woocommerce-payments\/"]}]},{"@type":"ImageObject","inLanguage":"es-CL","@id":"https:\/\/allwintheme.com\/product\/appointment-booking-woocommerce-payments\/#primaryimage","url":"https:\/\/allwintheme.com\/wp-content\/uploads\/2025\/10\/v2ccxnua.png","contentUrl":"https:\/\/allwintheme.com\/wp-content\/uploads\/2025\/10\/v2ccxnua.png","width":590,"height":300,"caption":"Appointment Booking WooCommerce Payments"},{"@type":"BreadcrumbList","@id":"https:\/\/allwintheme.com\/product\/appointment-booking-woocommerce-payments\/#breadcrumb","itemListElement":[{"@type":"ListItem","position":1,"name":"Home","item":"https:\/\/allwintheme.com\/"},{"@type":"ListItem","position":2,"name":"Shop","item":"https:\/\/allwintheme.com\/shop\/"},{"@type":"ListItem","position":3,"name":"Appointment Booking WooCommerce Payments"}]},{"@type":"WebSite","@id":"https:\/\/allwintheme.com\/#website","url":"https:\/\/allwintheme.com\/","name":"Allwintheme","description":"Descarga gratis temas de WordPress para todos los nichos. Blogs, negocios, comercio electr\u00f3nico, portafolio, restaurante y m\u00e1s. Todos los temas tienen licencia GPL y est\u00e1n preparados para dispositivos m\u00f3viles.","potentialAction":[{"@type":"SearchAction","target":{"@type":"EntryPoint","urlTemplate":"https:\/\/allwintheme.com\/?s={search_term_string}"},"query-input":{"@type":"PropertyValueSpecification","valueRequired":true,"valueName":"search_term_string"}}],"inLanguage":"es-CL"}]}},"_links":{"self":[{"href":"https:\/\/allwintheme.com\/es\/wp-json\/wp\/v2\/product\/10733","targetHints":{"allow":["GET"]}}],"collection":[{"href":"https:\/\/allwintheme.com\/es\/wp-json\/wp\/v2\/product"}],"about":[{"href":"https:\/\/allwintheme.com\/es\/wp-json\/wp\/v2\/types\/product"}],"replies":[{"embeddable":true,"href":"https:\/\/allwintheme.com\/es\/wp-json\/wp\/v2\/comments?post=10733"}],"version-history":[{"count":10,"href":"https:\/\/allwintheme.com\/es\/wp-json\/wp\/v2\/product\/10733\/revisions"}],"predecessor-version":[{"id":10788,"href":"https:\/\/allwintheme.com\/es\/wp-json\/wp\/v2\/product\/10733\/revisions\/10788"}],"wp:featuredmedia":[{"embeddable":true,"href":"https:\/\/allwintheme.com\/es\/wp-json\/wp\/v2\/media\/10663"}],"wp:attachment":[{"href":"https:\/\/allwintheme.com\/es\/wp-json\/wp\/v2\/media?parent=10733"}],"wp:term":[{"taxonomy":"product_brand","embeddable":true,"href":"https:\/\/allwintheme.com\/es\/wp-json\/wp\/v2\/product_brand?post=10733"},{"taxonomy":"product_cat","embeddable":true,"href":"https:\/\/allwintheme.com\/es\/wp-json\/wp\/v2\/product_cat?post=10733"},{"taxonomy":"product_tag","embeddable":true,"href":"https:\/\/allwintheme.com\/es\/wp-json\/wp\/v2\/product_tag?post=10733"}],"curies":[{"name":"wp","href":"https:\/\/api.w.org\/{rel}","templated":true}]}}