{"id":10740,"date":"2025-10-16T07:11:47","date_gmt":"2025-10-16T07:11:47","guid":{"rendered":"https:\/\/allwintheme.com\/?post_type=product&#038;p=10740"},"modified":"2025-10-16T13:19:09","modified_gmt":"2025-10-16T13:19:09","slug":"happy-elementor-addons-pro-2","status":"publish","type":"product","link":"https:\/\/allwintheme.com\/es\/producto\/happy-elementor-addons-pro-2\/","title":{"rendered":"Feliz Elementor Addons Pro 2025"},"content":{"rendered":"<div data-elementor-type=\"wp-post\" data-elementor-id=\"10740\" class=\"elementor elementor-10740\" data-elementor-settings=\"{&quot;element_pack_global_tooltip_width&quot;:{&quot;unit&quot;:&quot;px&quot;,&quot;size&quot;:&quot;&quot;,&quot;sizes&quot;:[]},&quot;element_pack_global_tooltip_width_tablet&quot;:{&quot;unit&quot;:&quot;px&quot;,&quot;size&quot;:&quot;&quot;,&quot;sizes&quot;:[]},&quot;element_pack_global_tooltip_width_mobile&quot;:{&quot;unit&quot;:&quot;px&quot;,&quot;size&quot;:&quot;&quot;,&quot;sizes&quot;:[]},&quot;element_pack_global_tooltip_padding&quot;:{&quot;unit&quot;:&quot;px&quot;,&quot;top&quot;:&quot;&quot;,&quot;right&quot;:&quot;&quot;,&quot;bottom&quot;:&quot;&quot;,&quot;left&quot;:&quot;&quot;,&quot;isLinked&quot;:true},&quot;element_pack_global_tooltip_padding_tablet&quot;:{&quot;unit&quot;:&quot;px&quot;,&quot;top&quot;:&quot;&quot;,&quot;right&quot;:&quot;&quot;,&quot;bottom&quot;:&quot;&quot;,&quot;left&quot;:&quot;&quot;,&quot;isLinked&quot;:true},&quot;element_pack_global_tooltip_padding_mobile&quot;:{&quot;unit&quot;:&quot;px&quot;,&quot;top&quot;:&quot;&quot;,&quot;right&quot;:&quot;&quot;,&quot;bottom&quot;:&quot;&quot;,&quot;left&quot;:&quot;&quot;,&quot;isLinked&quot;:true},&quot;element_pack_global_tooltip_border_radius&quot;:{&quot;unit&quot;:&quot;px&quot;,&quot;top&quot;:&quot;&quot;,&quot;right&quot;:&quot;&quot;,&quot;bottom&quot;:&quot;&quot;,&quot;left&quot;:&quot;&quot;,&quot;isLinked&quot;:true},&quot;element_pack_global_tooltip_border_radius_tablet&quot;:{&quot;unit&quot;:&quot;px&quot;,&quot;top&quot;:&quot;&quot;,&quot;right&quot;:&quot;&quot;,&quot;bottom&quot;:&quot;&quot;,&quot;left&quot;:&quot;&quot;,&quot;isLinked&quot;:true},&quot;element_pack_global_tooltip_border_radius_mobile&quot;:{&quot;unit&quot;:&quot;px&quot;,&quot;top&quot;:&quot;&quot;,&quot;right&quot;:&quot;&quot;,&quot;bottom&quot;:&quot;&quot;,&quot;left&quot;:&quot;&quot;,&quot;isLinked&quot;:true}}\" data-elementor-post-type=\"product\">\n\t\t\t\t<div class=\"elementor-element elementor-element-93aa4a8 e-con-full e-flex e-con e-parent\" data-id=\"93aa4a8\" data-element_type=\"container\" data-e-type=\"container\">\n\t\t\t\t<div class=\"elementor-element elementor-element-2c3f760 miaoshu elementor-widget elementor-widget-wd_text_block\" data-id=\"2c3f760\" data-element_type=\"widget\" data-e-type=\"widget\" data-widget_type=\"wd_text_block.default\">\n\t\t\t\t<div class=\"elementor-widget-container\">\n\t\t\t\t\t\t\t<div class=\"wd-text-block reset-last-child text-left\">\n\t\t\t\n\t\t\t<h2>Happy Elementor Addons Pro: Potencie sus dise\u00f1os Elementor<\/h2>\n<p><strong>Happy Elementor Addons Pro<\/strong> transforma tu experiencia Elementor a\u00f1adiendo un s\u00f3lido conjunto de widgets, plantillas y funciones premium. Por ejemplo, los dise\u00f1adores crean activamente sitios web visualmente impresionantes y funcionales con estas herramientas. En consecuencia, este plugin te permite crear p\u00e1ginas profesionales sin esfuerzo, mejorando tanto la creatividad como la eficiencia.<\/p>\n\n<h3>Mejore su flujo de trabajo de dise\u00f1o<\/h3>\n<p>Happy Addons Pro te equipa con widgets avanzados y plantillas predise\u00f1adas para agilizar tu proceso de dise\u00f1o. Puedes personalizar dise\u00f1os, a\u00f1adir contenido din\u00e1mico e implementar efectos \u00fanicos directamente desde la interfaz de Elementor. Adem\u00e1s, los controles intuitivos del plugin garantizan resultados perfectos sin necesidad de conocimientos de programaci\u00f3n.<\/p>\n\n<h3>\u00bfPor qu\u00e9 elegir Happy Elementor Addons Pro?<\/h3>\n<ul>\n    <li><strong>Widgets premium:<\/strong> Acceda a una variada colecci\u00f3n de widgets para a\u00f1adir deslizadores, formularios, titulares animados y mucho m\u00e1s.<\/li>\n    <li><strong>Plantillas predise\u00f1adas:<\/strong> Importe plantillas ya preparadas para poner en marcha sus proyectos y ahorrar tiempo.<\/li>\n    <li><strong>Soporte de contenidos din\u00e1micos:<\/strong> Integre a la perfecci\u00f3n datos din\u00e1micos para experiencias de usuario personalizadas.<\/li>\n    <li><strong>Totalmente adaptable:<\/strong> Aseg\u00farese de que sus dise\u00f1os se ven impecables en ordenadores de sobremesa, tabletas y dispositivos m\u00f3viles.<\/li>\n    <li><strong>Compatibilidad entre plugins:<\/strong> Funciona sin problemas con Elementor y otros plugins populares para un flujo de trabajo cohesivo.<\/li>\n<\/ul>\n\n<h3>Aumentar la creatividad y la eficacia<\/h3>\n<p>Happy Addons Pro te ofrece infinitas posibilidades de dise\u00f1o a la vez que simplifica tu flujo de trabajo. Por ejemplo, las opciones de estilo avanzadas del plugin te permiten ajustar cada elemento para que coincida con tu marca. Como resultado, crear\u00e1 sitios web atractivos y f\u00e1ciles de usar que cautivar\u00e1n a su p\u00fablico y generar\u00e1n resultados.<\/p>\n\n<h3>Empieza a construir con Happy Addons Pro hoy mismo<\/h3>\n<p>Mejore sus proyectos Elementor con <strong>Happy Elementor Addons Pro<\/strong>. Por lo tanto, instale el plugin ahora para acceder a potentes herramientas y crear sitios web de WordPress destacados con facilidad.<\/p>\n\t\t\t\t\t<\/div>\n\t\t\t\t\t\t<\/div>\n\t\t\t\t<\/div>\n\t\t\t\t<\/div>\n\t\t<div class=\"wd-negative-gap elementor-element elementor-element-6f9b930 e-flex e-con-boxed e-con e-parent\" data-id=\"6f9b930\" data-element_type=\"container\" data-e-type=\"container\">\n\t\t\t\t\t<div class=\"e-con-inner\">\n\t\t\t\t<div class=\"elementor-element elementor-element-a763794 elementor-widget elementor-widget-wd_text_block\" data-id=\"a763794\" data-element_type=\"widget\" data-e-type=\"widget\" data-widget_type=\"wd_text_block.default\">\n\t\t\t\t<div class=\"elementor-widget-container\">\n\t\t\t\t\t\t\t<div class=\"wd-text-block reset-last-child text-left\">\n\t\t\t\n\t\t\t<h1 class=\"style-scope ytd-watch-metadata\">Complementos felices<\/h1>\n\t\t\t\t\t<\/div>\n\t\t\t\t\t\t<\/div>\n\t\t\t\t<\/div>\n\t\t\t\t\t<\/div>\n\t\t\t\t<\/div>\n\t\t<div class=\"wd-negative-gap elementor-element elementor-element-f6ef4e7 e-flex e-con-boxed e-con e-parent\" data-id=\"f6ef4e7\" data-element_type=\"container\" data-e-type=\"container\">\n\t\t\t\t\t<div class=\"e-con-inner\">\n\t\t\t\t<div class=\"elementor-element elementor-element-5467502 elementor-widget elementor-widget-video\" data-id=\"5467502\" data-element_type=\"widget\" data-e-type=\"widget\" data-settings=\"{&quot;youtube_url&quot;:&quot;https:\\\/\\\/www.youtube.com\\\/watch?v=U-uflFKtjDU&quot;,&quot;video_type&quot;:&quot;youtube&quot;,&quot;controls&quot;:&quot;yes&quot;}\" data-widget_type=\"video.default\">\n\t\t\t\t\t\t\t<div class=\"elementor-wrapper elementor-open-inline\">\n\t\t\t<div class=\"elementor-video\"><\/div>\t\t<\/div>\n\t\t\t\t\t\t<\/div>\n\t\t\t\t\t<\/div>\n\t\t\t\t<\/div>\n\t\t\t\t<\/div>","protected":false},"excerpt":{"rendered":"<p>Happy Elementor Addons Pro: Potencie sus dise\u00f1os con Elementor Happy Elementor Addons Pro transforma su experiencia con Elementor a\u00f1adiendo una robusta interfaz de usuario.<\/p>","protected":false},"featured_media":10662,"comment_status":"open","ping_status":"closed","template":"","meta":{"_acf_changed":false},"product_brand":[],"product_cat":[49],"product_tag":[],"class_list":{"0":"post-10740","1":"product","2":"type-product","3":"status-publish","4":"has-post-thumbnail","6":"product_cat-plugins","8":"first","9":"instock","10":"sale","11":"downloadable","12":"shipping-taxable","13":"purchasable","14":"product-type-simple"},"acf":[],"yoast_head":"<!-- This site is optimized with the Yoast SEO Premium plugin v25.6 (Yoast SEO v27.1.1) - https:\/\/yoast.com\/product\/yoast-seo-premium-wordpress\/ -->\n<title>Happy Elementor Addons Pro 2025 - AllWin Theme \u2013 Free WordPress Themes Download<\/title>\n<meta name=\"description\" content=\"Enhance Elementor with Happy Addons Pro. Access premium widgets, templates, and features for stunning, user-friendly WordPress designs.\" \/>\n<meta name=\"robots\" content=\"index, follow, max-snippet:-1, max-image-preview:large, max-video-preview:-1\" \/>\n<link rel=\"canonical\" href=\"https:\/\/allwintheme.com\/es\/producto\/happy-elementor-addons-pro-2\/\" \/>\n<meta property=\"og:locale\" content=\"es_ES\" \/>\n<meta property=\"og:type\" content=\"article\" \/>\n<meta property=\"og:title\" content=\"Happy Elementor Addons Pro 2025\" \/>\n<meta property=\"og:description\" content=\"Enhance Elementor with Happy Addons Pro. Access premium widgets, templates, and features for stunning, user-friendly WordPress designs.\" \/>\n<meta property=\"og:url\" content=\"https:\/\/allwintheme.com\/es\/producto\/happy-elementor-addons-pro-2\/\" \/>\n<meta property=\"og:site_name\" content=\"AllWin Theme \u2013 Free WordPress Themes Download\" \/>\n<meta property=\"article:modified_time\" content=\"2025-10-16T13:19:09+00:00\" \/>\n<meta property=\"og:image\" content=\"https:\/\/allwintheme.com\/wp-content\/uploads\/2025\/10\/hofqm7vq.png\" \/>\n\t<meta property=\"og:image:width\" content=\"768\" \/>\n\t<meta property=\"og:image:height\" content=\"444\" \/>\n\t<meta property=\"og:image:type\" content=\"image\/png\" \/>\n<meta name=\"twitter:card\" content=\"summary_large_image\" \/>\n<meta name=\"twitter:label1\" content=\"Tiempo estimado de lectura\" \/>\n\t<meta name=\"twitter:data1\" content=\"2 minutos\" \/>\n<script type=\"application\/ld+json\" class=\"yoast-schema-graph\">{\"@context\":\"https:\/\/schema.org\",\"@graph\":[{\"@type\":\"WebPage\",\"@id\":\"https:\/\/allwintheme.com\/product\/happy-elementor-addons-pro-2\/\",\"url\":\"https:\/\/allwintheme.com\/product\/happy-elementor-addons-pro-2\/\",\"name\":\"Happy Elementor Addons Pro 2025 - AllWin Theme \u2013 Free WordPress Themes Download\",\"isPartOf\":{\"@id\":\"https:\/\/allwintheme.com\/#website\"},\"primaryImageOfPage\":{\"@id\":\"https:\/\/allwintheme.com\/product\/happy-elementor-addons-pro-2\/#primaryimage\"},\"image\":{\"@id\":\"https:\/\/allwintheme.com\/product\/happy-elementor-addons-pro-2\/#primaryimage\"},\"thumbnailUrl\":\"https:\/\/allwintheme.com\/wp-content\/uploads\/2025\/10\/hofqm7vq.png\",\"datePublished\":\"2025-10-16T07:11:47+00:00\",\"dateModified\":\"2025-10-16T13:19:09+00:00\",\"description\":\"Enhance Elementor with Happy Addons Pro. Access premium widgets, templates, and features for stunning, user-friendly WordPress designs.\",\"breadcrumb\":{\"@id\":\"https:\/\/allwintheme.com\/product\/happy-elementor-addons-pro-2\/#breadcrumb\"},\"inLanguage\":\"es-CL\",\"potentialAction\":[{\"@type\":\"ReadAction\",\"target\":[\"https:\/\/allwintheme.com\/product\/happy-elementor-addons-pro-2\/\"]}]},{\"@type\":\"ImageObject\",\"inLanguage\":\"es-CL\",\"@id\":\"https:\/\/allwintheme.com\/product\/happy-elementor-addons-pro-2\/#primaryimage\",\"url\":\"https:\/\/allwintheme.com\/wp-content\/uploads\/2025\/10\/hofqm7vq.png\",\"contentUrl\":\"https:\/\/allwintheme.com\/wp-content\/uploads\/2025\/10\/hofqm7vq.png\",\"width\":768,\"height\":444,\"caption\":\"Happy Elementor Addons Pro\"},{\"@type\":\"BreadcrumbList\",\"@id\":\"https:\/\/allwintheme.com\/product\/happy-elementor-addons-pro-2\/#breadcrumb\",\"itemListElement\":[{\"@type\":\"ListItem\",\"position\":1,\"name\":\"Home\",\"item\":\"https:\/\/allwintheme.com\/\"},{\"@type\":\"ListItem\",\"position\":2,\"name\":\"Shop\",\"item\":\"https:\/\/allwintheme.com\/shop\/\"},{\"@type\":\"ListItem\",\"position\":3,\"name\":\"Happy Elementor Addons Pro 2025\"}]},{\"@type\":\"WebSite\",\"@id\":\"https:\/\/allwintheme.com\/#website\",\"url\":\"https:\/\/allwintheme.com\/\",\"name\":\"Allwintheme\",\"description\":\"Download free WordPress themes for every niche. Blogs, business, eCommerce, portfolio, restaurant and more. All themes are GPL licensed and mobile-ready.\",\"potentialAction\":[{\"@type\":\"SearchAction\",\"target\":{\"@type\":\"EntryPoint\",\"urlTemplate\":\"https:\/\/allwintheme.com\/?s={search_term_string}\"},\"query-input\":{\"@type\":\"PropertyValueSpecification\",\"valueRequired\":true,\"valueName\":\"search_term_string\"}}],\"inLanguage\":\"es-CL\"}]}<\/script>\n<!-- \/ Yoast SEO Premium plugin. -->","yoast_head_json":{"title":"Happy Elementor Addons Pro 2025 - AllWin Theme \u2013 Free WordPress Themes Download","description":"Enhance Elementor with Happy Addons Pro. Access premium widgets, templates, and features for stunning, user-friendly WordPress designs.","robots":{"index":"index","follow":"follow","max-snippet":"max-snippet:-1","max-image-preview":"max-image-preview:large","max-video-preview":"max-video-preview:-1"},"canonical":"https:\/\/allwintheme.com\/es\/producto\/happy-elementor-addons-pro-2\/","og_locale":"es_ES","og_type":"article","og_title":"Happy Elementor Addons Pro 2025","og_description":"Enhance Elementor with Happy Addons Pro. Access premium widgets, templates, and features for stunning, user-friendly WordPress designs.","og_url":"https:\/\/allwintheme.com\/es\/producto\/happy-elementor-addons-pro-2\/","og_site_name":"AllWin Theme \u2013 Free WordPress Themes Download","article_modified_time":"2025-10-16T13:19:09+00:00","og_image":[{"width":768,"height":444,"url":"https:\/\/allwintheme.com\/wp-content\/uploads\/2025\/10\/hofqm7vq.png","type":"image\/png"}],"twitter_card":"summary_large_image","twitter_misc":{"Tiempo estimado de lectura":"2 minutos"},"schema":{"@context":"https:\/\/schema.org","@graph":[{"@type":"WebPage","@id":"https:\/\/allwintheme.com\/product\/happy-elementor-addons-pro-2\/","url":"https:\/\/allwintheme.com\/product\/happy-elementor-addons-pro-2\/","name":"Happy Elementor Addons Pro 2025 - AllWin Theme \u2013 Free WordPress Themes Download","isPartOf":{"@id":"https:\/\/allwintheme.com\/#website"},"primaryImageOfPage":{"@id":"https:\/\/allwintheme.com\/product\/happy-elementor-addons-pro-2\/#primaryimage"},"image":{"@id":"https:\/\/allwintheme.com\/product\/happy-elementor-addons-pro-2\/#primaryimage"},"thumbnailUrl":"https:\/\/allwintheme.com\/wp-content\/uploads\/2025\/10\/hofqm7vq.png","datePublished":"2025-10-16T07:11:47+00:00","dateModified":"2025-10-16T13:19:09+00:00","description":"Enhance Elementor with Happy Addons Pro. Access premium widgets, templates, and features for stunning, user-friendly WordPress designs.","breadcrumb":{"@id":"https:\/\/allwintheme.com\/product\/happy-elementor-addons-pro-2\/#breadcrumb"},"inLanguage":"es-CL","potentialAction":[{"@type":"ReadAction","target":["https:\/\/allwintheme.com\/product\/happy-elementor-addons-pro-2\/"]}]},{"@type":"ImageObject","inLanguage":"es-CL","@id":"https:\/\/allwintheme.com\/product\/happy-elementor-addons-pro-2\/#primaryimage","url":"https:\/\/allwintheme.com\/wp-content\/uploads\/2025\/10\/hofqm7vq.png","contentUrl":"https:\/\/allwintheme.com\/wp-content\/uploads\/2025\/10\/hofqm7vq.png","width":768,"height":444,"caption":"Happy Elementor Addons Pro"},{"@type":"BreadcrumbList","@id":"https:\/\/allwintheme.com\/product\/happy-elementor-addons-pro-2\/#breadcrumb","itemListElement":[{"@type":"ListItem","position":1,"name":"Home","item":"https:\/\/allwintheme.com\/"},{"@type":"ListItem","position":2,"name":"Shop","item":"https:\/\/allwintheme.com\/shop\/"},{"@type":"ListItem","position":3,"name":"Happy Elementor Addons Pro 2025"}]},{"@type":"WebSite","@id":"https:\/\/allwintheme.com\/#website","url":"https:\/\/allwintheme.com\/","name":"Allwintheme","description":"Descarga gratis temas de WordPress para todos los nichos. Blogs, negocios, comercio electr\u00f3nico, portafolio, restaurante y m\u00e1s. Todos los temas tienen licencia GPL y est\u00e1n preparados para dispositivos m\u00f3viles.","potentialAction":[{"@type":"SearchAction","target":{"@type":"EntryPoint","urlTemplate":"https:\/\/allwintheme.com\/?s={search_term_string}"},"query-input":{"@type":"PropertyValueSpecification","valueRequired":true,"valueName":"search_term_string"}}],"inLanguage":"es-CL"}]}},"_links":{"self":[{"href":"https:\/\/allwintheme.com\/es\/wp-json\/wp\/v2\/product\/10740","targetHints":{"allow":["GET"]}}],"collection":[{"href":"https:\/\/allwintheme.com\/es\/wp-json\/wp\/v2\/product"}],"about":[{"href":"https:\/\/allwintheme.com\/es\/wp-json\/wp\/v2\/types\/product"}],"replies":[{"embeddable":true,"href":"https:\/\/allwintheme.com\/es\/wp-json\/wp\/v2\/comments?post=10740"}],"version-history":[{"count":12,"href":"https:\/\/allwintheme.com\/es\/wp-json\/wp\/v2\/product\/10740\/revisions"}],"predecessor-version":[{"id":10782,"href":"https:\/\/allwintheme.com\/es\/wp-json\/wp\/v2\/product\/10740\/revisions\/10782"}],"wp:featuredmedia":[{"embeddable":true,"href":"https:\/\/allwintheme.com\/es\/wp-json\/wp\/v2\/media\/10662"}],"wp:attachment":[{"href":"https:\/\/allwintheme.com\/es\/wp-json\/wp\/v2\/media?parent=10740"}],"wp:term":[{"taxonomy":"product_brand","embeddable":true,"href":"https:\/\/allwintheme.com\/es\/wp-json\/wp\/v2\/product_brand?post=10740"},{"taxonomy":"product_cat","embeddable":true,"href":"https:\/\/allwintheme.com\/es\/wp-json\/wp\/v2\/product_cat?post=10740"},{"taxonomy":"product_tag","embeddable":true,"href":"https:\/\/allwintheme.com\/es\/wp-json\/wp\/v2\/product_tag?post=10740"}],"curies":[{"name":"wp","href":"https:\/\/api.w.org\/{rel}","templated":true}]}}