{"id":10749,"date":"2025-10-16T07:26:47","date_gmt":"2025-10-16T07:26:47","guid":{"rendered":"https:\/\/allwintheme.com\/?post_type=product&#038;p=10749"},"modified":"2025-10-16T08:12:07","modified_gmt":"2025-10-16T08:12:07","slug":"whatsapp-chat-wordpress","status":"publish","type":"product","link":"https:\/\/allwintheme.com\/es\/producto\/whatsapp-chat-wordpress\/","title":{"rendered":"WhatsApp Chat WordPress"},"content":{"rendered":"<div data-elementor-type=\"wp-post\" data-elementor-id=\"10749\" class=\"elementor elementor-10749\" data-elementor-settings=\"{&quot;element_pack_global_tooltip_width&quot;:{&quot;unit&quot;:&quot;px&quot;,&quot;size&quot;:&quot;&quot;,&quot;sizes&quot;:[]},&quot;element_pack_global_tooltip_width_tablet&quot;:{&quot;unit&quot;:&quot;px&quot;,&quot;size&quot;:&quot;&quot;,&quot;sizes&quot;:[]},&quot;element_pack_global_tooltip_width_mobile&quot;:{&quot;unit&quot;:&quot;px&quot;,&quot;size&quot;:&quot;&quot;,&quot;sizes&quot;:[]},&quot;element_pack_global_tooltip_padding&quot;:{&quot;unit&quot;:&quot;px&quot;,&quot;top&quot;:&quot;&quot;,&quot;right&quot;:&quot;&quot;,&quot;bottom&quot;:&quot;&quot;,&quot;left&quot;:&quot;&quot;,&quot;isLinked&quot;:true},&quot;element_pack_global_tooltip_padding_tablet&quot;:{&quot;unit&quot;:&quot;px&quot;,&quot;top&quot;:&quot;&quot;,&quot;right&quot;:&quot;&quot;,&quot;bottom&quot;:&quot;&quot;,&quot;left&quot;:&quot;&quot;,&quot;isLinked&quot;:true},&quot;element_pack_global_tooltip_padding_mobile&quot;:{&quot;unit&quot;:&quot;px&quot;,&quot;top&quot;:&quot;&quot;,&quot;right&quot;:&quot;&quot;,&quot;bottom&quot;:&quot;&quot;,&quot;left&quot;:&quot;&quot;,&quot;isLinked&quot;:true},&quot;element_pack_global_tooltip_border_radius&quot;:{&quot;unit&quot;:&quot;px&quot;,&quot;top&quot;:&quot;&quot;,&quot;right&quot;:&quot;&quot;,&quot;bottom&quot;:&quot;&quot;,&quot;left&quot;:&quot;&quot;,&quot;isLinked&quot;:true},&quot;element_pack_global_tooltip_border_radius_tablet&quot;:{&quot;unit&quot;:&quot;px&quot;,&quot;top&quot;:&quot;&quot;,&quot;right&quot;:&quot;&quot;,&quot;bottom&quot;:&quot;&quot;,&quot;left&quot;:&quot;&quot;,&quot;isLinked&quot;:true},&quot;element_pack_global_tooltip_border_radius_mobile&quot;:{&quot;unit&quot;:&quot;px&quot;,&quot;top&quot;:&quot;&quot;,&quot;right&quot;:&quot;&quot;,&quot;bottom&quot;:&quot;&quot;,&quot;left&quot;:&quot;&quot;,&quot;isLinked&quot;:true}}\" data-elementor-post-type=\"product\">\n\t\t\t\t<div class=\"elementor-element elementor-element-93aa4a8 e-con-full e-flex e-con e-parent\" data-id=\"93aa4a8\" data-element_type=\"container\" data-e-type=\"container\">\n\t\t\t\t<div class=\"elementor-element elementor-element-2c3f760 miaoshu elementor-widget elementor-widget-wd_text_block\" data-id=\"2c3f760\" data-element_type=\"widget\" data-e-type=\"widget\" data-widget_type=\"wd_text_block.default\">\n\t\t\t\t<div class=\"elementor-widget-container\">\n\t\t\t\t\t\t\t<div class=\"wd-text-block reset-last-child text-left\">\n\t\t\t\n\t\t\t<h2>Chat de WhatsApp para WordPress: Conexiones instant\u00e1neas con los clientes<\/h2>\n<p>En <strong>Chat de WhatsApp para WordPress<\/strong> transforma la forma de relacionarse con los visitantes de su sitio web al integrar WhatsApp directamente en \u00e9l. Por ejemplo, los usuarios hacen clic en un simple bot\u00f3n para iniciar una conversaci\u00f3n, por lo que puede ofrecer asistencia en tiempo real, procesar pedidos o establecer relaciones m\u00e1s s\u00f3lidas sin salir de su sitio web. En consecuencia, esto aumenta la satisfacci\u00f3n del cliente e impulsa las conversiones sin esfuerzo.<\/p>\n\n<h3>Configuraci\u00f3n y personalizaci\u00f3n sin esfuerzo<\/h3>\n<p>Instala el complemento en cuesti\u00f3n de segundos y configura tu n\u00famero de WhatsApp r\u00e1pidamente, a menudo mediante el escaneado de c\u00f3digos QR. Una vez activo, puedes personalizar el widget flotante con colores, posiciones y mensajes de bienvenida para adaptarlo a tu marca. Adem\u00e1s, los c\u00f3digos cortos te permiten incrustar el bot\u00f3n de chat en cualquier lugar, desde entradas a barras laterales, garantizando la flexibilidad en todo tu sitio.<\/p>\n\n<h3>\u00bfPor qu\u00e9 elegir WhatsApp Chat para WordPress?<\/h3>\n<ul>\n    <li><strong>Soporte para m\u00faltiples agentes:<\/strong> A\u00f1ada miembros del equipo con avatares, nombres y saludos personalizados para una asistencia espec\u00edfica.<\/li>\n    <li><strong>Programaci\u00f3n inteligente:<\/strong> Muestra la disponibilidad y temporizadores de cuenta atr\u00e1s, para que los visitantes sepan exactamente cu\u00e1ndo responder\u00e1s.<\/li>\n    <li><strong>Integraci\u00f3n con WooCommerce:<\/strong> Env\u00ede notificaciones instant\u00e1neas de pedidos a WhatsApp, agilizando los flujos de trabajo del comercio electr\u00f3nico.<\/li>\n    <li><strong>Traducci\u00f3n lista:<\/strong> Funciona perfectamente con WPML o Polylang para sitios multiling\u00fces e idiomas RTL.<\/li>\n    <li><strong>Visualizaci\u00f3n espec\u00edfica de la p\u00e1gina:<\/strong> Mostrar el widget s\u00f3lo en p\u00e1ginas clave como formularios de contacto o listados de productos.<\/li>\n<\/ul>\n\n<h3>Aumentar la participaci\u00f3n y los ingresos<\/h3>\n<p>Este plugin simplifica significativamente las interacciones con los clientes. Por ejemplo, los visitantes escriben sus mensajes directamente en el cuadro de chat, que se rellena previamente con el texto predefinido para empezar m\u00e1s r\u00e1pido. Como resultado, captar\u00e1 clientes potenciales m\u00e1s r\u00e1pidamente y reducir\u00e1 las tasas de rebote, convirtiendo a los navegantes ocasionales en clientes fieles.<\/p>\n\n<h3>Empezar a chatear hoy mismo<\/h3>\n<p>Eleve su sitio WordPress con <strong>Chat de WhatsApp para WordPress<\/strong>. Por lo tanto, desc\u00e1rguelo y act\u00edvelo ahora para desbloquear una comunicaci\u00f3n instant\u00e1nea que mantenga a su audiencia comprometida y a su negocio en crecimiento.\n\t\t\t\t\t<\/div>\n\t\t\t\t\t\t<\/div>\n\t\t\t\t<\/div>\n\t\t\t\t<\/div>\n\t\t<div class=\"wd-negative-gap elementor-element elementor-element-6f9b930 e-flex e-con-boxed e-con e-parent\" data-id=\"6f9b930\" data-element_type=\"container\" data-e-type=\"container\">\n\t\t\t\t\t<div class=\"e-con-inner\">\n\t\t\t\t<div class=\"elementor-element elementor-element-a763794 elementor-widget elementor-widget-wd_text_block\" data-id=\"a763794\" data-element_type=\"widget\" data-e-type=\"widget\" data-widget_type=\"wd_text_block.default\">\n\t\t\t\t<div class=\"elementor-widget-container\">\n\t\t\t\t\t\t\t<div class=\"wd-text-block reset-last-child text-left\">\n\t\t\t\n\t\t\t<h1 class=\"style-scope ytd-watch-metadata\">C\u00f3mo a\u00f1adir Whatsapp Chat en WordPress Sitio Web<\/h1>\n\t\t\t\t\t<\/div>\n\t\t\t\t\t\t<\/div>\n\t\t\t\t<\/div>\n\t\t\t\t\t<\/div>\n\t\t\t\t<\/div>\n\t\t<div class=\"wd-negative-gap elementor-element elementor-element-f6ef4e7 e-flex e-con-boxed e-con e-parent\" data-id=\"f6ef4e7\" data-element_type=\"container\" data-e-type=\"container\">\n\t\t\t\t\t<div class=\"e-con-inner\">\n\t\t\t\t<div class=\"elementor-element elementor-element-5467502 elementor-widget elementor-widget-video\" data-id=\"5467502\" data-element_type=\"widget\" data-e-type=\"widget\" data-settings=\"{&quot;youtube_url&quot;:&quot;https:\\\/\\\/www.youtube.com\\\/watch?v=O_BF9rhazvI&quot;,&quot;video_type&quot;:&quot;youtube&quot;,&quot;controls&quot;:&quot;yes&quot;}\" data-widget_type=\"video.default\">\n\t\t\t\t\t\t\t<div class=\"elementor-wrapper elementor-open-inline\">\n\t\t\t<div class=\"elementor-video\"><\/div>\t\t<\/div>\n\t\t\t\t\t\t<\/div>\n\t\t\t\t\t<\/div>\n\t\t\t\t<\/div>\n\t\t\t\t<\/div>","protected":false},"excerpt":{"rendered":"<p>Chat de WhatsApp para WordPress: Conexiones instant\u00e1neas con los clientes El plugin WhatsApp Chat para WordPress transforma la forma de relacionarse con los visitantes del sitio.<\/p>","protected":false},"featured_media":10661,"comment_status":"open","ping_status":"closed","template":"","meta":{"_acf_changed":false},"product_brand":[],"product_cat":[49],"product_tag":[],"class_list":{"0":"post-10749","1":"product","2":"type-product","3":"status-publish","4":"has-post-thumbnail","6":"product_cat-plugins","8":"first","9":"instock","10":"sale","11":"downloadable","12":"shipping-taxable","13":"purchasable","14":"product-type-simple"},"acf":[],"yoast_head":"<!-- This site is optimized with the Yoast SEO Premium plugin v25.6 (Yoast SEO v27.1.1) - https:\/\/yoast.com\/product\/yoast-seo-premium-wordpress\/ -->\n<title>WhatsApp Chat WordPress - AllWin Theme \u2013 Free WordPress Themes Download<\/title>\n<meta name=\"description\" content=\"Enhance Elementor with Happy Addons Pro. Access premium widgets, templates, and features for stunning, user-friendly WordPress designs.\" \/>\n<meta name=\"robots\" content=\"index, follow, max-snippet:-1, max-image-preview:large, max-video-preview:-1\" \/>\n<link rel=\"canonical\" href=\"https:\/\/allwintheme.com\/es\/producto\/whatsapp-chat-wordpress\/\" \/>\n<meta property=\"og:locale\" content=\"es_ES\" \/>\n<meta property=\"og:type\" content=\"article\" \/>\n<meta property=\"og:title\" content=\"WhatsApp Chat WordPress\" \/>\n<meta property=\"og:description\" content=\"Enhance Elementor with Happy Addons Pro. Access premium widgets, templates, and features for stunning, user-friendly WordPress designs.\" \/>\n<meta property=\"og:url\" content=\"https:\/\/allwintheme.com\/es\/producto\/whatsapp-chat-wordpress\/\" \/>\n<meta property=\"og:site_name\" content=\"AllWin Theme \u2013 Free WordPress Themes Download\" \/>\n<meta property=\"article:modified_time\" content=\"2025-10-16T08:12:07+00:00\" \/>\n<meta property=\"og:image\" content=\"https:\/\/allwintheme.com\/wp-content\/uploads\/2025\/10\/nvj8opib.png\" \/>\n\t<meta property=\"og:image:width\" content=\"590\" \/>\n\t<meta property=\"og:image:height\" content=\"300\" \/>\n\t<meta property=\"og:image:type\" content=\"image\/png\" \/>\n<meta name=\"twitter:card\" content=\"summary_large_image\" \/>\n<meta name=\"twitter:label1\" content=\"Tiempo estimado de lectura\" \/>\n\t<meta name=\"twitter:data1\" content=\"2 minutos\" \/>\n<script type=\"application\/ld+json\" class=\"yoast-schema-graph\">{\"@context\":\"https:\/\/schema.org\",\"@graph\":[{\"@type\":\"WebPage\",\"@id\":\"https:\/\/allwintheme.com\/product\/whatsapp-chat-wordpress\/\",\"url\":\"https:\/\/allwintheme.com\/product\/whatsapp-chat-wordpress\/\",\"name\":\"WhatsApp Chat WordPress - AllWin Theme \u2013 Free WordPress Themes Download\",\"isPartOf\":{\"@id\":\"https:\/\/allwintheme.com\/#website\"},\"primaryImageOfPage\":{\"@id\":\"https:\/\/allwintheme.com\/product\/whatsapp-chat-wordpress\/#primaryimage\"},\"image\":{\"@id\":\"https:\/\/allwintheme.com\/product\/whatsapp-chat-wordpress\/#primaryimage\"},\"thumbnailUrl\":\"https:\/\/allwintheme.com\/wp-content\/uploads\/2025\/10\/nvj8opib.png\",\"datePublished\":\"2025-10-16T07:26:47+00:00\",\"dateModified\":\"2025-10-16T08:12:07+00:00\",\"description\":\"Enhance Elementor with Happy Addons Pro. Access premium widgets, templates, and features for stunning, user-friendly WordPress designs.\",\"breadcrumb\":{\"@id\":\"https:\/\/allwintheme.com\/product\/whatsapp-chat-wordpress\/#breadcrumb\"},\"inLanguage\":\"es-CL\",\"potentialAction\":[{\"@type\":\"ReadAction\",\"target\":[\"https:\/\/allwintheme.com\/product\/whatsapp-chat-wordpress\/\"]}]},{\"@type\":\"ImageObject\",\"inLanguage\":\"es-CL\",\"@id\":\"https:\/\/allwintheme.com\/product\/whatsapp-chat-wordpress\/#primaryimage\",\"url\":\"https:\/\/allwintheme.com\/wp-content\/uploads\/2025\/10\/nvj8opib.png\",\"contentUrl\":\"https:\/\/allwintheme.com\/wp-content\/uploads\/2025\/10\/nvj8opib.png\",\"width\":590,\"height\":300,\"caption\":\"WhatsApp Chat WordPress\"},{\"@type\":\"BreadcrumbList\",\"@id\":\"https:\/\/allwintheme.com\/product\/whatsapp-chat-wordpress\/#breadcrumb\",\"itemListElement\":[{\"@type\":\"ListItem\",\"position\":1,\"name\":\"Home\",\"item\":\"https:\/\/allwintheme.com\/\"},{\"@type\":\"ListItem\",\"position\":2,\"name\":\"Shop\",\"item\":\"https:\/\/allwintheme.com\/shop\/\"},{\"@type\":\"ListItem\",\"position\":3,\"name\":\"WhatsApp Chat WordPress\"}]},{\"@type\":\"WebSite\",\"@id\":\"https:\/\/allwintheme.com\/#website\",\"url\":\"https:\/\/allwintheme.com\/\",\"name\":\"Allwintheme\",\"description\":\"Download free WordPress themes for every niche. Blogs, business, eCommerce, portfolio, restaurant and more. All themes are GPL licensed and mobile-ready.\",\"potentialAction\":[{\"@type\":\"SearchAction\",\"target\":{\"@type\":\"EntryPoint\",\"urlTemplate\":\"https:\/\/allwintheme.com\/?s={search_term_string}\"},\"query-input\":{\"@type\":\"PropertyValueSpecification\",\"valueRequired\":true,\"valueName\":\"search_term_string\"}}],\"inLanguage\":\"es-CL\"}]}<\/script>\n<!-- \/ Yoast SEO Premium plugin. -->","yoast_head_json":{"title":"WhatsApp Chat WordPress - AllWin Theme \u2013 Free WordPress Themes Download","description":"Enhance Elementor with Happy Addons Pro. Access premium widgets, templates, and features for stunning, user-friendly WordPress designs.","robots":{"index":"index","follow":"follow","max-snippet":"max-snippet:-1","max-image-preview":"max-image-preview:large","max-video-preview":"max-video-preview:-1"},"canonical":"https:\/\/allwintheme.com\/es\/producto\/whatsapp-chat-wordpress\/","og_locale":"es_ES","og_type":"article","og_title":"WhatsApp Chat WordPress","og_description":"Enhance Elementor with Happy Addons Pro. Access premium widgets, templates, and features for stunning, user-friendly WordPress designs.","og_url":"https:\/\/allwintheme.com\/es\/producto\/whatsapp-chat-wordpress\/","og_site_name":"AllWin Theme \u2013 Free WordPress Themes Download","article_modified_time":"2025-10-16T08:12:07+00:00","og_image":[{"width":590,"height":300,"url":"https:\/\/allwintheme.com\/wp-content\/uploads\/2025\/10\/nvj8opib.png","type":"image\/png"}],"twitter_card":"summary_large_image","twitter_misc":{"Tiempo estimado de lectura":"2 minutos"},"schema":{"@context":"https:\/\/schema.org","@graph":[{"@type":"WebPage","@id":"https:\/\/allwintheme.com\/product\/whatsapp-chat-wordpress\/","url":"https:\/\/allwintheme.com\/product\/whatsapp-chat-wordpress\/","name":"WhatsApp Chat WordPress - AllWin Theme \u2013 Free WordPress Themes Download","isPartOf":{"@id":"https:\/\/allwintheme.com\/#website"},"primaryImageOfPage":{"@id":"https:\/\/allwintheme.com\/product\/whatsapp-chat-wordpress\/#primaryimage"},"image":{"@id":"https:\/\/allwintheme.com\/product\/whatsapp-chat-wordpress\/#primaryimage"},"thumbnailUrl":"https:\/\/allwintheme.com\/wp-content\/uploads\/2025\/10\/nvj8opib.png","datePublished":"2025-10-16T07:26:47+00:00","dateModified":"2025-10-16T08:12:07+00:00","description":"Enhance Elementor with Happy Addons Pro. Access premium widgets, templates, and features for stunning, user-friendly WordPress designs.","breadcrumb":{"@id":"https:\/\/allwintheme.com\/product\/whatsapp-chat-wordpress\/#breadcrumb"},"inLanguage":"es-CL","potentialAction":[{"@type":"ReadAction","target":["https:\/\/allwintheme.com\/product\/whatsapp-chat-wordpress\/"]}]},{"@type":"ImageObject","inLanguage":"es-CL","@id":"https:\/\/allwintheme.com\/product\/whatsapp-chat-wordpress\/#primaryimage","url":"https:\/\/allwintheme.com\/wp-content\/uploads\/2025\/10\/nvj8opib.png","contentUrl":"https:\/\/allwintheme.com\/wp-content\/uploads\/2025\/10\/nvj8opib.png","width":590,"height":300,"caption":"WhatsApp Chat WordPress"},{"@type":"BreadcrumbList","@id":"https:\/\/allwintheme.com\/product\/whatsapp-chat-wordpress\/#breadcrumb","itemListElement":[{"@type":"ListItem","position":1,"name":"Home","item":"https:\/\/allwintheme.com\/"},{"@type":"ListItem","position":2,"name":"Shop","item":"https:\/\/allwintheme.com\/shop\/"},{"@type":"ListItem","position":3,"name":"WhatsApp Chat WordPress"}]},{"@type":"WebSite","@id":"https:\/\/allwintheme.com\/#website","url":"https:\/\/allwintheme.com\/","name":"Allwintheme","description":"Descarga gratis temas de WordPress para todos los nichos. Blogs, negocios, comercio electr\u00f3nico, portafolio, restaurante y m\u00e1s. Todos los temas tienen licencia GPL y est\u00e1n preparados para dispositivos m\u00f3viles.","potentialAction":[{"@type":"SearchAction","target":{"@type":"EntryPoint","urlTemplate":"https:\/\/allwintheme.com\/?s={search_term_string}"},"query-input":{"@type":"PropertyValueSpecification","valueRequired":true,"valueName":"search_term_string"}}],"inLanguage":"es-CL"}]}},"_links":{"self":[{"href":"https:\/\/allwintheme.com\/es\/wp-json\/wp\/v2\/product\/10749","targetHints":{"allow":["GET"]}}],"collection":[{"href":"https:\/\/allwintheme.com\/es\/wp-json\/wp\/v2\/product"}],"about":[{"href":"https:\/\/allwintheme.com\/es\/wp-json\/wp\/v2\/types\/product"}],"replies":[{"embeddable":true,"href":"https:\/\/allwintheme.com\/es\/wp-json\/wp\/v2\/comments?post=10749"}],"version-history":[{"count":9,"href":"https:\/\/allwintheme.com\/es\/wp-json\/wp\/v2\/product\/10749\/revisions"}],"predecessor-version":[{"id":10778,"href":"https:\/\/allwintheme.com\/es\/wp-json\/wp\/v2\/product\/10749\/revisions\/10778"}],"wp:featuredmedia":[{"embeddable":true,"href":"https:\/\/allwintheme.com\/es\/wp-json\/wp\/v2\/media\/10661"}],"wp:attachment":[{"href":"https:\/\/allwintheme.com\/es\/wp-json\/wp\/v2\/media?parent=10749"}],"wp:term":[{"taxonomy":"product_brand","embeddable":true,"href":"https:\/\/allwintheme.com\/es\/wp-json\/wp\/v2\/product_brand?post=10749"},{"taxonomy":"product_cat","embeddable":true,"href":"https:\/\/allwintheme.com\/es\/wp-json\/wp\/v2\/product_cat?post=10749"},{"taxonomy":"product_tag","embeddable":true,"href":"https:\/\/allwintheme.com\/es\/wp-json\/wp\/v2\/product_tag?post=10749"}],"curies":[{"name":"wp","href":"https:\/\/api.w.org\/{rel}","templated":true}]}}