{"id":10804,"date":"2025-10-17T00:56:50","date_gmt":"2025-10-17T00:56:50","guid":{"rendered":"https:\/\/allwintheme.com\/?post_type=product&#038;p=10804"},"modified":"2025-10-17T01:09:29","modified_gmt":"2025-10-17T01:09:29","slug":"aplicaciones-wp-job-manager","status":"publish","type":"product","link":"https:\/\/allwintheme.com\/es\/producto\/aplicaciones-wp-job-manager\/","title":{"rendered":"Aplicaciones WP Job Manager"},"content":{"rendered":"<div data-elementor-type=\"wp-post\" data-elementor-id=\"10804\" class=\"elementor elementor-10804\" data-elementor-settings=\"{&quot;element_pack_global_tooltip_width&quot;:{&quot;unit&quot;:&quot;px&quot;,&quot;size&quot;:&quot;&quot;,&quot;sizes&quot;:[]},&quot;element_pack_global_tooltip_width_tablet&quot;:{&quot;unit&quot;:&quot;px&quot;,&quot;size&quot;:&quot;&quot;,&quot;sizes&quot;:[]},&quot;element_pack_global_tooltip_width_mobile&quot;:{&quot;unit&quot;:&quot;px&quot;,&quot;size&quot;:&quot;&quot;,&quot;sizes&quot;:[]},&quot;element_pack_global_tooltip_padding&quot;:{&quot;unit&quot;:&quot;px&quot;,&quot;top&quot;:&quot;&quot;,&quot;right&quot;:&quot;&quot;,&quot;bottom&quot;:&quot;&quot;,&quot;left&quot;:&quot;&quot;,&quot;isLinked&quot;:true},&quot;element_pack_global_tooltip_padding_tablet&quot;:{&quot;unit&quot;:&quot;px&quot;,&quot;top&quot;:&quot;&quot;,&quot;right&quot;:&quot;&quot;,&quot;bottom&quot;:&quot;&quot;,&quot;left&quot;:&quot;&quot;,&quot;isLinked&quot;:true},&quot;element_pack_global_tooltip_padding_mobile&quot;:{&quot;unit&quot;:&quot;px&quot;,&quot;top&quot;:&quot;&quot;,&quot;right&quot;:&quot;&quot;,&quot;bottom&quot;:&quot;&quot;,&quot;left&quot;:&quot;&quot;,&quot;isLinked&quot;:true},&quot;element_pack_global_tooltip_border_radius&quot;:{&quot;unit&quot;:&quot;px&quot;,&quot;top&quot;:&quot;&quot;,&quot;right&quot;:&quot;&quot;,&quot;bottom&quot;:&quot;&quot;,&quot;left&quot;:&quot;&quot;,&quot;isLinked&quot;:true},&quot;element_pack_global_tooltip_border_radius_tablet&quot;:{&quot;unit&quot;:&quot;px&quot;,&quot;top&quot;:&quot;&quot;,&quot;right&quot;:&quot;&quot;,&quot;bottom&quot;:&quot;&quot;,&quot;left&quot;:&quot;&quot;,&quot;isLinked&quot;:true},&quot;element_pack_global_tooltip_border_radius_mobile&quot;:{&quot;unit&quot;:&quot;px&quot;,&quot;top&quot;:&quot;&quot;,&quot;right&quot;:&quot;&quot;,&quot;bottom&quot;:&quot;&quot;,&quot;left&quot;:&quot;&quot;,&quot;isLinked&quot;:true}}\" data-elementor-post-type=\"product\">\n\t\t\t\t<div class=\"elementor-element elementor-element-93aa4a8 e-con-full e-flex e-con e-parent\" data-id=\"93aa4a8\" data-element_type=\"container\" data-e-type=\"container\">\n\t\t\t\t<div class=\"elementor-element elementor-element-2c3f760 miaoshu elementor-widget elementor-widget-wd_text_block\" data-id=\"2c3f760\" data-element_type=\"widget\" data-e-type=\"widget\" data-widget_type=\"wd_text_block.default\">\n\t\t\t\t<div class=\"elementor-widget-container\">\n\t\t\t\t\t\t\t<div class=\"wd-text-block reset-last-child text-left\">\n\t\t\t\n\t\t\t<h2>Aplicaciones WP Job Manager: Simplifique los procesos de contrataci\u00f3n laboral<\/h2>\n<p>En <strong>Aplicaciones WP Job Manager<\/strong> revoluciona la forma de gestionar las ofertas de empleo en WordPress. Por ejemplo, los candidatos se inscriben r\u00e1pidamente a trav\u00e9s de formularios personalizables, y los empleadores lo revisan todo activamente desde un panel de control espec\u00edfico. En consecuencia, esto agiliza la contrataci\u00f3n, haciendo que su bolsa de trabajo sea m\u00e1s eficiente y f\u00e1cil de usar.<\/p>\n\n<h3>Capacitar tanto a candidatos como a empresarios<\/h3>\n<p>Con Aplicaciones, los candidatos env\u00edan formularios detallados directamente en los anuncios de empleo, sustituyendo a los m\u00e9todos b\u00e1sicos de correo electr\u00f3nico o enlace. Los empleadores acceden entonces a un panel centralizado para ver, puntuar y organizar los env\u00edos. Adem\u00e1s, puedes a\u00f1adir notas privadas, actualizar estados como \"nuevo\" o \"entrevistado\" e incluso enlazar a curr\u00edculos si utilizas la integraci\u00f3n con Resume Manager.<\/p>\n\n<h3>\u00bfPor qu\u00e9 elegir las aplicaciones WP Job Manager?<\/h3>\n<ul>\n    <li><strong>Formularios personalizables:<\/strong> Los desarrolladores editan campos, notificaciones y correos electr\u00f3nicos sin esfuerzo en el backend.<\/li>\n    <li><strong>Gesti\u00f3n de cuadros de mando:<\/strong> Los empresarios hacen un seguimiento de las solicitudes, ven los archivos adjuntos y env\u00edan las respuestas directamente.<\/li>\n    <li><strong>Integraciones sin fisuras:<\/strong> Funciona sin problemas con Resume Manager y WooCommerce para listados de pago.<\/li>\n    <li><strong>Visibilidad frontal:<\/strong> Los candidatos pueden ver las candidaturas en su panel de control si habilita la presentaci\u00f3n de candidaturas desde el frontend.<\/li>\n<\/ul>\n\n<h3>Impulse su flujo de trabajo de contrataci\u00f3n<\/h3>\n<p>WP Job Manager Applications elimina las molestias del seguimiento manual. Por ejemplo, configurar estados para una r\u00e1pida organizaci\u00f3n, y personalizar los correos electr\u00f3nicos para mantener a todos informados. Como resultado, se ahorra tiempo al tiempo que mejora la experiencia del candidato y los resultados de contrataci\u00f3n.<\/p>\n\n<h3>Actualice hoy mismo su bolsa de empleo<\/h3>\n<p>Transforma tu sitio WP Job Manager con el <strong>Aplicaciones<\/strong> complemento. Por lo tanto, \u00a1inst\u00e1lelo ahora para crear un sistema de contrataci\u00f3n profesional y receptivo que genere resultados!\n\t\t\t\t\t<\/div>\n\t\t\t\t\t\t<\/div>\n\t\t\t\t<\/div>\n\t\t\t\t<\/div>\n\t\t<div class=\"wd-negative-gap elementor-element elementor-element-81873f4 e-flex e-con-boxed e-con e-parent\" data-id=\"81873f4\" data-element_type=\"container\" data-e-type=\"container\">\n\t\t\t\t\t<div class=\"e-con-inner\">\n\t\t\t\t<div class=\"elementor-element elementor-element-a58a693 elementor-widget elementor-widget-wd_text_block\" data-id=\"a58a693\" data-element_type=\"widget\" data-e-type=\"widget\" data-widget_type=\"wd_text_block.default\">\n\t\t\t\t<div class=\"elementor-widget-container\">\n\t\t\t\t\t\t\t<div class=\"wd-text-block reset-last-child text-left\">\n\t\t\t\n\t\t\t<h1 class=\"style-scope ytd-watch-metadata\">Instalaci\u00f3n del plugin WP Job Manager<\/h1>\n\t\t\t\t\t<\/div>\n\t\t\t\t\t\t<\/div>\n\t\t\t\t<\/div>\n\t\t\t\t\t<\/div>\n\t\t\t\t<\/div>\n\t\t<div class=\"wd-negative-gap elementor-element elementor-element-708b5ab e-flex e-con-boxed e-con e-parent\" data-id=\"708b5ab\" data-element_type=\"container\" data-e-type=\"container\">\n\t\t\t\t\t<div class=\"e-con-inner\">\n\t\t\t\t<div class=\"elementor-element elementor-element-a3dfa3f elementor-widget elementor-widget-video\" data-id=\"a3dfa3f\" data-element_type=\"widget\" data-e-type=\"widget\" data-settings=\"{&quot;youtube_url&quot;:&quot;https:\\\/\\\/youtu.be\\\/K4bVXHTMgxo&quot;,&quot;video_type&quot;:&quot;youtube&quot;,&quot;controls&quot;:&quot;yes&quot;}\" data-widget_type=\"video.default\">\n\t\t\t\t\t\t\t<div class=\"elementor-wrapper elementor-open-inline\">\n\t\t\t<div class=\"elementor-video\"><\/div>\t\t<\/div>\n\t\t\t\t\t\t<\/div>\n\t\t\t\t\t<\/div>\n\t\t\t\t<\/div>\n\t\t\t\t<\/div>","protected":false},"excerpt":{"rendered":"<p>WP Job Manager Aplicaciones: Simplifica los procesos de contrataci\u00f3n laboral El complemento WP Job Manager Applications revoluciona la forma de gestionar las solicitudes de empleo<\/p>","protected":false},"featured_media":10657,"comment_status":"open","ping_status":"closed","template":"","meta":{"_acf_changed":false},"product_brand":[],"product_cat":[49],"product_tag":[],"class_list":{"0":"post-10804","1":"product","2":"type-product","3":"status-publish","4":"has-post-thumbnail","6":"product_cat-plugins","8":"first","9":"instock","10":"sale","11":"downloadable","12":"shipping-taxable","13":"purchasable","14":"product-type-simple"},"acf":[],"yoast_head":"<!-- This site is optimized with the Yoast SEO Premium plugin v25.6 (Yoast SEO v27.1.1) - https:\/\/yoast.com\/product\/yoast-seo-premium-wordpress\/ -->\n<title>WP Job Manager Applications - AllWin Theme \u2013 Free WordPress Themes Download<\/title>\n<meta name=\"description\" content=\"Enhance WP Job Manager with the Applications add-on. Candidates submit forms easily, while employers manage applications from their dashboard.\" \/>\n<meta name=\"robots\" content=\"index, follow, max-snippet:-1, max-image-preview:large, max-video-preview:-1\" \/>\n<link rel=\"canonical\" href=\"https:\/\/allwintheme.com\/es\/producto\/aplicaciones-wp-job-manager\/\" \/>\n<meta property=\"og:locale\" content=\"es_ES\" \/>\n<meta property=\"og:type\" content=\"article\" \/>\n<meta property=\"og:title\" content=\"WP Job Manager Applications\" \/>\n<meta property=\"og:description\" content=\"Enhance WP Job Manager with the Applications add-on. Candidates submit forms easily, while employers manage applications from their dashboard.\" \/>\n<meta property=\"og:url\" content=\"https:\/\/allwintheme.com\/es\/producto\/aplicaciones-wp-job-manager\/\" \/>\n<meta property=\"og:site_name\" content=\"AllWin Theme \u2013 Free WordPress Themes Download\" \/>\n<meta property=\"article:modified_time\" content=\"2025-10-17T01:09:29+00:00\" \/>\n<meta property=\"og:image\" content=\"https:\/\/allwintheme.com\/wp-content\/uploads\/2025\/10\/cjmewxd1.png\" \/>\n\t<meta property=\"og:image:width\" content=\"768\" \/>\n\t<meta property=\"og:image:height\" content=\"439\" \/>\n\t<meta property=\"og:image:type\" content=\"image\/png\" \/>\n<meta name=\"twitter:card\" content=\"summary_large_image\" \/>\n<meta name=\"twitter:label1\" content=\"Tiempo estimado de lectura\" \/>\n\t<meta name=\"twitter:data1\" content=\"2 minutos\" \/>\n<script type=\"application\/ld+json\" class=\"yoast-schema-graph\">{\"@context\":\"https:\/\/schema.org\",\"@graph\":[{\"@type\":\"WebPage\",\"@id\":\"https:\/\/allwintheme.com\/product\/wp-job-manager-applications\/\",\"url\":\"https:\/\/allwintheme.com\/product\/wp-job-manager-applications\/\",\"name\":\"WP Job Manager Applications - AllWin Theme \u2013 Free WordPress Themes Download\",\"isPartOf\":{\"@id\":\"https:\/\/allwintheme.com\/#website\"},\"primaryImageOfPage\":{\"@id\":\"https:\/\/allwintheme.com\/product\/wp-job-manager-applications\/#primaryimage\"},\"image\":{\"@id\":\"https:\/\/allwintheme.com\/product\/wp-job-manager-applications\/#primaryimage\"},\"thumbnailUrl\":\"https:\/\/allwintheme.com\/wp-content\/uploads\/2025\/10\/cjmewxd1.png\",\"datePublished\":\"2025-10-17T00:56:50+00:00\",\"dateModified\":\"2025-10-17T01:09:29+00:00\",\"description\":\"Enhance WP Job Manager with the Applications add-on. Candidates submit forms easily, while employers manage applications from their dashboard.\",\"breadcrumb\":{\"@id\":\"https:\/\/allwintheme.com\/product\/wp-job-manager-applications\/#breadcrumb\"},\"inLanguage\":\"es-CL\",\"potentialAction\":[{\"@type\":\"ReadAction\",\"target\":[\"https:\/\/allwintheme.com\/product\/wp-job-manager-applications\/\"]}]},{\"@type\":\"ImageObject\",\"inLanguage\":\"es-CL\",\"@id\":\"https:\/\/allwintheme.com\/product\/wp-job-manager-applications\/#primaryimage\",\"url\":\"https:\/\/allwintheme.com\/wp-content\/uploads\/2025\/10\/cjmewxd1.png\",\"contentUrl\":\"https:\/\/allwintheme.com\/wp-content\/uploads\/2025\/10\/cjmewxd1.png\",\"width\":768,\"height\":439,\"caption\":\"WP Job Manager Applications\"},{\"@type\":\"BreadcrumbList\",\"@id\":\"https:\/\/allwintheme.com\/product\/wp-job-manager-applications\/#breadcrumb\",\"itemListElement\":[{\"@type\":\"ListItem\",\"position\":1,\"name\":\"Home\",\"item\":\"https:\/\/allwintheme.com\/\"},{\"@type\":\"ListItem\",\"position\":2,\"name\":\"Shop\",\"item\":\"https:\/\/allwintheme.com\/shop\/\"},{\"@type\":\"ListItem\",\"position\":3,\"name\":\"WP Job Manager Applications\"}]},{\"@type\":\"WebSite\",\"@id\":\"https:\/\/allwintheme.com\/#website\",\"url\":\"https:\/\/allwintheme.com\/\",\"name\":\"Allwintheme\",\"description\":\"Download free WordPress themes for every niche. Blogs, business, eCommerce, portfolio, restaurant and more. All themes are GPL licensed and mobile-ready.\",\"potentialAction\":[{\"@type\":\"SearchAction\",\"target\":{\"@type\":\"EntryPoint\",\"urlTemplate\":\"https:\/\/allwintheme.com\/?s={search_term_string}\"},\"query-input\":{\"@type\":\"PropertyValueSpecification\",\"valueRequired\":true,\"valueName\":\"search_term_string\"}}],\"inLanguage\":\"es-CL\"}]}<\/script>\n<!-- \/ Yoast SEO Premium plugin. -->","yoast_head_json":{"title":"WP Job Manager Applications - AllWin Theme \u2013 Free WordPress Themes Download","description":"Mejora WP Job Manager con el complemento Aplicaciones. Los candidatos env\u00edan formularios f\u00e1cilmente, mientras que los empleadores gestionan las solicitudes desde su panel de control.","robots":{"index":"index","follow":"follow","max-snippet":"max-snippet:-1","max-image-preview":"max-image-preview:large","max-video-preview":"max-video-preview:-1"},"canonical":"https:\/\/allwintheme.com\/es\/producto\/aplicaciones-wp-job-manager\/","og_locale":"es_ES","og_type":"article","og_title":"WP Job Manager Applications","og_description":"Enhance WP Job Manager with the Applications add-on. Candidates submit forms easily, while employers manage applications from their dashboard.","og_url":"https:\/\/allwintheme.com\/es\/producto\/aplicaciones-wp-job-manager\/","og_site_name":"AllWin Theme \u2013 Free WordPress Themes Download","article_modified_time":"2025-10-17T01:09:29+00:00","og_image":[{"width":768,"height":439,"url":"https:\/\/allwintheme.com\/wp-content\/uploads\/2025\/10\/cjmewxd1.png","type":"image\/png"}],"twitter_card":"summary_large_image","twitter_misc":{"Tiempo estimado de lectura":"2 minutos"},"schema":{"@context":"https:\/\/schema.org","@graph":[{"@type":"WebPage","@id":"https:\/\/allwintheme.com\/product\/wp-job-manager-applications\/","url":"https:\/\/allwintheme.com\/product\/wp-job-manager-applications\/","name":"WP Job Manager Applications - AllWin Theme \u2013 Free WordPress Themes Download","isPartOf":{"@id":"https:\/\/allwintheme.com\/#website"},"primaryImageOfPage":{"@id":"https:\/\/allwintheme.com\/product\/wp-job-manager-applications\/#primaryimage"},"image":{"@id":"https:\/\/allwintheme.com\/product\/wp-job-manager-applications\/#primaryimage"},"thumbnailUrl":"https:\/\/allwintheme.com\/wp-content\/uploads\/2025\/10\/cjmewxd1.png","datePublished":"2025-10-17T00:56:50+00:00","dateModified":"2025-10-17T01:09:29+00:00","description":"Mejora WP Job Manager con el complemento Aplicaciones. Los candidatos env\u00edan formularios f\u00e1cilmente, mientras que los empleadores gestionan las solicitudes desde su panel de control.","breadcrumb":{"@id":"https:\/\/allwintheme.com\/product\/wp-job-manager-applications\/#breadcrumb"},"inLanguage":"es-CL","potentialAction":[{"@type":"ReadAction","target":["https:\/\/allwintheme.com\/product\/wp-job-manager-applications\/"]}]},{"@type":"ImageObject","inLanguage":"es-CL","@id":"https:\/\/allwintheme.com\/product\/wp-job-manager-applications\/#primaryimage","url":"https:\/\/allwintheme.com\/wp-content\/uploads\/2025\/10\/cjmewxd1.png","contentUrl":"https:\/\/allwintheme.com\/wp-content\/uploads\/2025\/10\/cjmewxd1.png","width":768,"height":439,"caption":"WP Job Manager Applications"},{"@type":"BreadcrumbList","@id":"https:\/\/allwintheme.com\/product\/wp-job-manager-applications\/#breadcrumb","itemListElement":[{"@type":"ListItem","position":1,"name":"Home","item":"https:\/\/allwintheme.com\/"},{"@type":"ListItem","position":2,"name":"Shop","item":"https:\/\/allwintheme.com\/shop\/"},{"@type":"ListItem","position":3,"name":"WP Job Manager Applications"}]},{"@type":"WebSite","@id":"https:\/\/allwintheme.com\/#website","url":"https:\/\/allwintheme.com\/","name":"Allwintheme","description":"Descarga gratis temas de WordPress para todos los nichos. Blogs, negocios, comercio electr\u00f3nico, portafolio, restaurante y m\u00e1s. Todos los temas tienen licencia GPL y est\u00e1n preparados para dispositivos m\u00f3viles.","potentialAction":[{"@type":"SearchAction","target":{"@type":"EntryPoint","urlTemplate":"https:\/\/allwintheme.com\/?s={search_term_string}"},"query-input":{"@type":"PropertyValueSpecification","valueRequired":true,"valueName":"search_term_string"}}],"inLanguage":"es-CL"}]}},"_links":{"self":[{"href":"https:\/\/allwintheme.com\/es\/wp-json\/wp\/v2\/product\/10804","targetHints":{"allow":["GET"]}}],"collection":[{"href":"https:\/\/allwintheme.com\/es\/wp-json\/wp\/v2\/product"}],"about":[{"href":"https:\/\/allwintheme.com\/es\/wp-json\/wp\/v2\/types\/product"}],"replies":[{"embeddable":true,"href":"https:\/\/allwintheme.com\/es\/wp-json\/wp\/v2\/comments?post=10804"}],"version-history":[{"count":5,"href":"https:\/\/allwintheme.com\/es\/wp-json\/wp\/v2\/product\/10804\/revisions"}],"predecessor-version":[{"id":10809,"href":"https:\/\/allwintheme.com\/es\/wp-json\/wp\/v2\/product\/10804\/revisions\/10809"}],"wp:featuredmedia":[{"embeddable":true,"href":"https:\/\/allwintheme.com\/es\/wp-json\/wp\/v2\/media\/10657"}],"wp:attachment":[{"href":"https:\/\/allwintheme.com\/es\/wp-json\/wp\/v2\/media?parent=10804"}],"wp:term":[{"taxonomy":"product_brand","embeddable":true,"href":"https:\/\/allwintheme.com\/es\/wp-json\/wp\/v2\/product_brand?post=10804"},{"taxonomy":"product_cat","embeddable":true,"href":"https:\/\/allwintheme.com\/es\/wp-json\/wp\/v2\/product_cat?post=10804"},{"taxonomy":"product_tag","embeddable":true,"href":"https:\/\/allwintheme.com\/es\/wp-json\/wp\/v2\/product_tag?post=10804"}],"curies":[{"name":"wp","href":"https:\/\/api.w.org\/{rel}","templated":true}]}}