{"id":10810,"date":"2025-10-17T01:09:51","date_gmt":"2025-10-17T01:09:51","guid":{"rendered":"https:\/\/allwintheme.com\/?post_type=product&#038;p=10810"},"modified":"2025-10-17T01:41:01","modified_gmt":"2025-10-17T01:41:01","slug":"wpnotif-wordpress-sms-notificaciones-de-mensajes-whatsapp","status":"publish","type":"product","link":"https:\/\/allwintheme.com\/es\/producto\/wpnotif-wordpress-sms-notificaciones-de-mensajes-whatsapp\/","title":{"rendered":"WPNotif: Notificaciones de mensajes SMS y WhatsApp en WordPress"},"content":{"rendered":"<div data-elementor-type=\"wp-post\" data-elementor-id=\"10810\" class=\"elementor elementor-10810\" data-elementor-settings=\"{&quot;element_pack_global_tooltip_width&quot;:{&quot;unit&quot;:&quot;px&quot;,&quot;size&quot;:&quot;&quot;,&quot;sizes&quot;:[]},&quot;element_pack_global_tooltip_width_tablet&quot;:{&quot;unit&quot;:&quot;px&quot;,&quot;size&quot;:&quot;&quot;,&quot;sizes&quot;:[]},&quot;element_pack_global_tooltip_width_mobile&quot;:{&quot;unit&quot;:&quot;px&quot;,&quot;size&quot;:&quot;&quot;,&quot;sizes&quot;:[]},&quot;element_pack_global_tooltip_padding&quot;:{&quot;unit&quot;:&quot;px&quot;,&quot;top&quot;:&quot;&quot;,&quot;right&quot;:&quot;&quot;,&quot;bottom&quot;:&quot;&quot;,&quot;left&quot;:&quot;&quot;,&quot;isLinked&quot;:true},&quot;element_pack_global_tooltip_padding_tablet&quot;:{&quot;unit&quot;:&quot;px&quot;,&quot;top&quot;:&quot;&quot;,&quot;right&quot;:&quot;&quot;,&quot;bottom&quot;:&quot;&quot;,&quot;left&quot;:&quot;&quot;,&quot;isLinked&quot;:true},&quot;element_pack_global_tooltip_padding_mobile&quot;:{&quot;unit&quot;:&quot;px&quot;,&quot;top&quot;:&quot;&quot;,&quot;right&quot;:&quot;&quot;,&quot;bottom&quot;:&quot;&quot;,&quot;left&quot;:&quot;&quot;,&quot;isLinked&quot;:true},&quot;element_pack_global_tooltip_border_radius&quot;:{&quot;unit&quot;:&quot;px&quot;,&quot;top&quot;:&quot;&quot;,&quot;right&quot;:&quot;&quot;,&quot;bottom&quot;:&quot;&quot;,&quot;left&quot;:&quot;&quot;,&quot;isLinked&quot;:true},&quot;element_pack_global_tooltip_border_radius_tablet&quot;:{&quot;unit&quot;:&quot;px&quot;,&quot;top&quot;:&quot;&quot;,&quot;right&quot;:&quot;&quot;,&quot;bottom&quot;:&quot;&quot;,&quot;left&quot;:&quot;&quot;,&quot;isLinked&quot;:true},&quot;element_pack_global_tooltip_border_radius_mobile&quot;:{&quot;unit&quot;:&quot;px&quot;,&quot;top&quot;:&quot;&quot;,&quot;right&quot;:&quot;&quot;,&quot;bottom&quot;:&quot;&quot;,&quot;left&quot;:&quot;&quot;,&quot;isLinked&quot;:true}}\" data-elementor-post-type=\"product\">\n\t\t\t\t<div class=\"elementor-element elementor-element-93aa4a8 e-con-full e-flex e-con e-parent\" data-id=\"93aa4a8\" data-element_type=\"container\" data-e-type=\"container\">\n\t\t\t\t<div class=\"elementor-element elementor-element-2c3f760 miaoshu elementor-widget elementor-widget-wd_text_block\" data-id=\"2c3f760\" data-element_type=\"widget\" data-e-type=\"widget\" data-widget_type=\"wd_text_block.default\">\n\t\t\t\t<div class=\"elementor-widget-container\">\n\t\t\t\t\t\t\t<div class=\"wd-text-block reset-last-child text-left\">\n\t\t\t\n\t\t\t<h2>WPNotif: Revoluciona tus notificaciones en WordPress<\/h2>\n<p><strong>WPNotif<\/strong> te permite enviar notificaciones instant\u00e1neas por SMS y WhatsApp directamente desde tu sitio WordPress. Por ejemplo, los propietarios de comercios electr\u00f3nicos lo utilizan activamente para alertar a los clientes sobre nuevos pedidos, mientras que los administradores de sitios activan actualizaciones para registros de usuarios o env\u00edos de formularios. En consecuencia, este plugin aumenta el compromiso mediante la entrega de mensajes personalizados a tiempo y sin complicaciones.<\/p>\n\n<h3>Disparadores de notificaciones sin esfuerzo<\/h3>\n<p>Con WPNotif, puedes configurar alertas autom\u00e1ticas para eventos clave como la creaci\u00f3n de pedidos en WooCommerce o cambios de estado. Adem\u00e1s, el plugin se integra perfectamente con los creadores de formularios m\u00e1s populares, como Contact Form 7 y Gravity Forms, para que puedas capturar y notificar a los clientes potenciales al instante. Como resultado, los clientes se mantienen informados, reduciendo el abandono de carritos y mejorando la satisfacci\u00f3n.<\/p>\n\n<h3>\u00bfPor qu\u00e9 elegir WPNotif?<\/h3>\n<ul>\n    <li><strong>M\u00e1s de 170 pasarelas integradas:<\/strong> Los desarrolladores seleccionan entre proveedores de SMS y WhatsApp, incluidas opciones personalizadas, para optimizar los costes y la entrega.<\/li>\n    <li><strong>Detecci\u00f3n inteligente del c\u00f3digo de pa\u00eds:<\/strong> El sistema a\u00f1ade autom\u00e1ticamente los c\u00f3digos que faltan, lo que garantiza un alcance mundial sin necesidad de retoques manuales.<\/li>\n    <li><strong>Soporte multiling\u00fce:<\/strong> Puede personalizar las plantillas en varios idiomas, adaptando los mensajes a p\u00fablicos diversos.<\/li>\n    <li><strong>Cumplimiento del GDPR:<\/strong> Los usuarios gestionan f\u00e1cilmente los consentimientos, manteniendo su sitio seguro y preparado para la normativa.<\/li>\n    <li><strong>Bolet\u00edn de noticias y funciones OTP:<\/strong> Los responsables de marketing env\u00edan campa\u00f1as masivas o contrase\u00f1as de un solo uso, mejorando la seguridad y el alcance.<\/li>\n<\/ul>\n\n<h3>Integraci\u00f3n flexible y ampliable<\/h3>\n<p>WPNotif soporta configuraciones multisitio, para que pueda gestionar las notificaciones a trav\u00e9s de redes sin esfuerzo. Por ejemplo, los vendedores en tiendas multivendedor reciben alertas personalizadas sobre productos y ventas. Por lo tanto, tanto si tienes un peque\u00f1o blog como una gran tienda WooCommerce, este plugin se adapta a tus necesidades manteniendo la simplicidad.<\/p>\n\n<h3>Inicie hoy mismo una comunicaci\u00f3n fluida<\/h3>\n<p>Mejore las interacciones con los clientes <strong>WPNotif: Notificaciones de mensajes SMS y WhatsApp en WordPress<\/strong>. Mediante la automatizaci\u00f3n de las alertas y la personalizaci\u00f3n de la divulgaci\u00f3n, impulsar\u00e1 la fidelizaci\u00f3n y el crecimiento. Inst\u00e1lelo ahora y transforme su forma de conectar.\n\t\t\t\t\t<\/div>\n\t\t\t\t\t\t<\/div>\n\t\t\t\t<\/div>\n\t\t\t\t<\/div>\n\t\t<div class=\"wd-negative-gap elementor-element elementor-element-81873f4 e-flex e-con-boxed e-con e-parent\" data-id=\"81873f4\" data-element_type=\"container\" data-e-type=\"container\">\n\t\t\t\t\t<div class=\"e-con-inner\">\n\t\t\t\t<div class=\"elementor-element elementor-element-a58a693 elementor-widget elementor-widget-wd_text_block\" data-id=\"a58a693\" data-element_type=\"widget\" data-e-type=\"widget\" data-widget_type=\"wd_text_block.default\">\n\t\t\t\t<div class=\"elementor-widget-container\">\n\t\t\t\t\t\t\t<div class=\"wd-text-block reset-last-child text-left\">\n\t\t\t\n\t\t\t<h1 class=\"style-scope ytd-watch-metadata\">wpnotif wordpress sms<\/h1>\n\t\t\t\t\t<\/div>\n\t\t\t\t\t\t<\/div>\n\t\t\t\t<\/div>\n\t\t\t\t\t<\/div>\n\t\t\t\t<\/div>\n\t\t<div class=\"wd-negative-gap elementor-element elementor-element-708b5ab e-flex e-con-boxed e-con e-parent\" data-id=\"708b5ab\" data-element_type=\"container\" data-e-type=\"container\">\n\t\t\t\t\t<div class=\"e-con-inner\">\n\t\t\t\t<div class=\"elementor-element elementor-element-a3dfa3f elementor-widget elementor-widget-video\" data-id=\"a3dfa3f\" data-element_type=\"widget\" data-e-type=\"widget\" data-settings=\"{&quot;youtube_url&quot;:&quot;https:\\\/\\\/www.youtube.com\\\/shorts\\\/zS-KA7qIZOY&quot;,&quot;video_type&quot;:&quot;youtube&quot;,&quot;controls&quot;:&quot;yes&quot;}\" data-widget_type=\"video.default\">\n\t\t\t\t\t\t\t<div class=\"elementor-wrapper elementor-open-inline\">\n\t\t\t<div class=\"elementor-video\"><\/div>\t\t<\/div>\n\t\t\t\t\t\t<\/div>\n\t\t\t\t\t<\/div>\n\t\t\t\t<\/div>\n\t\t\t\t<\/div>","protected":false},"excerpt":{"rendered":"<p>WPNotif: Revoluciona tus notificaciones en WordPress WPNotif te permite enviar notificaciones instant\u00e1neas por SMS y WhatsApp directamente desde tu sitio WordPress.<\/p>","protected":false},"featured_media":10656,"comment_status":"open","ping_status":"closed","template":"","meta":{"_acf_changed":false},"product_brand":[],"product_cat":[49],"product_tag":[],"class_list":{"0":"post-10810","1":"product","2":"type-product","3":"status-publish","4":"has-post-thumbnail","6":"product_cat-plugins","8":"first","9":"instock","10":"sale","11":"downloadable","12":"shipping-taxable","13":"purchasable","14":"product-type-simple"},"acf":[],"yoast_head":"<!-- This site is optimized with the Yoast SEO Premium plugin v25.6 (Yoast SEO v27.1.1) - https:\/\/yoast.com\/product\/yoast-seo-premium-wordpress\/ -->\n<title>WPNotif: WordPress SMS &amp; WhatsApp Message Notifications - AllWin Theme \u2013 Free WordPress Themes Download<\/title>\n<meta name=\"description\" content=\"Send SMS and WhatsApp notifications from WordPress with WPNotif. Automate WooCommerce order alerts, OTPs, and campaigns with 170+ gateways.\" \/>\n<meta name=\"robots\" content=\"index, follow, max-snippet:-1, max-image-preview:large, max-video-preview:-1\" \/>\n<link rel=\"canonical\" href=\"https:\/\/allwintheme.com\/es\/producto\/wpnotif-wordpress-sms-notificaciones-de-mensajes-whatsapp\/\" \/>\n<meta property=\"og:locale\" content=\"es_ES\" \/>\n<meta property=\"og:type\" content=\"article\" \/>\n<meta property=\"og:title\" content=\"WPNotif: WordPress SMS &amp; WhatsApp Message Notifications\" \/>\n<meta property=\"og:description\" content=\"Send SMS and WhatsApp notifications from WordPress with WPNotif. Automate WooCommerce order alerts, OTPs, and campaigns with 170+ gateways.\" \/>\n<meta property=\"og:url\" content=\"https:\/\/allwintheme.com\/es\/producto\/wpnotif-wordpress-sms-notificaciones-de-mensajes-whatsapp\/\" \/>\n<meta property=\"og:site_name\" content=\"AllWin Theme \u2013 Free WordPress Themes Download\" \/>\n<meta property=\"article:modified_time\" content=\"2025-10-17T01:41:01+00:00\" \/>\n<meta property=\"og:image\" content=\"https:\/\/allwintheme.com\/wp-content\/uploads\/2025\/10\/8unp8ooe.png\" \/>\n\t<meta property=\"og:image:width\" content=\"590\" \/>\n\t<meta property=\"og:image:height\" content=\"300\" \/>\n\t<meta property=\"og:image:type\" content=\"image\/png\" \/>\n<meta name=\"twitter:card\" content=\"summary_large_image\" \/>\n<meta name=\"twitter:label1\" content=\"Tiempo estimado de lectura\" \/>\n\t<meta name=\"twitter:data1\" content=\"2 minutos\" \/>\n<script type=\"application\/ld+json\" class=\"yoast-schema-graph\">{\"@context\":\"https:\/\/schema.org\",\"@graph\":[{\"@type\":\"WebPage\",\"@id\":\"https:\/\/allwintheme.com\/product\/wpnotif-wordpress-sms-whatsapp-message-notifications\/\",\"url\":\"https:\/\/allwintheme.com\/product\/wpnotif-wordpress-sms-whatsapp-message-notifications\/\",\"name\":\"WPNotif: WordPress SMS & WhatsApp Message Notifications - AllWin Theme \u2013 Free WordPress Themes Download\",\"isPartOf\":{\"@id\":\"https:\/\/allwintheme.com\/#website\"},\"primaryImageOfPage\":{\"@id\":\"https:\/\/allwintheme.com\/product\/wpnotif-wordpress-sms-whatsapp-message-notifications\/#primaryimage\"},\"image\":{\"@id\":\"https:\/\/allwintheme.com\/product\/wpnotif-wordpress-sms-whatsapp-message-notifications\/#primaryimage\"},\"thumbnailUrl\":\"https:\/\/allwintheme.com\/wp-content\/uploads\/2025\/10\/8unp8ooe.png\",\"datePublished\":\"2025-10-17T01:09:51+00:00\",\"dateModified\":\"2025-10-17T01:41:01+00:00\",\"description\":\"Send SMS and WhatsApp notifications from WordPress with WPNotif. Automate WooCommerce order alerts, OTPs, and campaigns with 170+ gateways.\",\"breadcrumb\":{\"@id\":\"https:\/\/allwintheme.com\/product\/wpnotif-wordpress-sms-whatsapp-message-notifications\/#breadcrumb\"},\"inLanguage\":\"es-CL\",\"potentialAction\":[{\"@type\":\"ReadAction\",\"target\":[\"https:\/\/allwintheme.com\/product\/wpnotif-wordpress-sms-whatsapp-message-notifications\/\"]}]},{\"@type\":\"ImageObject\",\"inLanguage\":\"es-CL\",\"@id\":\"https:\/\/allwintheme.com\/product\/wpnotif-wordpress-sms-whatsapp-message-notifications\/#primaryimage\",\"url\":\"https:\/\/allwintheme.com\/wp-content\/uploads\/2025\/10\/8unp8ooe.png\",\"contentUrl\":\"https:\/\/allwintheme.com\/wp-content\/uploads\/2025\/10\/8unp8ooe.png\",\"width\":590,\"height\":300,\"caption\":\"WPNotif: WordPress SMS & WhatsApp Message Notifications\"},{\"@type\":\"BreadcrumbList\",\"@id\":\"https:\/\/allwintheme.com\/product\/wpnotif-wordpress-sms-whatsapp-message-notifications\/#breadcrumb\",\"itemListElement\":[{\"@type\":\"ListItem\",\"position\":1,\"name\":\"Home\",\"item\":\"https:\/\/allwintheme.com\/\"},{\"@type\":\"ListItem\",\"position\":2,\"name\":\"Shop\",\"item\":\"https:\/\/allwintheme.com\/shop\/\"},{\"@type\":\"ListItem\",\"position\":3,\"name\":\"WPNotif: WordPress SMS &#038; WhatsApp Message Notifications\"}]},{\"@type\":\"WebSite\",\"@id\":\"https:\/\/allwintheme.com\/#website\",\"url\":\"https:\/\/allwintheme.com\/\",\"name\":\"Allwintheme\",\"description\":\"Download free WordPress themes for every niche. Blogs, business, eCommerce, portfolio, restaurant and more. All themes are GPL licensed and mobile-ready.\",\"potentialAction\":[{\"@type\":\"SearchAction\",\"target\":{\"@type\":\"EntryPoint\",\"urlTemplate\":\"https:\/\/allwintheme.com\/?s={search_term_string}\"},\"query-input\":{\"@type\":\"PropertyValueSpecification\",\"valueRequired\":true,\"valueName\":\"search_term_string\"}}],\"inLanguage\":\"es-CL\"}]}<\/script>\n<!-- \/ Yoast SEO Premium plugin. -->","yoast_head_json":{"title":"WPNotif: WordPress SMS &amp; WhatsApp Message Notifications - AllWin Theme - Free WordPress Themes Download","description":"Env\u00eda notificaciones por SMS y WhatsApp desde WordPress con WPNotif. Automatiza alertas de pedidos de WooCommerce, OTPs y campa\u00f1as con m\u00e1s de 170 pasarelas.","robots":{"index":"index","follow":"follow","max-snippet":"max-snippet:-1","max-image-preview":"max-image-preview:large","max-video-preview":"max-video-preview:-1"},"canonical":"https:\/\/allwintheme.com\/es\/producto\/wpnotif-wordpress-sms-notificaciones-de-mensajes-whatsapp\/","og_locale":"es_ES","og_type":"article","og_title":"WPNotif: WordPress SMS & WhatsApp Message Notifications","og_description":"Send SMS and WhatsApp notifications from WordPress with WPNotif. Automate WooCommerce order alerts, OTPs, and campaigns with 170+ gateways.","og_url":"https:\/\/allwintheme.com\/es\/producto\/wpnotif-wordpress-sms-notificaciones-de-mensajes-whatsapp\/","og_site_name":"AllWin Theme \u2013 Free WordPress Themes Download","article_modified_time":"2025-10-17T01:41:01+00:00","og_image":[{"width":590,"height":300,"url":"https:\/\/allwintheme.com\/wp-content\/uploads\/2025\/10\/8unp8ooe.png","type":"image\/png"}],"twitter_card":"summary_large_image","twitter_misc":{"Tiempo estimado de lectura":"2 minutos"},"schema":{"@context":"https:\/\/schema.org","@graph":[{"@type":"WebPage","@id":"https:\/\/allwintheme.com\/product\/wpnotif-wordpress-sms-whatsapp-message-notifications\/","url":"https:\/\/allwintheme.com\/product\/wpnotif-wordpress-sms-whatsapp-message-notifications\/","name":"WPNotif: WordPress SMS &amp; WhatsApp Message Notifications - AllWin Theme - Free WordPress Themes Download","isPartOf":{"@id":"https:\/\/allwintheme.com\/#website"},"primaryImageOfPage":{"@id":"https:\/\/allwintheme.com\/product\/wpnotif-wordpress-sms-whatsapp-message-notifications\/#primaryimage"},"image":{"@id":"https:\/\/allwintheme.com\/product\/wpnotif-wordpress-sms-whatsapp-message-notifications\/#primaryimage"},"thumbnailUrl":"https:\/\/allwintheme.com\/wp-content\/uploads\/2025\/10\/8unp8ooe.png","datePublished":"2025-10-17T01:09:51+00:00","dateModified":"2025-10-17T01:41:01+00:00","description":"Env\u00eda notificaciones por SMS y WhatsApp desde WordPress con WPNotif. Automatiza alertas de pedidos de WooCommerce, OTPs y campa\u00f1as con m\u00e1s de 170 pasarelas.","breadcrumb":{"@id":"https:\/\/allwintheme.com\/product\/wpnotif-wordpress-sms-whatsapp-message-notifications\/#breadcrumb"},"inLanguage":"es-CL","potentialAction":[{"@type":"ReadAction","target":["https:\/\/allwintheme.com\/product\/wpnotif-wordpress-sms-whatsapp-message-notifications\/"]}]},{"@type":"ImageObject","inLanguage":"es-CL","@id":"https:\/\/allwintheme.com\/product\/wpnotif-wordpress-sms-whatsapp-message-notifications\/#primaryimage","url":"https:\/\/allwintheme.com\/wp-content\/uploads\/2025\/10\/8unp8ooe.png","contentUrl":"https:\/\/allwintheme.com\/wp-content\/uploads\/2025\/10\/8unp8ooe.png","width":590,"height":300,"caption":"WPNotif: WordPress SMS & WhatsApp Message Notifications"},{"@type":"BreadcrumbList","@id":"https:\/\/allwintheme.com\/product\/wpnotif-wordpress-sms-whatsapp-message-notifications\/#breadcrumb","itemListElement":[{"@type":"ListItem","position":1,"name":"Home","item":"https:\/\/allwintheme.com\/"},{"@type":"ListItem","position":2,"name":"Shop","item":"https:\/\/allwintheme.com\/shop\/"},{"@type":"ListItem","position":3,"name":"WPNotif: WordPress SMS &#038; WhatsApp Message Notifications"}]},{"@type":"WebSite","@id":"https:\/\/allwintheme.com\/#website","url":"https:\/\/allwintheme.com\/","name":"Allwintheme","description":"Descarga gratis temas de WordPress para todos los nichos. Blogs, negocios, comercio electr\u00f3nico, portafolio, restaurante y m\u00e1s. Todos los temas tienen licencia GPL y est\u00e1n preparados para dispositivos m\u00f3viles.","potentialAction":[{"@type":"SearchAction","target":{"@type":"EntryPoint","urlTemplate":"https:\/\/allwintheme.com\/?s={search_term_string}"},"query-input":{"@type":"PropertyValueSpecification","valueRequired":true,"valueName":"search_term_string"}}],"inLanguage":"es-CL"}]}},"_links":{"self":[{"href":"https:\/\/allwintheme.com\/es\/wp-json\/wp\/v2\/product\/10810","targetHints":{"allow":["GET"]}}],"collection":[{"href":"https:\/\/allwintheme.com\/es\/wp-json\/wp\/v2\/product"}],"about":[{"href":"https:\/\/allwintheme.com\/es\/wp-json\/wp\/v2\/types\/product"}],"replies":[{"embeddable":true,"href":"https:\/\/allwintheme.com\/es\/wp-json\/wp\/v2\/comments?post=10810"}],"version-history":[{"count":11,"href":"https:\/\/allwintheme.com\/es\/wp-json\/wp\/v2\/product\/10810\/revisions"}],"predecessor-version":[{"id":10821,"href":"https:\/\/allwintheme.com\/es\/wp-json\/wp\/v2\/product\/10810\/revisions\/10821"}],"wp:featuredmedia":[{"embeddable":true,"href":"https:\/\/allwintheme.com\/es\/wp-json\/wp\/v2\/media\/10656"}],"wp:attachment":[{"href":"https:\/\/allwintheme.com\/es\/wp-json\/wp\/v2\/media?parent=10810"}],"wp:term":[{"taxonomy":"product_brand","embeddable":true,"href":"https:\/\/allwintheme.com\/es\/wp-json\/wp\/v2\/product_brand?post=10810"},{"taxonomy":"product_cat","embeddable":true,"href":"https:\/\/allwintheme.com\/es\/wp-json\/wp\/v2\/product_cat?post=10810"},{"taxonomy":"product_tag","embeddable":true,"href":"https:\/\/allwintheme.com\/es\/wp-json\/wp\/v2\/product_tag?post=10810"}],"curies":[{"name":"wp","href":"https:\/\/api.w.org\/{rel}","templated":true}]}}