{"id":10822,"date":"2025-10-17T01:41:26","date_gmt":"2025-10-17T01:41:26","guid":{"rendered":"https:\/\/allwintheme.com\/?post_type=product&#038;p=10822"},"modified":"2025-10-17T01:49:47","modified_gmt":"2025-10-17T01:49:47","slug":"bookingpress-recurring-appointments-addon","status":"publish","type":"product","link":"https:\/\/allwintheme.com\/es\/producto\/bookingpress-recurring-appointments-addon\/","title":{"rendered":"BookingPress Recurring Appointments Addon"},"content":{"rendered":"<div data-elementor-type=\"wp-post\" data-elementor-id=\"10822\" class=\"elementor elementor-10822\" data-elementor-settings=\"{&quot;element_pack_global_tooltip_width&quot;:{&quot;unit&quot;:&quot;px&quot;,&quot;size&quot;:&quot;&quot;,&quot;sizes&quot;:[]},&quot;element_pack_global_tooltip_width_tablet&quot;:{&quot;unit&quot;:&quot;px&quot;,&quot;size&quot;:&quot;&quot;,&quot;sizes&quot;:[]},&quot;element_pack_global_tooltip_width_mobile&quot;:{&quot;unit&quot;:&quot;px&quot;,&quot;size&quot;:&quot;&quot;,&quot;sizes&quot;:[]},&quot;element_pack_global_tooltip_padding&quot;:{&quot;unit&quot;:&quot;px&quot;,&quot;top&quot;:&quot;&quot;,&quot;right&quot;:&quot;&quot;,&quot;bottom&quot;:&quot;&quot;,&quot;left&quot;:&quot;&quot;,&quot;isLinked&quot;:true},&quot;element_pack_global_tooltip_padding_tablet&quot;:{&quot;unit&quot;:&quot;px&quot;,&quot;top&quot;:&quot;&quot;,&quot;right&quot;:&quot;&quot;,&quot;bottom&quot;:&quot;&quot;,&quot;left&quot;:&quot;&quot;,&quot;isLinked&quot;:true},&quot;element_pack_global_tooltip_padding_mobile&quot;:{&quot;unit&quot;:&quot;px&quot;,&quot;top&quot;:&quot;&quot;,&quot;right&quot;:&quot;&quot;,&quot;bottom&quot;:&quot;&quot;,&quot;left&quot;:&quot;&quot;,&quot;isLinked&quot;:true},&quot;element_pack_global_tooltip_border_radius&quot;:{&quot;unit&quot;:&quot;px&quot;,&quot;top&quot;:&quot;&quot;,&quot;right&quot;:&quot;&quot;,&quot;bottom&quot;:&quot;&quot;,&quot;left&quot;:&quot;&quot;,&quot;isLinked&quot;:true},&quot;element_pack_global_tooltip_border_radius_tablet&quot;:{&quot;unit&quot;:&quot;px&quot;,&quot;top&quot;:&quot;&quot;,&quot;right&quot;:&quot;&quot;,&quot;bottom&quot;:&quot;&quot;,&quot;left&quot;:&quot;&quot;,&quot;isLinked&quot;:true},&quot;element_pack_global_tooltip_border_radius_mobile&quot;:{&quot;unit&quot;:&quot;px&quot;,&quot;top&quot;:&quot;&quot;,&quot;right&quot;:&quot;&quot;,&quot;bottom&quot;:&quot;&quot;,&quot;left&quot;:&quot;&quot;,&quot;isLinked&quot;:true}}\" data-elementor-post-type=\"product\">\n\t\t\t\t<div class=\"elementor-element elementor-element-93aa4a8 e-con-full e-flex e-con e-parent\" data-id=\"93aa4a8\" data-element_type=\"container\" data-e-type=\"container\">\n\t\t\t\t<div class=\"elementor-element elementor-element-2c3f760 miaoshu elementor-widget elementor-widget-wd_text_block\" data-id=\"2c3f760\" data-element_type=\"widget\" data-e-type=\"widget\" data-widget_type=\"wd_text_block.default\">\n\t\t\t\t<div class=\"elementor-widget-container\">\n\t\t\t\t\t\t\t<div class=\"wd-text-block reset-last-child text-left\">\n\t\t\t\n\t\t\t<h2>BookingPress Citas Recurrentes Addon: Simplifique la repetici\u00f3n de reservas<\/h2>\n<p>En <strong>BookingPress Recurring Appointments Addon<\/strong> revoluciona la forma de gestionar las sesiones continuas de los clientes. Por ejemplo, los clientes pueden programar varias citas en una sola sesi\u00f3n, eligiendo la frecuencia que prefieran: diaria, semanal, quincenal o mensual. De este modo, se aumenta la fidelidad de los clientes y se agiliza el proceso de reserva, todo ello sin la molestia de tener que introducir datos manualmente.<\/p>\n\n<h3>Programaci\u00f3n sin esfuerzo para los clientes<\/h3>\n<p>Los clientes seleccionan f\u00e1cilmente la fecha de inicio, la franja horaria, el n\u00famero de sesiones y el patr\u00f3n de repetici\u00f3n. Adem\u00e1s, si eligen una franja horaria no disponible, el complemento sugiere autom\u00e1ticamente la alternativa libre m\u00e1s cercana, evitando conflictos y garantizando reservas sin problemas. Como resultado, pagan por adelantado todas las sesiones y confirman todo en una p\u00e1gina de resumen clara antes de finalizar.<\/p>\n\n<h3>\u00bfPor qu\u00e9 elegir Recurring Appointments Addon?<\/h3>\n<ul>\n    <li><strong>Frecuencias flexibles:<\/strong> Los clientes reservan sesiones diarias, semanales, quincenales o mensuales adaptadas a sus necesidades.<\/li>\n    <li><strong>Sugerencias de tragamonedas inteligentes:<\/strong> El sistema recomienda de forma proactiva los horarios disponibles, lo que reduce los errores de reserva.<\/li>\n    <li><strong>Pagos por adelantado:<\/strong> Gestione todas las tasas de las sesiones en una sola transacci\u00f3n para mejorar el flujo de caja y la comodidad.<\/li>\n    <li><strong>Gesti\u00f3n de backend:<\/strong> Los administradores pueden ver, editar o eliminar reservas peri\u00f3dicas directamente desde el panel de control.<\/li>\n<\/ul>\n\n<h3>Integraci\u00f3n y gesti\u00f3n sin fisuras<\/h3>\n<p>Habilita esta funci\u00f3n por servicio en unos pocos clics a trav\u00e9s del panel de BookingPress. Por ejemplo, int\u00e9gralo con notificaciones para alertas \u00fanicas en series recurrentes, y a\u00f1ade shortcodes a las facturas para res\u00famenes detallados. Por lo tanto, tanto si diriges una cl\u00ednica, un servicio de coaching o un sal\u00f3n de belleza, este addon automatiza las repeticiones y mejora la satisfacci\u00f3n sin complicar tu flujo de trabajo.<\/p>\n\n<h3>Actualice ahora su sistema de reservas<\/h3>\n<p>Convierta las reservas repetidas en un juego de ni\u00f1os con el <strong>BookingPress Recurring Appointments Addon<\/strong>. A los clientes les encanta su sencillez, y usted gana en eficacia. \u00a1Inst\u00e1lelo hoy mismo para mantener su agenda repleta y su negocio pr\u00f3spero!\n\t\t\t\t\t<\/div>\n\t\t\t\t\t\t<\/div>\n\t\t\t\t<\/div>\n\t\t\t\t<\/div>\n\t\t<div class=\"wd-negative-gap elementor-element elementor-element-81873f4 e-flex e-con-boxed e-con e-parent\" data-id=\"81873f4\" data-element_type=\"container\" data-e-type=\"container\">\n\t\t\t\t\t<div class=\"e-con-inner\">\n\t\t\t\t<div class=\"elementor-element elementor-element-a58a693 elementor-widget elementor-widget-wd_text_block\" data-id=\"a58a693\" data-element_type=\"widget\" data-e-type=\"widget\" data-widget_type=\"wd_text_block.default\">\n\t\t\t\t<div class=\"elementor-widget-container\">\n\t\t\t\t\t\t\t<div class=\"wd-text-block reset-last-child text-left\">\n\t\t\t\n\t\t\t<h2 id=\"Pnsjpd\" class=\"zv7tnb\" aria-label=\"\u5171\u4eab &quot;bookingpress-recurring-appointments-1.8-tzmwgd.zip&quot;\">bookingpress-recurring<\/h2>\n\t\t\t\t\t<\/div>\n\t\t\t\t\t\t<\/div>\n\t\t\t\t<\/div>\n\t\t\t\t\t<\/div>\n\t\t\t\t<\/div>\n\t\t<div class=\"wd-negative-gap elementor-element elementor-element-708b5ab e-flex e-con-boxed e-con e-parent\" data-id=\"708b5ab\" data-element_type=\"container\" data-e-type=\"container\">\n\t\t\t\t\t<div class=\"e-con-inner\">\n\t\t\t\t<div class=\"elementor-element elementor-element-a3dfa3f elementor-widget elementor-widget-video\" data-id=\"a3dfa3f\" data-element_type=\"widget\" data-e-type=\"widget\" data-settings=\"{&quot;youtube_url&quot;:&quot;https:\\\/\\\/youtu.be\\\/baWI7HCAFT0&quot;,&quot;video_type&quot;:&quot;youtube&quot;,&quot;controls&quot;:&quot;yes&quot;}\" data-widget_type=\"video.default\">\n\t\t\t\t\t\t\t<div class=\"elementor-wrapper elementor-open-inline\">\n\t\t\t<div class=\"elementor-video\"><\/div>\t\t<\/div>\n\t\t\t\t\t\t<\/div>\n\t\t\t\t\t<\/div>\n\t\t\t\t<\/div>\n\t\t\t\t<\/div>","protected":false},"excerpt":{"rendered":"<p>BookingPress Recurring Appointments Addon: Simplifica las Reservas Repetidas El Addon de Citas Recurrentes de BookingPress revoluciona la forma en que manejas las sesiones continuas de tus clientes. Para<\/p>","protected":false},"featured_media":10655,"comment_status":"open","ping_status":"closed","template":"","meta":{"_acf_changed":false},"product_brand":[],"product_cat":[49],"product_tag":[],"class_list":{"0":"post-10822","1":"product","2":"type-product","3":"status-publish","4":"has-post-thumbnail","6":"product_cat-plugins","8":"first","9":"instock","10":"sale","11":"downloadable","12":"shipping-taxable","13":"purchasable","14":"product-type-simple"},"acf":[],"yoast_head":"<!-- This site is optimized with the Yoast SEO Premium plugin v25.6 (Yoast SEO v27.1.1) - https:\/\/yoast.com\/product\/yoast-seo-premium-wordpress\/ -->\n<title>BookingPress Recurring Appointments Addon - AllWin Theme \u2013 Free WordPress Themes Download<\/title>\n<meta name=\"description\" content=\"Enable clients to book recurring appointments effortlessly with BookingPress. Schedule daily, weekly, or monthly sessions in one go, with upfront payments\" \/>\n<meta name=\"robots\" content=\"index, follow, max-snippet:-1, max-image-preview:large, max-video-preview:-1\" \/>\n<link rel=\"canonical\" href=\"https:\/\/allwintheme.com\/es\/producto\/bookingpress-recurring-appointments-addon\/\" \/>\n<meta property=\"og:locale\" content=\"es_ES\" \/>\n<meta property=\"og:type\" content=\"article\" \/>\n<meta property=\"og:title\" content=\"BookingPress Recurring Appointments Addon\" \/>\n<meta property=\"og:description\" content=\"Enable clients to book recurring appointments effortlessly with BookingPress. Schedule daily, weekly, or monthly sessions in one go, with upfront payments\" \/>\n<meta property=\"og:url\" content=\"https:\/\/allwintheme.com\/es\/producto\/bookingpress-recurring-appointments-addon\/\" \/>\n<meta property=\"og:site_name\" content=\"AllWin Theme \u2013 Free WordPress Themes Download\" \/>\n<meta property=\"article:modified_time\" content=\"2025-10-17T01:49:47+00:00\" \/>\n<meta property=\"og:image\" content=\"https:\/\/allwintheme.com\/wp-content\/uploads\/2025\/10\/dy40eqlb.png\" \/>\n\t<meta property=\"og:image:width\" content=\"590\" \/>\n\t<meta property=\"og:image:height\" content=\"300\" \/>\n\t<meta property=\"og:image:type\" content=\"image\/png\" \/>\n<meta name=\"twitter:card\" content=\"summary_large_image\" \/>\n<meta name=\"twitter:label1\" content=\"Tiempo estimado de lectura\" \/>\n\t<meta name=\"twitter:data1\" content=\"2 minutos\" \/>\n<script type=\"application\/ld+json\" class=\"yoast-schema-graph\">{\"@context\":\"https:\/\/schema.org\",\"@graph\":[{\"@type\":\"WebPage\",\"@id\":\"https:\/\/allwintheme.com\/product\/bookingpress-recurring-appointments-addon\/\",\"url\":\"https:\/\/allwintheme.com\/product\/bookingpress-recurring-appointments-addon\/\",\"name\":\"BookingPress Recurring Appointments Addon - AllWin Theme \u2013 Free WordPress Themes Download\",\"isPartOf\":{\"@id\":\"https:\/\/allwintheme.com\/#website\"},\"primaryImageOfPage\":{\"@id\":\"https:\/\/allwintheme.com\/product\/bookingpress-recurring-appointments-addon\/#primaryimage\"},\"image\":{\"@id\":\"https:\/\/allwintheme.com\/product\/bookingpress-recurring-appointments-addon\/#primaryimage\"},\"thumbnailUrl\":\"https:\/\/allwintheme.com\/wp-content\/uploads\/2025\/10\/dy40eqlb.png\",\"datePublished\":\"2025-10-17T01:41:26+00:00\",\"dateModified\":\"2025-10-17T01:49:47+00:00\",\"description\":\"Enable clients to book recurring appointments effortlessly with BookingPress. Schedule daily, weekly, or monthly sessions in one go, with upfront payments\",\"breadcrumb\":{\"@id\":\"https:\/\/allwintheme.com\/product\/bookingpress-recurring-appointments-addon\/#breadcrumb\"},\"inLanguage\":\"es-CL\",\"potentialAction\":[{\"@type\":\"ReadAction\",\"target\":[\"https:\/\/allwintheme.com\/product\/bookingpress-recurring-appointments-addon\/\"]}]},{\"@type\":\"ImageObject\",\"inLanguage\":\"es-CL\",\"@id\":\"https:\/\/allwintheme.com\/product\/bookingpress-recurring-appointments-addon\/#primaryimage\",\"url\":\"https:\/\/allwintheme.com\/wp-content\/uploads\/2025\/10\/dy40eqlb.png\",\"contentUrl\":\"https:\/\/allwintheme.com\/wp-content\/uploads\/2025\/10\/dy40eqlb.png\",\"width\":590,\"height\":300,\"caption\":\"BookingPress Recurring Appointments Addon\"},{\"@type\":\"BreadcrumbList\",\"@id\":\"https:\/\/allwintheme.com\/product\/bookingpress-recurring-appointments-addon\/#breadcrumb\",\"itemListElement\":[{\"@type\":\"ListItem\",\"position\":1,\"name\":\"Home\",\"item\":\"https:\/\/allwintheme.com\/\"},{\"@type\":\"ListItem\",\"position\":2,\"name\":\"Shop\",\"item\":\"https:\/\/allwintheme.com\/shop\/\"},{\"@type\":\"ListItem\",\"position\":3,\"name\":\"BookingPress Recurring Appointments Addon\"}]},{\"@type\":\"WebSite\",\"@id\":\"https:\/\/allwintheme.com\/#website\",\"url\":\"https:\/\/allwintheme.com\/\",\"name\":\"Allwintheme\",\"description\":\"Download free WordPress themes for every niche. Blogs, business, eCommerce, portfolio, restaurant and more. All themes are GPL licensed and mobile-ready.\",\"potentialAction\":[{\"@type\":\"SearchAction\",\"target\":{\"@type\":\"EntryPoint\",\"urlTemplate\":\"https:\/\/allwintheme.com\/?s={search_term_string}\"},\"query-input\":{\"@type\":\"PropertyValueSpecification\",\"valueRequired\":true,\"valueName\":\"search_term_string\"}}],\"inLanguage\":\"es-CL\"}]}<\/script>\n<!-- \/ Yoast SEO Premium plugin. -->","yoast_head_json":{"title":"BookingPress Recurring Appointments Addon - AllWin Theme \u2013 Free WordPress Themes Download","description":"Permite a los clientes reservar citas recurrentes sin esfuerzo con BookingPress. Programa sesiones diarias, semanales o mensuales de una sola vez, con pagos por adelantado.","robots":{"index":"index","follow":"follow","max-snippet":"max-snippet:-1","max-image-preview":"max-image-preview:large","max-video-preview":"max-video-preview:-1"},"canonical":"https:\/\/allwintheme.com\/es\/producto\/bookingpress-recurring-appointments-addon\/","og_locale":"es_ES","og_type":"article","og_title":"BookingPress Recurring Appointments Addon","og_description":"Enable clients to book recurring appointments effortlessly with BookingPress. Schedule daily, weekly, or monthly sessions in one go, with upfront payments","og_url":"https:\/\/allwintheme.com\/es\/producto\/bookingpress-recurring-appointments-addon\/","og_site_name":"AllWin Theme \u2013 Free WordPress Themes Download","article_modified_time":"2025-10-17T01:49:47+00:00","og_image":[{"width":590,"height":300,"url":"https:\/\/allwintheme.com\/wp-content\/uploads\/2025\/10\/dy40eqlb.png","type":"image\/png"}],"twitter_card":"summary_large_image","twitter_misc":{"Tiempo estimado de lectura":"2 minutos"},"schema":{"@context":"https:\/\/schema.org","@graph":[{"@type":"WebPage","@id":"https:\/\/allwintheme.com\/product\/bookingpress-recurring-appointments-addon\/","url":"https:\/\/allwintheme.com\/product\/bookingpress-recurring-appointments-addon\/","name":"BookingPress Recurring Appointments Addon - AllWin Theme \u2013 Free WordPress Themes Download","isPartOf":{"@id":"https:\/\/allwintheme.com\/#website"},"primaryImageOfPage":{"@id":"https:\/\/allwintheme.com\/product\/bookingpress-recurring-appointments-addon\/#primaryimage"},"image":{"@id":"https:\/\/allwintheme.com\/product\/bookingpress-recurring-appointments-addon\/#primaryimage"},"thumbnailUrl":"https:\/\/allwintheme.com\/wp-content\/uploads\/2025\/10\/dy40eqlb.png","datePublished":"2025-10-17T01:41:26+00:00","dateModified":"2025-10-17T01:49:47+00:00","description":"Permite a los clientes reservar citas recurrentes sin esfuerzo con BookingPress. Programa sesiones diarias, semanales o mensuales de una sola vez, con pagos por adelantado.","breadcrumb":{"@id":"https:\/\/allwintheme.com\/product\/bookingpress-recurring-appointments-addon\/#breadcrumb"},"inLanguage":"es-CL","potentialAction":[{"@type":"ReadAction","target":["https:\/\/allwintheme.com\/product\/bookingpress-recurring-appointments-addon\/"]}]},{"@type":"ImageObject","inLanguage":"es-CL","@id":"https:\/\/allwintheme.com\/product\/bookingpress-recurring-appointments-addon\/#primaryimage","url":"https:\/\/allwintheme.com\/wp-content\/uploads\/2025\/10\/dy40eqlb.png","contentUrl":"https:\/\/allwintheme.com\/wp-content\/uploads\/2025\/10\/dy40eqlb.png","width":590,"height":300,"caption":"BookingPress Recurring Appointments Addon"},{"@type":"BreadcrumbList","@id":"https:\/\/allwintheme.com\/product\/bookingpress-recurring-appointments-addon\/#breadcrumb","itemListElement":[{"@type":"ListItem","position":1,"name":"Home","item":"https:\/\/allwintheme.com\/"},{"@type":"ListItem","position":2,"name":"Shop","item":"https:\/\/allwintheme.com\/shop\/"},{"@type":"ListItem","position":3,"name":"BookingPress Recurring Appointments Addon"}]},{"@type":"WebSite","@id":"https:\/\/allwintheme.com\/#website","url":"https:\/\/allwintheme.com\/","name":"Allwintheme","description":"Descarga gratis temas de WordPress para todos los nichos. Blogs, negocios, comercio electr\u00f3nico, portafolio, restaurante y m\u00e1s. Todos los temas tienen licencia GPL y est\u00e1n preparados para dispositivos m\u00f3viles.","potentialAction":[{"@type":"SearchAction","target":{"@type":"EntryPoint","urlTemplate":"https:\/\/allwintheme.com\/?s={search_term_string}"},"query-input":{"@type":"PropertyValueSpecification","valueRequired":true,"valueName":"search_term_string"}}],"inLanguage":"es-CL"}]}},"_links":{"self":[{"href":"https:\/\/allwintheme.com\/es\/wp-json\/wp\/v2\/product\/10822","targetHints":{"allow":["GET"]}}],"collection":[{"href":"https:\/\/allwintheme.com\/es\/wp-json\/wp\/v2\/product"}],"about":[{"href":"https:\/\/allwintheme.com\/es\/wp-json\/wp\/v2\/types\/product"}],"replies":[{"embeddable":true,"href":"https:\/\/allwintheme.com\/es\/wp-json\/wp\/v2\/comments?post=10822"}],"version-history":[{"count":10,"href":"https:\/\/allwintheme.com\/es\/wp-json\/wp\/v2\/product\/10822\/revisions"}],"predecessor-version":[{"id":10832,"href":"https:\/\/allwintheme.com\/es\/wp-json\/wp\/v2\/product\/10822\/revisions\/10832"}],"wp:featuredmedia":[{"embeddable":true,"href":"https:\/\/allwintheme.com\/es\/wp-json\/wp\/v2\/media\/10655"}],"wp:attachment":[{"href":"https:\/\/allwintheme.com\/es\/wp-json\/wp\/v2\/media?parent=10822"}],"wp:term":[{"taxonomy":"product_brand","embeddable":true,"href":"https:\/\/allwintheme.com\/es\/wp-json\/wp\/v2\/product_brand?post=10822"},{"taxonomy":"product_cat","embeddable":true,"href":"https:\/\/allwintheme.com\/es\/wp-json\/wp\/v2\/product_cat?post=10822"},{"taxonomy":"product_tag","embeddable":true,"href":"https:\/\/allwintheme.com\/es\/wp-json\/wp\/v2\/product_tag?post=10822"}],"curies":[{"name":"wp","href":"https:\/\/api.w.org\/{rel}","templated":true}]}}