{"id":10833,"date":"2025-10-17T01:50:22","date_gmt":"2025-10-17T01:50:22","guid":{"rendered":"https:\/\/allwintheme.com\/?post_type=product&#038;p=10833"},"modified":"2025-10-17T02:05:41","modified_gmt":"2025-10-17T02:05:41","slug":"addon-bookly-chain-appointments","status":"publish","type":"product","link":"https:\/\/allwintheme.com\/es\/producto\/addon-bookly-chain-appointments\/","title":{"rendered":"Complemento Bookly Chain Appointments"},"content":{"rendered":"<div data-elementor-type=\"wp-post\" data-elementor-id=\"10833\" class=\"elementor elementor-10833\" data-elementor-settings=\"{&quot;element_pack_global_tooltip_width&quot;:{&quot;unit&quot;:&quot;px&quot;,&quot;size&quot;:&quot;&quot;,&quot;sizes&quot;:[]},&quot;element_pack_global_tooltip_width_tablet&quot;:{&quot;unit&quot;:&quot;px&quot;,&quot;size&quot;:&quot;&quot;,&quot;sizes&quot;:[]},&quot;element_pack_global_tooltip_width_mobile&quot;:{&quot;unit&quot;:&quot;px&quot;,&quot;size&quot;:&quot;&quot;,&quot;sizes&quot;:[]},&quot;element_pack_global_tooltip_padding&quot;:{&quot;unit&quot;:&quot;px&quot;,&quot;top&quot;:&quot;&quot;,&quot;right&quot;:&quot;&quot;,&quot;bottom&quot;:&quot;&quot;,&quot;left&quot;:&quot;&quot;,&quot;isLinked&quot;:true},&quot;element_pack_global_tooltip_padding_tablet&quot;:{&quot;unit&quot;:&quot;px&quot;,&quot;top&quot;:&quot;&quot;,&quot;right&quot;:&quot;&quot;,&quot;bottom&quot;:&quot;&quot;,&quot;left&quot;:&quot;&quot;,&quot;isLinked&quot;:true},&quot;element_pack_global_tooltip_padding_mobile&quot;:{&quot;unit&quot;:&quot;px&quot;,&quot;top&quot;:&quot;&quot;,&quot;right&quot;:&quot;&quot;,&quot;bottom&quot;:&quot;&quot;,&quot;left&quot;:&quot;&quot;,&quot;isLinked&quot;:true},&quot;element_pack_global_tooltip_border_radius&quot;:{&quot;unit&quot;:&quot;px&quot;,&quot;top&quot;:&quot;&quot;,&quot;right&quot;:&quot;&quot;,&quot;bottom&quot;:&quot;&quot;,&quot;left&quot;:&quot;&quot;,&quot;isLinked&quot;:true},&quot;element_pack_global_tooltip_border_radius_tablet&quot;:{&quot;unit&quot;:&quot;px&quot;,&quot;top&quot;:&quot;&quot;,&quot;right&quot;:&quot;&quot;,&quot;bottom&quot;:&quot;&quot;,&quot;left&quot;:&quot;&quot;,&quot;isLinked&quot;:true},&quot;element_pack_global_tooltip_border_radius_mobile&quot;:{&quot;unit&quot;:&quot;px&quot;,&quot;top&quot;:&quot;&quot;,&quot;right&quot;:&quot;&quot;,&quot;bottom&quot;:&quot;&quot;,&quot;left&quot;:&quot;&quot;,&quot;isLinked&quot;:true}}\" data-elementor-post-type=\"product\">\n\t\t\t\t<div class=\"elementor-element elementor-element-93aa4a8 e-con-full e-flex e-con e-parent\" data-id=\"93aa4a8\" data-element_type=\"container\" data-e-type=\"container\">\n\t\t\t\t<div class=\"elementor-element elementor-element-2c3f760 miaoshu elementor-widget elementor-widget-wd_text_block\" data-id=\"2c3f760\" data-element_type=\"widget\" data-e-type=\"widget\" data-widget_type=\"wd_text_block.default\">\n\t\t\t\t<div class=\"elementor-widget-container\">\n\t\t\t\t\t\t\t<div class=\"wd-text-block reset-last-child text-left\">\n\t\t\t\n\t\t\t<h2>Complemento Bookly Chain Appointments: Simplifique las reservas multiservicio<\/h2>\n<p>En <strong>Complemento Bookly Chain Appointments<\/strong> transforma la forma en que los clientes reservan citas permiti\u00e9ndoles seleccionar varios servicios de varios miembros del personal desde el primer paso. Por ejemplo, este complemento encuentra franjas horarias consecutivas en las que caben todos los servicios elegidos en una sola visita, lo que agiliza todo el proceso tanto para los clientes como para su empresa.<\/p>\n\n<h3>Reserva sin esfuerzo de servicios consecutivos<\/h3>\n<p>Con el complemento Citas en cadena, los clientes eligen activamente sus servicios y personal preferidos por adelantado. En consecuencia, el sistema identifica autom\u00e1ticamente las franjas horarias consecutivas disponibles, garantizando una programaci\u00f3n fluida sin reservas separadas. Adem\u00e1s, esta funci\u00f3n se integra perfectamente con Bookly Pro, por lo que puede configurarla en cuesti\u00f3n de minutos para su uso inmediato.<\/p>\n\n<h3>\u00bfPor qu\u00e9 elegir el complemento Bookly Chain Appointments?<\/h3>\n<ul>\n    <li><strong>Conveniencia de una sola visita:<\/strong> Los clientes reservan varios servicios consecutivamente, lo que reduce tiempo y esfuerzo.<\/li>\n    <li><strong>Emparejamiento inteligente de ranuras:<\/strong> El complemento empareja de forma inteligente los servicios con franjas horarias y personal compatibles.<\/li>\n    <li><strong>Integraci\u00f3n perfecta:<\/strong> Funciona perfectamente con el calendario, los pagos y las notificaciones de Bookly Pro.<\/li>\n    <li><strong>Experiencia de usuario mejorada:<\/strong> Los clientes disfrutan de un flujo de reservas m\u00e1s r\u00e1pido, lo que aumenta la satisfacci\u00f3n y las conversiones.<\/li>\n<\/ul>\n\n<h3>Agilice su flujo de trabajo de programaci\u00f3n<\/h3>\n<p>Este complemento elimina las molestias de las reservas fragmentadas. Por ejemplo, los salones de belleza o los proveedores de servicios m\u00faltiples lo utilizan para agrupar citas como cortes de pelo seguidos de manicuras. Como resultado, usted gestiona menos entradas individuales, mientras que los clientes aprecian la eficiencia, lo que conduce a una mayor retenci\u00f3n e ingresos.<\/p>\n\n<h3>Actualice hoy mismo su experiencia Bookly<\/h3>\n<p>Ofrezca a sus clientes la posibilidad de programar sus citas de forma flexible y en un solo lugar con la aplicaci\u00f3n <strong>Complemento Bookly Chain Appointments<\/strong>. Por lo tanto, \u00a1inst\u00e1lelo ahora para que las visitas multiservicio sean pan comido y eleve su sistema de reserva de citas!\n\t\t\t\t\t<\/div>\n\t\t\t\t\t\t<\/div>\n\t\t\t\t<\/div>\n\t\t\t\t<\/div>\n\t\t<div class=\"wd-negative-gap elementor-element elementor-element-81873f4 e-flex e-con-boxed e-con e-parent\" data-id=\"81873f4\" data-element_type=\"container\" data-e-type=\"container\">\n\t\t\t\t\t<div class=\"e-con-inner\">\n\t\t\t\t<div class=\"elementor-element elementor-element-a58a693 elementor-widget elementor-widget-wd_text_block\" data-id=\"a58a693\" data-element_type=\"widget\" data-e-type=\"widget\" data-widget_type=\"wd_text_block.default\">\n\t\t\t\t<div class=\"elementor-widget-container\">\n\t\t\t\t\t\t\t<div class=\"wd-text-block reset-last-child text-left\">\n\t\t\t\n\t\t\t<h1 class=\"elementor-heading-title elementor-size-default\">Complemento Bookly Chain Appointments<\/h1>\n\t\t\t\t\t<\/div>\n\t\t\t\t\t\t<\/div>\n\t\t\t\t<\/div>\n\t\t\t\t\t<\/div>\n\t\t\t\t<\/div>\n\t\t<div class=\"wd-negative-gap elementor-element elementor-element-708b5ab e-flex e-con-boxed e-con e-parent\" data-id=\"708b5ab\" data-element_type=\"container\" data-e-type=\"container\">\n\t\t\t\t\t<div class=\"e-con-inner\">\n\t\t\t\t<div class=\"elementor-element elementor-element-a3dfa3f elementor-widget elementor-widget-video\" data-id=\"a3dfa3f\" data-element_type=\"widget\" data-e-type=\"widget\" data-settings=\"{&quot;youtube_url&quot;:&quot;https:\\\/\\\/youtu.be\\\/yGyzwKR9ktg&quot;,&quot;video_type&quot;:&quot;youtube&quot;,&quot;controls&quot;:&quot;yes&quot;}\" data-widget_type=\"video.default\">\n\t\t\t\t\t\t\t<div class=\"elementor-wrapper elementor-open-inline\">\n\t\t\t<div class=\"elementor-video\"><\/div>\t\t<\/div>\n\t\t\t\t\t\t<\/div>\n\t\t\t\t\t<\/div>\n\t\t\t\t<\/div>\n\t\t\t\t<\/div>","protected":false},"excerpt":{"rendered":"<p>Complemento Bookly Chain Appointments: Simplifique las reservas multiservicio El complemento Bookly Chain Appointments transforma la forma en que los clientes reservan citas permiti\u00e9ndoles<\/p>","protected":false},"featured_media":10654,"comment_status":"open","ping_status":"closed","template":"","meta":{"_acf_changed":false},"product_brand":[],"product_cat":[49],"product_tag":[],"class_list":{"0":"post-10833","1":"product","2":"type-product","3":"status-publish","4":"has-post-thumbnail","6":"product_cat-plugins","8":"first","9":"instock","10":"sale","11":"downloadable","12":"shipping-taxable","13":"purchasable","14":"product-type-simple"},"acf":[],"yoast_head":"<!-- This site is optimized with the Yoast SEO Premium plugin v25.6 (Yoast SEO v27.1.1) - https:\/\/yoast.com\/product\/yoast-seo-premium-wordpress\/ -->\n<title>Bookly Chain Appointments Addon - AllWin Theme \u2013 Free WordPress Themes Download<\/title>\n<meta name=\"description\" content=\"Bookly Chain Appointments Addon lets clients book multiple services in one visit. Schedule consecutive appointments seamlessly with different staff.\" \/>\n<meta name=\"robots\" content=\"index, follow, max-snippet:-1, max-image-preview:large, max-video-preview:-1\" \/>\n<link rel=\"canonical\" href=\"https:\/\/allwintheme.com\/es\/producto\/addon-bookly-chain-appointments\/\" \/>\n<meta property=\"og:locale\" content=\"es_ES\" \/>\n<meta property=\"og:type\" content=\"article\" \/>\n<meta property=\"og:title\" content=\"Bookly Chain Appointments Addon\" \/>\n<meta property=\"og:description\" content=\"Bookly Chain Appointments Addon lets clients book multiple services in one visit. Schedule consecutive appointments seamlessly with different staff.\" \/>\n<meta property=\"og:url\" content=\"https:\/\/allwintheme.com\/es\/producto\/addon-bookly-chain-appointments\/\" \/>\n<meta property=\"og:site_name\" content=\"AllWin Theme \u2013 Free WordPress Themes Download\" \/>\n<meta property=\"article:modified_time\" content=\"2025-10-17T02:05:41+00:00\" \/>\n<meta property=\"og:image\" content=\"https:\/\/allwintheme.com\/wp-content\/uploads\/2025\/10\/wqg0s0rr.png\" \/>\n\t<meta property=\"og:image:width\" content=\"590\" \/>\n\t<meta property=\"og:image:height\" content=\"300\" \/>\n\t<meta property=\"og:image:type\" content=\"image\/png\" \/>\n<meta name=\"twitter:card\" content=\"summary_large_image\" \/>\n<meta name=\"twitter:label1\" content=\"Tiempo estimado de lectura\" \/>\n\t<meta name=\"twitter:data1\" content=\"2 minutos\" \/>\n<script type=\"application\/ld+json\" class=\"yoast-schema-graph\">{\"@context\":\"https:\/\/schema.org\",\"@graph\":[{\"@type\":\"WebPage\",\"@id\":\"https:\/\/allwintheme.com\/product\/bookly-chain-appointments-addon\/\",\"url\":\"https:\/\/allwintheme.com\/product\/bookly-chain-appointments-addon\/\",\"name\":\"Bookly Chain Appointments Addon - AllWin Theme \u2013 Free WordPress Themes Download\",\"isPartOf\":{\"@id\":\"https:\/\/allwintheme.com\/#website\"},\"primaryImageOfPage\":{\"@id\":\"https:\/\/allwintheme.com\/product\/bookly-chain-appointments-addon\/#primaryimage\"},\"image\":{\"@id\":\"https:\/\/allwintheme.com\/product\/bookly-chain-appointments-addon\/#primaryimage\"},\"thumbnailUrl\":\"https:\/\/allwintheme.com\/wp-content\/uploads\/2025\/10\/wqg0s0rr.png\",\"datePublished\":\"2025-10-17T01:50:22+00:00\",\"dateModified\":\"2025-10-17T02:05:41+00:00\",\"description\":\"Bookly Chain Appointments Addon lets clients book multiple services in one visit. Schedule consecutive appointments seamlessly with different staff.\",\"breadcrumb\":{\"@id\":\"https:\/\/allwintheme.com\/product\/bookly-chain-appointments-addon\/#breadcrumb\"},\"inLanguage\":\"es-CL\",\"potentialAction\":[{\"@type\":\"ReadAction\",\"target\":[\"https:\/\/allwintheme.com\/product\/bookly-chain-appointments-addon\/\"]}]},{\"@type\":\"ImageObject\",\"inLanguage\":\"es-CL\",\"@id\":\"https:\/\/allwintheme.com\/product\/bookly-chain-appointments-addon\/#primaryimage\",\"url\":\"https:\/\/allwintheme.com\/wp-content\/uploads\/2025\/10\/wqg0s0rr.png\",\"contentUrl\":\"https:\/\/allwintheme.com\/wp-content\/uploads\/2025\/10\/wqg0s0rr.png\",\"width\":590,\"height\":300,\"caption\":\"Bookly Chain Appointments Addon\"},{\"@type\":\"BreadcrumbList\",\"@id\":\"https:\/\/allwintheme.com\/product\/bookly-chain-appointments-addon\/#breadcrumb\",\"itemListElement\":[{\"@type\":\"ListItem\",\"position\":1,\"name\":\"Home\",\"item\":\"https:\/\/allwintheme.com\/\"},{\"@type\":\"ListItem\",\"position\":2,\"name\":\"Shop\",\"item\":\"https:\/\/allwintheme.com\/shop\/\"},{\"@type\":\"ListItem\",\"position\":3,\"name\":\"Bookly Chain Appointments Addon\"}]},{\"@type\":\"WebSite\",\"@id\":\"https:\/\/allwintheme.com\/#website\",\"url\":\"https:\/\/allwintheme.com\/\",\"name\":\"Allwintheme\",\"description\":\"Download free WordPress themes for every niche. Blogs, business, eCommerce, portfolio, restaurant and more. All themes are GPL licensed and mobile-ready.\",\"potentialAction\":[{\"@type\":\"SearchAction\",\"target\":{\"@type\":\"EntryPoint\",\"urlTemplate\":\"https:\/\/allwintheme.com\/?s={search_term_string}\"},\"query-input\":{\"@type\":\"PropertyValueSpecification\",\"valueRequired\":true,\"valueName\":\"search_term_string\"}}],\"inLanguage\":\"es-CL\"}]}<\/script>\n<!-- \/ Yoast SEO Premium plugin. -->","yoast_head_json":{"title":"Bookly Chain Appointments Addon - AllWin Theme - Free WordPress Themes Download","description":"Bookly Chain Appointments Addon permite a los clientes reservar m\u00faltiples servicios en una sola visita. Programe citas consecutivas sin problemas con personal diferente.","robots":{"index":"index","follow":"follow","max-snippet":"max-snippet:-1","max-image-preview":"max-image-preview:large","max-video-preview":"max-video-preview:-1"},"canonical":"https:\/\/allwintheme.com\/es\/producto\/addon-bookly-chain-appointments\/","og_locale":"es_ES","og_type":"article","og_title":"Bookly Chain Appointments Addon","og_description":"Bookly Chain Appointments Addon lets clients book multiple services in one visit. Schedule consecutive appointments seamlessly with different staff.","og_url":"https:\/\/allwintheme.com\/es\/producto\/addon-bookly-chain-appointments\/","og_site_name":"AllWin Theme \u2013 Free WordPress Themes Download","article_modified_time":"2025-10-17T02:05:41+00:00","og_image":[{"width":590,"height":300,"url":"https:\/\/allwintheme.com\/wp-content\/uploads\/2025\/10\/wqg0s0rr.png","type":"image\/png"}],"twitter_card":"summary_large_image","twitter_misc":{"Tiempo estimado de lectura":"2 minutos"},"schema":{"@context":"https:\/\/schema.org","@graph":[{"@type":"WebPage","@id":"https:\/\/allwintheme.com\/product\/bookly-chain-appointments-addon\/","url":"https:\/\/allwintheme.com\/product\/bookly-chain-appointments-addon\/","name":"Bookly Chain Appointments Addon - AllWin Theme - Free WordPress Themes Download","isPartOf":{"@id":"https:\/\/allwintheme.com\/#website"},"primaryImageOfPage":{"@id":"https:\/\/allwintheme.com\/product\/bookly-chain-appointments-addon\/#primaryimage"},"image":{"@id":"https:\/\/allwintheme.com\/product\/bookly-chain-appointments-addon\/#primaryimage"},"thumbnailUrl":"https:\/\/allwintheme.com\/wp-content\/uploads\/2025\/10\/wqg0s0rr.png","datePublished":"2025-10-17T01:50:22+00:00","dateModified":"2025-10-17T02:05:41+00:00","description":"Bookly Chain Appointments Addon permite a los clientes reservar m\u00faltiples servicios en una sola visita. Programe citas consecutivas sin problemas con personal diferente.","breadcrumb":{"@id":"https:\/\/allwintheme.com\/product\/bookly-chain-appointments-addon\/#breadcrumb"},"inLanguage":"es-CL","potentialAction":[{"@type":"ReadAction","target":["https:\/\/allwintheme.com\/product\/bookly-chain-appointments-addon\/"]}]},{"@type":"ImageObject","inLanguage":"es-CL","@id":"https:\/\/allwintheme.com\/product\/bookly-chain-appointments-addon\/#primaryimage","url":"https:\/\/allwintheme.com\/wp-content\/uploads\/2025\/10\/wqg0s0rr.png","contentUrl":"https:\/\/allwintheme.com\/wp-content\/uploads\/2025\/10\/wqg0s0rr.png","width":590,"height":300,"caption":"Bookly Chain Appointments Addon"},{"@type":"BreadcrumbList","@id":"https:\/\/allwintheme.com\/product\/bookly-chain-appointments-addon\/#breadcrumb","itemListElement":[{"@type":"ListItem","position":1,"name":"Home","item":"https:\/\/allwintheme.com\/"},{"@type":"ListItem","position":2,"name":"Shop","item":"https:\/\/allwintheme.com\/shop\/"},{"@type":"ListItem","position":3,"name":"Bookly Chain Appointments Addon"}]},{"@type":"WebSite","@id":"https:\/\/allwintheme.com\/#website","url":"https:\/\/allwintheme.com\/","name":"Allwintheme","description":"Descarga gratis temas de WordPress para todos los nichos. Blogs, negocios, comercio electr\u00f3nico, portafolio, restaurante y m\u00e1s. Todos los temas tienen licencia GPL y est\u00e1n preparados para dispositivos m\u00f3viles.","potentialAction":[{"@type":"SearchAction","target":{"@type":"EntryPoint","urlTemplate":"https:\/\/allwintheme.com\/?s={search_term_string}"},"query-input":{"@type":"PropertyValueSpecification","valueRequired":true,"valueName":"search_term_string"}}],"inLanguage":"es-CL"}]}},"_links":{"self":[{"href":"https:\/\/allwintheme.com\/es\/wp-json\/wp\/v2\/product\/10833","targetHints":{"allow":["GET"]}}],"collection":[{"href":"https:\/\/allwintheme.com\/es\/wp-json\/wp\/v2\/product"}],"about":[{"href":"https:\/\/allwintheme.com\/es\/wp-json\/wp\/v2\/types\/product"}],"replies":[{"embeddable":true,"href":"https:\/\/allwintheme.com\/es\/wp-json\/wp\/v2\/comments?post=10833"}],"version-history":[{"count":6,"href":"https:\/\/allwintheme.com\/es\/wp-json\/wp\/v2\/product\/10833\/revisions"}],"predecessor-version":[{"id":10839,"href":"https:\/\/allwintheme.com\/es\/wp-json\/wp\/v2\/product\/10833\/revisions\/10839"}],"wp:featuredmedia":[{"embeddable":true,"href":"https:\/\/allwintheme.com\/es\/wp-json\/wp\/v2\/media\/10654"}],"wp:attachment":[{"href":"https:\/\/allwintheme.com\/es\/wp-json\/wp\/v2\/media?parent=10833"}],"wp:term":[{"taxonomy":"product_brand","embeddable":true,"href":"https:\/\/allwintheme.com\/es\/wp-json\/wp\/v2\/product_brand?post=10833"},{"taxonomy":"product_cat","embeddable":true,"href":"https:\/\/allwintheme.com\/es\/wp-json\/wp\/v2\/product_cat?post=10833"},{"taxonomy":"product_tag","embeddable":true,"href":"https:\/\/allwintheme.com\/es\/wp-json\/wp\/v2\/product_tag?post=10833"}],"curies":[{"name":"wp","href":"https:\/\/api.w.org\/{rel}","templated":true}]}}