{"id":10840,"date":"2025-10-17T02:06:32","date_gmt":"2025-10-17T02:06:32","guid":{"rendered":"https:\/\/allwintheme.com\/?post_type=product&#038;p=10840"},"modified":"2025-10-20T01:40:43","modified_gmt":"2025-10-20T01:40:43","slug":"vework1-0-asistente-virtual-tema-wordpress","status":"publish","type":"product","link":"https:\/\/allwintheme.com\/es\/producto\/vework1-0-asistente-virtual-tema-wordpress\/","title":{"rendered":"Vework-1.0-Virtual Assistant Tema de WordPress"},"content":{"rendered":"<div data-elementor-type=\"wp-post\" data-elementor-id=\"10840\" class=\"elementor elementor-10840\" data-elementor-settings=\"{&quot;element_pack_global_tooltip_width&quot;:{&quot;unit&quot;:&quot;px&quot;,&quot;size&quot;:&quot;&quot;,&quot;sizes&quot;:[]},&quot;element_pack_global_tooltip_width_tablet&quot;:{&quot;unit&quot;:&quot;px&quot;,&quot;size&quot;:&quot;&quot;,&quot;sizes&quot;:[]},&quot;element_pack_global_tooltip_width_mobile&quot;:{&quot;unit&quot;:&quot;px&quot;,&quot;size&quot;:&quot;&quot;,&quot;sizes&quot;:[]},&quot;element_pack_global_tooltip_padding&quot;:{&quot;unit&quot;:&quot;px&quot;,&quot;top&quot;:&quot;&quot;,&quot;right&quot;:&quot;&quot;,&quot;bottom&quot;:&quot;&quot;,&quot;left&quot;:&quot;&quot;,&quot;isLinked&quot;:true},&quot;element_pack_global_tooltip_padding_tablet&quot;:{&quot;unit&quot;:&quot;px&quot;,&quot;top&quot;:&quot;&quot;,&quot;right&quot;:&quot;&quot;,&quot;bottom&quot;:&quot;&quot;,&quot;left&quot;:&quot;&quot;,&quot;isLinked&quot;:true},&quot;element_pack_global_tooltip_padding_mobile&quot;:{&quot;unit&quot;:&quot;px&quot;,&quot;top&quot;:&quot;&quot;,&quot;right&quot;:&quot;&quot;,&quot;bottom&quot;:&quot;&quot;,&quot;left&quot;:&quot;&quot;,&quot;isLinked&quot;:true},&quot;element_pack_global_tooltip_border_radius&quot;:{&quot;unit&quot;:&quot;px&quot;,&quot;top&quot;:&quot;&quot;,&quot;right&quot;:&quot;&quot;,&quot;bottom&quot;:&quot;&quot;,&quot;left&quot;:&quot;&quot;,&quot;isLinked&quot;:true},&quot;element_pack_global_tooltip_border_radius_tablet&quot;:{&quot;unit&quot;:&quot;px&quot;,&quot;top&quot;:&quot;&quot;,&quot;right&quot;:&quot;&quot;,&quot;bottom&quot;:&quot;&quot;,&quot;left&quot;:&quot;&quot;,&quot;isLinked&quot;:true},&quot;element_pack_global_tooltip_border_radius_mobile&quot;:{&quot;unit&quot;:&quot;px&quot;,&quot;top&quot;:&quot;&quot;,&quot;right&quot;:&quot;&quot;,&quot;bottom&quot;:&quot;&quot;,&quot;left&quot;:&quot;&quot;,&quot;isLinked&quot;:true}}\" data-elementor-post-type=\"product\">\n\t\t\t\t<div class=\"elementor-element elementor-element-93aa4a8 e-con-full e-flex e-con e-parent\" data-id=\"93aa4a8\" data-element_type=\"container\" data-e-type=\"container\">\n\t\t\t\t<div class=\"elementor-element elementor-element-2c3f760 miaoshu elementor-widget elementor-widget-wd_text_block\" data-id=\"2c3f760\" data-element_type=\"widget\" data-e-type=\"widget\" data-widget_type=\"wd_text_block.default\">\n\t\t\t\t<div class=\"elementor-widget-container\">\n\t\t\t\t\t\t\t<div class=\"wd-text-block reset-last-child text-left\">\n\t\t\t\n\t\t\t<h2>Vework - Asistente Virtual y Servicio Remoto Tema de WordPress<\/h2>\n<p>Vework es un moderno tema de WordPress hecho a medida para asistentes virtuales, consultores online y profesionales aut\u00f3nomos que quieren construir una marca personal fuerte. Con su dise\u00f1o minimalista y su interfaz f\u00e1cil de usar, Vework hace que sea f\u00e1cil mostrar tus servicios, destacar tu experiencia y conectar con tus clientes sin esfuerzo.<\/p>\n\n<h3>Crear una presencia profesional en Internet<\/h3>\n<p>Este tema incluye p\u00e1ginas muy bien dise\u00f1adas para servicios, planes de precios, secciones sobre m\u00ed, testimonios y formularios de contacto. Te ayuda a crear un sitio web fiable y centrado en el cliente que refleja tu experiencia y fiabilidad.<\/p>\n\n<h3>Desarrollado por Elementor<\/h3>\n<p>Vework es totalmente compatible con Elementor, lo que le permite personalizar cada secci\u00f3n con una sencilla interfaz de arrastrar y soltar. No requiere codificaci\u00f3n: todo es intuitivo y est\u00e1 dise\u00f1ado para ofrecerte un control creativo total.<\/p>\n\n<h3>Optimizado para la conversi\u00f3n<\/h3>\n<p>Desde claros botones de llamada a la acci\u00f3n hasta funciones integradas de reserva y consulta, Vework est\u00e1 dise\u00f1ado para convertir a los visitantes en clientes. El dise\u00f1o adaptativo garantiza un rendimiento fluido en ordenadores, tabletas y dispositivos m\u00f3viles.<\/p>\n\n<h3>Caracter\u00edsticas principales<\/h3>\n<ul>\n  <li>Dise\u00f1o limpio y moderno para la marca personal<\/li>\n  <li>Totalmente adaptable a dispositivos m\u00f3viles<\/li>\n  <li>Constructor de p\u00e1ginas Elementor<\/li>\n  <li>Escaparate de servicios, tablas de precios y testimonios<\/li>\n  <li>Carga r\u00e1pida y optimizaci\u00f3n para SEO<\/li>\n<\/ul>\n\n<p>Si eres un asistente virtual, aut\u00f3nomo o proveedor de servicios a distancia que busca establecer una presencia profesional en l\u00ednea, Vework te ofrece todo lo que necesitas para lanzar r\u00e1pidamente un sitio web pulido y eficaz.<\/p>\n\t\t\t\t\t<\/div>\n\t\t\t\t\t\t<\/div>\n\t\t\t\t<\/div>\n\t\t\t\t<\/div>\n\t\t<div class=\"wd-negative-gap elementor-element elementor-element-81873f4 e-flex e-con-boxed e-con e-parent\" data-id=\"81873f4\" data-element_type=\"container\" data-e-type=\"container\">\n\t\t\t\t\t<div class=\"e-con-inner\">\n\t\t\t\t<div class=\"elementor-element elementor-element-a58a693 elementor-widget elementor-widget-wd_text_block\" data-id=\"a58a693\" data-element_type=\"widget\" data-e-type=\"widget\" data-widget_type=\"wd_text_block.default\">\n\t\t\t\t<div class=\"elementor-widget-container\">\n\t\t\t\t\t\t\t<div class=\"wd-text-block reset-last-child text-left\">\n\t\t\t\n\t\t\t<h1 class=\"elementor-heading-title elementor-size-default\">Vework1.0-Asistente virtual de WordPress Tema<\/h1>\n\t\t\t\t\t<\/div>\n\t\t\t\t\t\t<\/div>\n\t\t\t\t<\/div>\n\t\t\t\t\t<\/div>\n\t\t\t\t<\/div>\n\t\t<div class=\"wd-negative-gap elementor-element elementor-element-708b5ab e-flex e-con-boxed e-con e-parent\" data-id=\"708b5ab\" data-element_type=\"container\" data-e-type=\"container\">\n\t\t\t\t\t<div class=\"e-con-inner\">\n\t\t\t\t<div class=\"elementor-element elementor-element-a3dfa3f elementor-widget elementor-widget-video\" data-id=\"a3dfa3f\" data-element_type=\"widget\" data-e-type=\"widget\" data-settings=\"{&quot;youtube_url&quot;:&quot;https:\\\/\\\/www.youtube.com\\\/watch?v=uzt24ag_2vQ&quot;,&quot;video_type&quot;:&quot;youtube&quot;,&quot;controls&quot;:&quot;yes&quot;}\" data-widget_type=\"video.default\">\n\t\t\t\t\t\t\t<div class=\"elementor-wrapper elementor-open-inline\">\n\t\t\t<div class=\"elementor-video\"><\/div>\t\t<\/div>\n\t\t\t\t\t\t<\/div>\n\t\t\t\t\t<\/div>\n\t\t\t\t<\/div>\n\t\t\t\t<\/div>","protected":false},"excerpt":{"rendered":"<p>Vework \u2013 Virtual Assistant &amp; Remote Service WordPress Theme Vework is a modern WordPress theme tailored for virtual assistants, online<\/p>","protected":false},"featured_media":10841,"comment_status":"open","ping_status":"closed","template":"","meta":{"_acf_changed":false},"product_brand":[],"product_cat":[48],"product_tag":[],"class_list":{"0":"post-10840","1":"product","2":"type-product","3":"status-publish","4":"has-post-thumbnail","6":"product_cat-themes","8":"first","9":"instock","10":"sale","11":"downloadable","12":"shipping-taxable","13":"purchasable","14":"product-type-simple"},"acf":[],"yoast_head":"<!-- This site is optimized with the Yoast SEO Premium plugin v25.6 (Yoast SEO v27.1.1) - https:\/\/yoast.com\/product\/yoast-seo-premium-wordpress\/ -->\n<title>Vework-1.0-Virtual Assistant WordPress Theme - AllWin Theme \u2013 Free WordPress Themes Download<\/title>\n<meta name=\"description\" content=\"A clean, professional WordPress theme designed for virtual assistants, freelancers, and remote service providers.\" \/>\n<meta name=\"robots\" content=\"index, follow, max-snippet:-1, max-image-preview:large, max-video-preview:-1\" \/>\n<link rel=\"canonical\" href=\"https:\/\/allwintheme.com\/es\/producto\/vework1-0-asistente-virtual-tema-wordpress\/\" \/>\n<meta property=\"og:locale\" content=\"es_ES\" \/>\n<meta property=\"og:type\" content=\"article\" \/>\n<meta property=\"og:title\" content=\"Vework-1.0-Virtual Assistant WordPress Theme\" \/>\n<meta property=\"og:description\" content=\"A clean, professional WordPress theme designed for virtual assistants, freelancers, and remote service providers.\" \/>\n<meta property=\"og:url\" content=\"https:\/\/allwintheme.com\/es\/producto\/vework1-0-asistente-virtual-tema-wordpress\/\" \/>\n<meta property=\"og:site_name\" content=\"AllWin Theme \u2013 Free WordPress Themes Download\" \/>\n<meta property=\"article:modified_time\" content=\"2025-10-20T01:40:43+00:00\" \/>\n<meta property=\"og:image\" content=\"https:\/\/allwintheme.com\/wp-content\/uploads\/2025\/10\/jgjrjsw7.png\" \/>\n\t<meta property=\"og:image:width\" content=\"592\" \/>\n\t<meta property=\"og:image:height\" content=\"308\" \/>\n\t<meta property=\"og:image:type\" content=\"image\/png\" \/>\n<meta name=\"twitter:card\" content=\"summary_large_image\" \/>\n<meta name=\"twitter:label1\" content=\"Tiempo estimado de lectura\" \/>\n\t<meta name=\"twitter:data1\" content=\"2 minutos\" \/>\n<script type=\"application\/ld+json\" class=\"yoast-schema-graph\">{\"@context\":\"https:\/\/schema.org\",\"@graph\":[{\"@type\":\"WebPage\",\"@id\":\"https:\/\/allwintheme.com\/product\/vework1-0-virtual-assistant-wordpress-theme\/\",\"url\":\"https:\/\/allwintheme.com\/product\/vework1-0-virtual-assistant-wordpress-theme\/\",\"name\":\"Vework-1.0-Virtual Assistant WordPress Theme - AllWin Theme \u2013 Free WordPress Themes Download\",\"isPartOf\":{\"@id\":\"https:\/\/allwintheme.com\/#website\"},\"primaryImageOfPage\":{\"@id\":\"https:\/\/allwintheme.com\/product\/vework1-0-virtual-assistant-wordpress-theme\/#primaryimage\"},\"image\":{\"@id\":\"https:\/\/allwintheme.com\/product\/vework1-0-virtual-assistant-wordpress-theme\/#primaryimage\"},\"thumbnailUrl\":\"https:\/\/allwintheme.com\/wp-content\/uploads\/2025\/10\/jgjrjsw7.png\",\"datePublished\":\"2025-10-17T02:06:32+00:00\",\"dateModified\":\"2025-10-20T01:40:43+00:00\",\"description\":\"A clean, professional WordPress theme designed for virtual assistants, freelancers, and remote service providers.\",\"breadcrumb\":{\"@id\":\"https:\/\/allwintheme.com\/product\/vework1-0-virtual-assistant-wordpress-theme\/#breadcrumb\"},\"inLanguage\":\"es-CL\",\"potentialAction\":[{\"@type\":\"ReadAction\",\"target\":[\"https:\/\/allwintheme.com\/product\/vework1-0-virtual-assistant-wordpress-theme\/\"]}]},{\"@type\":\"ImageObject\",\"inLanguage\":\"es-CL\",\"@id\":\"https:\/\/allwintheme.com\/product\/vework1-0-virtual-assistant-wordpress-theme\/#primaryimage\",\"url\":\"https:\/\/allwintheme.com\/wp-content\/uploads\/2025\/10\/jgjrjsw7.png\",\"contentUrl\":\"https:\/\/allwintheme.com\/wp-content\/uploads\/2025\/10\/jgjrjsw7.png\",\"width\":592,\"height\":308,\"caption\":\"Vework1.0\u2013VirtualAssistantWordPressTheme\"},{\"@type\":\"BreadcrumbList\",\"@id\":\"https:\/\/allwintheme.com\/product\/vework1-0-virtual-assistant-wordpress-theme\/#breadcrumb\",\"itemListElement\":[{\"@type\":\"ListItem\",\"position\":1,\"name\":\"Home\",\"item\":\"https:\/\/allwintheme.com\/\"},{\"@type\":\"ListItem\",\"position\":2,\"name\":\"Shop\",\"item\":\"https:\/\/allwintheme.com\/shop\/\"},{\"@type\":\"ListItem\",\"position\":3,\"name\":\"Vework-1.0-Virtual Assistant WordPress Theme\"}]},{\"@type\":\"WebSite\",\"@id\":\"https:\/\/allwintheme.com\/#website\",\"url\":\"https:\/\/allwintheme.com\/\",\"name\":\"Allwintheme\",\"description\":\"Download free WordPress themes for every niche. Blogs, business, eCommerce, portfolio, restaurant and more. All themes are GPL licensed and mobile-ready.\",\"potentialAction\":[{\"@type\":\"SearchAction\",\"target\":{\"@type\":\"EntryPoint\",\"urlTemplate\":\"https:\/\/allwintheme.com\/?s={search_term_string}\"},\"query-input\":{\"@type\":\"PropertyValueSpecification\",\"valueRequired\":true,\"valueName\":\"search_term_string\"}}],\"inLanguage\":\"es-CL\"}]}<\/script>\n<!-- \/ Yoast SEO Premium plugin. -->","yoast_head_json":{"title":"Vework-1.0-Virtual Assistant WordPress Theme - AllWin Theme - Free WordPress Themes Download","description":"Un tema de WordPress limpio y profesional dise\u00f1ado para asistentes virtuales, aut\u00f3nomos y proveedores de servicios remotos.","robots":{"index":"index","follow":"follow","max-snippet":"max-snippet:-1","max-image-preview":"max-image-preview:large","max-video-preview":"max-video-preview:-1"},"canonical":"https:\/\/allwintheme.com\/es\/producto\/vework1-0-asistente-virtual-tema-wordpress\/","og_locale":"es_ES","og_type":"article","og_title":"Vework-1.0-Virtual Assistant WordPress Theme","og_description":"A clean, professional WordPress theme designed for virtual assistants, freelancers, and remote service providers.","og_url":"https:\/\/allwintheme.com\/es\/producto\/vework1-0-asistente-virtual-tema-wordpress\/","og_site_name":"AllWin Theme \u2013 Free WordPress Themes Download","article_modified_time":"2025-10-20T01:40:43+00:00","og_image":[{"width":592,"height":308,"url":"https:\/\/allwintheme.com\/wp-content\/uploads\/2025\/10\/jgjrjsw7.png","type":"image\/png"}],"twitter_card":"summary_large_image","twitter_misc":{"Tiempo estimado de lectura":"2 minutos"},"schema":{"@context":"https:\/\/schema.org","@graph":[{"@type":"WebPage","@id":"https:\/\/allwintheme.com\/product\/vework1-0-virtual-assistant-wordpress-theme\/","url":"https:\/\/allwintheme.com\/product\/vework1-0-virtual-assistant-wordpress-theme\/","name":"Vework-1.0-Virtual Assistant WordPress Theme - AllWin Theme - Free WordPress Themes Download","isPartOf":{"@id":"https:\/\/allwintheme.com\/#website"},"primaryImageOfPage":{"@id":"https:\/\/allwintheme.com\/product\/vework1-0-virtual-assistant-wordpress-theme\/#primaryimage"},"image":{"@id":"https:\/\/allwintheme.com\/product\/vework1-0-virtual-assistant-wordpress-theme\/#primaryimage"},"thumbnailUrl":"https:\/\/allwintheme.com\/wp-content\/uploads\/2025\/10\/jgjrjsw7.png","datePublished":"2025-10-17T02:06:32+00:00","dateModified":"2025-10-20T01:40:43+00:00","description":"Un tema de WordPress limpio y profesional dise\u00f1ado para asistentes virtuales, aut\u00f3nomos y proveedores de servicios remotos.","breadcrumb":{"@id":"https:\/\/allwintheme.com\/product\/vework1-0-virtual-assistant-wordpress-theme\/#breadcrumb"},"inLanguage":"es-CL","potentialAction":[{"@type":"ReadAction","target":["https:\/\/allwintheme.com\/product\/vework1-0-virtual-assistant-wordpress-theme\/"]}]},{"@type":"ImageObject","inLanguage":"es-CL","@id":"https:\/\/allwintheme.com\/product\/vework1-0-virtual-assistant-wordpress-theme\/#primaryimage","url":"https:\/\/allwintheme.com\/wp-content\/uploads\/2025\/10\/jgjrjsw7.png","contentUrl":"https:\/\/allwintheme.com\/wp-content\/uploads\/2025\/10\/jgjrjsw7.png","width":592,"height":308,"caption":"Vework1.0\u2013VirtualAssistantWordPressTheme"},{"@type":"BreadcrumbList","@id":"https:\/\/allwintheme.com\/product\/vework1-0-virtual-assistant-wordpress-theme\/#breadcrumb","itemListElement":[{"@type":"ListItem","position":1,"name":"Home","item":"https:\/\/allwintheme.com\/"},{"@type":"ListItem","position":2,"name":"Shop","item":"https:\/\/allwintheme.com\/shop\/"},{"@type":"ListItem","position":3,"name":"Vework-1.0-Virtual Assistant WordPress Theme"}]},{"@type":"WebSite","@id":"https:\/\/allwintheme.com\/#website","url":"https:\/\/allwintheme.com\/","name":"Allwintheme","description":"Descarga gratis temas de WordPress para todos los nichos. Blogs, negocios, comercio electr\u00f3nico, portafolio, restaurante y m\u00e1s. Todos los temas tienen licencia GPL y est\u00e1n preparados para dispositivos m\u00f3viles.","potentialAction":[{"@type":"SearchAction","target":{"@type":"EntryPoint","urlTemplate":"https:\/\/allwintheme.com\/?s={search_term_string}"},"query-input":{"@type":"PropertyValueSpecification","valueRequired":true,"valueName":"search_term_string"}}],"inLanguage":"es-CL"}]}},"_links":{"self":[{"href":"https:\/\/allwintheme.com\/es\/wp-json\/wp\/v2\/product\/10840","targetHints":{"allow":["GET"]}}],"collection":[{"href":"https:\/\/allwintheme.com\/es\/wp-json\/wp\/v2\/product"}],"about":[{"href":"https:\/\/allwintheme.com\/es\/wp-json\/wp\/v2\/types\/product"}],"replies":[{"embeddable":true,"href":"https:\/\/allwintheme.com\/es\/wp-json\/wp\/v2\/comments?post=10840"}],"version-history":[{"count":7,"href":"https:\/\/allwintheme.com\/es\/wp-json\/wp\/v2\/product\/10840\/revisions"}],"predecessor-version":[{"id":10888,"href":"https:\/\/allwintheme.com\/es\/wp-json\/wp\/v2\/product\/10840\/revisions\/10888"}],"wp:featuredmedia":[{"embeddable":true,"href":"https:\/\/allwintheme.com\/es\/wp-json\/wp\/v2\/media\/10841"}],"wp:attachment":[{"href":"https:\/\/allwintheme.com\/es\/wp-json\/wp\/v2\/media?parent=10840"}],"wp:term":[{"taxonomy":"product_brand","embeddable":true,"href":"https:\/\/allwintheme.com\/es\/wp-json\/wp\/v2\/product_brand?post=10840"},{"taxonomy":"product_cat","embeddable":true,"href":"https:\/\/allwintheme.com\/es\/wp-json\/wp\/v2\/product_cat?post=10840"},{"taxonomy":"product_tag","embeddable":true,"href":"https:\/\/allwintheme.com\/es\/wp-json\/wp\/v2\/product_tag?post=10840"}],"curies":[{"name":"wp","href":"https:\/\/api.w.org\/{rel}","templated":true}]}}