{"id":10898,"date":"2025-10-20T02:10:41","date_gmt":"2025-10-20T02:10:41","guid":{"rendered":"https:\/\/allwintheme.com\/?post_type=product&#038;p=10898"},"modified":"2025-10-20T02:22:30","modified_gmt":"2025-10-20T02:22:30","slug":"wordpress-tour-virtual-360-panorama-plugin","status":"publish","type":"product","link":"https:\/\/allwintheme.com\/es\/producto\/wordpress-tour-virtual-360-panorama-plugin\/","title":{"rendered":"WordPress Virtual Tour 360 Panorama Plugin"},"content":{"rendered":"<div data-elementor-type=\"wp-post\" data-elementor-id=\"10898\" class=\"elementor elementor-10898\" data-elementor-settings=\"{&quot;element_pack_global_tooltip_width&quot;:{&quot;unit&quot;:&quot;px&quot;,&quot;size&quot;:&quot;&quot;,&quot;sizes&quot;:[]},&quot;element_pack_global_tooltip_width_tablet&quot;:{&quot;unit&quot;:&quot;px&quot;,&quot;size&quot;:&quot;&quot;,&quot;sizes&quot;:[]},&quot;element_pack_global_tooltip_width_mobile&quot;:{&quot;unit&quot;:&quot;px&quot;,&quot;size&quot;:&quot;&quot;,&quot;sizes&quot;:[]},&quot;element_pack_global_tooltip_padding&quot;:{&quot;unit&quot;:&quot;px&quot;,&quot;top&quot;:&quot;&quot;,&quot;right&quot;:&quot;&quot;,&quot;bottom&quot;:&quot;&quot;,&quot;left&quot;:&quot;&quot;,&quot;isLinked&quot;:true},&quot;element_pack_global_tooltip_padding_tablet&quot;:{&quot;unit&quot;:&quot;px&quot;,&quot;top&quot;:&quot;&quot;,&quot;right&quot;:&quot;&quot;,&quot;bottom&quot;:&quot;&quot;,&quot;left&quot;:&quot;&quot;,&quot;isLinked&quot;:true},&quot;element_pack_global_tooltip_padding_mobile&quot;:{&quot;unit&quot;:&quot;px&quot;,&quot;top&quot;:&quot;&quot;,&quot;right&quot;:&quot;&quot;,&quot;bottom&quot;:&quot;&quot;,&quot;left&quot;:&quot;&quot;,&quot;isLinked&quot;:true},&quot;element_pack_global_tooltip_border_radius&quot;:{&quot;unit&quot;:&quot;px&quot;,&quot;top&quot;:&quot;&quot;,&quot;right&quot;:&quot;&quot;,&quot;bottom&quot;:&quot;&quot;,&quot;left&quot;:&quot;&quot;,&quot;isLinked&quot;:true},&quot;element_pack_global_tooltip_border_radius_tablet&quot;:{&quot;unit&quot;:&quot;px&quot;,&quot;top&quot;:&quot;&quot;,&quot;right&quot;:&quot;&quot;,&quot;bottom&quot;:&quot;&quot;,&quot;left&quot;:&quot;&quot;,&quot;isLinked&quot;:true},&quot;element_pack_global_tooltip_border_radius_mobile&quot;:{&quot;unit&quot;:&quot;px&quot;,&quot;top&quot;:&quot;&quot;,&quot;right&quot;:&quot;&quot;,&quot;bottom&quot;:&quot;&quot;,&quot;left&quot;:&quot;&quot;,&quot;isLinked&quot;:true}}\" data-elementor-post-type=\"product\">\n\t\t\t\t<div class=\"elementor-element elementor-element-93aa4a8 e-con-full e-flex e-con e-parent\" data-id=\"93aa4a8\" data-element_type=\"container\" data-e-type=\"container\">\n\t\t\t\t<div class=\"elementor-element elementor-element-2c3f760 miaoshu elementor-widget elementor-widget-wd_text_block\" data-id=\"2c3f760\" data-element_type=\"widget\" data-e-type=\"widget\" data-widget_type=\"wd_text_block.default\">\n\t\t\t\t<div class=\"elementor-widget-container\">\n\t\t\t\t\t\t\t<div class=\"wd-text-block reset-last-child text-left\">\n\t\t\t\n\t\t\t<h2>WordPress Virtual Tour 360 Panorama Plugin: Da vida a los espacios<\/h2>\n<p>En <strong>WordPress Virtual Tour 360 Panorama Plugin<\/strong> le permite crear impresionantes visitas virtuales interactivas directamente en WordPress. Por ejemplo, los agentes inmobiliarios y los propietarios de hoteles lo utilizan activamente para subir im\u00e1genes panor\u00e1micas de 360\u00b0 y transformarlas en recorridos inmersivos. De este modo, los visitantes exploran propiedades o ubicaciones sin esfuerzo, lo que aumenta la participaci\u00f3n y las conversiones en su sitio web.<\/p>\n\n<h3>Construir recorridos con herramientas intuitivas<\/h3>\n<p>Este complemento simplifica la creaci\u00f3n de visitas virtuales de principio a fin. Solo tienes que subir fotos equirectangulares de 360\u00b0 -captadas con un smartphone o un equipo profesional- y a\u00f1adir puntos interactivos para obtener informaci\u00f3n detallada. Adem\u00e1s, funciones como las galer\u00edas de escenas y los planos de planta te permiten conectar varias panor\u00e1micas para que los usuarios naveguen sin problemas entre ellas. De este modo, podr\u00e1 ofrecer experiencias realistas de alta resoluci\u00f3n sin necesidad de conocimientos de programaci\u00f3n.<\/p>\n\n<h3>\u00bfPor qu\u00e9 elegir WordPress Virtual Tour 360 Panorama Plugin?<\/h3>\n<ul>\n    <li><strong>Escenas y zonas activas ilimitadas:<\/strong> Los desarrolladores y creadores construyen recorridos interminables con elementos clicables para texto, im\u00e1genes o v\u00eddeos.<\/li>\n    <li><strong>Dise\u00f1o adaptable a dispositivos m\u00f3viles:<\/strong> Los usuarios disfrutan de compatibilidad con giroscopio y modo VR en los dispositivos, lo que garantiza una visualizaci\u00f3n fluida en cualquier lugar.<\/li>\n    <li><strong>Opciones de incrustaci\u00f3n sencillas:<\/strong> Integra recorridos a trav\u00e9s de shortcodes, bloques Gutenberg o page builders como Elementor y WPBakery.<\/li>\n    <li><strong>Funciones avanzadas:<\/strong> A\u00f1ade productos de WooCommerce a los hotspots o incluye v\u00eddeos explicativos para enriquecer la narraci\u00f3n.<\/li>\n<\/ul>\n\n<h3>Mejore la interacci\u00f3n con el usuario sin esfuerzo<\/h3>\n<p>El editor visual del plugin permite previsualizar los cambios en tiempo real, evitando conjeturas. Por ejemplo, el minimapa ayuda a orientarse, mientras que los sistemas de informaci\u00f3n sobre herramientas muestran contenido emergente al pasar el rat\u00f3n por encima. Por lo tanto, ya sea para mostrar productos, locales o lugares de viaje, esta herramienta hace que su contenido sea m\u00e1s din\u00e1mico y f\u00e1cil de usar.<\/p>\n\n<h3>Empiece hoy mismo a crear visitas guiadas inmersivas<\/h3>\n<p>Eleve su sitio WordPress con el <strong>WordPress Virtual Tour 360 Panorama Plugin<\/strong>. Inst\u00e1lelo ahora para cautivar al p\u00fablico y convertir a los espectadores pasivos en exploradores entusiasmados: \u00a1desbloquee el poder de la narraci\u00f3n en 360\u00b0!\n\t\t\t\t\t<\/div>\n\t\t\t\t\t\t<\/div>\n\t\t\t\t<\/div>\n\t\t\t\t<\/div>\n\t\t<div class=\"wd-negative-gap elementor-element elementor-element-81873f4 e-flex e-con-boxed e-con e-parent\" data-id=\"81873f4\" data-element_type=\"container\" data-e-type=\"container\">\n\t\t\t\t\t<div class=\"e-con-inner\">\n\t\t\t\t<div class=\"elementor-element elementor-element-a58a693 elementor-widget elementor-widget-wd_text_block\" data-id=\"a58a693\" data-element_type=\"widget\" data-e-type=\"widget\" data-widget_type=\"wd_text_block.default\">\n\t\t\t\t<div class=\"elementor-widget-container\">\n\t\t\t\t\t\t\t<div class=\"wd-text-block reset-last-child text-left\">\n\t\t\t\n\t\t\t<h1 class=\"style-scope ytd-watch-metadata\">WordPress Virtual Tour 360 Panorama Plugin<\/h1>\n\t\t\t\t\t<\/div>\n\t\t\t\t\t\t<\/div>\n\t\t\t\t<\/div>\n\t\t\t\t\t<\/div>\n\t\t\t\t<\/div>\n\t\t<div class=\"wd-negative-gap elementor-element elementor-element-708b5ab e-flex e-con-boxed e-con e-parent\" data-id=\"708b5ab\" data-element_type=\"container\" data-e-type=\"container\">\n\t\t\t\t\t<div class=\"e-con-inner\">\n\t\t\t\t<div class=\"elementor-element elementor-element-a3dfa3f elementor-widget elementor-widget-video\" data-id=\"a3dfa3f\" data-element_type=\"widget\" data-e-type=\"widget\" data-settings=\"{&quot;youtube_url&quot;:&quot;https:\\\/\\\/youtu.be\\\/cwfX3VVtYMw&quot;,&quot;video_type&quot;:&quot;youtube&quot;,&quot;controls&quot;:&quot;yes&quot;}\" data-widget_type=\"video.default\">\n\t\t\t\t\t\t\t<div class=\"elementor-wrapper elementor-open-inline\">\n\t\t\t<div class=\"elementor-video\"><\/div>\t\t<\/div>\n\t\t\t\t\t\t<\/div>\n\t\t\t\t\t<\/div>\n\t\t\t\t<\/div>\n\t\t\t\t<\/div>","protected":false},"excerpt":{"rendered":"<p>WordPress Virtual Tour 360 Panorama Plugin: Bring Spaces to Life The WordPress Virtual Tour 360 Panorama Plugin empowers you to<\/p>","protected":false},"featured_media":10845,"comment_status":"open","ping_status":"closed","template":"","meta":{"_acf_changed":false},"product_brand":[],"product_cat":[49],"product_tag":[],"class_list":{"0":"post-10898","1":"product","2":"type-product","3":"status-publish","4":"has-post-thumbnail","6":"product_cat-plugins","8":"first","9":"instock","10":"sale","11":"downloadable","12":"shipping-taxable","13":"purchasable","14":"product-type-simple"},"acf":[],"yoast_head":"<!-- This site is optimized with the Yoast SEO Premium plugin v25.6 (Yoast SEO v27.1.1) - https:\/\/yoast.com\/product\/yoast-seo-premium-wordpress\/ -->\n<title>WordPress Virtual Tour 360 Panorama Plugin - AllWin Theme \u2013 Free WordPress Themes Download<\/title>\n<meta name=\"description\" content=\"Create immersive 360\u00b0 virtual tours with this WordPress plugin. Easily upload panoramas, add hotspots, and embed tours anywhere for engaging experiences.\" \/>\n<meta name=\"robots\" content=\"index, follow, max-snippet:-1, max-image-preview:large, max-video-preview:-1\" \/>\n<link rel=\"canonical\" href=\"https:\/\/allwintheme.com\/es\/producto\/wordpress-tour-virtual-360-panorama-plugin\/\" \/>\n<meta property=\"og:locale\" content=\"es_ES\" \/>\n<meta property=\"og:type\" content=\"article\" \/>\n<meta property=\"og:title\" content=\"WordPress Virtual Tour 360 Panorama Plugin\" \/>\n<meta property=\"og:description\" content=\"Create immersive 360\u00b0 virtual tours with this WordPress plugin. Easily upload panoramas, add hotspots, and embed tours anywhere for engaging experiences.\" \/>\n<meta property=\"og:url\" content=\"https:\/\/allwintheme.com\/es\/producto\/wordpress-tour-virtual-360-panorama-plugin\/\" \/>\n<meta property=\"og:site_name\" content=\"AllWin Theme \u2013 Free WordPress Themes Download\" \/>\n<meta property=\"article:modified_time\" content=\"2025-10-20T02:22:30+00:00\" \/>\n<meta property=\"og:image\" content=\"https:\/\/allwintheme.com\/wp-content\/uploads\/2025\/10\/eb9cx6um.png\" \/>\n\t<meta property=\"og:image:width\" content=\"590\" \/>\n\t<meta property=\"og:image:height\" content=\"300\" \/>\n\t<meta property=\"og:image:type\" content=\"image\/png\" \/>\n<meta name=\"twitter:card\" content=\"summary_large_image\" \/>\n<meta name=\"twitter:label1\" content=\"Tiempo estimado de lectura\" \/>\n\t<meta name=\"twitter:data1\" content=\"2 minutos\" \/>\n<script type=\"application\/ld+json\" class=\"yoast-schema-graph\">{\"@context\":\"https:\/\/schema.org\",\"@graph\":[{\"@type\":\"WebPage\",\"@id\":\"https:\/\/allwintheme.com\/product\/wordpress-virtual-tour-360-panorama-plugin\/\",\"url\":\"https:\/\/allwintheme.com\/product\/wordpress-virtual-tour-360-panorama-plugin\/\",\"name\":\"WordPress Virtual Tour 360 Panorama Plugin - AllWin Theme \u2013 Free WordPress Themes Download\",\"isPartOf\":{\"@id\":\"https:\/\/allwintheme.com\/#website\"},\"primaryImageOfPage\":{\"@id\":\"https:\/\/allwintheme.com\/product\/wordpress-virtual-tour-360-panorama-plugin\/#primaryimage\"},\"image\":{\"@id\":\"https:\/\/allwintheme.com\/product\/wordpress-virtual-tour-360-panorama-plugin\/#primaryimage\"},\"thumbnailUrl\":\"https:\/\/allwintheme.com\/wp-content\/uploads\/2025\/10\/eb9cx6um.png\",\"datePublished\":\"2025-10-20T02:10:41+00:00\",\"dateModified\":\"2025-10-20T02:22:30+00:00\",\"description\":\"Create immersive 360\u00b0 virtual tours with this WordPress plugin. Easily upload panoramas, add hotspots, and embed tours anywhere for engaging experiences.\",\"breadcrumb\":{\"@id\":\"https:\/\/allwintheme.com\/product\/wordpress-virtual-tour-360-panorama-plugin\/#breadcrumb\"},\"inLanguage\":\"es-CL\",\"potentialAction\":[{\"@type\":\"ReadAction\",\"target\":[\"https:\/\/allwintheme.com\/product\/wordpress-virtual-tour-360-panorama-plugin\/\"]}]},{\"@type\":\"ImageObject\",\"inLanguage\":\"es-CL\",\"@id\":\"https:\/\/allwintheme.com\/product\/wordpress-virtual-tour-360-panorama-plugin\/#primaryimage\",\"url\":\"https:\/\/allwintheme.com\/wp-content\/uploads\/2025\/10\/eb9cx6um.png\",\"contentUrl\":\"https:\/\/allwintheme.com\/wp-content\/uploads\/2025\/10\/eb9cx6um.png\",\"width\":590,\"height\":300,\"caption\":\"WordPress Virtual Tour 360 Panorama Plugin\"},{\"@type\":\"BreadcrumbList\",\"@id\":\"https:\/\/allwintheme.com\/product\/wordpress-virtual-tour-360-panorama-plugin\/#breadcrumb\",\"itemListElement\":[{\"@type\":\"ListItem\",\"position\":1,\"name\":\"Home\",\"item\":\"https:\/\/allwintheme.com\/\"},{\"@type\":\"ListItem\",\"position\":2,\"name\":\"Shop\",\"item\":\"https:\/\/allwintheme.com\/shop\/\"},{\"@type\":\"ListItem\",\"position\":3,\"name\":\"WordPress Virtual Tour 360 Panorama Plugin\"}]},{\"@type\":\"WebSite\",\"@id\":\"https:\/\/allwintheme.com\/#website\",\"url\":\"https:\/\/allwintheme.com\/\",\"name\":\"Allwintheme\",\"description\":\"Download free WordPress themes for every niche. Blogs, business, eCommerce, portfolio, restaurant and more. All themes are GPL licensed and mobile-ready.\",\"potentialAction\":[{\"@type\":\"SearchAction\",\"target\":{\"@type\":\"EntryPoint\",\"urlTemplate\":\"https:\/\/allwintheme.com\/?s={search_term_string}\"},\"query-input\":{\"@type\":\"PropertyValueSpecification\",\"valueRequired\":true,\"valueName\":\"search_term_string\"}}],\"inLanguage\":\"es-CL\"}]}<\/script>\n<!-- \/ Yoast SEO Premium plugin. -->","yoast_head_json":{"title":"WordPress Virtual Tour 360 Panorama Plugin - AllWin Theme \u2013 Free WordPress Themes Download","description":"Crea inmersivas visitas virtuales de 360\u00b0 con este plugin de WordPress. Sube panor\u00e1micas f\u00e1cilmente, a\u00f1ade zonas activas e incrusta visitas en cualquier lugar para disfrutar de experiencias atractivas.","robots":{"index":"index","follow":"follow","max-snippet":"max-snippet:-1","max-image-preview":"max-image-preview:large","max-video-preview":"max-video-preview:-1"},"canonical":"https:\/\/allwintheme.com\/es\/producto\/wordpress-tour-virtual-360-panorama-plugin\/","og_locale":"es_ES","og_type":"article","og_title":"WordPress Virtual Tour 360 Panorama Plugin","og_description":"Create immersive 360\u00b0 virtual tours with this WordPress plugin. Easily upload panoramas, add hotspots, and embed tours anywhere for engaging experiences.","og_url":"https:\/\/allwintheme.com\/es\/producto\/wordpress-tour-virtual-360-panorama-plugin\/","og_site_name":"AllWin Theme \u2013 Free WordPress Themes Download","article_modified_time":"2025-10-20T02:22:30+00:00","og_image":[{"width":590,"height":300,"url":"https:\/\/allwintheme.com\/wp-content\/uploads\/2025\/10\/eb9cx6um.png","type":"image\/png"}],"twitter_card":"summary_large_image","twitter_misc":{"Tiempo estimado de lectura":"2 minutos"},"schema":{"@context":"https:\/\/schema.org","@graph":[{"@type":"WebPage","@id":"https:\/\/allwintheme.com\/product\/wordpress-virtual-tour-360-panorama-plugin\/","url":"https:\/\/allwintheme.com\/product\/wordpress-virtual-tour-360-panorama-plugin\/","name":"WordPress Virtual Tour 360 Panorama Plugin - AllWin Theme \u2013 Free WordPress Themes Download","isPartOf":{"@id":"https:\/\/allwintheme.com\/#website"},"primaryImageOfPage":{"@id":"https:\/\/allwintheme.com\/product\/wordpress-virtual-tour-360-panorama-plugin\/#primaryimage"},"image":{"@id":"https:\/\/allwintheme.com\/product\/wordpress-virtual-tour-360-panorama-plugin\/#primaryimage"},"thumbnailUrl":"https:\/\/allwintheme.com\/wp-content\/uploads\/2025\/10\/eb9cx6um.png","datePublished":"2025-10-20T02:10:41+00:00","dateModified":"2025-10-20T02:22:30+00:00","description":"Crea inmersivas visitas virtuales de 360\u00b0 con este plugin de WordPress. Sube panor\u00e1micas f\u00e1cilmente, a\u00f1ade zonas activas e incrusta visitas en cualquier lugar para disfrutar de experiencias atractivas.","breadcrumb":{"@id":"https:\/\/allwintheme.com\/product\/wordpress-virtual-tour-360-panorama-plugin\/#breadcrumb"},"inLanguage":"es-CL","potentialAction":[{"@type":"ReadAction","target":["https:\/\/allwintheme.com\/product\/wordpress-virtual-tour-360-panorama-plugin\/"]}]},{"@type":"ImageObject","inLanguage":"es-CL","@id":"https:\/\/allwintheme.com\/product\/wordpress-virtual-tour-360-panorama-plugin\/#primaryimage","url":"https:\/\/allwintheme.com\/wp-content\/uploads\/2025\/10\/eb9cx6um.png","contentUrl":"https:\/\/allwintheme.com\/wp-content\/uploads\/2025\/10\/eb9cx6um.png","width":590,"height":300,"caption":"WordPress Virtual Tour 360 Panorama Plugin"},{"@type":"BreadcrumbList","@id":"https:\/\/allwintheme.com\/product\/wordpress-virtual-tour-360-panorama-plugin\/#breadcrumb","itemListElement":[{"@type":"ListItem","position":1,"name":"Home","item":"https:\/\/allwintheme.com\/"},{"@type":"ListItem","position":2,"name":"Shop","item":"https:\/\/allwintheme.com\/shop\/"},{"@type":"ListItem","position":3,"name":"WordPress Virtual Tour 360 Panorama Plugin"}]},{"@type":"WebSite","@id":"https:\/\/allwintheme.com\/#website","url":"https:\/\/allwintheme.com\/","name":"Allwintheme","description":"Descarga gratis temas de WordPress para todos los nichos. Blogs, negocios, comercio electr\u00f3nico, portafolio, restaurante y m\u00e1s. Todos los temas tienen licencia GPL y est\u00e1n preparados para dispositivos m\u00f3viles.","potentialAction":[{"@type":"SearchAction","target":{"@type":"EntryPoint","urlTemplate":"https:\/\/allwintheme.com\/?s={search_term_string}"},"query-input":{"@type":"PropertyValueSpecification","valueRequired":true,"valueName":"search_term_string"}}],"inLanguage":"es-CL"}]}},"_links":{"self":[{"href":"https:\/\/allwintheme.com\/es\/wp-json\/wp\/v2\/product\/10898","targetHints":{"allow":["GET"]}}],"collection":[{"href":"https:\/\/allwintheme.com\/es\/wp-json\/wp\/v2\/product"}],"about":[{"href":"https:\/\/allwintheme.com\/es\/wp-json\/wp\/v2\/types\/product"}],"replies":[{"embeddable":true,"href":"https:\/\/allwintheme.com\/es\/wp-json\/wp\/v2\/comments?post=10898"}],"version-history":[{"count":5,"href":"https:\/\/allwintheme.com\/es\/wp-json\/wp\/v2\/product\/10898\/revisions"}],"predecessor-version":[{"id":10903,"href":"https:\/\/allwintheme.com\/es\/wp-json\/wp\/v2\/product\/10898\/revisions\/10903"}],"wp:featuredmedia":[{"embeddable":true,"href":"https:\/\/allwintheme.com\/es\/wp-json\/wp\/v2\/media\/10845"}],"wp:attachment":[{"href":"https:\/\/allwintheme.com\/es\/wp-json\/wp\/v2\/media?parent=10898"}],"wp:term":[{"taxonomy":"product_brand","embeddable":true,"href":"https:\/\/allwintheme.com\/es\/wp-json\/wp\/v2\/product_brand?post=10898"},{"taxonomy":"product_cat","embeddable":true,"href":"https:\/\/allwintheme.com\/es\/wp-json\/wp\/v2\/product_cat?post=10898"},{"taxonomy":"product_tag","embeddable":true,"href":"https:\/\/allwintheme.com\/es\/wp-json\/wp\/v2\/product_tag?post=10898"}],"curies":[{"name":"wp","href":"https:\/\/api.w.org\/{rel}","templated":true}]}}