{"id":10904,"date":"2025-10-20T02:22:59","date_gmt":"2025-10-20T02:22:59","guid":{"rendered":"https:\/\/allwintheme.com\/?post_type=product&#038;p=10904"},"modified":"2025-10-20T02:36:05","modified_gmt":"2025-10-20T02:36:05","slug":"eventon-virtual-plus","status":"publish","type":"product","link":"https:\/\/allwintheme.com\/es\/producto\/eventon-virtual-plus\/","title":{"rendered":"EventON - Virtual Plus"},"content":{"rendered":"<div data-elementor-type=\"wp-post\" data-elementor-id=\"10904\" class=\"elementor elementor-10904\" data-elementor-settings=\"{&quot;element_pack_global_tooltip_width&quot;:{&quot;unit&quot;:&quot;px&quot;,&quot;size&quot;:&quot;&quot;,&quot;sizes&quot;:[]},&quot;element_pack_global_tooltip_width_tablet&quot;:{&quot;unit&quot;:&quot;px&quot;,&quot;size&quot;:&quot;&quot;,&quot;sizes&quot;:[]},&quot;element_pack_global_tooltip_width_mobile&quot;:{&quot;unit&quot;:&quot;px&quot;,&quot;size&quot;:&quot;&quot;,&quot;sizes&quot;:[]},&quot;element_pack_global_tooltip_padding&quot;:{&quot;unit&quot;:&quot;px&quot;,&quot;top&quot;:&quot;&quot;,&quot;right&quot;:&quot;&quot;,&quot;bottom&quot;:&quot;&quot;,&quot;left&quot;:&quot;&quot;,&quot;isLinked&quot;:true},&quot;element_pack_global_tooltip_padding_tablet&quot;:{&quot;unit&quot;:&quot;px&quot;,&quot;top&quot;:&quot;&quot;,&quot;right&quot;:&quot;&quot;,&quot;bottom&quot;:&quot;&quot;,&quot;left&quot;:&quot;&quot;,&quot;isLinked&quot;:true},&quot;element_pack_global_tooltip_padding_mobile&quot;:{&quot;unit&quot;:&quot;px&quot;,&quot;top&quot;:&quot;&quot;,&quot;right&quot;:&quot;&quot;,&quot;bottom&quot;:&quot;&quot;,&quot;left&quot;:&quot;&quot;,&quot;isLinked&quot;:true},&quot;element_pack_global_tooltip_border_radius&quot;:{&quot;unit&quot;:&quot;px&quot;,&quot;top&quot;:&quot;&quot;,&quot;right&quot;:&quot;&quot;,&quot;bottom&quot;:&quot;&quot;,&quot;left&quot;:&quot;&quot;,&quot;isLinked&quot;:true},&quot;element_pack_global_tooltip_border_radius_tablet&quot;:{&quot;unit&quot;:&quot;px&quot;,&quot;top&quot;:&quot;&quot;,&quot;right&quot;:&quot;&quot;,&quot;bottom&quot;:&quot;&quot;,&quot;left&quot;:&quot;&quot;,&quot;isLinked&quot;:true},&quot;element_pack_global_tooltip_border_radius_mobile&quot;:{&quot;unit&quot;:&quot;px&quot;,&quot;top&quot;:&quot;&quot;,&quot;right&quot;:&quot;&quot;,&quot;bottom&quot;:&quot;&quot;,&quot;left&quot;:&quot;&quot;,&quot;isLinked&quot;:true}}\" data-elementor-post-type=\"product\">\n\t\t\t\t<div class=\"elementor-element elementor-element-93aa4a8 e-con-full e-flex e-con e-parent\" data-id=\"93aa4a8\" data-element_type=\"container\" data-e-type=\"container\">\n\t\t\t\t<div class=\"elementor-element elementor-element-2c3f760 miaoshu elementor-widget elementor-widget-wd_text_block\" data-id=\"2c3f760\" data-element_type=\"widget\" data-e-type=\"widget\" data-widget_type=\"wd_text_block.default\">\n\t\t\t\t<div class=\"elementor-widget-container\">\n\t\t\t\t\t\t\t<div class=\"wd-text-block reset-last-child text-left\">\n\t\t\t\n\t\t\t<h2>EventON - Virtual Plus: Mejore sus eventos en l\u00ednea<\/h2>\n<p>En <strong>EventON - Virtual Plus<\/strong> transforma los eventos virtuales b\u00e1sicos en experiencias inmersivas y profesionales para su sitio de WordPress. Por ejemplo, esta extensi\u00f3n premium se basa en el n\u00facleo del plugin EventON, por lo que puede organizar seminarios web, conferencias o talleres con herramientas avanzadas. En consecuencia, los asistentes disfrutan de interacciones fluidas mientras usted gestiona todo sin esfuerzo desde su panel de control.<\/p>\n\n<h3>Desbloquee las funciones virtuales avanzadas<\/h3>\n<p>Con Virtual Plus, usted integra Zoom directamente en sus eventos, habilitando conexiones OAuth para un acceso seguro con un solo clic. Adem\u00e1s, podr\u00e1 personalizar las p\u00e1ginas virtuales con elementos multimedia, perfiles de ponentes y \u00f3rdenes del d\u00eda, garantizando que cada detalle cautive a su audiencia. Como resultado, este complemento va m\u00e1s all\u00e1 de lo b\u00e1sico para ofrecer reuniones en l\u00ednea realmente atractivas.<\/p>\n\n<h3>\u00bfPor qu\u00e9 elegir EventON - Virtual Plus?<\/h3>\n<ul>\n    <li><strong>Integraci\u00f3n perfecta del zoom:<\/strong> Los desarrolladores conectan OAuth sin esfuerzo, para que los usuarios se unan a los eventos sin complicaciones.<\/li>\n    <li><strong>P\u00e1ginas interactivas enriquecidas:<\/strong> A\u00f1ade v\u00eddeos, retransmisiones en directo y formularios de registro para aumentar la participaci\u00f3n.<\/li>\n    <li><strong>Gesti\u00f3n flexible de eventos:<\/strong> Los organizadores programan y presentan eventos virtuales en calendarios con capacidad de respuesta.<\/li>\n    <li><strong>F\u00e1cil compatibilidad:<\/strong> El complemento funciona perfectamente con las funciones principales de EventON y otros complementos como RSVP o Tickets.<\/li>\n<\/ul>\n\n<h3>Agilizar la organizaci\u00f3n de eventos virtuales<\/h3>\n<p>EventON - Virtual Plus simplifica la creaci\u00f3n de eventos en l\u00ednea tanto para empresas como para creadores. Por ejemplo, puede integrar plataformas como YouTube Live o Facebook junto con Zoom para disponer de opciones de transmisi\u00f3n vers\u00e1tiles. Por lo tanto, este complemento no solo ahorra tiempo, sino que tambi\u00e9n mejora la satisfacci\u00f3n de los asistentes, ayud\u00e1ndole a crear conexiones duraderas.<\/p>\n\n<h3>D\u00e9 vida a sus eventos virtuales hoy mismo<\/h3>\n<p>Potencie su calendario EventON con <strong>EventON - Virtual Plus<\/strong>. Al a\u00f1adir estas potentes funciones, crear\u00e1 experiencias en l\u00ednea inolvidables que impulsar\u00e1n la participaci\u00f3n. Inst\u00e1lelo ahora y vea c\u00f3mo prosperan sus eventos virtuales.\n\t\t\t\t\t<\/div>\n\t\t\t\t\t\t<\/div>\n\t\t\t\t<\/div>\n\t\t\t\t<\/div>\n\t\t<div class=\"wd-negative-gap elementor-element elementor-element-81873f4 e-flex e-con-boxed e-con e-parent\" data-id=\"81873f4\" data-element_type=\"container\" data-e-type=\"container\">\n\t\t\t\t\t<div class=\"e-con-inner\">\n\t\t\t\t<div class=\"elementor-element elementor-element-a58a693 elementor-widget elementor-widget-wd_text_block\" data-id=\"a58a693\" data-element_type=\"widget\" data-e-type=\"widget\" data-widget_type=\"wd_text_block.default\">\n\t\t\t\t<div class=\"elementor-widget-container\">\n\t\t\t\t\t\t\t<div class=\"wd-text-block reset-last-child text-left\">\n\t\t\t\n\t\t\t<h1 class=\"style-scope ytd-watch-metadata\">EventON - Virtual Plus<\/h1>\n\t\t\t\t\t<\/div>\n\t\t\t\t\t\t<\/div>\n\t\t\t\t<\/div>\n\t\t\t\t\t<\/div>\n\t\t\t\t<\/div>\n\t\t<div class=\"wd-negative-gap elementor-element elementor-element-708b5ab e-flex e-con-boxed e-con e-parent\" data-id=\"708b5ab\" data-element_type=\"container\" data-e-type=\"container\">\n\t\t\t\t\t<div class=\"e-con-inner\">\n\t\t\t\t<div class=\"elementor-element elementor-element-a3dfa3f elementor-widget elementor-widget-video\" data-id=\"a3dfa3f\" data-element_type=\"widget\" data-e-type=\"widget\" data-settings=\"{&quot;youtube_url&quot;:&quot;https:\\\/\\\/youtu.be\\\/OMVVGYbDmfU&quot;,&quot;video_type&quot;:&quot;youtube&quot;,&quot;controls&quot;:&quot;yes&quot;}\" data-widget_type=\"video.default\">\n\t\t\t\t\t\t\t<div class=\"elementor-wrapper elementor-open-inline\">\n\t\t\t<div class=\"elementor-video\"><\/div>\t\t<\/div>\n\t\t\t\t\t\t<\/div>\n\t\t\t\t\t<\/div>\n\t\t\t\t<\/div>\n\t\t\t\t<\/div>","protected":false},"excerpt":{"rendered":"<p>EventON \u2013 Virtual Plus: Elevate Your Online Events The EventON \u2013 Virtual Plus add-on transforms basic virtual events into immersive,<\/p>","protected":false},"featured_media":10846,"comment_status":"open","ping_status":"closed","template":"","meta":{"_acf_changed":false},"product_brand":[],"product_cat":[49],"product_tag":[],"class_list":{"0":"post-10904","1":"product","2":"type-product","3":"status-publish","4":"has-post-thumbnail","6":"product_cat-plugins","8":"first","9":"instock","10":"sale","11":"downloadable","12":"shipping-taxable","13":"purchasable","14":"product-type-simple"},"acf":[],"yoast_head":"<!-- This site is optimized with the Yoast SEO Premium plugin v25.6 (Yoast SEO v27.1.1) - https:\/\/yoast.com\/product\/yoast-seo-premium-wordpress\/ -->\n<title>EventON \u2013 Virtual Plus - AllWin Theme \u2013 Free WordPress Themes Download<\/title>\n<meta name=\"description\" content=\"Enhance EventON virtual events with Virtual Plus. Add advanced Zoom integration, interactive features, and seamless online hosting for engaging experiences.\" \/>\n<meta name=\"robots\" content=\"index, follow, max-snippet:-1, max-image-preview:large, max-video-preview:-1\" \/>\n<link rel=\"canonical\" href=\"https:\/\/allwintheme.com\/es\/producto\/eventon-virtual-plus\/\" \/>\n<meta property=\"og:locale\" content=\"es_ES\" \/>\n<meta property=\"og:type\" content=\"article\" \/>\n<meta property=\"og:title\" content=\"EventON \u2013 Virtual Plus\" \/>\n<meta property=\"og:description\" content=\"Enhance EventON virtual events with Virtual Plus. Add advanced Zoom integration, interactive features, and seamless online hosting for engaging experiences.\" \/>\n<meta property=\"og:url\" content=\"https:\/\/allwintheme.com\/es\/producto\/eventon-virtual-plus\/\" \/>\n<meta property=\"og:site_name\" content=\"AllWin Theme \u2013 Free WordPress Themes Download\" \/>\n<meta property=\"article:modified_time\" content=\"2025-10-20T02:36:05+00:00\" \/>\n<meta property=\"og:image\" content=\"https:\/\/allwintheme.com\/wp-content\/uploads\/2025\/10\/bji9udwe.png\" \/>\n\t<meta property=\"og:image:width\" content=\"590\" \/>\n\t<meta property=\"og:image:height\" content=\"300\" \/>\n\t<meta property=\"og:image:type\" content=\"image\/png\" \/>\n<meta name=\"twitter:card\" content=\"summary_large_image\" \/>\n<meta name=\"twitter:label1\" content=\"Tiempo estimado de lectura\" \/>\n\t<meta name=\"twitter:data1\" content=\"2 minutos\" \/>\n<script type=\"application\/ld+json\" class=\"yoast-schema-graph\">{\"@context\":\"https:\/\/schema.org\",\"@graph\":[{\"@type\":\"WebPage\",\"@id\":\"https:\/\/allwintheme.com\/product\/eventon-virtual-plus\/\",\"url\":\"https:\/\/allwintheme.com\/product\/eventon-virtual-plus\/\",\"name\":\"EventON \u2013 Virtual Plus - AllWin Theme \u2013 Free WordPress Themes Download\",\"isPartOf\":{\"@id\":\"https:\/\/allwintheme.com\/#website\"},\"primaryImageOfPage\":{\"@id\":\"https:\/\/allwintheme.com\/product\/eventon-virtual-plus\/#primaryimage\"},\"image\":{\"@id\":\"https:\/\/allwintheme.com\/product\/eventon-virtual-plus\/#primaryimage\"},\"thumbnailUrl\":\"https:\/\/allwintheme.com\/wp-content\/uploads\/2025\/10\/bji9udwe.png\",\"datePublished\":\"2025-10-20T02:22:59+00:00\",\"dateModified\":\"2025-10-20T02:36:05+00:00\",\"description\":\"Enhance EventON virtual events with Virtual Plus. Add advanced Zoom integration, interactive features, and seamless online hosting for engaging experiences.\",\"breadcrumb\":{\"@id\":\"https:\/\/allwintheme.com\/product\/eventon-virtual-plus\/#breadcrumb\"},\"inLanguage\":\"es-CL\",\"potentialAction\":[{\"@type\":\"ReadAction\",\"target\":[\"https:\/\/allwintheme.com\/product\/eventon-virtual-plus\/\"]}]},{\"@type\":\"ImageObject\",\"inLanguage\":\"es-CL\",\"@id\":\"https:\/\/allwintheme.com\/product\/eventon-virtual-plus\/#primaryimage\",\"url\":\"https:\/\/allwintheme.com\/wp-content\/uploads\/2025\/10\/bji9udwe.png\",\"contentUrl\":\"https:\/\/allwintheme.com\/wp-content\/uploads\/2025\/10\/bji9udwe.png\",\"width\":590,\"height\":300,\"caption\":\"EventON \u2013 Virtual Plus\"},{\"@type\":\"BreadcrumbList\",\"@id\":\"https:\/\/allwintheme.com\/product\/eventon-virtual-plus\/#breadcrumb\",\"itemListElement\":[{\"@type\":\"ListItem\",\"position\":1,\"name\":\"Home\",\"item\":\"https:\/\/allwintheme.com\/\"},{\"@type\":\"ListItem\",\"position\":2,\"name\":\"Shop\",\"item\":\"https:\/\/allwintheme.com\/shop\/\"},{\"@type\":\"ListItem\",\"position\":3,\"name\":\"EventON \u2013 Virtual Plus\"}]},{\"@type\":\"WebSite\",\"@id\":\"https:\/\/allwintheme.com\/#website\",\"url\":\"https:\/\/allwintheme.com\/\",\"name\":\"Allwintheme\",\"description\":\"Download free WordPress themes for every niche. Blogs, business, eCommerce, portfolio, restaurant and more. All themes are GPL licensed and mobile-ready.\",\"potentialAction\":[{\"@type\":\"SearchAction\",\"target\":{\"@type\":\"EntryPoint\",\"urlTemplate\":\"https:\/\/allwintheme.com\/?s={search_term_string}\"},\"query-input\":{\"@type\":\"PropertyValueSpecification\",\"valueRequired\":true,\"valueName\":\"search_term_string\"}}],\"inLanguage\":\"es-CL\"}]}<\/script>\n<!-- \/ Yoast SEO Premium plugin. -->","yoast_head_json":{"title":"EventON \u2013 Virtual Plus - AllWin Theme \u2013 Free WordPress Themes Download","description":"Mejore los eventos virtuales de EventON con Virtual Plus. A\u00f1ade integraci\u00f3n avanzada con Zoom, funciones interactivas y alojamiento en l\u00ednea sin interrupciones para disfrutar de experiencias atractivas.","robots":{"index":"index","follow":"follow","max-snippet":"max-snippet:-1","max-image-preview":"max-image-preview:large","max-video-preview":"max-video-preview:-1"},"canonical":"https:\/\/allwintheme.com\/es\/producto\/eventon-virtual-plus\/","og_locale":"es_ES","og_type":"article","og_title":"EventON \u2013 Virtual Plus","og_description":"Enhance EventON virtual events with Virtual Plus. Add advanced Zoom integration, interactive features, and seamless online hosting for engaging experiences.","og_url":"https:\/\/allwintheme.com\/es\/producto\/eventon-virtual-plus\/","og_site_name":"AllWin Theme \u2013 Free WordPress Themes Download","article_modified_time":"2025-10-20T02:36:05+00:00","og_image":[{"width":590,"height":300,"url":"https:\/\/allwintheme.com\/wp-content\/uploads\/2025\/10\/bji9udwe.png","type":"image\/png"}],"twitter_card":"summary_large_image","twitter_misc":{"Tiempo estimado de lectura":"2 minutos"},"schema":{"@context":"https:\/\/schema.org","@graph":[{"@type":"WebPage","@id":"https:\/\/allwintheme.com\/product\/eventon-virtual-plus\/","url":"https:\/\/allwintheme.com\/product\/eventon-virtual-plus\/","name":"EventON \u2013 Virtual Plus - AllWin Theme \u2013 Free WordPress Themes Download","isPartOf":{"@id":"https:\/\/allwintheme.com\/#website"},"primaryImageOfPage":{"@id":"https:\/\/allwintheme.com\/product\/eventon-virtual-plus\/#primaryimage"},"image":{"@id":"https:\/\/allwintheme.com\/product\/eventon-virtual-plus\/#primaryimage"},"thumbnailUrl":"https:\/\/allwintheme.com\/wp-content\/uploads\/2025\/10\/bji9udwe.png","datePublished":"2025-10-20T02:22:59+00:00","dateModified":"2025-10-20T02:36:05+00:00","description":"Mejore los eventos virtuales de EventON con Virtual Plus. A\u00f1ade integraci\u00f3n avanzada con Zoom, funciones interactivas y alojamiento en l\u00ednea sin interrupciones para disfrutar de experiencias atractivas.","breadcrumb":{"@id":"https:\/\/allwintheme.com\/product\/eventon-virtual-plus\/#breadcrumb"},"inLanguage":"es-CL","potentialAction":[{"@type":"ReadAction","target":["https:\/\/allwintheme.com\/product\/eventon-virtual-plus\/"]}]},{"@type":"ImageObject","inLanguage":"es-CL","@id":"https:\/\/allwintheme.com\/product\/eventon-virtual-plus\/#primaryimage","url":"https:\/\/allwintheme.com\/wp-content\/uploads\/2025\/10\/bji9udwe.png","contentUrl":"https:\/\/allwintheme.com\/wp-content\/uploads\/2025\/10\/bji9udwe.png","width":590,"height":300,"caption":"EventON \u2013 Virtual Plus"},{"@type":"BreadcrumbList","@id":"https:\/\/allwintheme.com\/product\/eventon-virtual-plus\/#breadcrumb","itemListElement":[{"@type":"ListItem","position":1,"name":"Home","item":"https:\/\/allwintheme.com\/"},{"@type":"ListItem","position":2,"name":"Shop","item":"https:\/\/allwintheme.com\/shop\/"},{"@type":"ListItem","position":3,"name":"EventON \u2013 Virtual Plus"}]},{"@type":"WebSite","@id":"https:\/\/allwintheme.com\/#website","url":"https:\/\/allwintheme.com\/","name":"Allwintheme","description":"Descarga gratis temas de WordPress para todos los nichos. Blogs, negocios, comercio electr\u00f3nico, portafolio, restaurante y m\u00e1s. Todos los temas tienen licencia GPL y est\u00e1n preparados para dispositivos m\u00f3viles.","potentialAction":[{"@type":"SearchAction","target":{"@type":"EntryPoint","urlTemplate":"https:\/\/allwintheme.com\/?s={search_term_string}"},"query-input":{"@type":"PropertyValueSpecification","valueRequired":true,"valueName":"search_term_string"}}],"inLanguage":"es-CL"}]}},"_links":{"self":[{"href":"https:\/\/allwintheme.com\/es\/wp-json\/wp\/v2\/product\/10904","targetHints":{"allow":["GET"]}}],"collection":[{"href":"https:\/\/allwintheme.com\/es\/wp-json\/wp\/v2\/product"}],"about":[{"href":"https:\/\/allwintheme.com\/es\/wp-json\/wp\/v2\/types\/product"}],"replies":[{"embeddable":true,"href":"https:\/\/allwintheme.com\/es\/wp-json\/wp\/v2\/comments?post=10904"}],"version-history":[{"count":8,"href":"https:\/\/allwintheme.com\/es\/wp-json\/wp\/v2\/product\/10904\/revisions"}],"predecessor-version":[{"id":10912,"href":"https:\/\/allwintheme.com\/es\/wp-json\/wp\/v2\/product\/10904\/revisions\/10912"}],"wp:featuredmedia":[{"embeddable":true,"href":"https:\/\/allwintheme.com\/es\/wp-json\/wp\/v2\/media\/10846"}],"wp:attachment":[{"href":"https:\/\/allwintheme.com\/es\/wp-json\/wp\/v2\/media?parent=10904"}],"wp:term":[{"taxonomy":"product_brand","embeddable":true,"href":"https:\/\/allwintheme.com\/es\/wp-json\/wp\/v2\/product_brand?post=10904"},{"taxonomy":"product_cat","embeddable":true,"href":"https:\/\/allwintheme.com\/es\/wp-json\/wp\/v2\/product_cat?post=10904"},{"taxonomy":"product_tag","embeddable":true,"href":"https:\/\/allwintheme.com\/es\/wp-json\/wp\/v2\/product_tag?post=10904"}],"curies":[{"name":"wp","href":"https:\/\/api.w.org\/{rel}","templated":true}]}}