{"id":10944,"date":"2025-10-20T07:18:09","date_gmt":"2025-10-20T07:18:09","guid":{"rendered":"https:\/\/allwintheme.com\/?post_type=product&#038;p=10944"},"modified":"2025-10-20T07:25:49","modified_gmt":"2025-10-20T07:25:49","slug":"eventon-wordpress-calendario-virtual-de-eventos-plugin","status":"publish","type":"product","link":"https:\/\/allwintheme.com\/es\/producto\/eventon-wordpress-calendario-virtual-de-eventos-plugin\/","title":{"rendered":"EventON - Plugin de WordPress para calendarios de eventos virtuales"},"content":{"rendered":"<div data-elementor-type=\"wp-post\" data-elementor-id=\"10944\" class=\"elementor elementor-10944\" data-elementor-settings=\"{&quot;element_pack_global_tooltip_width&quot;:{&quot;unit&quot;:&quot;px&quot;,&quot;size&quot;:&quot;&quot;,&quot;sizes&quot;:[]},&quot;element_pack_global_tooltip_width_tablet&quot;:{&quot;unit&quot;:&quot;px&quot;,&quot;size&quot;:&quot;&quot;,&quot;sizes&quot;:[]},&quot;element_pack_global_tooltip_width_mobile&quot;:{&quot;unit&quot;:&quot;px&quot;,&quot;size&quot;:&quot;&quot;,&quot;sizes&quot;:[]},&quot;element_pack_global_tooltip_padding&quot;:{&quot;unit&quot;:&quot;px&quot;,&quot;top&quot;:&quot;&quot;,&quot;right&quot;:&quot;&quot;,&quot;bottom&quot;:&quot;&quot;,&quot;left&quot;:&quot;&quot;,&quot;isLinked&quot;:true},&quot;element_pack_global_tooltip_padding_tablet&quot;:{&quot;unit&quot;:&quot;px&quot;,&quot;top&quot;:&quot;&quot;,&quot;right&quot;:&quot;&quot;,&quot;bottom&quot;:&quot;&quot;,&quot;left&quot;:&quot;&quot;,&quot;isLinked&quot;:true},&quot;element_pack_global_tooltip_padding_mobile&quot;:{&quot;unit&quot;:&quot;px&quot;,&quot;top&quot;:&quot;&quot;,&quot;right&quot;:&quot;&quot;,&quot;bottom&quot;:&quot;&quot;,&quot;left&quot;:&quot;&quot;,&quot;isLinked&quot;:true},&quot;element_pack_global_tooltip_border_radius&quot;:{&quot;unit&quot;:&quot;px&quot;,&quot;top&quot;:&quot;&quot;,&quot;right&quot;:&quot;&quot;,&quot;bottom&quot;:&quot;&quot;,&quot;left&quot;:&quot;&quot;,&quot;isLinked&quot;:true},&quot;element_pack_global_tooltip_border_radius_tablet&quot;:{&quot;unit&quot;:&quot;px&quot;,&quot;top&quot;:&quot;&quot;,&quot;right&quot;:&quot;&quot;,&quot;bottom&quot;:&quot;&quot;,&quot;left&quot;:&quot;&quot;,&quot;isLinked&quot;:true},&quot;element_pack_global_tooltip_border_radius_mobile&quot;:{&quot;unit&quot;:&quot;px&quot;,&quot;top&quot;:&quot;&quot;,&quot;right&quot;:&quot;&quot;,&quot;bottom&quot;:&quot;&quot;,&quot;left&quot;:&quot;&quot;,&quot;isLinked&quot;:true}}\" data-elementor-post-type=\"product\">\n\t\t\t\t<div class=\"elementor-element elementor-element-93aa4a8 e-con-full e-flex e-con e-parent\" data-id=\"93aa4a8\" data-element_type=\"container\" data-e-type=\"container\">\n\t\t\t\t<div class=\"elementor-element elementor-element-2c3f760 miaoshu elementor-widget elementor-widget-wd_text_block\" data-id=\"2c3f760\" data-element_type=\"widget\" data-e-type=\"widget\" data-widget_type=\"wd_text_block.default\">\n\t\t\t\t<div class=\"elementor-widget-container\">\n\t\t\t\t\t\t\t<div class=\"wd-text-block reset-last-child text-left\">\n\t\t\t\n\t\t\t<h2>EventON - Calendario virtual de eventos en WordPress: Organice eventos con estilo<\/h2>\n<p>En <strong>EventON - Plugin de WordPress para calendarios de eventos virtuales<\/strong> transforma la forma de organizar y mostrar eventos en l\u00ednea. Por ejemplo, los desarrolladores y planificadores de eventos lo utilizan activamente para crear calendarios limpios y despejados que destaquen seminarios virtuales, conferencias o talleres. Por consiguiente, este complemento permite una integraci\u00f3n perfecta con plataformas como Zoom y YouTube, para que pueda cautivar al p\u00fablico sin quebraderos de cabeza t\u00e9cnicos.<\/p>\n\n<h3>Gesti\u00f3n de eventos sin esfuerzo para experiencias virtuales<\/h3>\n<p>Con EventON, puede crear r\u00e1pidamente eventos ilimitados con horarios repetitivos, varias im\u00e1genes y descripciones detalladas. Por ejemplo, a\u00f1ada enlaces a secuencias virtuales, perfiles de ponentes y programas para que cada evento sea interactivo. Como resultado, los asistentes se unen f\u00e1cilmente a las sesiones, confirman su asistencia o a\u00f1aden eventos a sus calendarios, lo que aumenta el compromiso y la asistencia.<\/p>\n\n<h3>\u00bfPor qu\u00e9 elegir EventON?<\/h3>\n<ul>\n    <li><strong>Dise\u00f1os vers\u00e1tiles:<\/strong> Seleccione entre las vistas de cuadr\u00edcula, lista o mosaico para mostrar los eventos de forma din\u00e1mica y adaptarlos al dise\u00f1o de su sitio.<\/li>\n    <li><strong>Repetici\u00f3n de eventos:<\/strong> Configure recurrencias personalizables para talleres semanales o reuniones mensuales con una configuraci\u00f3n m\u00ednima.<\/li>\n    <li><strong>Integraci\u00f3n virtual:<\/strong> Incruste Zoom, Jitsi o transmisiones en directo directamente, para que los usuarios accedan a los eventos con un solo clic.<\/li>\n    <li><strong>Funciones avanzadas:<\/strong> Incluya organizadores, ubicaciones, preguntas frecuentes y soporte multiling\u00fce para dirigirse a p\u00fablicos de todo el mundo.<\/li>\n<\/ul>\n\n<h3>Personalizaci\u00f3n y compromiso sin fisuras<\/h3>\n<p>EventON ofrece m\u00e1s de 200 potentes funciones, incluida la personalizaci\u00f3n de Google Maps y la venta de entradas de WooCommerce. Adem\u00e1s, utiliza shortcodes o bloques Gutenberg para incrustar calendarios en cualquier parte de tu sitio. Por lo tanto, agiliza los flujos de trabajo, desde el env\u00edo de eventos hasta las notificaciones automatizadas, garantizando que todo funcione sin problemas.<\/p>\n\n<h3>Inicie hoy mismo sus eventos virtuales<\/h3>\n<p>Eleve su sitio WordPress con <strong>EventON - Plugin de WordPress para calendarios de eventos virtuales<\/strong>. Al combinar un dise\u00f1o minimalista con herramientas s\u00f3lidas, crear\u00e1 experiencias memorables que impulsar\u00e1n la participaci\u00f3n. Inst\u00e1lelo ahora y empiece a conectar con su comunidad.\n\t\t\t\t\t<\/div>\n\t\t\t\t\t\t<\/div>\n\t\t\t\t<\/div>\n\t\t\t\t<\/div>\n\t\t<div class=\"wd-negative-gap elementor-element elementor-element-1a4c894 e-flex e-con-boxed e-con e-parent\" data-id=\"1a4c894\" data-element_type=\"container\" data-e-type=\"container\">\n\t\t\t\t\t<div class=\"e-con-inner\">\n\t\t\t\t<div class=\"elementor-element elementor-element-520b959 elementor-widget elementor-widget-wd_text_block\" data-id=\"520b959\" data-element_type=\"widget\" data-e-type=\"widget\" data-widget_type=\"wd_text_block.default\">\n\t\t\t\t<div class=\"elementor-widget-container\">\n\t\t\t\t\t\t\t<div class=\"wd-text-block reset-last-child text-left\">\n\t\t\t\n\t\t\t<h2>EventON - Plugin de WordPress para calendarios de eventos virtuales<\/h2>\n\t\t\t\t\t<\/div>\n\t\t\t\t\t\t<\/div>\n\t\t\t\t<\/div>\n\t\t\t\t\t<\/div>\n\t\t\t\t<\/div>\n\t\t<div class=\"wd-negative-gap elementor-element elementor-element-4550637 e-flex e-con-boxed e-con e-parent\" data-id=\"4550637\" data-element_type=\"container\" data-e-type=\"container\">\n\t\t\t\t\t<div class=\"e-con-inner\">\n\t\t\t\t<div class=\"elementor-element elementor-element-fdd4c52 elementor-widget elementor-widget-video\" data-id=\"fdd4c52\" data-element_type=\"widget\" data-e-type=\"widget\" data-settings=\"{&quot;youtube_url&quot;:&quot;https:\\\/\\\/youtu.be\\\/rZiaKxZ_Vmk&quot;,&quot;video_type&quot;:&quot;youtube&quot;,&quot;controls&quot;:&quot;yes&quot;}\" data-widget_type=\"video.default\">\n\t\t\t\t\t\t\t<div class=\"elementor-wrapper elementor-open-inline\">\n\t\t\t<div class=\"elementor-video\"><\/div>\t\t<\/div>\n\t\t\t\t\t\t<\/div>\n\t\t\t\t\t<\/div>\n\t\t\t\t<\/div>\n\t\t\t\t<\/div>","protected":false},"excerpt":{"rendered":"<p>EventON \u2013 WordPress Virtual Event Calendar: Host Events with Style The EventON \u2013 WordPress Virtual Event Calendar Plugin transforms how<\/p>","protected":false},"featured_media":10853,"comment_status":"open","ping_status":"closed","template":"","meta":{"_acf_changed":false},"product_brand":[],"product_cat":[49],"product_tag":[],"class_list":{"0":"post-10944","1":"product","2":"type-product","3":"status-publish","4":"has-post-thumbnail","6":"product_cat-plugins","8":"first","9":"instock","10":"sale","11":"downloadable","12":"shipping-taxable","13":"purchasable","14":"product-type-simple"},"acf":[],"yoast_head":"<!-- This site is optimized with the Yoast SEO Premium plugin v25.6 (Yoast SEO v27.1.1) - https:\/\/yoast.com\/product\/yoast-seo-premium-wordpress\/ -->\n<title>EventON \u2013 WordPress Virtual Event Calendar Plugin - AllWin Theme \u2013 Free WordPress Themes Download<\/title>\n<meta name=\"description\" content=\"EventON empowers you to create stunning virtual event calendars in WordPress. Manage repeating events, add multimedia, and engage audiences effortlessly.\" \/>\n<meta name=\"robots\" content=\"index, follow, max-snippet:-1, max-image-preview:large, max-video-preview:-1\" \/>\n<link rel=\"canonical\" href=\"https:\/\/allwintheme.com\/es\/producto\/eventon-wordpress-calendario-virtual-de-eventos-plugin\/\" \/>\n<meta property=\"og:locale\" content=\"es_ES\" \/>\n<meta property=\"og:type\" content=\"article\" \/>\n<meta property=\"og:title\" content=\"EventON \u2013 WordPress Virtual Event Calendar Plugin\" \/>\n<meta property=\"og:description\" content=\"EventON empowers you to create stunning virtual event calendars in WordPress. Manage repeating events, add multimedia, and engage audiences effortlessly.\" \/>\n<meta property=\"og:url\" content=\"https:\/\/allwintheme.com\/es\/producto\/eventon-wordpress-calendario-virtual-de-eventos-plugin\/\" \/>\n<meta property=\"og:site_name\" content=\"AllWin Theme \u2013 Free WordPress Themes Download\" \/>\n<meta property=\"article:modified_time\" content=\"2025-10-20T07:25:49+00:00\" \/>\n<meta property=\"og:image\" content=\"https:\/\/allwintheme.com\/wp-content\/uploads\/2025\/10\/w773t4hj.png\" \/>\n\t<meta property=\"og:image:width\" content=\"590\" \/>\n\t<meta property=\"og:image:height\" content=\"300\" \/>\n\t<meta property=\"og:image:type\" content=\"image\/png\" \/>\n<meta name=\"twitter:card\" content=\"summary_large_image\" \/>\n<meta name=\"twitter:label1\" content=\"Tiempo estimado de lectura\" \/>\n\t<meta name=\"twitter:data1\" content=\"2 minutos\" \/>\n<script type=\"application\/ld+json\" class=\"yoast-schema-graph\">{\"@context\":\"https:\/\/schema.org\",\"@graph\":[{\"@type\":\"WebPage\",\"@id\":\"https:\/\/allwintheme.com\/product\/eventon-wordpress-virtual-event-calendar-plugin\/\",\"url\":\"https:\/\/allwintheme.com\/product\/eventon-wordpress-virtual-event-calendar-plugin\/\",\"name\":\"EventON \u2013 WordPress Virtual Event Calendar Plugin - AllWin Theme \u2013 Free WordPress Themes Download\",\"isPartOf\":{\"@id\":\"https:\/\/allwintheme.com\/#website\"},\"primaryImageOfPage\":{\"@id\":\"https:\/\/allwintheme.com\/product\/eventon-wordpress-virtual-event-calendar-plugin\/#primaryimage\"},\"image\":{\"@id\":\"https:\/\/allwintheme.com\/product\/eventon-wordpress-virtual-event-calendar-plugin\/#primaryimage\"},\"thumbnailUrl\":\"https:\/\/allwintheme.com\/wp-content\/uploads\/2025\/10\/w773t4hj.png\",\"datePublished\":\"2025-10-20T07:18:09+00:00\",\"dateModified\":\"2025-10-20T07:25:49+00:00\",\"description\":\"EventON empowers you to create stunning virtual event calendars in WordPress. Manage repeating events, add multimedia, and engage audiences effortlessly.\",\"breadcrumb\":{\"@id\":\"https:\/\/allwintheme.com\/product\/eventon-wordpress-virtual-event-calendar-plugin\/#breadcrumb\"},\"inLanguage\":\"es-CL\",\"potentialAction\":[{\"@type\":\"ReadAction\",\"target\":[\"https:\/\/allwintheme.com\/product\/eventon-wordpress-virtual-event-calendar-plugin\/\"]}]},{\"@type\":\"ImageObject\",\"inLanguage\":\"es-CL\",\"@id\":\"https:\/\/allwintheme.com\/product\/eventon-wordpress-virtual-event-calendar-plugin\/#primaryimage\",\"url\":\"https:\/\/allwintheme.com\/wp-content\/uploads\/2025\/10\/w773t4hj.png\",\"contentUrl\":\"https:\/\/allwintheme.com\/wp-content\/uploads\/2025\/10\/w773t4hj.png\",\"width\":590,\"height\":300,\"caption\":\"EventON \u2013 WordPress Virtual Event Calendar Plugin\"},{\"@type\":\"BreadcrumbList\",\"@id\":\"https:\/\/allwintheme.com\/product\/eventon-wordpress-virtual-event-calendar-plugin\/#breadcrumb\",\"itemListElement\":[{\"@type\":\"ListItem\",\"position\":1,\"name\":\"Home\",\"item\":\"https:\/\/allwintheme.com\/\"},{\"@type\":\"ListItem\",\"position\":2,\"name\":\"Shop\",\"item\":\"https:\/\/allwintheme.com\/shop\/\"},{\"@type\":\"ListItem\",\"position\":3,\"name\":\"EventON \u2013 WordPress Virtual Event Calendar Plugin\"}]},{\"@type\":\"WebSite\",\"@id\":\"https:\/\/allwintheme.com\/#website\",\"url\":\"https:\/\/allwintheme.com\/\",\"name\":\"Allwintheme\",\"description\":\"Download free WordPress themes for every niche. Blogs, business, eCommerce, portfolio, restaurant and more. All themes are GPL licensed and mobile-ready.\",\"potentialAction\":[{\"@type\":\"SearchAction\",\"target\":{\"@type\":\"EntryPoint\",\"urlTemplate\":\"https:\/\/allwintheme.com\/?s={search_term_string}\"},\"query-input\":{\"@type\":\"PropertyValueSpecification\",\"valueRequired\":true,\"valueName\":\"search_term_string\"}}],\"inLanguage\":\"es-CL\"}]}<\/script>\n<!-- \/ Yoast SEO Premium plugin. -->","yoast_head_json":{"title":"EventON - WordPress Virtual Event Calendar Plugin - AllWin Theme - Free WordPress Themes Download","description":"EventON le permite crear impresionantes calendarios de eventos virtuales en WordPress. Gestiona eventos que se repiten, a\u00f1ade contenido multimedia y atrae al p\u00fablico sin esfuerzo.","robots":{"index":"index","follow":"follow","max-snippet":"max-snippet:-1","max-image-preview":"max-image-preview:large","max-video-preview":"max-video-preview:-1"},"canonical":"https:\/\/allwintheme.com\/es\/producto\/eventon-wordpress-calendario-virtual-de-eventos-plugin\/","og_locale":"es_ES","og_type":"article","og_title":"EventON \u2013 WordPress Virtual Event Calendar Plugin","og_description":"EventON empowers you to create stunning virtual event calendars in WordPress. Manage repeating events, add multimedia, and engage audiences effortlessly.","og_url":"https:\/\/allwintheme.com\/es\/producto\/eventon-wordpress-calendario-virtual-de-eventos-plugin\/","og_site_name":"AllWin Theme \u2013 Free WordPress Themes Download","article_modified_time":"2025-10-20T07:25:49+00:00","og_image":[{"width":590,"height":300,"url":"https:\/\/allwintheme.com\/wp-content\/uploads\/2025\/10\/w773t4hj.png","type":"image\/png"}],"twitter_card":"summary_large_image","twitter_misc":{"Tiempo estimado de lectura":"2 minutos"},"schema":{"@context":"https:\/\/schema.org","@graph":[{"@type":"WebPage","@id":"https:\/\/allwintheme.com\/product\/eventon-wordpress-virtual-event-calendar-plugin\/","url":"https:\/\/allwintheme.com\/product\/eventon-wordpress-virtual-event-calendar-plugin\/","name":"EventON - WordPress Virtual Event Calendar Plugin - AllWin Theme - Free WordPress Themes Download","isPartOf":{"@id":"https:\/\/allwintheme.com\/#website"},"primaryImageOfPage":{"@id":"https:\/\/allwintheme.com\/product\/eventon-wordpress-virtual-event-calendar-plugin\/#primaryimage"},"image":{"@id":"https:\/\/allwintheme.com\/product\/eventon-wordpress-virtual-event-calendar-plugin\/#primaryimage"},"thumbnailUrl":"https:\/\/allwintheme.com\/wp-content\/uploads\/2025\/10\/w773t4hj.png","datePublished":"2025-10-20T07:18:09+00:00","dateModified":"2025-10-20T07:25:49+00:00","description":"EventON le permite crear impresionantes calendarios de eventos virtuales en WordPress. Gestiona eventos que se repiten, a\u00f1ade contenido multimedia y atrae al p\u00fablico sin esfuerzo.","breadcrumb":{"@id":"https:\/\/allwintheme.com\/product\/eventon-wordpress-virtual-event-calendar-plugin\/#breadcrumb"},"inLanguage":"es-CL","potentialAction":[{"@type":"ReadAction","target":["https:\/\/allwintheme.com\/product\/eventon-wordpress-virtual-event-calendar-plugin\/"]}]},{"@type":"ImageObject","inLanguage":"es-CL","@id":"https:\/\/allwintheme.com\/product\/eventon-wordpress-virtual-event-calendar-plugin\/#primaryimage","url":"https:\/\/allwintheme.com\/wp-content\/uploads\/2025\/10\/w773t4hj.png","contentUrl":"https:\/\/allwintheme.com\/wp-content\/uploads\/2025\/10\/w773t4hj.png","width":590,"height":300,"caption":"EventON \u2013 WordPress Virtual Event Calendar Plugin"},{"@type":"BreadcrumbList","@id":"https:\/\/allwintheme.com\/product\/eventon-wordpress-virtual-event-calendar-plugin\/#breadcrumb","itemListElement":[{"@type":"ListItem","position":1,"name":"Home","item":"https:\/\/allwintheme.com\/"},{"@type":"ListItem","position":2,"name":"Shop","item":"https:\/\/allwintheme.com\/shop\/"},{"@type":"ListItem","position":3,"name":"EventON \u2013 WordPress Virtual Event Calendar Plugin"}]},{"@type":"WebSite","@id":"https:\/\/allwintheme.com\/#website","url":"https:\/\/allwintheme.com\/","name":"Allwintheme","description":"Descarga gratis temas de WordPress para todos los nichos. Blogs, negocios, comercio electr\u00f3nico, portafolio, restaurante y m\u00e1s. Todos los temas tienen licencia GPL y est\u00e1n preparados para dispositivos m\u00f3viles.","potentialAction":[{"@type":"SearchAction","target":{"@type":"EntryPoint","urlTemplate":"https:\/\/allwintheme.com\/?s={search_term_string}"},"query-input":{"@type":"PropertyValueSpecification","valueRequired":true,"valueName":"search_term_string"}}],"inLanguage":"es-CL"}]}},"_links":{"self":[{"href":"https:\/\/allwintheme.com\/es\/wp-json\/wp\/v2\/product\/10944","targetHints":{"allow":["GET"]}}],"collection":[{"href":"https:\/\/allwintheme.com\/es\/wp-json\/wp\/v2\/product"}],"about":[{"href":"https:\/\/allwintheme.com\/es\/wp-json\/wp\/v2\/types\/product"}],"replies":[{"embeddable":true,"href":"https:\/\/allwintheme.com\/es\/wp-json\/wp\/v2\/comments?post=10944"}],"version-history":[{"count":5,"href":"https:\/\/allwintheme.com\/es\/wp-json\/wp\/v2\/product\/10944\/revisions"}],"predecessor-version":[{"id":10949,"href":"https:\/\/allwintheme.com\/es\/wp-json\/wp\/v2\/product\/10944\/revisions\/10949"}],"wp:featuredmedia":[{"embeddable":true,"href":"https:\/\/allwintheme.com\/es\/wp-json\/wp\/v2\/media\/10853"}],"wp:attachment":[{"href":"https:\/\/allwintheme.com\/es\/wp-json\/wp\/v2\/media?parent=10944"}],"wp:term":[{"taxonomy":"product_brand","embeddable":true,"href":"https:\/\/allwintheme.com\/es\/wp-json\/wp\/v2\/product_brand?post=10944"},{"taxonomy":"product_cat","embeddable":true,"href":"https:\/\/allwintheme.com\/es\/wp-json\/wp\/v2\/product_cat?post=10944"},{"taxonomy":"product_tag","embeddable":true,"href":"https:\/\/allwintheme.com\/es\/wp-json\/wp\/v2\/product_tag?post=10944"}],"curies":[{"name":"wp","href":"https:\/\/api.w.org\/{rel}","templated":true}]}}